{"id":955460,"date":"2023-11-01T10:03:31","date_gmt":"2023-11-01T09:03:31","guid":{"rendered":"https:\/\/hubsch-interior.com\/product\/product\/"},"modified":"2026-04-11T05:01:18","modified_gmt":"2026-04-11T03:01:18","slug":"serene-pendule-o42-blanc","status":"publish","type":"product","link":"https:\/\/hubsch-interior.com\/fr\/produit\/serene-pendule-o42-blanc\/","title":{"rendered":"Serene Pendule \u00d842 Blanc"},"content":{"rendered":"<p>D\u00e9couvrez la Suspension Sereine \u2014 le compl\u00e9ment parfait pour votre maison. Fabriqu\u00e9e en verre blanc opale \u00e9l\u00e9gant et en m\u00e9tal solide, cette lampe se d\u00e9cline en deux variantes magnifiques. Sa forme douce et ses mat\u00e9riaux d\u00e9licats cr\u00e9ent une atmosph\u00e8re sereine et chaleureuse, en faisant le choix id\u00e9al pour toutes les pi\u00e8ces de votre maison. Laissez la lumi\u00e8re chaude de cette lampe cr\u00e9er une ambiance tranquille, parfaite pour se relaxer ou recevoir des invit\u00e9s. Laissez la Suspension Sereine apporter une touche d&#8217;\u00e9l\u00e9gance et de tranquillit\u00e9 \u00e0 votre espace de vie.<\/p>\n<p>Ce num\u00e9ro d\u2019article est identique \u00e0 991321<\/p>\n","protected":false},"excerpt":{"rendered":"<p>D\u00e9couvrez la Suspension Sereine \u2014 le compl\u00e9ment parfait pour votre maison. Fabriqu\u00e9e en verre blanc opale \u00e9l\u00e9gant et en m\u00e9tal solide, cette lampe se d\u00e9cline en deux variantes magnifiques. Sa forme douce et ses mat\u00e9riaux d\u00e9licats cr\u00e9ent une atmosph\u00e8re sereine et chaleureuse, en faisant le choix id\u00e9al pour toutes les pi\u00e8ces de votre maison. Laissez [&hellip;]<\/p>\n","protected":false},"featured_media":1107207,"template":"","meta":{"_acf_changed":false,"inline_featured_image":false},"product_brand":[],"product_cat":[3810,4147,5026],"product_tag":[],"class_list":{"0":"post-955460","1":"product","2":"type-product","3":"status-publish","4":"has-post-thumbnail","6":"product_cat-luminaires","7":"product_cat-suspensions-fr","8":"product_cat-bestsellers-fr","9":"product_shipping_class-pk","11":"pa_color-blanc","12":"pa_material-fer-fr","13":"pa_material-verre-fr","15":"first","16":"instock","17":"featured","18":"taxable","19":"shipping-taxable","20":"purchasable","21":"product-type-simple"},"exclude_global_add_ons":[],"addons":[],"acf":[],"yoast_head":"<!-- This site is optimized with the Yoast SEO plugin v26.4 - https:\/\/yoast.com\/wordpress\/plugins\/seo\/ -->\n<title>Serene Pendule \u00d842 Blanc - H\u00fcbsch<\/title>\n<meta name=\"description\" content=\"D\u00e9couvrez la Suspension Sereine \u2014 le compl\u00e9ment parfait pour votre maison. Fabriqu\u00e9e en verre blanc opale \u00e9l\u00e9gant et en m\u00e9tal solide, cette lampe se\" \/>\n<meta name=\"robots\" content=\"index, follow, max-snippet:-1, max-image-preview:large, max-video-preview:-1\" \/>\n<link rel=\"canonical\" href=\"https:\/\/hubsch-interior.com\/fr\/wp-json\/wp\/v2\/product\/955460\" \/>\n<meta property=\"og:locale\" content=\"fr_FR\" \/>\n<meta property=\"og:type\" content=\"article\" \/>\n<meta property=\"og:title\" content=\"Serene Pendule \u00d842 Blanc - H\u00fcbsch\" \/>\n<meta property=\"og:description\" content=\"D\u00e9couvrez la Suspension Sereine \u2014 le compl\u00e9ment parfait pour votre maison. Fabriqu\u00e9e en verre blanc opale \u00e9l\u00e9gant et en m\u00e9tal solide, cette lampe se\" \/>\n<meta property=\"og:url\" content=\"https:\/\/hubsch-interior.com\/fr\/produit\/serene-pendule-o42-blanc\/\" \/>\n<meta property=\"og:site_name\" content=\"H\u00fcbsch\" \/>\n<meta property=\"article:modified_time\" content=\"2026-04-11T03:01:18+00:00\" \/>\n<meta property=\"og:image\" content=\"https:\/\/hubsch-interior.com\/wp-content\/uploads\/2025\/05\/serene-pendant-O42-white-4973a2a00ccb260a052063687b87c98b.jpg\" \/>\n\t<meta property=\"og:image:width\" content=\"1200\" \/>\n\t<meta property=\"og:image:height\" content=\"1200\" \/>\n\t<meta property=\"og:image:type\" content=\"image\/jpeg\" \/>\n<meta name=\"twitter:card\" content=\"summary_large_image\" \/>\n<meta name=\"twitter:label1\" content=\"Dur\u00e9e de lecture estim\u00e9e\" \/>\n\t<meta name=\"twitter:data1\" content=\"1 minute\" \/>\n<script type=\"application\/ld+json\" class=\"yoast-schema-graph\">{\"@context\":\"https:\/\/schema.org\",\"@graph\":[{\"@type\":\"WebPage\",\"@id\":\"https:\/\/hubsch-interior.com\/fr\/produit\/serene-pendule-o42-blanc\/\",\"url\":\"https:\/\/hubsch-interior.com\/fr\/produit\/serene-pendule-o42-blanc\/\",\"name\":\"Serene Pendule \u00d842 Blanc - H\u00fcbsch\",\"isPartOf\":{\"@id\":\"https:\/\/hubsch-interior.com\/fr\/#website\"},\"primaryImageOfPage\":{\"@id\":\"https:\/\/hubsch-interior.com\/fr\/produit\/serene-pendule-o42-blanc\/#primaryimage\"},\"image\":{\"@id\":\"https:\/\/hubsch-interior.com\/fr\/produit\/serene-pendule-o42-blanc\/#primaryimage\"},\"thumbnailUrl\":\"https:\/\/hubsch-interior.com\/wp-content\/uploads\/2026\/02\/serene-pendant-O42-white-7513d8478fec97bfb0475041322329ce.jpg\",\"datePublished\":\"2023-11-01T09:03:31+00:00\",\"dateModified\":\"2026-04-11T03:01:18+00:00\",\"description\":\"D\u00e9couvrez la Suspension Sereine \u2014 le compl\u00e9ment parfait pour votre maison. Fabriqu\u00e9e en verre blanc opale \u00e9l\u00e9gant et en m\u00e9tal solide, cette lampe se\",\"breadcrumb\":{\"@id\":\"https:\/\/hubsch-interior.com\/fr\/produit\/serene-pendule-o42-blanc\/#breadcrumb\"},\"inLanguage\":\"fr-FR\",\"potentialAction\":[{\"@type\":\"ReadAction\",\"target\":[\"https:\/\/hubsch-interior.com\/fr\/produit\/serene-pendule-o42-blanc\/\"]}]},{\"@type\":\"ImageObject\",\"inLanguage\":\"fr-FR\",\"@id\":\"https:\/\/hubsch-interior.com\/fr\/produit\/serene-pendule-o42-blanc\/#primaryimage\",\"url\":\"https:\/\/hubsch-interior.com\/wp-content\/uploads\/2026\/02\/serene-pendant-O42-white-7513d8478fec97bfb0475041322329ce.jpg\",\"contentUrl\":\"https:\/\/hubsch-interior.com\/wp-content\/uploads\/2026\/02\/serene-pendant-O42-white-7513d8478fec97bfb0475041322329ce.jpg\",\"width\":1024,\"height\":1024},{\"@type\":\"BreadcrumbList\",\"@id\":\"https:\/\/hubsch-interior.com\/fr\/produit\/serene-pendule-o42-blanc\/#breadcrumb\",\"itemListElement\":[{\"@type\":\"ListItem\",\"position\":1,\"name\":\"Page d'accueil\",\"item\":\"https:\/\/hubsch-interior.com\/fr\/\"},{\"@type\":\"ListItem\",\"position\":2,\"name\":\"Produits\",\"item\":\"https:\/\/hubsch-interior.com\/fr\/shop-2\/\"},{\"@type\":\"ListItem\",\"position\":3,\"name\":\"Luminaires\",\"item\":\"https:\/\/hubsch-interior.com\/fr\/categorie-produit\/luminaires\/\"},{\"@type\":\"ListItem\",\"position\":4,\"name\":\"Suspensions\",\"item\":\"https:\/\/hubsch-interior.com\/fr\/categorie-produit\/luminaires\/suspensions-fr\/\"},{\"@type\":\"ListItem\",\"position\":5,\"name\":\"Serene Pendule \u00d842 Blanc\"}]},{\"@type\":\"WebSite\",\"@id\":\"https:\/\/hubsch-interior.com\/fr\/#website\",\"url\":\"https:\/\/hubsch-interior.com\/fr\/\",\"name\":\"H\u00fcbsch\",\"description\":\"Danish Home Interior and Design\",\"publisher\":{\"@id\":\"https:\/\/hubsch-interior.com\/fr\/#organization\"},\"potentialAction\":[{\"@type\":\"SearchAction\",\"target\":{\"@type\":\"EntryPoint\",\"urlTemplate\":\"https:\/\/hubsch-interior.com\/fr\/?s={search_term_string}\"},\"query-input\":{\"@type\":\"PropertyValueSpecification\",\"valueRequired\":true,\"valueName\":\"search_term_string\"}}],\"inLanguage\":\"fr-FR\"},{\"@type\":\"Organization\",\"@id\":\"https:\/\/hubsch-interior.com\/fr\/#organization\",\"name\":\"H\u00fcbsch\",\"url\":\"https:\/\/hubsch-interior.com\/fr\/\",\"logo\":{\"@type\":\"ImageObject\",\"inLanguage\":\"fr-FR\",\"@id\":\"https:\/\/hubsch-interior.com\/fr\/#\/schema\/logo\/image\/\",\"url\":\"https:\/\/hubsch-interior.com\/wp-content\/uploads\/2022\/12\/Hubsch_logo_black_one_line.svg\",\"contentUrl\":\"https:\/\/hubsch-interior.com\/wp-content\/uploads\/2022\/12\/Hubsch_logo_black_one_line.svg\",\"caption\":\"H\u00fcbsch\"},\"image\":{\"@id\":\"https:\/\/hubsch-interior.com\/fr\/#\/schema\/logo\/image\/\"}}]}<\/script>\n<!-- \/ Yoast SEO plugin. -->","yoast_head_json":{"title":"Serene Pendule \u00d842 Blanc - H\u00fcbsch","description":"D\u00e9couvrez la Suspension Sereine \u2014 le compl\u00e9ment parfait pour votre maison. Fabriqu\u00e9e en verre blanc opale \u00e9l\u00e9gant et en m\u00e9tal solide, cette lampe se","robots":{"index":"index","follow":"follow","max-snippet":"max-snippet:-1","max-image-preview":"max-image-preview:large","max-video-preview":"max-video-preview:-1"},"canonical":"https:\/\/hubsch-interior.com\/fr\/wp-json\/wp\/v2\/product\/955460","og_locale":"fr_FR","og_type":"article","og_title":"Serene Pendule \u00d842 Blanc - H\u00fcbsch","og_description":"D\u00e9couvrez la Suspension Sereine \u2014 le compl\u00e9ment parfait pour votre maison. Fabriqu\u00e9e en verre blanc opale \u00e9l\u00e9gant et en m\u00e9tal solide, cette lampe se","og_url":"https:\/\/hubsch-interior.com\/fr\/produit\/serene-pendule-o42-blanc\/","og_site_name":"H\u00fcbsch","article_modified_time":"2026-04-11T03:01:18+00:00","og_image":[{"width":1200,"height":1200,"url":"https:\/\/hubsch-interior.com\/wp-content\/uploads\/2025\/05\/serene-pendant-O42-white-4973a2a00ccb260a052063687b87c98b.jpg","type":"image\/jpeg"}],"twitter_card":"summary_large_image","twitter_misc":{"Dur\u00e9e de lecture estim\u00e9e":"1 minute"},"schema":{"@context":"https:\/\/schema.org","@graph":[{"@type":"WebPage","@id":"https:\/\/hubsch-interior.com\/fr\/produit\/serene-pendule-o42-blanc\/","url":"https:\/\/hubsch-interior.com\/fr\/produit\/serene-pendule-o42-blanc\/","name":"Serene Pendule \u00d842 Blanc - H\u00fcbsch","isPartOf":{"@id":"https:\/\/hubsch-interior.com\/fr\/#website"},"primaryImageOfPage":{"@id":"https:\/\/hubsch-interior.com\/fr\/produit\/serene-pendule-o42-blanc\/#primaryimage"},"image":{"@id":"https:\/\/hubsch-interior.com\/fr\/produit\/serene-pendule-o42-blanc\/#primaryimage"},"thumbnailUrl":"https:\/\/hubsch-interior.com\/wp-content\/uploads\/2026\/02\/serene-pendant-O42-white-7513d8478fec97bfb0475041322329ce.jpg","datePublished":"2023-11-01T09:03:31+00:00","dateModified":"2026-04-11T03:01:18+00:00","description":"D\u00e9couvrez la Suspension Sereine \u2014 le compl\u00e9ment parfait pour votre maison. Fabriqu\u00e9e en verre blanc opale \u00e9l\u00e9gant et en m\u00e9tal solide, cette lampe se","breadcrumb":{"@id":"https:\/\/hubsch-interior.com\/fr\/produit\/serene-pendule-o42-blanc\/#breadcrumb"},"inLanguage":"fr-FR","potentialAction":[{"@type":"ReadAction","target":["https:\/\/hubsch-interior.com\/fr\/produit\/serene-pendule-o42-blanc\/"]}]},{"@type":"ImageObject","inLanguage":"fr-FR","@id":"https:\/\/hubsch-interior.com\/fr\/produit\/serene-pendule-o42-blanc\/#primaryimage","url":"https:\/\/hubsch-interior.com\/wp-content\/uploads\/2026\/02\/serene-pendant-O42-white-7513d8478fec97bfb0475041322329ce.jpg","contentUrl":"https:\/\/hubsch-interior.com\/wp-content\/uploads\/2026\/02\/serene-pendant-O42-white-7513d8478fec97bfb0475041322329ce.jpg","width":1024,"height":1024},{"@type":"BreadcrumbList","@id":"https:\/\/hubsch-interior.com\/fr\/produit\/serene-pendule-o42-blanc\/#breadcrumb","itemListElement":[{"@type":"ListItem","position":1,"name":"Page d'accueil","item":"https:\/\/hubsch-interior.com\/fr\/"},{"@type":"ListItem","position":2,"name":"Produits","item":"https:\/\/hubsch-interior.com\/fr\/shop-2\/"},{"@type":"ListItem","position":3,"name":"Luminaires","item":"https:\/\/hubsch-interior.com\/fr\/categorie-produit\/luminaires\/"},{"@type":"ListItem","position":4,"name":"Suspensions","item":"https:\/\/hubsch-interior.com\/fr\/categorie-produit\/luminaires\/suspensions-fr\/"},{"@type":"ListItem","position":5,"name":"Serene Pendule \u00d842 Blanc"}]},{"@type":"WebSite","@id":"https:\/\/hubsch-interior.com\/fr\/#website","url":"https:\/\/hubsch-interior.com\/fr\/","name":"H\u00fcbsch","description":"Danish Home Interior and Design","publisher":{"@id":"https:\/\/hubsch-interior.com\/fr\/#organization"},"potentialAction":[{"@type":"SearchAction","target":{"@type":"EntryPoint","urlTemplate":"https:\/\/hubsch-interior.com\/fr\/?s={search_term_string}"},"query-input":{"@type":"PropertyValueSpecification","valueRequired":true,"valueName":"search_term_string"}}],"inLanguage":"fr-FR"},{"@type":"Organization","@id":"https:\/\/hubsch-interior.com\/fr\/#organization","name":"H\u00fcbsch","url":"https:\/\/hubsch-interior.com\/fr\/","logo":{"@type":"ImageObject","inLanguage":"fr-FR","@id":"https:\/\/hubsch-interior.com\/fr\/#\/schema\/logo\/image\/","url":"https:\/\/hubsch-interior.com\/wp-content\/uploads\/2022\/12\/Hubsch_logo_black_one_line.svg","contentUrl":"https:\/\/hubsch-interior.com\/wp-content\/uploads\/2022\/12\/Hubsch_logo_black_one_line.svg","caption":"H\u00fcbsch"},"image":{"@id":"https:\/\/hubsch-interior.com\/fr\/#\/schema\/logo\/image\/"}}]}},"_links":{"self":[{"href":"https:\/\/hubsch-interior.com\/fr\/wp-json\/wp\/v2\/product\/955460","targetHints":{"allow":["GET"]}}],"collection":[{"href":"https:\/\/hubsch-interior.com\/fr\/wp-json\/wp\/v2\/product"}],"about":[{"href":"https:\/\/hubsch-interior.com\/fr\/wp-json\/wp\/v2\/types\/product"}],"wp:featuredmedia":[{"embeddable":true,"href":"https:\/\/hubsch-interior.com\/fr\/wp-json\/wp\/v2\/media\/1107207"}],"wp:attachment":[{"href":"https:\/\/hubsch-interior.com\/fr\/wp-json\/wp\/v2\/media?parent=955460"}],"wp:term":[{"taxonomy":"product_brand","embeddable":true,"href":"https:\/\/hubsch-interior.com\/fr\/wp-json\/wp\/v2\/product_brand?post=955460"},{"taxonomy":"product_cat","embeddable":true,"href":"https:\/\/hubsch-interior.com\/fr\/wp-json\/wp\/v2\/product_cat?post=955460"},{"taxonomy":"product_tag","embeddable":true,"href":"https:\/\/hubsch-interior.com\/fr\/wp-json\/wp\/v2\/product_tag?post=955460"}],"curies":[{"name":"wp","href":"https:\/\/api.w.org\/{rel}","templated":true}]}}