{"id":955496,"date":"2023-11-01T10:03:40","date_gmt":"2023-11-01T09:03:40","guid":{"rendered":"https:\/\/hubsch-interior.com\/product\/product\/"},"modified":"2026-04-05T05:08:07","modified_gmt":"2026-04-05T03:08:07","slug":"muse-pendule-ellipse-blanc-2","status":"publish","type":"product","link":"https:\/\/hubsch-interior.com\/fr\/produit\/muse-pendule-ellipse-blanc-2\/","title":{"rendered":"Muse Pendule Ellipse Blanc"},"content":{"rendered":"<p>D\u00e9couvrez le pendentif Muse, une magnifique addition \u00e0 votre d\u00e9coration int\u00e9rieure. Fabriqu\u00e9 en verre opal blanc et en m\u00e9tal \u00e9l\u00e9gant, sa forme douce d\u00e9gage une certaine sophistication et apporte une touche chaleureuse \u00e0 n&#8217;importe quelle pi\u00e8ce. Accrochez-le dans votre salon ou votre chambre pour une ambiance cosy, ou dans votre salle \u00e0 manger pour une touche d&#8217;\u00e9l\u00e9gance. Laissez le pendentif Muse illuminer votre espace et cr\u00e9er l&#8217;ambiance parfaite pour la d\u00e9tente et le confort. Donnez un coup de pouce \u00e0 votre design int\u00e9rieur avec le pendentif Muse d\u00e8s aujourd&#8217;hui.<\/p>\n<p>Ce num\u00e9ro d\u2019article est identique \u00e0 990821<\/p>\n","protected":false},"excerpt":{"rendered":"<p>D\u00e9couvrez le pendentif Muse, une magnifique addition \u00e0 votre d\u00e9coration int\u00e9rieure. Fabriqu\u00e9 en verre opal blanc et en m\u00e9tal \u00e9l\u00e9gant, sa forme douce d\u00e9gage une certaine sophistication et apporte une touche chaleureuse \u00e0 n&#8217;importe quelle pi\u00e8ce. Accrochez-le dans votre salon ou votre chambre pour une ambiance cosy, ou dans votre salle \u00e0 manger pour une [&hellip;]<\/p>\n","protected":false},"featured_media":1107235,"template":"","meta":{"_acf_changed":false,"inline_featured_image":false},"product_brand":[],"product_cat":[6943,3810,4147,5026],"product_tag":[],"class_list":{"0":"post-955496","1":"product","2":"type-product","3":"status-publish","4":"has-post-thumbnail","6":"product_cat-bestseller-2025-fr","7":"product_cat-luminaires","8":"product_cat-suspensions-fr","9":"product_cat-bestsellers-fr","10":"product_shipping_class-pk","11":"pa_color-blanc","12":"pa_material-fer-fr","13":"pa_material-verre-fr","15":"first","16":"outofstock","17":"featured","18":"taxable","19":"shipping-taxable","20":"purchasable","21":"product-type-simple"},"exclude_global_add_ons":[],"addons":[],"acf":[],"yoast_head":"<!-- This site is optimized with the Yoast SEO plugin v26.4 - https:\/\/yoast.com\/wordpress\/plugins\/seo\/ -->\n<title>Muse Pendule Ellipse Blanc - H\u00fcbsch<\/title>\n<meta name=\"description\" content=\"D\u00e9couvrez le pendentif Muse, une magnifique addition \u00e0 votre d\u00e9coration int\u00e9rieure. Fabriqu\u00e9 en verre opal blanc et en m\u00e9tal \u00e9l\u00e9gant, sa forme douce\" \/>\n<meta name=\"robots\" content=\"index, follow, max-snippet:-1, max-image-preview:large, max-video-preview:-1\" \/>\n<link rel=\"canonical\" href=\"https:\/\/hubsch-interior.com\/fr\/wp-json\/wp\/v2\/product\/955496\" \/>\n<meta property=\"og:locale\" content=\"fr_FR\" \/>\n<meta property=\"og:type\" content=\"article\" \/>\n<meta property=\"og:title\" content=\"Muse Pendule Ellipse Blanc - H\u00fcbsch\" \/>\n<meta property=\"og:description\" content=\"D\u00e9couvrez le pendentif Muse, une magnifique addition \u00e0 votre d\u00e9coration int\u00e9rieure. Fabriqu\u00e9 en verre opal blanc et en m\u00e9tal \u00e9l\u00e9gant, sa forme douce\" \/>\n<meta property=\"og:url\" content=\"https:\/\/hubsch-interior.com\/fr\/produit\/muse-pendule-ellipse-blanc-2\/\" \/>\n<meta property=\"og:site_name\" content=\"H\u00fcbsch\" \/>\n<meta property=\"article:modified_time\" content=\"2026-04-05T03:08:07+00:00\" \/>\n<meta property=\"og:image\" content=\"https:\/\/hubsch-interior.com\/wp-content\/uploads\/2026\/02\/muse-pendant-ellipse-white-6a5d6153e0aee73eb1cfd5893c8611a4.jpg\" \/>\n\t<meta property=\"og:image:width\" content=\"1024\" \/>\n\t<meta property=\"og:image:height\" content=\"1024\" \/>\n\t<meta property=\"og:image:type\" content=\"image\/jpeg\" \/>\n<meta name=\"twitter:card\" content=\"summary_large_image\" \/>\n<meta name=\"twitter:label1\" content=\"Dur\u00e9e de lecture estim\u00e9e\" \/>\n\t<meta name=\"twitter:data1\" content=\"1 minute\" \/>\n<script type=\"application\/ld+json\" class=\"yoast-schema-graph\">{\"@context\":\"https:\/\/schema.org\",\"@graph\":[{\"@type\":\"WebPage\",\"@id\":\"https:\/\/hubsch-interior.com\/fr\/produit\/muse-pendule-ellipse-blanc-2\/\",\"url\":\"https:\/\/hubsch-interior.com\/fr\/produit\/muse-pendule-ellipse-blanc-2\/\",\"name\":\"Muse Pendule Ellipse Blanc - H\u00fcbsch\",\"isPartOf\":{\"@id\":\"https:\/\/hubsch-interior.com\/fr\/#website\"},\"primaryImageOfPage\":{\"@id\":\"https:\/\/hubsch-interior.com\/fr\/produit\/muse-pendule-ellipse-blanc-2\/#primaryimage\"},\"image\":{\"@id\":\"https:\/\/hubsch-interior.com\/fr\/produit\/muse-pendule-ellipse-blanc-2\/#primaryimage\"},\"thumbnailUrl\":\"https:\/\/hubsch-interior.com\/wp-content\/uploads\/2026\/02\/muse-pendant-ellipse-white-6a5d6153e0aee73eb1cfd5893c8611a4.jpg\",\"datePublished\":\"2023-11-01T09:03:40+00:00\",\"dateModified\":\"2026-04-05T03:08:07+00:00\",\"description\":\"D\u00e9couvrez le pendentif Muse, une magnifique addition \u00e0 votre d\u00e9coration int\u00e9rieure. Fabriqu\u00e9 en verre opal blanc et en m\u00e9tal \u00e9l\u00e9gant, sa forme douce\",\"breadcrumb\":{\"@id\":\"https:\/\/hubsch-interior.com\/fr\/produit\/muse-pendule-ellipse-blanc-2\/#breadcrumb\"},\"inLanguage\":\"fr-FR\",\"potentialAction\":[{\"@type\":\"ReadAction\",\"target\":[\"https:\/\/hubsch-interior.com\/fr\/produit\/muse-pendule-ellipse-blanc-2\/\"]}]},{\"@type\":\"ImageObject\",\"inLanguage\":\"fr-FR\",\"@id\":\"https:\/\/hubsch-interior.com\/fr\/produit\/muse-pendule-ellipse-blanc-2\/#primaryimage\",\"url\":\"https:\/\/hubsch-interior.com\/wp-content\/uploads\/2026\/02\/muse-pendant-ellipse-white-6a5d6153e0aee73eb1cfd5893c8611a4.jpg\",\"contentUrl\":\"https:\/\/hubsch-interior.com\/wp-content\/uploads\/2026\/02\/muse-pendant-ellipse-white-6a5d6153e0aee73eb1cfd5893c8611a4.jpg\",\"width\":1024,\"height\":1024},{\"@type\":\"BreadcrumbList\",\"@id\":\"https:\/\/hubsch-interior.com\/fr\/produit\/muse-pendule-ellipse-blanc-2\/#breadcrumb\",\"itemListElement\":[{\"@type\":\"ListItem\",\"position\":1,\"name\":\"Page d'accueil\",\"item\":\"https:\/\/hubsch-interior.com\/fr\/\"},{\"@type\":\"ListItem\",\"position\":2,\"name\":\"Produits\",\"item\":\"https:\/\/hubsch-interior.com\/fr\/shop-2\/\"},{\"@type\":\"ListItem\",\"position\":3,\"name\":\"Luminaires\",\"item\":\"https:\/\/hubsch-interior.com\/fr\/categorie-produit\/luminaires\/\"},{\"@type\":\"ListItem\",\"position\":4,\"name\":\"Suspensions\",\"item\":\"https:\/\/hubsch-interior.com\/fr\/categorie-produit\/luminaires\/suspensions-fr\/\"},{\"@type\":\"ListItem\",\"position\":5,\"name\":\"Muse Pendule Ellipse Blanc\"}]},{\"@type\":\"WebSite\",\"@id\":\"https:\/\/hubsch-interior.com\/fr\/#website\",\"url\":\"https:\/\/hubsch-interior.com\/fr\/\",\"name\":\"H\u00fcbsch\",\"description\":\"Danish Home Interior and Design\",\"publisher\":{\"@id\":\"https:\/\/hubsch-interior.com\/fr\/#organization\"},\"potentialAction\":[{\"@type\":\"SearchAction\",\"target\":{\"@type\":\"EntryPoint\",\"urlTemplate\":\"https:\/\/hubsch-interior.com\/fr\/?s={search_term_string}\"},\"query-input\":{\"@type\":\"PropertyValueSpecification\",\"valueRequired\":true,\"valueName\":\"search_term_string\"}}],\"inLanguage\":\"fr-FR\"},{\"@type\":\"Organization\",\"@id\":\"https:\/\/hubsch-interior.com\/fr\/#organization\",\"name\":\"H\u00fcbsch\",\"url\":\"https:\/\/hubsch-interior.com\/fr\/\",\"logo\":{\"@type\":\"ImageObject\",\"inLanguage\":\"fr-FR\",\"@id\":\"https:\/\/hubsch-interior.com\/fr\/#\/schema\/logo\/image\/\",\"url\":\"https:\/\/hubsch-interior.com\/wp-content\/uploads\/2022\/12\/Hubsch_logo_black_one_line.svg\",\"contentUrl\":\"https:\/\/hubsch-interior.com\/wp-content\/uploads\/2022\/12\/Hubsch_logo_black_one_line.svg\",\"caption\":\"H\u00fcbsch\"},\"image\":{\"@id\":\"https:\/\/hubsch-interior.com\/fr\/#\/schema\/logo\/image\/\"}}]}<\/script>\n<!-- \/ Yoast SEO plugin. -->","yoast_head_json":{"title":"Muse Pendule Ellipse Blanc - H\u00fcbsch","description":"D\u00e9couvrez le pendentif Muse, une magnifique addition \u00e0 votre d\u00e9coration int\u00e9rieure. Fabriqu\u00e9 en verre opal blanc et en m\u00e9tal \u00e9l\u00e9gant, sa forme douce","robots":{"index":"index","follow":"follow","max-snippet":"max-snippet:-1","max-image-preview":"max-image-preview:large","max-video-preview":"max-video-preview:-1"},"canonical":"https:\/\/hubsch-interior.com\/fr\/wp-json\/wp\/v2\/product\/955496","og_locale":"fr_FR","og_type":"article","og_title":"Muse Pendule Ellipse Blanc - H\u00fcbsch","og_description":"D\u00e9couvrez le pendentif Muse, une magnifique addition \u00e0 votre d\u00e9coration int\u00e9rieure. Fabriqu\u00e9 en verre opal blanc et en m\u00e9tal \u00e9l\u00e9gant, sa forme douce","og_url":"https:\/\/hubsch-interior.com\/fr\/produit\/muse-pendule-ellipse-blanc-2\/","og_site_name":"H\u00fcbsch","article_modified_time":"2026-04-05T03:08:07+00:00","og_image":[{"width":1024,"height":1024,"url":"https:\/\/hubsch-interior.com\/wp-content\/uploads\/2026\/02\/muse-pendant-ellipse-white-6a5d6153e0aee73eb1cfd5893c8611a4.jpg","type":"image\/jpeg"}],"twitter_card":"summary_large_image","twitter_misc":{"Dur\u00e9e de lecture estim\u00e9e":"1 minute"},"schema":{"@context":"https:\/\/schema.org","@graph":[{"@type":"WebPage","@id":"https:\/\/hubsch-interior.com\/fr\/produit\/muse-pendule-ellipse-blanc-2\/","url":"https:\/\/hubsch-interior.com\/fr\/produit\/muse-pendule-ellipse-blanc-2\/","name":"Muse Pendule Ellipse Blanc - H\u00fcbsch","isPartOf":{"@id":"https:\/\/hubsch-interior.com\/fr\/#website"},"primaryImageOfPage":{"@id":"https:\/\/hubsch-interior.com\/fr\/produit\/muse-pendule-ellipse-blanc-2\/#primaryimage"},"image":{"@id":"https:\/\/hubsch-interior.com\/fr\/produit\/muse-pendule-ellipse-blanc-2\/#primaryimage"},"thumbnailUrl":"https:\/\/hubsch-interior.com\/wp-content\/uploads\/2026\/02\/muse-pendant-ellipse-white-6a5d6153e0aee73eb1cfd5893c8611a4.jpg","datePublished":"2023-11-01T09:03:40+00:00","dateModified":"2026-04-05T03:08:07+00:00","description":"D\u00e9couvrez le pendentif Muse, une magnifique addition \u00e0 votre d\u00e9coration int\u00e9rieure. Fabriqu\u00e9 en verre opal blanc et en m\u00e9tal \u00e9l\u00e9gant, sa forme douce","breadcrumb":{"@id":"https:\/\/hubsch-interior.com\/fr\/produit\/muse-pendule-ellipse-blanc-2\/#breadcrumb"},"inLanguage":"fr-FR","potentialAction":[{"@type":"ReadAction","target":["https:\/\/hubsch-interior.com\/fr\/produit\/muse-pendule-ellipse-blanc-2\/"]}]},{"@type":"ImageObject","inLanguage":"fr-FR","@id":"https:\/\/hubsch-interior.com\/fr\/produit\/muse-pendule-ellipse-blanc-2\/#primaryimage","url":"https:\/\/hubsch-interior.com\/wp-content\/uploads\/2026\/02\/muse-pendant-ellipse-white-6a5d6153e0aee73eb1cfd5893c8611a4.jpg","contentUrl":"https:\/\/hubsch-interior.com\/wp-content\/uploads\/2026\/02\/muse-pendant-ellipse-white-6a5d6153e0aee73eb1cfd5893c8611a4.jpg","width":1024,"height":1024},{"@type":"BreadcrumbList","@id":"https:\/\/hubsch-interior.com\/fr\/produit\/muse-pendule-ellipse-blanc-2\/#breadcrumb","itemListElement":[{"@type":"ListItem","position":1,"name":"Page d'accueil","item":"https:\/\/hubsch-interior.com\/fr\/"},{"@type":"ListItem","position":2,"name":"Produits","item":"https:\/\/hubsch-interior.com\/fr\/shop-2\/"},{"@type":"ListItem","position":3,"name":"Luminaires","item":"https:\/\/hubsch-interior.com\/fr\/categorie-produit\/luminaires\/"},{"@type":"ListItem","position":4,"name":"Suspensions","item":"https:\/\/hubsch-interior.com\/fr\/categorie-produit\/luminaires\/suspensions-fr\/"},{"@type":"ListItem","position":5,"name":"Muse Pendule Ellipse Blanc"}]},{"@type":"WebSite","@id":"https:\/\/hubsch-interior.com\/fr\/#website","url":"https:\/\/hubsch-interior.com\/fr\/","name":"H\u00fcbsch","description":"Danish Home Interior and Design","publisher":{"@id":"https:\/\/hubsch-interior.com\/fr\/#organization"},"potentialAction":[{"@type":"SearchAction","target":{"@type":"EntryPoint","urlTemplate":"https:\/\/hubsch-interior.com\/fr\/?s={search_term_string}"},"query-input":{"@type":"PropertyValueSpecification","valueRequired":true,"valueName":"search_term_string"}}],"inLanguage":"fr-FR"},{"@type":"Organization","@id":"https:\/\/hubsch-interior.com\/fr\/#organization","name":"H\u00fcbsch","url":"https:\/\/hubsch-interior.com\/fr\/","logo":{"@type":"ImageObject","inLanguage":"fr-FR","@id":"https:\/\/hubsch-interior.com\/fr\/#\/schema\/logo\/image\/","url":"https:\/\/hubsch-interior.com\/wp-content\/uploads\/2022\/12\/Hubsch_logo_black_one_line.svg","contentUrl":"https:\/\/hubsch-interior.com\/wp-content\/uploads\/2022\/12\/Hubsch_logo_black_one_line.svg","caption":"H\u00fcbsch"},"image":{"@id":"https:\/\/hubsch-interior.com\/fr\/#\/schema\/logo\/image\/"}}]}},"_links":{"self":[{"href":"https:\/\/hubsch-interior.com\/fr\/wp-json\/wp\/v2\/product\/955496","targetHints":{"allow":["GET"]}}],"collection":[{"href":"https:\/\/hubsch-interior.com\/fr\/wp-json\/wp\/v2\/product"}],"about":[{"href":"https:\/\/hubsch-interior.com\/fr\/wp-json\/wp\/v2\/types\/product"}],"wp:featuredmedia":[{"embeddable":true,"href":"https:\/\/hubsch-interior.com\/fr\/wp-json\/wp\/v2\/media\/1107235"}],"wp:attachment":[{"href":"https:\/\/hubsch-interior.com\/fr\/wp-json\/wp\/v2\/media?parent=955496"}],"wp:term":[{"taxonomy":"product_brand","embeddable":true,"href":"https:\/\/hubsch-interior.com\/fr\/wp-json\/wp\/v2\/product_brand?post=955496"},{"taxonomy":"product_cat","embeddable":true,"href":"https:\/\/hubsch-interior.com\/fr\/wp-json\/wp\/v2\/product_cat?post=955496"},{"taxonomy":"product_tag","embeddable":true,"href":"https:\/\/hubsch-interior.com\/fr\/wp-json\/wp\/v2\/product_tag?post=955496"}],"curies":[{"name":"wp","href":"https:\/\/api.w.org\/{rel}","templated":true}]}}