{"id":958888,"date":"2023-11-13T07:52:16","date_gmt":"2023-11-13T06:52:16","guid":{"rendered":"https:\/\/hubsch-interior.com\/product\/product\/"},"modified":"2026-04-25T05:07:15","modified_gmt":"2026-04-25T03:07:15","slug":"magic-lampe-de-table-vert-olive","status":"publish","type":"product","link":"https:\/\/hubsch-interior.com\/fr\/produit\/magic-lampe-de-table-vert-olive\/","title":{"rendered":"Magic Lampe de table Vert\/Olive"},"content":{"rendered":"<p>La Lampe de table Magique a subi une transformation magique! Maintenant disponible en vert\/olive et beige, avec un c\u00e2ble rouge vif, cette lampe combine avec aisance style et polyvalence avec une touche d\u00e9corative. Gr\u00e2ce \u00e0 sa fonction tactile dimmable, vous pouvez facilement ajuster la luminosit\u00e9 pour r\u00e9pondre \u00e0 vos besoins et cr\u00e9er l&#8217;ambiance parfaite. Que ce soit pour lire, travailler ou simplement ajouter une douce lumi\u00e8re \u00e0 vos alentours, la Lampe de table Magique est faite pour vous. Placez-la sur votre bureau, votre table de nuit ou votre table d&#8217;appoint, et regardez comment elle transforme instantan\u00e9ment l&#8217;atmosph\u00e8re avec sa forme g\u00e9om\u00e9trique et sa combinaison de couleurs. Touchez et illuminez.<\/p>\n","protected":false},"excerpt":{"rendered":"<p>La Lampe de table Magique a subi une transformation magique! Maintenant disponible en vert\/olive et beige, avec un c\u00e2ble rouge vif, cette lampe combine avec aisance style et polyvalence avec une touche d\u00e9corative. Gr\u00e2ce \u00e0 sa fonction tactile dimmable, vous pouvez facilement ajuster la luminosit\u00e9 pour r\u00e9pondre \u00e0 vos besoins et cr\u00e9er l&#8217;ambiance parfaite. Que [&hellip;]<\/p>\n","protected":false},"featured_media":1106775,"template":"","meta":{"_acf_changed":false,"inline_featured_image":false},"product_brand":[],"product_cat":[3500,3810,5026],"product_tag":[],"class_list":{"0":"post-958888","1":"product","2":"type-product","3":"status-publish","4":"has-post-thumbnail","6":"product_cat-lampes-a-poser-fr","7":"product_cat-luminaires","8":"product_cat-bestsellers-fr","9":"product_shipping_class-pk","10":"pa_color-olive-4","11":"pa_color-vert-2","12":"pa_material-fer-fr","13":"pa_material-polycarbonate-2","15":"first","16":"instock","17":"featured","18":"taxable","19":"shipping-taxable","20":"purchasable","21":"product-type-simple"},"exclude_global_add_ons":[],"addons":[],"acf":[],"yoast_head":"<!-- This site is optimized with the Yoast SEO plugin v26.4 - https:\/\/yoast.com\/wordpress\/plugins\/seo\/ -->\n<title>Magic Lampe de table Vert\/Olive - H\u00fcbsch<\/title>\n<meta name=\"description\" content=\"La Lampe de table Magique a subi une transformation magique! Maintenant disponible en vert\/olive et beige, avec un c\u00e2ble rouge vif, cette lampe combine\" \/>\n<meta name=\"robots\" content=\"index, follow, max-snippet:-1, max-image-preview:large, max-video-preview:-1\" \/>\n<link rel=\"canonical\" href=\"https:\/\/hubsch-interior.com\/fr\/wp-json\/wp\/v2\/product\/958888\" \/>\n<meta property=\"og:locale\" content=\"fr_FR\" \/>\n<meta property=\"og:type\" content=\"article\" \/>\n<meta property=\"og:title\" content=\"Magic Lampe de table Vert\/Olive - H\u00fcbsch\" \/>\n<meta property=\"og:description\" content=\"La Lampe de table Magique a subi une transformation magique! Maintenant disponible en vert\/olive et beige, avec un c\u00e2ble rouge vif, cette lampe combine\" \/>\n<meta property=\"og:url\" content=\"https:\/\/hubsch-interior.com\/fr\/produit\/magic-lampe-de-table-vert-olive\/\" \/>\n<meta property=\"og:site_name\" content=\"H\u00fcbsch\" \/>\n<meta property=\"article:modified_time\" content=\"2026-04-25T03:07:15+00:00\" \/>\n<meta property=\"og:image\" content=\"https:\/\/hubsch-interior.com\/wp-content\/uploads\/2023\/11\/magic-table-lamp-greenolive-528e422914d1653b19230dd4d5faf2c4.jpg\" \/>\n\t<meta property=\"og:image:width\" content=\"1200\" \/>\n\t<meta property=\"og:image:height\" content=\"1200\" \/>\n\t<meta property=\"og:image:type\" content=\"image\/jpeg\" \/>\n<meta name=\"twitter:card\" content=\"summary_large_image\" \/>\n<meta name=\"twitter:label1\" content=\"Dur\u00e9e de lecture estim\u00e9e\" \/>\n\t<meta name=\"twitter:data1\" content=\"1 minute\" \/>\n<script type=\"application\/ld+json\" class=\"yoast-schema-graph\">{\"@context\":\"https:\/\/schema.org\",\"@graph\":[{\"@type\":\"WebPage\",\"@id\":\"https:\/\/hubsch-interior.com\/fr\/produit\/magic-lampe-de-table-vert-olive\/\",\"url\":\"https:\/\/hubsch-interior.com\/fr\/produit\/magic-lampe-de-table-vert-olive\/\",\"name\":\"Magic Lampe de table Vert\/Olive - H\u00fcbsch\",\"isPartOf\":{\"@id\":\"https:\/\/hubsch-interior.com\/fr\/#website\"},\"primaryImageOfPage\":{\"@id\":\"https:\/\/hubsch-interior.com\/fr\/produit\/magic-lampe-de-table-vert-olive\/#primaryimage\"},\"image\":{\"@id\":\"https:\/\/hubsch-interior.com\/fr\/produit\/magic-lampe-de-table-vert-olive\/#primaryimage\"},\"thumbnailUrl\":\"https:\/\/hubsch-interior.com\/wp-content\/uploads\/2026\/02\/magic-table-lamp-greenolive-1dea1650d0ab7367d646c9283d40fd9c.jpg\",\"datePublished\":\"2023-11-13T06:52:16+00:00\",\"dateModified\":\"2026-04-25T03:07:15+00:00\",\"description\":\"La Lampe de table Magique a subi une transformation magique! Maintenant disponible en vert\/olive et beige, avec un c\u00e2ble rouge vif, cette lampe combine\",\"breadcrumb\":{\"@id\":\"https:\/\/hubsch-interior.com\/fr\/produit\/magic-lampe-de-table-vert-olive\/#breadcrumb\"},\"inLanguage\":\"fr-FR\",\"potentialAction\":[{\"@type\":\"ReadAction\",\"target\":[\"https:\/\/hubsch-interior.com\/fr\/produit\/magic-lampe-de-table-vert-olive\/\"]}]},{\"@type\":\"ImageObject\",\"inLanguage\":\"fr-FR\",\"@id\":\"https:\/\/hubsch-interior.com\/fr\/produit\/magic-lampe-de-table-vert-olive\/#primaryimage\",\"url\":\"https:\/\/hubsch-interior.com\/wp-content\/uploads\/2026\/02\/magic-table-lamp-greenolive-1dea1650d0ab7367d646c9283d40fd9c.jpg\",\"contentUrl\":\"https:\/\/hubsch-interior.com\/wp-content\/uploads\/2026\/02\/magic-table-lamp-greenolive-1dea1650d0ab7367d646c9283d40fd9c.jpg\",\"width\":1024,\"height\":1024},{\"@type\":\"BreadcrumbList\",\"@id\":\"https:\/\/hubsch-interior.com\/fr\/produit\/magic-lampe-de-table-vert-olive\/#breadcrumb\",\"itemListElement\":[{\"@type\":\"ListItem\",\"position\":1,\"name\":\"Page d'accueil\",\"item\":\"https:\/\/hubsch-interior.com\/fr\/\"},{\"@type\":\"ListItem\",\"position\":2,\"name\":\"Produits\",\"item\":\"https:\/\/hubsch-interior.com\/fr\/shop-2\/\"},{\"@type\":\"ListItem\",\"position\":3,\"name\":\"Colour Revival\",\"item\":\"https:\/\/hubsch-interior.com\/fr\/categorie-produit\/colour-revival-fr\/\"},{\"@type\":\"ListItem\",\"position\":4,\"name\":\"Magic Lampe de table Vert\/Olive\"}]},{\"@type\":\"WebSite\",\"@id\":\"https:\/\/hubsch-interior.com\/fr\/#website\",\"url\":\"https:\/\/hubsch-interior.com\/fr\/\",\"name\":\"H\u00fcbsch\",\"description\":\"Danish Home Interior and Design\",\"publisher\":{\"@id\":\"https:\/\/hubsch-interior.com\/fr\/#organization\"},\"potentialAction\":[{\"@type\":\"SearchAction\",\"target\":{\"@type\":\"EntryPoint\",\"urlTemplate\":\"https:\/\/hubsch-interior.com\/fr\/?s={search_term_string}\"},\"query-input\":{\"@type\":\"PropertyValueSpecification\",\"valueRequired\":true,\"valueName\":\"search_term_string\"}}],\"inLanguage\":\"fr-FR\"},{\"@type\":\"Organization\",\"@id\":\"https:\/\/hubsch-interior.com\/fr\/#organization\",\"name\":\"H\u00fcbsch\",\"url\":\"https:\/\/hubsch-interior.com\/fr\/\",\"logo\":{\"@type\":\"ImageObject\",\"inLanguage\":\"fr-FR\",\"@id\":\"https:\/\/hubsch-interior.com\/fr\/#\/schema\/logo\/image\/\",\"url\":\"https:\/\/hubsch-interior.com\/wp-content\/uploads\/2022\/12\/Hubsch_logo_black_one_line.svg\",\"contentUrl\":\"https:\/\/hubsch-interior.com\/wp-content\/uploads\/2022\/12\/Hubsch_logo_black_one_line.svg\",\"caption\":\"H\u00fcbsch\"},\"image\":{\"@id\":\"https:\/\/hubsch-interior.com\/fr\/#\/schema\/logo\/image\/\"}}]}<\/script>\n<!-- \/ Yoast SEO plugin. -->","yoast_head_json":{"title":"Magic Lampe de table Vert\/Olive - H\u00fcbsch","description":"La Lampe de table Magique a subi une transformation magique! Maintenant disponible en vert\/olive et beige, avec un c\u00e2ble rouge vif, cette lampe combine","robots":{"index":"index","follow":"follow","max-snippet":"max-snippet:-1","max-image-preview":"max-image-preview:large","max-video-preview":"max-video-preview:-1"},"canonical":"https:\/\/hubsch-interior.com\/fr\/wp-json\/wp\/v2\/product\/958888","og_locale":"fr_FR","og_type":"article","og_title":"Magic Lampe de table Vert\/Olive - H\u00fcbsch","og_description":"La Lampe de table Magique a subi une transformation magique! Maintenant disponible en vert\/olive et beige, avec un c\u00e2ble rouge vif, cette lampe combine","og_url":"https:\/\/hubsch-interior.com\/fr\/produit\/magic-lampe-de-table-vert-olive\/","og_site_name":"H\u00fcbsch","article_modified_time":"2026-04-25T03:07:15+00:00","og_image":[{"width":1200,"height":1200,"url":"https:\/\/hubsch-interior.com\/wp-content\/uploads\/2023\/11\/magic-table-lamp-greenolive-528e422914d1653b19230dd4d5faf2c4.jpg","type":"image\/jpeg"}],"twitter_card":"summary_large_image","twitter_misc":{"Dur\u00e9e de lecture estim\u00e9e":"1 minute"},"schema":{"@context":"https:\/\/schema.org","@graph":[{"@type":"WebPage","@id":"https:\/\/hubsch-interior.com\/fr\/produit\/magic-lampe-de-table-vert-olive\/","url":"https:\/\/hubsch-interior.com\/fr\/produit\/magic-lampe-de-table-vert-olive\/","name":"Magic Lampe de table Vert\/Olive - H\u00fcbsch","isPartOf":{"@id":"https:\/\/hubsch-interior.com\/fr\/#website"},"primaryImageOfPage":{"@id":"https:\/\/hubsch-interior.com\/fr\/produit\/magic-lampe-de-table-vert-olive\/#primaryimage"},"image":{"@id":"https:\/\/hubsch-interior.com\/fr\/produit\/magic-lampe-de-table-vert-olive\/#primaryimage"},"thumbnailUrl":"https:\/\/hubsch-interior.com\/wp-content\/uploads\/2026\/02\/magic-table-lamp-greenolive-1dea1650d0ab7367d646c9283d40fd9c.jpg","datePublished":"2023-11-13T06:52:16+00:00","dateModified":"2026-04-25T03:07:15+00:00","description":"La Lampe de table Magique a subi une transformation magique! Maintenant disponible en vert\/olive et beige, avec un c\u00e2ble rouge vif, cette lampe combine","breadcrumb":{"@id":"https:\/\/hubsch-interior.com\/fr\/produit\/magic-lampe-de-table-vert-olive\/#breadcrumb"},"inLanguage":"fr-FR","potentialAction":[{"@type":"ReadAction","target":["https:\/\/hubsch-interior.com\/fr\/produit\/magic-lampe-de-table-vert-olive\/"]}]},{"@type":"ImageObject","inLanguage":"fr-FR","@id":"https:\/\/hubsch-interior.com\/fr\/produit\/magic-lampe-de-table-vert-olive\/#primaryimage","url":"https:\/\/hubsch-interior.com\/wp-content\/uploads\/2026\/02\/magic-table-lamp-greenolive-1dea1650d0ab7367d646c9283d40fd9c.jpg","contentUrl":"https:\/\/hubsch-interior.com\/wp-content\/uploads\/2026\/02\/magic-table-lamp-greenolive-1dea1650d0ab7367d646c9283d40fd9c.jpg","width":1024,"height":1024},{"@type":"BreadcrumbList","@id":"https:\/\/hubsch-interior.com\/fr\/produit\/magic-lampe-de-table-vert-olive\/#breadcrumb","itemListElement":[{"@type":"ListItem","position":1,"name":"Page d'accueil","item":"https:\/\/hubsch-interior.com\/fr\/"},{"@type":"ListItem","position":2,"name":"Produits","item":"https:\/\/hubsch-interior.com\/fr\/shop-2\/"},{"@type":"ListItem","position":3,"name":"Colour Revival","item":"https:\/\/hubsch-interior.com\/fr\/categorie-produit\/colour-revival-fr\/"},{"@type":"ListItem","position":4,"name":"Magic Lampe de table Vert\/Olive"}]},{"@type":"WebSite","@id":"https:\/\/hubsch-interior.com\/fr\/#website","url":"https:\/\/hubsch-interior.com\/fr\/","name":"H\u00fcbsch","description":"Danish Home Interior and Design","publisher":{"@id":"https:\/\/hubsch-interior.com\/fr\/#organization"},"potentialAction":[{"@type":"SearchAction","target":{"@type":"EntryPoint","urlTemplate":"https:\/\/hubsch-interior.com\/fr\/?s={search_term_string}"},"query-input":{"@type":"PropertyValueSpecification","valueRequired":true,"valueName":"search_term_string"}}],"inLanguage":"fr-FR"},{"@type":"Organization","@id":"https:\/\/hubsch-interior.com\/fr\/#organization","name":"H\u00fcbsch","url":"https:\/\/hubsch-interior.com\/fr\/","logo":{"@type":"ImageObject","inLanguage":"fr-FR","@id":"https:\/\/hubsch-interior.com\/fr\/#\/schema\/logo\/image\/","url":"https:\/\/hubsch-interior.com\/wp-content\/uploads\/2022\/12\/Hubsch_logo_black_one_line.svg","contentUrl":"https:\/\/hubsch-interior.com\/wp-content\/uploads\/2022\/12\/Hubsch_logo_black_one_line.svg","caption":"H\u00fcbsch"},"image":{"@id":"https:\/\/hubsch-interior.com\/fr\/#\/schema\/logo\/image\/"}}]}},"_links":{"self":[{"href":"https:\/\/hubsch-interior.com\/fr\/wp-json\/wp\/v2\/product\/958888","targetHints":{"allow":["GET"]}}],"collection":[{"href":"https:\/\/hubsch-interior.com\/fr\/wp-json\/wp\/v2\/product"}],"about":[{"href":"https:\/\/hubsch-interior.com\/fr\/wp-json\/wp\/v2\/types\/product"}],"wp:featuredmedia":[{"embeddable":true,"href":"https:\/\/hubsch-interior.com\/fr\/wp-json\/wp\/v2\/media\/1106775"}],"wp:attachment":[{"href":"https:\/\/hubsch-interior.com\/fr\/wp-json\/wp\/v2\/media?parent=958888"}],"wp:term":[{"taxonomy":"product_brand","embeddable":true,"href":"https:\/\/hubsch-interior.com\/fr\/wp-json\/wp\/v2\/product_brand?post=958888"},{"taxonomy":"product_cat","embeddable":true,"href":"https:\/\/hubsch-interior.com\/fr\/wp-json\/wp\/v2\/product_cat?post=958888"},{"taxonomy":"product_tag","embeddable":true,"href":"https:\/\/hubsch-interior.com\/fr\/wp-json\/wp\/v2\/product_tag?post=958888"}],"curies":[{"name":"wp","href":"https:\/\/api.w.org\/{rel}","templated":true}]}}