{"id":973555,"date":"2024-01-22T13:54:54","date_gmt":"2024-01-22T12:54:54","guid":{"rendered":"https:\/\/hubsch-interior.com\/product\/product\/"},"modified":"2026-04-05T04:52:06","modified_gmt":"2026-04-05T02:52:06","slug":"panorama-caisson-murale-naturel","status":"publish","type":"product","link":"https:\/\/hubsch-interior.com\/fr\/produit\/panorama-caisson-murale-naturel\/","title":{"rendered":"Panorama Caisson murale Naturel"},"content":{"rendered":"<p>Si vous avez besoin d&#8217;un endroit sp\u00e9cial pour exposer vos tasses \u00e0 caf\u00e9 ou \u00e0 th\u00e9 pr\u00e9f\u00e9r\u00e9es, cette magnifique vitrine en bois fera l&#8217;affaire. Vous n&#8217;avez pas besoin de nous convaincre, nous avons compris ! Vous savez quel est l\u2019avantage de cette vitrine ? Elle est fabriqu\u00e9e en bois contreplaqu\u00e9 certifi\u00e9 FSC\u00ae. Pourquoi ? Parce qu&#8217;il est temps d&#8217;\u00eatre plus gentil avec notre m\u00e8re la Terre.<\/p>\n","protected":false},"excerpt":{"rendered":"<p>Si vous avez besoin d&#8217;un endroit sp\u00e9cial pour exposer vos tasses \u00e0 caf\u00e9 ou \u00e0 th\u00e9 pr\u00e9f\u00e9r\u00e9es, cette magnifique vitrine en bois fera l&#8217;affaire. Vous n&#8217;avez pas besoin de nous convaincre, nous avons compris ! Vous savez quel est l\u2019avantage de cette vitrine ? Elle est fabriqu\u00e9e en bois contreplaqu\u00e9 certifi\u00e9 FSC\u00ae. Pourquoi ? Parce [&hellip;]<\/p>\n","protected":false},"featured_media":1102623,"template":"","meta":{"_acf_changed":false,"inline_featured_image":false},"product_brand":[],"product_cat":[6943,7071,7072,4001,4023,5026],"product_tag":[],"class_list":{"0":"post-973555","1":"product","2":"type-product","3":"status-publish","4":"has-post-thumbnail","6":"product_cat-bestseller-2025-fr","7":"product_cat-crochets-et-etageres-fr","8":"product_cat-cuisine-crochets-fr","9":"product_cat-etageres-et-meubles-de-rangement-fr","10":"product_cat-etageres-murales-fr","11":"product_cat-bestsellers-fr","12":"product_shipping_class-p05","14":"pa_color-naturel-2","15":"pa_material-mdf-fr","16":"pa_material-verre-fr","17":"pa_material-bois-de-chne-2","18":"pa_material-placage-de-chne-2","20":"first","21":"outofstock","22":"featured","23":"taxable","24":"shipping-taxable","25":"purchasable","26":"product-type-simple"},"exclude_global_add_ons":[],"addons":[],"acf":[],"yoast_head":"<!-- This site is optimized with the Yoast SEO plugin v26.4 - https:\/\/yoast.com\/wordpress\/plugins\/seo\/ -->\n<title>Panorama Caisson murale Naturel - H\u00fcbsch<\/title>\n<meta name=\"description\" content=\"Si vous avez besoin d&#039;un endroit sp\u00e9cial pour exposer vos tasses \u00e0 caf\u00e9 ou \u00e0 th\u00e9 pr\u00e9f\u00e9r\u00e9es, cette magnifique vitrine en bois fera l&#039;affaire. Vous n&#039;avez\" \/>\n<meta name=\"robots\" content=\"index, follow, max-snippet:-1, max-image-preview:large, max-video-preview:-1\" \/>\n<link rel=\"canonical\" href=\"https:\/\/hubsch-interior.com\/fr\/wp-json\/wp\/v2\/product\/973555\" \/>\n<meta property=\"og:locale\" content=\"fr_FR\" \/>\n<meta property=\"og:type\" content=\"article\" \/>\n<meta property=\"og:title\" content=\"Panorama Caisson murale Naturel - H\u00fcbsch\" \/>\n<meta property=\"og:description\" content=\"Si vous avez besoin d&#039;un endroit sp\u00e9cial pour exposer vos tasses \u00e0 caf\u00e9 ou \u00e0 th\u00e9 pr\u00e9f\u00e9r\u00e9es, cette magnifique vitrine en bois fera l&#039;affaire. Vous n&#039;avez\" \/>\n<meta property=\"og:url\" content=\"https:\/\/hubsch-interior.com\/fr\/produit\/panorama-caisson-murale-naturel\/\" \/>\n<meta property=\"og:site_name\" content=\"H\u00fcbsch\" \/>\n<meta property=\"article:modified_time\" content=\"2026-04-05T02:52:06+00:00\" \/>\n<meta property=\"og:image\" content=\"https:\/\/hubsch-interior.com\/wp-content\/uploads\/2024\/01\/panorama-wall-cupboard-natural-7daa7ec5141f80b0b3aba1ef7f7b8fd9.jpg\" \/>\n\t<meta property=\"og:image:width\" content=\"1200\" \/>\n\t<meta property=\"og:image:height\" content=\"1200\" \/>\n\t<meta property=\"og:image:type\" content=\"image\/jpeg\" \/>\n<meta name=\"twitter:card\" content=\"summary_large_image\" \/>\n<script type=\"application\/ld+json\" class=\"yoast-schema-graph\">{\"@context\":\"https:\/\/schema.org\",\"@graph\":[{\"@type\":\"WebPage\",\"@id\":\"https:\/\/hubsch-interior.com\/fr\/produit\/panorama-caisson-murale-naturel\/\",\"url\":\"https:\/\/hubsch-interior.com\/fr\/produit\/panorama-caisson-murale-naturel\/\",\"name\":\"Panorama Caisson murale Naturel - H\u00fcbsch\",\"isPartOf\":{\"@id\":\"https:\/\/hubsch-interior.com\/fr\/#website\"},\"primaryImageOfPage\":{\"@id\":\"https:\/\/hubsch-interior.com\/fr\/produit\/panorama-caisson-murale-naturel\/#primaryimage\"},\"image\":{\"@id\":\"https:\/\/hubsch-interior.com\/fr\/produit\/panorama-caisson-murale-naturel\/#primaryimage\"},\"thumbnailUrl\":\"https:\/\/hubsch-interior.com\/wp-content\/uploads\/2026\/02\/panorama-wall-cupboard-natural-bf14d09bffce74bb83b0cfccbc7af1e4.jpg\",\"datePublished\":\"2024-01-22T12:54:54+00:00\",\"dateModified\":\"2026-04-05T02:52:06+00:00\",\"description\":\"Si vous avez besoin d'un endroit sp\u00e9cial pour exposer vos tasses \u00e0 caf\u00e9 ou \u00e0 th\u00e9 pr\u00e9f\u00e9r\u00e9es, cette magnifique vitrine en bois fera l'affaire. Vous n'avez\",\"breadcrumb\":{\"@id\":\"https:\/\/hubsch-interior.com\/fr\/produit\/panorama-caisson-murale-naturel\/#breadcrumb\"},\"inLanguage\":\"fr-FR\",\"potentialAction\":[{\"@type\":\"ReadAction\",\"target\":[\"https:\/\/hubsch-interior.com\/fr\/produit\/panorama-caisson-murale-naturel\/\"]}]},{\"@type\":\"ImageObject\",\"inLanguage\":\"fr-FR\",\"@id\":\"https:\/\/hubsch-interior.com\/fr\/produit\/panorama-caisson-murale-naturel\/#primaryimage\",\"url\":\"https:\/\/hubsch-interior.com\/wp-content\/uploads\/2026\/02\/panorama-wall-cupboard-natural-bf14d09bffce74bb83b0cfccbc7af1e4.jpg\",\"contentUrl\":\"https:\/\/hubsch-interior.com\/wp-content\/uploads\/2026\/02\/panorama-wall-cupboard-natural-bf14d09bffce74bb83b0cfccbc7af1e4.jpg\",\"width\":1024,\"height\":1024},{\"@type\":\"BreadcrumbList\",\"@id\":\"https:\/\/hubsch-interior.com\/fr\/produit\/panorama-caisson-murale-naturel\/#breadcrumb\",\"itemListElement\":[{\"@type\":\"ListItem\",\"position\":1,\"name\":\"Page d'accueil\",\"item\":\"https:\/\/hubsch-interior.com\/fr\/\"},{\"@type\":\"ListItem\",\"position\":2,\"name\":\"Produits\",\"item\":\"https:\/\/hubsch-interior.com\/fr\/shop-2\/\"},{\"@type\":\"ListItem\",\"position\":3,\"name\":\"Meubles\",\"item\":\"https:\/\/hubsch-interior.com\/fr\/categorie-produit\/meubles\/\"},{\"@type\":\"ListItem\",\"position\":4,\"name\":\"Etag&egrave;res et meubles de rangement\",\"item\":\"https:\/\/hubsch-interior.com\/fr\/categorie-produit\/meubles\/etageres-et-meubles-de-rangement-fr\/\"},{\"@type\":\"ListItem\",\"position\":5,\"name\":\"Etag&egrave;res murales\",\"item\":\"https:\/\/hubsch-interior.com\/fr\/categorie-produit\/meubles\/etageres-et-meubles-de-rangement-fr\/etageres-murales-fr\/\"},{\"@type\":\"ListItem\",\"position\":6,\"name\":\"Panorama Caisson murale Naturel\"}]},{\"@type\":\"WebSite\",\"@id\":\"https:\/\/hubsch-interior.com\/fr\/#website\",\"url\":\"https:\/\/hubsch-interior.com\/fr\/\",\"name\":\"H\u00fcbsch\",\"description\":\"Danish Home Interior and Design\",\"publisher\":{\"@id\":\"https:\/\/hubsch-interior.com\/fr\/#organization\"},\"potentialAction\":[{\"@type\":\"SearchAction\",\"target\":{\"@type\":\"EntryPoint\",\"urlTemplate\":\"https:\/\/hubsch-interior.com\/fr\/?s={search_term_string}\"},\"query-input\":{\"@type\":\"PropertyValueSpecification\",\"valueRequired\":true,\"valueName\":\"search_term_string\"}}],\"inLanguage\":\"fr-FR\"},{\"@type\":\"Organization\",\"@id\":\"https:\/\/hubsch-interior.com\/fr\/#organization\",\"name\":\"H\u00fcbsch\",\"url\":\"https:\/\/hubsch-interior.com\/fr\/\",\"logo\":{\"@type\":\"ImageObject\",\"inLanguage\":\"fr-FR\",\"@id\":\"https:\/\/hubsch-interior.com\/fr\/#\/schema\/logo\/image\/\",\"url\":\"https:\/\/hubsch-interior.com\/wp-content\/uploads\/2022\/12\/Hubsch_logo_black_one_line.svg\",\"contentUrl\":\"https:\/\/hubsch-interior.com\/wp-content\/uploads\/2022\/12\/Hubsch_logo_black_one_line.svg\",\"caption\":\"H\u00fcbsch\"},\"image\":{\"@id\":\"https:\/\/hubsch-interior.com\/fr\/#\/schema\/logo\/image\/\"}}]}<\/script>\n<!-- \/ Yoast SEO plugin. -->","yoast_head_json":{"title":"Panorama Caisson murale Naturel - H\u00fcbsch","description":"Si vous avez besoin d'un endroit sp\u00e9cial pour exposer vos tasses \u00e0 caf\u00e9 ou \u00e0 th\u00e9 pr\u00e9f\u00e9r\u00e9es, cette magnifique vitrine en bois fera l'affaire. Vous n'avez","robots":{"index":"index","follow":"follow","max-snippet":"max-snippet:-1","max-image-preview":"max-image-preview:large","max-video-preview":"max-video-preview:-1"},"canonical":"https:\/\/hubsch-interior.com\/fr\/wp-json\/wp\/v2\/product\/973555","og_locale":"fr_FR","og_type":"article","og_title":"Panorama Caisson murale Naturel - H\u00fcbsch","og_description":"Si vous avez besoin d'un endroit sp\u00e9cial pour exposer vos tasses \u00e0 caf\u00e9 ou \u00e0 th\u00e9 pr\u00e9f\u00e9r\u00e9es, cette magnifique vitrine en bois fera l'affaire. Vous n'avez","og_url":"https:\/\/hubsch-interior.com\/fr\/produit\/panorama-caisson-murale-naturel\/","og_site_name":"H\u00fcbsch","article_modified_time":"2026-04-05T02:52:06+00:00","og_image":[{"width":1200,"height":1200,"url":"https:\/\/hubsch-interior.com\/wp-content\/uploads\/2024\/01\/panorama-wall-cupboard-natural-7daa7ec5141f80b0b3aba1ef7f7b8fd9.jpg","type":"image\/jpeg"}],"twitter_card":"summary_large_image","schema":{"@context":"https:\/\/schema.org","@graph":[{"@type":"WebPage","@id":"https:\/\/hubsch-interior.com\/fr\/produit\/panorama-caisson-murale-naturel\/","url":"https:\/\/hubsch-interior.com\/fr\/produit\/panorama-caisson-murale-naturel\/","name":"Panorama Caisson murale Naturel - H\u00fcbsch","isPartOf":{"@id":"https:\/\/hubsch-interior.com\/fr\/#website"},"primaryImageOfPage":{"@id":"https:\/\/hubsch-interior.com\/fr\/produit\/panorama-caisson-murale-naturel\/#primaryimage"},"image":{"@id":"https:\/\/hubsch-interior.com\/fr\/produit\/panorama-caisson-murale-naturel\/#primaryimage"},"thumbnailUrl":"https:\/\/hubsch-interior.com\/wp-content\/uploads\/2026\/02\/panorama-wall-cupboard-natural-bf14d09bffce74bb83b0cfccbc7af1e4.jpg","datePublished":"2024-01-22T12:54:54+00:00","dateModified":"2026-04-05T02:52:06+00:00","description":"Si vous avez besoin d'un endroit sp\u00e9cial pour exposer vos tasses \u00e0 caf\u00e9 ou \u00e0 th\u00e9 pr\u00e9f\u00e9r\u00e9es, cette magnifique vitrine en bois fera l'affaire. Vous n'avez","breadcrumb":{"@id":"https:\/\/hubsch-interior.com\/fr\/produit\/panorama-caisson-murale-naturel\/#breadcrumb"},"inLanguage":"fr-FR","potentialAction":[{"@type":"ReadAction","target":["https:\/\/hubsch-interior.com\/fr\/produit\/panorama-caisson-murale-naturel\/"]}]},{"@type":"ImageObject","inLanguage":"fr-FR","@id":"https:\/\/hubsch-interior.com\/fr\/produit\/panorama-caisson-murale-naturel\/#primaryimage","url":"https:\/\/hubsch-interior.com\/wp-content\/uploads\/2026\/02\/panorama-wall-cupboard-natural-bf14d09bffce74bb83b0cfccbc7af1e4.jpg","contentUrl":"https:\/\/hubsch-interior.com\/wp-content\/uploads\/2026\/02\/panorama-wall-cupboard-natural-bf14d09bffce74bb83b0cfccbc7af1e4.jpg","width":1024,"height":1024},{"@type":"BreadcrumbList","@id":"https:\/\/hubsch-interior.com\/fr\/produit\/panorama-caisson-murale-naturel\/#breadcrumb","itemListElement":[{"@type":"ListItem","position":1,"name":"Page d'accueil","item":"https:\/\/hubsch-interior.com\/fr\/"},{"@type":"ListItem","position":2,"name":"Produits","item":"https:\/\/hubsch-interior.com\/fr\/shop-2\/"},{"@type":"ListItem","position":3,"name":"Meubles","item":"https:\/\/hubsch-interior.com\/fr\/categorie-produit\/meubles\/"},{"@type":"ListItem","position":4,"name":"Etag&egrave;res et meubles de rangement","item":"https:\/\/hubsch-interior.com\/fr\/categorie-produit\/meubles\/etageres-et-meubles-de-rangement-fr\/"},{"@type":"ListItem","position":5,"name":"Etag&egrave;res murales","item":"https:\/\/hubsch-interior.com\/fr\/categorie-produit\/meubles\/etageres-et-meubles-de-rangement-fr\/etageres-murales-fr\/"},{"@type":"ListItem","position":6,"name":"Panorama Caisson murale Naturel"}]},{"@type":"WebSite","@id":"https:\/\/hubsch-interior.com\/fr\/#website","url":"https:\/\/hubsch-interior.com\/fr\/","name":"H\u00fcbsch","description":"Danish Home Interior and Design","publisher":{"@id":"https:\/\/hubsch-interior.com\/fr\/#organization"},"potentialAction":[{"@type":"SearchAction","target":{"@type":"EntryPoint","urlTemplate":"https:\/\/hubsch-interior.com\/fr\/?s={search_term_string}"},"query-input":{"@type":"PropertyValueSpecification","valueRequired":true,"valueName":"search_term_string"}}],"inLanguage":"fr-FR"},{"@type":"Organization","@id":"https:\/\/hubsch-interior.com\/fr\/#organization","name":"H\u00fcbsch","url":"https:\/\/hubsch-interior.com\/fr\/","logo":{"@type":"ImageObject","inLanguage":"fr-FR","@id":"https:\/\/hubsch-interior.com\/fr\/#\/schema\/logo\/image\/","url":"https:\/\/hubsch-interior.com\/wp-content\/uploads\/2022\/12\/Hubsch_logo_black_one_line.svg","contentUrl":"https:\/\/hubsch-interior.com\/wp-content\/uploads\/2022\/12\/Hubsch_logo_black_one_line.svg","caption":"H\u00fcbsch"},"image":{"@id":"https:\/\/hubsch-interior.com\/fr\/#\/schema\/logo\/image\/"}}]}},"_links":{"self":[{"href":"https:\/\/hubsch-interior.com\/fr\/wp-json\/wp\/v2\/product\/973555","targetHints":{"allow":["GET"]}}],"collection":[{"href":"https:\/\/hubsch-interior.com\/fr\/wp-json\/wp\/v2\/product"}],"about":[{"href":"https:\/\/hubsch-interior.com\/fr\/wp-json\/wp\/v2\/types\/product"}],"wp:featuredmedia":[{"embeddable":true,"href":"https:\/\/hubsch-interior.com\/fr\/wp-json\/wp\/v2\/media\/1102623"}],"wp:attachment":[{"href":"https:\/\/hubsch-interior.com\/fr\/wp-json\/wp\/v2\/media?parent=973555"}],"wp:term":[{"taxonomy":"product_brand","embeddable":true,"href":"https:\/\/hubsch-interior.com\/fr\/wp-json\/wp\/v2\/product_brand?post=973555"},{"taxonomy":"product_cat","embeddable":true,"href":"https:\/\/hubsch-interior.com\/fr\/wp-json\/wp\/v2\/product_cat?post=973555"},{"taxonomy":"product_tag","embeddable":true,"href":"https:\/\/hubsch-interior.com\/fr\/wp-json\/wp\/v2\/product_tag?post=973555"}],"curies":[{"name":"wp","href":"https:\/\/api.w.org\/{rel}","templated":true}]}}