{"id":973776,"date":"2024-01-23T08:28:59","date_gmt":"2024-01-23T07:28:59","guid":{"rendered":"https:\/\/hubsch-interior.com\/product\/product\/"},"modified":"2026-04-05T04:47:15","modified_gmt":"2026-04-05T02:47:15","slug":"museum-commode-naturel","status":"publish","type":"product","link":"https:\/\/hubsch-interior.com\/fr\/produit\/museum-commode-naturel\/","title":{"rendered":"Museum Commode Naturel"},"content":{"rendered":"<p>Notre Museum Commode Naturel est fabriqu\u00e9 \u00e0 partir de mat\u00e9riaux de qualit\u00e9 sup\u00e9rieure, certifi\u00e9s FSC. Elle est confectionn\u00e9e avec un m\u00e9lange de bois massif et de placage de ch\u00eane et de verre. Son design \u00e9pur\u00e9 et intemporel est parfait pour ajouter une touche de sophistication \u00e0 votre int\u00e9rieur. Fabriqu\u00e9e avec des mat\u00e9riaux durables et de haute qualit\u00e9, cette commode est con\u00e7ue pour durer. Elle est facile \u00e0 entretenir et \u00e0 nettoyer. Incontournable pour votre int\u00e9rieur, cette commode Museum Naturel est un must-have.<\/p>\n","protected":false},"excerpt":{"rendered":"<p>Notre Museum Commode Naturel est fabriqu\u00e9 \u00e0 partir de mat\u00e9riaux de qualit\u00e9 sup\u00e9rieure, certifi\u00e9s FSC. Elle est confectionn\u00e9e avec un m\u00e9lange de bois massif et de placage de ch\u00eane et de verre. Son design \u00e9pur\u00e9 et intemporel est parfait pour ajouter une touche de sophistication \u00e0 votre int\u00e9rieur. Fabriqu\u00e9e avec des mat\u00e9riaux durables et de [&hellip;]<\/p>\n","protected":false},"featured_media":1101484,"template":"","meta":{"_acf_changed":false,"inline_featured_image":false},"product_brand":[],"product_cat":[4001,4002,5026],"product_tag":[],"class_list":{"0":"post-973776","1":"product","2":"type-product","3":"status-publish","4":"has-post-thumbnail","6":"product_cat-etageres-et-meubles-de-rangement-fr","7":"product_cat-vitrines-fr","8":"product_cat-bestsellers-fr","9":"product_shipping_class-p10","10":"pa_color-naturel-2","11":"pa_material-mdf-fr","12":"pa_material-verre-fr","13":"pa_material-bois-de-chne-2","14":"pa_material-placage-de-chne-2","16":"first","17":"outofstock","18":"featured","19":"taxable","20":"shipping-taxable","21":"purchasable","22":"product-type-simple"},"exclude_global_add_ons":[],"addons":[],"acf":[],"yoast_head":"<!-- This site is optimized with the Yoast SEO plugin v26.4 - https:\/\/yoast.com\/wordpress\/plugins\/seo\/ -->\n<title>Museum Commode Naturel - H\u00fcbsch<\/title>\n<meta name=\"description\" content=\"Notre Museum Commode Naturel est fabriqu\u00e9 \u00e0 partir de mat\u00e9riaux de qualit\u00e9 sup\u00e9rieure, certifi\u00e9s FSC. Elle est confectionn\u00e9e avec un m\u00e9lange de bois\" \/>\n<meta name=\"robots\" content=\"index, follow, max-snippet:-1, max-image-preview:large, max-video-preview:-1\" \/>\n<link rel=\"canonical\" href=\"https:\/\/hubsch-interior.com\/fr\/wp-json\/wp\/v2\/product\/973776\" \/>\n<meta property=\"og:locale\" content=\"fr_FR\" \/>\n<meta property=\"og:type\" content=\"article\" \/>\n<meta property=\"og:title\" content=\"Museum Commode Naturel - H\u00fcbsch\" \/>\n<meta property=\"og:description\" content=\"Notre Museum Commode Naturel est fabriqu\u00e9 \u00e0 partir de mat\u00e9riaux de qualit\u00e9 sup\u00e9rieure, certifi\u00e9s FSC. Elle est confectionn\u00e9e avec un m\u00e9lange de bois\" \/>\n<meta property=\"og:url\" content=\"https:\/\/hubsch-interior.com\/fr\/produit\/museum-commode-naturel\/\" \/>\n<meta property=\"og:site_name\" content=\"H\u00fcbsch\" \/>\n<meta property=\"article:modified_time\" content=\"2026-04-05T02:47:15+00:00\" \/>\n<meta property=\"og:image\" content=\"https:\/\/hubsch-interior.com\/wp-content\/uploads\/2024\/01\/museum-cabinet-natural-5cad0759f52ff29c3c65b87a13a98112.jpg\" \/>\n\t<meta property=\"og:image:width\" content=\"1200\" \/>\n\t<meta property=\"og:image:height\" content=\"1200\" \/>\n\t<meta property=\"og:image:type\" content=\"image\/jpeg\" \/>\n<meta name=\"twitter:card\" content=\"summary_large_image\" \/>\n<script type=\"application\/ld+json\" class=\"yoast-schema-graph\">{\"@context\":\"https:\/\/schema.org\",\"@graph\":[{\"@type\":\"WebPage\",\"@id\":\"https:\/\/hubsch-interior.com\/fr\/produit\/museum-commode-naturel\/\",\"url\":\"https:\/\/hubsch-interior.com\/fr\/produit\/museum-commode-naturel\/\",\"name\":\"Museum Commode Naturel - H\u00fcbsch\",\"isPartOf\":{\"@id\":\"https:\/\/hubsch-interior.com\/fr\/#website\"},\"primaryImageOfPage\":{\"@id\":\"https:\/\/hubsch-interior.com\/fr\/produit\/museum-commode-naturel\/#primaryimage\"},\"image\":{\"@id\":\"https:\/\/hubsch-interior.com\/fr\/produit\/museum-commode-naturel\/#primaryimage\"},\"thumbnailUrl\":\"https:\/\/hubsch-interior.com\/wp-content\/uploads\/2026\/02\/museum-cabinet-natural-387480bb9d1d0596b8912c351e4b6372.jpg\",\"datePublished\":\"2024-01-23T07:28:59+00:00\",\"dateModified\":\"2026-04-05T02:47:15+00:00\",\"description\":\"Notre Museum Commode Naturel est fabriqu\u00e9 \u00e0 partir de mat\u00e9riaux de qualit\u00e9 sup\u00e9rieure, certifi\u00e9s FSC. Elle est confectionn\u00e9e avec un m\u00e9lange de bois\",\"breadcrumb\":{\"@id\":\"https:\/\/hubsch-interior.com\/fr\/produit\/museum-commode-naturel\/#breadcrumb\"},\"inLanguage\":\"fr-FR\",\"potentialAction\":[{\"@type\":\"ReadAction\",\"target\":[\"https:\/\/hubsch-interior.com\/fr\/produit\/museum-commode-naturel\/\"]}]},{\"@type\":\"ImageObject\",\"inLanguage\":\"fr-FR\",\"@id\":\"https:\/\/hubsch-interior.com\/fr\/produit\/museum-commode-naturel\/#primaryimage\",\"url\":\"https:\/\/hubsch-interior.com\/wp-content\/uploads\/2026\/02\/museum-cabinet-natural-387480bb9d1d0596b8912c351e4b6372.jpg\",\"contentUrl\":\"https:\/\/hubsch-interior.com\/wp-content\/uploads\/2026\/02\/museum-cabinet-natural-387480bb9d1d0596b8912c351e4b6372.jpg\",\"width\":1024,\"height\":1024},{\"@type\":\"BreadcrumbList\",\"@id\":\"https:\/\/hubsch-interior.com\/fr\/produit\/museum-commode-naturel\/#breadcrumb\",\"itemListElement\":[{\"@type\":\"ListItem\",\"position\":1,\"name\":\"Page d'accueil\",\"item\":\"https:\/\/hubsch-interior.com\/fr\/\"},{\"@type\":\"ListItem\",\"position\":2,\"name\":\"Produits\",\"item\":\"https:\/\/hubsch-interior.com\/fr\/shop-2\/\"},{\"@type\":\"ListItem\",\"position\":3,\"name\":\"Meubles\",\"item\":\"https:\/\/hubsch-interior.com\/fr\/categorie-produit\/meubles\/\"},{\"@type\":\"ListItem\",\"position\":4,\"name\":\"Etag&egrave;res et meubles de rangement\",\"item\":\"https:\/\/hubsch-interior.com\/fr\/categorie-produit\/meubles\/etageres-et-meubles-de-rangement-fr\/\"},{\"@type\":\"ListItem\",\"position\":5,\"name\":\"Vitrines\",\"item\":\"https:\/\/hubsch-interior.com\/fr\/categorie-produit\/meubles\/etageres-et-meubles-de-rangement-fr\/vitrines-fr\/\"},{\"@type\":\"ListItem\",\"position\":6,\"name\":\"Museum Commode Naturel\"}]},{\"@type\":\"WebSite\",\"@id\":\"https:\/\/hubsch-interior.com\/fr\/#website\",\"url\":\"https:\/\/hubsch-interior.com\/fr\/\",\"name\":\"H\u00fcbsch\",\"description\":\"Danish Home Interior and Design\",\"publisher\":{\"@id\":\"https:\/\/hubsch-interior.com\/fr\/#organization\"},\"potentialAction\":[{\"@type\":\"SearchAction\",\"target\":{\"@type\":\"EntryPoint\",\"urlTemplate\":\"https:\/\/hubsch-interior.com\/fr\/?s={search_term_string}\"},\"query-input\":{\"@type\":\"PropertyValueSpecification\",\"valueRequired\":true,\"valueName\":\"search_term_string\"}}],\"inLanguage\":\"fr-FR\"},{\"@type\":\"Organization\",\"@id\":\"https:\/\/hubsch-interior.com\/fr\/#organization\",\"name\":\"H\u00fcbsch\",\"url\":\"https:\/\/hubsch-interior.com\/fr\/\",\"logo\":{\"@type\":\"ImageObject\",\"inLanguage\":\"fr-FR\",\"@id\":\"https:\/\/hubsch-interior.com\/fr\/#\/schema\/logo\/image\/\",\"url\":\"https:\/\/hubsch-interior.com\/wp-content\/uploads\/2022\/12\/Hubsch_logo_black_one_line.svg\",\"contentUrl\":\"https:\/\/hubsch-interior.com\/wp-content\/uploads\/2022\/12\/Hubsch_logo_black_one_line.svg\",\"caption\":\"H\u00fcbsch\"},\"image\":{\"@id\":\"https:\/\/hubsch-interior.com\/fr\/#\/schema\/logo\/image\/\"}}]}<\/script>\n<!-- \/ Yoast SEO plugin. -->","yoast_head_json":{"title":"Museum Commode Naturel - H\u00fcbsch","description":"Notre Museum Commode Naturel est fabriqu\u00e9 \u00e0 partir de mat\u00e9riaux de qualit\u00e9 sup\u00e9rieure, certifi\u00e9s FSC. Elle est confectionn\u00e9e avec un m\u00e9lange de bois","robots":{"index":"index","follow":"follow","max-snippet":"max-snippet:-1","max-image-preview":"max-image-preview:large","max-video-preview":"max-video-preview:-1"},"canonical":"https:\/\/hubsch-interior.com\/fr\/wp-json\/wp\/v2\/product\/973776","og_locale":"fr_FR","og_type":"article","og_title":"Museum Commode Naturel - H\u00fcbsch","og_description":"Notre Museum Commode Naturel est fabriqu\u00e9 \u00e0 partir de mat\u00e9riaux de qualit\u00e9 sup\u00e9rieure, certifi\u00e9s FSC. Elle est confectionn\u00e9e avec un m\u00e9lange de bois","og_url":"https:\/\/hubsch-interior.com\/fr\/produit\/museum-commode-naturel\/","og_site_name":"H\u00fcbsch","article_modified_time":"2026-04-05T02:47:15+00:00","og_image":[{"width":1200,"height":1200,"url":"https:\/\/hubsch-interior.com\/wp-content\/uploads\/2024\/01\/museum-cabinet-natural-5cad0759f52ff29c3c65b87a13a98112.jpg","type":"image\/jpeg"}],"twitter_card":"summary_large_image","schema":{"@context":"https:\/\/schema.org","@graph":[{"@type":"WebPage","@id":"https:\/\/hubsch-interior.com\/fr\/produit\/museum-commode-naturel\/","url":"https:\/\/hubsch-interior.com\/fr\/produit\/museum-commode-naturel\/","name":"Museum Commode Naturel - H\u00fcbsch","isPartOf":{"@id":"https:\/\/hubsch-interior.com\/fr\/#website"},"primaryImageOfPage":{"@id":"https:\/\/hubsch-interior.com\/fr\/produit\/museum-commode-naturel\/#primaryimage"},"image":{"@id":"https:\/\/hubsch-interior.com\/fr\/produit\/museum-commode-naturel\/#primaryimage"},"thumbnailUrl":"https:\/\/hubsch-interior.com\/wp-content\/uploads\/2026\/02\/museum-cabinet-natural-387480bb9d1d0596b8912c351e4b6372.jpg","datePublished":"2024-01-23T07:28:59+00:00","dateModified":"2026-04-05T02:47:15+00:00","description":"Notre Museum Commode Naturel est fabriqu\u00e9 \u00e0 partir de mat\u00e9riaux de qualit\u00e9 sup\u00e9rieure, certifi\u00e9s FSC. Elle est confectionn\u00e9e avec un m\u00e9lange de bois","breadcrumb":{"@id":"https:\/\/hubsch-interior.com\/fr\/produit\/museum-commode-naturel\/#breadcrumb"},"inLanguage":"fr-FR","potentialAction":[{"@type":"ReadAction","target":["https:\/\/hubsch-interior.com\/fr\/produit\/museum-commode-naturel\/"]}]},{"@type":"ImageObject","inLanguage":"fr-FR","@id":"https:\/\/hubsch-interior.com\/fr\/produit\/museum-commode-naturel\/#primaryimage","url":"https:\/\/hubsch-interior.com\/wp-content\/uploads\/2026\/02\/museum-cabinet-natural-387480bb9d1d0596b8912c351e4b6372.jpg","contentUrl":"https:\/\/hubsch-interior.com\/wp-content\/uploads\/2026\/02\/museum-cabinet-natural-387480bb9d1d0596b8912c351e4b6372.jpg","width":1024,"height":1024},{"@type":"BreadcrumbList","@id":"https:\/\/hubsch-interior.com\/fr\/produit\/museum-commode-naturel\/#breadcrumb","itemListElement":[{"@type":"ListItem","position":1,"name":"Page d'accueil","item":"https:\/\/hubsch-interior.com\/fr\/"},{"@type":"ListItem","position":2,"name":"Produits","item":"https:\/\/hubsch-interior.com\/fr\/shop-2\/"},{"@type":"ListItem","position":3,"name":"Meubles","item":"https:\/\/hubsch-interior.com\/fr\/categorie-produit\/meubles\/"},{"@type":"ListItem","position":4,"name":"Etag&egrave;res et meubles de rangement","item":"https:\/\/hubsch-interior.com\/fr\/categorie-produit\/meubles\/etageres-et-meubles-de-rangement-fr\/"},{"@type":"ListItem","position":5,"name":"Vitrines","item":"https:\/\/hubsch-interior.com\/fr\/categorie-produit\/meubles\/etageres-et-meubles-de-rangement-fr\/vitrines-fr\/"},{"@type":"ListItem","position":6,"name":"Museum Commode Naturel"}]},{"@type":"WebSite","@id":"https:\/\/hubsch-interior.com\/fr\/#website","url":"https:\/\/hubsch-interior.com\/fr\/","name":"H\u00fcbsch","description":"Danish Home Interior and Design","publisher":{"@id":"https:\/\/hubsch-interior.com\/fr\/#organization"},"potentialAction":[{"@type":"SearchAction","target":{"@type":"EntryPoint","urlTemplate":"https:\/\/hubsch-interior.com\/fr\/?s={search_term_string}"},"query-input":{"@type":"PropertyValueSpecification","valueRequired":true,"valueName":"search_term_string"}}],"inLanguage":"fr-FR"},{"@type":"Organization","@id":"https:\/\/hubsch-interior.com\/fr\/#organization","name":"H\u00fcbsch","url":"https:\/\/hubsch-interior.com\/fr\/","logo":{"@type":"ImageObject","inLanguage":"fr-FR","@id":"https:\/\/hubsch-interior.com\/fr\/#\/schema\/logo\/image\/","url":"https:\/\/hubsch-interior.com\/wp-content\/uploads\/2022\/12\/Hubsch_logo_black_one_line.svg","contentUrl":"https:\/\/hubsch-interior.com\/wp-content\/uploads\/2022\/12\/Hubsch_logo_black_one_line.svg","caption":"H\u00fcbsch"},"image":{"@id":"https:\/\/hubsch-interior.com\/fr\/#\/schema\/logo\/image\/"}}]}},"_links":{"self":[{"href":"https:\/\/hubsch-interior.com\/fr\/wp-json\/wp\/v2\/product\/973776","targetHints":{"allow":["GET"]}}],"collection":[{"href":"https:\/\/hubsch-interior.com\/fr\/wp-json\/wp\/v2\/product"}],"about":[{"href":"https:\/\/hubsch-interior.com\/fr\/wp-json\/wp\/v2\/types\/product"}],"wp:featuredmedia":[{"embeddable":true,"href":"https:\/\/hubsch-interior.com\/fr\/wp-json\/wp\/v2\/media\/1101484"}],"wp:attachment":[{"href":"https:\/\/hubsch-interior.com\/fr\/wp-json\/wp\/v2\/media?parent=973776"}],"wp:term":[{"taxonomy":"product_brand","embeddable":true,"href":"https:\/\/hubsch-interior.com\/fr\/wp-json\/wp\/v2\/product_brand?post=973776"},{"taxonomy":"product_cat","embeddable":true,"href":"https:\/\/hubsch-interior.com\/fr\/wp-json\/wp\/v2\/product_cat?post=973776"},{"taxonomy":"product_tag","embeddable":true,"href":"https:\/\/hubsch-interior.com\/fr\/wp-json\/wp\/v2\/product_tag?post=973776"}],"curies":[{"name":"wp","href":"https:\/\/api.w.org\/{rel}","templated":true}]}}