{"id":973800,"date":"2024-01-23T08:31:05","date_gmt":"2024-01-23T07:31:05","guid":{"rendered":"https:\/\/hubsch-interior.com\/product\/product\/"},"modified":"2026-04-05T04:50:28","modified_gmt":"2026-04-05T02:50:28","slug":"vertigo-porte-revues-naturel","status":"publish","type":"product","link":"https:\/\/hubsch-interior.com\/fr\/produit\/vertigo-porte-revues-naturel\/","title":{"rendered":"Vertigo Porte-revues Naturel"},"content":{"rendered":"<p>Le Vertigo Porte-revues Naturel est un porte-revues \u00e9l\u00e9gant et robuste, fabriqu\u00e9 en bois de ch\u00eane vernis et en bois de ch\u00eane massif. Cet accessoire pratique est certifi\u00e9 FSC, ce qui est un gage de qualit\u00e9 et de respect de l\u2019environnement. Il est parfait pour organiser et ranger vos magazines, journaux et autres documents. Vous pourrez ainsi les retrouver facilement \u00e0 chaque fois que vous en aurez besoin. Le Vertigo Porte-revues Naturel est un ajout \u00e9l\u00e9gant et fonctionnel \u00e0 votre espace int\u00e9rieur.<\/p>\n","protected":false},"excerpt":{"rendered":"<p>Le Vertigo Porte-revues Naturel est un porte-revues \u00e9l\u00e9gant et robuste, fabriqu\u00e9 en bois de ch\u00eane vernis et en bois de ch\u00eane massif. Cet accessoire pratique est certifi\u00e9 FSC, ce qui est un gage de qualit\u00e9 et de respect de l\u2019environnement. Il est parfait pour organiser et ranger vos magazines, journaux et autres documents. Vous pourrez [&hellip;]<\/p>\n","protected":false},"featured_media":1102208,"template":"","meta":{"_acf_changed":false,"inline_featured_image":false},"product_brand":[],"product_cat":[4001,4023,3110,4019,5026],"product_tag":[],"class_list":{"0":"post-973800","1":"product","2":"type-product","3":"status-publish","4":"has-post-thumbnail","6":"product_cat-etageres-et-meubles-de-rangement-fr","7":"product_cat-etageres-murales-fr","8":"product_cat-espace-de-rangement-fr","9":"product_cat-porte-revues-fr","10":"product_cat-bestsellers-fr","11":"product_shipping_class-pk","12":"pa_color-naturel-2","13":"pa_material-mdf-fr","14":"pa_material-bois-de-chne-2","15":"pa_material-placage-de-chne-2","17":"first","18":"outofstock","19":"featured","20":"taxable","21":"shipping-taxable","22":"purchasable","23":"product-type-simple"},"exclude_global_add_ons":[],"addons":[],"acf":[],"yoast_head":"<!-- This site is optimized with the Yoast SEO plugin v26.4 - https:\/\/yoast.com\/wordpress\/plugins\/seo\/ -->\n<title>Vertigo Porte-revues Naturel - H\u00fcbsch<\/title>\n<meta name=\"description\" content=\"Le Vertigo Porte-revues Naturel est un porte-revues \u00e9l\u00e9gant et robuste, fabriqu\u00e9 en bois de ch\u00eane vernis et en bois de ch\u00eane massif. Cet accessoire\" \/>\n<meta name=\"robots\" content=\"index, follow, max-snippet:-1, max-image-preview:large, max-video-preview:-1\" \/>\n<link rel=\"canonical\" href=\"https:\/\/hubsch-interior.com\/fr\/wp-json\/wp\/v2\/product\/973800\" \/>\n<meta property=\"og:locale\" content=\"fr_FR\" \/>\n<meta property=\"og:type\" content=\"article\" \/>\n<meta property=\"og:title\" content=\"Vertigo Porte-revues Naturel - H\u00fcbsch\" \/>\n<meta property=\"og:description\" content=\"Le Vertigo Porte-revues Naturel est un porte-revues \u00e9l\u00e9gant et robuste, fabriqu\u00e9 en bois de ch\u00eane vernis et en bois de ch\u00eane massif. Cet accessoire\" \/>\n<meta property=\"og:url\" content=\"https:\/\/hubsch-interior.com\/fr\/produit\/vertigo-porte-revues-naturel\/\" \/>\n<meta property=\"og:site_name\" content=\"H\u00fcbsch\" \/>\n<meta property=\"article:modified_time\" content=\"2026-04-05T02:50:28+00:00\" \/>\n<meta property=\"og:image\" content=\"https:\/\/hubsch-interior.com\/wp-content\/uploads\/2024\/03\/vertigo-magazine-holder-natural-b3aae202c831167d297062bf2c2aa11b.jpg\" \/>\n\t<meta property=\"og:image:width\" content=\"1200\" \/>\n\t<meta property=\"og:image:height\" content=\"1200\" \/>\n\t<meta property=\"og:image:type\" content=\"image\/jpeg\" \/>\n<meta name=\"twitter:card\" content=\"summary_large_image\" \/>\n<script type=\"application\/ld+json\" class=\"yoast-schema-graph\">{\"@context\":\"https:\/\/schema.org\",\"@graph\":[{\"@type\":\"WebPage\",\"@id\":\"https:\/\/hubsch-interior.com\/fr\/produit\/vertigo-porte-revues-naturel\/\",\"url\":\"https:\/\/hubsch-interior.com\/fr\/produit\/vertigo-porte-revues-naturel\/\",\"name\":\"Vertigo Porte-revues Naturel - H\u00fcbsch\",\"isPartOf\":{\"@id\":\"https:\/\/hubsch-interior.com\/fr\/#website\"},\"primaryImageOfPage\":{\"@id\":\"https:\/\/hubsch-interior.com\/fr\/produit\/vertigo-porte-revues-naturel\/#primaryimage\"},\"image\":{\"@id\":\"https:\/\/hubsch-interior.com\/fr\/produit\/vertigo-porte-revues-naturel\/#primaryimage\"},\"thumbnailUrl\":\"https:\/\/hubsch-interior.com\/wp-content\/uploads\/2026\/02\/vertigo-magazine-holder-natural-db2d4f493b38f1bccab4203a95b83ac2.jpg\",\"datePublished\":\"2024-01-23T07:31:05+00:00\",\"dateModified\":\"2026-04-05T02:50:28+00:00\",\"description\":\"Le Vertigo Porte-revues Naturel est un porte-revues \u00e9l\u00e9gant et robuste, fabriqu\u00e9 en bois de ch\u00eane vernis et en bois de ch\u00eane massif. Cet accessoire\",\"breadcrumb\":{\"@id\":\"https:\/\/hubsch-interior.com\/fr\/produit\/vertigo-porte-revues-naturel\/#breadcrumb\"},\"inLanguage\":\"fr-FR\",\"potentialAction\":[{\"@type\":\"ReadAction\",\"target\":[\"https:\/\/hubsch-interior.com\/fr\/produit\/vertigo-porte-revues-naturel\/\"]}]},{\"@type\":\"ImageObject\",\"inLanguage\":\"fr-FR\",\"@id\":\"https:\/\/hubsch-interior.com\/fr\/produit\/vertigo-porte-revues-naturel\/#primaryimage\",\"url\":\"https:\/\/hubsch-interior.com\/wp-content\/uploads\/2026\/02\/vertigo-magazine-holder-natural-db2d4f493b38f1bccab4203a95b83ac2.jpg\",\"contentUrl\":\"https:\/\/hubsch-interior.com\/wp-content\/uploads\/2026\/02\/vertigo-magazine-holder-natural-db2d4f493b38f1bccab4203a95b83ac2.jpg\",\"width\":1024,\"height\":1024},{\"@type\":\"BreadcrumbList\",\"@id\":\"https:\/\/hubsch-interior.com\/fr\/produit\/vertigo-porte-revues-naturel\/#breadcrumb\",\"itemListElement\":[{\"@type\":\"ListItem\",\"position\":1,\"name\":\"Page d'accueil\",\"item\":\"https:\/\/hubsch-interior.com\/fr\/\"},{\"@type\":\"ListItem\",\"position\":2,\"name\":\"Produits\",\"item\":\"https:\/\/hubsch-interior.com\/fr\/shop-2\/\"},{\"@type\":\"ListItem\",\"position\":3,\"name\":\"Meubles\",\"item\":\"https:\/\/hubsch-interior.com\/fr\/categorie-produit\/meubles\/\"},{\"@type\":\"ListItem\",\"position\":4,\"name\":\"Etag&egrave;res et meubles de rangement\",\"item\":\"https:\/\/hubsch-interior.com\/fr\/categorie-produit\/meubles\/etageres-et-meubles-de-rangement-fr\/\"},{\"@type\":\"ListItem\",\"position\":5,\"name\":\"Etag&egrave;res murales\",\"item\":\"https:\/\/hubsch-interior.com\/fr\/categorie-produit\/meubles\/etageres-et-meubles-de-rangement-fr\/etageres-murales-fr\/\"},{\"@type\":\"ListItem\",\"position\":6,\"name\":\"Vertigo Porte-revues Naturel\"}]},{\"@type\":\"WebSite\",\"@id\":\"https:\/\/hubsch-interior.com\/fr\/#website\",\"url\":\"https:\/\/hubsch-interior.com\/fr\/\",\"name\":\"H\u00fcbsch\",\"description\":\"Danish Home Interior and Design\",\"publisher\":{\"@id\":\"https:\/\/hubsch-interior.com\/fr\/#organization\"},\"potentialAction\":[{\"@type\":\"SearchAction\",\"target\":{\"@type\":\"EntryPoint\",\"urlTemplate\":\"https:\/\/hubsch-interior.com\/fr\/?s={search_term_string}\"},\"query-input\":{\"@type\":\"PropertyValueSpecification\",\"valueRequired\":true,\"valueName\":\"search_term_string\"}}],\"inLanguage\":\"fr-FR\"},{\"@type\":\"Organization\",\"@id\":\"https:\/\/hubsch-interior.com\/fr\/#organization\",\"name\":\"H\u00fcbsch\",\"url\":\"https:\/\/hubsch-interior.com\/fr\/\",\"logo\":{\"@type\":\"ImageObject\",\"inLanguage\":\"fr-FR\",\"@id\":\"https:\/\/hubsch-interior.com\/fr\/#\/schema\/logo\/image\/\",\"url\":\"https:\/\/hubsch-interior.com\/wp-content\/uploads\/2022\/12\/Hubsch_logo_black_one_line.svg\",\"contentUrl\":\"https:\/\/hubsch-interior.com\/wp-content\/uploads\/2022\/12\/Hubsch_logo_black_one_line.svg\",\"caption\":\"H\u00fcbsch\"},\"image\":{\"@id\":\"https:\/\/hubsch-interior.com\/fr\/#\/schema\/logo\/image\/\"}}]}<\/script>\n<!-- \/ Yoast SEO plugin. -->","yoast_head_json":{"title":"Vertigo Porte-revues Naturel - H\u00fcbsch","description":"Le Vertigo Porte-revues Naturel est un porte-revues \u00e9l\u00e9gant et robuste, fabriqu\u00e9 en bois de ch\u00eane vernis et en bois de ch\u00eane massif. Cet accessoire","robots":{"index":"index","follow":"follow","max-snippet":"max-snippet:-1","max-image-preview":"max-image-preview:large","max-video-preview":"max-video-preview:-1"},"canonical":"https:\/\/hubsch-interior.com\/fr\/wp-json\/wp\/v2\/product\/973800","og_locale":"fr_FR","og_type":"article","og_title":"Vertigo Porte-revues Naturel - H\u00fcbsch","og_description":"Le Vertigo Porte-revues Naturel est un porte-revues \u00e9l\u00e9gant et robuste, fabriqu\u00e9 en bois de ch\u00eane vernis et en bois de ch\u00eane massif. Cet accessoire","og_url":"https:\/\/hubsch-interior.com\/fr\/produit\/vertigo-porte-revues-naturel\/","og_site_name":"H\u00fcbsch","article_modified_time":"2026-04-05T02:50:28+00:00","og_image":[{"width":1200,"height":1200,"url":"https:\/\/hubsch-interior.com\/wp-content\/uploads\/2024\/03\/vertigo-magazine-holder-natural-b3aae202c831167d297062bf2c2aa11b.jpg","type":"image\/jpeg"}],"twitter_card":"summary_large_image","schema":{"@context":"https:\/\/schema.org","@graph":[{"@type":"WebPage","@id":"https:\/\/hubsch-interior.com\/fr\/produit\/vertigo-porte-revues-naturel\/","url":"https:\/\/hubsch-interior.com\/fr\/produit\/vertigo-porte-revues-naturel\/","name":"Vertigo Porte-revues Naturel - H\u00fcbsch","isPartOf":{"@id":"https:\/\/hubsch-interior.com\/fr\/#website"},"primaryImageOfPage":{"@id":"https:\/\/hubsch-interior.com\/fr\/produit\/vertigo-porte-revues-naturel\/#primaryimage"},"image":{"@id":"https:\/\/hubsch-interior.com\/fr\/produit\/vertigo-porte-revues-naturel\/#primaryimage"},"thumbnailUrl":"https:\/\/hubsch-interior.com\/wp-content\/uploads\/2026\/02\/vertigo-magazine-holder-natural-db2d4f493b38f1bccab4203a95b83ac2.jpg","datePublished":"2024-01-23T07:31:05+00:00","dateModified":"2026-04-05T02:50:28+00:00","description":"Le Vertigo Porte-revues Naturel est un porte-revues \u00e9l\u00e9gant et robuste, fabriqu\u00e9 en bois de ch\u00eane vernis et en bois de ch\u00eane massif. Cet accessoire","breadcrumb":{"@id":"https:\/\/hubsch-interior.com\/fr\/produit\/vertigo-porte-revues-naturel\/#breadcrumb"},"inLanguage":"fr-FR","potentialAction":[{"@type":"ReadAction","target":["https:\/\/hubsch-interior.com\/fr\/produit\/vertigo-porte-revues-naturel\/"]}]},{"@type":"ImageObject","inLanguage":"fr-FR","@id":"https:\/\/hubsch-interior.com\/fr\/produit\/vertigo-porte-revues-naturel\/#primaryimage","url":"https:\/\/hubsch-interior.com\/wp-content\/uploads\/2026\/02\/vertigo-magazine-holder-natural-db2d4f493b38f1bccab4203a95b83ac2.jpg","contentUrl":"https:\/\/hubsch-interior.com\/wp-content\/uploads\/2026\/02\/vertigo-magazine-holder-natural-db2d4f493b38f1bccab4203a95b83ac2.jpg","width":1024,"height":1024},{"@type":"BreadcrumbList","@id":"https:\/\/hubsch-interior.com\/fr\/produit\/vertigo-porte-revues-naturel\/#breadcrumb","itemListElement":[{"@type":"ListItem","position":1,"name":"Page d'accueil","item":"https:\/\/hubsch-interior.com\/fr\/"},{"@type":"ListItem","position":2,"name":"Produits","item":"https:\/\/hubsch-interior.com\/fr\/shop-2\/"},{"@type":"ListItem","position":3,"name":"Meubles","item":"https:\/\/hubsch-interior.com\/fr\/categorie-produit\/meubles\/"},{"@type":"ListItem","position":4,"name":"Etag&egrave;res et meubles de rangement","item":"https:\/\/hubsch-interior.com\/fr\/categorie-produit\/meubles\/etageres-et-meubles-de-rangement-fr\/"},{"@type":"ListItem","position":5,"name":"Etag&egrave;res murales","item":"https:\/\/hubsch-interior.com\/fr\/categorie-produit\/meubles\/etageres-et-meubles-de-rangement-fr\/etageres-murales-fr\/"},{"@type":"ListItem","position":6,"name":"Vertigo Porte-revues Naturel"}]},{"@type":"WebSite","@id":"https:\/\/hubsch-interior.com\/fr\/#website","url":"https:\/\/hubsch-interior.com\/fr\/","name":"H\u00fcbsch","description":"Danish Home Interior and Design","publisher":{"@id":"https:\/\/hubsch-interior.com\/fr\/#organization"},"potentialAction":[{"@type":"SearchAction","target":{"@type":"EntryPoint","urlTemplate":"https:\/\/hubsch-interior.com\/fr\/?s={search_term_string}"},"query-input":{"@type":"PropertyValueSpecification","valueRequired":true,"valueName":"search_term_string"}}],"inLanguage":"fr-FR"},{"@type":"Organization","@id":"https:\/\/hubsch-interior.com\/fr\/#organization","name":"H\u00fcbsch","url":"https:\/\/hubsch-interior.com\/fr\/","logo":{"@type":"ImageObject","inLanguage":"fr-FR","@id":"https:\/\/hubsch-interior.com\/fr\/#\/schema\/logo\/image\/","url":"https:\/\/hubsch-interior.com\/wp-content\/uploads\/2022\/12\/Hubsch_logo_black_one_line.svg","contentUrl":"https:\/\/hubsch-interior.com\/wp-content\/uploads\/2022\/12\/Hubsch_logo_black_one_line.svg","caption":"H\u00fcbsch"},"image":{"@id":"https:\/\/hubsch-interior.com\/fr\/#\/schema\/logo\/image\/"}}]}},"_links":{"self":[{"href":"https:\/\/hubsch-interior.com\/fr\/wp-json\/wp\/v2\/product\/973800","targetHints":{"allow":["GET"]}}],"collection":[{"href":"https:\/\/hubsch-interior.com\/fr\/wp-json\/wp\/v2\/product"}],"about":[{"href":"https:\/\/hubsch-interior.com\/fr\/wp-json\/wp\/v2\/types\/product"}],"wp:featuredmedia":[{"embeddable":true,"href":"https:\/\/hubsch-interior.com\/fr\/wp-json\/wp\/v2\/media\/1102208"}],"wp:attachment":[{"href":"https:\/\/hubsch-interior.com\/fr\/wp-json\/wp\/v2\/media?parent=973800"}],"wp:term":[{"taxonomy":"product_brand","embeddable":true,"href":"https:\/\/hubsch-interior.com\/fr\/wp-json\/wp\/v2\/product_brand?post=973800"},{"taxonomy":"product_cat","embeddable":true,"href":"https:\/\/hubsch-interior.com\/fr\/wp-json\/wp\/v2\/product_cat?post=973800"},{"taxonomy":"product_tag","embeddable":true,"href":"https:\/\/hubsch-interior.com\/fr\/wp-json\/wp\/v2\/product_tag?post=973800"}],"curies":[{"name":"wp","href":"https:\/\/api.w.org\/{rel}","templated":true}]}}