{"id":974551,"date":"2024-01-29T08:21:42","date_gmt":"2024-01-29T07:21:42","guid":{"rendered":"https:\/\/hubsch-interior.com\/product\/product\/"},"modified":"2026-04-09T04:18:38","modified_gmt":"2026-04-09T02:18:38","slug":"sempre-portant-gris-olive","status":"publish","type":"product","link":"https:\/\/hubsch-interior.com\/fr\/produit\/sempre-portant-gris-olive\/","title":{"rendered":"Sempre Portant Gris\/Olive"},"content":{"rendered":"<p>D\u00e9couvrez la solution ultime pour \u00e9conomiser de l&#8217;espace et r\u00e9pondre \u00e0 vos besoins de rangement de v\u00eatements \u2014 le Sempre Portant. Son design fin est id\u00e9al pour ceux qui ont un espace limit\u00e9, et son m\u00e9lange de couleurs gris et olive apporte une touche d&#8217;\u00e9l\u00e9gance moderne \u00e0 n&#8217;importe quelle pi\u00e8ce. Fabriqu\u00e9 en acier solide, ce portant est non seulement \u00e9l\u00e9gant, mais aussi durable. Il est parfait pour organiser vos v\u00eatements et peut m\u00eame \u00eatre utilis\u00e9 dans les chambres d&#8217;h\u00f4tel pour plus de commodit\u00e9. Am\u00e9liorez votre rangement avec le Sempre Portant.<\/p>\n","protected":false},"excerpt":{"rendered":"<p>D\u00e9couvrez la solution ultime pour \u00e9conomiser de l&#8217;espace et r\u00e9pondre \u00e0 vos besoins de rangement de v\u00eatements \u2014 le Sempre Portant. Son design fin est id\u00e9al pour ceux qui ont un espace limit\u00e9, et son m\u00e9lange de couleurs gris et olive apporte une touche d&#8217;\u00e9l\u00e9gance moderne \u00e0 n&#8217;importe quelle pi\u00e8ce. Fabriqu\u00e9 en acier solide, ce [&hellip;]<\/p>\n","protected":false},"featured_media":1093519,"template":"","meta":{"_acf_changed":false,"inline_featured_image":false},"product_brand":[],"product_cat":[6882,4001,5089,4033,5461,5026,5030],"product_tag":[],"class_list":{"0":"post-974551","1":"product","2":"type-product","3":"status-publish","4":"has-post-thumbnail","6":"product_cat-elevating-nostalgia-fr","7":"product_cat-etageres-et-meubles-de-rangement-fr","8":"product_cat-portants-fr","9":"product_cat-garde-robe-portants-fr","10":"product_cat-etageres-fr","11":"product_cat-bestsellers-fr","12":"product_cat-de-nouveau-en-stock-fr","13":"product_shipping_class-p05","15":"pa_color-gris-2","16":"pa_color-olive-4","17":"pa_material-acier","19":"first","20":"instock","21":"featured","22":"taxable","23":"shipping-taxable","24":"purchasable","25":"product-type-simple"},"exclude_global_add_ons":[],"addons":[],"acf":[],"yoast_head":"<!-- This site is optimized with the Yoast SEO plugin v26.4 - https:\/\/yoast.com\/wordpress\/plugins\/seo\/ -->\n<title>Sempre Portant Gris\/Olive - H\u00fcbsch<\/title>\n<meta name=\"description\" content=\"D\u00e9couvrez la solution ultime pour \u00e9conomiser de l&#039;espace et r\u00e9pondre \u00e0 vos besoins de rangement de v\u00eatements \u2014 le Sempre Portant. Son design fin est id\u00e9al\" \/>\n<meta name=\"robots\" content=\"index, follow, max-snippet:-1, max-image-preview:large, max-video-preview:-1\" \/>\n<link rel=\"canonical\" href=\"https:\/\/hubsch-interior.com\/fr\/wp-json\/wp\/v2\/product\/974551\" \/>\n<meta property=\"og:locale\" content=\"fr_FR\" \/>\n<meta property=\"og:type\" content=\"article\" \/>\n<meta property=\"og:title\" content=\"Sempre Portant Gris\/Olive - H\u00fcbsch\" \/>\n<meta property=\"og:description\" content=\"D\u00e9couvrez la solution ultime pour \u00e9conomiser de l&#039;espace et r\u00e9pondre \u00e0 vos besoins de rangement de v\u00eatements \u2014 le Sempre Portant. Son design fin est id\u00e9al\" \/>\n<meta property=\"og:url\" content=\"https:\/\/hubsch-interior.com\/fr\/produit\/sempre-portant-gris-olive\/\" \/>\n<meta property=\"og:site_name\" content=\"H\u00fcbsch\" \/>\n<meta property=\"article:modified_time\" content=\"2026-04-09T02:18:38+00:00\" \/>\n<meta property=\"og:image\" content=\"https:\/\/hubsch-interior.com\/wp-content\/uploads\/2024\/01\/sempre-clothing-rack-greyolive-bf2890f5fd27f4427a230f8e342d031f.jpg\" \/>\n\t<meta property=\"og:image:width\" content=\"1200\" \/>\n\t<meta property=\"og:image:height\" content=\"1200\" \/>\n\t<meta property=\"og:image:type\" content=\"image\/jpeg\" \/>\n<meta name=\"twitter:card\" content=\"summary_large_image\" \/>\n<meta name=\"twitter:label1\" content=\"Dur\u00e9e de lecture estim\u00e9e\" \/>\n\t<meta name=\"twitter:data1\" content=\"1 minute\" \/>\n<script type=\"application\/ld+json\" class=\"yoast-schema-graph\">{\"@context\":\"https:\/\/schema.org\",\"@graph\":[{\"@type\":\"WebPage\",\"@id\":\"https:\/\/hubsch-interior.com\/fr\/produit\/sempre-portant-gris-olive\/\",\"url\":\"https:\/\/hubsch-interior.com\/fr\/produit\/sempre-portant-gris-olive\/\",\"name\":\"Sempre Portant Gris\/Olive - H\u00fcbsch\",\"isPartOf\":{\"@id\":\"https:\/\/hubsch-interior.com\/fr\/#website\"},\"primaryImageOfPage\":{\"@id\":\"https:\/\/hubsch-interior.com\/fr\/produit\/sempre-portant-gris-olive\/#primaryimage\"},\"image\":{\"@id\":\"https:\/\/hubsch-interior.com\/fr\/produit\/sempre-portant-gris-olive\/#primaryimage\"},\"thumbnailUrl\":\"https:\/\/hubsch-interior.com\/wp-content\/uploads\/2026\/02\/sempre-clothing-rack-greyolive-0ec56159f6cd615f22bf9398097ee45a.jpg\",\"datePublished\":\"2024-01-29T07:21:42+00:00\",\"dateModified\":\"2026-04-09T02:18:38+00:00\",\"description\":\"D\u00e9couvrez la solution ultime pour \u00e9conomiser de l'espace et r\u00e9pondre \u00e0 vos besoins de rangement de v\u00eatements \u2014 le Sempre Portant. Son design fin est id\u00e9al\",\"breadcrumb\":{\"@id\":\"https:\/\/hubsch-interior.com\/fr\/produit\/sempre-portant-gris-olive\/#breadcrumb\"},\"inLanguage\":\"fr-FR\",\"potentialAction\":[{\"@type\":\"ReadAction\",\"target\":[\"https:\/\/hubsch-interior.com\/fr\/produit\/sempre-portant-gris-olive\/\"]}]},{\"@type\":\"ImageObject\",\"inLanguage\":\"fr-FR\",\"@id\":\"https:\/\/hubsch-interior.com\/fr\/produit\/sempre-portant-gris-olive\/#primaryimage\",\"url\":\"https:\/\/hubsch-interior.com\/wp-content\/uploads\/2026\/02\/sempre-clothing-rack-greyolive-0ec56159f6cd615f22bf9398097ee45a.jpg\",\"contentUrl\":\"https:\/\/hubsch-interior.com\/wp-content\/uploads\/2026\/02\/sempre-clothing-rack-greyolive-0ec56159f6cd615f22bf9398097ee45a.jpg\",\"width\":1024,\"height\":1024},{\"@type\":\"BreadcrumbList\",\"@id\":\"https:\/\/hubsch-interior.com\/fr\/produit\/sempre-portant-gris-olive\/#breadcrumb\",\"itemListElement\":[{\"@type\":\"ListItem\",\"position\":1,\"name\":\"Page d'accueil\",\"item\":\"https:\/\/hubsch-interior.com\/fr\/\"},{\"@type\":\"ListItem\",\"position\":2,\"name\":\"Produits\",\"item\":\"https:\/\/hubsch-interior.com\/fr\/shop-2\/\"},{\"@type\":\"ListItem\",\"position\":3,\"name\":\"Meubles\",\"item\":\"https:\/\/hubsch-interior.com\/fr\/categorie-produit\/meubles\/\"},{\"@type\":\"ListItem\",\"position\":4,\"name\":\"Etag&egrave;res et meubles de rangement\",\"item\":\"https:\/\/hubsch-interior.com\/fr\/categorie-produit\/meubles\/etageres-et-meubles-de-rangement-fr\/\"},{\"@type\":\"ListItem\",\"position\":5,\"name\":\"Portants\",\"item\":\"https:\/\/hubsch-interior.com\/fr\/categorie-produit\/meubles\/etageres-et-meubles-de-rangement-fr\/portants-fr\/\"},{\"@type\":\"ListItem\",\"position\":6,\"name\":\"Sempre Portant Gris\/Olive\"}]},{\"@type\":\"WebSite\",\"@id\":\"https:\/\/hubsch-interior.com\/fr\/#website\",\"url\":\"https:\/\/hubsch-interior.com\/fr\/\",\"name\":\"H\u00fcbsch\",\"description\":\"Danish Home Interior and Design\",\"publisher\":{\"@id\":\"https:\/\/hubsch-interior.com\/fr\/#organization\"},\"potentialAction\":[{\"@type\":\"SearchAction\",\"target\":{\"@type\":\"EntryPoint\",\"urlTemplate\":\"https:\/\/hubsch-interior.com\/fr\/?s={search_term_string}\"},\"query-input\":{\"@type\":\"PropertyValueSpecification\",\"valueRequired\":true,\"valueName\":\"search_term_string\"}}],\"inLanguage\":\"fr-FR\"},{\"@type\":\"Organization\",\"@id\":\"https:\/\/hubsch-interior.com\/fr\/#organization\",\"name\":\"H\u00fcbsch\",\"url\":\"https:\/\/hubsch-interior.com\/fr\/\",\"logo\":{\"@type\":\"ImageObject\",\"inLanguage\":\"fr-FR\",\"@id\":\"https:\/\/hubsch-interior.com\/fr\/#\/schema\/logo\/image\/\",\"url\":\"https:\/\/hubsch-interior.com\/wp-content\/uploads\/2022\/12\/Hubsch_logo_black_one_line.svg\",\"contentUrl\":\"https:\/\/hubsch-interior.com\/wp-content\/uploads\/2022\/12\/Hubsch_logo_black_one_line.svg\",\"caption\":\"H\u00fcbsch\"},\"image\":{\"@id\":\"https:\/\/hubsch-interior.com\/fr\/#\/schema\/logo\/image\/\"}}]}<\/script>\n<!-- \/ Yoast SEO plugin. -->","yoast_head_json":{"title":"Sempre Portant Gris\/Olive - H\u00fcbsch","description":"D\u00e9couvrez la solution ultime pour \u00e9conomiser de l'espace et r\u00e9pondre \u00e0 vos besoins de rangement de v\u00eatements \u2014 le Sempre Portant. Son design fin est id\u00e9al","robots":{"index":"index","follow":"follow","max-snippet":"max-snippet:-1","max-image-preview":"max-image-preview:large","max-video-preview":"max-video-preview:-1"},"canonical":"https:\/\/hubsch-interior.com\/fr\/wp-json\/wp\/v2\/product\/974551","og_locale":"fr_FR","og_type":"article","og_title":"Sempre Portant Gris\/Olive - H\u00fcbsch","og_description":"D\u00e9couvrez la solution ultime pour \u00e9conomiser de l'espace et r\u00e9pondre \u00e0 vos besoins de rangement de v\u00eatements \u2014 le Sempre Portant. Son design fin est id\u00e9al","og_url":"https:\/\/hubsch-interior.com\/fr\/produit\/sempre-portant-gris-olive\/","og_site_name":"H\u00fcbsch","article_modified_time":"2026-04-09T02:18:38+00:00","og_image":[{"width":1200,"height":1200,"url":"https:\/\/hubsch-interior.com\/wp-content\/uploads\/2024\/01\/sempre-clothing-rack-greyolive-bf2890f5fd27f4427a230f8e342d031f.jpg","type":"image\/jpeg"}],"twitter_card":"summary_large_image","twitter_misc":{"Dur\u00e9e de lecture estim\u00e9e":"1 minute"},"schema":{"@context":"https:\/\/schema.org","@graph":[{"@type":"WebPage","@id":"https:\/\/hubsch-interior.com\/fr\/produit\/sempre-portant-gris-olive\/","url":"https:\/\/hubsch-interior.com\/fr\/produit\/sempre-portant-gris-olive\/","name":"Sempre Portant Gris\/Olive - H\u00fcbsch","isPartOf":{"@id":"https:\/\/hubsch-interior.com\/fr\/#website"},"primaryImageOfPage":{"@id":"https:\/\/hubsch-interior.com\/fr\/produit\/sempre-portant-gris-olive\/#primaryimage"},"image":{"@id":"https:\/\/hubsch-interior.com\/fr\/produit\/sempre-portant-gris-olive\/#primaryimage"},"thumbnailUrl":"https:\/\/hubsch-interior.com\/wp-content\/uploads\/2026\/02\/sempre-clothing-rack-greyolive-0ec56159f6cd615f22bf9398097ee45a.jpg","datePublished":"2024-01-29T07:21:42+00:00","dateModified":"2026-04-09T02:18:38+00:00","description":"D\u00e9couvrez la solution ultime pour \u00e9conomiser de l'espace et r\u00e9pondre \u00e0 vos besoins de rangement de v\u00eatements \u2014 le Sempre Portant. Son design fin est id\u00e9al","breadcrumb":{"@id":"https:\/\/hubsch-interior.com\/fr\/produit\/sempre-portant-gris-olive\/#breadcrumb"},"inLanguage":"fr-FR","potentialAction":[{"@type":"ReadAction","target":["https:\/\/hubsch-interior.com\/fr\/produit\/sempre-portant-gris-olive\/"]}]},{"@type":"ImageObject","inLanguage":"fr-FR","@id":"https:\/\/hubsch-interior.com\/fr\/produit\/sempre-portant-gris-olive\/#primaryimage","url":"https:\/\/hubsch-interior.com\/wp-content\/uploads\/2026\/02\/sempre-clothing-rack-greyolive-0ec56159f6cd615f22bf9398097ee45a.jpg","contentUrl":"https:\/\/hubsch-interior.com\/wp-content\/uploads\/2026\/02\/sempre-clothing-rack-greyolive-0ec56159f6cd615f22bf9398097ee45a.jpg","width":1024,"height":1024},{"@type":"BreadcrumbList","@id":"https:\/\/hubsch-interior.com\/fr\/produit\/sempre-portant-gris-olive\/#breadcrumb","itemListElement":[{"@type":"ListItem","position":1,"name":"Page d'accueil","item":"https:\/\/hubsch-interior.com\/fr\/"},{"@type":"ListItem","position":2,"name":"Produits","item":"https:\/\/hubsch-interior.com\/fr\/shop-2\/"},{"@type":"ListItem","position":3,"name":"Meubles","item":"https:\/\/hubsch-interior.com\/fr\/categorie-produit\/meubles\/"},{"@type":"ListItem","position":4,"name":"Etag&egrave;res et meubles de rangement","item":"https:\/\/hubsch-interior.com\/fr\/categorie-produit\/meubles\/etageres-et-meubles-de-rangement-fr\/"},{"@type":"ListItem","position":5,"name":"Portants","item":"https:\/\/hubsch-interior.com\/fr\/categorie-produit\/meubles\/etageres-et-meubles-de-rangement-fr\/portants-fr\/"},{"@type":"ListItem","position":6,"name":"Sempre Portant Gris\/Olive"}]},{"@type":"WebSite","@id":"https:\/\/hubsch-interior.com\/fr\/#website","url":"https:\/\/hubsch-interior.com\/fr\/","name":"H\u00fcbsch","description":"Danish Home Interior and Design","publisher":{"@id":"https:\/\/hubsch-interior.com\/fr\/#organization"},"potentialAction":[{"@type":"SearchAction","target":{"@type":"EntryPoint","urlTemplate":"https:\/\/hubsch-interior.com\/fr\/?s={search_term_string}"},"query-input":{"@type":"PropertyValueSpecification","valueRequired":true,"valueName":"search_term_string"}}],"inLanguage":"fr-FR"},{"@type":"Organization","@id":"https:\/\/hubsch-interior.com\/fr\/#organization","name":"H\u00fcbsch","url":"https:\/\/hubsch-interior.com\/fr\/","logo":{"@type":"ImageObject","inLanguage":"fr-FR","@id":"https:\/\/hubsch-interior.com\/fr\/#\/schema\/logo\/image\/","url":"https:\/\/hubsch-interior.com\/wp-content\/uploads\/2022\/12\/Hubsch_logo_black_one_line.svg","contentUrl":"https:\/\/hubsch-interior.com\/wp-content\/uploads\/2022\/12\/Hubsch_logo_black_one_line.svg","caption":"H\u00fcbsch"},"image":{"@id":"https:\/\/hubsch-interior.com\/fr\/#\/schema\/logo\/image\/"}}]}},"_links":{"self":[{"href":"https:\/\/hubsch-interior.com\/fr\/wp-json\/wp\/v2\/product\/974551","targetHints":{"allow":["GET"]}}],"collection":[{"href":"https:\/\/hubsch-interior.com\/fr\/wp-json\/wp\/v2\/product"}],"about":[{"href":"https:\/\/hubsch-interior.com\/fr\/wp-json\/wp\/v2\/types\/product"}],"wp:featuredmedia":[{"embeddable":true,"href":"https:\/\/hubsch-interior.com\/fr\/wp-json\/wp\/v2\/media\/1093519"}],"wp:attachment":[{"href":"https:\/\/hubsch-interior.com\/fr\/wp-json\/wp\/v2\/media?parent=974551"}],"wp:term":[{"taxonomy":"product_brand","embeddable":true,"href":"https:\/\/hubsch-interior.com\/fr\/wp-json\/wp\/v2\/product_brand?post=974551"},{"taxonomy":"product_cat","embeddable":true,"href":"https:\/\/hubsch-interior.com\/fr\/wp-json\/wp\/v2\/product_cat?post=974551"},{"taxonomy":"product_tag","embeddable":true,"href":"https:\/\/hubsch-interior.com\/fr\/wp-json\/wp\/v2\/product_tag?post=974551"}],"curies":[{"name":"wp","href":"https:\/\/api.w.org\/{rel}","templated":true}]}}