{"id":974844,"date":"2024-01-29T08:23:50","date_gmt":"2024-01-29T07:23:50","guid":{"rendered":"https:\/\/hubsch-interior.com\/product\/product\/"},"modified":"2026-04-09T04:19:05","modified_gmt":"2026-04-09T02:19:05","slug":"vault-table-dappoint-boite-de-rangement-marron-bleu","status":"publish","type":"product","link":"https:\/\/hubsch-interior.com\/fr\/produit\/vault-table-dappoint-boite-de-rangement-marron-bleu\/","title":{"rendered":"Vault Table d\u2019appoint\/Bo\u00eete de rangement Marron\/Bleu"},"content":{"rendered":"<p>D\u00e9couvrez la Table d\u2019appoint\/Bo\u00eete de rangement Vault \u2014 le compl\u00e9ment parfait pour votre d\u00e9coration int\u00e9rieure ! Fabriqu\u00e9e \u00e0 partir de luxueux bois de fr\u00eane certifi\u00e9 FSC, cette pi\u00e8ce multifonctionnelle est propos\u00e9e en trois superbes variantes, dont un \u00e9l\u00e9gant brun et un rafra\u00eechissant bleu. Son design esth\u00e9tique apporte une touche de sophistication \u00e0 n&#8217;importe quelle pi\u00e8ce, tout en offrant un espace de rangement suppl\u00e9mentaire pour vos essentiels du quotidien. Que ce soit pour ranger les chaussures et sacs dans l&#8217;entr\u00e9e, ou pour organiser les jouets dans la chambre d&#8217;enfant, cet accent cr\u00e9atif et multifonctionnel est un indispensable. Disponible dans d&#8217;autres couleurs pour s&#8217;adapter \u00e0 votre style personnel. Rehaussez votre espace avec la Table d\u2019appoint\/Bo\u00eete de rangement Vault.<\/p>\n","protected":false},"excerpt":{"rendered":"<p>D\u00e9couvrez la Table d\u2019appoint\/Bo\u00eete de rangement Vault \u2014 le compl\u00e9ment parfait pour votre d\u00e9coration int\u00e9rieure ! Fabriqu\u00e9e \u00e0 partir de luxueux bois de fr\u00eane certifi\u00e9 FSC, cette pi\u00e8ce multifonctionnelle est propos\u00e9e en trois superbes variantes, dont un \u00e9l\u00e9gant brun et un rafra\u00eechissant bleu. Son design esth\u00e9tique apporte une touche de sophistication \u00e0 n&#8217;importe quelle pi\u00e8ce, [&hellip;]<\/p>\n","protected":false},"featured_media":1093667,"template":"","meta":{"_acf_changed":false,"inline_featured_image":false},"product_brand":[],"product_cat":[6882,6892,6322,2859,4027,3110,3645],"product_tag":[],"class_list":{"0":"post-974844","1":"product","2":"type-product","3":"status-publish","4":"has-post-thumbnail","6":"product_cat-elevating-nostalgia-fr","7":"product_cat-meubles-multifonctionnels-fr","8":"product_cat-fsc-fr","9":"product_cat-tables-fr","10":"product_cat-tables-dappoint-fr","11":"product_cat-espace-de-rangement-fr","12":"product_cat-boites-a-rangement-fr","13":"product_shipping_class-pk","15":"pa_color-marron","16":"pa_color-bleu-2","17":"pa_material-bois-de-frne","19":"first","20":"instock","21":"taxable","22":"shipping-taxable","23":"purchasable","24":"product-type-simple"},"exclude_global_add_ons":[],"addons":[],"acf":[],"yoast_head":"<!-- This site is optimized with the Yoast SEO plugin v26.4 - https:\/\/yoast.com\/wordpress\/plugins\/seo\/ -->\n<title>Vault Table d\u2019appoint\/Bo\u00eete de rangement Marron\/Bleu - H\u00fcbsch<\/title>\n<meta name=\"description\" content=\"D\u00e9couvrez la Table d\u2019appoint\/Bo\u00eete de rangement Vault \u2014 le compl\u00e9ment parfait pour votre d\u00e9coration int\u00e9rieure ! Fabriqu\u00e9e \u00e0 partir de luxueux bois de\" \/>\n<meta name=\"robots\" content=\"index, follow, max-snippet:-1, max-image-preview:large, max-video-preview:-1\" \/>\n<link rel=\"canonical\" href=\"https:\/\/hubsch-interior.com\/fr\/wp-json\/wp\/v2\/product\/974844\" \/>\n<meta property=\"og:locale\" content=\"fr_FR\" \/>\n<meta property=\"og:type\" content=\"article\" \/>\n<meta property=\"og:title\" content=\"Vault Table d\u2019appoint\/Bo\u00eete de rangement Marron\/Bleu - H\u00fcbsch\" \/>\n<meta property=\"og:description\" content=\"D\u00e9couvrez la Table d\u2019appoint\/Bo\u00eete de rangement Vault \u2014 le compl\u00e9ment parfait pour votre d\u00e9coration int\u00e9rieure ! Fabriqu\u00e9e \u00e0 partir de luxueux bois de\" \/>\n<meta property=\"og:url\" content=\"https:\/\/hubsch-interior.com\/fr\/produit\/vault-table-dappoint-boite-de-rangement-marron-bleu\/\" \/>\n<meta property=\"og:site_name\" content=\"H\u00fcbsch\" \/>\n<meta property=\"article:modified_time\" content=\"2026-04-09T02:19:05+00:00\" \/>\n<meta property=\"og:image\" content=\"https:\/\/hubsch-interior.com\/wp-content\/uploads\/2024\/01\/vault-side-tablestorage-box-brownblue-818bc7a931f02a1a7839c776700e850c.jpg\" \/>\n\t<meta property=\"og:image:width\" content=\"1200\" \/>\n\t<meta property=\"og:image:height\" content=\"1200\" \/>\n\t<meta property=\"og:image:type\" content=\"image\/jpeg\" \/>\n<meta name=\"twitter:card\" content=\"summary_large_image\" \/>\n<meta name=\"twitter:label1\" content=\"Dur\u00e9e de lecture estim\u00e9e\" \/>\n\t<meta name=\"twitter:data1\" content=\"1 minute\" \/>\n<script type=\"application\/ld+json\" class=\"yoast-schema-graph\">{\"@context\":\"https:\/\/schema.org\",\"@graph\":[{\"@type\":\"WebPage\",\"@id\":\"https:\/\/hubsch-interior.com\/fr\/produit\/vault-table-dappoint-boite-de-rangement-marron-bleu\/\",\"url\":\"https:\/\/hubsch-interior.com\/fr\/produit\/vault-table-dappoint-boite-de-rangement-marron-bleu\/\",\"name\":\"Vault Table d\u2019appoint\/Bo\u00eete de rangement Marron\/Bleu - H\u00fcbsch\",\"isPartOf\":{\"@id\":\"https:\/\/hubsch-interior.com\/fr\/#website\"},\"primaryImageOfPage\":{\"@id\":\"https:\/\/hubsch-interior.com\/fr\/produit\/vault-table-dappoint-boite-de-rangement-marron-bleu\/#primaryimage\"},\"image\":{\"@id\":\"https:\/\/hubsch-interior.com\/fr\/produit\/vault-table-dappoint-boite-de-rangement-marron-bleu\/#primaryimage\"},\"thumbnailUrl\":\"https:\/\/hubsch-interior.com\/wp-content\/uploads\/2026\/02\/vault-side-tablestorage-box-brownblue-c791db6b4cd05f35956cddddc48bdfe0.jpg\",\"datePublished\":\"2024-01-29T07:23:50+00:00\",\"dateModified\":\"2026-04-09T02:19:05+00:00\",\"description\":\"D\u00e9couvrez la Table d\u2019appoint\/Bo\u00eete de rangement Vault \u2014 le compl\u00e9ment parfait pour votre d\u00e9coration int\u00e9rieure ! Fabriqu\u00e9e \u00e0 partir de luxueux bois de\",\"breadcrumb\":{\"@id\":\"https:\/\/hubsch-interior.com\/fr\/produit\/vault-table-dappoint-boite-de-rangement-marron-bleu\/#breadcrumb\"},\"inLanguage\":\"fr-FR\",\"potentialAction\":[{\"@type\":\"ReadAction\",\"target\":[\"https:\/\/hubsch-interior.com\/fr\/produit\/vault-table-dappoint-boite-de-rangement-marron-bleu\/\"]}]},{\"@type\":\"ImageObject\",\"inLanguage\":\"fr-FR\",\"@id\":\"https:\/\/hubsch-interior.com\/fr\/produit\/vault-table-dappoint-boite-de-rangement-marron-bleu\/#primaryimage\",\"url\":\"https:\/\/hubsch-interior.com\/wp-content\/uploads\/2026\/02\/vault-side-tablestorage-box-brownblue-c791db6b4cd05f35956cddddc48bdfe0.jpg\",\"contentUrl\":\"https:\/\/hubsch-interior.com\/wp-content\/uploads\/2026\/02\/vault-side-tablestorage-box-brownblue-c791db6b4cd05f35956cddddc48bdfe0.jpg\",\"width\":1024,\"height\":1024},{\"@type\":\"BreadcrumbList\",\"@id\":\"https:\/\/hubsch-interior.com\/fr\/produit\/vault-table-dappoint-boite-de-rangement-marron-bleu\/#breadcrumb\",\"itemListElement\":[{\"@type\":\"ListItem\",\"position\":1,\"name\":\"Page d'accueil\",\"item\":\"https:\/\/hubsch-interior.com\/fr\/\"},{\"@type\":\"ListItem\",\"position\":2,\"name\":\"Produits\",\"item\":\"https:\/\/hubsch-interior.com\/fr\/shop-2\/\"},{\"@type\":\"ListItem\",\"position\":3,\"name\":\"Meubles\",\"item\":\"https:\/\/hubsch-interior.com\/fr\/categorie-produit\/meubles\/\"},{\"@type\":\"ListItem\",\"position\":4,\"name\":\"Tables\",\"item\":\"https:\/\/hubsch-interior.com\/fr\/categorie-produit\/meubles\/tables-fr\/\"},{\"@type\":\"ListItem\",\"position\":5,\"name\":\"Tables d&#039;appoint\",\"item\":\"https:\/\/hubsch-interior.com\/fr\/categorie-produit\/meubles\/tables-fr\/tables-dappoint-fr\/\"},{\"@type\":\"ListItem\",\"position\":6,\"name\":\"Vault Table d\u2019appoint\/Bo\u00eete de rangement Marron\/Bleu\"}]},{\"@type\":\"WebSite\",\"@id\":\"https:\/\/hubsch-interior.com\/fr\/#website\",\"url\":\"https:\/\/hubsch-interior.com\/fr\/\",\"name\":\"H\u00fcbsch\",\"description\":\"Danish Home Interior and Design\",\"publisher\":{\"@id\":\"https:\/\/hubsch-interior.com\/fr\/#organization\"},\"potentialAction\":[{\"@type\":\"SearchAction\",\"target\":{\"@type\":\"EntryPoint\",\"urlTemplate\":\"https:\/\/hubsch-interior.com\/fr\/?s={search_term_string}\"},\"query-input\":{\"@type\":\"PropertyValueSpecification\",\"valueRequired\":true,\"valueName\":\"search_term_string\"}}],\"inLanguage\":\"fr-FR\"},{\"@type\":\"Organization\",\"@id\":\"https:\/\/hubsch-interior.com\/fr\/#organization\",\"name\":\"H\u00fcbsch\",\"url\":\"https:\/\/hubsch-interior.com\/fr\/\",\"logo\":{\"@type\":\"ImageObject\",\"inLanguage\":\"fr-FR\",\"@id\":\"https:\/\/hubsch-interior.com\/fr\/#\/schema\/logo\/image\/\",\"url\":\"https:\/\/hubsch-interior.com\/wp-content\/uploads\/2022\/12\/Hubsch_logo_black_one_line.svg\",\"contentUrl\":\"https:\/\/hubsch-interior.com\/wp-content\/uploads\/2022\/12\/Hubsch_logo_black_one_line.svg\",\"caption\":\"H\u00fcbsch\"},\"image\":{\"@id\":\"https:\/\/hubsch-interior.com\/fr\/#\/schema\/logo\/image\/\"}}]}<\/script>\n<!-- \/ Yoast SEO plugin. -->","yoast_head_json":{"title":"Vault Table d\u2019appoint\/Bo\u00eete de rangement Marron\/Bleu - H\u00fcbsch","description":"D\u00e9couvrez la Table d\u2019appoint\/Bo\u00eete de rangement Vault \u2014 le compl\u00e9ment parfait pour votre d\u00e9coration int\u00e9rieure ! Fabriqu\u00e9e \u00e0 partir de luxueux bois de","robots":{"index":"index","follow":"follow","max-snippet":"max-snippet:-1","max-image-preview":"max-image-preview:large","max-video-preview":"max-video-preview:-1"},"canonical":"https:\/\/hubsch-interior.com\/fr\/wp-json\/wp\/v2\/product\/974844","og_locale":"fr_FR","og_type":"article","og_title":"Vault Table d\u2019appoint\/Bo\u00eete de rangement Marron\/Bleu - H\u00fcbsch","og_description":"D\u00e9couvrez la Table d\u2019appoint\/Bo\u00eete de rangement Vault \u2014 le compl\u00e9ment parfait pour votre d\u00e9coration int\u00e9rieure ! Fabriqu\u00e9e \u00e0 partir de luxueux bois de","og_url":"https:\/\/hubsch-interior.com\/fr\/produit\/vault-table-dappoint-boite-de-rangement-marron-bleu\/","og_site_name":"H\u00fcbsch","article_modified_time":"2026-04-09T02:19:05+00:00","og_image":[{"width":1200,"height":1200,"url":"https:\/\/hubsch-interior.com\/wp-content\/uploads\/2024\/01\/vault-side-tablestorage-box-brownblue-818bc7a931f02a1a7839c776700e850c.jpg","type":"image\/jpeg"}],"twitter_card":"summary_large_image","twitter_misc":{"Dur\u00e9e de lecture estim\u00e9e":"1 minute"},"schema":{"@context":"https:\/\/schema.org","@graph":[{"@type":"WebPage","@id":"https:\/\/hubsch-interior.com\/fr\/produit\/vault-table-dappoint-boite-de-rangement-marron-bleu\/","url":"https:\/\/hubsch-interior.com\/fr\/produit\/vault-table-dappoint-boite-de-rangement-marron-bleu\/","name":"Vault Table d\u2019appoint\/Bo\u00eete de rangement Marron\/Bleu - H\u00fcbsch","isPartOf":{"@id":"https:\/\/hubsch-interior.com\/fr\/#website"},"primaryImageOfPage":{"@id":"https:\/\/hubsch-interior.com\/fr\/produit\/vault-table-dappoint-boite-de-rangement-marron-bleu\/#primaryimage"},"image":{"@id":"https:\/\/hubsch-interior.com\/fr\/produit\/vault-table-dappoint-boite-de-rangement-marron-bleu\/#primaryimage"},"thumbnailUrl":"https:\/\/hubsch-interior.com\/wp-content\/uploads\/2026\/02\/vault-side-tablestorage-box-brownblue-c791db6b4cd05f35956cddddc48bdfe0.jpg","datePublished":"2024-01-29T07:23:50+00:00","dateModified":"2026-04-09T02:19:05+00:00","description":"D\u00e9couvrez la Table d\u2019appoint\/Bo\u00eete de rangement Vault \u2014 le compl\u00e9ment parfait pour votre d\u00e9coration int\u00e9rieure ! Fabriqu\u00e9e \u00e0 partir de luxueux bois de","breadcrumb":{"@id":"https:\/\/hubsch-interior.com\/fr\/produit\/vault-table-dappoint-boite-de-rangement-marron-bleu\/#breadcrumb"},"inLanguage":"fr-FR","potentialAction":[{"@type":"ReadAction","target":["https:\/\/hubsch-interior.com\/fr\/produit\/vault-table-dappoint-boite-de-rangement-marron-bleu\/"]}]},{"@type":"ImageObject","inLanguage":"fr-FR","@id":"https:\/\/hubsch-interior.com\/fr\/produit\/vault-table-dappoint-boite-de-rangement-marron-bleu\/#primaryimage","url":"https:\/\/hubsch-interior.com\/wp-content\/uploads\/2026\/02\/vault-side-tablestorage-box-brownblue-c791db6b4cd05f35956cddddc48bdfe0.jpg","contentUrl":"https:\/\/hubsch-interior.com\/wp-content\/uploads\/2026\/02\/vault-side-tablestorage-box-brownblue-c791db6b4cd05f35956cddddc48bdfe0.jpg","width":1024,"height":1024},{"@type":"BreadcrumbList","@id":"https:\/\/hubsch-interior.com\/fr\/produit\/vault-table-dappoint-boite-de-rangement-marron-bleu\/#breadcrumb","itemListElement":[{"@type":"ListItem","position":1,"name":"Page d'accueil","item":"https:\/\/hubsch-interior.com\/fr\/"},{"@type":"ListItem","position":2,"name":"Produits","item":"https:\/\/hubsch-interior.com\/fr\/shop-2\/"},{"@type":"ListItem","position":3,"name":"Meubles","item":"https:\/\/hubsch-interior.com\/fr\/categorie-produit\/meubles\/"},{"@type":"ListItem","position":4,"name":"Tables","item":"https:\/\/hubsch-interior.com\/fr\/categorie-produit\/meubles\/tables-fr\/"},{"@type":"ListItem","position":5,"name":"Tables d&#039;appoint","item":"https:\/\/hubsch-interior.com\/fr\/categorie-produit\/meubles\/tables-fr\/tables-dappoint-fr\/"},{"@type":"ListItem","position":6,"name":"Vault Table d\u2019appoint\/Bo\u00eete de rangement Marron\/Bleu"}]},{"@type":"WebSite","@id":"https:\/\/hubsch-interior.com\/fr\/#website","url":"https:\/\/hubsch-interior.com\/fr\/","name":"H\u00fcbsch","description":"Danish Home Interior and Design","publisher":{"@id":"https:\/\/hubsch-interior.com\/fr\/#organization"},"potentialAction":[{"@type":"SearchAction","target":{"@type":"EntryPoint","urlTemplate":"https:\/\/hubsch-interior.com\/fr\/?s={search_term_string}"},"query-input":{"@type":"PropertyValueSpecification","valueRequired":true,"valueName":"search_term_string"}}],"inLanguage":"fr-FR"},{"@type":"Organization","@id":"https:\/\/hubsch-interior.com\/fr\/#organization","name":"H\u00fcbsch","url":"https:\/\/hubsch-interior.com\/fr\/","logo":{"@type":"ImageObject","inLanguage":"fr-FR","@id":"https:\/\/hubsch-interior.com\/fr\/#\/schema\/logo\/image\/","url":"https:\/\/hubsch-interior.com\/wp-content\/uploads\/2022\/12\/Hubsch_logo_black_one_line.svg","contentUrl":"https:\/\/hubsch-interior.com\/wp-content\/uploads\/2022\/12\/Hubsch_logo_black_one_line.svg","caption":"H\u00fcbsch"},"image":{"@id":"https:\/\/hubsch-interior.com\/fr\/#\/schema\/logo\/image\/"}}]}},"_links":{"self":[{"href":"https:\/\/hubsch-interior.com\/fr\/wp-json\/wp\/v2\/product\/974844","targetHints":{"allow":["GET"]}}],"collection":[{"href":"https:\/\/hubsch-interior.com\/fr\/wp-json\/wp\/v2\/product"}],"about":[{"href":"https:\/\/hubsch-interior.com\/fr\/wp-json\/wp\/v2\/types\/product"}],"wp:featuredmedia":[{"embeddable":true,"href":"https:\/\/hubsch-interior.com\/fr\/wp-json\/wp\/v2\/media\/1093667"}],"wp:attachment":[{"href":"https:\/\/hubsch-interior.com\/fr\/wp-json\/wp\/v2\/media?parent=974844"}],"wp:term":[{"taxonomy":"product_brand","embeddable":true,"href":"https:\/\/hubsch-interior.com\/fr\/wp-json\/wp\/v2\/product_brand?post=974844"},{"taxonomy":"product_cat","embeddable":true,"href":"https:\/\/hubsch-interior.com\/fr\/wp-json\/wp\/v2\/product_cat?post=974844"},{"taxonomy":"product_tag","embeddable":true,"href":"https:\/\/hubsch-interior.com\/fr\/wp-json\/wp\/v2\/product_tag?post=974844"}],"curies":[{"name":"wp","href":"https:\/\/api.w.org\/{rel}","templated":true}]}}