{"id":974864,"date":"2024-01-29T08:24:09","date_gmt":"2024-01-29T07:24:09","guid":{"rendered":"https:\/\/hubsch-interior.com\/product\/product\/"},"modified":"2026-04-09T04:19:10","modified_gmt":"2026-04-09T02:19:10","slug":"tick-porte-revues-sable-jaune","status":"publish","type":"product","link":"https:\/\/hubsch-interior.com\/fr\/produit\/tick-porte-revues-sable-jaune\/","title":{"rendered":"Tick Porte-revues Sable\/Jaune"},"content":{"rendered":"<p>Le Tick Porte-revues est un ajout dynamique \u00e0 votre d\u00e9coration int\u00e9rieure. Cette pi\u00e8ce d\u00e9clarative est habilement con\u00e7ue en bois de fr\u00eane certifi\u00e9 FSC, offrant une teinte chaleureuse de sable\/jaune qui s&#8217;harmonise parfaitement avec tout int\u00e9rieur. Non seulement c&#8217;est un accent color\u00e9, mais il sert \u00e9galement de pr\u00e9sentoir sculptural pour vos livres de table basse pr\u00e9f\u00e9r\u00e9s. Gardez vos lectures organis\u00e9es et facilement accessibles avec ce rangement de magazines moderne. Le Tick Porte-revues est un incontournable pour toute personne passionn\u00e9e de design.<\/p>\n","protected":false},"excerpt":{"rendered":"<p>Le Tick Porte-revues est un ajout dynamique \u00e0 votre d\u00e9coration int\u00e9rieure. Cette pi\u00e8ce d\u00e9clarative est habilement con\u00e7ue en bois de fr\u00eane certifi\u00e9 FSC, offrant une teinte chaleureuse de sable\/jaune qui s&#8217;harmonise parfaitement avec tout int\u00e9rieur. Non seulement c&#8217;est un accent color\u00e9, mais il sert \u00e9galement de pr\u00e9sentoir sculptural pour vos livres de table basse pr\u00e9f\u00e9r\u00e9s. [&hellip;]<\/p>\n","protected":false},"featured_media":1093699,"template":"","meta":{"_acf_changed":false,"inline_featured_image":false},"product_brand":[],"product_cat":[6882,6322,3110,4019,5026,6535],"product_tag":[],"class_list":{"0":"post-974864","1":"product","2":"type-product","3":"status-publish","4":"has-post-thumbnail","6":"product_cat-elevating-nostalgia-fr","7":"product_cat-fsc-fr","8":"product_cat-espace-de-rangement-fr","9":"product_cat-porte-revues-fr","10":"product_cat-bestsellers-fr","11":"product_cat-outlet-fr","12":"product_shipping_class-pk","14":"pa_color-jaune","15":"pa_color-sable","16":"pa_material-bois-de-frne","18":"first","19":"instock","20":"sale","21":"featured","22":"taxable","23":"shipping-taxable","24":"purchasable","25":"product-type-simple"},"exclude_global_add_ons":[],"addons":[],"acf":[],"yoast_head":"<!-- This site is optimized with the Yoast SEO plugin v26.4 - https:\/\/yoast.com\/wordpress\/plugins\/seo\/ -->\n<title>Tick Porte-revues Sable\/Jaune - H\u00fcbsch<\/title>\n<meta name=\"description\" content=\"Le Tick Porte-revues est un ajout dynamique \u00e0 votre d\u00e9coration int\u00e9rieure. Cette pi\u00e8ce d\u00e9clarative est habilement con\u00e7ue en bois de fr\u00eane certifi\u00e9 FSC,\" \/>\n<meta name=\"robots\" content=\"index, follow, max-snippet:-1, max-image-preview:large, max-video-preview:-1\" \/>\n<link rel=\"canonical\" href=\"https:\/\/hubsch-interior.com\/fr\/wp-json\/wp\/v2\/product\/974864\" \/>\n<meta property=\"og:locale\" content=\"fr_FR\" \/>\n<meta property=\"og:type\" content=\"article\" \/>\n<meta property=\"og:title\" content=\"Tick Porte-revues Sable\/Jaune - H\u00fcbsch\" \/>\n<meta property=\"og:description\" content=\"Le Tick Porte-revues est un ajout dynamique \u00e0 votre d\u00e9coration int\u00e9rieure. Cette pi\u00e8ce d\u00e9clarative est habilement con\u00e7ue en bois de fr\u00eane certifi\u00e9 FSC,\" \/>\n<meta property=\"og:url\" content=\"https:\/\/hubsch-interior.com\/fr\/produit\/tick-porte-revues-sable-jaune\/\" \/>\n<meta property=\"og:site_name\" content=\"H\u00fcbsch\" \/>\n<meta property=\"article:modified_time\" content=\"2026-04-09T02:19:10+00:00\" \/>\n<meta property=\"og:image\" content=\"https:\/\/hubsch-interior.com\/wp-content\/uploads\/2024\/03\/tick-magazine-holder-sandyellow-0e11dd87d51e290531b132888760378d.jpg\" \/>\n\t<meta property=\"og:image:width\" content=\"1200\" \/>\n\t<meta property=\"og:image:height\" content=\"1200\" \/>\n\t<meta property=\"og:image:type\" content=\"image\/jpeg\" \/>\n<meta name=\"twitter:card\" content=\"summary_large_image\" \/>\n<script type=\"application\/ld+json\" class=\"yoast-schema-graph\">{\"@context\":\"https:\/\/schema.org\",\"@graph\":[{\"@type\":\"WebPage\",\"@id\":\"https:\/\/hubsch-interior.com\/fr\/produit\/tick-porte-revues-sable-jaune\/\",\"url\":\"https:\/\/hubsch-interior.com\/fr\/produit\/tick-porte-revues-sable-jaune\/\",\"name\":\"Tick Porte-revues Sable\/Jaune - H\u00fcbsch\",\"isPartOf\":{\"@id\":\"https:\/\/hubsch-interior.com\/fr\/#website\"},\"primaryImageOfPage\":{\"@id\":\"https:\/\/hubsch-interior.com\/fr\/produit\/tick-porte-revues-sable-jaune\/#primaryimage\"},\"image\":{\"@id\":\"https:\/\/hubsch-interior.com\/fr\/produit\/tick-porte-revues-sable-jaune\/#primaryimage\"},\"thumbnailUrl\":\"https:\/\/hubsch-interior.com\/wp-content\/uploads\/2026\/02\/tick-magazine-holder-sandyellow-c5070e6b4d2bd0577c57e34356b20cb2.jpg\",\"datePublished\":\"2024-01-29T07:24:09+00:00\",\"dateModified\":\"2026-04-09T02:19:10+00:00\",\"description\":\"Le Tick Porte-revues est un ajout dynamique \u00e0 votre d\u00e9coration int\u00e9rieure. Cette pi\u00e8ce d\u00e9clarative est habilement con\u00e7ue en bois de fr\u00eane certifi\u00e9 FSC,\",\"breadcrumb\":{\"@id\":\"https:\/\/hubsch-interior.com\/fr\/produit\/tick-porte-revues-sable-jaune\/#breadcrumb\"},\"inLanguage\":\"fr-FR\",\"potentialAction\":[{\"@type\":\"ReadAction\",\"target\":[\"https:\/\/hubsch-interior.com\/fr\/produit\/tick-porte-revues-sable-jaune\/\"]}]},{\"@type\":\"ImageObject\",\"inLanguage\":\"fr-FR\",\"@id\":\"https:\/\/hubsch-interior.com\/fr\/produit\/tick-porte-revues-sable-jaune\/#primaryimage\",\"url\":\"https:\/\/hubsch-interior.com\/wp-content\/uploads\/2026\/02\/tick-magazine-holder-sandyellow-c5070e6b4d2bd0577c57e34356b20cb2.jpg\",\"contentUrl\":\"https:\/\/hubsch-interior.com\/wp-content\/uploads\/2026\/02\/tick-magazine-holder-sandyellow-c5070e6b4d2bd0577c57e34356b20cb2.jpg\",\"width\":1024,\"height\":1024},{\"@type\":\"BreadcrumbList\",\"@id\":\"https:\/\/hubsch-interior.com\/fr\/produit\/tick-porte-revues-sable-jaune\/#breadcrumb\",\"itemListElement\":[{\"@type\":\"ListItem\",\"position\":1,\"name\":\"Page d'accueil\",\"item\":\"https:\/\/hubsch-interior.com\/fr\/\"},{\"@type\":\"ListItem\",\"position\":2,\"name\":\"Produits\",\"item\":\"https:\/\/hubsch-interior.com\/fr\/shop-2\/\"},{\"@type\":\"ListItem\",\"position\":3,\"name\":\"Accessoires maison\",\"item\":\"https:\/\/hubsch-interior.com\/fr\/categorie-produit\/accessoires-maison\/\"},{\"@type\":\"ListItem\",\"position\":4,\"name\":\"Espace de rangement\",\"item\":\"https:\/\/hubsch-interior.com\/fr\/categorie-produit\/accessoires-maison\/espace-de-rangement-fr\/\"},{\"@type\":\"ListItem\",\"position\":5,\"name\":\"Porte-revues\",\"item\":\"https:\/\/hubsch-interior.com\/fr\/categorie-produit\/accessoires-maison\/espace-de-rangement-fr\/porte-revues-fr\/\"},{\"@type\":\"ListItem\",\"position\":6,\"name\":\"Tick Porte-revues Sable\/Jaune\"}]},{\"@type\":\"WebSite\",\"@id\":\"https:\/\/hubsch-interior.com\/fr\/#website\",\"url\":\"https:\/\/hubsch-interior.com\/fr\/\",\"name\":\"H\u00fcbsch\",\"description\":\"Danish Home Interior and Design\",\"publisher\":{\"@id\":\"https:\/\/hubsch-interior.com\/fr\/#organization\"},\"potentialAction\":[{\"@type\":\"SearchAction\",\"target\":{\"@type\":\"EntryPoint\",\"urlTemplate\":\"https:\/\/hubsch-interior.com\/fr\/?s={search_term_string}\"},\"query-input\":{\"@type\":\"PropertyValueSpecification\",\"valueRequired\":true,\"valueName\":\"search_term_string\"}}],\"inLanguage\":\"fr-FR\"},{\"@type\":\"Organization\",\"@id\":\"https:\/\/hubsch-interior.com\/fr\/#organization\",\"name\":\"H\u00fcbsch\",\"url\":\"https:\/\/hubsch-interior.com\/fr\/\",\"logo\":{\"@type\":\"ImageObject\",\"inLanguage\":\"fr-FR\",\"@id\":\"https:\/\/hubsch-interior.com\/fr\/#\/schema\/logo\/image\/\",\"url\":\"https:\/\/hubsch-interior.com\/wp-content\/uploads\/2022\/12\/Hubsch_logo_black_one_line.svg\",\"contentUrl\":\"https:\/\/hubsch-interior.com\/wp-content\/uploads\/2022\/12\/Hubsch_logo_black_one_line.svg\",\"caption\":\"H\u00fcbsch\"},\"image\":{\"@id\":\"https:\/\/hubsch-interior.com\/fr\/#\/schema\/logo\/image\/\"}}]}<\/script>\n<!-- \/ Yoast SEO plugin. -->","yoast_head_json":{"title":"Tick Porte-revues Sable\/Jaune - H\u00fcbsch","description":"Le Tick Porte-revues est un ajout dynamique \u00e0 votre d\u00e9coration int\u00e9rieure. Cette pi\u00e8ce d\u00e9clarative est habilement con\u00e7ue en bois de fr\u00eane certifi\u00e9 FSC,","robots":{"index":"index","follow":"follow","max-snippet":"max-snippet:-1","max-image-preview":"max-image-preview:large","max-video-preview":"max-video-preview:-1"},"canonical":"https:\/\/hubsch-interior.com\/fr\/wp-json\/wp\/v2\/product\/974864","og_locale":"fr_FR","og_type":"article","og_title":"Tick Porte-revues Sable\/Jaune - H\u00fcbsch","og_description":"Le Tick Porte-revues est un ajout dynamique \u00e0 votre d\u00e9coration int\u00e9rieure. Cette pi\u00e8ce d\u00e9clarative est habilement con\u00e7ue en bois de fr\u00eane certifi\u00e9 FSC,","og_url":"https:\/\/hubsch-interior.com\/fr\/produit\/tick-porte-revues-sable-jaune\/","og_site_name":"H\u00fcbsch","article_modified_time":"2026-04-09T02:19:10+00:00","og_image":[{"width":1200,"height":1200,"url":"https:\/\/hubsch-interior.com\/wp-content\/uploads\/2024\/03\/tick-magazine-holder-sandyellow-0e11dd87d51e290531b132888760378d.jpg","type":"image\/jpeg"}],"twitter_card":"summary_large_image","schema":{"@context":"https:\/\/schema.org","@graph":[{"@type":"WebPage","@id":"https:\/\/hubsch-interior.com\/fr\/produit\/tick-porte-revues-sable-jaune\/","url":"https:\/\/hubsch-interior.com\/fr\/produit\/tick-porte-revues-sable-jaune\/","name":"Tick Porte-revues Sable\/Jaune - H\u00fcbsch","isPartOf":{"@id":"https:\/\/hubsch-interior.com\/fr\/#website"},"primaryImageOfPage":{"@id":"https:\/\/hubsch-interior.com\/fr\/produit\/tick-porte-revues-sable-jaune\/#primaryimage"},"image":{"@id":"https:\/\/hubsch-interior.com\/fr\/produit\/tick-porte-revues-sable-jaune\/#primaryimage"},"thumbnailUrl":"https:\/\/hubsch-interior.com\/wp-content\/uploads\/2026\/02\/tick-magazine-holder-sandyellow-c5070e6b4d2bd0577c57e34356b20cb2.jpg","datePublished":"2024-01-29T07:24:09+00:00","dateModified":"2026-04-09T02:19:10+00:00","description":"Le Tick Porte-revues est un ajout dynamique \u00e0 votre d\u00e9coration int\u00e9rieure. Cette pi\u00e8ce d\u00e9clarative est habilement con\u00e7ue en bois de fr\u00eane certifi\u00e9 FSC,","breadcrumb":{"@id":"https:\/\/hubsch-interior.com\/fr\/produit\/tick-porte-revues-sable-jaune\/#breadcrumb"},"inLanguage":"fr-FR","potentialAction":[{"@type":"ReadAction","target":["https:\/\/hubsch-interior.com\/fr\/produit\/tick-porte-revues-sable-jaune\/"]}]},{"@type":"ImageObject","inLanguage":"fr-FR","@id":"https:\/\/hubsch-interior.com\/fr\/produit\/tick-porte-revues-sable-jaune\/#primaryimage","url":"https:\/\/hubsch-interior.com\/wp-content\/uploads\/2026\/02\/tick-magazine-holder-sandyellow-c5070e6b4d2bd0577c57e34356b20cb2.jpg","contentUrl":"https:\/\/hubsch-interior.com\/wp-content\/uploads\/2026\/02\/tick-magazine-holder-sandyellow-c5070e6b4d2bd0577c57e34356b20cb2.jpg","width":1024,"height":1024},{"@type":"BreadcrumbList","@id":"https:\/\/hubsch-interior.com\/fr\/produit\/tick-porte-revues-sable-jaune\/#breadcrumb","itemListElement":[{"@type":"ListItem","position":1,"name":"Page d'accueil","item":"https:\/\/hubsch-interior.com\/fr\/"},{"@type":"ListItem","position":2,"name":"Produits","item":"https:\/\/hubsch-interior.com\/fr\/shop-2\/"},{"@type":"ListItem","position":3,"name":"Accessoires maison","item":"https:\/\/hubsch-interior.com\/fr\/categorie-produit\/accessoires-maison\/"},{"@type":"ListItem","position":4,"name":"Espace de rangement","item":"https:\/\/hubsch-interior.com\/fr\/categorie-produit\/accessoires-maison\/espace-de-rangement-fr\/"},{"@type":"ListItem","position":5,"name":"Porte-revues","item":"https:\/\/hubsch-interior.com\/fr\/categorie-produit\/accessoires-maison\/espace-de-rangement-fr\/porte-revues-fr\/"},{"@type":"ListItem","position":6,"name":"Tick Porte-revues Sable\/Jaune"}]},{"@type":"WebSite","@id":"https:\/\/hubsch-interior.com\/fr\/#website","url":"https:\/\/hubsch-interior.com\/fr\/","name":"H\u00fcbsch","description":"Danish Home Interior and Design","publisher":{"@id":"https:\/\/hubsch-interior.com\/fr\/#organization"},"potentialAction":[{"@type":"SearchAction","target":{"@type":"EntryPoint","urlTemplate":"https:\/\/hubsch-interior.com\/fr\/?s={search_term_string}"},"query-input":{"@type":"PropertyValueSpecification","valueRequired":true,"valueName":"search_term_string"}}],"inLanguage":"fr-FR"},{"@type":"Organization","@id":"https:\/\/hubsch-interior.com\/fr\/#organization","name":"H\u00fcbsch","url":"https:\/\/hubsch-interior.com\/fr\/","logo":{"@type":"ImageObject","inLanguage":"fr-FR","@id":"https:\/\/hubsch-interior.com\/fr\/#\/schema\/logo\/image\/","url":"https:\/\/hubsch-interior.com\/wp-content\/uploads\/2022\/12\/Hubsch_logo_black_one_line.svg","contentUrl":"https:\/\/hubsch-interior.com\/wp-content\/uploads\/2022\/12\/Hubsch_logo_black_one_line.svg","caption":"H\u00fcbsch"},"image":{"@id":"https:\/\/hubsch-interior.com\/fr\/#\/schema\/logo\/image\/"}}]}},"_links":{"self":[{"href":"https:\/\/hubsch-interior.com\/fr\/wp-json\/wp\/v2\/product\/974864","targetHints":{"allow":["GET"]}}],"collection":[{"href":"https:\/\/hubsch-interior.com\/fr\/wp-json\/wp\/v2\/product"}],"about":[{"href":"https:\/\/hubsch-interior.com\/fr\/wp-json\/wp\/v2\/types\/product"}],"wp:featuredmedia":[{"embeddable":true,"href":"https:\/\/hubsch-interior.com\/fr\/wp-json\/wp\/v2\/media\/1093699"}],"wp:attachment":[{"href":"https:\/\/hubsch-interior.com\/fr\/wp-json\/wp\/v2\/media?parent=974864"}],"wp:term":[{"taxonomy":"product_brand","embeddable":true,"href":"https:\/\/hubsch-interior.com\/fr\/wp-json\/wp\/v2\/product_brand?post=974864"},{"taxonomy":"product_cat","embeddable":true,"href":"https:\/\/hubsch-interior.com\/fr\/wp-json\/wp\/v2\/product_cat?post=974864"},{"taxonomy":"product_tag","embeddable":true,"href":"https:\/\/hubsch-interior.com\/fr\/wp-json\/wp\/v2\/product_tag?post=974864"}],"curies":[{"name":"wp","href":"https:\/\/api.w.org\/{rel}","templated":true}]}}