{"id":974888,"date":"2024-01-29T08:24:27","date_gmt":"2024-01-29T07:24:27","guid":{"rendered":"https:\/\/hubsch-interior.com\/product\/product\/"},"modified":"2026-04-05T04:19:16","modified_gmt":"2026-04-05T02:19:16","slug":"elo-boite-a-anneaux-naturel","status":"publish","type":"product","link":"https:\/\/hubsch-interior.com\/fr\/produit\/elo-boite-a-anneaux-naturel\/","title":{"rendered":"Elo Boite \u00e0 anneaux Naturel"},"content":{"rendered":"<p>La polyvalente et \u00e9l\u00e9gante Boite \u00e0 anneaux Elo est le compl\u00e9ment parfait \u00e0 votre collection de rangement de bureau. Fabriqu\u00e9e en carton robuste de couleur naturelle, cette boite est non seulement pratique, mais aussi respectueuse de l&#8217;environnement. \u00c0 l&#8217;int\u00e9rieur, vous trouverez 3 boites \u00e0 anneaux de format A4, chacune munie d&#8217;un aimant et d&#8217;un \u00e9lastique orange pour maintenir vos documents en place de mani\u00e8re s\u00e9curis\u00e9e. Dites adieu aux bureaux encombr\u00e9s et bonjour \u00e0 une organisation efficace avec la Boite \u00e0 anneaux Elo.<\/p>\n","protected":false},"excerpt":{"rendered":"<p>La polyvalente et \u00e9l\u00e9gante Boite \u00e0 anneaux Elo est le compl\u00e9ment parfait \u00e0 votre collection de rangement de bureau. Fabriqu\u00e9e en carton robuste de couleur naturelle, cette boite est non seulement pratique, mais aussi respectueuse de l&#8217;environnement. \u00c0 l&#8217;int\u00e9rieur, vous trouverez 3 boites \u00e0 anneaux de format A4, chacune munie d&#8217;un aimant et d&#8217;un \u00e9lastique [&hellip;]<\/p>\n","protected":false},"featured_media":1093719,"template":"","meta":{"_acf_changed":false,"inline_featured_image":false},"product_brand":[],"product_cat":[6882,3110,3645,4153,4960,6535],"product_tag":[],"class_list":{"0":"post-974888","1":"product","2":"type-product","3":"status-publish","4":"has-post-thumbnail","6":"product_cat-elevating-nostalgia-fr","7":"product_cat-espace-de-rangement-fr","8":"product_cat-boites-a-rangement-fr","9":"product_cat-espace-de-travail-fr","10":"product_cat-rangement-fr","11":"product_cat-outlet-fr","12":"product_shipping_class-pk","14":"pa_color-naturel-2","15":"pa_material-papier-carton-fr","17":"first","18":"instock","19":"sale","20":"taxable","21":"shipping-taxable","22":"purchasable","23":"product-type-simple"},"exclude_global_add_ons":[],"addons":[],"acf":[],"yoast_head":"<!-- This site is optimized with the Yoast SEO plugin v26.4 - https:\/\/yoast.com\/wordpress\/plugins\/seo\/ -->\n<title>Elo Boite \u00e0 anneaux Naturel - H\u00fcbsch<\/title>\n<meta name=\"description\" content=\"La polyvalente et \u00e9l\u00e9gante Boite \u00e0 anneaux Elo est le compl\u00e9ment parfait \u00e0 votre collection de rangement de bureau. Fabriqu\u00e9e en carton robuste de couleur\" \/>\n<meta name=\"robots\" content=\"index, follow, max-snippet:-1, max-image-preview:large, max-video-preview:-1\" \/>\n<link rel=\"canonical\" href=\"https:\/\/hubsch-interior.com\/fr\/wp-json\/wp\/v2\/product\/974888\" \/>\n<meta property=\"og:locale\" content=\"fr_FR\" \/>\n<meta property=\"og:type\" content=\"article\" \/>\n<meta property=\"og:title\" content=\"Elo Boite \u00e0 anneaux Naturel - H\u00fcbsch\" \/>\n<meta property=\"og:description\" content=\"La polyvalente et \u00e9l\u00e9gante Boite \u00e0 anneaux Elo est le compl\u00e9ment parfait \u00e0 votre collection de rangement de bureau. Fabriqu\u00e9e en carton robuste de couleur\" \/>\n<meta property=\"og:url\" content=\"https:\/\/hubsch-interior.com\/fr\/produit\/elo-boite-a-anneaux-naturel\/\" \/>\n<meta property=\"og:site_name\" content=\"H\u00fcbsch\" \/>\n<meta property=\"article:modified_time\" content=\"2026-04-05T02:19:16+00:00\" \/>\n<meta property=\"og:image\" content=\"https:\/\/hubsch-interior.com\/wp-content\/uploads\/2024\/01\/elo-ring-binder-box-natural-117bed8856245fcbcc28e0739518b7b1.jpg\" \/>\n\t<meta property=\"og:image:width\" content=\"1200\" \/>\n\t<meta property=\"og:image:height\" content=\"1200\" \/>\n\t<meta property=\"og:image:type\" content=\"image\/jpeg\" \/>\n<meta name=\"twitter:card\" content=\"summary_large_image\" \/>\n<script type=\"application\/ld+json\" class=\"yoast-schema-graph\">{\"@context\":\"https:\/\/schema.org\",\"@graph\":[{\"@type\":\"WebPage\",\"@id\":\"https:\/\/hubsch-interior.com\/fr\/produit\/elo-boite-a-anneaux-naturel\/\",\"url\":\"https:\/\/hubsch-interior.com\/fr\/produit\/elo-boite-a-anneaux-naturel\/\",\"name\":\"Elo Boite \u00e0 anneaux Naturel - H\u00fcbsch\",\"isPartOf\":{\"@id\":\"https:\/\/hubsch-interior.com\/fr\/#website\"},\"primaryImageOfPage\":{\"@id\":\"https:\/\/hubsch-interior.com\/fr\/produit\/elo-boite-a-anneaux-naturel\/#primaryimage\"},\"image\":{\"@id\":\"https:\/\/hubsch-interior.com\/fr\/produit\/elo-boite-a-anneaux-naturel\/#primaryimage\"},\"thumbnailUrl\":\"https:\/\/hubsch-interior.com\/wp-content\/uploads\/2026\/02\/elo-ring-binder-box-natural-34ef855c352d1a1c094ef28b08062792.jpg\",\"datePublished\":\"2024-01-29T07:24:27+00:00\",\"dateModified\":\"2026-04-05T02:19:16+00:00\",\"description\":\"La polyvalente et \u00e9l\u00e9gante Boite \u00e0 anneaux Elo est le compl\u00e9ment parfait \u00e0 votre collection de rangement de bureau. Fabriqu\u00e9e en carton robuste de couleur\",\"breadcrumb\":{\"@id\":\"https:\/\/hubsch-interior.com\/fr\/produit\/elo-boite-a-anneaux-naturel\/#breadcrumb\"},\"inLanguage\":\"fr-FR\",\"potentialAction\":[{\"@type\":\"ReadAction\",\"target\":[\"https:\/\/hubsch-interior.com\/fr\/produit\/elo-boite-a-anneaux-naturel\/\"]}]},{\"@type\":\"ImageObject\",\"inLanguage\":\"fr-FR\",\"@id\":\"https:\/\/hubsch-interior.com\/fr\/produit\/elo-boite-a-anneaux-naturel\/#primaryimage\",\"url\":\"https:\/\/hubsch-interior.com\/wp-content\/uploads\/2026\/02\/elo-ring-binder-box-natural-34ef855c352d1a1c094ef28b08062792.jpg\",\"contentUrl\":\"https:\/\/hubsch-interior.com\/wp-content\/uploads\/2026\/02\/elo-ring-binder-box-natural-34ef855c352d1a1c094ef28b08062792.jpg\",\"width\":1024,\"height\":1024},{\"@type\":\"BreadcrumbList\",\"@id\":\"https:\/\/hubsch-interior.com\/fr\/produit\/elo-boite-a-anneaux-naturel\/#breadcrumb\",\"itemListElement\":[{\"@type\":\"ListItem\",\"position\":1,\"name\":\"Page d'accueil\",\"item\":\"https:\/\/hubsch-interior.com\/fr\/\"},{\"@type\":\"ListItem\",\"position\":2,\"name\":\"Produits\",\"item\":\"https:\/\/hubsch-interior.com\/fr\/shop-2\/\"},{\"@type\":\"ListItem\",\"position\":3,\"name\":\"Accessoires maison\",\"item\":\"https:\/\/hubsch-interior.com\/fr\/categorie-produit\/accessoires-maison\/\"},{\"@type\":\"ListItem\",\"position\":4,\"name\":\"Espace de rangement\",\"item\":\"https:\/\/hubsch-interior.com\/fr\/categorie-produit\/accessoires-maison\/espace-de-rangement-fr\/\"},{\"@type\":\"ListItem\",\"position\":5,\"name\":\"Boites &agrave; rangement\",\"item\":\"https:\/\/hubsch-interior.com\/fr\/categorie-produit\/accessoires-maison\/espace-de-rangement-fr\/boites-a-rangement-fr\/\"},{\"@type\":\"ListItem\",\"position\":6,\"name\":\"Elo Boite \u00e0 anneaux Naturel\"}]},{\"@type\":\"WebSite\",\"@id\":\"https:\/\/hubsch-interior.com\/fr\/#website\",\"url\":\"https:\/\/hubsch-interior.com\/fr\/\",\"name\":\"H\u00fcbsch\",\"description\":\"Danish Home Interior and Design\",\"publisher\":{\"@id\":\"https:\/\/hubsch-interior.com\/fr\/#organization\"},\"potentialAction\":[{\"@type\":\"SearchAction\",\"target\":{\"@type\":\"EntryPoint\",\"urlTemplate\":\"https:\/\/hubsch-interior.com\/fr\/?s={search_term_string}\"},\"query-input\":{\"@type\":\"PropertyValueSpecification\",\"valueRequired\":true,\"valueName\":\"search_term_string\"}}],\"inLanguage\":\"fr-FR\"},{\"@type\":\"Organization\",\"@id\":\"https:\/\/hubsch-interior.com\/fr\/#organization\",\"name\":\"H\u00fcbsch\",\"url\":\"https:\/\/hubsch-interior.com\/fr\/\",\"logo\":{\"@type\":\"ImageObject\",\"inLanguage\":\"fr-FR\",\"@id\":\"https:\/\/hubsch-interior.com\/fr\/#\/schema\/logo\/image\/\",\"url\":\"https:\/\/hubsch-interior.com\/wp-content\/uploads\/2022\/12\/Hubsch_logo_black_one_line.svg\",\"contentUrl\":\"https:\/\/hubsch-interior.com\/wp-content\/uploads\/2022\/12\/Hubsch_logo_black_one_line.svg\",\"caption\":\"H\u00fcbsch\"},\"image\":{\"@id\":\"https:\/\/hubsch-interior.com\/fr\/#\/schema\/logo\/image\/\"}}]}<\/script>\n<!-- \/ Yoast SEO plugin. -->","yoast_head_json":{"title":"Elo Boite \u00e0 anneaux Naturel - H\u00fcbsch","description":"La polyvalente et \u00e9l\u00e9gante Boite \u00e0 anneaux Elo est le compl\u00e9ment parfait \u00e0 votre collection de rangement de bureau. Fabriqu\u00e9e en carton robuste de couleur","robots":{"index":"index","follow":"follow","max-snippet":"max-snippet:-1","max-image-preview":"max-image-preview:large","max-video-preview":"max-video-preview:-1"},"canonical":"https:\/\/hubsch-interior.com\/fr\/wp-json\/wp\/v2\/product\/974888","og_locale":"fr_FR","og_type":"article","og_title":"Elo Boite \u00e0 anneaux Naturel - H\u00fcbsch","og_description":"La polyvalente et \u00e9l\u00e9gante Boite \u00e0 anneaux Elo est le compl\u00e9ment parfait \u00e0 votre collection de rangement de bureau. Fabriqu\u00e9e en carton robuste de couleur","og_url":"https:\/\/hubsch-interior.com\/fr\/produit\/elo-boite-a-anneaux-naturel\/","og_site_name":"H\u00fcbsch","article_modified_time":"2026-04-05T02:19:16+00:00","og_image":[{"width":1200,"height":1200,"url":"https:\/\/hubsch-interior.com\/wp-content\/uploads\/2024\/01\/elo-ring-binder-box-natural-117bed8856245fcbcc28e0739518b7b1.jpg","type":"image\/jpeg"}],"twitter_card":"summary_large_image","schema":{"@context":"https:\/\/schema.org","@graph":[{"@type":"WebPage","@id":"https:\/\/hubsch-interior.com\/fr\/produit\/elo-boite-a-anneaux-naturel\/","url":"https:\/\/hubsch-interior.com\/fr\/produit\/elo-boite-a-anneaux-naturel\/","name":"Elo Boite \u00e0 anneaux Naturel - H\u00fcbsch","isPartOf":{"@id":"https:\/\/hubsch-interior.com\/fr\/#website"},"primaryImageOfPage":{"@id":"https:\/\/hubsch-interior.com\/fr\/produit\/elo-boite-a-anneaux-naturel\/#primaryimage"},"image":{"@id":"https:\/\/hubsch-interior.com\/fr\/produit\/elo-boite-a-anneaux-naturel\/#primaryimage"},"thumbnailUrl":"https:\/\/hubsch-interior.com\/wp-content\/uploads\/2026\/02\/elo-ring-binder-box-natural-34ef855c352d1a1c094ef28b08062792.jpg","datePublished":"2024-01-29T07:24:27+00:00","dateModified":"2026-04-05T02:19:16+00:00","description":"La polyvalente et \u00e9l\u00e9gante Boite \u00e0 anneaux Elo est le compl\u00e9ment parfait \u00e0 votre collection de rangement de bureau. Fabriqu\u00e9e en carton robuste de couleur","breadcrumb":{"@id":"https:\/\/hubsch-interior.com\/fr\/produit\/elo-boite-a-anneaux-naturel\/#breadcrumb"},"inLanguage":"fr-FR","potentialAction":[{"@type":"ReadAction","target":["https:\/\/hubsch-interior.com\/fr\/produit\/elo-boite-a-anneaux-naturel\/"]}]},{"@type":"ImageObject","inLanguage":"fr-FR","@id":"https:\/\/hubsch-interior.com\/fr\/produit\/elo-boite-a-anneaux-naturel\/#primaryimage","url":"https:\/\/hubsch-interior.com\/wp-content\/uploads\/2026\/02\/elo-ring-binder-box-natural-34ef855c352d1a1c094ef28b08062792.jpg","contentUrl":"https:\/\/hubsch-interior.com\/wp-content\/uploads\/2026\/02\/elo-ring-binder-box-natural-34ef855c352d1a1c094ef28b08062792.jpg","width":1024,"height":1024},{"@type":"BreadcrumbList","@id":"https:\/\/hubsch-interior.com\/fr\/produit\/elo-boite-a-anneaux-naturel\/#breadcrumb","itemListElement":[{"@type":"ListItem","position":1,"name":"Page d'accueil","item":"https:\/\/hubsch-interior.com\/fr\/"},{"@type":"ListItem","position":2,"name":"Produits","item":"https:\/\/hubsch-interior.com\/fr\/shop-2\/"},{"@type":"ListItem","position":3,"name":"Accessoires maison","item":"https:\/\/hubsch-interior.com\/fr\/categorie-produit\/accessoires-maison\/"},{"@type":"ListItem","position":4,"name":"Espace de rangement","item":"https:\/\/hubsch-interior.com\/fr\/categorie-produit\/accessoires-maison\/espace-de-rangement-fr\/"},{"@type":"ListItem","position":5,"name":"Boites &agrave; rangement","item":"https:\/\/hubsch-interior.com\/fr\/categorie-produit\/accessoires-maison\/espace-de-rangement-fr\/boites-a-rangement-fr\/"},{"@type":"ListItem","position":6,"name":"Elo Boite \u00e0 anneaux Naturel"}]},{"@type":"WebSite","@id":"https:\/\/hubsch-interior.com\/fr\/#website","url":"https:\/\/hubsch-interior.com\/fr\/","name":"H\u00fcbsch","description":"Danish Home Interior and Design","publisher":{"@id":"https:\/\/hubsch-interior.com\/fr\/#organization"},"potentialAction":[{"@type":"SearchAction","target":{"@type":"EntryPoint","urlTemplate":"https:\/\/hubsch-interior.com\/fr\/?s={search_term_string}"},"query-input":{"@type":"PropertyValueSpecification","valueRequired":true,"valueName":"search_term_string"}}],"inLanguage":"fr-FR"},{"@type":"Organization","@id":"https:\/\/hubsch-interior.com\/fr\/#organization","name":"H\u00fcbsch","url":"https:\/\/hubsch-interior.com\/fr\/","logo":{"@type":"ImageObject","inLanguage":"fr-FR","@id":"https:\/\/hubsch-interior.com\/fr\/#\/schema\/logo\/image\/","url":"https:\/\/hubsch-interior.com\/wp-content\/uploads\/2022\/12\/Hubsch_logo_black_one_line.svg","contentUrl":"https:\/\/hubsch-interior.com\/wp-content\/uploads\/2022\/12\/Hubsch_logo_black_one_line.svg","caption":"H\u00fcbsch"},"image":{"@id":"https:\/\/hubsch-interior.com\/fr\/#\/schema\/logo\/image\/"}}]}},"_links":{"self":[{"href":"https:\/\/hubsch-interior.com\/fr\/wp-json\/wp\/v2\/product\/974888","targetHints":{"allow":["GET"]}}],"collection":[{"href":"https:\/\/hubsch-interior.com\/fr\/wp-json\/wp\/v2\/product"}],"about":[{"href":"https:\/\/hubsch-interior.com\/fr\/wp-json\/wp\/v2\/types\/product"}],"wp:featuredmedia":[{"embeddable":true,"href":"https:\/\/hubsch-interior.com\/fr\/wp-json\/wp\/v2\/media\/1093719"}],"wp:attachment":[{"href":"https:\/\/hubsch-interior.com\/fr\/wp-json\/wp\/v2\/media?parent=974888"}],"wp:term":[{"taxonomy":"product_brand","embeddable":true,"href":"https:\/\/hubsch-interior.com\/fr\/wp-json\/wp\/v2\/product_brand?post=974888"},{"taxonomy":"product_cat","embeddable":true,"href":"https:\/\/hubsch-interior.com\/fr\/wp-json\/wp\/v2\/product_cat?post=974888"},{"taxonomy":"product_tag","embeddable":true,"href":"https:\/\/hubsch-interior.com\/fr\/wp-json\/wp\/v2\/product_tag?post=974888"}],"curies":[{"name":"wp","href":"https:\/\/api.w.org\/{rel}","templated":true}]}}