{"id":974912,"date":"2024-01-29T08:24:32","date_gmt":"2024-01-29T07:24:32","guid":{"rendered":"https:\/\/hubsch-interior.com\/product\/product\/"},"modified":"2026-04-09T04:19:20","modified_gmt":"2026-04-09T02:19:20","slug":"storeit-boites-de-rangement-naturel-set-de-3","status":"publish","type":"product","link":"https:\/\/hubsch-interior.com\/fr\/produit\/storeit-boites-de-rangement-naturel-set-de-3\/","title":{"rendered":"Storeit Bo\u00eetes de rangement Naturel (set de 3)"},"content":{"rendered":"<p>Les bo\u00eetes de rangement Storeit sont la solution id\u00e9ale pour tous vos besoins de rangement de bureau. Fabriqu\u00e9es \u00e0 partir de carton naturel de haute qualit\u00e9, ces bo\u00eetes sont \u00e0 la fois robustes et durables. Avec trois tailles au choix (adapt\u00e9es aux formats de papier A3, A4 et A5), vous pouvez facilement organiser et stocker tous vos documents importants, fichiers et fournitures de bureau. Ces bo\u00eetes sont livr\u00e9es \u00e0 plat et sont faciles \u00e0 assembler, ce qui les rend pratiques pour am\u00e9nager votre espace de travail. Am\u00e9liorez l&#8217;organisation de votre bureau avec les bo\u00eetes de rangement Storeit \u2014 un incontournable pour tout professionnel.<\/p>\n","protected":false},"excerpt":{"rendered":"<p>Les bo\u00eetes de rangement Storeit sont la solution id\u00e9ale pour tous vos besoins de rangement de bureau. Fabriqu\u00e9es \u00e0 partir de carton naturel de haute qualit\u00e9, ces bo\u00eetes sont \u00e0 la fois robustes et durables. Avec trois tailles au choix (adapt\u00e9es aux formats de papier A3, A4 et A5), vous pouvez facilement organiser et stocker [&hellip;]<\/p>\n","protected":false},"featured_media":1093739,"template":"","meta":{"_acf_changed":false,"inline_featured_image":false},"product_brand":[],"product_cat":[6882,3110,3645,4153,4960,5026],"product_tag":[],"class_list":{"0":"post-974912","1":"product","2":"type-product","3":"status-publish","4":"has-post-thumbnail","6":"product_cat-elevating-nostalgia-fr","7":"product_cat-espace-de-rangement-fr","8":"product_cat-boites-a-rangement-fr","9":"product_cat-espace-de-travail-fr","10":"product_cat-rangement-fr","11":"product_cat-bestsellers-fr","12":"product_shipping_class-pk","14":"pa_color-naturel-2","15":"pa_material-papier-carton-fr","17":"first","18":"instock","19":"featured","20":"taxable","21":"shipping-taxable","22":"purchasable","23":"product-type-simple"},"exclude_global_add_ons":[],"addons":[],"acf":[],"yoast_head":"<!-- This site is optimized with the Yoast SEO plugin v26.4 - https:\/\/yoast.com\/wordpress\/plugins\/seo\/ -->\n<title>Storeit Bo\u00eetes de rangement Naturel (set de 3) - H\u00fcbsch<\/title>\n<meta name=\"description\" content=\"Les bo\u00eetes de rangement Storeit sont la solution id\u00e9ale pour tous vos besoins de rangement de bureau. Fabriqu\u00e9es \u00e0 partir de carton naturel de haute\" \/>\n<meta name=\"robots\" content=\"index, follow, max-snippet:-1, max-image-preview:large, max-video-preview:-1\" \/>\n<link rel=\"canonical\" href=\"https:\/\/hubsch-interior.com\/fr\/wp-json\/wp\/v2\/product\/974912\" \/>\n<meta property=\"og:locale\" content=\"fr_FR\" \/>\n<meta property=\"og:type\" content=\"article\" \/>\n<meta property=\"og:title\" content=\"Storeit Bo\u00eetes de rangement Naturel (set de 3) - H\u00fcbsch\" \/>\n<meta property=\"og:description\" content=\"Les bo\u00eetes de rangement Storeit sont la solution id\u00e9ale pour tous vos besoins de rangement de bureau. Fabriqu\u00e9es \u00e0 partir de carton naturel de haute\" \/>\n<meta property=\"og:url\" content=\"https:\/\/hubsch-interior.com\/fr\/produit\/storeit-boites-de-rangement-naturel-set-de-3\/\" \/>\n<meta property=\"og:site_name\" content=\"H\u00fcbsch\" \/>\n<meta property=\"article:modified_time\" content=\"2026-04-09T02:19:20+00:00\" \/>\n<meta property=\"og:image\" content=\"https:\/\/hubsch-interior.com\/wp-content\/uploads\/2024\/03\/storeit-storage-boxes-natural-set-of-3-13439459e7cb321cf574d5aa99aaf966.jpg\" \/>\n\t<meta property=\"og:image:width\" content=\"1200\" \/>\n\t<meta property=\"og:image:height\" content=\"1200\" \/>\n\t<meta property=\"og:image:type\" content=\"image\/jpeg\" \/>\n<meta name=\"twitter:card\" content=\"summary_large_image\" \/>\n<meta name=\"twitter:label1\" content=\"Dur\u00e9e de lecture estim\u00e9e\" \/>\n\t<meta name=\"twitter:data1\" content=\"1 minute\" \/>\n<script type=\"application\/ld+json\" class=\"yoast-schema-graph\">{\"@context\":\"https:\/\/schema.org\",\"@graph\":[{\"@type\":\"WebPage\",\"@id\":\"https:\/\/hubsch-interior.com\/fr\/produit\/storeit-boites-de-rangement-naturel-set-de-3\/\",\"url\":\"https:\/\/hubsch-interior.com\/fr\/produit\/storeit-boites-de-rangement-naturel-set-de-3\/\",\"name\":\"Storeit Bo\u00eetes de rangement Naturel (set de 3) - H\u00fcbsch\",\"isPartOf\":{\"@id\":\"https:\/\/hubsch-interior.com\/fr\/#website\"},\"primaryImageOfPage\":{\"@id\":\"https:\/\/hubsch-interior.com\/fr\/produit\/storeit-boites-de-rangement-naturel-set-de-3\/#primaryimage\"},\"image\":{\"@id\":\"https:\/\/hubsch-interior.com\/fr\/produit\/storeit-boites-de-rangement-naturel-set-de-3\/#primaryimage\"},\"thumbnailUrl\":\"https:\/\/hubsch-interior.com\/wp-content\/uploads\/2026\/02\/storeit-storage-boxes-natural-set-of-3-6e8db17d560d213e7304bedffe3fd1a4.jpg\",\"datePublished\":\"2024-01-29T07:24:32+00:00\",\"dateModified\":\"2026-04-09T02:19:20+00:00\",\"description\":\"Les bo\u00eetes de rangement Storeit sont la solution id\u00e9ale pour tous vos besoins de rangement de bureau. Fabriqu\u00e9es \u00e0 partir de carton naturel de haute\",\"breadcrumb\":{\"@id\":\"https:\/\/hubsch-interior.com\/fr\/produit\/storeit-boites-de-rangement-naturel-set-de-3\/#breadcrumb\"},\"inLanguage\":\"fr-FR\",\"potentialAction\":[{\"@type\":\"ReadAction\",\"target\":[\"https:\/\/hubsch-interior.com\/fr\/produit\/storeit-boites-de-rangement-naturel-set-de-3\/\"]}]},{\"@type\":\"ImageObject\",\"inLanguage\":\"fr-FR\",\"@id\":\"https:\/\/hubsch-interior.com\/fr\/produit\/storeit-boites-de-rangement-naturel-set-de-3\/#primaryimage\",\"url\":\"https:\/\/hubsch-interior.com\/wp-content\/uploads\/2026\/02\/storeit-storage-boxes-natural-set-of-3-6e8db17d560d213e7304bedffe3fd1a4.jpg\",\"contentUrl\":\"https:\/\/hubsch-interior.com\/wp-content\/uploads\/2026\/02\/storeit-storage-boxes-natural-set-of-3-6e8db17d560d213e7304bedffe3fd1a4.jpg\",\"width\":1024,\"height\":1024},{\"@type\":\"BreadcrumbList\",\"@id\":\"https:\/\/hubsch-interior.com\/fr\/produit\/storeit-boites-de-rangement-naturel-set-de-3\/#breadcrumb\",\"itemListElement\":[{\"@type\":\"ListItem\",\"position\":1,\"name\":\"Page d'accueil\",\"item\":\"https:\/\/hubsch-interior.com\/fr\/\"},{\"@type\":\"ListItem\",\"position\":2,\"name\":\"Produits\",\"item\":\"https:\/\/hubsch-interior.com\/fr\/shop-2\/\"},{\"@type\":\"ListItem\",\"position\":3,\"name\":\"Accessoires maison\",\"item\":\"https:\/\/hubsch-interior.com\/fr\/categorie-produit\/accessoires-maison\/\"},{\"@type\":\"ListItem\",\"position\":4,\"name\":\"Espace de rangement\",\"item\":\"https:\/\/hubsch-interior.com\/fr\/categorie-produit\/accessoires-maison\/espace-de-rangement-fr\/\"},{\"@type\":\"ListItem\",\"position\":5,\"name\":\"Boites &agrave; rangement\",\"item\":\"https:\/\/hubsch-interior.com\/fr\/categorie-produit\/accessoires-maison\/espace-de-rangement-fr\/boites-a-rangement-fr\/\"},{\"@type\":\"ListItem\",\"position\":6,\"name\":\"Storeit Bo\u00eetes de rangement Naturel (set de 3)\"}]},{\"@type\":\"WebSite\",\"@id\":\"https:\/\/hubsch-interior.com\/fr\/#website\",\"url\":\"https:\/\/hubsch-interior.com\/fr\/\",\"name\":\"H\u00fcbsch\",\"description\":\"Danish Home Interior and Design\",\"publisher\":{\"@id\":\"https:\/\/hubsch-interior.com\/fr\/#organization\"},\"potentialAction\":[{\"@type\":\"SearchAction\",\"target\":{\"@type\":\"EntryPoint\",\"urlTemplate\":\"https:\/\/hubsch-interior.com\/fr\/?s={search_term_string}\"},\"query-input\":{\"@type\":\"PropertyValueSpecification\",\"valueRequired\":true,\"valueName\":\"search_term_string\"}}],\"inLanguage\":\"fr-FR\"},{\"@type\":\"Organization\",\"@id\":\"https:\/\/hubsch-interior.com\/fr\/#organization\",\"name\":\"H\u00fcbsch\",\"url\":\"https:\/\/hubsch-interior.com\/fr\/\",\"logo\":{\"@type\":\"ImageObject\",\"inLanguage\":\"fr-FR\",\"@id\":\"https:\/\/hubsch-interior.com\/fr\/#\/schema\/logo\/image\/\",\"url\":\"https:\/\/hubsch-interior.com\/wp-content\/uploads\/2022\/12\/Hubsch_logo_black_one_line.svg\",\"contentUrl\":\"https:\/\/hubsch-interior.com\/wp-content\/uploads\/2022\/12\/Hubsch_logo_black_one_line.svg\",\"caption\":\"H\u00fcbsch\"},\"image\":{\"@id\":\"https:\/\/hubsch-interior.com\/fr\/#\/schema\/logo\/image\/\"}}]}<\/script>\n<!-- \/ Yoast SEO plugin. -->","yoast_head_json":{"title":"Storeit Bo\u00eetes de rangement Naturel (set de 3) - H\u00fcbsch","description":"Les bo\u00eetes de rangement Storeit sont la solution id\u00e9ale pour tous vos besoins de rangement de bureau. Fabriqu\u00e9es \u00e0 partir de carton naturel de haute","robots":{"index":"index","follow":"follow","max-snippet":"max-snippet:-1","max-image-preview":"max-image-preview:large","max-video-preview":"max-video-preview:-1"},"canonical":"https:\/\/hubsch-interior.com\/fr\/wp-json\/wp\/v2\/product\/974912","og_locale":"fr_FR","og_type":"article","og_title":"Storeit Bo\u00eetes de rangement Naturel (set de 3) - H\u00fcbsch","og_description":"Les bo\u00eetes de rangement Storeit sont la solution id\u00e9ale pour tous vos besoins de rangement de bureau. Fabriqu\u00e9es \u00e0 partir de carton naturel de haute","og_url":"https:\/\/hubsch-interior.com\/fr\/produit\/storeit-boites-de-rangement-naturel-set-de-3\/","og_site_name":"H\u00fcbsch","article_modified_time":"2026-04-09T02:19:20+00:00","og_image":[{"width":1200,"height":1200,"url":"https:\/\/hubsch-interior.com\/wp-content\/uploads\/2024\/03\/storeit-storage-boxes-natural-set-of-3-13439459e7cb321cf574d5aa99aaf966.jpg","type":"image\/jpeg"}],"twitter_card":"summary_large_image","twitter_misc":{"Dur\u00e9e de lecture estim\u00e9e":"1 minute"},"schema":{"@context":"https:\/\/schema.org","@graph":[{"@type":"WebPage","@id":"https:\/\/hubsch-interior.com\/fr\/produit\/storeit-boites-de-rangement-naturel-set-de-3\/","url":"https:\/\/hubsch-interior.com\/fr\/produit\/storeit-boites-de-rangement-naturel-set-de-3\/","name":"Storeit Bo\u00eetes de rangement Naturel (set de 3) - H\u00fcbsch","isPartOf":{"@id":"https:\/\/hubsch-interior.com\/fr\/#website"},"primaryImageOfPage":{"@id":"https:\/\/hubsch-interior.com\/fr\/produit\/storeit-boites-de-rangement-naturel-set-de-3\/#primaryimage"},"image":{"@id":"https:\/\/hubsch-interior.com\/fr\/produit\/storeit-boites-de-rangement-naturel-set-de-3\/#primaryimage"},"thumbnailUrl":"https:\/\/hubsch-interior.com\/wp-content\/uploads\/2026\/02\/storeit-storage-boxes-natural-set-of-3-6e8db17d560d213e7304bedffe3fd1a4.jpg","datePublished":"2024-01-29T07:24:32+00:00","dateModified":"2026-04-09T02:19:20+00:00","description":"Les bo\u00eetes de rangement Storeit sont la solution id\u00e9ale pour tous vos besoins de rangement de bureau. Fabriqu\u00e9es \u00e0 partir de carton naturel de haute","breadcrumb":{"@id":"https:\/\/hubsch-interior.com\/fr\/produit\/storeit-boites-de-rangement-naturel-set-de-3\/#breadcrumb"},"inLanguage":"fr-FR","potentialAction":[{"@type":"ReadAction","target":["https:\/\/hubsch-interior.com\/fr\/produit\/storeit-boites-de-rangement-naturel-set-de-3\/"]}]},{"@type":"ImageObject","inLanguage":"fr-FR","@id":"https:\/\/hubsch-interior.com\/fr\/produit\/storeit-boites-de-rangement-naturel-set-de-3\/#primaryimage","url":"https:\/\/hubsch-interior.com\/wp-content\/uploads\/2026\/02\/storeit-storage-boxes-natural-set-of-3-6e8db17d560d213e7304bedffe3fd1a4.jpg","contentUrl":"https:\/\/hubsch-interior.com\/wp-content\/uploads\/2026\/02\/storeit-storage-boxes-natural-set-of-3-6e8db17d560d213e7304bedffe3fd1a4.jpg","width":1024,"height":1024},{"@type":"BreadcrumbList","@id":"https:\/\/hubsch-interior.com\/fr\/produit\/storeit-boites-de-rangement-naturel-set-de-3\/#breadcrumb","itemListElement":[{"@type":"ListItem","position":1,"name":"Page d'accueil","item":"https:\/\/hubsch-interior.com\/fr\/"},{"@type":"ListItem","position":2,"name":"Produits","item":"https:\/\/hubsch-interior.com\/fr\/shop-2\/"},{"@type":"ListItem","position":3,"name":"Accessoires maison","item":"https:\/\/hubsch-interior.com\/fr\/categorie-produit\/accessoires-maison\/"},{"@type":"ListItem","position":4,"name":"Espace de rangement","item":"https:\/\/hubsch-interior.com\/fr\/categorie-produit\/accessoires-maison\/espace-de-rangement-fr\/"},{"@type":"ListItem","position":5,"name":"Boites &agrave; rangement","item":"https:\/\/hubsch-interior.com\/fr\/categorie-produit\/accessoires-maison\/espace-de-rangement-fr\/boites-a-rangement-fr\/"},{"@type":"ListItem","position":6,"name":"Storeit Bo\u00eetes de rangement Naturel (set de 3)"}]},{"@type":"WebSite","@id":"https:\/\/hubsch-interior.com\/fr\/#website","url":"https:\/\/hubsch-interior.com\/fr\/","name":"H\u00fcbsch","description":"Danish Home Interior and Design","publisher":{"@id":"https:\/\/hubsch-interior.com\/fr\/#organization"},"potentialAction":[{"@type":"SearchAction","target":{"@type":"EntryPoint","urlTemplate":"https:\/\/hubsch-interior.com\/fr\/?s={search_term_string}"},"query-input":{"@type":"PropertyValueSpecification","valueRequired":true,"valueName":"search_term_string"}}],"inLanguage":"fr-FR"},{"@type":"Organization","@id":"https:\/\/hubsch-interior.com\/fr\/#organization","name":"H\u00fcbsch","url":"https:\/\/hubsch-interior.com\/fr\/","logo":{"@type":"ImageObject","inLanguage":"fr-FR","@id":"https:\/\/hubsch-interior.com\/fr\/#\/schema\/logo\/image\/","url":"https:\/\/hubsch-interior.com\/wp-content\/uploads\/2022\/12\/Hubsch_logo_black_one_line.svg","contentUrl":"https:\/\/hubsch-interior.com\/wp-content\/uploads\/2022\/12\/Hubsch_logo_black_one_line.svg","caption":"H\u00fcbsch"},"image":{"@id":"https:\/\/hubsch-interior.com\/fr\/#\/schema\/logo\/image\/"}}]}},"_links":{"self":[{"href":"https:\/\/hubsch-interior.com\/fr\/wp-json\/wp\/v2\/product\/974912","targetHints":{"allow":["GET"]}}],"collection":[{"href":"https:\/\/hubsch-interior.com\/fr\/wp-json\/wp\/v2\/product"}],"about":[{"href":"https:\/\/hubsch-interior.com\/fr\/wp-json\/wp\/v2\/types\/product"}],"wp:featuredmedia":[{"embeddable":true,"href":"https:\/\/hubsch-interior.com\/fr\/wp-json\/wp\/v2\/media\/1093739"}],"wp:attachment":[{"href":"https:\/\/hubsch-interior.com\/fr\/wp-json\/wp\/v2\/media?parent=974912"}],"wp:term":[{"taxonomy":"product_brand","embeddable":true,"href":"https:\/\/hubsch-interior.com\/fr\/wp-json\/wp\/v2\/product_brand?post=974912"},{"taxonomy":"product_cat","embeddable":true,"href":"https:\/\/hubsch-interior.com\/fr\/wp-json\/wp\/v2\/product_cat?post=974912"},{"taxonomy":"product_tag","embeddable":true,"href":"https:\/\/hubsch-interior.com\/fr\/wp-json\/wp\/v2\/product_tag?post=974912"}],"curies":[{"name":"wp","href":"https:\/\/api.w.org\/{rel}","templated":true}]}}