{"id":974948,"date":"2024-01-29T08:24:46","date_gmt":"2024-01-29T07:24:46","guid":{"rendered":"https:\/\/hubsch-interior.com\/product\/product\/"},"modified":"2026-04-09T04:19:24","modified_gmt":"2026-04-09T02:19:24","slug":"vera-canape-gris","status":"publish","type":"product","link":"https:\/\/hubsch-interior.com\/fr\/produit\/vera-canape-gris\/","title":{"rendered":"Vera Canap\u00e9 Gris"},"content":{"rendered":"<p>D\u00e9couvrez le Vera Canap\u00e9, un v\u00e9ritable \u00e9l\u00e9ment de d\u00e9coration qui \u00e9l\u00e8vera votre espace de vie. Con\u00e7u dans un design \u00e9l\u00e9gant et sculptural, ce canap\u00e9 moderne poss\u00e8de un attrait esth\u00e9tique qui saura imm\u00e9diatement attirer votre regard. Sa couleur grise et froide apporte une touche de sophistication, tandis que sa certification OEKO-TEX\u00ae STANDARD 100 garantit un produit respectueux de l&#8217;environnement. Fabriqu\u00e9 avec du polyester de haute qualit\u00e9, le Vera Canap\u00e9 n&#8217;est pas seulement visuellement s\u00e9duisant, mais aussi incroyablement confortable. Enveloppez-vous et cr\u00e9ez une ambiance chaleureuse avec cet ajout ludique et chic \u00e0 votre maison.<\/p>\n","protected":false},"excerpt":{"rendered":"<p>D\u00e9couvrez le Vera Canap\u00e9, un v\u00e9ritable \u00e9l\u00e9ment de d\u00e9coration qui \u00e9l\u00e8vera votre espace de vie. Con\u00e7u dans un design \u00e9l\u00e9gant et sculptural, ce canap\u00e9 moderne poss\u00e8de un attrait esth\u00e9tique qui saura imm\u00e9diatement attirer votre regard. Sa couleur grise et froide apporte une touche de sophistication, tandis que sa certification OEKO-TEX\u00ae STANDARD 100 garantit un produit [&hellip;]<\/p>\n","protected":false},"featured_media":1093763,"template":"","meta":{"_acf_changed":false,"inline_featured_image":false},"product_brand":[],"product_cat":[6882,2843,4199],"product_tag":[],"class_list":{"0":"post-974948","1":"product","2":"type-product","3":"status-publish","4":"has-post-thumbnail","6":"product_cat-elevating-nostalgia-fr","7":"product_cat-assises-fr","8":"product_cat-canapes-lits-de-jour-fr","9":"product_shipping_class-p10","11":"pa_color-gris-2","12":"pa_material-polyester-100-fr","14":"first","15":"instock","16":"taxable","17":"shipping-taxable","18":"purchasable","19":"product-type-simple"},"exclude_global_add_ons":[],"addons":[],"acf":[],"yoast_head":"<!-- This site is optimized with the Yoast SEO plugin v26.4 - https:\/\/yoast.com\/wordpress\/plugins\/seo\/ -->\n<title>Vera Canap\u00e9 Gris - H\u00fcbsch<\/title>\n<meta name=\"description\" content=\"D\u00e9couvrez le Vera Canap\u00e9, un v\u00e9ritable \u00e9l\u00e9ment de d\u00e9coration qui \u00e9l\u00e8vera votre espace de vie. Con\u00e7u dans un design \u00e9l\u00e9gant et sculptural, ce canap\u00e9\" \/>\n<meta name=\"robots\" content=\"index, follow, max-snippet:-1, max-image-preview:large, max-video-preview:-1\" \/>\n<link rel=\"canonical\" href=\"https:\/\/hubsch-interior.com\/fr\/wp-json\/wp\/v2\/product\/974948\" \/>\n<meta property=\"og:locale\" content=\"fr_FR\" \/>\n<meta property=\"og:type\" content=\"article\" \/>\n<meta property=\"og:title\" content=\"Vera Canap\u00e9 Gris - H\u00fcbsch\" \/>\n<meta property=\"og:description\" content=\"D\u00e9couvrez le Vera Canap\u00e9, un v\u00e9ritable \u00e9l\u00e9ment de d\u00e9coration qui \u00e9l\u00e8vera votre espace de vie. Con\u00e7u dans un design \u00e9l\u00e9gant et sculptural, ce canap\u00e9\" \/>\n<meta property=\"og:url\" content=\"https:\/\/hubsch-interior.com\/fr\/produit\/vera-canape-gris\/\" \/>\n<meta property=\"og:site_name\" content=\"H\u00fcbsch\" \/>\n<meta property=\"article:modified_time\" content=\"2026-04-09T02:19:24+00:00\" \/>\n<meta property=\"og:image\" content=\"https:\/\/hubsch-interior.com\/wp-content\/uploads\/2024\/03\/vera-sofa-grey-7b7a931c9cebb74733e4d5769aa1bbcf.jpg\" \/>\n\t<meta property=\"og:image:width\" content=\"1200\" \/>\n\t<meta property=\"og:image:height\" content=\"1200\" \/>\n\t<meta property=\"og:image:type\" content=\"image\/jpeg\" \/>\n<meta name=\"twitter:card\" content=\"summary_large_image\" \/>\n<meta name=\"twitter:label1\" content=\"Dur\u00e9e de lecture estim\u00e9e\" \/>\n\t<meta name=\"twitter:data1\" content=\"1 minute\" \/>\n<script type=\"application\/ld+json\" class=\"yoast-schema-graph\">{\"@context\":\"https:\/\/schema.org\",\"@graph\":[{\"@type\":\"WebPage\",\"@id\":\"https:\/\/hubsch-interior.com\/fr\/produit\/vera-canape-gris\/\",\"url\":\"https:\/\/hubsch-interior.com\/fr\/produit\/vera-canape-gris\/\",\"name\":\"Vera Canap\u00e9 Gris - H\u00fcbsch\",\"isPartOf\":{\"@id\":\"https:\/\/hubsch-interior.com\/fr\/#website\"},\"primaryImageOfPage\":{\"@id\":\"https:\/\/hubsch-interior.com\/fr\/produit\/vera-canape-gris\/#primaryimage\"},\"image\":{\"@id\":\"https:\/\/hubsch-interior.com\/fr\/produit\/vera-canape-gris\/#primaryimage\"},\"thumbnailUrl\":\"https:\/\/hubsch-interior.com\/wp-content\/uploads\/2026\/02\/vera-sofa-grey-f37370f1b55a5af44e2ea98e7f2fea73.jpg\",\"datePublished\":\"2024-01-29T07:24:46+00:00\",\"dateModified\":\"2026-04-09T02:19:24+00:00\",\"description\":\"D\u00e9couvrez le Vera Canap\u00e9, un v\u00e9ritable \u00e9l\u00e9ment de d\u00e9coration qui \u00e9l\u00e8vera votre espace de vie. Con\u00e7u dans un design \u00e9l\u00e9gant et sculptural, ce canap\u00e9\",\"breadcrumb\":{\"@id\":\"https:\/\/hubsch-interior.com\/fr\/produit\/vera-canape-gris\/#breadcrumb\"},\"inLanguage\":\"fr-FR\",\"potentialAction\":[{\"@type\":\"ReadAction\",\"target\":[\"https:\/\/hubsch-interior.com\/fr\/produit\/vera-canape-gris\/\"]}]},{\"@type\":\"ImageObject\",\"inLanguage\":\"fr-FR\",\"@id\":\"https:\/\/hubsch-interior.com\/fr\/produit\/vera-canape-gris\/#primaryimage\",\"url\":\"https:\/\/hubsch-interior.com\/wp-content\/uploads\/2026\/02\/vera-sofa-grey-f37370f1b55a5af44e2ea98e7f2fea73.jpg\",\"contentUrl\":\"https:\/\/hubsch-interior.com\/wp-content\/uploads\/2026\/02\/vera-sofa-grey-f37370f1b55a5af44e2ea98e7f2fea73.jpg\",\"width\":1024,\"height\":1024},{\"@type\":\"BreadcrumbList\",\"@id\":\"https:\/\/hubsch-interior.com\/fr\/produit\/vera-canape-gris\/#breadcrumb\",\"itemListElement\":[{\"@type\":\"ListItem\",\"position\":1,\"name\":\"Page d'accueil\",\"item\":\"https:\/\/hubsch-interior.com\/fr\/\"},{\"@type\":\"ListItem\",\"position\":2,\"name\":\"Produits\",\"item\":\"https:\/\/hubsch-interior.com\/fr\/shop-2\/\"},{\"@type\":\"ListItem\",\"position\":3,\"name\":\"Meubles\",\"item\":\"https:\/\/hubsch-interior.com\/fr\/categorie-produit\/meubles\/\"},{\"@type\":\"ListItem\",\"position\":4,\"name\":\"Assises\",\"item\":\"https:\/\/hubsch-interior.com\/fr\/categorie-produit\/meubles\/assises-fr\/\"},{\"@type\":\"ListItem\",\"position\":5,\"name\":\"Canap&eacute;s &amp; lits de jour\",\"item\":\"https:\/\/hubsch-interior.com\/fr\/categorie-produit\/meubles\/assises-fr\/canapes-lits-de-jour-fr\/\"},{\"@type\":\"ListItem\",\"position\":6,\"name\":\"Vera Canap\u00e9 Gris\"}]},{\"@type\":\"WebSite\",\"@id\":\"https:\/\/hubsch-interior.com\/fr\/#website\",\"url\":\"https:\/\/hubsch-interior.com\/fr\/\",\"name\":\"H\u00fcbsch\",\"description\":\"Danish Home Interior and Design\",\"publisher\":{\"@id\":\"https:\/\/hubsch-interior.com\/fr\/#organization\"},\"potentialAction\":[{\"@type\":\"SearchAction\",\"target\":{\"@type\":\"EntryPoint\",\"urlTemplate\":\"https:\/\/hubsch-interior.com\/fr\/?s={search_term_string}\"},\"query-input\":{\"@type\":\"PropertyValueSpecification\",\"valueRequired\":true,\"valueName\":\"search_term_string\"}}],\"inLanguage\":\"fr-FR\"},{\"@type\":\"Organization\",\"@id\":\"https:\/\/hubsch-interior.com\/fr\/#organization\",\"name\":\"H\u00fcbsch\",\"url\":\"https:\/\/hubsch-interior.com\/fr\/\",\"logo\":{\"@type\":\"ImageObject\",\"inLanguage\":\"fr-FR\",\"@id\":\"https:\/\/hubsch-interior.com\/fr\/#\/schema\/logo\/image\/\",\"url\":\"https:\/\/hubsch-interior.com\/wp-content\/uploads\/2022\/12\/Hubsch_logo_black_one_line.svg\",\"contentUrl\":\"https:\/\/hubsch-interior.com\/wp-content\/uploads\/2022\/12\/Hubsch_logo_black_one_line.svg\",\"caption\":\"H\u00fcbsch\"},\"image\":{\"@id\":\"https:\/\/hubsch-interior.com\/fr\/#\/schema\/logo\/image\/\"}}]}<\/script>\n<!-- \/ Yoast SEO plugin. -->","yoast_head_json":{"title":"Vera Canap\u00e9 Gris - H\u00fcbsch","description":"D\u00e9couvrez le Vera Canap\u00e9, un v\u00e9ritable \u00e9l\u00e9ment de d\u00e9coration qui \u00e9l\u00e8vera votre espace de vie. Con\u00e7u dans un design \u00e9l\u00e9gant et sculptural, ce canap\u00e9","robots":{"index":"index","follow":"follow","max-snippet":"max-snippet:-1","max-image-preview":"max-image-preview:large","max-video-preview":"max-video-preview:-1"},"canonical":"https:\/\/hubsch-interior.com\/fr\/wp-json\/wp\/v2\/product\/974948","og_locale":"fr_FR","og_type":"article","og_title":"Vera Canap\u00e9 Gris - H\u00fcbsch","og_description":"D\u00e9couvrez le Vera Canap\u00e9, un v\u00e9ritable \u00e9l\u00e9ment de d\u00e9coration qui \u00e9l\u00e8vera votre espace de vie. Con\u00e7u dans un design \u00e9l\u00e9gant et sculptural, ce canap\u00e9","og_url":"https:\/\/hubsch-interior.com\/fr\/produit\/vera-canape-gris\/","og_site_name":"H\u00fcbsch","article_modified_time":"2026-04-09T02:19:24+00:00","og_image":[{"width":1200,"height":1200,"url":"https:\/\/hubsch-interior.com\/wp-content\/uploads\/2024\/03\/vera-sofa-grey-7b7a931c9cebb74733e4d5769aa1bbcf.jpg","type":"image\/jpeg"}],"twitter_card":"summary_large_image","twitter_misc":{"Dur\u00e9e de lecture estim\u00e9e":"1 minute"},"schema":{"@context":"https:\/\/schema.org","@graph":[{"@type":"WebPage","@id":"https:\/\/hubsch-interior.com\/fr\/produit\/vera-canape-gris\/","url":"https:\/\/hubsch-interior.com\/fr\/produit\/vera-canape-gris\/","name":"Vera Canap\u00e9 Gris - H\u00fcbsch","isPartOf":{"@id":"https:\/\/hubsch-interior.com\/fr\/#website"},"primaryImageOfPage":{"@id":"https:\/\/hubsch-interior.com\/fr\/produit\/vera-canape-gris\/#primaryimage"},"image":{"@id":"https:\/\/hubsch-interior.com\/fr\/produit\/vera-canape-gris\/#primaryimage"},"thumbnailUrl":"https:\/\/hubsch-interior.com\/wp-content\/uploads\/2026\/02\/vera-sofa-grey-f37370f1b55a5af44e2ea98e7f2fea73.jpg","datePublished":"2024-01-29T07:24:46+00:00","dateModified":"2026-04-09T02:19:24+00:00","description":"D\u00e9couvrez le Vera Canap\u00e9, un v\u00e9ritable \u00e9l\u00e9ment de d\u00e9coration qui \u00e9l\u00e8vera votre espace de vie. Con\u00e7u dans un design \u00e9l\u00e9gant et sculptural, ce canap\u00e9","breadcrumb":{"@id":"https:\/\/hubsch-interior.com\/fr\/produit\/vera-canape-gris\/#breadcrumb"},"inLanguage":"fr-FR","potentialAction":[{"@type":"ReadAction","target":["https:\/\/hubsch-interior.com\/fr\/produit\/vera-canape-gris\/"]}]},{"@type":"ImageObject","inLanguage":"fr-FR","@id":"https:\/\/hubsch-interior.com\/fr\/produit\/vera-canape-gris\/#primaryimage","url":"https:\/\/hubsch-interior.com\/wp-content\/uploads\/2026\/02\/vera-sofa-grey-f37370f1b55a5af44e2ea98e7f2fea73.jpg","contentUrl":"https:\/\/hubsch-interior.com\/wp-content\/uploads\/2026\/02\/vera-sofa-grey-f37370f1b55a5af44e2ea98e7f2fea73.jpg","width":1024,"height":1024},{"@type":"BreadcrumbList","@id":"https:\/\/hubsch-interior.com\/fr\/produit\/vera-canape-gris\/#breadcrumb","itemListElement":[{"@type":"ListItem","position":1,"name":"Page d'accueil","item":"https:\/\/hubsch-interior.com\/fr\/"},{"@type":"ListItem","position":2,"name":"Produits","item":"https:\/\/hubsch-interior.com\/fr\/shop-2\/"},{"@type":"ListItem","position":3,"name":"Meubles","item":"https:\/\/hubsch-interior.com\/fr\/categorie-produit\/meubles\/"},{"@type":"ListItem","position":4,"name":"Assises","item":"https:\/\/hubsch-interior.com\/fr\/categorie-produit\/meubles\/assises-fr\/"},{"@type":"ListItem","position":5,"name":"Canap&eacute;s &amp; lits de jour","item":"https:\/\/hubsch-interior.com\/fr\/categorie-produit\/meubles\/assises-fr\/canapes-lits-de-jour-fr\/"},{"@type":"ListItem","position":6,"name":"Vera Canap\u00e9 Gris"}]},{"@type":"WebSite","@id":"https:\/\/hubsch-interior.com\/fr\/#website","url":"https:\/\/hubsch-interior.com\/fr\/","name":"H\u00fcbsch","description":"Danish Home Interior and Design","publisher":{"@id":"https:\/\/hubsch-interior.com\/fr\/#organization"},"potentialAction":[{"@type":"SearchAction","target":{"@type":"EntryPoint","urlTemplate":"https:\/\/hubsch-interior.com\/fr\/?s={search_term_string}"},"query-input":{"@type":"PropertyValueSpecification","valueRequired":true,"valueName":"search_term_string"}}],"inLanguage":"fr-FR"},{"@type":"Organization","@id":"https:\/\/hubsch-interior.com\/fr\/#organization","name":"H\u00fcbsch","url":"https:\/\/hubsch-interior.com\/fr\/","logo":{"@type":"ImageObject","inLanguage":"fr-FR","@id":"https:\/\/hubsch-interior.com\/fr\/#\/schema\/logo\/image\/","url":"https:\/\/hubsch-interior.com\/wp-content\/uploads\/2022\/12\/Hubsch_logo_black_one_line.svg","contentUrl":"https:\/\/hubsch-interior.com\/wp-content\/uploads\/2022\/12\/Hubsch_logo_black_one_line.svg","caption":"H\u00fcbsch"},"image":{"@id":"https:\/\/hubsch-interior.com\/fr\/#\/schema\/logo\/image\/"}}]}},"_links":{"self":[{"href":"https:\/\/hubsch-interior.com\/fr\/wp-json\/wp\/v2\/product\/974948","targetHints":{"allow":["GET"]}}],"collection":[{"href":"https:\/\/hubsch-interior.com\/fr\/wp-json\/wp\/v2\/product"}],"about":[{"href":"https:\/\/hubsch-interior.com\/fr\/wp-json\/wp\/v2\/types\/product"}],"wp:featuredmedia":[{"embeddable":true,"href":"https:\/\/hubsch-interior.com\/fr\/wp-json\/wp\/v2\/media\/1093763"}],"wp:attachment":[{"href":"https:\/\/hubsch-interior.com\/fr\/wp-json\/wp\/v2\/media?parent=974948"}],"wp:term":[{"taxonomy":"product_brand","embeddable":true,"href":"https:\/\/hubsch-interior.com\/fr\/wp-json\/wp\/v2\/product_brand?post=974948"},{"taxonomy":"product_cat","embeddable":true,"href":"https:\/\/hubsch-interior.com\/fr\/wp-json\/wp\/v2\/product_cat?post=974948"},{"taxonomy":"product_tag","embeddable":true,"href":"https:\/\/hubsch-interior.com\/fr\/wp-json\/wp\/v2\/product_tag?post=974948"}],"curies":[{"name":"wp","href":"https:\/\/api.w.org\/{rel}","templated":true}]}}