{"id":974972,"date":"2024-01-29T08:24:58","date_gmt":"2024-01-29T07:24:58","guid":{"rendered":"https:\/\/hubsch-interior.com\/product\/product\/"},"modified":"2026-04-09T04:19:28","modified_gmt":"2026-04-09T02:19:28","slug":"plex-cadre-50x50-sable","status":"publish","type":"product","link":"https:\/\/hubsch-interior.com\/fr\/produit\/plex-cadre-50x50-sable\/","title":{"rendered":"Plex Cadre 50&#215;50 Sable"},"content":{"rendered":"<p>Le Plex Cadre est un incontournable pour tout passionn\u00e9 de design d&#8217;int\u00e9rieur cherchant \u00e0 sublimer leur espace. Disponible en deux variantes, le cadre de couleur sable est une magnifique addition \u00e0 n&#8217;importe quelle pi\u00e8ce. Fabriqu\u00e9 \u00e0 partir de plexiglas et d&#8217;acier de haute qualit\u00e9, ce cadre est non seulement durable, mais ajoute une touche de sophistication \u00e0 votre d\u00e9coration. Avec une fonction magn\u00e9tique, il est facile de changer l&#8217;art graphique affich\u00e9 \u00e0 l&#8217;int\u00e9rieur. Transformez vos murs avec nos cadres pi\u00e8ce ma\u00eetresse et laissez-les suspendus tout en cr\u00e9ant un jeu d&#8217;ombres intrigant avec l&#8217;affiche transparente incluse.<\/p>\n","protected":false},"excerpt":{"rendered":"<p>Le Plex Cadre est un incontournable pour tout passionn\u00e9 de design d&#8217;int\u00e9rieur cherchant \u00e0 sublimer leur espace. Disponible en deux variantes, le cadre de couleur sable est une magnifique addition \u00e0 n&#8217;importe quelle pi\u00e8ce. Fabriqu\u00e9 \u00e0 partir de plexiglas et d&#8217;acier de haute qualit\u00e9, ce cadre est non seulement durable, mais ajoute une touche de [&hellip;]<\/p>\n","protected":false},"featured_media":1093795,"template":"","meta":{"_acf_changed":false,"inline_featured_image":false},"product_brand":[],"product_cat":[6882,3116,4936],"product_tag":[],"class_list":{"0":"post-974972","1":"product","2":"type-product","3":"status-publish","4":"has-post-thumbnail","6":"product_cat-elevating-nostalgia-fr","7":"product_cat-decoration-murale-fr","8":"product_cat-cadres-fr","9":"product_shipping_class-pk","11":"pa_color-sable","12":"pa_material-plexiglas-2","13":"pa_material-acier","15":"first","16":"instock","17":"taxable","18":"shipping-taxable","19":"purchasable","20":"product-type-simple"},"exclude_global_add_ons":[],"addons":[],"acf":[],"yoast_head":"<!-- This site is optimized with the Yoast SEO plugin v26.4 - https:\/\/yoast.com\/wordpress\/plugins\/seo\/ -->\n<title>Plex Cadre 50x50 Sable - H\u00fcbsch<\/title>\n<meta name=\"description\" content=\"Le Plex Cadre est un incontournable pour tout passionn\u00e9 de design d&#039;int\u00e9rieur cherchant \u00e0 sublimer leur espace. Disponible en deux variantes, le cadre de\" \/>\n<meta name=\"robots\" content=\"index, follow, max-snippet:-1, max-image-preview:large, max-video-preview:-1\" \/>\n<link rel=\"canonical\" href=\"https:\/\/hubsch-interior.com\/fr\/wp-json\/wp\/v2\/product\/974972\" \/>\n<meta property=\"og:locale\" content=\"fr_FR\" \/>\n<meta property=\"og:type\" content=\"article\" \/>\n<meta property=\"og:title\" content=\"Plex Cadre 50x50 Sable - H\u00fcbsch\" \/>\n<meta property=\"og:description\" content=\"Le Plex Cadre est un incontournable pour tout passionn\u00e9 de design d&#039;int\u00e9rieur cherchant \u00e0 sublimer leur espace. Disponible en deux variantes, le cadre de\" \/>\n<meta property=\"og:url\" content=\"https:\/\/hubsch-interior.com\/fr\/produit\/plex-cadre-50x50-sable\/\" \/>\n<meta property=\"og:site_name\" content=\"H\u00fcbsch\" \/>\n<meta property=\"article:modified_time\" content=\"2026-04-09T02:19:28+00:00\" \/>\n<meta property=\"og:image\" content=\"https:\/\/hubsch-interior.com\/wp-content\/uploads\/2024\/01\/plex-frame-sand-873662a882f5b91b0c718570d6b673b2.jpg\" \/>\n\t<meta property=\"og:image:width\" content=\"1200\" \/>\n\t<meta property=\"og:image:height\" content=\"1200\" \/>\n\t<meta property=\"og:image:type\" content=\"image\/jpeg\" \/>\n<meta name=\"twitter:card\" content=\"summary_large_image\" \/>\n<script type=\"application\/ld+json\" class=\"yoast-schema-graph\">{\"@context\":\"https:\/\/schema.org\",\"@graph\":[{\"@type\":\"WebPage\",\"@id\":\"https:\/\/hubsch-interior.com\/fr\/produit\/plex-cadre-50x50-sable\/\",\"url\":\"https:\/\/hubsch-interior.com\/fr\/produit\/plex-cadre-50x50-sable\/\",\"name\":\"Plex Cadre 50x50 Sable - H\u00fcbsch\",\"isPartOf\":{\"@id\":\"https:\/\/hubsch-interior.com\/fr\/#website\"},\"primaryImageOfPage\":{\"@id\":\"https:\/\/hubsch-interior.com\/fr\/produit\/plex-cadre-50x50-sable\/#primaryimage\"},\"image\":{\"@id\":\"https:\/\/hubsch-interior.com\/fr\/produit\/plex-cadre-50x50-sable\/#primaryimage\"},\"thumbnailUrl\":\"https:\/\/hubsch-interior.com\/wp-content\/uploads\/2026\/02\/plex-frame-50x50-sand-478003a4d229add070e83a536e59aaeb.jpg\",\"datePublished\":\"2024-01-29T07:24:58+00:00\",\"dateModified\":\"2026-04-09T02:19:28+00:00\",\"description\":\"Le Plex Cadre est un incontournable pour tout passionn\u00e9 de design d'int\u00e9rieur cherchant \u00e0 sublimer leur espace. Disponible en deux variantes, le cadre de\",\"breadcrumb\":{\"@id\":\"https:\/\/hubsch-interior.com\/fr\/produit\/plex-cadre-50x50-sable\/#breadcrumb\"},\"inLanguage\":\"fr-FR\",\"potentialAction\":[{\"@type\":\"ReadAction\",\"target\":[\"https:\/\/hubsch-interior.com\/fr\/produit\/plex-cadre-50x50-sable\/\"]}]},{\"@type\":\"ImageObject\",\"inLanguage\":\"fr-FR\",\"@id\":\"https:\/\/hubsch-interior.com\/fr\/produit\/plex-cadre-50x50-sable\/#primaryimage\",\"url\":\"https:\/\/hubsch-interior.com\/wp-content\/uploads\/2026\/02\/plex-frame-50x50-sand-478003a4d229add070e83a536e59aaeb.jpg\",\"contentUrl\":\"https:\/\/hubsch-interior.com\/wp-content\/uploads\/2026\/02\/plex-frame-50x50-sand-478003a4d229add070e83a536e59aaeb.jpg\",\"width\":1024,\"height\":1024},{\"@type\":\"BreadcrumbList\",\"@id\":\"https:\/\/hubsch-interior.com\/fr\/produit\/plex-cadre-50x50-sable\/#breadcrumb\",\"itemListElement\":[{\"@type\":\"ListItem\",\"position\":1,\"name\":\"Page d'accueil\",\"item\":\"https:\/\/hubsch-interior.com\/fr\/\"},{\"@type\":\"ListItem\",\"position\":2,\"name\":\"Produits\",\"item\":\"https:\/\/hubsch-interior.com\/fr\/shop-2\/\"},{\"@type\":\"ListItem\",\"position\":3,\"name\":\"Accessoires maison\",\"item\":\"https:\/\/hubsch-interior.com\/fr\/categorie-produit\/accessoires-maison\/\"},{\"@type\":\"ListItem\",\"position\":4,\"name\":\"D&eacute;coration murale\",\"item\":\"https:\/\/hubsch-interior.com\/fr\/categorie-produit\/accessoires-maison\/decoration-murale-fr\/\"},{\"@type\":\"ListItem\",\"position\":5,\"name\":\"Cadres\",\"item\":\"https:\/\/hubsch-interior.com\/fr\/categorie-produit\/accessoires-maison\/decoration-murale-fr\/cadres-fr\/\"},{\"@type\":\"ListItem\",\"position\":6,\"name\":\"Plex Cadre 50&#215;50 Sable\"}]},{\"@type\":\"WebSite\",\"@id\":\"https:\/\/hubsch-interior.com\/fr\/#website\",\"url\":\"https:\/\/hubsch-interior.com\/fr\/\",\"name\":\"H\u00fcbsch\",\"description\":\"Danish Home Interior and Design\",\"publisher\":{\"@id\":\"https:\/\/hubsch-interior.com\/fr\/#organization\"},\"potentialAction\":[{\"@type\":\"SearchAction\",\"target\":{\"@type\":\"EntryPoint\",\"urlTemplate\":\"https:\/\/hubsch-interior.com\/fr\/?s={search_term_string}\"},\"query-input\":{\"@type\":\"PropertyValueSpecification\",\"valueRequired\":true,\"valueName\":\"search_term_string\"}}],\"inLanguage\":\"fr-FR\"},{\"@type\":\"Organization\",\"@id\":\"https:\/\/hubsch-interior.com\/fr\/#organization\",\"name\":\"H\u00fcbsch\",\"url\":\"https:\/\/hubsch-interior.com\/fr\/\",\"logo\":{\"@type\":\"ImageObject\",\"inLanguage\":\"fr-FR\",\"@id\":\"https:\/\/hubsch-interior.com\/fr\/#\/schema\/logo\/image\/\",\"url\":\"https:\/\/hubsch-interior.com\/wp-content\/uploads\/2022\/12\/Hubsch_logo_black_one_line.svg\",\"contentUrl\":\"https:\/\/hubsch-interior.com\/wp-content\/uploads\/2022\/12\/Hubsch_logo_black_one_line.svg\",\"caption\":\"H\u00fcbsch\"},\"image\":{\"@id\":\"https:\/\/hubsch-interior.com\/fr\/#\/schema\/logo\/image\/\"}}]}<\/script>\n<!-- \/ Yoast SEO plugin. -->","yoast_head_json":{"title":"Plex Cadre 50x50 Sable - H\u00fcbsch","description":"Le Plex Cadre est un incontournable pour tout passionn\u00e9 de design d'int\u00e9rieur cherchant \u00e0 sublimer leur espace. Disponible en deux variantes, le cadre de","robots":{"index":"index","follow":"follow","max-snippet":"max-snippet:-1","max-image-preview":"max-image-preview:large","max-video-preview":"max-video-preview:-1"},"canonical":"https:\/\/hubsch-interior.com\/fr\/wp-json\/wp\/v2\/product\/974972","og_locale":"fr_FR","og_type":"article","og_title":"Plex Cadre 50x50 Sable - H\u00fcbsch","og_description":"Le Plex Cadre est un incontournable pour tout passionn\u00e9 de design d'int\u00e9rieur cherchant \u00e0 sublimer leur espace. Disponible en deux variantes, le cadre de","og_url":"https:\/\/hubsch-interior.com\/fr\/produit\/plex-cadre-50x50-sable\/","og_site_name":"H\u00fcbsch","article_modified_time":"2026-04-09T02:19:28+00:00","og_image":[{"width":1200,"height":1200,"url":"https:\/\/hubsch-interior.com\/wp-content\/uploads\/2024\/01\/plex-frame-sand-873662a882f5b91b0c718570d6b673b2.jpg","type":"image\/jpeg"}],"twitter_card":"summary_large_image","schema":{"@context":"https:\/\/schema.org","@graph":[{"@type":"WebPage","@id":"https:\/\/hubsch-interior.com\/fr\/produit\/plex-cadre-50x50-sable\/","url":"https:\/\/hubsch-interior.com\/fr\/produit\/plex-cadre-50x50-sable\/","name":"Plex Cadre 50x50 Sable - H\u00fcbsch","isPartOf":{"@id":"https:\/\/hubsch-interior.com\/fr\/#website"},"primaryImageOfPage":{"@id":"https:\/\/hubsch-interior.com\/fr\/produit\/plex-cadre-50x50-sable\/#primaryimage"},"image":{"@id":"https:\/\/hubsch-interior.com\/fr\/produit\/plex-cadre-50x50-sable\/#primaryimage"},"thumbnailUrl":"https:\/\/hubsch-interior.com\/wp-content\/uploads\/2026\/02\/plex-frame-50x50-sand-478003a4d229add070e83a536e59aaeb.jpg","datePublished":"2024-01-29T07:24:58+00:00","dateModified":"2026-04-09T02:19:28+00:00","description":"Le Plex Cadre est un incontournable pour tout passionn\u00e9 de design d'int\u00e9rieur cherchant \u00e0 sublimer leur espace. Disponible en deux variantes, le cadre de","breadcrumb":{"@id":"https:\/\/hubsch-interior.com\/fr\/produit\/plex-cadre-50x50-sable\/#breadcrumb"},"inLanguage":"fr-FR","potentialAction":[{"@type":"ReadAction","target":["https:\/\/hubsch-interior.com\/fr\/produit\/plex-cadre-50x50-sable\/"]}]},{"@type":"ImageObject","inLanguage":"fr-FR","@id":"https:\/\/hubsch-interior.com\/fr\/produit\/plex-cadre-50x50-sable\/#primaryimage","url":"https:\/\/hubsch-interior.com\/wp-content\/uploads\/2026\/02\/plex-frame-50x50-sand-478003a4d229add070e83a536e59aaeb.jpg","contentUrl":"https:\/\/hubsch-interior.com\/wp-content\/uploads\/2026\/02\/plex-frame-50x50-sand-478003a4d229add070e83a536e59aaeb.jpg","width":1024,"height":1024},{"@type":"BreadcrumbList","@id":"https:\/\/hubsch-interior.com\/fr\/produit\/plex-cadre-50x50-sable\/#breadcrumb","itemListElement":[{"@type":"ListItem","position":1,"name":"Page d'accueil","item":"https:\/\/hubsch-interior.com\/fr\/"},{"@type":"ListItem","position":2,"name":"Produits","item":"https:\/\/hubsch-interior.com\/fr\/shop-2\/"},{"@type":"ListItem","position":3,"name":"Accessoires maison","item":"https:\/\/hubsch-interior.com\/fr\/categorie-produit\/accessoires-maison\/"},{"@type":"ListItem","position":4,"name":"D&eacute;coration murale","item":"https:\/\/hubsch-interior.com\/fr\/categorie-produit\/accessoires-maison\/decoration-murale-fr\/"},{"@type":"ListItem","position":5,"name":"Cadres","item":"https:\/\/hubsch-interior.com\/fr\/categorie-produit\/accessoires-maison\/decoration-murale-fr\/cadres-fr\/"},{"@type":"ListItem","position":6,"name":"Plex Cadre 50&#215;50 Sable"}]},{"@type":"WebSite","@id":"https:\/\/hubsch-interior.com\/fr\/#website","url":"https:\/\/hubsch-interior.com\/fr\/","name":"H\u00fcbsch","description":"Danish Home Interior and Design","publisher":{"@id":"https:\/\/hubsch-interior.com\/fr\/#organization"},"potentialAction":[{"@type":"SearchAction","target":{"@type":"EntryPoint","urlTemplate":"https:\/\/hubsch-interior.com\/fr\/?s={search_term_string}"},"query-input":{"@type":"PropertyValueSpecification","valueRequired":true,"valueName":"search_term_string"}}],"inLanguage":"fr-FR"},{"@type":"Organization","@id":"https:\/\/hubsch-interior.com\/fr\/#organization","name":"H\u00fcbsch","url":"https:\/\/hubsch-interior.com\/fr\/","logo":{"@type":"ImageObject","inLanguage":"fr-FR","@id":"https:\/\/hubsch-interior.com\/fr\/#\/schema\/logo\/image\/","url":"https:\/\/hubsch-interior.com\/wp-content\/uploads\/2022\/12\/Hubsch_logo_black_one_line.svg","contentUrl":"https:\/\/hubsch-interior.com\/wp-content\/uploads\/2022\/12\/Hubsch_logo_black_one_line.svg","caption":"H\u00fcbsch"},"image":{"@id":"https:\/\/hubsch-interior.com\/fr\/#\/schema\/logo\/image\/"}}]}},"_links":{"self":[{"href":"https:\/\/hubsch-interior.com\/fr\/wp-json\/wp\/v2\/product\/974972","targetHints":{"allow":["GET"]}}],"collection":[{"href":"https:\/\/hubsch-interior.com\/fr\/wp-json\/wp\/v2\/product"}],"about":[{"href":"https:\/\/hubsch-interior.com\/fr\/wp-json\/wp\/v2\/types\/product"}],"wp:featuredmedia":[{"embeddable":true,"href":"https:\/\/hubsch-interior.com\/fr\/wp-json\/wp\/v2\/media\/1093795"}],"wp:attachment":[{"href":"https:\/\/hubsch-interior.com\/fr\/wp-json\/wp\/v2\/media?parent=974972"}],"wp:term":[{"taxonomy":"product_brand","embeddable":true,"href":"https:\/\/hubsch-interior.com\/fr\/wp-json\/wp\/v2\/product_brand?post=974972"},{"taxonomy":"product_cat","embeddable":true,"href":"https:\/\/hubsch-interior.com\/fr\/wp-json\/wp\/v2\/product_cat?post=974972"},{"taxonomy":"product_tag","embeddable":true,"href":"https:\/\/hubsch-interior.com\/fr\/wp-json\/wp\/v2\/product_tag?post=974972"}],"curies":[{"name":"wp","href":"https:\/\/api.w.org\/{rel}","templated":true}]}}