{"id":975080,"date":"2024-01-29T08:25:52","date_gmt":"2024-01-29T07:25:52","guid":{"rendered":"https:\/\/hubsch-interior.com\/product\/product\/"},"modified":"2026-04-05T04:19:44","modified_gmt":"2026-04-05T02:19:44","slug":"sola-coussin-vert-gris","status":"publish","type":"product","link":"https:\/\/hubsch-interior.com\/fr\/produit\/sola-coussin-vert-gris\/","title":{"rendered":"Sola Coussin Vert\/Gris"},"content":{"rendered":"<p>D\u00e9couvrez le Sola Coussin, le summum du confort et du style pour votre petit coin douillet. Disponible dans une variante verte\/grise apaisante, ce coussin semble d&#8217;un ton uni \u00e0 premi\u00e8re vue, mais r\u00e9v\u00e8le, \u00e0 y regarder de plus pr\u00e8s, un spectre de couleurs enchanteur qui se fond harmonieusement. Confectionn\u00e9 en polyester certifi\u00e9 OEKO-TEX\u00ae STANDARD 100, il promet une \u00e9treinte douce et cosy, rendant tout si\u00e8ge irr\u00e9sistiblement confortable. Parfaitement d\u00e9coratif, le Sola Coussin ajoute une touche d&#8217;\u00e9l\u00e9gance personnalis\u00e9e \u00e0 votre espace int\u00e9rieur. Choisissez votre favori ou combinez deux variantes charmantes disponibles.<\/p>\n","protected":false},"excerpt":{"rendered":"<p>D\u00e9couvrez le Sola Coussin, le summum du confort et du style pour votre petit coin douillet. Disponible dans une variante verte\/grise apaisante, ce coussin semble d&#8217;un ton uni \u00e0 premi\u00e8re vue, mais r\u00e9v\u00e8le, \u00e0 y regarder de plus pr\u00e8s, un spectre de couleurs enchanteur qui se fond harmonieusement. Confectionn\u00e9 en polyester certifi\u00e9 OEKO-TEX\u00ae STANDARD 100, [&hellip;]<\/p>\n","protected":false},"featured_media":1093879,"template":"","meta":{"_acf_changed":false,"inline_featured_image":false},"product_brand":[],"product_cat":[6882,3002,3003,5026],"product_tag":[],"class_list":{"0":"post-975080","1":"product","2":"type-product","3":"status-publish","4":"has-post-thumbnail","6":"product_cat-elevating-nostalgia-fr","7":"product_cat-textile","8":"product_cat-coussins-fr","9":"product_cat-bestsellers-fr","10":"product_shipping_class-pk","12":"pa_color-gris-2","13":"pa_color-vert-2","14":"pa_material-polyester-100-fr","16":"first","17":"instock","18":"featured","19":"taxable","20":"shipping-taxable","21":"purchasable","22":"product-type-simple"},"exclude_global_add_ons":[],"addons":[],"acf":[],"yoast_head":"<!-- This site is optimized with the Yoast SEO plugin v26.4 - https:\/\/yoast.com\/wordpress\/plugins\/seo\/ -->\n<title>Sola Coussin Vert\/Gris - H\u00fcbsch<\/title>\n<meta name=\"description\" content=\"D\u00e9couvrez le Sola Coussin, le summum du confort et du style pour votre petit coin douillet. Disponible dans une variante verte\/grise apaisante, ce coussin\" \/>\n<meta name=\"robots\" content=\"index, follow, max-snippet:-1, max-image-preview:large, max-video-preview:-1\" \/>\n<link rel=\"canonical\" href=\"https:\/\/hubsch-interior.com\/fr\/wp-json\/wp\/v2\/product\/975080\" \/>\n<meta property=\"og:locale\" content=\"fr_FR\" \/>\n<meta property=\"og:type\" content=\"article\" \/>\n<meta property=\"og:title\" content=\"Sola Coussin Vert\/Gris - H\u00fcbsch\" \/>\n<meta property=\"og:description\" content=\"D\u00e9couvrez le Sola Coussin, le summum du confort et du style pour votre petit coin douillet. Disponible dans une variante verte\/grise apaisante, ce coussin\" \/>\n<meta property=\"og:url\" content=\"https:\/\/hubsch-interior.com\/fr\/produit\/sola-coussin-vert-gris\/\" \/>\n<meta property=\"og:site_name\" content=\"H\u00fcbsch\" \/>\n<meta property=\"article:modified_time\" content=\"2026-04-05T02:19:44+00:00\" \/>\n<meta property=\"og:image\" content=\"https:\/\/hubsch-interior.com\/wp-content\/uploads\/2024\/01\/sola-cushion-greengrey-d9df298ab411896cf53aba0f03bd6836.jpg\" \/>\n\t<meta property=\"og:image:width\" content=\"1200\" \/>\n\t<meta property=\"og:image:height\" content=\"1200\" \/>\n\t<meta property=\"og:image:type\" content=\"image\/jpeg\" \/>\n<meta name=\"twitter:card\" content=\"summary_large_image\" \/>\n<script type=\"application\/ld+json\" class=\"yoast-schema-graph\">{\"@context\":\"https:\/\/schema.org\",\"@graph\":[{\"@type\":\"WebPage\",\"@id\":\"https:\/\/hubsch-interior.com\/fr\/produit\/sola-coussin-vert-gris\/\",\"url\":\"https:\/\/hubsch-interior.com\/fr\/produit\/sola-coussin-vert-gris\/\",\"name\":\"Sola Coussin Vert\/Gris - H\u00fcbsch\",\"isPartOf\":{\"@id\":\"https:\/\/hubsch-interior.com\/fr\/#website\"},\"primaryImageOfPage\":{\"@id\":\"https:\/\/hubsch-interior.com\/fr\/produit\/sola-coussin-vert-gris\/#primaryimage\"},\"image\":{\"@id\":\"https:\/\/hubsch-interior.com\/fr\/produit\/sola-coussin-vert-gris\/#primaryimage\"},\"thumbnailUrl\":\"https:\/\/hubsch-interior.com\/wp-content\/uploads\/2026\/02\/sola-cushion-greengrey-d22f8fef845904f75e338f9dcc5fa868.jpg\",\"datePublished\":\"2024-01-29T07:25:52+00:00\",\"dateModified\":\"2026-04-05T02:19:44+00:00\",\"description\":\"D\u00e9couvrez le Sola Coussin, le summum du confort et du style pour votre petit coin douillet. Disponible dans une variante verte\/grise apaisante, ce coussin\",\"breadcrumb\":{\"@id\":\"https:\/\/hubsch-interior.com\/fr\/produit\/sola-coussin-vert-gris\/#breadcrumb\"},\"inLanguage\":\"fr-FR\",\"potentialAction\":[{\"@type\":\"ReadAction\",\"target\":[\"https:\/\/hubsch-interior.com\/fr\/produit\/sola-coussin-vert-gris\/\"]}]},{\"@type\":\"ImageObject\",\"inLanguage\":\"fr-FR\",\"@id\":\"https:\/\/hubsch-interior.com\/fr\/produit\/sola-coussin-vert-gris\/#primaryimage\",\"url\":\"https:\/\/hubsch-interior.com\/wp-content\/uploads\/2026\/02\/sola-cushion-greengrey-d22f8fef845904f75e338f9dcc5fa868.jpg\",\"contentUrl\":\"https:\/\/hubsch-interior.com\/wp-content\/uploads\/2026\/02\/sola-cushion-greengrey-d22f8fef845904f75e338f9dcc5fa868.jpg\",\"width\":1024,\"height\":1024},{\"@type\":\"BreadcrumbList\",\"@id\":\"https:\/\/hubsch-interior.com\/fr\/produit\/sola-coussin-vert-gris\/#breadcrumb\",\"itemListElement\":[{\"@type\":\"ListItem\",\"position\":1,\"name\":\"Page d'accueil\",\"item\":\"https:\/\/hubsch-interior.com\/fr\/\"},{\"@type\":\"ListItem\",\"position\":2,\"name\":\"Produits\",\"item\":\"https:\/\/hubsch-interior.com\/fr\/shop-2\/\"},{\"@type\":\"ListItem\",\"position\":3,\"name\":\"Textiles\",\"item\":\"https:\/\/hubsch-interior.com\/fr\/categorie-produit\/textile\/\"},{\"@type\":\"ListItem\",\"position\":4,\"name\":\"Coussins\",\"item\":\"https:\/\/hubsch-interior.com\/fr\/categorie-produit\/textile\/coussins-fr\/\"},{\"@type\":\"ListItem\",\"position\":5,\"name\":\"Sola Coussin Vert\/Gris\"}]},{\"@type\":\"WebSite\",\"@id\":\"https:\/\/hubsch-interior.com\/fr\/#website\",\"url\":\"https:\/\/hubsch-interior.com\/fr\/\",\"name\":\"H\u00fcbsch\",\"description\":\"Danish Home Interior and Design\",\"publisher\":{\"@id\":\"https:\/\/hubsch-interior.com\/fr\/#organization\"},\"potentialAction\":[{\"@type\":\"SearchAction\",\"target\":{\"@type\":\"EntryPoint\",\"urlTemplate\":\"https:\/\/hubsch-interior.com\/fr\/?s={search_term_string}\"},\"query-input\":{\"@type\":\"PropertyValueSpecification\",\"valueRequired\":true,\"valueName\":\"search_term_string\"}}],\"inLanguage\":\"fr-FR\"},{\"@type\":\"Organization\",\"@id\":\"https:\/\/hubsch-interior.com\/fr\/#organization\",\"name\":\"H\u00fcbsch\",\"url\":\"https:\/\/hubsch-interior.com\/fr\/\",\"logo\":{\"@type\":\"ImageObject\",\"inLanguage\":\"fr-FR\",\"@id\":\"https:\/\/hubsch-interior.com\/fr\/#\/schema\/logo\/image\/\",\"url\":\"https:\/\/hubsch-interior.com\/wp-content\/uploads\/2022\/12\/Hubsch_logo_black_one_line.svg\",\"contentUrl\":\"https:\/\/hubsch-interior.com\/wp-content\/uploads\/2022\/12\/Hubsch_logo_black_one_line.svg\",\"caption\":\"H\u00fcbsch\"},\"image\":{\"@id\":\"https:\/\/hubsch-interior.com\/fr\/#\/schema\/logo\/image\/\"}}]}<\/script>\n<!-- \/ Yoast SEO plugin. -->","yoast_head_json":{"title":"Sola Coussin Vert\/Gris - H\u00fcbsch","description":"D\u00e9couvrez le Sola Coussin, le summum du confort et du style pour votre petit coin douillet. Disponible dans une variante verte\/grise apaisante, ce coussin","robots":{"index":"index","follow":"follow","max-snippet":"max-snippet:-1","max-image-preview":"max-image-preview:large","max-video-preview":"max-video-preview:-1"},"canonical":"https:\/\/hubsch-interior.com\/fr\/wp-json\/wp\/v2\/product\/975080","og_locale":"fr_FR","og_type":"article","og_title":"Sola Coussin Vert\/Gris - H\u00fcbsch","og_description":"D\u00e9couvrez le Sola Coussin, le summum du confort et du style pour votre petit coin douillet. Disponible dans une variante verte\/grise apaisante, ce coussin","og_url":"https:\/\/hubsch-interior.com\/fr\/produit\/sola-coussin-vert-gris\/","og_site_name":"H\u00fcbsch","article_modified_time":"2026-04-05T02:19:44+00:00","og_image":[{"width":1200,"height":1200,"url":"https:\/\/hubsch-interior.com\/wp-content\/uploads\/2024\/01\/sola-cushion-greengrey-d9df298ab411896cf53aba0f03bd6836.jpg","type":"image\/jpeg"}],"twitter_card":"summary_large_image","schema":{"@context":"https:\/\/schema.org","@graph":[{"@type":"WebPage","@id":"https:\/\/hubsch-interior.com\/fr\/produit\/sola-coussin-vert-gris\/","url":"https:\/\/hubsch-interior.com\/fr\/produit\/sola-coussin-vert-gris\/","name":"Sola Coussin Vert\/Gris - H\u00fcbsch","isPartOf":{"@id":"https:\/\/hubsch-interior.com\/fr\/#website"},"primaryImageOfPage":{"@id":"https:\/\/hubsch-interior.com\/fr\/produit\/sola-coussin-vert-gris\/#primaryimage"},"image":{"@id":"https:\/\/hubsch-interior.com\/fr\/produit\/sola-coussin-vert-gris\/#primaryimage"},"thumbnailUrl":"https:\/\/hubsch-interior.com\/wp-content\/uploads\/2026\/02\/sola-cushion-greengrey-d22f8fef845904f75e338f9dcc5fa868.jpg","datePublished":"2024-01-29T07:25:52+00:00","dateModified":"2026-04-05T02:19:44+00:00","description":"D\u00e9couvrez le Sola Coussin, le summum du confort et du style pour votre petit coin douillet. Disponible dans une variante verte\/grise apaisante, ce coussin","breadcrumb":{"@id":"https:\/\/hubsch-interior.com\/fr\/produit\/sola-coussin-vert-gris\/#breadcrumb"},"inLanguage":"fr-FR","potentialAction":[{"@type":"ReadAction","target":["https:\/\/hubsch-interior.com\/fr\/produit\/sola-coussin-vert-gris\/"]}]},{"@type":"ImageObject","inLanguage":"fr-FR","@id":"https:\/\/hubsch-interior.com\/fr\/produit\/sola-coussin-vert-gris\/#primaryimage","url":"https:\/\/hubsch-interior.com\/wp-content\/uploads\/2026\/02\/sola-cushion-greengrey-d22f8fef845904f75e338f9dcc5fa868.jpg","contentUrl":"https:\/\/hubsch-interior.com\/wp-content\/uploads\/2026\/02\/sola-cushion-greengrey-d22f8fef845904f75e338f9dcc5fa868.jpg","width":1024,"height":1024},{"@type":"BreadcrumbList","@id":"https:\/\/hubsch-interior.com\/fr\/produit\/sola-coussin-vert-gris\/#breadcrumb","itemListElement":[{"@type":"ListItem","position":1,"name":"Page d'accueil","item":"https:\/\/hubsch-interior.com\/fr\/"},{"@type":"ListItem","position":2,"name":"Produits","item":"https:\/\/hubsch-interior.com\/fr\/shop-2\/"},{"@type":"ListItem","position":3,"name":"Textiles","item":"https:\/\/hubsch-interior.com\/fr\/categorie-produit\/textile\/"},{"@type":"ListItem","position":4,"name":"Coussins","item":"https:\/\/hubsch-interior.com\/fr\/categorie-produit\/textile\/coussins-fr\/"},{"@type":"ListItem","position":5,"name":"Sola Coussin Vert\/Gris"}]},{"@type":"WebSite","@id":"https:\/\/hubsch-interior.com\/fr\/#website","url":"https:\/\/hubsch-interior.com\/fr\/","name":"H\u00fcbsch","description":"Danish Home Interior and Design","publisher":{"@id":"https:\/\/hubsch-interior.com\/fr\/#organization"},"potentialAction":[{"@type":"SearchAction","target":{"@type":"EntryPoint","urlTemplate":"https:\/\/hubsch-interior.com\/fr\/?s={search_term_string}"},"query-input":{"@type":"PropertyValueSpecification","valueRequired":true,"valueName":"search_term_string"}}],"inLanguage":"fr-FR"},{"@type":"Organization","@id":"https:\/\/hubsch-interior.com\/fr\/#organization","name":"H\u00fcbsch","url":"https:\/\/hubsch-interior.com\/fr\/","logo":{"@type":"ImageObject","inLanguage":"fr-FR","@id":"https:\/\/hubsch-interior.com\/fr\/#\/schema\/logo\/image\/","url":"https:\/\/hubsch-interior.com\/wp-content\/uploads\/2022\/12\/Hubsch_logo_black_one_line.svg","contentUrl":"https:\/\/hubsch-interior.com\/wp-content\/uploads\/2022\/12\/Hubsch_logo_black_one_line.svg","caption":"H\u00fcbsch"},"image":{"@id":"https:\/\/hubsch-interior.com\/fr\/#\/schema\/logo\/image\/"}}]}},"_links":{"self":[{"href":"https:\/\/hubsch-interior.com\/fr\/wp-json\/wp\/v2\/product\/975080","targetHints":{"allow":["GET"]}}],"collection":[{"href":"https:\/\/hubsch-interior.com\/fr\/wp-json\/wp\/v2\/product"}],"about":[{"href":"https:\/\/hubsch-interior.com\/fr\/wp-json\/wp\/v2\/types\/product"}],"wp:featuredmedia":[{"embeddable":true,"href":"https:\/\/hubsch-interior.com\/fr\/wp-json\/wp\/v2\/media\/1093879"}],"wp:attachment":[{"href":"https:\/\/hubsch-interior.com\/fr\/wp-json\/wp\/v2\/media?parent=975080"}],"wp:term":[{"taxonomy":"product_brand","embeddable":true,"href":"https:\/\/hubsch-interior.com\/fr\/wp-json\/wp\/v2\/product_brand?post=975080"},{"taxonomy":"product_cat","embeddable":true,"href":"https:\/\/hubsch-interior.com\/fr\/wp-json\/wp\/v2\/product_cat?post=975080"},{"taxonomy":"product_tag","embeddable":true,"href":"https:\/\/hubsch-interior.com\/fr\/wp-json\/wp\/v2\/product_tag?post=975080"}],"curies":[{"name":"wp","href":"https:\/\/api.w.org\/{rel}","templated":true}]}}