{"id":975100,"date":"2024-01-29T08:25:57","date_gmt":"2024-01-29T07:25:57","guid":{"rendered":"https:\/\/hubsch-interior.com\/product\/product\/"},"modified":"2026-04-29T04:19:42","modified_gmt":"2026-04-29T02:19:42","slug":"brick-bougeoir-noir","status":"publish","type":"product","link":"https:\/\/hubsch-interior.com\/fr\/produit\/brick-bougeoir-noir\/","title":{"rendered":"Brick Bougeoir Noir"},"content":{"rendered":"<p>D\u00e9couvrez notre Brick Bougeoir, l&#8217;ajout parfait \u00e0 votre d\u00e9coration int\u00e9rieure. Fabriqu\u00e9 \u00e0 partir de luxueux marbre noir, ce bougeoir d\u00e9gage une esth\u00e9tique moderne tout en ajoutant une touche d&#8217;\u00e9l\u00e9gance intemporelle \u00e0 n&#8217;importe quelle pi\u00e8ce. Disponible en trois variantes, il est id\u00e9al pour une utilisation en tant que pi\u00e8ce ma\u00eetresse unique ou en combinaison avec plusieurs pour cr\u00e9er un chandelier unique. Son design empilable vous permet de construire en modules, en concevant votre propre pr\u00e9sentation personnalis\u00e9e. Rehaussez votre espace avec notre Brick Bougeoir, \u00e9galement disponible dans d&#8217;autres variations de couleur. Faites une d\u00e9claration et illuminez votre maison avec style.<\/p>\n","protected":false},"excerpt":{"rendered":"<p>D\u00e9couvrez notre Brick Bougeoir, l&#8217;ajout parfait \u00e0 votre d\u00e9coration int\u00e9rieure. Fabriqu\u00e9 \u00e0 partir de luxueux marbre noir, ce bougeoir d\u00e9gage une esth\u00e9tique moderne tout en ajoutant une touche d&#8217;\u00e9l\u00e9gance intemporelle \u00e0 n&#8217;importe quelle pi\u00e8ce. Disponible en trois variantes, il est id\u00e9al pour une utilisation en tant que pi\u00e8ce ma\u00eetresse unique ou en combinaison avec plusieurs [&hellip;]<\/p>\n","protected":false},"featured_media":1093899,"template":"","meta":{"_acf_changed":false,"inline_featured_image":false},"product_brand":[],"product_cat":[6882,4065,4066],"product_tag":[],"class_list":{"0":"post-975100","1":"product","2":"type-product","3":"status-publish","4":"has-post-thumbnail","6":"product_cat-elevating-nostalgia-fr","7":"product_cat-bougeoirs-lanternes-fr","8":"product_cat-bougeoirs-et-photophores-fr","9":"product_shipping_class-pk","11":"pa_color-noir","12":"pa_material-marbre-fr","14":"first","15":"instock","16":"taxable","17":"shipping-taxable","18":"purchasable","19":"product-type-simple"},"exclude_global_add_ons":[],"addons":[],"acf":[],"yoast_head":"<!-- This site is optimized with the Yoast SEO plugin v26.4 - https:\/\/yoast.com\/wordpress\/plugins\/seo\/ -->\n<title>Brick Bougeoir Noir - H\u00fcbsch<\/title>\n<meta name=\"description\" content=\"D\u00e9couvrez notre Brick Bougeoir, l&#039;ajout parfait \u00e0 votre d\u00e9coration int\u00e9rieure. Fabriqu\u00e9 \u00e0 partir de luxueux marbre noir, ce bougeoir d\u00e9gage une esth\u00e9tique\" \/>\n<meta name=\"robots\" content=\"index, follow, max-snippet:-1, max-image-preview:large, max-video-preview:-1\" \/>\n<link rel=\"canonical\" href=\"https:\/\/hubsch-interior.com\/fr\/wp-json\/wp\/v2\/product\/975100\" \/>\n<meta property=\"og:locale\" content=\"fr_FR\" \/>\n<meta property=\"og:type\" content=\"article\" \/>\n<meta property=\"og:title\" content=\"Brick Bougeoir Noir - H\u00fcbsch\" \/>\n<meta property=\"og:description\" content=\"D\u00e9couvrez notre Brick Bougeoir, l&#039;ajout parfait \u00e0 votre d\u00e9coration int\u00e9rieure. Fabriqu\u00e9 \u00e0 partir de luxueux marbre noir, ce bougeoir d\u00e9gage une esth\u00e9tique\" \/>\n<meta property=\"og:url\" content=\"https:\/\/hubsch-interior.com\/fr\/produit\/brick-bougeoir-noir\/\" \/>\n<meta property=\"og:site_name\" content=\"H\u00fcbsch\" \/>\n<meta property=\"article:modified_time\" content=\"2026-04-29T02:19:42+00:00\" \/>\n<meta property=\"og:image\" content=\"https:\/\/hubsch-interior.com\/wp-content\/uploads\/2024\/01\/brick-candleholder-black-e704f528bc3c0d75d38ae1dc3973268a.jpg\" \/>\n\t<meta property=\"og:image:width\" content=\"1200\" \/>\n\t<meta property=\"og:image:height\" content=\"1200\" \/>\n\t<meta property=\"og:image:type\" content=\"image\/jpeg\" \/>\n<meta name=\"twitter:card\" content=\"summary_large_image\" \/>\n<meta name=\"twitter:label1\" content=\"Dur\u00e9e de lecture estim\u00e9e\" \/>\n\t<meta name=\"twitter:data1\" content=\"1 minute\" \/>\n<script type=\"application\/ld+json\" class=\"yoast-schema-graph\">{\"@context\":\"https:\/\/schema.org\",\"@graph\":[{\"@type\":\"WebPage\",\"@id\":\"https:\/\/hubsch-interior.com\/fr\/produit\/brick-bougeoir-noir\/\",\"url\":\"https:\/\/hubsch-interior.com\/fr\/produit\/brick-bougeoir-noir\/\",\"name\":\"Brick Bougeoir Noir - H\u00fcbsch\",\"isPartOf\":{\"@id\":\"https:\/\/hubsch-interior.com\/fr\/#website\"},\"primaryImageOfPage\":{\"@id\":\"https:\/\/hubsch-interior.com\/fr\/produit\/brick-bougeoir-noir\/#primaryimage\"},\"image\":{\"@id\":\"https:\/\/hubsch-interior.com\/fr\/produit\/brick-bougeoir-noir\/#primaryimage\"},\"thumbnailUrl\":\"https:\/\/hubsch-interior.com\/wp-content\/uploads\/2026\/02\/brick-candleholder-black-92b0ca3568d77c350a52973dc29abc30.jpg\",\"datePublished\":\"2024-01-29T07:25:57+00:00\",\"dateModified\":\"2026-04-29T02:19:42+00:00\",\"description\":\"D\u00e9couvrez notre Brick Bougeoir, l'ajout parfait \u00e0 votre d\u00e9coration int\u00e9rieure. Fabriqu\u00e9 \u00e0 partir de luxueux marbre noir, ce bougeoir d\u00e9gage une esth\u00e9tique\",\"breadcrumb\":{\"@id\":\"https:\/\/hubsch-interior.com\/fr\/produit\/brick-bougeoir-noir\/#breadcrumb\"},\"inLanguage\":\"fr-FR\",\"potentialAction\":[{\"@type\":\"ReadAction\",\"target\":[\"https:\/\/hubsch-interior.com\/fr\/produit\/brick-bougeoir-noir\/\"]}]},{\"@type\":\"ImageObject\",\"inLanguage\":\"fr-FR\",\"@id\":\"https:\/\/hubsch-interior.com\/fr\/produit\/brick-bougeoir-noir\/#primaryimage\",\"url\":\"https:\/\/hubsch-interior.com\/wp-content\/uploads\/2026\/02\/brick-candleholder-black-92b0ca3568d77c350a52973dc29abc30.jpg\",\"contentUrl\":\"https:\/\/hubsch-interior.com\/wp-content\/uploads\/2026\/02\/brick-candleholder-black-92b0ca3568d77c350a52973dc29abc30.jpg\",\"width\":1024,\"height\":1024},{\"@type\":\"BreadcrumbList\",\"@id\":\"https:\/\/hubsch-interior.com\/fr\/produit\/brick-bougeoir-noir\/#breadcrumb\",\"itemListElement\":[{\"@type\":\"ListItem\",\"position\":1,\"name\":\"Page d'accueil\",\"item\":\"https:\/\/hubsch-interior.com\/fr\/\"},{\"@type\":\"ListItem\",\"position\":2,\"name\":\"Produits\",\"item\":\"https:\/\/hubsch-interior.com\/fr\/shop-2\/\"},{\"@type\":\"ListItem\",\"position\":3,\"name\":\"Accessoires maison\",\"item\":\"https:\/\/hubsch-interior.com\/fr\/categorie-produit\/accessoires-maison\/\"},{\"@type\":\"ListItem\",\"position\":4,\"name\":\"Bougeoirs &amp; lanternes\",\"item\":\"https:\/\/hubsch-interior.com\/fr\/categorie-produit\/accessoires-maison\/bougeoirs-lanternes-fr\/\"},{\"@type\":\"ListItem\",\"position\":5,\"name\":\"Bougeoirs et photophores\",\"item\":\"https:\/\/hubsch-interior.com\/fr\/categorie-produit\/accessoires-maison\/bougeoirs-lanternes-fr\/bougeoirs-et-photophores-fr\/\"},{\"@type\":\"ListItem\",\"position\":6,\"name\":\"Brick Bougeoir Noir\"}]},{\"@type\":\"WebSite\",\"@id\":\"https:\/\/hubsch-interior.com\/fr\/#website\",\"url\":\"https:\/\/hubsch-interior.com\/fr\/\",\"name\":\"H\u00fcbsch\",\"description\":\"Danish Home Interior and Design\",\"publisher\":{\"@id\":\"https:\/\/hubsch-interior.com\/fr\/#organization\"},\"potentialAction\":[{\"@type\":\"SearchAction\",\"target\":{\"@type\":\"EntryPoint\",\"urlTemplate\":\"https:\/\/hubsch-interior.com\/fr\/?s={search_term_string}\"},\"query-input\":{\"@type\":\"PropertyValueSpecification\",\"valueRequired\":true,\"valueName\":\"search_term_string\"}}],\"inLanguage\":\"fr-FR\"},{\"@type\":\"Organization\",\"@id\":\"https:\/\/hubsch-interior.com\/fr\/#organization\",\"name\":\"H\u00fcbsch\",\"url\":\"https:\/\/hubsch-interior.com\/fr\/\",\"logo\":{\"@type\":\"ImageObject\",\"inLanguage\":\"fr-FR\",\"@id\":\"https:\/\/hubsch-interior.com\/fr\/#\/schema\/logo\/image\/\",\"url\":\"https:\/\/hubsch-interior.com\/wp-content\/uploads\/2022\/12\/Hubsch_logo_black_one_line.svg\",\"contentUrl\":\"https:\/\/hubsch-interior.com\/wp-content\/uploads\/2022\/12\/Hubsch_logo_black_one_line.svg\",\"caption\":\"H\u00fcbsch\"},\"image\":{\"@id\":\"https:\/\/hubsch-interior.com\/fr\/#\/schema\/logo\/image\/\"}}]}<\/script>\n<!-- \/ Yoast SEO plugin. -->","yoast_head_json":{"title":"Brick Bougeoir Noir - H\u00fcbsch","description":"D\u00e9couvrez notre Brick Bougeoir, l'ajout parfait \u00e0 votre d\u00e9coration int\u00e9rieure. Fabriqu\u00e9 \u00e0 partir de luxueux marbre noir, ce bougeoir d\u00e9gage une esth\u00e9tique","robots":{"index":"index","follow":"follow","max-snippet":"max-snippet:-1","max-image-preview":"max-image-preview:large","max-video-preview":"max-video-preview:-1"},"canonical":"https:\/\/hubsch-interior.com\/fr\/wp-json\/wp\/v2\/product\/975100","og_locale":"fr_FR","og_type":"article","og_title":"Brick Bougeoir Noir - H\u00fcbsch","og_description":"D\u00e9couvrez notre Brick Bougeoir, l'ajout parfait \u00e0 votre d\u00e9coration int\u00e9rieure. Fabriqu\u00e9 \u00e0 partir de luxueux marbre noir, ce bougeoir d\u00e9gage une esth\u00e9tique","og_url":"https:\/\/hubsch-interior.com\/fr\/produit\/brick-bougeoir-noir\/","og_site_name":"H\u00fcbsch","article_modified_time":"2026-04-29T02:19:42+00:00","og_image":[{"width":1200,"height":1200,"url":"https:\/\/hubsch-interior.com\/wp-content\/uploads\/2024\/01\/brick-candleholder-black-e704f528bc3c0d75d38ae1dc3973268a.jpg","type":"image\/jpeg"}],"twitter_card":"summary_large_image","twitter_misc":{"Dur\u00e9e de lecture estim\u00e9e":"1 minute"},"schema":{"@context":"https:\/\/schema.org","@graph":[{"@type":"WebPage","@id":"https:\/\/hubsch-interior.com\/fr\/produit\/brick-bougeoir-noir\/","url":"https:\/\/hubsch-interior.com\/fr\/produit\/brick-bougeoir-noir\/","name":"Brick Bougeoir Noir - H\u00fcbsch","isPartOf":{"@id":"https:\/\/hubsch-interior.com\/fr\/#website"},"primaryImageOfPage":{"@id":"https:\/\/hubsch-interior.com\/fr\/produit\/brick-bougeoir-noir\/#primaryimage"},"image":{"@id":"https:\/\/hubsch-interior.com\/fr\/produit\/brick-bougeoir-noir\/#primaryimage"},"thumbnailUrl":"https:\/\/hubsch-interior.com\/wp-content\/uploads\/2026\/02\/brick-candleholder-black-92b0ca3568d77c350a52973dc29abc30.jpg","datePublished":"2024-01-29T07:25:57+00:00","dateModified":"2026-04-29T02:19:42+00:00","description":"D\u00e9couvrez notre Brick Bougeoir, l'ajout parfait \u00e0 votre d\u00e9coration int\u00e9rieure. Fabriqu\u00e9 \u00e0 partir de luxueux marbre noir, ce bougeoir d\u00e9gage une esth\u00e9tique","breadcrumb":{"@id":"https:\/\/hubsch-interior.com\/fr\/produit\/brick-bougeoir-noir\/#breadcrumb"},"inLanguage":"fr-FR","potentialAction":[{"@type":"ReadAction","target":["https:\/\/hubsch-interior.com\/fr\/produit\/brick-bougeoir-noir\/"]}]},{"@type":"ImageObject","inLanguage":"fr-FR","@id":"https:\/\/hubsch-interior.com\/fr\/produit\/brick-bougeoir-noir\/#primaryimage","url":"https:\/\/hubsch-interior.com\/wp-content\/uploads\/2026\/02\/brick-candleholder-black-92b0ca3568d77c350a52973dc29abc30.jpg","contentUrl":"https:\/\/hubsch-interior.com\/wp-content\/uploads\/2026\/02\/brick-candleholder-black-92b0ca3568d77c350a52973dc29abc30.jpg","width":1024,"height":1024},{"@type":"BreadcrumbList","@id":"https:\/\/hubsch-interior.com\/fr\/produit\/brick-bougeoir-noir\/#breadcrumb","itemListElement":[{"@type":"ListItem","position":1,"name":"Page d'accueil","item":"https:\/\/hubsch-interior.com\/fr\/"},{"@type":"ListItem","position":2,"name":"Produits","item":"https:\/\/hubsch-interior.com\/fr\/shop-2\/"},{"@type":"ListItem","position":3,"name":"Accessoires maison","item":"https:\/\/hubsch-interior.com\/fr\/categorie-produit\/accessoires-maison\/"},{"@type":"ListItem","position":4,"name":"Bougeoirs &amp; lanternes","item":"https:\/\/hubsch-interior.com\/fr\/categorie-produit\/accessoires-maison\/bougeoirs-lanternes-fr\/"},{"@type":"ListItem","position":5,"name":"Bougeoirs et photophores","item":"https:\/\/hubsch-interior.com\/fr\/categorie-produit\/accessoires-maison\/bougeoirs-lanternes-fr\/bougeoirs-et-photophores-fr\/"},{"@type":"ListItem","position":6,"name":"Brick Bougeoir Noir"}]},{"@type":"WebSite","@id":"https:\/\/hubsch-interior.com\/fr\/#website","url":"https:\/\/hubsch-interior.com\/fr\/","name":"H\u00fcbsch","description":"Danish Home Interior and Design","publisher":{"@id":"https:\/\/hubsch-interior.com\/fr\/#organization"},"potentialAction":[{"@type":"SearchAction","target":{"@type":"EntryPoint","urlTemplate":"https:\/\/hubsch-interior.com\/fr\/?s={search_term_string}"},"query-input":{"@type":"PropertyValueSpecification","valueRequired":true,"valueName":"search_term_string"}}],"inLanguage":"fr-FR"},{"@type":"Organization","@id":"https:\/\/hubsch-interior.com\/fr\/#organization","name":"H\u00fcbsch","url":"https:\/\/hubsch-interior.com\/fr\/","logo":{"@type":"ImageObject","inLanguage":"fr-FR","@id":"https:\/\/hubsch-interior.com\/fr\/#\/schema\/logo\/image\/","url":"https:\/\/hubsch-interior.com\/wp-content\/uploads\/2022\/12\/Hubsch_logo_black_one_line.svg","contentUrl":"https:\/\/hubsch-interior.com\/wp-content\/uploads\/2022\/12\/Hubsch_logo_black_one_line.svg","caption":"H\u00fcbsch"},"image":{"@id":"https:\/\/hubsch-interior.com\/fr\/#\/schema\/logo\/image\/"}}]}},"_links":{"self":[{"href":"https:\/\/hubsch-interior.com\/fr\/wp-json\/wp\/v2\/product\/975100","targetHints":{"allow":["GET"]}}],"collection":[{"href":"https:\/\/hubsch-interior.com\/fr\/wp-json\/wp\/v2\/product"}],"about":[{"href":"https:\/\/hubsch-interior.com\/fr\/wp-json\/wp\/v2\/types\/product"}],"wp:featuredmedia":[{"embeddable":true,"href":"https:\/\/hubsch-interior.com\/fr\/wp-json\/wp\/v2\/media\/1093899"}],"wp:attachment":[{"href":"https:\/\/hubsch-interior.com\/fr\/wp-json\/wp\/v2\/media?parent=975100"}],"wp:term":[{"taxonomy":"product_brand","embeddable":true,"href":"https:\/\/hubsch-interior.com\/fr\/wp-json\/wp\/v2\/product_brand?post=975100"},{"taxonomy":"product_cat","embeddable":true,"href":"https:\/\/hubsch-interior.com\/fr\/wp-json\/wp\/v2\/product_cat?post=975100"},{"taxonomy":"product_tag","embeddable":true,"href":"https:\/\/hubsch-interior.com\/fr\/wp-json\/wp\/v2\/product_tag?post=975100"}],"curies":[{"name":"wp","href":"https:\/\/api.w.org\/{rel}","templated":true}]}}