{"id":975204,"date":"2024-01-29T08:26:50","date_gmt":"2024-01-29T07:26:50","guid":{"rendered":"https:\/\/hubsch-interior.com\/product\/product\/"},"modified":"2026-04-09T04:19:57","modified_gmt":"2026-04-09T02:19:57","slug":"moment-pouf-gris","status":"publish","type":"product","link":"https:\/\/hubsch-interior.com\/fr\/produit\/moment-pouf-gris\/","title":{"rendered":"Moment Pouf Gris"},"content":{"rendered":"<p>Le Moment Pouf est l&#8217;ajout parfait \u00e0 votre espace de vie. Fabriqu\u00e9 en bois de ch\u00eane certifi\u00e9 FSC et en polyester certifi\u00e9 OEKO-TEX\u00ae STANDARD 100, ce pouf est non seulement \u00e9l\u00e9gant, mais aussi respectueux de l&#8217;environnement. Sa taille compacte en fait un meuble polyvalent, que vous l&#8217;utilisiez comme si\u00e8ge suppl\u00e9mentaire ou comme repose-pieds tout en vous relaxant sur votre canap\u00e9 Moment. Sa couleur grise intemporelle et \u00e9l\u00e9gante ajoute une touche de sophistication \u00e0 votre int\u00e9rieur. Cr\u00e9ez un coin salon modulaire en l&#8217;associant au canap\u00e9 Moment, ou utilisez-le s\u00e9par\u00e9ment pour un si\u00e8ge suppl\u00e9mentaire bien n\u00e9cessaire.<\/p>\n","protected":false},"excerpt":{"rendered":"<p>Le Moment Pouf est l&#8217;ajout parfait \u00e0 votre espace de vie. Fabriqu\u00e9 en bois de ch\u00eane certifi\u00e9 FSC et en polyester certifi\u00e9 OEKO-TEX\u00ae STANDARD 100, ce pouf est non seulement \u00e9l\u00e9gant, mais aussi respectueux de l&#8217;environnement. Sa taille compacte en fait un meuble polyvalent, que vous l&#8217;utilisiez comme si\u00e8ge suppl\u00e9mentaire ou comme repose-pieds tout en [&hellip;]<\/p>\n","protected":false},"featured_media":1093951,"template":"","meta":{"_acf_changed":false,"inline_featured_image":false},"product_brand":[],"product_cat":[6882,6322,2843,5457],"product_tag":[],"class_list":{"0":"post-975204","1":"product","2":"type-product","3":"status-publish","4":"has-post-thumbnail","6":"product_cat-elevating-nostalgia-fr","7":"product_cat-fsc-fr","8":"product_cat-assises-fr","9":"product_cat-poufs-fr","10":"product_shipping_class-p05","12":"pa_color-gris-2","13":"pa_material-polyester-100-fr","14":"pa_material-bois-de-chne-2","16":"first","17":"instock","18":"taxable","19":"shipping-taxable","20":"purchasable","21":"product-type-simple"},"exclude_global_add_ons":[],"addons":[],"acf":[],"yoast_head":"<!-- This site is optimized with the Yoast SEO plugin v26.4 - https:\/\/yoast.com\/wordpress\/plugins\/seo\/ -->\n<title>Moment Pouf Gris - H\u00fcbsch<\/title>\n<meta name=\"description\" content=\"Le Moment Pouf est l&#039;ajout parfait \u00e0 votre espace de vie. Fabriqu\u00e9 en bois de ch\u00eane certifi\u00e9 FSC et en polyester certifi\u00e9 OEKO-TEX\u00ae STANDARD 100, ce pouf\" \/>\n<meta name=\"robots\" content=\"index, follow, max-snippet:-1, max-image-preview:large, max-video-preview:-1\" \/>\n<link rel=\"canonical\" href=\"https:\/\/hubsch-interior.com\/fr\/wp-json\/wp\/v2\/product\/975204\" \/>\n<meta property=\"og:locale\" content=\"fr_FR\" \/>\n<meta property=\"og:type\" content=\"article\" \/>\n<meta property=\"og:title\" content=\"Moment Pouf Gris - H\u00fcbsch\" \/>\n<meta property=\"og:description\" content=\"Le Moment Pouf est l&#039;ajout parfait \u00e0 votre espace de vie. Fabriqu\u00e9 en bois de ch\u00eane certifi\u00e9 FSC et en polyester certifi\u00e9 OEKO-TEX\u00ae STANDARD 100, ce pouf\" \/>\n<meta property=\"og:url\" content=\"https:\/\/hubsch-interior.com\/fr\/produit\/moment-pouf-gris\/\" \/>\n<meta property=\"og:site_name\" content=\"H\u00fcbsch\" \/>\n<meta property=\"article:modified_time\" content=\"2026-04-09T02:19:57+00:00\" \/>\n<meta property=\"og:image\" content=\"https:\/\/hubsch-interior.com\/wp-content\/uploads\/2024\/01\/moment-pouffe-grey-7cb0b744c08427f314a4b4b556be9f1a.jpg\" \/>\n\t<meta property=\"og:image:width\" content=\"1200\" \/>\n\t<meta property=\"og:image:height\" content=\"1200\" \/>\n\t<meta property=\"og:image:type\" content=\"image\/jpeg\" \/>\n<meta name=\"twitter:card\" content=\"summary_large_image\" \/>\n<meta name=\"twitter:label1\" content=\"Dur\u00e9e de lecture estim\u00e9e\" \/>\n\t<meta name=\"twitter:data1\" content=\"1 minute\" \/>\n<script type=\"application\/ld+json\" class=\"yoast-schema-graph\">{\"@context\":\"https:\/\/schema.org\",\"@graph\":[{\"@type\":\"WebPage\",\"@id\":\"https:\/\/hubsch-interior.com\/fr\/produit\/moment-pouf-gris\/\",\"url\":\"https:\/\/hubsch-interior.com\/fr\/produit\/moment-pouf-gris\/\",\"name\":\"Moment Pouf Gris - H\u00fcbsch\",\"isPartOf\":{\"@id\":\"https:\/\/hubsch-interior.com\/fr\/#website\"},\"primaryImageOfPage\":{\"@id\":\"https:\/\/hubsch-interior.com\/fr\/produit\/moment-pouf-gris\/#primaryimage\"},\"image\":{\"@id\":\"https:\/\/hubsch-interior.com\/fr\/produit\/moment-pouf-gris\/#primaryimage\"},\"thumbnailUrl\":\"https:\/\/hubsch-interior.com\/wp-content\/uploads\/2026\/02\/moment-pouffe-grey-9fd4984fbbc7040a029195e6c102ee55.jpg\",\"datePublished\":\"2024-01-29T07:26:50+00:00\",\"dateModified\":\"2026-04-09T02:19:57+00:00\",\"description\":\"Le Moment Pouf est l'ajout parfait \u00e0 votre espace de vie. Fabriqu\u00e9 en bois de ch\u00eane certifi\u00e9 FSC et en polyester certifi\u00e9 OEKO-TEX\u00ae STANDARD 100, ce pouf\",\"breadcrumb\":{\"@id\":\"https:\/\/hubsch-interior.com\/fr\/produit\/moment-pouf-gris\/#breadcrumb\"},\"inLanguage\":\"fr-FR\",\"potentialAction\":[{\"@type\":\"ReadAction\",\"target\":[\"https:\/\/hubsch-interior.com\/fr\/produit\/moment-pouf-gris\/\"]}]},{\"@type\":\"ImageObject\",\"inLanguage\":\"fr-FR\",\"@id\":\"https:\/\/hubsch-interior.com\/fr\/produit\/moment-pouf-gris\/#primaryimage\",\"url\":\"https:\/\/hubsch-interior.com\/wp-content\/uploads\/2026\/02\/moment-pouffe-grey-9fd4984fbbc7040a029195e6c102ee55.jpg\",\"contentUrl\":\"https:\/\/hubsch-interior.com\/wp-content\/uploads\/2026\/02\/moment-pouffe-grey-9fd4984fbbc7040a029195e6c102ee55.jpg\",\"width\":1024,\"height\":1024},{\"@type\":\"BreadcrumbList\",\"@id\":\"https:\/\/hubsch-interior.com\/fr\/produit\/moment-pouf-gris\/#breadcrumb\",\"itemListElement\":[{\"@type\":\"ListItem\",\"position\":1,\"name\":\"Page d'accueil\",\"item\":\"https:\/\/hubsch-interior.com\/fr\/\"},{\"@type\":\"ListItem\",\"position\":2,\"name\":\"Produits\",\"item\":\"https:\/\/hubsch-interior.com\/fr\/shop-2\/\"},{\"@type\":\"ListItem\",\"position\":3,\"name\":\"Meubles\",\"item\":\"https:\/\/hubsch-interior.com\/fr\/categorie-produit\/meubles\/\"},{\"@type\":\"ListItem\",\"position\":4,\"name\":\"Assises\",\"item\":\"https:\/\/hubsch-interior.com\/fr\/categorie-produit\/meubles\/assises-fr\/\"},{\"@type\":\"ListItem\",\"position\":5,\"name\":\"Poufs\",\"item\":\"https:\/\/hubsch-interior.com\/fr\/categorie-produit\/meubles\/assises-fr\/poufs-fr\/\"},{\"@type\":\"ListItem\",\"position\":6,\"name\":\"Moment Pouf Gris\"}]},{\"@type\":\"WebSite\",\"@id\":\"https:\/\/hubsch-interior.com\/fr\/#website\",\"url\":\"https:\/\/hubsch-interior.com\/fr\/\",\"name\":\"H\u00fcbsch\",\"description\":\"Danish Home Interior and Design\",\"publisher\":{\"@id\":\"https:\/\/hubsch-interior.com\/fr\/#organization\"},\"potentialAction\":[{\"@type\":\"SearchAction\",\"target\":{\"@type\":\"EntryPoint\",\"urlTemplate\":\"https:\/\/hubsch-interior.com\/fr\/?s={search_term_string}\"},\"query-input\":{\"@type\":\"PropertyValueSpecification\",\"valueRequired\":true,\"valueName\":\"search_term_string\"}}],\"inLanguage\":\"fr-FR\"},{\"@type\":\"Organization\",\"@id\":\"https:\/\/hubsch-interior.com\/fr\/#organization\",\"name\":\"H\u00fcbsch\",\"url\":\"https:\/\/hubsch-interior.com\/fr\/\",\"logo\":{\"@type\":\"ImageObject\",\"inLanguage\":\"fr-FR\",\"@id\":\"https:\/\/hubsch-interior.com\/fr\/#\/schema\/logo\/image\/\",\"url\":\"https:\/\/hubsch-interior.com\/wp-content\/uploads\/2022\/12\/Hubsch_logo_black_one_line.svg\",\"contentUrl\":\"https:\/\/hubsch-interior.com\/wp-content\/uploads\/2022\/12\/Hubsch_logo_black_one_line.svg\",\"caption\":\"H\u00fcbsch\"},\"image\":{\"@id\":\"https:\/\/hubsch-interior.com\/fr\/#\/schema\/logo\/image\/\"}}]}<\/script>\n<!-- \/ Yoast SEO plugin. -->","yoast_head_json":{"title":"Moment Pouf Gris - H\u00fcbsch","description":"Le Moment Pouf est l'ajout parfait \u00e0 votre espace de vie. Fabriqu\u00e9 en bois de ch\u00eane certifi\u00e9 FSC et en polyester certifi\u00e9 OEKO-TEX\u00ae STANDARD 100, ce pouf","robots":{"index":"index","follow":"follow","max-snippet":"max-snippet:-1","max-image-preview":"max-image-preview:large","max-video-preview":"max-video-preview:-1"},"canonical":"https:\/\/hubsch-interior.com\/fr\/wp-json\/wp\/v2\/product\/975204","og_locale":"fr_FR","og_type":"article","og_title":"Moment Pouf Gris - H\u00fcbsch","og_description":"Le Moment Pouf est l'ajout parfait \u00e0 votre espace de vie. Fabriqu\u00e9 en bois de ch\u00eane certifi\u00e9 FSC et en polyester certifi\u00e9 OEKO-TEX\u00ae STANDARD 100, ce pouf","og_url":"https:\/\/hubsch-interior.com\/fr\/produit\/moment-pouf-gris\/","og_site_name":"H\u00fcbsch","article_modified_time":"2026-04-09T02:19:57+00:00","og_image":[{"width":1200,"height":1200,"url":"https:\/\/hubsch-interior.com\/wp-content\/uploads\/2024\/01\/moment-pouffe-grey-7cb0b744c08427f314a4b4b556be9f1a.jpg","type":"image\/jpeg"}],"twitter_card":"summary_large_image","twitter_misc":{"Dur\u00e9e de lecture estim\u00e9e":"1 minute"},"schema":{"@context":"https:\/\/schema.org","@graph":[{"@type":"WebPage","@id":"https:\/\/hubsch-interior.com\/fr\/produit\/moment-pouf-gris\/","url":"https:\/\/hubsch-interior.com\/fr\/produit\/moment-pouf-gris\/","name":"Moment Pouf Gris - H\u00fcbsch","isPartOf":{"@id":"https:\/\/hubsch-interior.com\/fr\/#website"},"primaryImageOfPage":{"@id":"https:\/\/hubsch-interior.com\/fr\/produit\/moment-pouf-gris\/#primaryimage"},"image":{"@id":"https:\/\/hubsch-interior.com\/fr\/produit\/moment-pouf-gris\/#primaryimage"},"thumbnailUrl":"https:\/\/hubsch-interior.com\/wp-content\/uploads\/2026\/02\/moment-pouffe-grey-9fd4984fbbc7040a029195e6c102ee55.jpg","datePublished":"2024-01-29T07:26:50+00:00","dateModified":"2026-04-09T02:19:57+00:00","description":"Le Moment Pouf est l'ajout parfait \u00e0 votre espace de vie. Fabriqu\u00e9 en bois de ch\u00eane certifi\u00e9 FSC et en polyester certifi\u00e9 OEKO-TEX\u00ae STANDARD 100, ce pouf","breadcrumb":{"@id":"https:\/\/hubsch-interior.com\/fr\/produit\/moment-pouf-gris\/#breadcrumb"},"inLanguage":"fr-FR","potentialAction":[{"@type":"ReadAction","target":["https:\/\/hubsch-interior.com\/fr\/produit\/moment-pouf-gris\/"]}]},{"@type":"ImageObject","inLanguage":"fr-FR","@id":"https:\/\/hubsch-interior.com\/fr\/produit\/moment-pouf-gris\/#primaryimage","url":"https:\/\/hubsch-interior.com\/wp-content\/uploads\/2026\/02\/moment-pouffe-grey-9fd4984fbbc7040a029195e6c102ee55.jpg","contentUrl":"https:\/\/hubsch-interior.com\/wp-content\/uploads\/2026\/02\/moment-pouffe-grey-9fd4984fbbc7040a029195e6c102ee55.jpg","width":1024,"height":1024},{"@type":"BreadcrumbList","@id":"https:\/\/hubsch-interior.com\/fr\/produit\/moment-pouf-gris\/#breadcrumb","itemListElement":[{"@type":"ListItem","position":1,"name":"Page d'accueil","item":"https:\/\/hubsch-interior.com\/fr\/"},{"@type":"ListItem","position":2,"name":"Produits","item":"https:\/\/hubsch-interior.com\/fr\/shop-2\/"},{"@type":"ListItem","position":3,"name":"Meubles","item":"https:\/\/hubsch-interior.com\/fr\/categorie-produit\/meubles\/"},{"@type":"ListItem","position":4,"name":"Assises","item":"https:\/\/hubsch-interior.com\/fr\/categorie-produit\/meubles\/assises-fr\/"},{"@type":"ListItem","position":5,"name":"Poufs","item":"https:\/\/hubsch-interior.com\/fr\/categorie-produit\/meubles\/assises-fr\/poufs-fr\/"},{"@type":"ListItem","position":6,"name":"Moment Pouf Gris"}]},{"@type":"WebSite","@id":"https:\/\/hubsch-interior.com\/fr\/#website","url":"https:\/\/hubsch-interior.com\/fr\/","name":"H\u00fcbsch","description":"Danish Home Interior and Design","publisher":{"@id":"https:\/\/hubsch-interior.com\/fr\/#organization"},"potentialAction":[{"@type":"SearchAction","target":{"@type":"EntryPoint","urlTemplate":"https:\/\/hubsch-interior.com\/fr\/?s={search_term_string}"},"query-input":{"@type":"PropertyValueSpecification","valueRequired":true,"valueName":"search_term_string"}}],"inLanguage":"fr-FR"},{"@type":"Organization","@id":"https:\/\/hubsch-interior.com\/fr\/#organization","name":"H\u00fcbsch","url":"https:\/\/hubsch-interior.com\/fr\/","logo":{"@type":"ImageObject","inLanguage":"fr-FR","@id":"https:\/\/hubsch-interior.com\/fr\/#\/schema\/logo\/image\/","url":"https:\/\/hubsch-interior.com\/wp-content\/uploads\/2022\/12\/Hubsch_logo_black_one_line.svg","contentUrl":"https:\/\/hubsch-interior.com\/wp-content\/uploads\/2022\/12\/Hubsch_logo_black_one_line.svg","caption":"H\u00fcbsch"},"image":{"@id":"https:\/\/hubsch-interior.com\/fr\/#\/schema\/logo\/image\/"}}]}},"_links":{"self":[{"href":"https:\/\/hubsch-interior.com\/fr\/wp-json\/wp\/v2\/product\/975204","targetHints":{"allow":["GET"]}}],"collection":[{"href":"https:\/\/hubsch-interior.com\/fr\/wp-json\/wp\/v2\/product"}],"about":[{"href":"https:\/\/hubsch-interior.com\/fr\/wp-json\/wp\/v2\/types\/product"}],"wp:featuredmedia":[{"embeddable":true,"href":"https:\/\/hubsch-interior.com\/fr\/wp-json\/wp\/v2\/media\/1093951"}],"wp:attachment":[{"href":"https:\/\/hubsch-interior.com\/fr\/wp-json\/wp\/v2\/media?parent=975204"}],"wp:term":[{"taxonomy":"product_brand","embeddable":true,"href":"https:\/\/hubsch-interior.com\/fr\/wp-json\/wp\/v2\/product_brand?post=975204"},{"taxonomy":"product_cat","embeddable":true,"href":"https:\/\/hubsch-interior.com\/fr\/wp-json\/wp\/v2\/product_cat?post=975204"},{"taxonomy":"product_tag","embeddable":true,"href":"https:\/\/hubsch-interior.com\/fr\/wp-json\/wp\/v2\/product_tag?post=975204"}],"curies":[{"name":"wp","href":"https:\/\/api.w.org\/{rel}","templated":true}]}}