{"id":975224,"date":"2024-01-29T08:27:06","date_gmt":"2024-01-29T07:27:06","guid":{"rendered":"https:\/\/hubsch-interior.com\/product\/product\/"},"modified":"2026-04-05T04:20:01","modified_gmt":"2026-04-05T02:20:01","slug":"study-commode-bleu-fonce-gris","status":"publish","type":"product","link":"https:\/\/hubsch-interior.com\/fr\/produit\/study-commode-bleu-fonce-gris\/","title":{"rendered":"Study Commode Bleu fonc\u00e9\/Gris"},"content":{"rendered":"<p>D\u00e9couvrez la commode d&#8217;\u00e9tude \u00e9l\u00e9gante et fonctionnelle, le compl\u00e9ment parfait pour tout bureau ou maison. Cette commode bleu fonc\u00e9\/gris est fabriqu\u00e9e en bois certifi\u00e9 FSC et en acier, garantissant \u00e0 la fois durabilit\u00e9 et durabilit\u00e9. Utilisez-la en tant que pi\u00e8ce unique ou en combinaison avec le reste de la s\u00e9rie d&#8217;\u00e9tude pour un rangement et une organisation efficaces de vos fichiers. La commode offre plusieurs options d&#8217;\u00e9tag\u00e8res, en en faisant un choix polyvalent pour tous vos besoins de stockage. Sa couleur audacieuse ajoute une touche de style \u00e0 tout espace tout en offrant des solutions de stockage efficaces et durables. Mettez \u00e0 niveau votre espace de travail ou de bureau avec la commode d&#8217;\u00e9tude d\u00e8s aujourd&#8217;hui.<\/p>\n","protected":false},"excerpt":{"rendered":"<p>D\u00e9couvrez la commode d&#8217;\u00e9tude \u00e9l\u00e9gante et fonctionnelle, le compl\u00e9ment parfait pour tout bureau ou maison. Cette commode bleu fonc\u00e9\/gris est fabriqu\u00e9e en bois certifi\u00e9 FSC et en acier, garantissant \u00e0 la fois durabilit\u00e9 et durabilit\u00e9. Utilisez-la en tant que pi\u00e8ce unique ou en combinaison avec le reste de la s\u00e9rie d&#8217;\u00e9tude pour un rangement et [&hellip;]<\/p>\n","protected":false},"featured_media":1093967,"template":"","meta":{"_acf_changed":false,"inline_featured_image":false},"product_brand":[],"product_cat":[4920,6882,4001,6322],"product_tag":[],"class_list":{"0":"post-975224","1":"product","2":"type-product","3":"status-publish","4":"has-post-thumbnail","6":"product_cat-commodes-buffets-fr","7":"product_cat-elevating-nostalgia-fr","8":"product_cat-etageres-et-meubles-de-rangement-fr","9":"product_cat-fsc-fr","10":"product_shipping_class-p10","12":"pa_color-bleu-fonc-2","13":"pa_color-gris-2","14":"pa_material-acier","15":"pa_material-mdf-fr","16":"pa_material-placage-de-frne","18":"first","19":"instock","20":"taxable","21":"shipping-taxable","22":"purchasable","23":"product-type-simple"},"exclude_global_add_ons":[],"addons":[],"acf":[],"yoast_head":"<!-- This site is optimized with the Yoast SEO plugin v26.4 - https:\/\/yoast.com\/wordpress\/plugins\/seo\/ -->\n<title>Study Commode Bleu fonc\u00e9\/Gris - H\u00fcbsch<\/title>\n<meta name=\"description\" content=\"D\u00e9couvrez la commode d&#039;\u00e9tude \u00e9l\u00e9gante et fonctionnelle, le compl\u00e9ment parfait pour tout bureau ou maison. Cette commode bleu fonc\u00e9\/gris est fabriqu\u00e9e en\" \/>\n<meta name=\"robots\" content=\"index, follow, max-snippet:-1, max-image-preview:large, max-video-preview:-1\" \/>\n<link rel=\"canonical\" href=\"https:\/\/hubsch-interior.com\/fr\/wp-json\/wp\/v2\/product\/975224\" \/>\n<meta property=\"og:locale\" content=\"fr_FR\" \/>\n<meta property=\"og:type\" content=\"article\" \/>\n<meta property=\"og:title\" content=\"Study Commode Bleu fonc\u00e9\/Gris - H\u00fcbsch\" \/>\n<meta property=\"og:description\" content=\"D\u00e9couvrez la commode d&#039;\u00e9tude \u00e9l\u00e9gante et fonctionnelle, le compl\u00e9ment parfait pour tout bureau ou maison. Cette commode bleu fonc\u00e9\/gris est fabriqu\u00e9e en\" \/>\n<meta property=\"og:url\" content=\"https:\/\/hubsch-interior.com\/fr\/produit\/study-commode-bleu-fonce-gris\/\" \/>\n<meta property=\"og:site_name\" content=\"H\u00fcbsch\" \/>\n<meta property=\"article:modified_time\" content=\"2026-04-05T02:20:01+00:00\" \/>\n<meta property=\"og:image\" content=\"https:\/\/hubsch-interior.com\/wp-content\/uploads\/2024\/01\/study-cabinet-dark-bluegrey-853a62c67340bdd1b70252fc9986d021.jpg\" \/>\n\t<meta property=\"og:image:width\" content=\"1200\" \/>\n\t<meta property=\"og:image:height\" content=\"1200\" \/>\n\t<meta property=\"og:image:type\" content=\"image\/jpeg\" \/>\n<meta name=\"twitter:card\" content=\"summary_large_image\" \/>\n<meta name=\"twitter:label1\" content=\"Dur\u00e9e de lecture estim\u00e9e\" \/>\n\t<meta name=\"twitter:data1\" content=\"1 minute\" \/>\n<script type=\"application\/ld+json\" class=\"yoast-schema-graph\">{\"@context\":\"https:\/\/schema.org\",\"@graph\":[{\"@type\":\"WebPage\",\"@id\":\"https:\/\/hubsch-interior.com\/fr\/produit\/study-commode-bleu-fonce-gris\/\",\"url\":\"https:\/\/hubsch-interior.com\/fr\/produit\/study-commode-bleu-fonce-gris\/\",\"name\":\"Study Commode Bleu fonc\u00e9\/Gris - H\u00fcbsch\",\"isPartOf\":{\"@id\":\"https:\/\/hubsch-interior.com\/fr\/#website\"},\"primaryImageOfPage\":{\"@id\":\"https:\/\/hubsch-interior.com\/fr\/produit\/study-commode-bleu-fonce-gris\/#primaryimage\"},\"image\":{\"@id\":\"https:\/\/hubsch-interior.com\/fr\/produit\/study-commode-bleu-fonce-gris\/#primaryimage\"},\"thumbnailUrl\":\"https:\/\/hubsch-interior.com\/wp-content\/uploads\/2026\/02\/study-cabinet-dark-bluegrey-d2992f4013f40d3ee43dfec3b8527ba3.jpg\",\"datePublished\":\"2024-01-29T07:27:06+00:00\",\"dateModified\":\"2026-04-05T02:20:01+00:00\",\"description\":\"D\u00e9couvrez la commode d'\u00e9tude \u00e9l\u00e9gante et fonctionnelle, le compl\u00e9ment parfait pour tout bureau ou maison. Cette commode bleu fonc\u00e9\/gris est fabriqu\u00e9e en\",\"breadcrumb\":{\"@id\":\"https:\/\/hubsch-interior.com\/fr\/produit\/study-commode-bleu-fonce-gris\/#breadcrumb\"},\"inLanguage\":\"fr-FR\",\"potentialAction\":[{\"@type\":\"ReadAction\",\"target\":[\"https:\/\/hubsch-interior.com\/fr\/produit\/study-commode-bleu-fonce-gris\/\"]}]},{\"@type\":\"ImageObject\",\"inLanguage\":\"fr-FR\",\"@id\":\"https:\/\/hubsch-interior.com\/fr\/produit\/study-commode-bleu-fonce-gris\/#primaryimage\",\"url\":\"https:\/\/hubsch-interior.com\/wp-content\/uploads\/2026\/02\/study-cabinet-dark-bluegrey-d2992f4013f40d3ee43dfec3b8527ba3.jpg\",\"contentUrl\":\"https:\/\/hubsch-interior.com\/wp-content\/uploads\/2026\/02\/study-cabinet-dark-bluegrey-d2992f4013f40d3ee43dfec3b8527ba3.jpg\",\"width\":1024,\"height\":1024},{\"@type\":\"BreadcrumbList\",\"@id\":\"https:\/\/hubsch-interior.com\/fr\/produit\/study-commode-bleu-fonce-gris\/#breadcrumb\",\"itemListElement\":[{\"@type\":\"ListItem\",\"position\":1,\"name\":\"Page d'accueil\",\"item\":\"https:\/\/hubsch-interior.com\/fr\/\"},{\"@type\":\"ListItem\",\"position\":2,\"name\":\"Produits\",\"item\":\"https:\/\/hubsch-interior.com\/fr\/shop-2\/\"},{\"@type\":\"ListItem\",\"position\":3,\"name\":\"Meubles\",\"item\":\"https:\/\/hubsch-interior.com\/fr\/categorie-produit\/meubles\/\"},{\"@type\":\"ListItem\",\"position\":4,\"name\":\"Etag&egrave;res et meubles de rangement\",\"item\":\"https:\/\/hubsch-interior.com\/fr\/categorie-produit\/meubles\/etageres-et-meubles-de-rangement-fr\/\"},{\"@type\":\"ListItem\",\"position\":5,\"name\":\"Commodes &amp; buffets\",\"item\":\"https:\/\/hubsch-interior.com\/fr\/categorie-produit\/meubles\/etageres-et-meubles-de-rangement-fr\/commodes-buffets-fr\/\"},{\"@type\":\"ListItem\",\"position\":6,\"name\":\"Study Commode Bleu fonc\u00e9\/Gris\"}]},{\"@type\":\"WebSite\",\"@id\":\"https:\/\/hubsch-interior.com\/fr\/#website\",\"url\":\"https:\/\/hubsch-interior.com\/fr\/\",\"name\":\"H\u00fcbsch\",\"description\":\"Danish Home Interior and Design\",\"publisher\":{\"@id\":\"https:\/\/hubsch-interior.com\/fr\/#organization\"},\"potentialAction\":[{\"@type\":\"SearchAction\",\"target\":{\"@type\":\"EntryPoint\",\"urlTemplate\":\"https:\/\/hubsch-interior.com\/fr\/?s={search_term_string}\"},\"query-input\":{\"@type\":\"PropertyValueSpecification\",\"valueRequired\":true,\"valueName\":\"search_term_string\"}}],\"inLanguage\":\"fr-FR\"},{\"@type\":\"Organization\",\"@id\":\"https:\/\/hubsch-interior.com\/fr\/#organization\",\"name\":\"H\u00fcbsch\",\"url\":\"https:\/\/hubsch-interior.com\/fr\/\",\"logo\":{\"@type\":\"ImageObject\",\"inLanguage\":\"fr-FR\",\"@id\":\"https:\/\/hubsch-interior.com\/fr\/#\/schema\/logo\/image\/\",\"url\":\"https:\/\/hubsch-interior.com\/wp-content\/uploads\/2022\/12\/Hubsch_logo_black_one_line.svg\",\"contentUrl\":\"https:\/\/hubsch-interior.com\/wp-content\/uploads\/2022\/12\/Hubsch_logo_black_one_line.svg\",\"caption\":\"H\u00fcbsch\"},\"image\":{\"@id\":\"https:\/\/hubsch-interior.com\/fr\/#\/schema\/logo\/image\/\"}}]}<\/script>\n<!-- \/ Yoast SEO plugin. -->","yoast_head_json":{"title":"Study Commode Bleu fonc\u00e9\/Gris - H\u00fcbsch","description":"D\u00e9couvrez la commode d'\u00e9tude \u00e9l\u00e9gante et fonctionnelle, le compl\u00e9ment parfait pour tout bureau ou maison. Cette commode bleu fonc\u00e9\/gris est fabriqu\u00e9e en","robots":{"index":"index","follow":"follow","max-snippet":"max-snippet:-1","max-image-preview":"max-image-preview:large","max-video-preview":"max-video-preview:-1"},"canonical":"https:\/\/hubsch-interior.com\/fr\/wp-json\/wp\/v2\/product\/975224","og_locale":"fr_FR","og_type":"article","og_title":"Study Commode Bleu fonc\u00e9\/Gris - H\u00fcbsch","og_description":"D\u00e9couvrez la commode d'\u00e9tude \u00e9l\u00e9gante et fonctionnelle, le compl\u00e9ment parfait pour tout bureau ou maison. Cette commode bleu fonc\u00e9\/gris est fabriqu\u00e9e en","og_url":"https:\/\/hubsch-interior.com\/fr\/produit\/study-commode-bleu-fonce-gris\/","og_site_name":"H\u00fcbsch","article_modified_time":"2026-04-05T02:20:01+00:00","og_image":[{"width":1200,"height":1200,"url":"https:\/\/hubsch-interior.com\/wp-content\/uploads\/2024\/01\/study-cabinet-dark-bluegrey-853a62c67340bdd1b70252fc9986d021.jpg","type":"image\/jpeg"}],"twitter_card":"summary_large_image","twitter_misc":{"Dur\u00e9e de lecture estim\u00e9e":"1 minute"},"schema":{"@context":"https:\/\/schema.org","@graph":[{"@type":"WebPage","@id":"https:\/\/hubsch-interior.com\/fr\/produit\/study-commode-bleu-fonce-gris\/","url":"https:\/\/hubsch-interior.com\/fr\/produit\/study-commode-bleu-fonce-gris\/","name":"Study Commode Bleu fonc\u00e9\/Gris - H\u00fcbsch","isPartOf":{"@id":"https:\/\/hubsch-interior.com\/fr\/#website"},"primaryImageOfPage":{"@id":"https:\/\/hubsch-interior.com\/fr\/produit\/study-commode-bleu-fonce-gris\/#primaryimage"},"image":{"@id":"https:\/\/hubsch-interior.com\/fr\/produit\/study-commode-bleu-fonce-gris\/#primaryimage"},"thumbnailUrl":"https:\/\/hubsch-interior.com\/wp-content\/uploads\/2026\/02\/study-cabinet-dark-bluegrey-d2992f4013f40d3ee43dfec3b8527ba3.jpg","datePublished":"2024-01-29T07:27:06+00:00","dateModified":"2026-04-05T02:20:01+00:00","description":"D\u00e9couvrez la commode d'\u00e9tude \u00e9l\u00e9gante et fonctionnelle, le compl\u00e9ment parfait pour tout bureau ou maison. Cette commode bleu fonc\u00e9\/gris est fabriqu\u00e9e en","breadcrumb":{"@id":"https:\/\/hubsch-interior.com\/fr\/produit\/study-commode-bleu-fonce-gris\/#breadcrumb"},"inLanguage":"fr-FR","potentialAction":[{"@type":"ReadAction","target":["https:\/\/hubsch-interior.com\/fr\/produit\/study-commode-bleu-fonce-gris\/"]}]},{"@type":"ImageObject","inLanguage":"fr-FR","@id":"https:\/\/hubsch-interior.com\/fr\/produit\/study-commode-bleu-fonce-gris\/#primaryimage","url":"https:\/\/hubsch-interior.com\/wp-content\/uploads\/2026\/02\/study-cabinet-dark-bluegrey-d2992f4013f40d3ee43dfec3b8527ba3.jpg","contentUrl":"https:\/\/hubsch-interior.com\/wp-content\/uploads\/2026\/02\/study-cabinet-dark-bluegrey-d2992f4013f40d3ee43dfec3b8527ba3.jpg","width":1024,"height":1024},{"@type":"BreadcrumbList","@id":"https:\/\/hubsch-interior.com\/fr\/produit\/study-commode-bleu-fonce-gris\/#breadcrumb","itemListElement":[{"@type":"ListItem","position":1,"name":"Page d'accueil","item":"https:\/\/hubsch-interior.com\/fr\/"},{"@type":"ListItem","position":2,"name":"Produits","item":"https:\/\/hubsch-interior.com\/fr\/shop-2\/"},{"@type":"ListItem","position":3,"name":"Meubles","item":"https:\/\/hubsch-interior.com\/fr\/categorie-produit\/meubles\/"},{"@type":"ListItem","position":4,"name":"Etag&egrave;res et meubles de rangement","item":"https:\/\/hubsch-interior.com\/fr\/categorie-produit\/meubles\/etageres-et-meubles-de-rangement-fr\/"},{"@type":"ListItem","position":5,"name":"Commodes &amp; buffets","item":"https:\/\/hubsch-interior.com\/fr\/categorie-produit\/meubles\/etageres-et-meubles-de-rangement-fr\/commodes-buffets-fr\/"},{"@type":"ListItem","position":6,"name":"Study Commode Bleu fonc\u00e9\/Gris"}]},{"@type":"WebSite","@id":"https:\/\/hubsch-interior.com\/fr\/#website","url":"https:\/\/hubsch-interior.com\/fr\/","name":"H\u00fcbsch","description":"Danish Home Interior and Design","publisher":{"@id":"https:\/\/hubsch-interior.com\/fr\/#organization"},"potentialAction":[{"@type":"SearchAction","target":{"@type":"EntryPoint","urlTemplate":"https:\/\/hubsch-interior.com\/fr\/?s={search_term_string}"},"query-input":{"@type":"PropertyValueSpecification","valueRequired":true,"valueName":"search_term_string"}}],"inLanguage":"fr-FR"},{"@type":"Organization","@id":"https:\/\/hubsch-interior.com\/fr\/#organization","name":"H\u00fcbsch","url":"https:\/\/hubsch-interior.com\/fr\/","logo":{"@type":"ImageObject","inLanguage":"fr-FR","@id":"https:\/\/hubsch-interior.com\/fr\/#\/schema\/logo\/image\/","url":"https:\/\/hubsch-interior.com\/wp-content\/uploads\/2022\/12\/Hubsch_logo_black_one_line.svg","contentUrl":"https:\/\/hubsch-interior.com\/wp-content\/uploads\/2022\/12\/Hubsch_logo_black_one_line.svg","caption":"H\u00fcbsch"},"image":{"@id":"https:\/\/hubsch-interior.com\/fr\/#\/schema\/logo\/image\/"}}]}},"_links":{"self":[{"href":"https:\/\/hubsch-interior.com\/fr\/wp-json\/wp\/v2\/product\/975224","targetHints":{"allow":["GET"]}}],"collection":[{"href":"https:\/\/hubsch-interior.com\/fr\/wp-json\/wp\/v2\/product"}],"about":[{"href":"https:\/\/hubsch-interior.com\/fr\/wp-json\/wp\/v2\/types\/product"}],"wp:featuredmedia":[{"embeddable":true,"href":"https:\/\/hubsch-interior.com\/fr\/wp-json\/wp\/v2\/media\/1093967"}],"wp:attachment":[{"href":"https:\/\/hubsch-interior.com\/fr\/wp-json\/wp\/v2\/media?parent=975224"}],"wp:term":[{"taxonomy":"product_brand","embeddable":true,"href":"https:\/\/hubsch-interior.com\/fr\/wp-json\/wp\/v2\/product_brand?post=975224"},{"taxonomy":"product_cat","embeddable":true,"href":"https:\/\/hubsch-interior.com\/fr\/wp-json\/wp\/v2\/product_cat?post=975224"},{"taxonomy":"product_tag","embeddable":true,"href":"https:\/\/hubsch-interior.com\/fr\/wp-json\/wp\/v2\/product_tag?post=975224"}],"curies":[{"name":"wp","href":"https:\/\/api.w.org\/{rel}","templated":true}]}}