{"id":975248,"date":"2024-01-29T08:27:11","date_gmt":"2024-01-29T07:27:11","guid":{"rendered":"https:\/\/hubsch-interior.com\/product\/product\/"},"modified":"2026-04-09T04:20:04","modified_gmt":"2026-04-09T02:20:04","slug":"study-etagere-bleu-fonce-gris","status":"publish","type":"product","link":"https:\/\/hubsch-interior.com\/fr\/produit\/study-etagere-bleu-fonce-gris\/","title":{"rendered":"Study \u00c9tag\u00e8re Bleu fonc\u00e9\/Gris"},"content":{"rendered":"<p>D\u00e9couvrez l&#8217;\u00e9tage?re d&#8217;\u00e9tude \u2014 le compl\u00e9ment parfait pour votre maison ou votre espace de travail. Fabriqu\u00e9e en bois de fr\u00eane certifi\u00e9 FSC et en acier robuste, cette \u00e9tag\u00e8re respire la durabilit\u00e9 et la polyvalence. Sa couleur \u00e9l\u00e9gante bleu\/gris fonc\u00e9 ajoute une touche de sophistication \u00e0 n&#8217;importe quelle pi\u00e8ce. Utilisez-la comme unit\u00e9 individuelle ou combinez-la avec le reste de la s\u00e9rie d&#8217;\u00e9tude pour une solution de rangement \u00e9l\u00e9gante et compacte. Avec plusieurs options d&#8217;\u00e9tag\u00e8res, elle est parfaite pour mettre en valeur vos livres pr\u00e9f\u00e9r\u00e9s ou pour organiser efficacement vos fichiers. Mettez \u00e0 niveau votre espace de travail ou de bureau avec l&#8217;\u00e9tag\u00e8re d&#8217;\u00e9tude.<\/p>\n","protected":false},"excerpt":{"rendered":"<p>D\u00e9couvrez l&#8217;\u00e9tage?re d&#8217;\u00e9tude \u2014 le compl\u00e9ment parfait pour votre maison ou votre espace de travail. Fabriqu\u00e9e en bois de fr\u00eane certifi\u00e9 FSC et en acier robuste, cette \u00e9tag\u00e8re respire la durabilit\u00e9 et la polyvalence. Sa couleur \u00e9l\u00e9gante bleu\/gris fonc\u00e9 ajoute une touche de sophistication \u00e0 n&#8217;importe quelle pi\u00e8ce. Utilisez-la comme unit\u00e9 individuelle ou combinez-la avec [&hellip;]<\/p>\n","protected":false},"featured_media":1093987,"template":"","meta":{"_acf_changed":false,"inline_featured_image":false},"product_brand":[],"product_cat":[6882,6322,4001,4920],"product_tag":[],"class_list":{"0":"post-975248","1":"product","2":"type-product","3":"status-publish","4":"has-post-thumbnail","6":"product_cat-elevating-nostalgia-fr","7":"product_cat-fsc-fr","8":"product_cat-etageres-et-meubles-de-rangement-fr","9":"product_cat-commodes-buffets-fr","10":"product_shipping_class-p10","12":"pa_color-bleu-fonc-2","13":"pa_color-gris-2","14":"pa_material-mdf-fr","15":"pa_material-placage-de-frne","16":"pa_material-acier","18":"first","19":"instock","20":"taxable","21":"shipping-taxable","22":"purchasable","23":"product-type-simple"},"exclude_global_add_ons":[],"addons":[],"acf":[],"yoast_head":"<!-- This site is optimized with the Yoast SEO plugin v26.4 - https:\/\/yoast.com\/wordpress\/plugins\/seo\/ -->\n<title>Study \u00c9tag\u00e8re Bleu fonc\u00e9\/Gris - H\u00fcbsch<\/title>\n<meta name=\"description\" content=\"D\u00e9couvrez l&#039;\u00e9tage?re d&#039;\u00e9tude \u2014 le compl\u00e9ment parfait pour votre maison ou votre espace de travail. Fabriqu\u00e9e en bois de fr\u00eane certifi\u00e9 FSC et en acier\" \/>\n<meta name=\"robots\" content=\"index, follow, max-snippet:-1, max-image-preview:large, max-video-preview:-1\" \/>\n<link rel=\"canonical\" href=\"https:\/\/hubsch-interior.com\/fr\/wp-json\/wp\/v2\/product\/975248\" \/>\n<meta property=\"og:locale\" content=\"fr_FR\" \/>\n<meta property=\"og:type\" content=\"article\" \/>\n<meta property=\"og:title\" content=\"Study \u00c9tag\u00e8re Bleu fonc\u00e9\/Gris - H\u00fcbsch\" \/>\n<meta property=\"og:description\" content=\"D\u00e9couvrez l&#039;\u00e9tage?re d&#039;\u00e9tude \u2014 le compl\u00e9ment parfait pour votre maison ou votre espace de travail. Fabriqu\u00e9e en bois de fr\u00eane certifi\u00e9 FSC et en acier\" \/>\n<meta property=\"og:url\" content=\"https:\/\/hubsch-interior.com\/fr\/produit\/study-etagere-bleu-fonce-gris\/\" \/>\n<meta property=\"og:site_name\" content=\"H\u00fcbsch\" \/>\n<meta property=\"article:modified_time\" content=\"2026-04-09T02:20:04+00:00\" \/>\n<meta property=\"og:image\" content=\"https:\/\/hubsch-interior.com\/wp-content\/uploads\/2024\/09\/study-shelf-unit-dark-bluegrey-b319071af76d8e18ce9b1c5c7d6bf967.jpg\" \/>\n\t<meta property=\"og:image:width\" content=\"1200\" \/>\n\t<meta property=\"og:image:height\" content=\"1200\" \/>\n\t<meta property=\"og:image:type\" content=\"image\/jpeg\" \/>\n<meta name=\"twitter:card\" content=\"summary_large_image\" \/>\n<meta name=\"twitter:label1\" content=\"Dur\u00e9e de lecture estim\u00e9e\" \/>\n\t<meta name=\"twitter:data1\" content=\"1 minute\" \/>\n<script type=\"application\/ld+json\" class=\"yoast-schema-graph\">{\"@context\":\"https:\/\/schema.org\",\"@graph\":[{\"@type\":\"WebPage\",\"@id\":\"https:\/\/hubsch-interior.com\/fr\/produit\/study-etagere-bleu-fonce-gris\/\",\"url\":\"https:\/\/hubsch-interior.com\/fr\/produit\/study-etagere-bleu-fonce-gris\/\",\"name\":\"Study \u00c9tag\u00e8re Bleu fonc\u00e9\/Gris - H\u00fcbsch\",\"isPartOf\":{\"@id\":\"https:\/\/hubsch-interior.com\/fr\/#website\"},\"primaryImageOfPage\":{\"@id\":\"https:\/\/hubsch-interior.com\/fr\/produit\/study-etagere-bleu-fonce-gris\/#primaryimage\"},\"image\":{\"@id\":\"https:\/\/hubsch-interior.com\/fr\/produit\/study-etagere-bleu-fonce-gris\/#primaryimage\"},\"thumbnailUrl\":\"https:\/\/hubsch-interior.com\/wp-content\/uploads\/2026\/02\/study-shelf-unit-dark-bluegrey-b363bc7afab2cf97ab29b43e04af5718.jpg\",\"datePublished\":\"2024-01-29T07:27:11+00:00\",\"dateModified\":\"2026-04-09T02:20:04+00:00\",\"description\":\"D\u00e9couvrez l'\u00e9tage?re d'\u00e9tude \u2014 le compl\u00e9ment parfait pour votre maison ou votre espace de travail. Fabriqu\u00e9e en bois de fr\u00eane certifi\u00e9 FSC et en acier\",\"breadcrumb\":{\"@id\":\"https:\/\/hubsch-interior.com\/fr\/produit\/study-etagere-bleu-fonce-gris\/#breadcrumb\"},\"inLanguage\":\"fr-FR\",\"potentialAction\":[{\"@type\":\"ReadAction\",\"target\":[\"https:\/\/hubsch-interior.com\/fr\/produit\/study-etagere-bleu-fonce-gris\/\"]}]},{\"@type\":\"ImageObject\",\"inLanguage\":\"fr-FR\",\"@id\":\"https:\/\/hubsch-interior.com\/fr\/produit\/study-etagere-bleu-fonce-gris\/#primaryimage\",\"url\":\"https:\/\/hubsch-interior.com\/wp-content\/uploads\/2026\/02\/study-shelf-unit-dark-bluegrey-b363bc7afab2cf97ab29b43e04af5718.jpg\",\"contentUrl\":\"https:\/\/hubsch-interior.com\/wp-content\/uploads\/2026\/02\/study-shelf-unit-dark-bluegrey-b363bc7afab2cf97ab29b43e04af5718.jpg\",\"width\":1024,\"height\":1024},{\"@type\":\"BreadcrumbList\",\"@id\":\"https:\/\/hubsch-interior.com\/fr\/produit\/study-etagere-bleu-fonce-gris\/#breadcrumb\",\"itemListElement\":[{\"@type\":\"ListItem\",\"position\":1,\"name\":\"Page d'accueil\",\"item\":\"https:\/\/hubsch-interior.com\/fr\/\"},{\"@type\":\"ListItem\",\"position\":2,\"name\":\"Produits\",\"item\":\"https:\/\/hubsch-interior.com\/fr\/shop-2\/\"},{\"@type\":\"ListItem\",\"position\":3,\"name\":\"Meubles\",\"item\":\"https:\/\/hubsch-interior.com\/fr\/categorie-produit\/meubles\/\"},{\"@type\":\"ListItem\",\"position\":4,\"name\":\"Etag&egrave;res et meubles de rangement\",\"item\":\"https:\/\/hubsch-interior.com\/fr\/categorie-produit\/meubles\/etageres-et-meubles-de-rangement-fr\/\"},{\"@type\":\"ListItem\",\"position\":5,\"name\":\"Commodes &amp; buffets\",\"item\":\"https:\/\/hubsch-interior.com\/fr\/categorie-produit\/meubles\/etageres-et-meubles-de-rangement-fr\/commodes-buffets-fr\/\"},{\"@type\":\"ListItem\",\"position\":6,\"name\":\"Study \u00c9tag\u00e8re Bleu fonc\u00e9\/Gris\"}]},{\"@type\":\"WebSite\",\"@id\":\"https:\/\/hubsch-interior.com\/fr\/#website\",\"url\":\"https:\/\/hubsch-interior.com\/fr\/\",\"name\":\"H\u00fcbsch\",\"description\":\"Danish Home Interior and Design\",\"publisher\":{\"@id\":\"https:\/\/hubsch-interior.com\/fr\/#organization\"},\"potentialAction\":[{\"@type\":\"SearchAction\",\"target\":{\"@type\":\"EntryPoint\",\"urlTemplate\":\"https:\/\/hubsch-interior.com\/fr\/?s={search_term_string}\"},\"query-input\":{\"@type\":\"PropertyValueSpecification\",\"valueRequired\":true,\"valueName\":\"search_term_string\"}}],\"inLanguage\":\"fr-FR\"},{\"@type\":\"Organization\",\"@id\":\"https:\/\/hubsch-interior.com\/fr\/#organization\",\"name\":\"H\u00fcbsch\",\"url\":\"https:\/\/hubsch-interior.com\/fr\/\",\"logo\":{\"@type\":\"ImageObject\",\"inLanguage\":\"fr-FR\",\"@id\":\"https:\/\/hubsch-interior.com\/fr\/#\/schema\/logo\/image\/\",\"url\":\"https:\/\/hubsch-interior.com\/wp-content\/uploads\/2022\/12\/Hubsch_logo_black_one_line.svg\",\"contentUrl\":\"https:\/\/hubsch-interior.com\/wp-content\/uploads\/2022\/12\/Hubsch_logo_black_one_line.svg\",\"caption\":\"H\u00fcbsch\"},\"image\":{\"@id\":\"https:\/\/hubsch-interior.com\/fr\/#\/schema\/logo\/image\/\"}}]}<\/script>\n<!-- \/ Yoast SEO plugin. -->","yoast_head_json":{"title":"Study \u00c9tag\u00e8re Bleu fonc\u00e9\/Gris - H\u00fcbsch","description":"D\u00e9couvrez l'\u00e9tage?re d'\u00e9tude \u2014 le compl\u00e9ment parfait pour votre maison ou votre espace de travail. Fabriqu\u00e9e en bois de fr\u00eane certifi\u00e9 FSC et en acier","robots":{"index":"index","follow":"follow","max-snippet":"max-snippet:-1","max-image-preview":"max-image-preview:large","max-video-preview":"max-video-preview:-1"},"canonical":"https:\/\/hubsch-interior.com\/fr\/wp-json\/wp\/v2\/product\/975248","og_locale":"fr_FR","og_type":"article","og_title":"Study \u00c9tag\u00e8re Bleu fonc\u00e9\/Gris - H\u00fcbsch","og_description":"D\u00e9couvrez l'\u00e9tage?re d'\u00e9tude \u2014 le compl\u00e9ment parfait pour votre maison ou votre espace de travail. Fabriqu\u00e9e en bois de fr\u00eane certifi\u00e9 FSC et en acier","og_url":"https:\/\/hubsch-interior.com\/fr\/produit\/study-etagere-bleu-fonce-gris\/","og_site_name":"H\u00fcbsch","article_modified_time":"2026-04-09T02:20:04+00:00","og_image":[{"width":1200,"height":1200,"url":"https:\/\/hubsch-interior.com\/wp-content\/uploads\/2024\/09\/study-shelf-unit-dark-bluegrey-b319071af76d8e18ce9b1c5c7d6bf967.jpg","type":"image\/jpeg"}],"twitter_card":"summary_large_image","twitter_misc":{"Dur\u00e9e de lecture estim\u00e9e":"1 minute"},"schema":{"@context":"https:\/\/schema.org","@graph":[{"@type":"WebPage","@id":"https:\/\/hubsch-interior.com\/fr\/produit\/study-etagere-bleu-fonce-gris\/","url":"https:\/\/hubsch-interior.com\/fr\/produit\/study-etagere-bleu-fonce-gris\/","name":"Study \u00c9tag\u00e8re Bleu fonc\u00e9\/Gris - H\u00fcbsch","isPartOf":{"@id":"https:\/\/hubsch-interior.com\/fr\/#website"},"primaryImageOfPage":{"@id":"https:\/\/hubsch-interior.com\/fr\/produit\/study-etagere-bleu-fonce-gris\/#primaryimage"},"image":{"@id":"https:\/\/hubsch-interior.com\/fr\/produit\/study-etagere-bleu-fonce-gris\/#primaryimage"},"thumbnailUrl":"https:\/\/hubsch-interior.com\/wp-content\/uploads\/2026\/02\/study-shelf-unit-dark-bluegrey-b363bc7afab2cf97ab29b43e04af5718.jpg","datePublished":"2024-01-29T07:27:11+00:00","dateModified":"2026-04-09T02:20:04+00:00","description":"D\u00e9couvrez l'\u00e9tage?re d'\u00e9tude \u2014 le compl\u00e9ment parfait pour votre maison ou votre espace de travail. Fabriqu\u00e9e en bois de fr\u00eane certifi\u00e9 FSC et en acier","breadcrumb":{"@id":"https:\/\/hubsch-interior.com\/fr\/produit\/study-etagere-bleu-fonce-gris\/#breadcrumb"},"inLanguage":"fr-FR","potentialAction":[{"@type":"ReadAction","target":["https:\/\/hubsch-interior.com\/fr\/produit\/study-etagere-bleu-fonce-gris\/"]}]},{"@type":"ImageObject","inLanguage":"fr-FR","@id":"https:\/\/hubsch-interior.com\/fr\/produit\/study-etagere-bleu-fonce-gris\/#primaryimage","url":"https:\/\/hubsch-interior.com\/wp-content\/uploads\/2026\/02\/study-shelf-unit-dark-bluegrey-b363bc7afab2cf97ab29b43e04af5718.jpg","contentUrl":"https:\/\/hubsch-interior.com\/wp-content\/uploads\/2026\/02\/study-shelf-unit-dark-bluegrey-b363bc7afab2cf97ab29b43e04af5718.jpg","width":1024,"height":1024},{"@type":"BreadcrumbList","@id":"https:\/\/hubsch-interior.com\/fr\/produit\/study-etagere-bleu-fonce-gris\/#breadcrumb","itemListElement":[{"@type":"ListItem","position":1,"name":"Page d'accueil","item":"https:\/\/hubsch-interior.com\/fr\/"},{"@type":"ListItem","position":2,"name":"Produits","item":"https:\/\/hubsch-interior.com\/fr\/shop-2\/"},{"@type":"ListItem","position":3,"name":"Meubles","item":"https:\/\/hubsch-interior.com\/fr\/categorie-produit\/meubles\/"},{"@type":"ListItem","position":4,"name":"Etag&egrave;res et meubles de rangement","item":"https:\/\/hubsch-interior.com\/fr\/categorie-produit\/meubles\/etageres-et-meubles-de-rangement-fr\/"},{"@type":"ListItem","position":5,"name":"Commodes &amp; buffets","item":"https:\/\/hubsch-interior.com\/fr\/categorie-produit\/meubles\/etageres-et-meubles-de-rangement-fr\/commodes-buffets-fr\/"},{"@type":"ListItem","position":6,"name":"Study \u00c9tag\u00e8re Bleu fonc\u00e9\/Gris"}]},{"@type":"WebSite","@id":"https:\/\/hubsch-interior.com\/fr\/#website","url":"https:\/\/hubsch-interior.com\/fr\/","name":"H\u00fcbsch","description":"Danish Home Interior and Design","publisher":{"@id":"https:\/\/hubsch-interior.com\/fr\/#organization"},"potentialAction":[{"@type":"SearchAction","target":{"@type":"EntryPoint","urlTemplate":"https:\/\/hubsch-interior.com\/fr\/?s={search_term_string}"},"query-input":{"@type":"PropertyValueSpecification","valueRequired":true,"valueName":"search_term_string"}}],"inLanguage":"fr-FR"},{"@type":"Organization","@id":"https:\/\/hubsch-interior.com\/fr\/#organization","name":"H\u00fcbsch","url":"https:\/\/hubsch-interior.com\/fr\/","logo":{"@type":"ImageObject","inLanguage":"fr-FR","@id":"https:\/\/hubsch-interior.com\/fr\/#\/schema\/logo\/image\/","url":"https:\/\/hubsch-interior.com\/wp-content\/uploads\/2022\/12\/Hubsch_logo_black_one_line.svg","contentUrl":"https:\/\/hubsch-interior.com\/wp-content\/uploads\/2022\/12\/Hubsch_logo_black_one_line.svg","caption":"H\u00fcbsch"},"image":{"@id":"https:\/\/hubsch-interior.com\/fr\/#\/schema\/logo\/image\/"}}]}},"_links":{"self":[{"href":"https:\/\/hubsch-interior.com\/fr\/wp-json\/wp\/v2\/product\/975248","targetHints":{"allow":["GET"]}}],"collection":[{"href":"https:\/\/hubsch-interior.com\/fr\/wp-json\/wp\/v2\/product"}],"about":[{"href":"https:\/\/hubsch-interior.com\/fr\/wp-json\/wp\/v2\/types\/product"}],"wp:featuredmedia":[{"embeddable":true,"href":"https:\/\/hubsch-interior.com\/fr\/wp-json\/wp\/v2\/media\/1093987"}],"wp:attachment":[{"href":"https:\/\/hubsch-interior.com\/fr\/wp-json\/wp\/v2\/media?parent=975248"}],"wp:term":[{"taxonomy":"product_brand","embeddable":true,"href":"https:\/\/hubsch-interior.com\/fr\/wp-json\/wp\/v2\/product_brand?post=975248"},{"taxonomy":"product_cat","embeddable":true,"href":"https:\/\/hubsch-interior.com\/fr\/wp-json\/wp\/v2\/product_cat?post=975248"},{"taxonomy":"product_tag","embeddable":true,"href":"https:\/\/hubsch-interior.com\/fr\/wp-json\/wp\/v2\/product_tag?post=975248"}],"curies":[{"name":"wp","href":"https:\/\/api.w.org\/{rel}","templated":true}]}}