{"id":975344,"date":"2024-01-29T08:28:01","date_gmt":"2024-01-29T07:28:01","guid":{"rendered":"https:\/\/hubsch-interior.com\/product\/product\/"},"modified":"2026-04-09T04:23:25","modified_gmt":"2026-04-09T02:23:25","slug":"arch-chaises-de-salle-a-manger-gris-clair","status":"publish","type":"product","link":"https:\/\/hubsch-interior.com\/fr\/produit\/arch-chaises-de-salle-a-manger-gris-clair\/","title":{"rendered":"Arch Chaises de salle \u00e0 manger Gris clair"},"content":{"rendered":"<p>La chaise de salle \u00e0 manger Arch est un ajout intemporel et moderne \u00e0 votre espace de repas. Disponible en trois superbes variantes, cette beaut\u00e9 gris clair ne manquera pas d&#8217;embellir n&#8217;importe quelle pi\u00e8ce. Fabriqu\u00e9e en bois et en m\u00e9tal certifi\u00e9s FSC, cette chaise offre un design durable qui r\u00e9sistera \u00e0 l&#8217;\u00e9preuve du temps. Le dossier de soutien assure un confort maximal pendant que vous profitez de vos repas avec vos proches. Et pour ceux qui ont un espace limit\u00e9, la fonction empilable et compacte facilite le rangement. Il s&#8217;agit d&#8217;une r\u00e9introduction d&#8217;un pr\u00e9c\u00e9dent best-seller, d\u00e9sormais am\u00e9lior\u00e9 et pr\u00eat \u00e0 faire une d\u00e9claration dans votre maison.<\/p>\n","protected":false},"excerpt":{"rendered":"<p>La chaise de salle \u00e0 manger Arch est un ajout intemporel et moderne \u00e0 votre espace de repas. Disponible en trois superbes variantes, cette beaut\u00e9 gris clair ne manquera pas d&#8217;embellir n&#8217;importe quelle pi\u00e8ce. Fabriqu\u00e9e en bois et en m\u00e9tal certifi\u00e9s FSC, cette chaise offre un design durable qui r\u00e9sistera \u00e0 l&#8217;\u00e9preuve du temps. Le [&hellip;]<\/p>\n","protected":false},"featured_media":1095289,"template":"","meta":{"_acf_changed":false,"inline_featured_image":false},"product_brand":[],"product_cat":[6882,6322,2843,2844],"product_tag":[],"class_list":{"0":"post-975344","1":"product","2":"type-product","3":"status-publish","4":"has-post-thumbnail","6":"product_cat-elevating-nostalgia-fr","7":"product_cat-fsc-fr","8":"product_cat-assises-fr","9":"product_cat-chaises-de-salle-a-manger-fr","10":"product_shipping_class-p05","12":"pa_color-gris-clair-2","13":"pa_material-fer-fr","14":"pa_material-contre-plaqu","16":"first","17":"instock","18":"taxable","19":"shipping-taxable","20":"purchasable","21":"product-type-simple"},"exclude_global_add_ons":[],"addons":[],"acf":[],"yoast_head":"<!-- This site is optimized with the Yoast SEO plugin v26.4 - https:\/\/yoast.com\/wordpress\/plugins\/seo\/ -->\n<title>Arch Chaises de salle \u00e0 manger Gris clair - H\u00fcbsch<\/title>\n<meta name=\"description\" content=\"La chaise de salle \u00e0 manger Arch est un ajout intemporel et moderne \u00e0 votre espace de repas. Disponible en trois superbes variantes, cette beaut\u00e9 gris\" \/>\n<meta name=\"robots\" content=\"index, follow, max-snippet:-1, max-image-preview:large, max-video-preview:-1\" \/>\n<link rel=\"canonical\" href=\"https:\/\/hubsch-interior.com\/fr\/wp-json\/wp\/v2\/product\/975344\" \/>\n<meta property=\"og:locale\" content=\"fr_FR\" \/>\n<meta property=\"og:type\" content=\"article\" \/>\n<meta property=\"og:title\" content=\"Arch Chaises de salle \u00e0 manger Gris clair - H\u00fcbsch\" \/>\n<meta property=\"og:description\" content=\"La chaise de salle \u00e0 manger Arch est un ajout intemporel et moderne \u00e0 votre espace de repas. Disponible en trois superbes variantes, cette beaut\u00e9 gris\" \/>\n<meta property=\"og:url\" content=\"https:\/\/hubsch-interior.com\/fr\/produit\/arch-chaises-de-salle-a-manger-gris-clair\/\" \/>\n<meta property=\"og:site_name\" content=\"H\u00fcbsch\" \/>\n<meta property=\"article:modified_time\" content=\"2026-04-09T02:23:25+00:00\" \/>\n<meta property=\"og:image\" content=\"https:\/\/hubsch-interior.com\/wp-content\/uploads\/2026\/02\/arch-dining-chair-light-grey-5db0e7fe427971077a5adbf644b551dc.jpg\" \/>\n\t<meta property=\"og:image:width\" content=\"1024\" \/>\n\t<meta property=\"og:image:height\" content=\"1024\" \/>\n\t<meta property=\"og:image:type\" content=\"image\/jpeg\" \/>\n<meta name=\"twitter:card\" content=\"summary_large_image\" \/>\n<meta name=\"twitter:label1\" content=\"Dur\u00e9e de lecture estim\u00e9e\" \/>\n\t<meta name=\"twitter:data1\" content=\"1 minute\" \/>\n<script type=\"application\/ld+json\" class=\"yoast-schema-graph\">{\"@context\":\"https:\/\/schema.org\",\"@graph\":[{\"@type\":\"WebPage\",\"@id\":\"https:\/\/hubsch-interior.com\/fr\/produit\/arch-chaises-de-salle-a-manger-gris-clair\/\",\"url\":\"https:\/\/hubsch-interior.com\/fr\/produit\/arch-chaises-de-salle-a-manger-gris-clair\/\",\"name\":\"Arch Chaises de salle \u00e0 manger Gris clair - H\u00fcbsch\",\"isPartOf\":{\"@id\":\"https:\/\/hubsch-interior.com\/fr\/#website\"},\"primaryImageOfPage\":{\"@id\":\"https:\/\/hubsch-interior.com\/fr\/produit\/arch-chaises-de-salle-a-manger-gris-clair\/#primaryimage\"},\"image\":{\"@id\":\"https:\/\/hubsch-interior.com\/fr\/produit\/arch-chaises-de-salle-a-manger-gris-clair\/#primaryimage\"},\"thumbnailUrl\":\"https:\/\/hubsch-interior.com\/wp-content\/uploads\/2026\/02\/arch-dining-chair-light-grey-5db0e7fe427971077a5adbf644b551dc.jpg\",\"datePublished\":\"2024-01-29T07:28:01+00:00\",\"dateModified\":\"2026-04-09T02:23:25+00:00\",\"description\":\"La chaise de salle \u00e0 manger Arch est un ajout intemporel et moderne \u00e0 votre espace de repas. Disponible en trois superbes variantes, cette beaut\u00e9 gris\",\"breadcrumb\":{\"@id\":\"https:\/\/hubsch-interior.com\/fr\/produit\/arch-chaises-de-salle-a-manger-gris-clair\/#breadcrumb\"},\"inLanguage\":\"fr-FR\",\"potentialAction\":[{\"@type\":\"ReadAction\",\"target\":[\"https:\/\/hubsch-interior.com\/fr\/produit\/arch-chaises-de-salle-a-manger-gris-clair\/\"]}]},{\"@type\":\"ImageObject\",\"inLanguage\":\"fr-FR\",\"@id\":\"https:\/\/hubsch-interior.com\/fr\/produit\/arch-chaises-de-salle-a-manger-gris-clair\/#primaryimage\",\"url\":\"https:\/\/hubsch-interior.com\/wp-content\/uploads\/2026\/02\/arch-dining-chair-light-grey-5db0e7fe427971077a5adbf644b551dc.jpg\",\"contentUrl\":\"https:\/\/hubsch-interior.com\/wp-content\/uploads\/2026\/02\/arch-dining-chair-light-grey-5db0e7fe427971077a5adbf644b551dc.jpg\",\"width\":1024,\"height\":1024},{\"@type\":\"BreadcrumbList\",\"@id\":\"https:\/\/hubsch-interior.com\/fr\/produit\/arch-chaises-de-salle-a-manger-gris-clair\/#breadcrumb\",\"itemListElement\":[{\"@type\":\"ListItem\",\"position\":1,\"name\":\"Page d'accueil\",\"item\":\"https:\/\/hubsch-interior.com\/fr\/\"},{\"@type\":\"ListItem\",\"position\":2,\"name\":\"Produits\",\"item\":\"https:\/\/hubsch-interior.com\/fr\/shop-2\/\"},{\"@type\":\"ListItem\",\"position\":3,\"name\":\"Meubles\",\"item\":\"https:\/\/hubsch-interior.com\/fr\/categorie-produit\/meubles\/\"},{\"@type\":\"ListItem\",\"position\":4,\"name\":\"Assises\",\"item\":\"https:\/\/hubsch-interior.com\/fr\/categorie-produit\/meubles\/assises-fr\/\"},{\"@type\":\"ListItem\",\"position\":5,\"name\":\"Chaises de salle &agrave; manger\",\"item\":\"https:\/\/hubsch-interior.com\/fr\/categorie-produit\/meubles\/assises-fr\/chaises-de-salle-a-manger-fr\/\"},{\"@type\":\"ListItem\",\"position\":6,\"name\":\"Arch Chaises de salle \u00e0 manger Gris clair\"}]},{\"@type\":\"WebSite\",\"@id\":\"https:\/\/hubsch-interior.com\/fr\/#website\",\"url\":\"https:\/\/hubsch-interior.com\/fr\/\",\"name\":\"H\u00fcbsch\",\"description\":\"Danish Home Interior and Design\",\"publisher\":{\"@id\":\"https:\/\/hubsch-interior.com\/fr\/#organization\"},\"potentialAction\":[{\"@type\":\"SearchAction\",\"target\":{\"@type\":\"EntryPoint\",\"urlTemplate\":\"https:\/\/hubsch-interior.com\/fr\/?s={search_term_string}\"},\"query-input\":{\"@type\":\"PropertyValueSpecification\",\"valueRequired\":true,\"valueName\":\"search_term_string\"}}],\"inLanguage\":\"fr-FR\"},{\"@type\":\"Organization\",\"@id\":\"https:\/\/hubsch-interior.com\/fr\/#organization\",\"name\":\"H\u00fcbsch\",\"url\":\"https:\/\/hubsch-interior.com\/fr\/\",\"logo\":{\"@type\":\"ImageObject\",\"inLanguage\":\"fr-FR\",\"@id\":\"https:\/\/hubsch-interior.com\/fr\/#\/schema\/logo\/image\/\",\"url\":\"https:\/\/hubsch-interior.com\/wp-content\/uploads\/2022\/12\/Hubsch_logo_black_one_line.svg\",\"contentUrl\":\"https:\/\/hubsch-interior.com\/wp-content\/uploads\/2022\/12\/Hubsch_logo_black_one_line.svg\",\"caption\":\"H\u00fcbsch\"},\"image\":{\"@id\":\"https:\/\/hubsch-interior.com\/fr\/#\/schema\/logo\/image\/\"}}]}<\/script>\n<!-- \/ Yoast SEO plugin. -->","yoast_head_json":{"title":"Arch Chaises de salle \u00e0 manger Gris clair - H\u00fcbsch","description":"La chaise de salle \u00e0 manger Arch est un ajout intemporel et moderne \u00e0 votre espace de repas. Disponible en trois superbes variantes, cette beaut\u00e9 gris","robots":{"index":"index","follow":"follow","max-snippet":"max-snippet:-1","max-image-preview":"max-image-preview:large","max-video-preview":"max-video-preview:-1"},"canonical":"https:\/\/hubsch-interior.com\/fr\/wp-json\/wp\/v2\/product\/975344","og_locale":"fr_FR","og_type":"article","og_title":"Arch Chaises de salle \u00e0 manger Gris clair - H\u00fcbsch","og_description":"La chaise de salle \u00e0 manger Arch est un ajout intemporel et moderne \u00e0 votre espace de repas. Disponible en trois superbes variantes, cette beaut\u00e9 gris","og_url":"https:\/\/hubsch-interior.com\/fr\/produit\/arch-chaises-de-salle-a-manger-gris-clair\/","og_site_name":"H\u00fcbsch","article_modified_time":"2026-04-09T02:23:25+00:00","og_image":[{"width":1024,"height":1024,"url":"https:\/\/hubsch-interior.com\/wp-content\/uploads\/2026\/02\/arch-dining-chair-light-grey-5db0e7fe427971077a5adbf644b551dc.jpg","type":"image\/jpeg"}],"twitter_card":"summary_large_image","twitter_misc":{"Dur\u00e9e de lecture estim\u00e9e":"1 minute"},"schema":{"@context":"https:\/\/schema.org","@graph":[{"@type":"WebPage","@id":"https:\/\/hubsch-interior.com\/fr\/produit\/arch-chaises-de-salle-a-manger-gris-clair\/","url":"https:\/\/hubsch-interior.com\/fr\/produit\/arch-chaises-de-salle-a-manger-gris-clair\/","name":"Arch Chaises de salle \u00e0 manger Gris clair - H\u00fcbsch","isPartOf":{"@id":"https:\/\/hubsch-interior.com\/fr\/#website"},"primaryImageOfPage":{"@id":"https:\/\/hubsch-interior.com\/fr\/produit\/arch-chaises-de-salle-a-manger-gris-clair\/#primaryimage"},"image":{"@id":"https:\/\/hubsch-interior.com\/fr\/produit\/arch-chaises-de-salle-a-manger-gris-clair\/#primaryimage"},"thumbnailUrl":"https:\/\/hubsch-interior.com\/wp-content\/uploads\/2026\/02\/arch-dining-chair-light-grey-5db0e7fe427971077a5adbf644b551dc.jpg","datePublished":"2024-01-29T07:28:01+00:00","dateModified":"2026-04-09T02:23:25+00:00","description":"La chaise de salle \u00e0 manger Arch est un ajout intemporel et moderne \u00e0 votre espace de repas. Disponible en trois superbes variantes, cette beaut\u00e9 gris","breadcrumb":{"@id":"https:\/\/hubsch-interior.com\/fr\/produit\/arch-chaises-de-salle-a-manger-gris-clair\/#breadcrumb"},"inLanguage":"fr-FR","potentialAction":[{"@type":"ReadAction","target":["https:\/\/hubsch-interior.com\/fr\/produit\/arch-chaises-de-salle-a-manger-gris-clair\/"]}]},{"@type":"ImageObject","inLanguage":"fr-FR","@id":"https:\/\/hubsch-interior.com\/fr\/produit\/arch-chaises-de-salle-a-manger-gris-clair\/#primaryimage","url":"https:\/\/hubsch-interior.com\/wp-content\/uploads\/2026\/02\/arch-dining-chair-light-grey-5db0e7fe427971077a5adbf644b551dc.jpg","contentUrl":"https:\/\/hubsch-interior.com\/wp-content\/uploads\/2026\/02\/arch-dining-chair-light-grey-5db0e7fe427971077a5adbf644b551dc.jpg","width":1024,"height":1024},{"@type":"BreadcrumbList","@id":"https:\/\/hubsch-interior.com\/fr\/produit\/arch-chaises-de-salle-a-manger-gris-clair\/#breadcrumb","itemListElement":[{"@type":"ListItem","position":1,"name":"Page d'accueil","item":"https:\/\/hubsch-interior.com\/fr\/"},{"@type":"ListItem","position":2,"name":"Produits","item":"https:\/\/hubsch-interior.com\/fr\/shop-2\/"},{"@type":"ListItem","position":3,"name":"Meubles","item":"https:\/\/hubsch-interior.com\/fr\/categorie-produit\/meubles\/"},{"@type":"ListItem","position":4,"name":"Assises","item":"https:\/\/hubsch-interior.com\/fr\/categorie-produit\/meubles\/assises-fr\/"},{"@type":"ListItem","position":5,"name":"Chaises de salle &agrave; manger","item":"https:\/\/hubsch-interior.com\/fr\/categorie-produit\/meubles\/assises-fr\/chaises-de-salle-a-manger-fr\/"},{"@type":"ListItem","position":6,"name":"Arch Chaises de salle \u00e0 manger Gris clair"}]},{"@type":"WebSite","@id":"https:\/\/hubsch-interior.com\/fr\/#website","url":"https:\/\/hubsch-interior.com\/fr\/","name":"H\u00fcbsch","description":"Danish Home Interior and Design","publisher":{"@id":"https:\/\/hubsch-interior.com\/fr\/#organization"},"potentialAction":[{"@type":"SearchAction","target":{"@type":"EntryPoint","urlTemplate":"https:\/\/hubsch-interior.com\/fr\/?s={search_term_string}"},"query-input":{"@type":"PropertyValueSpecification","valueRequired":true,"valueName":"search_term_string"}}],"inLanguage":"fr-FR"},{"@type":"Organization","@id":"https:\/\/hubsch-interior.com\/fr\/#organization","name":"H\u00fcbsch","url":"https:\/\/hubsch-interior.com\/fr\/","logo":{"@type":"ImageObject","inLanguage":"fr-FR","@id":"https:\/\/hubsch-interior.com\/fr\/#\/schema\/logo\/image\/","url":"https:\/\/hubsch-interior.com\/wp-content\/uploads\/2022\/12\/Hubsch_logo_black_one_line.svg","contentUrl":"https:\/\/hubsch-interior.com\/wp-content\/uploads\/2022\/12\/Hubsch_logo_black_one_line.svg","caption":"H\u00fcbsch"},"image":{"@id":"https:\/\/hubsch-interior.com\/fr\/#\/schema\/logo\/image\/"}}]}},"_links":{"self":[{"href":"https:\/\/hubsch-interior.com\/fr\/wp-json\/wp\/v2\/product\/975344","targetHints":{"allow":["GET"]}}],"collection":[{"href":"https:\/\/hubsch-interior.com\/fr\/wp-json\/wp\/v2\/product"}],"about":[{"href":"https:\/\/hubsch-interior.com\/fr\/wp-json\/wp\/v2\/types\/product"}],"wp:featuredmedia":[{"embeddable":true,"href":"https:\/\/hubsch-interior.com\/fr\/wp-json\/wp\/v2\/media\/1095289"}],"wp:attachment":[{"href":"https:\/\/hubsch-interior.com\/fr\/wp-json\/wp\/v2\/media?parent=975344"}],"wp:term":[{"taxonomy":"product_brand","embeddable":true,"href":"https:\/\/hubsch-interior.com\/fr\/wp-json\/wp\/v2\/product_brand?post=975344"},{"taxonomy":"product_cat","embeddable":true,"href":"https:\/\/hubsch-interior.com\/fr\/wp-json\/wp\/v2\/product_cat?post=975344"},{"taxonomy":"product_tag","embeddable":true,"href":"https:\/\/hubsch-interior.com\/fr\/wp-json\/wp\/v2\/product_tag?post=975344"}],"curies":[{"name":"wp","href":"https:\/\/api.w.org\/{rel}","templated":true}]}}