{"id":975384,"date":"2024-01-29T08:28:31","date_gmt":"2024-01-29T07:28:31","guid":{"rendered":"https:\/\/hubsch-interior.com\/product\/product\/"},"modified":"2026-04-06T04:23:04","modified_gmt":"2026-04-06T02:23:04","slug":"string-coussin-double-beige","status":"publish","type":"product","link":"https:\/\/hubsch-interior.com\/fr\/produit\/string-coussin-double-beige\/","title":{"rendered":"String Coussin Double Beige"},"content":{"rendered":"<p>D\u00e9couvrez le String Coussin \u2014 l&#8217;ajout parfait \u00e0 votre banc pour une exp\u00e9rience d&#8217;assise confortable et douillette. Disponible en quatre variantes diff\u00e9rentes, celui-ci pr\u00e9sente une couleur beige chaleureuse qui se fondra parfaitement dans tout type de d\u00e9coration. Fabriqu\u00e9 en mati\u00e8re olefin de haute qualit\u00e9, ce coussin est non seulement doux et l\u00e9ger, mais aussi r\u00e9sistant et durable. Son design r\u00e9sistant aux couleurs garantit une vibrance durable, le rendant adapt\u00e9 \u00e0 une utilisation aussi bien \u00e0 l&#8217;int\u00e9rieur qu&#8217;\u00e0 l&#8217;ext\u00e9rieur. Alors pourquoi se contenter d&#8217;un banc dur et inconfortable ? Faites une mise \u00e0 niveau avec le String Coussin d\u00e8s aujourd&#8217;hui et ajoutez une touche de luxe \u00e0 votre espace d&#8217;assise.<\/p>\n","protected":false},"excerpt":{"rendered":"<p>D\u00e9couvrez le String Coussin \u2014 l&#8217;ajout parfait \u00e0 votre banc pour une exp\u00e9rience d&#8217;assise confortable et douillette. Disponible en quatre variantes diff\u00e9rentes, celui-ci pr\u00e9sente une couleur beige chaleureuse qui se fondra parfaitement dans tout type de d\u00e9coration. Fabriqu\u00e9 en mati\u00e8re olefin de haute qualit\u00e9, ce coussin est non seulement doux et l\u00e9ger, mais aussi r\u00e9sistant [&hellip;]<\/p>\n","protected":false},"featured_media":1095313,"template":"","meta":{"_acf_changed":false,"inline_featured_image":false},"product_brand":[],"product_cat":[7094,6882,6348,5012,3002,3003],"product_tag":[],"class_list":{"0":"post-975384","1":"product","2":"type-product","3":"status-publish","4":"has-post-thumbnail","6":"product_cat-coussins-de-jardin-fr","7":"product_cat-elevating-nostalgia-fr","8":"product_cat-garden-selection-fr","9":"product_cat-mobilier-du-jardin-fr","10":"product_cat-textile","11":"product_cat-coussins-fr","12":"product_shipping_class-pk","14":"pa_color-beige-3","15":"pa_material-olfine","17":"first","18":"instock","19":"taxable","20":"shipping-taxable","21":"purchasable","22":"product-type-simple"},"exclude_global_add_ons":[],"addons":[],"acf":[],"yoast_head":"<!-- This site is optimized with the Yoast SEO plugin v26.4 - https:\/\/yoast.com\/wordpress\/plugins\/seo\/ -->\n<title>String Coussin Double Beige - H\u00fcbsch<\/title>\n<meta name=\"description\" content=\"D\u00e9couvrez le String Coussin \u2014 l&#039;ajout parfait \u00e0 votre banc pour une exp\u00e9rience d&#039;assise confortable et douillette. Disponible en quatre variantes\" \/>\n<meta name=\"robots\" content=\"index, follow, max-snippet:-1, max-image-preview:large, max-video-preview:-1\" \/>\n<link rel=\"canonical\" href=\"https:\/\/hubsch-interior.com\/fr\/wp-json\/wp\/v2\/product\/975384\" \/>\n<meta property=\"og:locale\" content=\"fr_FR\" \/>\n<meta property=\"og:type\" content=\"article\" \/>\n<meta property=\"og:title\" content=\"String Coussin Double Beige - H\u00fcbsch\" \/>\n<meta property=\"og:description\" content=\"D\u00e9couvrez le String Coussin \u2014 l&#039;ajout parfait \u00e0 votre banc pour une exp\u00e9rience d&#039;assise confortable et douillette. Disponible en quatre variantes\" \/>\n<meta property=\"og:url\" content=\"https:\/\/hubsch-interior.com\/fr\/produit\/string-coussin-double-beige\/\" \/>\n<meta property=\"og:site_name\" content=\"H\u00fcbsch\" \/>\n<meta property=\"article:modified_time\" content=\"2026-04-06T02:23:04+00:00\" \/>\n<meta property=\"og:image\" content=\"https:\/\/hubsch-interior.com\/wp-content\/uploads\/2024\/05\/string-cushion-double-beige-d362d371275e8aac5db9a8dc571d82a3.jpg\" \/>\n\t<meta property=\"og:image:width\" content=\"1200\" \/>\n\t<meta property=\"og:image:height\" content=\"1200\" \/>\n\t<meta property=\"og:image:type\" content=\"image\/jpeg\" \/>\n<meta name=\"twitter:card\" content=\"summary_large_image\" \/>\n<meta name=\"twitter:label1\" content=\"Dur\u00e9e de lecture estim\u00e9e\" \/>\n\t<meta name=\"twitter:data1\" content=\"1 minute\" \/>\n<script type=\"application\/ld+json\" class=\"yoast-schema-graph\">{\"@context\":\"https:\/\/schema.org\",\"@graph\":[{\"@type\":\"WebPage\",\"@id\":\"https:\/\/hubsch-interior.com\/fr\/produit\/string-coussin-double-beige\/\",\"url\":\"https:\/\/hubsch-interior.com\/fr\/produit\/string-coussin-double-beige\/\",\"name\":\"String Coussin Double Beige - H\u00fcbsch\",\"isPartOf\":{\"@id\":\"https:\/\/hubsch-interior.com\/fr\/#website\"},\"primaryImageOfPage\":{\"@id\":\"https:\/\/hubsch-interior.com\/fr\/produit\/string-coussin-double-beige\/#primaryimage\"},\"image\":{\"@id\":\"https:\/\/hubsch-interior.com\/fr\/produit\/string-coussin-double-beige\/#primaryimage\"},\"thumbnailUrl\":\"https:\/\/hubsch-interior.com\/wp-content\/uploads\/2026\/02\/string-cushion-double-beige-53c6fcfce6e810590e655139d7fbec03.jpg\",\"datePublished\":\"2024-01-29T07:28:31+00:00\",\"dateModified\":\"2026-04-06T02:23:04+00:00\",\"description\":\"D\u00e9couvrez le String Coussin \u2014 l'ajout parfait \u00e0 votre banc pour une exp\u00e9rience d'assise confortable et douillette. Disponible en quatre variantes\",\"breadcrumb\":{\"@id\":\"https:\/\/hubsch-interior.com\/fr\/produit\/string-coussin-double-beige\/#breadcrumb\"},\"inLanguage\":\"fr-FR\",\"potentialAction\":[{\"@type\":\"ReadAction\",\"target\":[\"https:\/\/hubsch-interior.com\/fr\/produit\/string-coussin-double-beige\/\"]}]},{\"@type\":\"ImageObject\",\"inLanguage\":\"fr-FR\",\"@id\":\"https:\/\/hubsch-interior.com\/fr\/produit\/string-coussin-double-beige\/#primaryimage\",\"url\":\"https:\/\/hubsch-interior.com\/wp-content\/uploads\/2026\/02\/string-cushion-double-beige-53c6fcfce6e810590e655139d7fbec03.jpg\",\"contentUrl\":\"https:\/\/hubsch-interior.com\/wp-content\/uploads\/2026\/02\/string-cushion-double-beige-53c6fcfce6e810590e655139d7fbec03.jpg\",\"width\":1024,\"height\":1024},{\"@type\":\"BreadcrumbList\",\"@id\":\"https:\/\/hubsch-interior.com\/fr\/produit\/string-coussin-double-beige\/#breadcrumb\",\"itemListElement\":[{\"@type\":\"ListItem\",\"position\":1,\"name\":\"Page d'accueil\",\"item\":\"https:\/\/hubsch-interior.com\/fr\/\"},{\"@type\":\"ListItem\",\"position\":2,\"name\":\"Produits\",\"item\":\"https:\/\/hubsch-interior.com\/fr\/shop-2\/\"},{\"@type\":\"ListItem\",\"position\":3,\"name\":\"Meubles\",\"item\":\"https:\/\/hubsch-interior.com\/fr\/categorie-produit\/meubles\/\"},{\"@type\":\"ListItem\",\"position\":4,\"name\":\"Mobilier du jardin\",\"item\":\"https:\/\/hubsch-interior.com\/fr\/categorie-produit\/meubles\/mobilier-du-jardin-fr\/\"},{\"@type\":\"ListItem\",\"position\":5,\"name\":\"Coussins de jardin\",\"item\":\"https:\/\/hubsch-interior.com\/fr\/categorie-produit\/meubles\/mobilier-du-jardin-fr\/coussins-de-jardin-fr\/\"},{\"@type\":\"ListItem\",\"position\":6,\"name\":\"String Coussin Double Beige\"}]},{\"@type\":\"WebSite\",\"@id\":\"https:\/\/hubsch-interior.com\/fr\/#website\",\"url\":\"https:\/\/hubsch-interior.com\/fr\/\",\"name\":\"H\u00fcbsch\",\"description\":\"Danish Home Interior and Design\",\"publisher\":{\"@id\":\"https:\/\/hubsch-interior.com\/fr\/#organization\"},\"potentialAction\":[{\"@type\":\"SearchAction\",\"target\":{\"@type\":\"EntryPoint\",\"urlTemplate\":\"https:\/\/hubsch-interior.com\/fr\/?s={search_term_string}\"},\"query-input\":{\"@type\":\"PropertyValueSpecification\",\"valueRequired\":true,\"valueName\":\"search_term_string\"}}],\"inLanguage\":\"fr-FR\"},{\"@type\":\"Organization\",\"@id\":\"https:\/\/hubsch-interior.com\/fr\/#organization\",\"name\":\"H\u00fcbsch\",\"url\":\"https:\/\/hubsch-interior.com\/fr\/\",\"logo\":{\"@type\":\"ImageObject\",\"inLanguage\":\"fr-FR\",\"@id\":\"https:\/\/hubsch-interior.com\/fr\/#\/schema\/logo\/image\/\",\"url\":\"https:\/\/hubsch-interior.com\/wp-content\/uploads\/2022\/12\/Hubsch_logo_black_one_line.svg\",\"contentUrl\":\"https:\/\/hubsch-interior.com\/wp-content\/uploads\/2022\/12\/Hubsch_logo_black_one_line.svg\",\"caption\":\"H\u00fcbsch\"},\"image\":{\"@id\":\"https:\/\/hubsch-interior.com\/fr\/#\/schema\/logo\/image\/\"}}]}<\/script>\n<!-- \/ Yoast SEO plugin. -->","yoast_head_json":{"title":"String Coussin Double Beige - H\u00fcbsch","description":"D\u00e9couvrez le String Coussin \u2014 l'ajout parfait \u00e0 votre banc pour une exp\u00e9rience d'assise confortable et douillette. Disponible en quatre variantes","robots":{"index":"index","follow":"follow","max-snippet":"max-snippet:-1","max-image-preview":"max-image-preview:large","max-video-preview":"max-video-preview:-1"},"canonical":"https:\/\/hubsch-interior.com\/fr\/wp-json\/wp\/v2\/product\/975384","og_locale":"fr_FR","og_type":"article","og_title":"String Coussin Double Beige - H\u00fcbsch","og_description":"D\u00e9couvrez le String Coussin \u2014 l'ajout parfait \u00e0 votre banc pour une exp\u00e9rience d'assise confortable et douillette. Disponible en quatre variantes","og_url":"https:\/\/hubsch-interior.com\/fr\/produit\/string-coussin-double-beige\/","og_site_name":"H\u00fcbsch","article_modified_time":"2026-04-06T02:23:04+00:00","og_image":[{"width":1200,"height":1200,"url":"https:\/\/hubsch-interior.com\/wp-content\/uploads\/2024\/05\/string-cushion-double-beige-d362d371275e8aac5db9a8dc571d82a3.jpg","type":"image\/jpeg"}],"twitter_card":"summary_large_image","twitter_misc":{"Dur\u00e9e de lecture estim\u00e9e":"1 minute"},"schema":{"@context":"https:\/\/schema.org","@graph":[{"@type":"WebPage","@id":"https:\/\/hubsch-interior.com\/fr\/produit\/string-coussin-double-beige\/","url":"https:\/\/hubsch-interior.com\/fr\/produit\/string-coussin-double-beige\/","name":"String Coussin Double Beige - H\u00fcbsch","isPartOf":{"@id":"https:\/\/hubsch-interior.com\/fr\/#website"},"primaryImageOfPage":{"@id":"https:\/\/hubsch-interior.com\/fr\/produit\/string-coussin-double-beige\/#primaryimage"},"image":{"@id":"https:\/\/hubsch-interior.com\/fr\/produit\/string-coussin-double-beige\/#primaryimage"},"thumbnailUrl":"https:\/\/hubsch-interior.com\/wp-content\/uploads\/2026\/02\/string-cushion-double-beige-53c6fcfce6e810590e655139d7fbec03.jpg","datePublished":"2024-01-29T07:28:31+00:00","dateModified":"2026-04-06T02:23:04+00:00","description":"D\u00e9couvrez le String Coussin \u2014 l'ajout parfait \u00e0 votre banc pour une exp\u00e9rience d'assise confortable et douillette. Disponible en quatre variantes","breadcrumb":{"@id":"https:\/\/hubsch-interior.com\/fr\/produit\/string-coussin-double-beige\/#breadcrumb"},"inLanguage":"fr-FR","potentialAction":[{"@type":"ReadAction","target":["https:\/\/hubsch-interior.com\/fr\/produit\/string-coussin-double-beige\/"]}]},{"@type":"ImageObject","inLanguage":"fr-FR","@id":"https:\/\/hubsch-interior.com\/fr\/produit\/string-coussin-double-beige\/#primaryimage","url":"https:\/\/hubsch-interior.com\/wp-content\/uploads\/2026\/02\/string-cushion-double-beige-53c6fcfce6e810590e655139d7fbec03.jpg","contentUrl":"https:\/\/hubsch-interior.com\/wp-content\/uploads\/2026\/02\/string-cushion-double-beige-53c6fcfce6e810590e655139d7fbec03.jpg","width":1024,"height":1024},{"@type":"BreadcrumbList","@id":"https:\/\/hubsch-interior.com\/fr\/produit\/string-coussin-double-beige\/#breadcrumb","itemListElement":[{"@type":"ListItem","position":1,"name":"Page d'accueil","item":"https:\/\/hubsch-interior.com\/fr\/"},{"@type":"ListItem","position":2,"name":"Produits","item":"https:\/\/hubsch-interior.com\/fr\/shop-2\/"},{"@type":"ListItem","position":3,"name":"Meubles","item":"https:\/\/hubsch-interior.com\/fr\/categorie-produit\/meubles\/"},{"@type":"ListItem","position":4,"name":"Mobilier du jardin","item":"https:\/\/hubsch-interior.com\/fr\/categorie-produit\/meubles\/mobilier-du-jardin-fr\/"},{"@type":"ListItem","position":5,"name":"Coussins de jardin","item":"https:\/\/hubsch-interior.com\/fr\/categorie-produit\/meubles\/mobilier-du-jardin-fr\/coussins-de-jardin-fr\/"},{"@type":"ListItem","position":6,"name":"String Coussin Double Beige"}]},{"@type":"WebSite","@id":"https:\/\/hubsch-interior.com\/fr\/#website","url":"https:\/\/hubsch-interior.com\/fr\/","name":"H\u00fcbsch","description":"Danish Home Interior and Design","publisher":{"@id":"https:\/\/hubsch-interior.com\/fr\/#organization"},"potentialAction":[{"@type":"SearchAction","target":{"@type":"EntryPoint","urlTemplate":"https:\/\/hubsch-interior.com\/fr\/?s={search_term_string}"},"query-input":{"@type":"PropertyValueSpecification","valueRequired":true,"valueName":"search_term_string"}}],"inLanguage":"fr-FR"},{"@type":"Organization","@id":"https:\/\/hubsch-interior.com\/fr\/#organization","name":"H\u00fcbsch","url":"https:\/\/hubsch-interior.com\/fr\/","logo":{"@type":"ImageObject","inLanguage":"fr-FR","@id":"https:\/\/hubsch-interior.com\/fr\/#\/schema\/logo\/image\/","url":"https:\/\/hubsch-interior.com\/wp-content\/uploads\/2022\/12\/Hubsch_logo_black_one_line.svg","contentUrl":"https:\/\/hubsch-interior.com\/wp-content\/uploads\/2022\/12\/Hubsch_logo_black_one_line.svg","caption":"H\u00fcbsch"},"image":{"@id":"https:\/\/hubsch-interior.com\/fr\/#\/schema\/logo\/image\/"}}]}},"_links":{"self":[{"href":"https:\/\/hubsch-interior.com\/fr\/wp-json\/wp\/v2\/product\/975384","targetHints":{"allow":["GET"]}}],"collection":[{"href":"https:\/\/hubsch-interior.com\/fr\/wp-json\/wp\/v2\/product"}],"about":[{"href":"https:\/\/hubsch-interior.com\/fr\/wp-json\/wp\/v2\/types\/product"}],"wp:featuredmedia":[{"embeddable":true,"href":"https:\/\/hubsch-interior.com\/fr\/wp-json\/wp\/v2\/media\/1095313"}],"wp:attachment":[{"href":"https:\/\/hubsch-interior.com\/fr\/wp-json\/wp\/v2\/media?parent=975384"}],"wp:term":[{"taxonomy":"product_brand","embeddable":true,"href":"https:\/\/hubsch-interior.com\/fr\/wp-json\/wp\/v2\/product_brand?post=975384"},{"taxonomy":"product_cat","embeddable":true,"href":"https:\/\/hubsch-interior.com\/fr\/wp-json\/wp\/v2\/product_cat?post=975384"},{"taxonomy":"product_tag","embeddable":true,"href":"https:\/\/hubsch-interior.com\/fr\/wp-json\/wp\/v2\/product_tag?post=975384"}],"curies":[{"name":"wp","href":"https:\/\/api.w.org\/{rel}","templated":true}]}}