{"id":975420,"date":"2024-01-29T08:28:42","date_gmt":"2024-01-29T07:28:42","guid":{"rendered":"https:\/\/hubsch-interior.com\/product\/product\/"},"modified":"2026-04-09T04:23:40","modified_gmt":"2026-04-09T02:23:40","slug":"string-coussin-double-bleu-fonce","status":"publish","type":"product","link":"https:\/\/hubsch-interior.com\/fr\/produit\/string-coussin-double-bleu-fonce\/","title":{"rendered":"String Coussin Double Bleu fonc\u00e9"},"content":{"rendered":"<p>D\u00e9couvrez le parfait ajout \u00e0 votre d\u00e9coration int\u00e9rieure \u2014 le String Coussin en bleu fonc\u00e9 ! Fabriqu\u00e9 en ol\u00e9fine r\u00e9siliente, ce coussin est non seulement r\u00e9sistant \u00e0 la d\u00e9coloration, mais aussi doux et l\u00e9ger, en faisant un indispensable pour votre banc. Disponible en trois variantes, chacune avec sa propre nuance unique, ce coussin n&#8217;est pas uniquement con\u00e7u pour une utilisation en ext\u00e9rieur. Ajoutez un si\u00e8ge doux \u00e0 votre banc et transformez-le en un endroit confortable pour se d\u00e9tendre. Mettez \u00e0 niveau votre espace avec ce coussin durable et adapt\u00e9 \u00e0 une utilisation en ext\u00e9rieur, le String Coussin, d\u00e8s aujourd&#8217;hui !<\/p>\n","protected":false},"excerpt":{"rendered":"<p>D\u00e9couvrez le parfait ajout \u00e0 votre d\u00e9coration int\u00e9rieure \u2014 le String Coussin en bleu fonc\u00e9 ! Fabriqu\u00e9 en ol\u00e9fine r\u00e9siliente, ce coussin est non seulement r\u00e9sistant \u00e0 la d\u00e9coloration, mais aussi doux et l\u00e9ger, en faisant un indispensable pour votre banc. Disponible en trois variantes, chacune avec sa propre nuance unique, ce coussin n&#8217;est pas [&hellip;]<\/p>\n","protected":false},"featured_media":1095349,"template":"","meta":{"_acf_changed":false,"inline_featured_image":false},"product_brand":[],"product_cat":[7094,6882,6348,5012,3002,3003],"product_tag":[],"class_list":{"0":"post-975420","1":"product","2":"type-product","3":"status-publish","4":"has-post-thumbnail","6":"product_cat-coussins-de-jardin-fr","7":"product_cat-elevating-nostalgia-fr","8":"product_cat-garden-selection-fr","9":"product_cat-mobilier-du-jardin-fr","10":"product_cat-textile","11":"product_cat-coussins-fr","12":"product_shipping_class-pk","14":"pa_color-bleu-fonc-2","15":"pa_material-olfine","17":"first","18":"instock","19":"taxable","20":"shipping-taxable","21":"purchasable","22":"product-type-simple"},"exclude_global_add_ons":[],"addons":[],"acf":[],"yoast_head":"<!-- This site is optimized with the Yoast SEO plugin v26.4 - https:\/\/yoast.com\/wordpress\/plugins\/seo\/ -->\n<title>String Coussin Double Bleu fonc\u00e9 - H\u00fcbsch<\/title>\n<meta name=\"description\" content=\"D\u00e9couvrez le parfait ajout \u00e0 votre d\u00e9coration int\u00e9rieure \u2014 le String Coussin en bleu fonc\u00e9 ! Fabriqu\u00e9 en ol\u00e9fine r\u00e9siliente, ce coussin est non seulement\" \/>\n<meta name=\"robots\" content=\"index, follow, max-snippet:-1, max-image-preview:large, max-video-preview:-1\" \/>\n<link rel=\"canonical\" href=\"https:\/\/hubsch-interior.com\/fr\/wp-json\/wp\/v2\/product\/975420\" \/>\n<meta property=\"og:locale\" content=\"fr_FR\" \/>\n<meta property=\"og:type\" content=\"article\" \/>\n<meta property=\"og:title\" content=\"String Coussin Double Bleu fonc\u00e9 - H\u00fcbsch\" \/>\n<meta property=\"og:description\" content=\"D\u00e9couvrez le parfait ajout \u00e0 votre d\u00e9coration int\u00e9rieure \u2014 le String Coussin en bleu fonc\u00e9 ! Fabriqu\u00e9 en ol\u00e9fine r\u00e9siliente, ce coussin est non seulement\" \/>\n<meta property=\"og:url\" content=\"https:\/\/hubsch-interior.com\/fr\/produit\/string-coussin-double-bleu-fonce\/\" \/>\n<meta property=\"og:site_name\" content=\"H\u00fcbsch\" \/>\n<meta property=\"article:modified_time\" content=\"2026-04-09T02:23:40+00:00\" \/>\n<meta property=\"og:image\" content=\"https:\/\/hubsch-interior.com\/wp-content\/uploads\/2024\/05\/string-cushion-double-dark-blue-29512a5193b0975cce2f1cbe1143f692.jpg\" \/>\n\t<meta property=\"og:image:width\" content=\"1200\" \/>\n\t<meta property=\"og:image:height\" content=\"1200\" \/>\n\t<meta property=\"og:image:type\" content=\"image\/jpeg\" \/>\n<meta name=\"twitter:card\" content=\"summary_large_image\" \/>\n<meta name=\"twitter:label1\" content=\"Dur\u00e9e de lecture estim\u00e9e\" \/>\n\t<meta name=\"twitter:data1\" content=\"1 minute\" \/>\n<script type=\"application\/ld+json\" class=\"yoast-schema-graph\">{\"@context\":\"https:\/\/schema.org\",\"@graph\":[{\"@type\":\"WebPage\",\"@id\":\"https:\/\/hubsch-interior.com\/fr\/produit\/string-coussin-double-bleu-fonce\/\",\"url\":\"https:\/\/hubsch-interior.com\/fr\/produit\/string-coussin-double-bleu-fonce\/\",\"name\":\"String Coussin Double Bleu fonc\u00e9 - H\u00fcbsch\",\"isPartOf\":{\"@id\":\"https:\/\/hubsch-interior.com\/fr\/#website\"},\"primaryImageOfPage\":{\"@id\":\"https:\/\/hubsch-interior.com\/fr\/produit\/string-coussin-double-bleu-fonce\/#primaryimage\"},\"image\":{\"@id\":\"https:\/\/hubsch-interior.com\/fr\/produit\/string-coussin-double-bleu-fonce\/#primaryimage\"},\"thumbnailUrl\":\"https:\/\/hubsch-interior.com\/wp-content\/uploads\/2026\/02\/string-cushion-double-dark-blue-772aefcd5df7bcb97581e4390515b7fb.jpg\",\"datePublished\":\"2024-01-29T07:28:42+00:00\",\"dateModified\":\"2026-04-09T02:23:40+00:00\",\"description\":\"D\u00e9couvrez le parfait ajout \u00e0 votre d\u00e9coration int\u00e9rieure \u2014 le String Coussin en bleu fonc\u00e9 ! Fabriqu\u00e9 en ol\u00e9fine r\u00e9siliente, ce coussin est non seulement\",\"breadcrumb\":{\"@id\":\"https:\/\/hubsch-interior.com\/fr\/produit\/string-coussin-double-bleu-fonce\/#breadcrumb\"},\"inLanguage\":\"fr-FR\",\"potentialAction\":[{\"@type\":\"ReadAction\",\"target\":[\"https:\/\/hubsch-interior.com\/fr\/produit\/string-coussin-double-bleu-fonce\/\"]}]},{\"@type\":\"ImageObject\",\"inLanguage\":\"fr-FR\",\"@id\":\"https:\/\/hubsch-interior.com\/fr\/produit\/string-coussin-double-bleu-fonce\/#primaryimage\",\"url\":\"https:\/\/hubsch-interior.com\/wp-content\/uploads\/2026\/02\/string-cushion-double-dark-blue-772aefcd5df7bcb97581e4390515b7fb.jpg\",\"contentUrl\":\"https:\/\/hubsch-interior.com\/wp-content\/uploads\/2026\/02\/string-cushion-double-dark-blue-772aefcd5df7bcb97581e4390515b7fb.jpg\",\"width\":1024,\"height\":1024},{\"@type\":\"BreadcrumbList\",\"@id\":\"https:\/\/hubsch-interior.com\/fr\/produit\/string-coussin-double-bleu-fonce\/#breadcrumb\",\"itemListElement\":[{\"@type\":\"ListItem\",\"position\":1,\"name\":\"Page d'accueil\",\"item\":\"https:\/\/hubsch-interior.com\/fr\/\"},{\"@type\":\"ListItem\",\"position\":2,\"name\":\"Produits\",\"item\":\"https:\/\/hubsch-interior.com\/fr\/shop-2\/\"},{\"@type\":\"ListItem\",\"position\":3,\"name\":\"Meubles\",\"item\":\"https:\/\/hubsch-interior.com\/fr\/categorie-produit\/meubles\/\"},{\"@type\":\"ListItem\",\"position\":4,\"name\":\"Mobilier du jardin\",\"item\":\"https:\/\/hubsch-interior.com\/fr\/categorie-produit\/meubles\/mobilier-du-jardin-fr\/\"},{\"@type\":\"ListItem\",\"position\":5,\"name\":\"Coussins de jardin\",\"item\":\"https:\/\/hubsch-interior.com\/fr\/categorie-produit\/meubles\/mobilier-du-jardin-fr\/coussins-de-jardin-fr\/\"},{\"@type\":\"ListItem\",\"position\":6,\"name\":\"String Coussin Double Bleu fonc\u00e9\"}]},{\"@type\":\"WebSite\",\"@id\":\"https:\/\/hubsch-interior.com\/fr\/#website\",\"url\":\"https:\/\/hubsch-interior.com\/fr\/\",\"name\":\"H\u00fcbsch\",\"description\":\"Danish Home Interior and Design\",\"publisher\":{\"@id\":\"https:\/\/hubsch-interior.com\/fr\/#organization\"},\"potentialAction\":[{\"@type\":\"SearchAction\",\"target\":{\"@type\":\"EntryPoint\",\"urlTemplate\":\"https:\/\/hubsch-interior.com\/fr\/?s={search_term_string}\"},\"query-input\":{\"@type\":\"PropertyValueSpecification\",\"valueRequired\":true,\"valueName\":\"search_term_string\"}}],\"inLanguage\":\"fr-FR\"},{\"@type\":\"Organization\",\"@id\":\"https:\/\/hubsch-interior.com\/fr\/#organization\",\"name\":\"H\u00fcbsch\",\"url\":\"https:\/\/hubsch-interior.com\/fr\/\",\"logo\":{\"@type\":\"ImageObject\",\"inLanguage\":\"fr-FR\",\"@id\":\"https:\/\/hubsch-interior.com\/fr\/#\/schema\/logo\/image\/\",\"url\":\"https:\/\/hubsch-interior.com\/wp-content\/uploads\/2022\/12\/Hubsch_logo_black_one_line.svg\",\"contentUrl\":\"https:\/\/hubsch-interior.com\/wp-content\/uploads\/2022\/12\/Hubsch_logo_black_one_line.svg\",\"caption\":\"H\u00fcbsch\"},\"image\":{\"@id\":\"https:\/\/hubsch-interior.com\/fr\/#\/schema\/logo\/image\/\"}}]}<\/script>\n<!-- \/ Yoast SEO plugin. -->","yoast_head_json":{"title":"String Coussin Double Bleu fonc\u00e9 - H\u00fcbsch","description":"D\u00e9couvrez le parfait ajout \u00e0 votre d\u00e9coration int\u00e9rieure \u2014 le String Coussin en bleu fonc\u00e9 ! Fabriqu\u00e9 en ol\u00e9fine r\u00e9siliente, ce coussin est non seulement","robots":{"index":"index","follow":"follow","max-snippet":"max-snippet:-1","max-image-preview":"max-image-preview:large","max-video-preview":"max-video-preview:-1"},"canonical":"https:\/\/hubsch-interior.com\/fr\/wp-json\/wp\/v2\/product\/975420","og_locale":"fr_FR","og_type":"article","og_title":"String Coussin Double Bleu fonc\u00e9 - H\u00fcbsch","og_description":"D\u00e9couvrez le parfait ajout \u00e0 votre d\u00e9coration int\u00e9rieure \u2014 le String Coussin en bleu fonc\u00e9 ! Fabriqu\u00e9 en ol\u00e9fine r\u00e9siliente, ce coussin est non seulement","og_url":"https:\/\/hubsch-interior.com\/fr\/produit\/string-coussin-double-bleu-fonce\/","og_site_name":"H\u00fcbsch","article_modified_time":"2026-04-09T02:23:40+00:00","og_image":[{"width":1200,"height":1200,"url":"https:\/\/hubsch-interior.com\/wp-content\/uploads\/2024\/05\/string-cushion-double-dark-blue-29512a5193b0975cce2f1cbe1143f692.jpg","type":"image\/jpeg"}],"twitter_card":"summary_large_image","twitter_misc":{"Dur\u00e9e de lecture estim\u00e9e":"1 minute"},"schema":{"@context":"https:\/\/schema.org","@graph":[{"@type":"WebPage","@id":"https:\/\/hubsch-interior.com\/fr\/produit\/string-coussin-double-bleu-fonce\/","url":"https:\/\/hubsch-interior.com\/fr\/produit\/string-coussin-double-bleu-fonce\/","name":"String Coussin Double Bleu fonc\u00e9 - H\u00fcbsch","isPartOf":{"@id":"https:\/\/hubsch-interior.com\/fr\/#website"},"primaryImageOfPage":{"@id":"https:\/\/hubsch-interior.com\/fr\/produit\/string-coussin-double-bleu-fonce\/#primaryimage"},"image":{"@id":"https:\/\/hubsch-interior.com\/fr\/produit\/string-coussin-double-bleu-fonce\/#primaryimage"},"thumbnailUrl":"https:\/\/hubsch-interior.com\/wp-content\/uploads\/2026\/02\/string-cushion-double-dark-blue-772aefcd5df7bcb97581e4390515b7fb.jpg","datePublished":"2024-01-29T07:28:42+00:00","dateModified":"2026-04-09T02:23:40+00:00","description":"D\u00e9couvrez le parfait ajout \u00e0 votre d\u00e9coration int\u00e9rieure \u2014 le String Coussin en bleu fonc\u00e9 ! Fabriqu\u00e9 en ol\u00e9fine r\u00e9siliente, ce coussin est non seulement","breadcrumb":{"@id":"https:\/\/hubsch-interior.com\/fr\/produit\/string-coussin-double-bleu-fonce\/#breadcrumb"},"inLanguage":"fr-FR","potentialAction":[{"@type":"ReadAction","target":["https:\/\/hubsch-interior.com\/fr\/produit\/string-coussin-double-bleu-fonce\/"]}]},{"@type":"ImageObject","inLanguage":"fr-FR","@id":"https:\/\/hubsch-interior.com\/fr\/produit\/string-coussin-double-bleu-fonce\/#primaryimage","url":"https:\/\/hubsch-interior.com\/wp-content\/uploads\/2026\/02\/string-cushion-double-dark-blue-772aefcd5df7bcb97581e4390515b7fb.jpg","contentUrl":"https:\/\/hubsch-interior.com\/wp-content\/uploads\/2026\/02\/string-cushion-double-dark-blue-772aefcd5df7bcb97581e4390515b7fb.jpg","width":1024,"height":1024},{"@type":"BreadcrumbList","@id":"https:\/\/hubsch-interior.com\/fr\/produit\/string-coussin-double-bleu-fonce\/#breadcrumb","itemListElement":[{"@type":"ListItem","position":1,"name":"Page d'accueil","item":"https:\/\/hubsch-interior.com\/fr\/"},{"@type":"ListItem","position":2,"name":"Produits","item":"https:\/\/hubsch-interior.com\/fr\/shop-2\/"},{"@type":"ListItem","position":3,"name":"Meubles","item":"https:\/\/hubsch-interior.com\/fr\/categorie-produit\/meubles\/"},{"@type":"ListItem","position":4,"name":"Mobilier du jardin","item":"https:\/\/hubsch-interior.com\/fr\/categorie-produit\/meubles\/mobilier-du-jardin-fr\/"},{"@type":"ListItem","position":5,"name":"Coussins de jardin","item":"https:\/\/hubsch-interior.com\/fr\/categorie-produit\/meubles\/mobilier-du-jardin-fr\/coussins-de-jardin-fr\/"},{"@type":"ListItem","position":6,"name":"String Coussin Double Bleu fonc\u00e9"}]},{"@type":"WebSite","@id":"https:\/\/hubsch-interior.com\/fr\/#website","url":"https:\/\/hubsch-interior.com\/fr\/","name":"H\u00fcbsch","description":"Danish Home Interior and Design","publisher":{"@id":"https:\/\/hubsch-interior.com\/fr\/#organization"},"potentialAction":[{"@type":"SearchAction","target":{"@type":"EntryPoint","urlTemplate":"https:\/\/hubsch-interior.com\/fr\/?s={search_term_string}"},"query-input":{"@type":"PropertyValueSpecification","valueRequired":true,"valueName":"search_term_string"}}],"inLanguage":"fr-FR"},{"@type":"Organization","@id":"https:\/\/hubsch-interior.com\/fr\/#organization","name":"H\u00fcbsch","url":"https:\/\/hubsch-interior.com\/fr\/","logo":{"@type":"ImageObject","inLanguage":"fr-FR","@id":"https:\/\/hubsch-interior.com\/fr\/#\/schema\/logo\/image\/","url":"https:\/\/hubsch-interior.com\/wp-content\/uploads\/2022\/12\/Hubsch_logo_black_one_line.svg","contentUrl":"https:\/\/hubsch-interior.com\/wp-content\/uploads\/2022\/12\/Hubsch_logo_black_one_line.svg","caption":"H\u00fcbsch"},"image":{"@id":"https:\/\/hubsch-interior.com\/fr\/#\/schema\/logo\/image\/"}}]}},"_links":{"self":[{"href":"https:\/\/hubsch-interior.com\/fr\/wp-json\/wp\/v2\/product\/975420","targetHints":{"allow":["GET"]}}],"collection":[{"href":"https:\/\/hubsch-interior.com\/fr\/wp-json\/wp\/v2\/product"}],"about":[{"href":"https:\/\/hubsch-interior.com\/fr\/wp-json\/wp\/v2\/types\/product"}],"wp:featuredmedia":[{"embeddable":true,"href":"https:\/\/hubsch-interior.com\/fr\/wp-json\/wp\/v2\/media\/1095349"}],"wp:attachment":[{"href":"https:\/\/hubsch-interior.com\/fr\/wp-json\/wp\/v2\/media?parent=975420"}],"wp:term":[{"taxonomy":"product_brand","embeddable":true,"href":"https:\/\/hubsch-interior.com\/fr\/wp-json\/wp\/v2\/product_brand?post=975420"},{"taxonomy":"product_cat","embeddable":true,"href":"https:\/\/hubsch-interior.com\/fr\/wp-json\/wp\/v2\/product_cat?post=975420"},{"taxonomy":"product_tag","embeddable":true,"href":"https:\/\/hubsch-interior.com\/fr\/wp-json\/wp\/v2\/product_tag?post=975420"}],"curies":[{"name":"wp","href":"https:\/\/api.w.org\/{rel}","templated":true}]}}