{"id":975436,"date":"2024-01-29T08:28:48","date_gmt":"2024-01-29T07:28:48","guid":{"rendered":"https:\/\/hubsch-interior.com\/product\/product\/"},"modified":"2026-04-09T04:23:45","modified_gmt":"2026-04-09T02:23:45","slug":"string-coussin-bleu-fonce","status":"publish","type":"product","link":"https:\/\/hubsch-interior.com\/fr\/produit\/string-coussin-bleu-fonce\/","title":{"rendered":"String Coussin Bleu fonc\u00e9"},"content":{"rendered":"<p>Le String Coussin est le compl\u00e9ment parfait \u00e0 votre ameublement. Fabriqu\u00e9 \u00e0 partir de mat\u00e9riau olefin r\u00e9sistant, ce coussin est con\u00e7u pour durer. Disponible en trois variantes diff\u00e9rentes, l&#8217;option bleu fonc\u00e9 ajoute une touche de sophistication \u00e0 n&#8217;importe quel espace. Son design r\u00e9sistant \u00e0 la d\u00e9coloration garantit qu&#8217;il conservera sa couleur riche, tandis que sa texture douce et l\u00e9g\u00e8re offre un si\u00e8ge confortable o\u00f9 que vous soyez. Que vous soyez \u00e0 la recherche d&#8217;une option adapt\u00e9e \u00e0 l&#8217;int\u00e9rieur ou \u00e0 l&#8217;ext\u00e9rieur, notre String Coussin r\u00e9silient et durable vous couvre. Am\u00e9liorez votre exp\u00e9rience d&#8217;assise et ajoutez un si\u00e8ge doux \u00e0 votre si\u00e8ge avec notre String Coussin en bleu fonc\u00e9.<\/p>\n","protected":false},"excerpt":{"rendered":"<p>Le String Coussin est le compl\u00e9ment parfait \u00e0 votre ameublement. Fabriqu\u00e9 \u00e0 partir de mat\u00e9riau olefin r\u00e9sistant, ce coussin est con\u00e7u pour durer. Disponible en trois variantes diff\u00e9rentes, l&#8217;option bleu fonc\u00e9 ajoute une touche de sophistication \u00e0 n&#8217;importe quel espace. Son design r\u00e9sistant \u00e0 la d\u00e9coloration garantit qu&#8217;il conservera sa couleur riche, tandis que sa [&hellip;]<\/p>\n","protected":false},"featured_media":1095366,"template":"","meta":{"_acf_changed":false,"inline_featured_image":false},"product_brand":[],"product_cat":[7094,6882,6348,5012,3002,3003],"product_tag":[],"class_list":{"0":"post-975436","1":"product","2":"type-product","3":"status-publish","4":"has-post-thumbnail","6":"product_cat-coussins-de-jardin-fr","7":"product_cat-elevating-nostalgia-fr","8":"product_cat-garden-selection-fr","9":"product_cat-mobilier-du-jardin-fr","10":"product_cat-textile","11":"product_cat-coussins-fr","12":"product_shipping_class-pk","14":"pa_color-bleu-fonc-2","15":"pa_material-olfine","17":"first","18":"instock","19":"taxable","20":"shipping-taxable","21":"purchasable","22":"product-type-simple"},"exclude_global_add_ons":[],"addons":[],"acf":[],"yoast_head":"<!-- This site is optimized with the Yoast SEO plugin v26.4 - https:\/\/yoast.com\/wordpress\/plugins\/seo\/ -->\n<title>String Coussin Bleu fonc\u00e9 - H\u00fcbsch<\/title>\n<meta name=\"description\" content=\"Le String Coussin est le compl\u00e9ment parfait \u00e0 votre ameublement. Fabriqu\u00e9 \u00e0 partir de mat\u00e9riau olefin r\u00e9sistant, ce coussin est con\u00e7u pour durer.\" \/>\n<meta name=\"robots\" content=\"index, follow, max-snippet:-1, max-image-preview:large, max-video-preview:-1\" \/>\n<link rel=\"canonical\" href=\"https:\/\/hubsch-interior.com\/fr\/wp-json\/wp\/v2\/product\/975436\" \/>\n<meta property=\"og:locale\" content=\"fr_FR\" \/>\n<meta property=\"og:type\" content=\"article\" \/>\n<meta property=\"og:title\" content=\"String Coussin Bleu fonc\u00e9 - H\u00fcbsch\" \/>\n<meta property=\"og:description\" content=\"Le String Coussin est le compl\u00e9ment parfait \u00e0 votre ameublement. Fabriqu\u00e9 \u00e0 partir de mat\u00e9riau olefin r\u00e9sistant, ce coussin est con\u00e7u pour durer.\" \/>\n<meta property=\"og:url\" content=\"https:\/\/hubsch-interior.com\/fr\/produit\/string-coussin-bleu-fonce\/\" \/>\n<meta property=\"og:site_name\" content=\"H\u00fcbsch\" \/>\n<meta property=\"article:modified_time\" content=\"2026-04-09T02:23:45+00:00\" \/>\n<meta property=\"og:image\" content=\"https:\/\/hubsch-interior.com\/wp-content\/uploads\/2024\/05\/string-cushion-dark-blue-b1058793dda3a77d2697fda059f4bd0b.jpg\" \/>\n\t<meta property=\"og:image:width\" content=\"1200\" \/>\n\t<meta property=\"og:image:height\" content=\"1200\" \/>\n\t<meta property=\"og:image:type\" content=\"image\/jpeg\" \/>\n<meta name=\"twitter:card\" content=\"summary_large_image\" \/>\n<meta name=\"twitter:label1\" content=\"Dur\u00e9e de lecture estim\u00e9e\" \/>\n\t<meta name=\"twitter:data1\" content=\"1 minute\" \/>\n<script type=\"application\/ld+json\" class=\"yoast-schema-graph\">{\"@context\":\"https:\/\/schema.org\",\"@graph\":[{\"@type\":\"WebPage\",\"@id\":\"https:\/\/hubsch-interior.com\/fr\/produit\/string-coussin-bleu-fonce\/\",\"url\":\"https:\/\/hubsch-interior.com\/fr\/produit\/string-coussin-bleu-fonce\/\",\"name\":\"String Coussin Bleu fonc\u00e9 - H\u00fcbsch\",\"isPartOf\":{\"@id\":\"https:\/\/hubsch-interior.com\/fr\/#website\"},\"primaryImageOfPage\":{\"@id\":\"https:\/\/hubsch-interior.com\/fr\/produit\/string-coussin-bleu-fonce\/#primaryimage\"},\"image\":{\"@id\":\"https:\/\/hubsch-interior.com\/fr\/produit\/string-coussin-bleu-fonce\/#primaryimage\"},\"thumbnailUrl\":\"https:\/\/hubsch-interior.com\/wp-content\/uploads\/2026\/02\/string-cushion-dark-blue-9a8c9de2aab1f99b3fbeaa9b0fee5f39.jpg\",\"datePublished\":\"2024-01-29T07:28:48+00:00\",\"dateModified\":\"2026-04-09T02:23:45+00:00\",\"description\":\"Le String Coussin est le compl\u00e9ment parfait \u00e0 votre ameublement. Fabriqu\u00e9 \u00e0 partir de mat\u00e9riau olefin r\u00e9sistant, ce coussin est con\u00e7u pour durer.\",\"breadcrumb\":{\"@id\":\"https:\/\/hubsch-interior.com\/fr\/produit\/string-coussin-bleu-fonce\/#breadcrumb\"},\"inLanguage\":\"fr-FR\",\"potentialAction\":[{\"@type\":\"ReadAction\",\"target\":[\"https:\/\/hubsch-interior.com\/fr\/produit\/string-coussin-bleu-fonce\/\"]}]},{\"@type\":\"ImageObject\",\"inLanguage\":\"fr-FR\",\"@id\":\"https:\/\/hubsch-interior.com\/fr\/produit\/string-coussin-bleu-fonce\/#primaryimage\",\"url\":\"https:\/\/hubsch-interior.com\/wp-content\/uploads\/2026\/02\/string-cushion-dark-blue-9a8c9de2aab1f99b3fbeaa9b0fee5f39.jpg\",\"contentUrl\":\"https:\/\/hubsch-interior.com\/wp-content\/uploads\/2026\/02\/string-cushion-dark-blue-9a8c9de2aab1f99b3fbeaa9b0fee5f39.jpg\",\"width\":1024,\"height\":1024},{\"@type\":\"BreadcrumbList\",\"@id\":\"https:\/\/hubsch-interior.com\/fr\/produit\/string-coussin-bleu-fonce\/#breadcrumb\",\"itemListElement\":[{\"@type\":\"ListItem\",\"position\":1,\"name\":\"Page d'accueil\",\"item\":\"https:\/\/hubsch-interior.com\/fr\/\"},{\"@type\":\"ListItem\",\"position\":2,\"name\":\"Produits\",\"item\":\"https:\/\/hubsch-interior.com\/fr\/shop-2\/\"},{\"@type\":\"ListItem\",\"position\":3,\"name\":\"Meubles\",\"item\":\"https:\/\/hubsch-interior.com\/fr\/categorie-produit\/meubles\/\"},{\"@type\":\"ListItem\",\"position\":4,\"name\":\"Mobilier du jardin\",\"item\":\"https:\/\/hubsch-interior.com\/fr\/categorie-produit\/meubles\/mobilier-du-jardin-fr\/\"},{\"@type\":\"ListItem\",\"position\":5,\"name\":\"Coussins de jardin\",\"item\":\"https:\/\/hubsch-interior.com\/fr\/categorie-produit\/meubles\/mobilier-du-jardin-fr\/coussins-de-jardin-fr\/\"},{\"@type\":\"ListItem\",\"position\":6,\"name\":\"String Coussin Bleu fonc\u00e9\"}]},{\"@type\":\"WebSite\",\"@id\":\"https:\/\/hubsch-interior.com\/fr\/#website\",\"url\":\"https:\/\/hubsch-interior.com\/fr\/\",\"name\":\"H\u00fcbsch\",\"description\":\"Danish Home Interior and Design\",\"publisher\":{\"@id\":\"https:\/\/hubsch-interior.com\/fr\/#organization\"},\"potentialAction\":[{\"@type\":\"SearchAction\",\"target\":{\"@type\":\"EntryPoint\",\"urlTemplate\":\"https:\/\/hubsch-interior.com\/fr\/?s={search_term_string}\"},\"query-input\":{\"@type\":\"PropertyValueSpecification\",\"valueRequired\":true,\"valueName\":\"search_term_string\"}}],\"inLanguage\":\"fr-FR\"},{\"@type\":\"Organization\",\"@id\":\"https:\/\/hubsch-interior.com\/fr\/#organization\",\"name\":\"H\u00fcbsch\",\"url\":\"https:\/\/hubsch-interior.com\/fr\/\",\"logo\":{\"@type\":\"ImageObject\",\"inLanguage\":\"fr-FR\",\"@id\":\"https:\/\/hubsch-interior.com\/fr\/#\/schema\/logo\/image\/\",\"url\":\"https:\/\/hubsch-interior.com\/wp-content\/uploads\/2022\/12\/Hubsch_logo_black_one_line.svg\",\"contentUrl\":\"https:\/\/hubsch-interior.com\/wp-content\/uploads\/2022\/12\/Hubsch_logo_black_one_line.svg\",\"caption\":\"H\u00fcbsch\"},\"image\":{\"@id\":\"https:\/\/hubsch-interior.com\/fr\/#\/schema\/logo\/image\/\"}}]}<\/script>\n<!-- \/ Yoast SEO plugin. -->","yoast_head_json":{"title":"String Coussin Bleu fonc\u00e9 - H\u00fcbsch","description":"Le String Coussin est le compl\u00e9ment parfait \u00e0 votre ameublement. Fabriqu\u00e9 \u00e0 partir de mat\u00e9riau olefin r\u00e9sistant, ce coussin est con\u00e7u pour durer.","robots":{"index":"index","follow":"follow","max-snippet":"max-snippet:-1","max-image-preview":"max-image-preview:large","max-video-preview":"max-video-preview:-1"},"canonical":"https:\/\/hubsch-interior.com\/fr\/wp-json\/wp\/v2\/product\/975436","og_locale":"fr_FR","og_type":"article","og_title":"String Coussin Bleu fonc\u00e9 - H\u00fcbsch","og_description":"Le String Coussin est le compl\u00e9ment parfait \u00e0 votre ameublement. Fabriqu\u00e9 \u00e0 partir de mat\u00e9riau olefin r\u00e9sistant, ce coussin est con\u00e7u pour durer.","og_url":"https:\/\/hubsch-interior.com\/fr\/produit\/string-coussin-bleu-fonce\/","og_site_name":"H\u00fcbsch","article_modified_time":"2026-04-09T02:23:45+00:00","og_image":[{"width":1200,"height":1200,"url":"https:\/\/hubsch-interior.com\/wp-content\/uploads\/2024\/05\/string-cushion-dark-blue-b1058793dda3a77d2697fda059f4bd0b.jpg","type":"image\/jpeg"}],"twitter_card":"summary_large_image","twitter_misc":{"Dur\u00e9e de lecture estim\u00e9e":"1 minute"},"schema":{"@context":"https:\/\/schema.org","@graph":[{"@type":"WebPage","@id":"https:\/\/hubsch-interior.com\/fr\/produit\/string-coussin-bleu-fonce\/","url":"https:\/\/hubsch-interior.com\/fr\/produit\/string-coussin-bleu-fonce\/","name":"String Coussin Bleu fonc\u00e9 - H\u00fcbsch","isPartOf":{"@id":"https:\/\/hubsch-interior.com\/fr\/#website"},"primaryImageOfPage":{"@id":"https:\/\/hubsch-interior.com\/fr\/produit\/string-coussin-bleu-fonce\/#primaryimage"},"image":{"@id":"https:\/\/hubsch-interior.com\/fr\/produit\/string-coussin-bleu-fonce\/#primaryimage"},"thumbnailUrl":"https:\/\/hubsch-interior.com\/wp-content\/uploads\/2026\/02\/string-cushion-dark-blue-9a8c9de2aab1f99b3fbeaa9b0fee5f39.jpg","datePublished":"2024-01-29T07:28:48+00:00","dateModified":"2026-04-09T02:23:45+00:00","description":"Le String Coussin est le compl\u00e9ment parfait \u00e0 votre ameublement. Fabriqu\u00e9 \u00e0 partir de mat\u00e9riau olefin r\u00e9sistant, ce coussin est con\u00e7u pour durer.","breadcrumb":{"@id":"https:\/\/hubsch-interior.com\/fr\/produit\/string-coussin-bleu-fonce\/#breadcrumb"},"inLanguage":"fr-FR","potentialAction":[{"@type":"ReadAction","target":["https:\/\/hubsch-interior.com\/fr\/produit\/string-coussin-bleu-fonce\/"]}]},{"@type":"ImageObject","inLanguage":"fr-FR","@id":"https:\/\/hubsch-interior.com\/fr\/produit\/string-coussin-bleu-fonce\/#primaryimage","url":"https:\/\/hubsch-interior.com\/wp-content\/uploads\/2026\/02\/string-cushion-dark-blue-9a8c9de2aab1f99b3fbeaa9b0fee5f39.jpg","contentUrl":"https:\/\/hubsch-interior.com\/wp-content\/uploads\/2026\/02\/string-cushion-dark-blue-9a8c9de2aab1f99b3fbeaa9b0fee5f39.jpg","width":1024,"height":1024},{"@type":"BreadcrumbList","@id":"https:\/\/hubsch-interior.com\/fr\/produit\/string-coussin-bleu-fonce\/#breadcrumb","itemListElement":[{"@type":"ListItem","position":1,"name":"Page d'accueil","item":"https:\/\/hubsch-interior.com\/fr\/"},{"@type":"ListItem","position":2,"name":"Produits","item":"https:\/\/hubsch-interior.com\/fr\/shop-2\/"},{"@type":"ListItem","position":3,"name":"Meubles","item":"https:\/\/hubsch-interior.com\/fr\/categorie-produit\/meubles\/"},{"@type":"ListItem","position":4,"name":"Mobilier du jardin","item":"https:\/\/hubsch-interior.com\/fr\/categorie-produit\/meubles\/mobilier-du-jardin-fr\/"},{"@type":"ListItem","position":5,"name":"Coussins de jardin","item":"https:\/\/hubsch-interior.com\/fr\/categorie-produit\/meubles\/mobilier-du-jardin-fr\/coussins-de-jardin-fr\/"},{"@type":"ListItem","position":6,"name":"String Coussin Bleu fonc\u00e9"}]},{"@type":"WebSite","@id":"https:\/\/hubsch-interior.com\/fr\/#website","url":"https:\/\/hubsch-interior.com\/fr\/","name":"H\u00fcbsch","description":"Danish Home Interior and Design","publisher":{"@id":"https:\/\/hubsch-interior.com\/fr\/#organization"},"potentialAction":[{"@type":"SearchAction","target":{"@type":"EntryPoint","urlTemplate":"https:\/\/hubsch-interior.com\/fr\/?s={search_term_string}"},"query-input":{"@type":"PropertyValueSpecification","valueRequired":true,"valueName":"search_term_string"}}],"inLanguage":"fr-FR"},{"@type":"Organization","@id":"https:\/\/hubsch-interior.com\/fr\/#organization","name":"H\u00fcbsch","url":"https:\/\/hubsch-interior.com\/fr\/","logo":{"@type":"ImageObject","inLanguage":"fr-FR","@id":"https:\/\/hubsch-interior.com\/fr\/#\/schema\/logo\/image\/","url":"https:\/\/hubsch-interior.com\/wp-content\/uploads\/2022\/12\/Hubsch_logo_black_one_line.svg","contentUrl":"https:\/\/hubsch-interior.com\/wp-content\/uploads\/2022\/12\/Hubsch_logo_black_one_line.svg","caption":"H\u00fcbsch"},"image":{"@id":"https:\/\/hubsch-interior.com\/fr\/#\/schema\/logo\/image\/"}}]}},"_links":{"self":[{"href":"https:\/\/hubsch-interior.com\/fr\/wp-json\/wp\/v2\/product\/975436","targetHints":{"allow":["GET"]}}],"collection":[{"href":"https:\/\/hubsch-interior.com\/fr\/wp-json\/wp\/v2\/product"}],"about":[{"href":"https:\/\/hubsch-interior.com\/fr\/wp-json\/wp\/v2\/types\/product"}],"wp:featuredmedia":[{"embeddable":true,"href":"https:\/\/hubsch-interior.com\/fr\/wp-json\/wp\/v2\/media\/1095366"}],"wp:attachment":[{"href":"https:\/\/hubsch-interior.com\/fr\/wp-json\/wp\/v2\/media?parent=975436"}],"wp:term":[{"taxonomy":"product_brand","embeddable":true,"href":"https:\/\/hubsch-interior.com\/fr\/wp-json\/wp\/v2\/product_brand?post=975436"},{"taxonomy":"product_cat","embeddable":true,"href":"https:\/\/hubsch-interior.com\/fr\/wp-json\/wp\/v2\/product_cat?post=975436"},{"taxonomy":"product_tag","embeddable":true,"href":"https:\/\/hubsch-interior.com\/fr\/wp-json\/wp\/v2\/product_tag?post=975436"}],"curies":[{"name":"wp","href":"https:\/\/api.w.org\/{rel}","templated":true}]}}