{"id":975452,"date":"2024-01-29T08:28:58","date_gmt":"2024-01-29T07:28:58","guid":{"rendered":"https:\/\/hubsch-interior.com\/product\/product\/"},"modified":"2026-04-06T04:23:23","modified_gmt":"2026-04-06T02:23:23","slug":"string-coussin-double-menthe","status":"publish","type":"product","link":"https:\/\/hubsch-interior.com\/fr\/produit\/string-coussin-double-menthe\/","title":{"rendered":"String Coussin Double Menthe"},"content":{"rendered":"<p>Offrez-vous un confort ultime avec notre String Coussin dans la rafra\u00eechissante couleur menthe. Fabriqu\u00e9 \u00e0 partir de mat\u00e9riaux ol\u00e9fine durables, ce coussin est parfait pour ajouter un si\u00e8ge moelleux \u00e0 votre banc. Son design l\u00e9ger le rend facile \u00e0 d\u00e9placer, tandis que sa r\u00e9silience garantit une utilisation durable. Avec des propri\u00e9t\u00e9s de couleurs r\u00e9sistantes, vous pouvez profiter de ce coussin \u00e0 la fois \u00e0 l&#8217;int\u00e9rieur et \u00e0 l&#8217;ext\u00e9rieur, en faisant l&#8217;accessoire parfait pour n&#8217;importe quel espace. Disponible en trois variantes diff\u00e9rentes, am\u00e9liorez votre relaxation avec notre String Coussin polyvalent et adapt\u00e9 \u00e0 l&#8217;ext\u00e9rieur.<\/p>\n","protected":false},"excerpt":{"rendered":"<p>Offrez-vous un confort ultime avec notre String Coussin dans la rafra\u00eechissante couleur menthe. Fabriqu\u00e9 \u00e0 partir de mat\u00e9riaux ol\u00e9fine durables, ce coussin est parfait pour ajouter un si\u00e8ge moelleux \u00e0 votre banc. Son design l\u00e9ger le rend facile \u00e0 d\u00e9placer, tandis que sa r\u00e9silience garantit une utilisation durable. Avec des propri\u00e9t\u00e9s de couleurs r\u00e9sistantes, vous [&hellip;]<\/p>\n","protected":false},"featured_media":1095383,"template":"","meta":{"_acf_changed":false,"inline_featured_image":false},"product_brand":[],"product_cat":[7094,6882,6348,5012,3002,3003],"product_tag":[],"class_list":{"0":"post-975452","1":"product","2":"type-product","3":"status-publish","4":"has-post-thumbnail","6":"product_cat-coussins-de-jardin-fr","7":"product_cat-elevating-nostalgia-fr","8":"product_cat-garden-selection-fr","9":"product_cat-mobilier-du-jardin-fr","10":"product_cat-textile","11":"product_cat-coussins-fr","12":"product_shipping_class-pk","14":"pa_color-menthe","15":"pa_material-olfine","17":"first","18":"instock","19":"taxable","20":"shipping-taxable","21":"purchasable","22":"product-type-simple"},"exclude_global_add_ons":[],"addons":[],"acf":[],"yoast_head":"<!-- This site is optimized with the Yoast SEO plugin v26.4 - https:\/\/yoast.com\/wordpress\/plugins\/seo\/ -->\n<title>String Coussin Double Menthe - H\u00fcbsch<\/title>\n<meta name=\"description\" content=\"Offrez-vous un confort ultime avec notre String Coussin dans la rafra\u00eechissante couleur menthe. Fabriqu\u00e9 \u00e0 partir de mat\u00e9riaux ol\u00e9fine durables, ce\" \/>\n<meta name=\"robots\" content=\"index, follow, max-snippet:-1, max-image-preview:large, max-video-preview:-1\" \/>\n<link rel=\"canonical\" href=\"https:\/\/hubsch-interior.com\/fr\/wp-json\/wp\/v2\/product\/975452\" \/>\n<meta property=\"og:locale\" content=\"fr_FR\" \/>\n<meta property=\"og:type\" content=\"article\" \/>\n<meta property=\"og:title\" content=\"String Coussin Double Menthe - H\u00fcbsch\" \/>\n<meta property=\"og:description\" content=\"Offrez-vous un confort ultime avec notre String Coussin dans la rafra\u00eechissante couleur menthe. Fabriqu\u00e9 \u00e0 partir de mat\u00e9riaux ol\u00e9fine durables, ce\" \/>\n<meta property=\"og:url\" content=\"https:\/\/hubsch-interior.com\/fr\/produit\/string-coussin-double-menthe\/\" \/>\n<meta property=\"og:site_name\" content=\"H\u00fcbsch\" \/>\n<meta property=\"article:modified_time\" content=\"2026-04-06T02:23:23+00:00\" \/>\n<meta property=\"og:image\" content=\"https:\/\/hubsch-interior.com\/wp-content\/uploads\/2024\/01\/string-cushion-double-mint-89200097db38a9e0df675b95a699cbbb.jpg\" \/>\n\t<meta property=\"og:image:width\" content=\"1200\" \/>\n\t<meta property=\"og:image:height\" content=\"1200\" \/>\n\t<meta property=\"og:image:type\" content=\"image\/jpeg\" \/>\n<meta name=\"twitter:card\" content=\"summary_large_image\" \/>\n<meta name=\"twitter:label1\" content=\"Dur\u00e9e de lecture estim\u00e9e\" \/>\n\t<meta name=\"twitter:data1\" content=\"1 minute\" \/>\n<script type=\"application\/ld+json\" class=\"yoast-schema-graph\">{\"@context\":\"https:\/\/schema.org\",\"@graph\":[{\"@type\":\"WebPage\",\"@id\":\"https:\/\/hubsch-interior.com\/fr\/produit\/string-coussin-double-menthe\/\",\"url\":\"https:\/\/hubsch-interior.com\/fr\/produit\/string-coussin-double-menthe\/\",\"name\":\"String Coussin Double Menthe - H\u00fcbsch\",\"isPartOf\":{\"@id\":\"https:\/\/hubsch-interior.com\/fr\/#website\"},\"primaryImageOfPage\":{\"@id\":\"https:\/\/hubsch-interior.com\/fr\/produit\/string-coussin-double-menthe\/#primaryimage\"},\"image\":{\"@id\":\"https:\/\/hubsch-interior.com\/fr\/produit\/string-coussin-double-menthe\/#primaryimage\"},\"thumbnailUrl\":\"https:\/\/hubsch-interior.com\/wp-content\/uploads\/2026\/02\/string-cushion-double-mint-190df1431713a3916d8e33de29c550bd.jpg\",\"datePublished\":\"2024-01-29T07:28:58+00:00\",\"dateModified\":\"2026-04-06T02:23:23+00:00\",\"description\":\"Offrez-vous un confort ultime avec notre String Coussin dans la rafra\u00eechissante couleur menthe. Fabriqu\u00e9 \u00e0 partir de mat\u00e9riaux ol\u00e9fine durables, ce\",\"breadcrumb\":{\"@id\":\"https:\/\/hubsch-interior.com\/fr\/produit\/string-coussin-double-menthe\/#breadcrumb\"},\"inLanguage\":\"fr-FR\",\"potentialAction\":[{\"@type\":\"ReadAction\",\"target\":[\"https:\/\/hubsch-interior.com\/fr\/produit\/string-coussin-double-menthe\/\"]}]},{\"@type\":\"ImageObject\",\"inLanguage\":\"fr-FR\",\"@id\":\"https:\/\/hubsch-interior.com\/fr\/produit\/string-coussin-double-menthe\/#primaryimage\",\"url\":\"https:\/\/hubsch-interior.com\/wp-content\/uploads\/2026\/02\/string-cushion-double-mint-190df1431713a3916d8e33de29c550bd.jpg\",\"contentUrl\":\"https:\/\/hubsch-interior.com\/wp-content\/uploads\/2026\/02\/string-cushion-double-mint-190df1431713a3916d8e33de29c550bd.jpg\",\"width\":1024,\"height\":1024},{\"@type\":\"BreadcrumbList\",\"@id\":\"https:\/\/hubsch-interior.com\/fr\/produit\/string-coussin-double-menthe\/#breadcrumb\",\"itemListElement\":[{\"@type\":\"ListItem\",\"position\":1,\"name\":\"Page d'accueil\",\"item\":\"https:\/\/hubsch-interior.com\/fr\/\"},{\"@type\":\"ListItem\",\"position\":2,\"name\":\"Produits\",\"item\":\"https:\/\/hubsch-interior.com\/fr\/shop-2\/\"},{\"@type\":\"ListItem\",\"position\":3,\"name\":\"Meubles\",\"item\":\"https:\/\/hubsch-interior.com\/fr\/categorie-produit\/meubles\/\"},{\"@type\":\"ListItem\",\"position\":4,\"name\":\"Mobilier du jardin\",\"item\":\"https:\/\/hubsch-interior.com\/fr\/categorie-produit\/meubles\/mobilier-du-jardin-fr\/\"},{\"@type\":\"ListItem\",\"position\":5,\"name\":\"Coussins de jardin\",\"item\":\"https:\/\/hubsch-interior.com\/fr\/categorie-produit\/meubles\/mobilier-du-jardin-fr\/coussins-de-jardin-fr\/\"},{\"@type\":\"ListItem\",\"position\":6,\"name\":\"String Coussin Double Menthe\"}]},{\"@type\":\"WebSite\",\"@id\":\"https:\/\/hubsch-interior.com\/fr\/#website\",\"url\":\"https:\/\/hubsch-interior.com\/fr\/\",\"name\":\"H\u00fcbsch\",\"description\":\"Danish Home Interior and Design\",\"publisher\":{\"@id\":\"https:\/\/hubsch-interior.com\/fr\/#organization\"},\"potentialAction\":[{\"@type\":\"SearchAction\",\"target\":{\"@type\":\"EntryPoint\",\"urlTemplate\":\"https:\/\/hubsch-interior.com\/fr\/?s={search_term_string}\"},\"query-input\":{\"@type\":\"PropertyValueSpecification\",\"valueRequired\":true,\"valueName\":\"search_term_string\"}}],\"inLanguage\":\"fr-FR\"},{\"@type\":\"Organization\",\"@id\":\"https:\/\/hubsch-interior.com\/fr\/#organization\",\"name\":\"H\u00fcbsch\",\"url\":\"https:\/\/hubsch-interior.com\/fr\/\",\"logo\":{\"@type\":\"ImageObject\",\"inLanguage\":\"fr-FR\",\"@id\":\"https:\/\/hubsch-interior.com\/fr\/#\/schema\/logo\/image\/\",\"url\":\"https:\/\/hubsch-interior.com\/wp-content\/uploads\/2022\/12\/Hubsch_logo_black_one_line.svg\",\"contentUrl\":\"https:\/\/hubsch-interior.com\/wp-content\/uploads\/2022\/12\/Hubsch_logo_black_one_line.svg\",\"caption\":\"H\u00fcbsch\"},\"image\":{\"@id\":\"https:\/\/hubsch-interior.com\/fr\/#\/schema\/logo\/image\/\"}}]}<\/script>\n<!-- \/ Yoast SEO plugin. -->","yoast_head_json":{"title":"String Coussin Double Menthe - H\u00fcbsch","description":"Offrez-vous un confort ultime avec notre String Coussin dans la rafra\u00eechissante couleur menthe. Fabriqu\u00e9 \u00e0 partir de mat\u00e9riaux ol\u00e9fine durables, ce","robots":{"index":"index","follow":"follow","max-snippet":"max-snippet:-1","max-image-preview":"max-image-preview:large","max-video-preview":"max-video-preview:-1"},"canonical":"https:\/\/hubsch-interior.com\/fr\/wp-json\/wp\/v2\/product\/975452","og_locale":"fr_FR","og_type":"article","og_title":"String Coussin Double Menthe - H\u00fcbsch","og_description":"Offrez-vous un confort ultime avec notre String Coussin dans la rafra\u00eechissante couleur menthe. Fabriqu\u00e9 \u00e0 partir de mat\u00e9riaux ol\u00e9fine durables, ce","og_url":"https:\/\/hubsch-interior.com\/fr\/produit\/string-coussin-double-menthe\/","og_site_name":"H\u00fcbsch","article_modified_time":"2026-04-06T02:23:23+00:00","og_image":[{"width":1200,"height":1200,"url":"https:\/\/hubsch-interior.com\/wp-content\/uploads\/2024\/01\/string-cushion-double-mint-89200097db38a9e0df675b95a699cbbb.jpg","type":"image\/jpeg"}],"twitter_card":"summary_large_image","twitter_misc":{"Dur\u00e9e de lecture estim\u00e9e":"1 minute"},"schema":{"@context":"https:\/\/schema.org","@graph":[{"@type":"WebPage","@id":"https:\/\/hubsch-interior.com\/fr\/produit\/string-coussin-double-menthe\/","url":"https:\/\/hubsch-interior.com\/fr\/produit\/string-coussin-double-menthe\/","name":"String Coussin Double Menthe - H\u00fcbsch","isPartOf":{"@id":"https:\/\/hubsch-interior.com\/fr\/#website"},"primaryImageOfPage":{"@id":"https:\/\/hubsch-interior.com\/fr\/produit\/string-coussin-double-menthe\/#primaryimage"},"image":{"@id":"https:\/\/hubsch-interior.com\/fr\/produit\/string-coussin-double-menthe\/#primaryimage"},"thumbnailUrl":"https:\/\/hubsch-interior.com\/wp-content\/uploads\/2026\/02\/string-cushion-double-mint-190df1431713a3916d8e33de29c550bd.jpg","datePublished":"2024-01-29T07:28:58+00:00","dateModified":"2026-04-06T02:23:23+00:00","description":"Offrez-vous un confort ultime avec notre String Coussin dans la rafra\u00eechissante couleur menthe. Fabriqu\u00e9 \u00e0 partir de mat\u00e9riaux ol\u00e9fine durables, ce","breadcrumb":{"@id":"https:\/\/hubsch-interior.com\/fr\/produit\/string-coussin-double-menthe\/#breadcrumb"},"inLanguage":"fr-FR","potentialAction":[{"@type":"ReadAction","target":["https:\/\/hubsch-interior.com\/fr\/produit\/string-coussin-double-menthe\/"]}]},{"@type":"ImageObject","inLanguage":"fr-FR","@id":"https:\/\/hubsch-interior.com\/fr\/produit\/string-coussin-double-menthe\/#primaryimage","url":"https:\/\/hubsch-interior.com\/wp-content\/uploads\/2026\/02\/string-cushion-double-mint-190df1431713a3916d8e33de29c550bd.jpg","contentUrl":"https:\/\/hubsch-interior.com\/wp-content\/uploads\/2026\/02\/string-cushion-double-mint-190df1431713a3916d8e33de29c550bd.jpg","width":1024,"height":1024},{"@type":"BreadcrumbList","@id":"https:\/\/hubsch-interior.com\/fr\/produit\/string-coussin-double-menthe\/#breadcrumb","itemListElement":[{"@type":"ListItem","position":1,"name":"Page d'accueil","item":"https:\/\/hubsch-interior.com\/fr\/"},{"@type":"ListItem","position":2,"name":"Produits","item":"https:\/\/hubsch-interior.com\/fr\/shop-2\/"},{"@type":"ListItem","position":3,"name":"Meubles","item":"https:\/\/hubsch-interior.com\/fr\/categorie-produit\/meubles\/"},{"@type":"ListItem","position":4,"name":"Mobilier du jardin","item":"https:\/\/hubsch-interior.com\/fr\/categorie-produit\/meubles\/mobilier-du-jardin-fr\/"},{"@type":"ListItem","position":5,"name":"Coussins de jardin","item":"https:\/\/hubsch-interior.com\/fr\/categorie-produit\/meubles\/mobilier-du-jardin-fr\/coussins-de-jardin-fr\/"},{"@type":"ListItem","position":6,"name":"String Coussin Double Menthe"}]},{"@type":"WebSite","@id":"https:\/\/hubsch-interior.com\/fr\/#website","url":"https:\/\/hubsch-interior.com\/fr\/","name":"H\u00fcbsch","description":"Danish Home Interior and Design","publisher":{"@id":"https:\/\/hubsch-interior.com\/fr\/#organization"},"potentialAction":[{"@type":"SearchAction","target":{"@type":"EntryPoint","urlTemplate":"https:\/\/hubsch-interior.com\/fr\/?s={search_term_string}"},"query-input":{"@type":"PropertyValueSpecification","valueRequired":true,"valueName":"search_term_string"}}],"inLanguage":"fr-FR"},{"@type":"Organization","@id":"https:\/\/hubsch-interior.com\/fr\/#organization","name":"H\u00fcbsch","url":"https:\/\/hubsch-interior.com\/fr\/","logo":{"@type":"ImageObject","inLanguage":"fr-FR","@id":"https:\/\/hubsch-interior.com\/fr\/#\/schema\/logo\/image\/","url":"https:\/\/hubsch-interior.com\/wp-content\/uploads\/2022\/12\/Hubsch_logo_black_one_line.svg","contentUrl":"https:\/\/hubsch-interior.com\/wp-content\/uploads\/2022\/12\/Hubsch_logo_black_one_line.svg","caption":"H\u00fcbsch"},"image":{"@id":"https:\/\/hubsch-interior.com\/fr\/#\/schema\/logo\/image\/"}}]}},"_links":{"self":[{"href":"https:\/\/hubsch-interior.com\/fr\/wp-json\/wp\/v2\/product\/975452","targetHints":{"allow":["GET"]}}],"collection":[{"href":"https:\/\/hubsch-interior.com\/fr\/wp-json\/wp\/v2\/product"}],"about":[{"href":"https:\/\/hubsch-interior.com\/fr\/wp-json\/wp\/v2\/types\/product"}],"wp:featuredmedia":[{"embeddable":true,"href":"https:\/\/hubsch-interior.com\/fr\/wp-json\/wp\/v2\/media\/1095383"}],"wp:attachment":[{"href":"https:\/\/hubsch-interior.com\/fr\/wp-json\/wp\/v2\/media?parent=975452"}],"wp:term":[{"taxonomy":"product_brand","embeddable":true,"href":"https:\/\/hubsch-interior.com\/fr\/wp-json\/wp\/v2\/product_brand?post=975452"},{"taxonomy":"product_cat","embeddable":true,"href":"https:\/\/hubsch-interior.com\/fr\/wp-json\/wp\/v2\/product_cat?post=975452"},{"taxonomy":"product_tag","embeddable":true,"href":"https:\/\/hubsch-interior.com\/fr\/wp-json\/wp\/v2\/product_tag?post=975452"}],"curies":[{"name":"wp","href":"https:\/\/api.w.org\/{rel}","templated":true}]}}