{"id":975572,"date":"2024-01-29T08:29:57","date_gmt":"2024-01-29T07:29:57","guid":{"rendered":"https:\/\/hubsch-interior.com\/product\/product\/"},"modified":"2026-04-06T04:27:21","modified_gmt":"2026-04-06T02:27:21","slug":"amare-boules-multicolore-set-de-3","status":"publish","type":"product","link":"https:\/\/hubsch-interior.com\/fr\/produit\/amare-boules-multicolore-set-de-3\/","title":{"rendered":"Amare Boules \u00a0Multicolor\u00e9 (set de 3)"},"content":{"rendered":"<p>D\u00e9couvrez le tout dernier ajout \u00e0 notre s\u00e9rie Amare, les Amare Boules aux couleurs vives et multicolores ! Fabriqu\u00e9es \u00e0 partir de poudre de pierre de haute qualit\u00e9, ces boules sont non seulement durables, mais aussi esth\u00e9tiquement plaisantes. Parfaites pour ajouter une touche d&#8217;\u00e9l\u00e9gance \u00e0 votre table \u00e0 manger ou \u00e0 votre comptoir de cuisine. Utilisez la plus petite des boules de service Amare pour proposer des snacks \u00e0 vos invit\u00e9s, ou remplissez-la d&#8217;\u00e9pices et d&#8217;autres essentiels de cuisine. Offrez \u00e0 vos invit\u00e9s l&#8217;exp\u00e9rience compl\u00e8te Amare avec ces boules magnifiquement con\u00e7ues. Rehaussez votre exp\u00e9rience culinaire avec les Amare Boules.<\/p>\n","protected":false},"excerpt":{"rendered":"<p>D\u00e9couvrez le tout dernier ajout \u00e0 notre s\u00e9rie Amare, les Amare Boules aux couleurs vives et multicolores ! Fabriqu\u00e9es \u00e0 partir de poudre de pierre de haute qualit\u00e9, ces boules sont non seulement durables, mais aussi esth\u00e9tiquement plaisantes. Parfaites pour ajouter une touche d&#8217;\u00e9l\u00e9gance \u00e0 votre table \u00e0 manger ou \u00e0 votre comptoir de cuisine. [&hellip;]<\/p>\n","protected":false},"featured_media":1096411,"template":"","meta":{"_acf_changed":false,"inline_featured_image":false},"product_brand":[],"product_cat":[7043,6882,6971,7027,6673,4053,4095,5026,6535],"product_tag":[],"class_list":{"0":"post-975572","1":"product","2":"type-product","3":"status-publish","4":"has-post-thumbnail","6":"product_cat-bols-de-service-fr","7":"product_cat-elevating-nostalgia-fr","8":"product_cat-paques","9":"product_cat-vaisselle-fr-2","10":"product_cat-amare-vaisselle-fr","11":"product_cat-accessoires-de-cuisine-fr","12":"product_cat-vaisselle-fr","13":"product_cat-bestsellers-fr","14":"product_cat-outlet-fr","15":"product_shipping_class-pk","17":"pa_color-multicolor-2","18":"pa_material-stone-powder-100-3","20":"first","21":"instock","22":"sale","23":"featured","24":"taxable","25":"shipping-taxable","26":"purchasable","27":"product-type-simple"},"exclude_global_add_ons":[],"addons":[],"acf":[],"yoast_head":"<!-- This site is optimized with the Yoast SEO plugin v26.4 - https:\/\/yoast.com\/wordpress\/plugins\/seo\/ -->\n<title>Amare Boules \u00a0Multicolor\u00e9 (set de 3) - H\u00fcbsch<\/title>\n<meta name=\"description\" content=\"D\u00e9couvrez le tout dernier ajout \u00e0 notre s\u00e9rie Amare, les Amare Boules aux couleurs vives et multicolores ! Fabriqu\u00e9es \u00e0 partir de poudre de pierre de\" \/>\n<meta name=\"robots\" content=\"index, follow, max-snippet:-1, max-image-preview:large, max-video-preview:-1\" \/>\n<link rel=\"canonical\" href=\"https:\/\/hubsch-interior.com\/fr\/wp-json\/wp\/v2\/product\/975572\" \/>\n<meta property=\"og:locale\" content=\"fr_FR\" \/>\n<meta property=\"og:type\" content=\"article\" \/>\n<meta property=\"og:title\" content=\"Amare Boules \u00a0Multicolor\u00e9 (set de 3) - H\u00fcbsch\" \/>\n<meta property=\"og:description\" content=\"D\u00e9couvrez le tout dernier ajout \u00e0 notre s\u00e9rie Amare, les Amare Boules aux couleurs vives et multicolores ! Fabriqu\u00e9es \u00e0 partir de poudre de pierre de\" \/>\n<meta property=\"og:url\" content=\"https:\/\/hubsch-interior.com\/fr\/produit\/amare-boules-multicolore-set-de-3\/\" \/>\n<meta property=\"og:site_name\" content=\"H\u00fcbsch\" \/>\n<meta property=\"article:modified_time\" content=\"2026-04-06T02:27:21+00:00\" \/>\n<meta property=\"og:image\" content=\"https:\/\/hubsch-interior.com\/wp-content\/uploads\/2024\/11\/amare-bowls-multicolour-set-of-3-84aaf89c54e38c5c24abeaff9b7e4287.jpg\" \/>\n\t<meta property=\"og:image:width\" content=\"1200\" \/>\n\t<meta property=\"og:image:height\" content=\"1200\" \/>\n\t<meta property=\"og:image:type\" content=\"image\/jpeg\" \/>\n<meta name=\"twitter:card\" content=\"summary_large_image\" \/>\n<meta name=\"twitter:label1\" content=\"Dur\u00e9e de lecture estim\u00e9e\" \/>\n\t<meta name=\"twitter:data1\" content=\"1 minute\" \/>\n<script type=\"application\/ld+json\" class=\"yoast-schema-graph\">{\"@context\":\"https:\/\/schema.org\",\"@graph\":[{\"@type\":\"WebPage\",\"@id\":\"https:\/\/hubsch-interior.com\/fr\/produit\/amare-boules-multicolore-set-de-3\/\",\"url\":\"https:\/\/hubsch-interior.com\/fr\/produit\/amare-boules-multicolore-set-de-3\/\",\"name\":\"Amare Boules \u00a0Multicolor\u00e9 (set de 3) - H\u00fcbsch\",\"isPartOf\":{\"@id\":\"https:\/\/hubsch-interior.com\/fr\/#website\"},\"primaryImageOfPage\":{\"@id\":\"https:\/\/hubsch-interior.com\/fr\/produit\/amare-boules-multicolore-set-de-3\/#primaryimage\"},\"image\":{\"@id\":\"https:\/\/hubsch-interior.com\/fr\/produit\/amare-boules-multicolore-set-de-3\/#primaryimage\"},\"thumbnailUrl\":\"https:\/\/hubsch-interior.com\/wp-content\/uploads\/2026\/02\/amare-bowls-multicolour-set-of-3-9e832d4f9ef81f84cac99c7b69d8d039.jpg\",\"datePublished\":\"2024-01-29T07:29:57+00:00\",\"dateModified\":\"2026-04-06T02:27:21+00:00\",\"description\":\"D\u00e9couvrez le tout dernier ajout \u00e0 notre s\u00e9rie Amare, les Amare Boules aux couleurs vives et multicolores ! Fabriqu\u00e9es \u00e0 partir de poudre de pierre de\",\"breadcrumb\":{\"@id\":\"https:\/\/hubsch-interior.com\/fr\/produit\/amare-boules-multicolore-set-de-3\/#breadcrumb\"},\"inLanguage\":\"fr-FR\",\"potentialAction\":[{\"@type\":\"ReadAction\",\"target\":[\"https:\/\/hubsch-interior.com\/fr\/produit\/amare-boules-multicolore-set-de-3\/\"]}]},{\"@type\":\"ImageObject\",\"inLanguage\":\"fr-FR\",\"@id\":\"https:\/\/hubsch-interior.com\/fr\/produit\/amare-boules-multicolore-set-de-3\/#primaryimage\",\"url\":\"https:\/\/hubsch-interior.com\/wp-content\/uploads\/2026\/02\/amare-bowls-multicolour-set-of-3-9e832d4f9ef81f84cac99c7b69d8d039.jpg\",\"contentUrl\":\"https:\/\/hubsch-interior.com\/wp-content\/uploads\/2026\/02\/amare-bowls-multicolour-set-of-3-9e832d4f9ef81f84cac99c7b69d8d039.jpg\",\"width\":1024,\"height\":1024},{\"@type\":\"BreadcrumbList\",\"@id\":\"https:\/\/hubsch-interior.com\/fr\/produit\/amare-boules-multicolore-set-de-3\/#breadcrumb\",\"itemListElement\":[{\"@type\":\"ListItem\",\"position\":1,\"name\":\"Page d'accueil\",\"item\":\"https:\/\/hubsch-interior.com\/fr\/\"},{\"@type\":\"ListItem\",\"position\":2,\"name\":\"Produits\",\"item\":\"https:\/\/hubsch-interior.com\/fr\/shop-2\/\"},{\"@type\":\"ListItem\",\"position\":3,\"name\":\"Cuisine\",\"item\":\"https:\/\/hubsch-interior.com\/fr\/categorie-produit\/cuisine\/\"},{\"@type\":\"ListItem\",\"position\":4,\"name\":\"Vaisselle\",\"item\":\"https:\/\/hubsch-interior.com\/fr\/categorie-produit\/cuisine\/vaisselle-fr-2\/\"},{\"@type\":\"ListItem\",\"position\":5,\"name\":\"Bols de service\",\"item\":\"https:\/\/hubsch-interior.com\/fr\/categorie-produit\/cuisine\/vaisselle-fr-2\/bols-de-service-fr\/\"},{\"@type\":\"ListItem\",\"position\":6,\"name\":\"Amare Boules \u00a0Multicolor\u00e9 (set de 3)\"}]},{\"@type\":\"WebSite\",\"@id\":\"https:\/\/hubsch-interior.com\/fr\/#website\",\"url\":\"https:\/\/hubsch-interior.com\/fr\/\",\"name\":\"H\u00fcbsch\",\"description\":\"Danish Home Interior and Design\",\"publisher\":{\"@id\":\"https:\/\/hubsch-interior.com\/fr\/#organization\"},\"potentialAction\":[{\"@type\":\"SearchAction\",\"target\":{\"@type\":\"EntryPoint\",\"urlTemplate\":\"https:\/\/hubsch-interior.com\/fr\/?s={search_term_string}\"},\"query-input\":{\"@type\":\"PropertyValueSpecification\",\"valueRequired\":true,\"valueName\":\"search_term_string\"}}],\"inLanguage\":\"fr-FR\"},{\"@type\":\"Organization\",\"@id\":\"https:\/\/hubsch-interior.com\/fr\/#organization\",\"name\":\"H\u00fcbsch\",\"url\":\"https:\/\/hubsch-interior.com\/fr\/\",\"logo\":{\"@type\":\"ImageObject\",\"inLanguage\":\"fr-FR\",\"@id\":\"https:\/\/hubsch-interior.com\/fr\/#\/schema\/logo\/image\/\",\"url\":\"https:\/\/hubsch-interior.com\/wp-content\/uploads\/2022\/12\/Hubsch_logo_black_one_line.svg\",\"contentUrl\":\"https:\/\/hubsch-interior.com\/wp-content\/uploads\/2022\/12\/Hubsch_logo_black_one_line.svg\",\"caption\":\"H\u00fcbsch\"},\"image\":{\"@id\":\"https:\/\/hubsch-interior.com\/fr\/#\/schema\/logo\/image\/\"}}]}<\/script>\n<!-- \/ Yoast SEO plugin. -->","yoast_head_json":{"title":"Amare Boules \u00a0Multicolor\u00e9 (set de 3) - H\u00fcbsch","description":"D\u00e9couvrez le tout dernier ajout \u00e0 notre s\u00e9rie Amare, les Amare Boules aux couleurs vives et multicolores ! Fabriqu\u00e9es \u00e0 partir de poudre de pierre de","robots":{"index":"index","follow":"follow","max-snippet":"max-snippet:-1","max-image-preview":"max-image-preview:large","max-video-preview":"max-video-preview:-1"},"canonical":"https:\/\/hubsch-interior.com\/fr\/wp-json\/wp\/v2\/product\/975572","og_locale":"fr_FR","og_type":"article","og_title":"Amare Boules \u00a0Multicolor\u00e9 (set de 3) - H\u00fcbsch","og_description":"D\u00e9couvrez le tout dernier ajout \u00e0 notre s\u00e9rie Amare, les Amare Boules aux couleurs vives et multicolores ! Fabriqu\u00e9es \u00e0 partir de poudre de pierre de","og_url":"https:\/\/hubsch-interior.com\/fr\/produit\/amare-boules-multicolore-set-de-3\/","og_site_name":"H\u00fcbsch","article_modified_time":"2026-04-06T02:27:21+00:00","og_image":[{"width":1200,"height":1200,"url":"https:\/\/hubsch-interior.com\/wp-content\/uploads\/2024\/11\/amare-bowls-multicolour-set-of-3-84aaf89c54e38c5c24abeaff9b7e4287.jpg","type":"image\/jpeg"}],"twitter_card":"summary_large_image","twitter_misc":{"Dur\u00e9e de lecture estim\u00e9e":"1 minute"},"schema":{"@context":"https:\/\/schema.org","@graph":[{"@type":"WebPage","@id":"https:\/\/hubsch-interior.com\/fr\/produit\/amare-boules-multicolore-set-de-3\/","url":"https:\/\/hubsch-interior.com\/fr\/produit\/amare-boules-multicolore-set-de-3\/","name":"Amare Boules \u00a0Multicolor\u00e9 (set de 3) - H\u00fcbsch","isPartOf":{"@id":"https:\/\/hubsch-interior.com\/fr\/#website"},"primaryImageOfPage":{"@id":"https:\/\/hubsch-interior.com\/fr\/produit\/amare-boules-multicolore-set-de-3\/#primaryimage"},"image":{"@id":"https:\/\/hubsch-interior.com\/fr\/produit\/amare-boules-multicolore-set-de-3\/#primaryimage"},"thumbnailUrl":"https:\/\/hubsch-interior.com\/wp-content\/uploads\/2026\/02\/amare-bowls-multicolour-set-of-3-9e832d4f9ef81f84cac99c7b69d8d039.jpg","datePublished":"2024-01-29T07:29:57+00:00","dateModified":"2026-04-06T02:27:21+00:00","description":"D\u00e9couvrez le tout dernier ajout \u00e0 notre s\u00e9rie Amare, les Amare Boules aux couleurs vives et multicolores ! Fabriqu\u00e9es \u00e0 partir de poudre de pierre de","breadcrumb":{"@id":"https:\/\/hubsch-interior.com\/fr\/produit\/amare-boules-multicolore-set-de-3\/#breadcrumb"},"inLanguage":"fr-FR","potentialAction":[{"@type":"ReadAction","target":["https:\/\/hubsch-interior.com\/fr\/produit\/amare-boules-multicolore-set-de-3\/"]}]},{"@type":"ImageObject","inLanguage":"fr-FR","@id":"https:\/\/hubsch-interior.com\/fr\/produit\/amare-boules-multicolore-set-de-3\/#primaryimage","url":"https:\/\/hubsch-interior.com\/wp-content\/uploads\/2026\/02\/amare-bowls-multicolour-set-of-3-9e832d4f9ef81f84cac99c7b69d8d039.jpg","contentUrl":"https:\/\/hubsch-interior.com\/wp-content\/uploads\/2026\/02\/amare-bowls-multicolour-set-of-3-9e832d4f9ef81f84cac99c7b69d8d039.jpg","width":1024,"height":1024},{"@type":"BreadcrumbList","@id":"https:\/\/hubsch-interior.com\/fr\/produit\/amare-boules-multicolore-set-de-3\/#breadcrumb","itemListElement":[{"@type":"ListItem","position":1,"name":"Page d'accueil","item":"https:\/\/hubsch-interior.com\/fr\/"},{"@type":"ListItem","position":2,"name":"Produits","item":"https:\/\/hubsch-interior.com\/fr\/shop-2\/"},{"@type":"ListItem","position":3,"name":"Cuisine","item":"https:\/\/hubsch-interior.com\/fr\/categorie-produit\/cuisine\/"},{"@type":"ListItem","position":4,"name":"Vaisselle","item":"https:\/\/hubsch-interior.com\/fr\/categorie-produit\/cuisine\/vaisselle-fr-2\/"},{"@type":"ListItem","position":5,"name":"Bols de service","item":"https:\/\/hubsch-interior.com\/fr\/categorie-produit\/cuisine\/vaisselle-fr-2\/bols-de-service-fr\/"},{"@type":"ListItem","position":6,"name":"Amare Boules \u00a0Multicolor\u00e9 (set de 3)"}]},{"@type":"WebSite","@id":"https:\/\/hubsch-interior.com\/fr\/#website","url":"https:\/\/hubsch-interior.com\/fr\/","name":"H\u00fcbsch","description":"Danish Home Interior and Design","publisher":{"@id":"https:\/\/hubsch-interior.com\/fr\/#organization"},"potentialAction":[{"@type":"SearchAction","target":{"@type":"EntryPoint","urlTemplate":"https:\/\/hubsch-interior.com\/fr\/?s={search_term_string}"},"query-input":{"@type":"PropertyValueSpecification","valueRequired":true,"valueName":"search_term_string"}}],"inLanguage":"fr-FR"},{"@type":"Organization","@id":"https:\/\/hubsch-interior.com\/fr\/#organization","name":"H\u00fcbsch","url":"https:\/\/hubsch-interior.com\/fr\/","logo":{"@type":"ImageObject","inLanguage":"fr-FR","@id":"https:\/\/hubsch-interior.com\/fr\/#\/schema\/logo\/image\/","url":"https:\/\/hubsch-interior.com\/wp-content\/uploads\/2022\/12\/Hubsch_logo_black_one_line.svg","contentUrl":"https:\/\/hubsch-interior.com\/wp-content\/uploads\/2022\/12\/Hubsch_logo_black_one_line.svg","caption":"H\u00fcbsch"},"image":{"@id":"https:\/\/hubsch-interior.com\/fr\/#\/schema\/logo\/image\/"}}]}},"_links":{"self":[{"href":"https:\/\/hubsch-interior.com\/fr\/wp-json\/wp\/v2\/product\/975572","targetHints":{"allow":["GET"]}}],"collection":[{"href":"https:\/\/hubsch-interior.com\/fr\/wp-json\/wp\/v2\/product"}],"about":[{"href":"https:\/\/hubsch-interior.com\/fr\/wp-json\/wp\/v2\/types\/product"}],"wp:featuredmedia":[{"embeddable":true,"href":"https:\/\/hubsch-interior.com\/fr\/wp-json\/wp\/v2\/media\/1096411"}],"wp:attachment":[{"href":"https:\/\/hubsch-interior.com\/fr\/wp-json\/wp\/v2\/media?parent=975572"}],"wp:term":[{"taxonomy":"product_brand","embeddable":true,"href":"https:\/\/hubsch-interior.com\/fr\/wp-json\/wp\/v2\/product_brand?post=975572"},{"taxonomy":"product_cat","embeddable":true,"href":"https:\/\/hubsch-interior.com\/fr\/wp-json\/wp\/v2\/product_cat?post=975572"},{"taxonomy":"product_tag","embeddable":true,"href":"https:\/\/hubsch-interior.com\/fr\/wp-json\/wp\/v2\/product_tag?post=975572"}],"curies":[{"name":"wp","href":"https:\/\/api.w.org\/{rel}","templated":true}]}}