{"id":975640,"date":"2024-01-29T08:30:19","date_gmt":"2024-01-29T07:30:19","guid":{"rendered":"https:\/\/hubsch-interior.com\/product\/product\/"},"modified":"2026-04-09T04:28:07","modified_gmt":"2026-04-09T02:28:07","slug":"amare-dessous-de-plat-large-vert-clair-maroon-set-de-2","status":"publish","type":"product","link":"https:\/\/hubsch-interior.com\/fr\/produit\/amare-dessous-de-plat-large-vert-clair-maroon-set-de-2\/","title":{"rendered":"Amare Dessous de plat Large Vert Clair\/Maroon (set de 2)"},"content":{"rendered":"<p>\u00c0 la recherche d&#8217;une exp\u00e9rience culinaire enrichissante ? Ne cherchez plus, les Dessous de plat Amare sont l\u00e0. En compl\u00e9ment de la s\u00e9rie Amare, ces dessous de plat sont disponibles en deux tailles pour r\u00e9pondre \u00e0 vos besoins quotidiens en cuisine. Fabriqu\u00e9s \u00e0 partir de poudre de pierre durable, ils prot\u00e8gent vos plans de travail de la chaleur tout en ajoutant une touche d&#8217;\u00e9l\u00e9gance \u00e0 votre cuisine. Disponibles en vert clair ou en bordeaux, ces dessous de plat r\u00e9sistants \u00e0 la chaleur sont l&#8217;ajout parfait \u00e0 toute table. Offrez \u00e0 vos invit\u00e9s l&#8217;exp\u00e9rience compl\u00e8te Amare avec ces dessous de plat \u00e0 la fois \u00e9l\u00e9gants et fonctionnels.<\/p>\n","protected":false},"excerpt":{"rendered":"<p>\u00c0 la recherche d&#8217;une exp\u00e9rience culinaire enrichissante ? Ne cherchez plus, les Dessous de plat Amare sont l\u00e0. En compl\u00e9ment de la s\u00e9rie Amare, ces dessous de plat sont disponibles en deux tailles pour r\u00e9pondre \u00e0 vos besoins quotidiens en cuisine. Fabriqu\u00e9s \u00e0 partir de poudre de pierre durable, ils prot\u00e8gent vos plans de travail [&hellip;]<\/p>\n","protected":false},"featured_media":1096459,"template":"","meta":{"_acf_changed":false,"inline_featured_image":false},"product_brand":[],"product_cat":[6882,7028,6971,7027,6673,6348,4053,4095,5026,6535],"product_tag":[],"class_list":{"0":"post-975640","1":"product","2":"type-product","3":"status-publish","4":"has-post-thumbnail","6":"product_cat-elevating-nostalgia-fr","7":"product_cat-plateaux-et-assiettes-de-service-fr","8":"product_cat-paques","9":"product_cat-vaisselle-fr-2","10":"product_cat-amare-vaisselle-fr","11":"product_cat-garden-selection-fr","12":"product_cat-accessoires-de-cuisine-fr","13":"product_cat-vaisselle-fr","14":"product_cat-bestsellers-fr","15":"product_cat-outlet-fr","16":"product_shipping_class-pk","18":"pa_color-maroon-2","19":"pa_color-vert-clair-2","20":"pa_material-stone-powder-100-3","22":"first","23":"instock","24":"sale","25":"featured","26":"taxable","27":"shipping-taxable","28":"purchasable","29":"product-type-simple"},"exclude_global_add_ons":[],"addons":[],"acf":[],"yoast_head":"<!-- This site is optimized with the Yoast SEO plugin v26.4 - https:\/\/yoast.com\/wordpress\/plugins\/seo\/ -->\n<title>Amare Dessous de plat Large Vert Clair\/Maroon (set de 2) - H\u00fcbsch<\/title>\n<meta name=\"description\" content=\"\u00c0 la recherche d&#039;une exp\u00e9rience culinaire enrichissante ? Ne cherchez plus, les Dessous de plat Amare sont l\u00e0. En compl\u00e9ment de la s\u00e9rie Amare, ces\" \/>\n<meta name=\"robots\" content=\"index, follow, max-snippet:-1, max-image-preview:large, max-video-preview:-1\" \/>\n<link rel=\"canonical\" href=\"https:\/\/hubsch-interior.com\/fr\/wp-json\/wp\/v2\/product\/975640\" \/>\n<meta property=\"og:locale\" content=\"fr_FR\" \/>\n<meta property=\"og:type\" content=\"article\" \/>\n<meta property=\"og:title\" content=\"Amare Dessous de plat Large Vert Clair\/Maroon (set de 2) - H\u00fcbsch\" \/>\n<meta property=\"og:description\" content=\"\u00c0 la recherche d&#039;une exp\u00e9rience culinaire enrichissante ? Ne cherchez plus, les Dessous de plat Amare sont l\u00e0. En compl\u00e9ment de la s\u00e9rie Amare, ces\" \/>\n<meta property=\"og:url\" content=\"https:\/\/hubsch-interior.com\/fr\/produit\/amare-dessous-de-plat-large-vert-clair-maroon-set-de-2\/\" \/>\n<meta property=\"og:site_name\" content=\"H\u00fcbsch\" \/>\n<meta property=\"article:modified_time\" content=\"2026-04-09T02:28:07+00:00\" \/>\n<meta property=\"og:image\" content=\"https:\/\/hubsch-interior.com\/wp-content\/uploads\/2024\/01\/amare-trivets-large-light-greenmaroon-set-of-2-ec98cbb7475b8d071bc21abd6ca2175f.jpg\" \/>\n\t<meta property=\"og:image:width\" content=\"1200\" \/>\n\t<meta property=\"og:image:height\" content=\"1200\" \/>\n\t<meta property=\"og:image:type\" content=\"image\/jpeg\" \/>\n<meta name=\"twitter:card\" content=\"summary_large_image\" \/>\n<meta name=\"twitter:label1\" content=\"Dur\u00e9e de lecture estim\u00e9e\" \/>\n\t<meta name=\"twitter:data1\" content=\"1 minute\" \/>\n<script type=\"application\/ld+json\" class=\"yoast-schema-graph\">{\"@context\":\"https:\/\/schema.org\",\"@graph\":[{\"@type\":\"WebPage\",\"@id\":\"https:\/\/hubsch-interior.com\/fr\/produit\/amare-dessous-de-plat-large-vert-clair-maroon-set-de-2\/\",\"url\":\"https:\/\/hubsch-interior.com\/fr\/produit\/amare-dessous-de-plat-large-vert-clair-maroon-set-de-2\/\",\"name\":\"Amare Dessous de plat Large Vert Clair\/Maroon (set de 2) - H\u00fcbsch\",\"isPartOf\":{\"@id\":\"https:\/\/hubsch-interior.com\/fr\/#website\"},\"primaryImageOfPage\":{\"@id\":\"https:\/\/hubsch-interior.com\/fr\/produit\/amare-dessous-de-plat-large-vert-clair-maroon-set-de-2\/#primaryimage\"},\"image\":{\"@id\":\"https:\/\/hubsch-interior.com\/fr\/produit\/amare-dessous-de-plat-large-vert-clair-maroon-set-de-2\/#primaryimage\"},\"thumbnailUrl\":\"https:\/\/hubsch-interior.com\/wp-content\/uploads\/2026\/02\/amare-trivets-large-light-greenmaroon-set-of-2-9b116ce6669fd29d6be33b217dcb174a.jpg\",\"datePublished\":\"2024-01-29T07:30:19+00:00\",\"dateModified\":\"2026-04-09T02:28:07+00:00\",\"description\":\"\u00c0 la recherche d'une exp\u00e9rience culinaire enrichissante ? Ne cherchez plus, les Dessous de plat Amare sont l\u00e0. En compl\u00e9ment de la s\u00e9rie Amare, ces\",\"breadcrumb\":{\"@id\":\"https:\/\/hubsch-interior.com\/fr\/produit\/amare-dessous-de-plat-large-vert-clair-maroon-set-de-2\/#breadcrumb\"},\"inLanguage\":\"fr-FR\",\"potentialAction\":[{\"@type\":\"ReadAction\",\"target\":[\"https:\/\/hubsch-interior.com\/fr\/produit\/amare-dessous-de-plat-large-vert-clair-maroon-set-de-2\/\"]}]},{\"@type\":\"ImageObject\",\"inLanguage\":\"fr-FR\",\"@id\":\"https:\/\/hubsch-interior.com\/fr\/produit\/amare-dessous-de-plat-large-vert-clair-maroon-set-de-2\/#primaryimage\",\"url\":\"https:\/\/hubsch-interior.com\/wp-content\/uploads\/2026\/02\/amare-trivets-large-light-greenmaroon-set-of-2-9b116ce6669fd29d6be33b217dcb174a.jpg\",\"contentUrl\":\"https:\/\/hubsch-interior.com\/wp-content\/uploads\/2026\/02\/amare-trivets-large-light-greenmaroon-set-of-2-9b116ce6669fd29d6be33b217dcb174a.jpg\",\"width\":1024,\"height\":1024},{\"@type\":\"BreadcrumbList\",\"@id\":\"https:\/\/hubsch-interior.com\/fr\/produit\/amare-dessous-de-plat-large-vert-clair-maroon-set-de-2\/#breadcrumb\",\"itemListElement\":[{\"@type\":\"ListItem\",\"position\":1,\"name\":\"Page d'accueil\",\"item\":\"https:\/\/hubsch-interior.com\/fr\/\"},{\"@type\":\"ListItem\",\"position\":2,\"name\":\"Produits\",\"item\":\"https:\/\/hubsch-interior.com\/fr\/shop-2\/\"},{\"@type\":\"ListItem\",\"position\":3,\"name\":\"Cuisine\",\"item\":\"https:\/\/hubsch-interior.com\/fr\/categorie-produit\/cuisine\/\"},{\"@type\":\"ListItem\",\"position\":4,\"name\":\"Vaisselle\",\"item\":\"https:\/\/hubsch-interior.com\/fr\/categorie-produit\/cuisine\/vaisselle-fr-2\/\"},{\"@type\":\"ListItem\",\"position\":5,\"name\":\"Plateaux et Assiettes de service\",\"item\":\"https:\/\/hubsch-interior.com\/fr\/categorie-produit\/cuisine\/vaisselle-fr-2\/plateaux-et-assiettes-de-service-fr\/\"},{\"@type\":\"ListItem\",\"position\":6,\"name\":\"Amare Dessous de plat Large Vert Clair\/Maroon (set de 2)\"}]},{\"@type\":\"WebSite\",\"@id\":\"https:\/\/hubsch-interior.com\/fr\/#website\",\"url\":\"https:\/\/hubsch-interior.com\/fr\/\",\"name\":\"H\u00fcbsch\",\"description\":\"Danish Home Interior and Design\",\"publisher\":{\"@id\":\"https:\/\/hubsch-interior.com\/fr\/#organization\"},\"potentialAction\":[{\"@type\":\"SearchAction\",\"target\":{\"@type\":\"EntryPoint\",\"urlTemplate\":\"https:\/\/hubsch-interior.com\/fr\/?s={search_term_string}\"},\"query-input\":{\"@type\":\"PropertyValueSpecification\",\"valueRequired\":true,\"valueName\":\"search_term_string\"}}],\"inLanguage\":\"fr-FR\"},{\"@type\":\"Organization\",\"@id\":\"https:\/\/hubsch-interior.com\/fr\/#organization\",\"name\":\"H\u00fcbsch\",\"url\":\"https:\/\/hubsch-interior.com\/fr\/\",\"logo\":{\"@type\":\"ImageObject\",\"inLanguage\":\"fr-FR\",\"@id\":\"https:\/\/hubsch-interior.com\/fr\/#\/schema\/logo\/image\/\",\"url\":\"https:\/\/hubsch-interior.com\/wp-content\/uploads\/2022\/12\/Hubsch_logo_black_one_line.svg\",\"contentUrl\":\"https:\/\/hubsch-interior.com\/wp-content\/uploads\/2022\/12\/Hubsch_logo_black_one_line.svg\",\"caption\":\"H\u00fcbsch\"},\"image\":{\"@id\":\"https:\/\/hubsch-interior.com\/fr\/#\/schema\/logo\/image\/\"}}]}<\/script>\n<!-- \/ Yoast SEO plugin. -->","yoast_head_json":{"title":"Amare Dessous de plat Large Vert Clair\/Maroon (set de 2) - H\u00fcbsch","description":"\u00c0 la recherche d'une exp\u00e9rience culinaire enrichissante ? Ne cherchez plus, les Dessous de plat Amare sont l\u00e0. En compl\u00e9ment de la s\u00e9rie Amare, ces","robots":{"index":"index","follow":"follow","max-snippet":"max-snippet:-1","max-image-preview":"max-image-preview:large","max-video-preview":"max-video-preview:-1"},"canonical":"https:\/\/hubsch-interior.com\/fr\/wp-json\/wp\/v2\/product\/975640","og_locale":"fr_FR","og_type":"article","og_title":"Amare Dessous de plat Large Vert Clair\/Maroon (set de 2) - H\u00fcbsch","og_description":"\u00c0 la recherche d'une exp\u00e9rience culinaire enrichissante ? Ne cherchez plus, les Dessous de plat Amare sont l\u00e0. En compl\u00e9ment de la s\u00e9rie Amare, ces","og_url":"https:\/\/hubsch-interior.com\/fr\/produit\/amare-dessous-de-plat-large-vert-clair-maroon-set-de-2\/","og_site_name":"H\u00fcbsch","article_modified_time":"2026-04-09T02:28:07+00:00","og_image":[{"width":1200,"height":1200,"url":"https:\/\/hubsch-interior.com\/wp-content\/uploads\/2024\/01\/amare-trivets-large-light-greenmaroon-set-of-2-ec98cbb7475b8d071bc21abd6ca2175f.jpg","type":"image\/jpeg"}],"twitter_card":"summary_large_image","twitter_misc":{"Dur\u00e9e de lecture estim\u00e9e":"1 minute"},"schema":{"@context":"https:\/\/schema.org","@graph":[{"@type":"WebPage","@id":"https:\/\/hubsch-interior.com\/fr\/produit\/amare-dessous-de-plat-large-vert-clair-maroon-set-de-2\/","url":"https:\/\/hubsch-interior.com\/fr\/produit\/amare-dessous-de-plat-large-vert-clair-maroon-set-de-2\/","name":"Amare Dessous de plat Large Vert Clair\/Maroon (set de 2) - H\u00fcbsch","isPartOf":{"@id":"https:\/\/hubsch-interior.com\/fr\/#website"},"primaryImageOfPage":{"@id":"https:\/\/hubsch-interior.com\/fr\/produit\/amare-dessous-de-plat-large-vert-clair-maroon-set-de-2\/#primaryimage"},"image":{"@id":"https:\/\/hubsch-interior.com\/fr\/produit\/amare-dessous-de-plat-large-vert-clair-maroon-set-de-2\/#primaryimage"},"thumbnailUrl":"https:\/\/hubsch-interior.com\/wp-content\/uploads\/2026\/02\/amare-trivets-large-light-greenmaroon-set-of-2-9b116ce6669fd29d6be33b217dcb174a.jpg","datePublished":"2024-01-29T07:30:19+00:00","dateModified":"2026-04-09T02:28:07+00:00","description":"\u00c0 la recherche d'une exp\u00e9rience culinaire enrichissante ? Ne cherchez plus, les Dessous de plat Amare sont l\u00e0. En compl\u00e9ment de la s\u00e9rie Amare, ces","breadcrumb":{"@id":"https:\/\/hubsch-interior.com\/fr\/produit\/amare-dessous-de-plat-large-vert-clair-maroon-set-de-2\/#breadcrumb"},"inLanguage":"fr-FR","potentialAction":[{"@type":"ReadAction","target":["https:\/\/hubsch-interior.com\/fr\/produit\/amare-dessous-de-plat-large-vert-clair-maroon-set-de-2\/"]}]},{"@type":"ImageObject","inLanguage":"fr-FR","@id":"https:\/\/hubsch-interior.com\/fr\/produit\/amare-dessous-de-plat-large-vert-clair-maroon-set-de-2\/#primaryimage","url":"https:\/\/hubsch-interior.com\/wp-content\/uploads\/2026\/02\/amare-trivets-large-light-greenmaroon-set-of-2-9b116ce6669fd29d6be33b217dcb174a.jpg","contentUrl":"https:\/\/hubsch-interior.com\/wp-content\/uploads\/2026\/02\/amare-trivets-large-light-greenmaroon-set-of-2-9b116ce6669fd29d6be33b217dcb174a.jpg","width":1024,"height":1024},{"@type":"BreadcrumbList","@id":"https:\/\/hubsch-interior.com\/fr\/produit\/amare-dessous-de-plat-large-vert-clair-maroon-set-de-2\/#breadcrumb","itemListElement":[{"@type":"ListItem","position":1,"name":"Page d'accueil","item":"https:\/\/hubsch-interior.com\/fr\/"},{"@type":"ListItem","position":2,"name":"Produits","item":"https:\/\/hubsch-interior.com\/fr\/shop-2\/"},{"@type":"ListItem","position":3,"name":"Cuisine","item":"https:\/\/hubsch-interior.com\/fr\/categorie-produit\/cuisine\/"},{"@type":"ListItem","position":4,"name":"Vaisselle","item":"https:\/\/hubsch-interior.com\/fr\/categorie-produit\/cuisine\/vaisselle-fr-2\/"},{"@type":"ListItem","position":5,"name":"Plateaux et Assiettes de service","item":"https:\/\/hubsch-interior.com\/fr\/categorie-produit\/cuisine\/vaisselle-fr-2\/plateaux-et-assiettes-de-service-fr\/"},{"@type":"ListItem","position":6,"name":"Amare Dessous de plat Large Vert Clair\/Maroon (set de 2)"}]},{"@type":"WebSite","@id":"https:\/\/hubsch-interior.com\/fr\/#website","url":"https:\/\/hubsch-interior.com\/fr\/","name":"H\u00fcbsch","description":"Danish Home Interior and Design","publisher":{"@id":"https:\/\/hubsch-interior.com\/fr\/#organization"},"potentialAction":[{"@type":"SearchAction","target":{"@type":"EntryPoint","urlTemplate":"https:\/\/hubsch-interior.com\/fr\/?s={search_term_string}"},"query-input":{"@type":"PropertyValueSpecification","valueRequired":true,"valueName":"search_term_string"}}],"inLanguage":"fr-FR"},{"@type":"Organization","@id":"https:\/\/hubsch-interior.com\/fr\/#organization","name":"H\u00fcbsch","url":"https:\/\/hubsch-interior.com\/fr\/","logo":{"@type":"ImageObject","inLanguage":"fr-FR","@id":"https:\/\/hubsch-interior.com\/fr\/#\/schema\/logo\/image\/","url":"https:\/\/hubsch-interior.com\/wp-content\/uploads\/2022\/12\/Hubsch_logo_black_one_line.svg","contentUrl":"https:\/\/hubsch-interior.com\/wp-content\/uploads\/2022\/12\/Hubsch_logo_black_one_line.svg","caption":"H\u00fcbsch"},"image":{"@id":"https:\/\/hubsch-interior.com\/fr\/#\/schema\/logo\/image\/"}}]}},"_links":{"self":[{"href":"https:\/\/hubsch-interior.com\/fr\/wp-json\/wp\/v2\/product\/975640","targetHints":{"allow":["GET"]}}],"collection":[{"href":"https:\/\/hubsch-interior.com\/fr\/wp-json\/wp\/v2\/product"}],"about":[{"href":"https:\/\/hubsch-interior.com\/fr\/wp-json\/wp\/v2\/types\/product"}],"wp:featuredmedia":[{"embeddable":true,"href":"https:\/\/hubsch-interior.com\/fr\/wp-json\/wp\/v2\/media\/1096459"}],"wp:attachment":[{"href":"https:\/\/hubsch-interior.com\/fr\/wp-json\/wp\/v2\/media?parent=975640"}],"wp:term":[{"taxonomy":"product_brand","embeddable":true,"href":"https:\/\/hubsch-interior.com\/fr\/wp-json\/wp\/v2\/product_brand?post=975640"},{"taxonomy":"product_cat","embeddable":true,"href":"https:\/\/hubsch-interior.com\/fr\/wp-json\/wp\/v2\/product_cat?post=975640"},{"taxonomy":"product_tag","embeddable":true,"href":"https:\/\/hubsch-interior.com\/fr\/wp-json\/wp\/v2\/product_tag?post=975640"}],"curies":[{"name":"wp","href":"https:\/\/api.w.org\/{rel}","templated":true}]}}