{"id":975716,"date":"2024-01-29T08:31:07","date_gmt":"2024-01-29T07:31:07","guid":{"rendered":"https:\/\/hubsch-interior.com\/product\/product\/"},"modified":"2026-04-09T04:28:34","modified_gmt":"2026-04-09T02:28:34","slug":"amare-bol-small-sable","status":"publish","type":"product","link":"https:\/\/hubsch-interior.com\/fr\/produit\/amare-bol-small-sable\/","title":{"rendered":"Amare Bol Small Sable"},"content":{"rendered":"<p>D\u00e9couvrez le parfait compl\u00e9ment \u00e0 la s\u00e9rie Amare \u2014 le bol Amare dans une magnifique couleur sable ! Fabriqu\u00e9 \u00e0 partir de poudre de pierre de haute qualit\u00e9, ce bol moderne et polyvalent est non seulement r\u00e9sistant \u00e0 la chaleur, mais il est \u00e9galement disponible en cinq diff\u00e9rentes variantes pour s&#8217;adapter \u00e0 votre style personnel. Rangez vos fruits ou l\u00e9gumes pr\u00e9f\u00e9r\u00e9s, ou utilisez-le comme bol de service pour deux salades \u2014 les possibilit\u00e9s sont infinies avec ce bijou \u00e0 usages multiples. Offrez \u00e0 vos invit\u00e9s l&#8217;exp\u00e9rience compl\u00e8te de l&#8217;Amare en ajoutant ce bol exquis \u00e0 votre collection.<\/p>\n","protected":false},"excerpt":{"rendered":"<p>D\u00e9couvrez le parfait compl\u00e9ment \u00e0 la s\u00e9rie Amare \u2014 le bol Amare dans une magnifique couleur sable ! Fabriqu\u00e9 \u00e0 partir de poudre de pierre de haute qualit\u00e9, ce bol moderne et polyvalent est non seulement r\u00e9sistant \u00e0 la chaleur, mais il est \u00e9galement disponible en cinq diff\u00e9rentes variantes pour s&#8217;adapter \u00e0 votre style personnel. [&hellip;]<\/p>\n","protected":false},"featured_media":1096539,"template":"","meta":{"_acf_changed":false,"inline_featured_image":false},"product_brand":[],"product_cat":[7077,7043,6882,7028,6971,7027,6673,6348,4053,4095,6535],"product_tag":[],"class_list":{"0":"post-975716","1":"product","2":"type-product","3":"status-publish","4":"has-post-thumbnail","6":"product_cat-assiettes-et-bols-fr","7":"product_cat-bols-de-service-fr","8":"product_cat-elevating-nostalgia-fr","9":"product_cat-plateaux-et-assiettes-de-service-fr","10":"product_cat-paques","11":"product_cat-vaisselle-fr-2","12":"product_cat-amare-vaisselle-fr","13":"product_cat-garden-selection-fr","14":"product_cat-accessoires-de-cuisine-fr","15":"product_cat-vaisselle-fr","16":"product_cat-outlet-fr","17":"product_shipping_class-pk","19":"pa_color-sable","20":"pa_material-stone-powder-100-3","22":"first","23":"instock","24":"sale","25":"taxable","26":"shipping-taxable","27":"purchasable","28":"product-type-simple"},"exclude_global_add_ons":[],"addons":[],"acf":[],"yoast_head":"<!-- This site is optimized with the Yoast SEO plugin v26.4 - https:\/\/yoast.com\/wordpress\/plugins\/seo\/ -->\n<title>Amare Bol Small Sable - H\u00fcbsch<\/title>\n<meta name=\"description\" content=\"D\u00e9couvrez le parfait compl\u00e9ment \u00e0 la s\u00e9rie Amare \u2014 le bol Amare dans une magnifique couleur sable ! Fabriqu\u00e9 \u00e0 partir de poudre de pierre de haute\" \/>\n<meta name=\"robots\" content=\"index, follow, max-snippet:-1, max-image-preview:large, max-video-preview:-1\" \/>\n<link rel=\"canonical\" href=\"https:\/\/hubsch-interior.com\/fr\/wp-json\/wp\/v2\/product\/975716\" \/>\n<meta property=\"og:locale\" content=\"fr_FR\" \/>\n<meta property=\"og:type\" content=\"article\" \/>\n<meta property=\"og:title\" content=\"Amare Bol Small Sable - H\u00fcbsch\" \/>\n<meta property=\"og:description\" content=\"D\u00e9couvrez le parfait compl\u00e9ment \u00e0 la s\u00e9rie Amare \u2014 le bol Amare dans une magnifique couleur sable ! Fabriqu\u00e9 \u00e0 partir de poudre de pierre de haute\" \/>\n<meta property=\"og:url\" content=\"https:\/\/hubsch-interior.com\/fr\/produit\/amare-bol-small-sable\/\" \/>\n<meta property=\"og:site_name\" content=\"H\u00fcbsch\" \/>\n<meta property=\"article:modified_time\" content=\"2026-04-09T02:28:34+00:00\" \/>\n<meta property=\"og:image\" content=\"https:\/\/hubsch-interior.com\/wp-content\/uploads\/2024\/09\/amare-bowl-small-sand-0fe7da7d4a1ccc60e5702eda71857c3d.jpg\" \/>\n\t<meta property=\"og:image:width\" content=\"1200\" \/>\n\t<meta property=\"og:image:height\" content=\"1200\" \/>\n\t<meta property=\"og:image:type\" content=\"image\/jpeg\" \/>\n<meta name=\"twitter:card\" content=\"summary_large_image\" \/>\n<meta name=\"twitter:label1\" content=\"Dur\u00e9e de lecture estim\u00e9e\" \/>\n\t<meta name=\"twitter:data1\" content=\"1 minute\" \/>\n<script type=\"application\/ld+json\" class=\"yoast-schema-graph\">{\"@context\":\"https:\/\/schema.org\",\"@graph\":[{\"@type\":\"WebPage\",\"@id\":\"https:\/\/hubsch-interior.com\/fr\/produit\/amare-bol-small-sable\/\",\"url\":\"https:\/\/hubsch-interior.com\/fr\/produit\/amare-bol-small-sable\/\",\"name\":\"Amare Bol Small Sable - H\u00fcbsch\",\"isPartOf\":{\"@id\":\"https:\/\/hubsch-interior.com\/fr\/#website\"},\"primaryImageOfPage\":{\"@id\":\"https:\/\/hubsch-interior.com\/fr\/produit\/amare-bol-small-sable\/#primaryimage\"},\"image\":{\"@id\":\"https:\/\/hubsch-interior.com\/fr\/produit\/amare-bol-small-sable\/#primaryimage\"},\"thumbnailUrl\":\"https:\/\/hubsch-interior.com\/wp-content\/uploads\/2026\/02\/amare-bowl-small-sand-21b57c28965663d5f54ca265d72e118c.jpg\",\"datePublished\":\"2024-01-29T07:31:07+00:00\",\"dateModified\":\"2026-04-09T02:28:34+00:00\",\"description\":\"D\u00e9couvrez le parfait compl\u00e9ment \u00e0 la s\u00e9rie Amare \u2014 le bol Amare dans une magnifique couleur sable ! Fabriqu\u00e9 \u00e0 partir de poudre de pierre de haute\",\"breadcrumb\":{\"@id\":\"https:\/\/hubsch-interior.com\/fr\/produit\/amare-bol-small-sable\/#breadcrumb\"},\"inLanguage\":\"fr-FR\",\"potentialAction\":[{\"@type\":\"ReadAction\",\"target\":[\"https:\/\/hubsch-interior.com\/fr\/produit\/amare-bol-small-sable\/\"]}]},{\"@type\":\"ImageObject\",\"inLanguage\":\"fr-FR\",\"@id\":\"https:\/\/hubsch-interior.com\/fr\/produit\/amare-bol-small-sable\/#primaryimage\",\"url\":\"https:\/\/hubsch-interior.com\/wp-content\/uploads\/2026\/02\/amare-bowl-small-sand-21b57c28965663d5f54ca265d72e118c.jpg\",\"contentUrl\":\"https:\/\/hubsch-interior.com\/wp-content\/uploads\/2026\/02\/amare-bowl-small-sand-21b57c28965663d5f54ca265d72e118c.jpg\",\"width\":1024,\"height\":1024},{\"@type\":\"BreadcrumbList\",\"@id\":\"https:\/\/hubsch-interior.com\/fr\/produit\/amare-bol-small-sable\/#breadcrumb\",\"itemListElement\":[{\"@type\":\"ListItem\",\"position\":1,\"name\":\"Page d'accueil\",\"item\":\"https:\/\/hubsch-interior.com\/fr\/\"},{\"@type\":\"ListItem\",\"position\":2,\"name\":\"Produits\",\"item\":\"https:\/\/hubsch-interior.com\/fr\/shop-2\/\"},{\"@type\":\"ListItem\",\"position\":3,\"name\":\"Cuisine\",\"item\":\"https:\/\/hubsch-interior.com\/fr\/categorie-produit\/cuisine\/\"},{\"@type\":\"ListItem\",\"position\":4,\"name\":\"Vaisselle\",\"item\":\"https:\/\/hubsch-interior.com\/fr\/categorie-produit\/cuisine\/vaisselle-fr-2\/\"},{\"@type\":\"ListItem\",\"position\":5,\"name\":\"Assiettes et bols\",\"item\":\"https:\/\/hubsch-interior.com\/fr\/categorie-produit\/cuisine\/vaisselle-fr-2\/assiettes-et-bols-fr\/\"},{\"@type\":\"ListItem\",\"position\":6,\"name\":\"Amare Bol Small Sable\"}]},{\"@type\":\"WebSite\",\"@id\":\"https:\/\/hubsch-interior.com\/fr\/#website\",\"url\":\"https:\/\/hubsch-interior.com\/fr\/\",\"name\":\"H\u00fcbsch\",\"description\":\"Danish Home Interior and Design\",\"publisher\":{\"@id\":\"https:\/\/hubsch-interior.com\/fr\/#organization\"},\"potentialAction\":[{\"@type\":\"SearchAction\",\"target\":{\"@type\":\"EntryPoint\",\"urlTemplate\":\"https:\/\/hubsch-interior.com\/fr\/?s={search_term_string}\"},\"query-input\":{\"@type\":\"PropertyValueSpecification\",\"valueRequired\":true,\"valueName\":\"search_term_string\"}}],\"inLanguage\":\"fr-FR\"},{\"@type\":\"Organization\",\"@id\":\"https:\/\/hubsch-interior.com\/fr\/#organization\",\"name\":\"H\u00fcbsch\",\"url\":\"https:\/\/hubsch-interior.com\/fr\/\",\"logo\":{\"@type\":\"ImageObject\",\"inLanguage\":\"fr-FR\",\"@id\":\"https:\/\/hubsch-interior.com\/fr\/#\/schema\/logo\/image\/\",\"url\":\"https:\/\/hubsch-interior.com\/wp-content\/uploads\/2022\/12\/Hubsch_logo_black_one_line.svg\",\"contentUrl\":\"https:\/\/hubsch-interior.com\/wp-content\/uploads\/2022\/12\/Hubsch_logo_black_one_line.svg\",\"caption\":\"H\u00fcbsch\"},\"image\":{\"@id\":\"https:\/\/hubsch-interior.com\/fr\/#\/schema\/logo\/image\/\"}}]}<\/script>\n<!-- \/ Yoast SEO plugin. -->","yoast_head_json":{"title":"Amare Bol Small Sable - H\u00fcbsch","description":"D\u00e9couvrez le parfait compl\u00e9ment \u00e0 la s\u00e9rie Amare \u2014 le bol Amare dans une magnifique couleur sable ! Fabriqu\u00e9 \u00e0 partir de poudre de pierre de haute","robots":{"index":"index","follow":"follow","max-snippet":"max-snippet:-1","max-image-preview":"max-image-preview:large","max-video-preview":"max-video-preview:-1"},"canonical":"https:\/\/hubsch-interior.com\/fr\/wp-json\/wp\/v2\/product\/975716","og_locale":"fr_FR","og_type":"article","og_title":"Amare Bol Small Sable - H\u00fcbsch","og_description":"D\u00e9couvrez le parfait compl\u00e9ment \u00e0 la s\u00e9rie Amare \u2014 le bol Amare dans une magnifique couleur sable ! Fabriqu\u00e9 \u00e0 partir de poudre de pierre de haute","og_url":"https:\/\/hubsch-interior.com\/fr\/produit\/amare-bol-small-sable\/","og_site_name":"H\u00fcbsch","article_modified_time":"2026-04-09T02:28:34+00:00","og_image":[{"width":1200,"height":1200,"url":"https:\/\/hubsch-interior.com\/wp-content\/uploads\/2024\/09\/amare-bowl-small-sand-0fe7da7d4a1ccc60e5702eda71857c3d.jpg","type":"image\/jpeg"}],"twitter_card":"summary_large_image","twitter_misc":{"Dur\u00e9e de lecture estim\u00e9e":"1 minute"},"schema":{"@context":"https:\/\/schema.org","@graph":[{"@type":"WebPage","@id":"https:\/\/hubsch-interior.com\/fr\/produit\/amare-bol-small-sable\/","url":"https:\/\/hubsch-interior.com\/fr\/produit\/amare-bol-small-sable\/","name":"Amare Bol Small Sable - H\u00fcbsch","isPartOf":{"@id":"https:\/\/hubsch-interior.com\/fr\/#website"},"primaryImageOfPage":{"@id":"https:\/\/hubsch-interior.com\/fr\/produit\/amare-bol-small-sable\/#primaryimage"},"image":{"@id":"https:\/\/hubsch-interior.com\/fr\/produit\/amare-bol-small-sable\/#primaryimage"},"thumbnailUrl":"https:\/\/hubsch-interior.com\/wp-content\/uploads\/2026\/02\/amare-bowl-small-sand-21b57c28965663d5f54ca265d72e118c.jpg","datePublished":"2024-01-29T07:31:07+00:00","dateModified":"2026-04-09T02:28:34+00:00","description":"D\u00e9couvrez le parfait compl\u00e9ment \u00e0 la s\u00e9rie Amare \u2014 le bol Amare dans une magnifique couleur sable ! Fabriqu\u00e9 \u00e0 partir de poudre de pierre de haute","breadcrumb":{"@id":"https:\/\/hubsch-interior.com\/fr\/produit\/amare-bol-small-sable\/#breadcrumb"},"inLanguage":"fr-FR","potentialAction":[{"@type":"ReadAction","target":["https:\/\/hubsch-interior.com\/fr\/produit\/amare-bol-small-sable\/"]}]},{"@type":"ImageObject","inLanguage":"fr-FR","@id":"https:\/\/hubsch-interior.com\/fr\/produit\/amare-bol-small-sable\/#primaryimage","url":"https:\/\/hubsch-interior.com\/wp-content\/uploads\/2026\/02\/amare-bowl-small-sand-21b57c28965663d5f54ca265d72e118c.jpg","contentUrl":"https:\/\/hubsch-interior.com\/wp-content\/uploads\/2026\/02\/amare-bowl-small-sand-21b57c28965663d5f54ca265d72e118c.jpg","width":1024,"height":1024},{"@type":"BreadcrumbList","@id":"https:\/\/hubsch-interior.com\/fr\/produit\/amare-bol-small-sable\/#breadcrumb","itemListElement":[{"@type":"ListItem","position":1,"name":"Page d'accueil","item":"https:\/\/hubsch-interior.com\/fr\/"},{"@type":"ListItem","position":2,"name":"Produits","item":"https:\/\/hubsch-interior.com\/fr\/shop-2\/"},{"@type":"ListItem","position":3,"name":"Cuisine","item":"https:\/\/hubsch-interior.com\/fr\/categorie-produit\/cuisine\/"},{"@type":"ListItem","position":4,"name":"Vaisselle","item":"https:\/\/hubsch-interior.com\/fr\/categorie-produit\/cuisine\/vaisselle-fr-2\/"},{"@type":"ListItem","position":5,"name":"Assiettes et bols","item":"https:\/\/hubsch-interior.com\/fr\/categorie-produit\/cuisine\/vaisselle-fr-2\/assiettes-et-bols-fr\/"},{"@type":"ListItem","position":6,"name":"Amare Bol Small Sable"}]},{"@type":"WebSite","@id":"https:\/\/hubsch-interior.com\/fr\/#website","url":"https:\/\/hubsch-interior.com\/fr\/","name":"H\u00fcbsch","description":"Danish Home Interior and Design","publisher":{"@id":"https:\/\/hubsch-interior.com\/fr\/#organization"},"potentialAction":[{"@type":"SearchAction","target":{"@type":"EntryPoint","urlTemplate":"https:\/\/hubsch-interior.com\/fr\/?s={search_term_string}"},"query-input":{"@type":"PropertyValueSpecification","valueRequired":true,"valueName":"search_term_string"}}],"inLanguage":"fr-FR"},{"@type":"Organization","@id":"https:\/\/hubsch-interior.com\/fr\/#organization","name":"H\u00fcbsch","url":"https:\/\/hubsch-interior.com\/fr\/","logo":{"@type":"ImageObject","inLanguage":"fr-FR","@id":"https:\/\/hubsch-interior.com\/fr\/#\/schema\/logo\/image\/","url":"https:\/\/hubsch-interior.com\/wp-content\/uploads\/2022\/12\/Hubsch_logo_black_one_line.svg","contentUrl":"https:\/\/hubsch-interior.com\/wp-content\/uploads\/2022\/12\/Hubsch_logo_black_one_line.svg","caption":"H\u00fcbsch"},"image":{"@id":"https:\/\/hubsch-interior.com\/fr\/#\/schema\/logo\/image\/"}}]}},"_links":{"self":[{"href":"https:\/\/hubsch-interior.com\/fr\/wp-json\/wp\/v2\/product\/975716","targetHints":{"allow":["GET"]}}],"collection":[{"href":"https:\/\/hubsch-interior.com\/fr\/wp-json\/wp\/v2\/product"}],"about":[{"href":"https:\/\/hubsch-interior.com\/fr\/wp-json\/wp\/v2\/types\/product"}],"wp:featuredmedia":[{"embeddable":true,"href":"https:\/\/hubsch-interior.com\/fr\/wp-json\/wp\/v2\/media\/1096539"}],"wp:attachment":[{"href":"https:\/\/hubsch-interior.com\/fr\/wp-json\/wp\/v2\/media?parent=975716"}],"wp:term":[{"taxonomy":"product_brand","embeddable":true,"href":"https:\/\/hubsch-interior.com\/fr\/wp-json\/wp\/v2\/product_brand?post=975716"},{"taxonomy":"product_cat","embeddable":true,"href":"https:\/\/hubsch-interior.com\/fr\/wp-json\/wp\/v2\/product_cat?post=975716"},{"taxonomy":"product_tag","embeddable":true,"href":"https:\/\/hubsch-interior.com\/fr\/wp-json\/wp\/v2\/product_tag?post=975716"}],"curies":[{"name":"wp","href":"https:\/\/api.w.org\/{rel}","templated":true}]}}