{"id":975740,"date":"2024-01-29T08:31:25","date_gmt":"2024-01-29T07:31:25","guid":{"rendered":"https:\/\/hubsch-interior.com\/product\/product\/"},"modified":"2026-04-05T04:28:44","modified_gmt":"2026-04-05T02:28:44","slug":"amare-bol-small-maroon","status":"publish","type":"product","link":"https:\/\/hubsch-interior.com\/fr\/produit\/amare-bol-small-maroon\/","title":{"rendered":"Amare Bol Small Maroon"},"content":{"rendered":"<p>D\u00e9couvrez le dernier ajout \u00e0 la s\u00e9rie Amare \u2014 le Amare Bol ! Rehaussez votre exp\u00e9rience culinaire avec notre bol moderne et polyvalent, disponible en cinq superbes variantes. Cette variante en particulier est propos\u00e9e dans une teinte bordeaux intense, parfaite pour ajouter une touche d&#8217;\u00e9l\u00e9gance \u00e0 votre table. Fabriqu\u00e9 \u00e0 partir de poudre de pierre de haute qualit\u00e9, notre Amare Bol est non seulement r\u00e9sistant \u00e0 la chaleur, mais aussi durable pour une utilisation de longue dur\u00e9e. Utilisez-le pour ranger vos fruits ou l\u00e9gumes pr\u00e9f\u00e9r\u00e9s, ou comme saladier pour deux personnes. Compl\u00e9tez votre collection Amare et offrez \u00e0 vos invit\u00e9s l&#8217;exp\u00e9rience compl\u00e8te Amare.<\/p>\n","protected":false},"excerpt":{"rendered":"<p>D\u00e9couvrez le dernier ajout \u00e0 la s\u00e9rie Amare \u2014 le Amare Bol ! Rehaussez votre exp\u00e9rience culinaire avec notre bol moderne et polyvalent, disponible en cinq superbes variantes. Cette variante en particulier est propos\u00e9e dans une teinte bordeaux intense, parfaite pour ajouter une touche d&#8217;\u00e9l\u00e9gance \u00e0 votre table. Fabriqu\u00e9 \u00e0 partir de poudre de pierre [&hellip;]<\/p>\n","protected":false},"featured_media":1096563,"template":"","meta":{"_acf_changed":false,"inline_featured_image":false},"product_brand":[],"product_cat":[7076,7042,6880,7026,6970,7025,6672,4051,4094,6517],"product_tag":[],"class_list":{"0":"post-975740","1":"product","2":"type-product","3":"status-publish","4":"has-post-thumbnail","6":"product_cat-tallerkener-skaale-da","7":"product_cat-serveringsskaale-da","8":"product_cat-elevating-nostalgia-da","9":"product_cat-serveringsfade-tallerkener-da","10":"product_cat-paaskeudsalg","11":"product_cat-bordservice-da-2","12":"product_cat-amare-tableware-da","13":"product_cat-koekkentilbehoer-da","14":"product_cat-bordservice-da","15":"product_cat-outlet-da","16":"product_shipping_class-pk","18":"pa_color-maroon-2","19":"pa_material-stone-powder-100-3","21":"first","22":"instock","23":"sale","24":"taxable","25":"shipping-taxable","26":"purchasable","27":"product-type-simple"},"exclude_global_add_ons":[],"addons":[],"acf":[],"yoast_head":"<!-- This site is optimized with the Yoast SEO plugin v26.4 - https:\/\/yoast.com\/wordpress\/plugins\/seo\/ -->\n<title>Amare Bol Small Maroon - H\u00fcbsch<\/title>\n<meta name=\"description\" content=\"D\u00e9couvrez le dernier ajout \u00e0 la s\u00e9rie Amare \u2014 le Amare Bol ! Rehaussez votre exp\u00e9rience culinaire avec notre bol moderne et polyvalent, disponible en cinq\" \/>\n<meta name=\"robots\" content=\"index, follow, max-snippet:-1, max-image-preview:large, max-video-preview:-1\" \/>\n<link rel=\"canonical\" href=\"https:\/\/hubsch-interior.com\/fr\/wp-json\/wp\/v2\/product\/975740\" \/>\n<meta property=\"og:locale\" content=\"fr_FR\" \/>\n<meta property=\"og:type\" content=\"article\" \/>\n<meta property=\"og:title\" content=\"Amare Bol Small Maroon - H\u00fcbsch\" \/>\n<meta property=\"og:description\" content=\"D\u00e9couvrez le dernier ajout \u00e0 la s\u00e9rie Amare \u2014 le Amare Bol ! Rehaussez votre exp\u00e9rience culinaire avec notre bol moderne et polyvalent, disponible en cinq\" \/>\n<meta property=\"og:url\" content=\"https:\/\/hubsch-interior.com\/fr\/produit\/amare-bol-small-maroon\/\" \/>\n<meta property=\"og:site_name\" content=\"H\u00fcbsch\" \/>\n<meta property=\"article:modified_time\" content=\"2026-04-05T02:28:44+00:00\" \/>\n<meta property=\"og:image\" content=\"https:\/\/hubsch-interior.com\/wp-content\/uploads\/2024\/01\/amare-bowl-small-maroon-512c0893e78f410ab100e1174aa62717.jpg\" \/>\n\t<meta property=\"og:image:width\" content=\"1200\" \/>\n\t<meta property=\"og:image:height\" content=\"1200\" \/>\n\t<meta property=\"og:image:type\" content=\"image\/jpeg\" \/>\n<meta name=\"twitter:card\" content=\"summary_large_image\" \/>\n<meta name=\"twitter:label1\" content=\"Dur\u00e9e de lecture estim\u00e9e\" \/>\n\t<meta name=\"twitter:data1\" content=\"1 minute\" \/>\n<script type=\"application\/ld+json\" class=\"yoast-schema-graph\">{\"@context\":\"https:\/\/schema.org\",\"@graph\":[{\"@type\":\"WebPage\",\"@id\":\"https:\/\/hubsch-interior.com\/fr\/produit\/amare-bol-small-maroon\/\",\"url\":\"https:\/\/hubsch-interior.com\/fr\/produit\/amare-bol-small-maroon\/\",\"name\":\"Amare Bol Small Maroon - H\u00fcbsch\",\"isPartOf\":{\"@id\":\"https:\/\/hubsch-interior.com\/fr\/#website\"},\"primaryImageOfPage\":{\"@id\":\"https:\/\/hubsch-interior.com\/fr\/produit\/amare-bol-small-maroon\/#primaryimage\"},\"image\":{\"@id\":\"https:\/\/hubsch-interior.com\/fr\/produit\/amare-bol-small-maroon\/#primaryimage\"},\"thumbnailUrl\":\"https:\/\/hubsch-interior.com\/wp-content\/uploads\/2026\/02\/amare-bowl-small-maroon-cad5ca1e271479c2ada38f3fbc45754e.jpg\",\"datePublished\":\"2024-01-29T07:31:25+00:00\",\"dateModified\":\"2026-04-05T02:28:44+00:00\",\"description\":\"D\u00e9couvrez le dernier ajout \u00e0 la s\u00e9rie Amare \u2014 le Amare Bol ! Rehaussez votre exp\u00e9rience culinaire avec notre bol moderne et polyvalent, disponible en cinq\",\"breadcrumb\":{\"@id\":\"https:\/\/hubsch-interior.com\/fr\/produit\/amare-bol-small-maroon\/#breadcrumb\"},\"inLanguage\":\"fr-FR\",\"potentialAction\":[{\"@type\":\"ReadAction\",\"target\":[\"https:\/\/hubsch-interior.com\/fr\/produit\/amare-bol-small-maroon\/\"]}]},{\"@type\":\"ImageObject\",\"inLanguage\":\"fr-FR\",\"@id\":\"https:\/\/hubsch-interior.com\/fr\/produit\/amare-bol-small-maroon\/#primaryimage\",\"url\":\"https:\/\/hubsch-interior.com\/wp-content\/uploads\/2026\/02\/amare-bowl-small-maroon-cad5ca1e271479c2ada38f3fbc45754e.jpg\",\"contentUrl\":\"https:\/\/hubsch-interior.com\/wp-content\/uploads\/2026\/02\/amare-bowl-small-maroon-cad5ca1e271479c2ada38f3fbc45754e.jpg\",\"width\":1024,\"height\":1024},{\"@type\":\"BreadcrumbList\",\"@id\":\"https:\/\/hubsch-interior.com\/fr\/produit\/amare-bol-small-maroon\/#breadcrumb\",\"itemListElement\":[{\"@type\":\"ListItem\",\"position\":1,\"name\":\"Page d'accueil\",\"item\":\"https:\/\/hubsch-interior.com\/fr\/\"},{\"@type\":\"ListItem\",\"position\":2,\"name\":\"Produits\",\"item\":\"https:\/\/hubsch-interior.com\/fr\/shop-2\/\"},{\"@type\":\"ListItem\",\"position\":3,\"name\":\"Cuisine\",\"item\":\"https:\/\/hubsch-interior.com\/fr\/categorie-produit\/cuisine\/\"},{\"@type\":\"ListItem\",\"position\":4,\"name\":\"Vaisselle\",\"item\":\"https:\/\/hubsch-interior.com\/fr\/categorie-produit\/cuisine\/vaisselle-fr-2\/\"},{\"@type\":\"ListItem\",\"position\":5,\"name\":\"Assiettes et bols\",\"item\":\"https:\/\/hubsch-interior.com\/fr\/categorie-produit\/cuisine\/vaisselle-fr-2\/assiettes-et-bols-fr\/\"},{\"@type\":\"ListItem\",\"position\":6,\"name\":\"Amare Bol Small Maroon\"}]},{\"@type\":\"WebSite\",\"@id\":\"https:\/\/hubsch-interior.com\/fr\/#website\",\"url\":\"https:\/\/hubsch-interior.com\/fr\/\",\"name\":\"H\u00fcbsch\",\"description\":\"Danish Home Interior and Design\",\"publisher\":{\"@id\":\"https:\/\/hubsch-interior.com\/fr\/#organization\"},\"potentialAction\":[{\"@type\":\"SearchAction\",\"target\":{\"@type\":\"EntryPoint\",\"urlTemplate\":\"https:\/\/hubsch-interior.com\/fr\/?s={search_term_string}\"},\"query-input\":{\"@type\":\"PropertyValueSpecification\",\"valueRequired\":true,\"valueName\":\"search_term_string\"}}],\"inLanguage\":\"fr-FR\"},{\"@type\":\"Organization\",\"@id\":\"https:\/\/hubsch-interior.com\/fr\/#organization\",\"name\":\"H\u00fcbsch\",\"url\":\"https:\/\/hubsch-interior.com\/fr\/\",\"logo\":{\"@type\":\"ImageObject\",\"inLanguage\":\"fr-FR\",\"@id\":\"https:\/\/hubsch-interior.com\/fr\/#\/schema\/logo\/image\/\",\"url\":\"https:\/\/hubsch-interior.com\/wp-content\/uploads\/2022\/12\/Hubsch_logo_black_one_line.svg\",\"contentUrl\":\"https:\/\/hubsch-interior.com\/wp-content\/uploads\/2022\/12\/Hubsch_logo_black_one_line.svg\",\"caption\":\"H\u00fcbsch\"},\"image\":{\"@id\":\"https:\/\/hubsch-interior.com\/fr\/#\/schema\/logo\/image\/\"}}]}<\/script>\n<!-- \/ Yoast SEO plugin. -->","yoast_head_json":{"title":"Amare Bol Small Maroon - H\u00fcbsch","description":"D\u00e9couvrez le dernier ajout \u00e0 la s\u00e9rie Amare \u2014 le Amare Bol ! Rehaussez votre exp\u00e9rience culinaire avec notre bol moderne et polyvalent, disponible en cinq","robots":{"index":"index","follow":"follow","max-snippet":"max-snippet:-1","max-image-preview":"max-image-preview:large","max-video-preview":"max-video-preview:-1"},"canonical":"https:\/\/hubsch-interior.com\/fr\/wp-json\/wp\/v2\/product\/975740","og_locale":"fr_FR","og_type":"article","og_title":"Amare Bol Small Maroon - H\u00fcbsch","og_description":"D\u00e9couvrez le dernier ajout \u00e0 la s\u00e9rie Amare \u2014 le Amare Bol ! Rehaussez votre exp\u00e9rience culinaire avec notre bol moderne et polyvalent, disponible en cinq","og_url":"https:\/\/hubsch-interior.com\/fr\/produit\/amare-bol-small-maroon\/","og_site_name":"H\u00fcbsch","article_modified_time":"2026-04-05T02:28:44+00:00","og_image":[{"width":1200,"height":1200,"url":"https:\/\/hubsch-interior.com\/wp-content\/uploads\/2024\/01\/amare-bowl-small-maroon-512c0893e78f410ab100e1174aa62717.jpg","type":"image\/jpeg"}],"twitter_card":"summary_large_image","twitter_misc":{"Dur\u00e9e de lecture estim\u00e9e":"1 minute"},"schema":{"@context":"https:\/\/schema.org","@graph":[{"@type":"WebPage","@id":"https:\/\/hubsch-interior.com\/fr\/produit\/amare-bol-small-maroon\/","url":"https:\/\/hubsch-interior.com\/fr\/produit\/amare-bol-small-maroon\/","name":"Amare Bol Small Maroon - H\u00fcbsch","isPartOf":{"@id":"https:\/\/hubsch-interior.com\/fr\/#website"},"primaryImageOfPage":{"@id":"https:\/\/hubsch-interior.com\/fr\/produit\/amare-bol-small-maroon\/#primaryimage"},"image":{"@id":"https:\/\/hubsch-interior.com\/fr\/produit\/amare-bol-small-maroon\/#primaryimage"},"thumbnailUrl":"https:\/\/hubsch-interior.com\/wp-content\/uploads\/2026\/02\/amare-bowl-small-maroon-cad5ca1e271479c2ada38f3fbc45754e.jpg","datePublished":"2024-01-29T07:31:25+00:00","dateModified":"2026-04-05T02:28:44+00:00","description":"D\u00e9couvrez le dernier ajout \u00e0 la s\u00e9rie Amare \u2014 le Amare Bol ! Rehaussez votre exp\u00e9rience culinaire avec notre bol moderne et polyvalent, disponible en cinq","breadcrumb":{"@id":"https:\/\/hubsch-interior.com\/fr\/produit\/amare-bol-small-maroon\/#breadcrumb"},"inLanguage":"fr-FR","potentialAction":[{"@type":"ReadAction","target":["https:\/\/hubsch-interior.com\/fr\/produit\/amare-bol-small-maroon\/"]}]},{"@type":"ImageObject","inLanguage":"fr-FR","@id":"https:\/\/hubsch-interior.com\/fr\/produit\/amare-bol-small-maroon\/#primaryimage","url":"https:\/\/hubsch-interior.com\/wp-content\/uploads\/2026\/02\/amare-bowl-small-maroon-cad5ca1e271479c2ada38f3fbc45754e.jpg","contentUrl":"https:\/\/hubsch-interior.com\/wp-content\/uploads\/2026\/02\/amare-bowl-small-maroon-cad5ca1e271479c2ada38f3fbc45754e.jpg","width":1024,"height":1024},{"@type":"BreadcrumbList","@id":"https:\/\/hubsch-interior.com\/fr\/produit\/amare-bol-small-maroon\/#breadcrumb","itemListElement":[{"@type":"ListItem","position":1,"name":"Page d'accueil","item":"https:\/\/hubsch-interior.com\/fr\/"},{"@type":"ListItem","position":2,"name":"Produits","item":"https:\/\/hubsch-interior.com\/fr\/shop-2\/"},{"@type":"ListItem","position":3,"name":"Cuisine","item":"https:\/\/hubsch-interior.com\/fr\/categorie-produit\/cuisine\/"},{"@type":"ListItem","position":4,"name":"Vaisselle","item":"https:\/\/hubsch-interior.com\/fr\/categorie-produit\/cuisine\/vaisselle-fr-2\/"},{"@type":"ListItem","position":5,"name":"Assiettes et bols","item":"https:\/\/hubsch-interior.com\/fr\/categorie-produit\/cuisine\/vaisselle-fr-2\/assiettes-et-bols-fr\/"},{"@type":"ListItem","position":6,"name":"Amare Bol Small Maroon"}]},{"@type":"WebSite","@id":"https:\/\/hubsch-interior.com\/fr\/#website","url":"https:\/\/hubsch-interior.com\/fr\/","name":"H\u00fcbsch","description":"Danish Home Interior and Design","publisher":{"@id":"https:\/\/hubsch-interior.com\/fr\/#organization"},"potentialAction":[{"@type":"SearchAction","target":{"@type":"EntryPoint","urlTemplate":"https:\/\/hubsch-interior.com\/fr\/?s={search_term_string}"},"query-input":{"@type":"PropertyValueSpecification","valueRequired":true,"valueName":"search_term_string"}}],"inLanguage":"fr-FR"},{"@type":"Organization","@id":"https:\/\/hubsch-interior.com\/fr\/#organization","name":"H\u00fcbsch","url":"https:\/\/hubsch-interior.com\/fr\/","logo":{"@type":"ImageObject","inLanguage":"fr-FR","@id":"https:\/\/hubsch-interior.com\/fr\/#\/schema\/logo\/image\/","url":"https:\/\/hubsch-interior.com\/wp-content\/uploads\/2022\/12\/Hubsch_logo_black_one_line.svg","contentUrl":"https:\/\/hubsch-interior.com\/wp-content\/uploads\/2022\/12\/Hubsch_logo_black_one_line.svg","caption":"H\u00fcbsch"},"image":{"@id":"https:\/\/hubsch-interior.com\/fr\/#\/schema\/logo\/image\/"}}]}},"_links":{"self":[{"href":"https:\/\/hubsch-interior.com\/fr\/wp-json\/wp\/v2\/product\/975740","targetHints":{"allow":["GET"]}}],"collection":[{"href":"https:\/\/hubsch-interior.com\/fr\/wp-json\/wp\/v2\/product"}],"about":[{"href":"https:\/\/hubsch-interior.com\/fr\/wp-json\/wp\/v2\/types\/product"}],"wp:featuredmedia":[{"embeddable":true,"href":"https:\/\/hubsch-interior.com\/fr\/wp-json\/wp\/v2\/media\/1096563"}],"wp:attachment":[{"href":"https:\/\/hubsch-interior.com\/fr\/wp-json\/wp\/v2\/media?parent=975740"}],"wp:term":[{"taxonomy":"product_brand","embeddable":true,"href":"https:\/\/hubsch-interior.com\/fr\/wp-json\/wp\/v2\/product_brand?post=975740"},{"taxonomy":"product_cat","embeddable":true,"href":"https:\/\/hubsch-interior.com\/fr\/wp-json\/wp\/v2\/product_cat?post=975740"},{"taxonomy":"product_tag","embeddable":true,"href":"https:\/\/hubsch-interior.com\/fr\/wp-json\/wp\/v2\/product_tag?post=975740"}],"curies":[{"name":"wp","href":"https:\/\/api.w.org\/{rel}","templated":true}]}}