{"id":975792,"date":"2024-01-29T08:31:42","date_gmt":"2024-01-29T07:31:42","guid":{"rendered":"https:\/\/hubsch-interior.com\/product\/product\/"},"modified":"2026-04-09T04:28:54","modified_gmt":"2026-04-09T02:28:54","slug":"amare-bol-large-bleu-claire","status":"publish","type":"product","link":"https:\/\/hubsch-interior.com\/fr\/produit\/amare-bol-large-bleu-claire\/","title":{"rendered":"Amare Bol Large Bleu claire"},"content":{"rendered":"<p>La derni\u00e8re addition \u00e0 la s\u00e9rie Amare, le Amare Bol, est disponible en cinq variantes \u00e9poustouflantes. Ce bol en particulier arbore une couleur blanche sophistiqu\u00e9e, ajoutant une touche d&#8217;\u00e9l\u00e9gance \u00e0 n&#8217;importe quelle table. Fabriqu\u00e9 \u00e0 partir de poudre de pierre de haute qualit\u00e9, il est non seulement beau, mais aussi pratique pour un usage quotidien. Sa forme profonde en fait le choix parfait pour servir de grandes portions, que ce soit pour une soir\u00e9e cin\u00e9ma confortable ou pour recevoir des invit\u00e9s. De plus, vous pouvez \u00e9galement l&#8217;utiliser pour ranger ou organiser des objets plus volumineux, ajoutant \u00e0 l&#8217;exp\u00e9rience Amare.<\/p>\n","protected":false},"excerpt":{"rendered":"<p>La derni\u00e8re addition \u00e0 la s\u00e9rie Amare, le Amare Bol, est disponible en cinq variantes \u00e9poustouflantes. Ce bol en particulier arbore une couleur blanche sophistiqu\u00e9e, ajoutant une touche d&#8217;\u00e9l\u00e9gance \u00e0 n&#8217;importe quelle table. Fabriqu\u00e9 \u00e0 partir de poudre de pierre de haute qualit\u00e9, il est non seulement beau, mais aussi pratique pour un usage quotidien. [&hellip;]<\/p>\n","protected":false},"featured_media":1096615,"template":"","meta":{"_acf_changed":false,"inline_featured_image":false},"product_brand":[],"product_cat":[7043,6882,6971,7027,6673,6348,4053,4095,6535],"product_tag":[],"class_list":{"0":"post-975792","1":"product","2":"type-product","3":"status-publish","4":"has-post-thumbnail","6":"product_cat-bols-de-service-fr","7":"product_cat-elevating-nostalgia-fr","8":"product_cat-paques","9":"product_cat-vaisselle-fr-2","10":"product_cat-amare-vaisselle-fr","11":"product_cat-garden-selection-fr","12":"product_cat-accessoires-de-cuisine-fr","13":"product_cat-vaisselle-fr","14":"product_cat-outlet-fr","15":"product_shipping_class-pk","17":"pa_color-bleu-claire-2","18":"pa_material-stone-powder-100-3","20":"first","21":"instock","22":"sale","23":"taxable","24":"shipping-taxable","25":"purchasable","26":"product-type-simple"},"exclude_global_add_ons":[],"addons":[],"acf":[],"yoast_head":"<!-- This site is optimized with the Yoast SEO plugin v26.4 - https:\/\/yoast.com\/wordpress\/plugins\/seo\/ -->\n<title>Amare Bol Large Bleu claire - H\u00fcbsch<\/title>\n<meta name=\"description\" content=\"La derni\u00e8re addition \u00e0 la s\u00e9rie Amare, le Amare Bol, est disponible en cinq variantes \u00e9poustouflantes. Ce bol en particulier arbore une couleur blanche\" \/>\n<meta name=\"robots\" content=\"index, follow, max-snippet:-1, max-image-preview:large, max-video-preview:-1\" \/>\n<link rel=\"canonical\" href=\"https:\/\/hubsch-interior.com\/fr\/wp-json\/wp\/v2\/product\/975792\" \/>\n<meta property=\"og:locale\" content=\"fr_FR\" \/>\n<meta property=\"og:type\" content=\"article\" \/>\n<meta property=\"og:title\" content=\"Amare Bol Large Bleu claire - H\u00fcbsch\" \/>\n<meta property=\"og:description\" content=\"La derni\u00e8re addition \u00e0 la s\u00e9rie Amare, le Amare Bol, est disponible en cinq variantes \u00e9poustouflantes. Ce bol en particulier arbore une couleur blanche\" \/>\n<meta property=\"og:url\" content=\"https:\/\/hubsch-interior.com\/fr\/produit\/amare-bol-large-bleu-claire\/\" \/>\n<meta property=\"og:site_name\" content=\"H\u00fcbsch\" \/>\n<meta property=\"article:modified_time\" content=\"2026-04-09T02:28:54+00:00\" \/>\n<meta property=\"og:image\" content=\"https:\/\/hubsch-interior.com\/wp-content\/uploads\/2024\/12\/amare-bowl-large-light-blue-b078652775f4b26f521e194a5c8674fd.jpg\" \/>\n\t<meta property=\"og:image:width\" content=\"1200\" \/>\n\t<meta property=\"og:image:height\" content=\"1200\" \/>\n\t<meta property=\"og:image:type\" content=\"image\/jpeg\" \/>\n<meta name=\"twitter:card\" content=\"summary_large_image\" \/>\n<meta name=\"twitter:label1\" content=\"Dur\u00e9e de lecture estim\u00e9e\" \/>\n\t<meta name=\"twitter:data1\" content=\"1 minute\" \/>\n<script type=\"application\/ld+json\" class=\"yoast-schema-graph\">{\"@context\":\"https:\/\/schema.org\",\"@graph\":[{\"@type\":\"WebPage\",\"@id\":\"https:\/\/hubsch-interior.com\/fr\/produit\/amare-bol-large-bleu-claire\/\",\"url\":\"https:\/\/hubsch-interior.com\/fr\/produit\/amare-bol-large-bleu-claire\/\",\"name\":\"Amare Bol Large Bleu claire - H\u00fcbsch\",\"isPartOf\":{\"@id\":\"https:\/\/hubsch-interior.com\/fr\/#website\"},\"primaryImageOfPage\":{\"@id\":\"https:\/\/hubsch-interior.com\/fr\/produit\/amare-bol-large-bleu-claire\/#primaryimage\"},\"image\":{\"@id\":\"https:\/\/hubsch-interior.com\/fr\/produit\/amare-bol-large-bleu-claire\/#primaryimage\"},\"thumbnailUrl\":\"https:\/\/hubsch-interior.com\/wp-content\/uploads\/2026\/02\/amare-bowl-large-light-blue-d8b717f11ebea14cd996e37a1cd58b23.jpg\",\"datePublished\":\"2024-01-29T07:31:42+00:00\",\"dateModified\":\"2026-04-09T02:28:54+00:00\",\"description\":\"La derni\u00e8re addition \u00e0 la s\u00e9rie Amare, le Amare Bol, est disponible en cinq variantes \u00e9poustouflantes. Ce bol en particulier arbore une couleur blanche\",\"breadcrumb\":{\"@id\":\"https:\/\/hubsch-interior.com\/fr\/produit\/amare-bol-large-bleu-claire\/#breadcrumb\"},\"inLanguage\":\"fr-FR\",\"potentialAction\":[{\"@type\":\"ReadAction\",\"target\":[\"https:\/\/hubsch-interior.com\/fr\/produit\/amare-bol-large-bleu-claire\/\"]}]},{\"@type\":\"ImageObject\",\"inLanguage\":\"fr-FR\",\"@id\":\"https:\/\/hubsch-interior.com\/fr\/produit\/amare-bol-large-bleu-claire\/#primaryimage\",\"url\":\"https:\/\/hubsch-interior.com\/wp-content\/uploads\/2026\/02\/amare-bowl-large-light-blue-d8b717f11ebea14cd996e37a1cd58b23.jpg\",\"contentUrl\":\"https:\/\/hubsch-interior.com\/wp-content\/uploads\/2026\/02\/amare-bowl-large-light-blue-d8b717f11ebea14cd996e37a1cd58b23.jpg\",\"width\":1024,\"height\":1024},{\"@type\":\"BreadcrumbList\",\"@id\":\"https:\/\/hubsch-interior.com\/fr\/produit\/amare-bol-large-bleu-claire\/#breadcrumb\",\"itemListElement\":[{\"@type\":\"ListItem\",\"position\":1,\"name\":\"Page d'accueil\",\"item\":\"https:\/\/hubsch-interior.com\/fr\/\"},{\"@type\":\"ListItem\",\"position\":2,\"name\":\"Produits\",\"item\":\"https:\/\/hubsch-interior.com\/fr\/shop-2\/\"},{\"@type\":\"ListItem\",\"position\":3,\"name\":\"Cuisine\",\"item\":\"https:\/\/hubsch-interior.com\/fr\/categorie-produit\/cuisine\/\"},{\"@type\":\"ListItem\",\"position\":4,\"name\":\"Vaisselle\",\"item\":\"https:\/\/hubsch-interior.com\/fr\/categorie-produit\/cuisine\/vaisselle-fr-2\/\"},{\"@type\":\"ListItem\",\"position\":5,\"name\":\"Bols de service\",\"item\":\"https:\/\/hubsch-interior.com\/fr\/categorie-produit\/cuisine\/vaisselle-fr-2\/bols-de-service-fr\/\"},{\"@type\":\"ListItem\",\"position\":6,\"name\":\"Amare Bol Large Bleu claire\"}]},{\"@type\":\"WebSite\",\"@id\":\"https:\/\/hubsch-interior.com\/fr\/#website\",\"url\":\"https:\/\/hubsch-interior.com\/fr\/\",\"name\":\"H\u00fcbsch\",\"description\":\"Danish Home Interior and Design\",\"publisher\":{\"@id\":\"https:\/\/hubsch-interior.com\/fr\/#organization\"},\"potentialAction\":[{\"@type\":\"SearchAction\",\"target\":{\"@type\":\"EntryPoint\",\"urlTemplate\":\"https:\/\/hubsch-interior.com\/fr\/?s={search_term_string}\"},\"query-input\":{\"@type\":\"PropertyValueSpecification\",\"valueRequired\":true,\"valueName\":\"search_term_string\"}}],\"inLanguage\":\"fr-FR\"},{\"@type\":\"Organization\",\"@id\":\"https:\/\/hubsch-interior.com\/fr\/#organization\",\"name\":\"H\u00fcbsch\",\"url\":\"https:\/\/hubsch-interior.com\/fr\/\",\"logo\":{\"@type\":\"ImageObject\",\"inLanguage\":\"fr-FR\",\"@id\":\"https:\/\/hubsch-interior.com\/fr\/#\/schema\/logo\/image\/\",\"url\":\"https:\/\/hubsch-interior.com\/wp-content\/uploads\/2022\/12\/Hubsch_logo_black_one_line.svg\",\"contentUrl\":\"https:\/\/hubsch-interior.com\/wp-content\/uploads\/2022\/12\/Hubsch_logo_black_one_line.svg\",\"caption\":\"H\u00fcbsch\"},\"image\":{\"@id\":\"https:\/\/hubsch-interior.com\/fr\/#\/schema\/logo\/image\/\"}}]}<\/script>\n<!-- \/ Yoast SEO plugin. -->","yoast_head_json":{"title":"Amare Bol Large Bleu claire - H\u00fcbsch","description":"La derni\u00e8re addition \u00e0 la s\u00e9rie Amare, le Amare Bol, est disponible en cinq variantes \u00e9poustouflantes. Ce bol en particulier arbore une couleur blanche","robots":{"index":"index","follow":"follow","max-snippet":"max-snippet:-1","max-image-preview":"max-image-preview:large","max-video-preview":"max-video-preview:-1"},"canonical":"https:\/\/hubsch-interior.com\/fr\/wp-json\/wp\/v2\/product\/975792","og_locale":"fr_FR","og_type":"article","og_title":"Amare Bol Large Bleu claire - H\u00fcbsch","og_description":"La derni\u00e8re addition \u00e0 la s\u00e9rie Amare, le Amare Bol, est disponible en cinq variantes \u00e9poustouflantes. Ce bol en particulier arbore une couleur blanche","og_url":"https:\/\/hubsch-interior.com\/fr\/produit\/amare-bol-large-bleu-claire\/","og_site_name":"H\u00fcbsch","article_modified_time":"2026-04-09T02:28:54+00:00","og_image":[{"width":1200,"height":1200,"url":"https:\/\/hubsch-interior.com\/wp-content\/uploads\/2024\/12\/amare-bowl-large-light-blue-b078652775f4b26f521e194a5c8674fd.jpg","type":"image\/jpeg"}],"twitter_card":"summary_large_image","twitter_misc":{"Dur\u00e9e de lecture estim\u00e9e":"1 minute"},"schema":{"@context":"https:\/\/schema.org","@graph":[{"@type":"WebPage","@id":"https:\/\/hubsch-interior.com\/fr\/produit\/amare-bol-large-bleu-claire\/","url":"https:\/\/hubsch-interior.com\/fr\/produit\/amare-bol-large-bleu-claire\/","name":"Amare Bol Large Bleu claire - H\u00fcbsch","isPartOf":{"@id":"https:\/\/hubsch-interior.com\/fr\/#website"},"primaryImageOfPage":{"@id":"https:\/\/hubsch-interior.com\/fr\/produit\/amare-bol-large-bleu-claire\/#primaryimage"},"image":{"@id":"https:\/\/hubsch-interior.com\/fr\/produit\/amare-bol-large-bleu-claire\/#primaryimage"},"thumbnailUrl":"https:\/\/hubsch-interior.com\/wp-content\/uploads\/2026\/02\/amare-bowl-large-light-blue-d8b717f11ebea14cd996e37a1cd58b23.jpg","datePublished":"2024-01-29T07:31:42+00:00","dateModified":"2026-04-09T02:28:54+00:00","description":"La derni\u00e8re addition \u00e0 la s\u00e9rie Amare, le Amare Bol, est disponible en cinq variantes \u00e9poustouflantes. Ce bol en particulier arbore une couleur blanche","breadcrumb":{"@id":"https:\/\/hubsch-interior.com\/fr\/produit\/amare-bol-large-bleu-claire\/#breadcrumb"},"inLanguage":"fr-FR","potentialAction":[{"@type":"ReadAction","target":["https:\/\/hubsch-interior.com\/fr\/produit\/amare-bol-large-bleu-claire\/"]}]},{"@type":"ImageObject","inLanguage":"fr-FR","@id":"https:\/\/hubsch-interior.com\/fr\/produit\/amare-bol-large-bleu-claire\/#primaryimage","url":"https:\/\/hubsch-interior.com\/wp-content\/uploads\/2026\/02\/amare-bowl-large-light-blue-d8b717f11ebea14cd996e37a1cd58b23.jpg","contentUrl":"https:\/\/hubsch-interior.com\/wp-content\/uploads\/2026\/02\/amare-bowl-large-light-blue-d8b717f11ebea14cd996e37a1cd58b23.jpg","width":1024,"height":1024},{"@type":"BreadcrumbList","@id":"https:\/\/hubsch-interior.com\/fr\/produit\/amare-bol-large-bleu-claire\/#breadcrumb","itemListElement":[{"@type":"ListItem","position":1,"name":"Page d'accueil","item":"https:\/\/hubsch-interior.com\/fr\/"},{"@type":"ListItem","position":2,"name":"Produits","item":"https:\/\/hubsch-interior.com\/fr\/shop-2\/"},{"@type":"ListItem","position":3,"name":"Cuisine","item":"https:\/\/hubsch-interior.com\/fr\/categorie-produit\/cuisine\/"},{"@type":"ListItem","position":4,"name":"Vaisselle","item":"https:\/\/hubsch-interior.com\/fr\/categorie-produit\/cuisine\/vaisselle-fr-2\/"},{"@type":"ListItem","position":5,"name":"Bols de service","item":"https:\/\/hubsch-interior.com\/fr\/categorie-produit\/cuisine\/vaisselle-fr-2\/bols-de-service-fr\/"},{"@type":"ListItem","position":6,"name":"Amare Bol Large Bleu claire"}]},{"@type":"WebSite","@id":"https:\/\/hubsch-interior.com\/fr\/#website","url":"https:\/\/hubsch-interior.com\/fr\/","name":"H\u00fcbsch","description":"Danish Home Interior and Design","publisher":{"@id":"https:\/\/hubsch-interior.com\/fr\/#organization"},"potentialAction":[{"@type":"SearchAction","target":{"@type":"EntryPoint","urlTemplate":"https:\/\/hubsch-interior.com\/fr\/?s={search_term_string}"},"query-input":{"@type":"PropertyValueSpecification","valueRequired":true,"valueName":"search_term_string"}}],"inLanguage":"fr-FR"},{"@type":"Organization","@id":"https:\/\/hubsch-interior.com\/fr\/#organization","name":"H\u00fcbsch","url":"https:\/\/hubsch-interior.com\/fr\/","logo":{"@type":"ImageObject","inLanguage":"fr-FR","@id":"https:\/\/hubsch-interior.com\/fr\/#\/schema\/logo\/image\/","url":"https:\/\/hubsch-interior.com\/wp-content\/uploads\/2022\/12\/Hubsch_logo_black_one_line.svg","contentUrl":"https:\/\/hubsch-interior.com\/wp-content\/uploads\/2022\/12\/Hubsch_logo_black_one_line.svg","caption":"H\u00fcbsch"},"image":{"@id":"https:\/\/hubsch-interior.com\/fr\/#\/schema\/logo\/image\/"}}]}},"_links":{"self":[{"href":"https:\/\/hubsch-interior.com\/fr\/wp-json\/wp\/v2\/product\/975792","targetHints":{"allow":["GET"]}}],"collection":[{"href":"https:\/\/hubsch-interior.com\/fr\/wp-json\/wp\/v2\/product"}],"about":[{"href":"https:\/\/hubsch-interior.com\/fr\/wp-json\/wp\/v2\/types\/product"}],"wp:featuredmedia":[{"embeddable":true,"href":"https:\/\/hubsch-interior.com\/fr\/wp-json\/wp\/v2\/media\/1096615"}],"wp:attachment":[{"href":"https:\/\/hubsch-interior.com\/fr\/wp-json\/wp\/v2\/media?parent=975792"}],"wp:term":[{"taxonomy":"product_brand","embeddable":true,"href":"https:\/\/hubsch-interior.com\/fr\/wp-json\/wp\/v2\/product_brand?post=975792"},{"taxonomy":"product_cat","embeddable":true,"href":"https:\/\/hubsch-interior.com\/fr\/wp-json\/wp\/v2\/product_cat?post=975792"},{"taxonomy":"product_tag","embeddable":true,"href":"https:\/\/hubsch-interior.com\/fr\/wp-json\/wp\/v2\/product_tag?post=975792"}],"curies":[{"name":"wp","href":"https:\/\/api.w.org\/{rel}","templated":true}]}}