{"id":975808,"date":"2024-01-29T08:31:55","date_gmt":"2024-01-29T07:31:55","guid":{"rendered":"https:\/\/hubsch-interior.com\/product\/product\/"},"modified":"2026-04-29T04:28:53","modified_gmt":"2026-04-29T02:28:53","slug":"deux-pots-vert-clair-sable-set-de-2","status":"publish","type":"product","link":"https:\/\/hubsch-interior.com\/fr\/produit\/deux-pots-vert-clair-sable-set-de-2\/","title":{"rendered":"Deux Pots Vert Clair\/Sable (set de 2)"},"content":{"rendered":"<p>Les Deux Pots sont disponibles en deux variantes \u00e9poustouflantes, celui-ci en particulier pr\u00e9sente une magnifique couleur vert clair\/sable, ajoutant une touche d&#8217;\u00e9l\u00e9gance \u00e0 n&#8217;importe quelle pi\u00e8ce. Fabriqu\u00e9s \u00e0 partir de poudre de pierre de haute qualit\u00e9, ils d\u00e9gagent un charme intemporel et une grande durabilit\u00e9. Polyvalents et fonctionnels, ces vases peuvent \u00eatre utilis\u00e9s en tant que deux pi\u00e8ces individuelles ou ensemble en tant que solution de rangement pour vos objets pr\u00e9f\u00e9r\u00e9s. Le m\u00e9lange de couleurs apporte une touche unique \u00e0 votre espace. Les Deux Pots sont le choix ultime pour des vases et pots \u00e9l\u00e9gants.<\/p>\n","protected":false},"excerpt":{"rendered":"<p>Les Deux Pots sont disponibles en deux variantes \u00e9poustouflantes, celui-ci en particulier pr\u00e9sente une magnifique couleur vert clair\/sable, ajoutant une touche d&#8217;\u00e9l\u00e9gance \u00e0 n&#8217;importe quelle pi\u00e8ce. Fabriqu\u00e9s \u00e0 partir de poudre de pierre de haute qualit\u00e9, ils d\u00e9gagent un charme intemporel et une grande durabilit\u00e9. Polyvalents et fonctionnels, ces vases peuvent \u00eatre utilis\u00e9s en tant [&hellip;]<\/p>\n","protected":false},"featured_media":1096631,"template":"","meta":{"_acf_changed":false,"inline_featured_image":false},"product_brand":[],"product_cat":[6882,6971,4914,4924,3154],"product_tag":[],"class_list":{"0":"post-975808","1":"product","2":"type-product","3":"status-publish","4":"has-post-thumbnail","6":"product_cat-elevating-nostalgia-fr","7":"product_cat-paques","8":"product_cat-pots-de-fleur-et-arrosior-fr","9":"product_cat-cache-pots-fr","10":"product_cat-vases-fr","11":"product_shipping_class-pk","13":"pa_color-sable","14":"pa_color-vert-clair-2","15":"pa_material-stone-powder-100-3","17":"first","18":"instock","19":"taxable","20":"shipping-taxable","21":"purchasable","22":"product-type-simple"},"exclude_global_add_ons":[],"addons":[],"acf":[],"yoast_head":"<!-- This site is optimized with the Yoast SEO plugin v26.4 - https:\/\/yoast.com\/wordpress\/plugins\/seo\/ -->\n<title>Deux Pots Vert Clair\/Sable (set de 2) - H\u00fcbsch<\/title>\n<meta name=\"description\" content=\"Les Deux Pots sont disponibles en deux variantes \u00e9poustouflantes, celui-ci en particulier pr\u00e9sente une magnifique couleur vert clair\/sable, ajoutant une\" \/>\n<meta name=\"robots\" content=\"index, follow, max-snippet:-1, max-image-preview:large, max-video-preview:-1\" \/>\n<link rel=\"canonical\" href=\"https:\/\/hubsch-interior.com\/fr\/wp-json\/wp\/v2\/product\/975808\" \/>\n<meta property=\"og:locale\" content=\"fr_FR\" \/>\n<meta property=\"og:type\" content=\"article\" \/>\n<meta property=\"og:title\" content=\"Deux Pots Vert Clair\/Sable (set de 2) - H\u00fcbsch\" \/>\n<meta property=\"og:description\" content=\"Les Deux Pots sont disponibles en deux variantes \u00e9poustouflantes, celui-ci en particulier pr\u00e9sente une magnifique couleur vert clair\/sable, ajoutant une\" \/>\n<meta property=\"og:url\" content=\"https:\/\/hubsch-interior.com\/fr\/produit\/deux-pots-vert-clair-sable-set-de-2\/\" \/>\n<meta property=\"og:site_name\" content=\"H\u00fcbsch\" \/>\n<meta property=\"article:modified_time\" content=\"2026-04-29T02:28:53+00:00\" \/>\n<meta property=\"og:image\" content=\"https:\/\/hubsch-interior.com\/wp-content\/uploads\/2024\/11\/deux-pots-light-greensand-set-of-2-803ef8d61e239d16d51940ae5e6b629e.jpg\" \/>\n\t<meta property=\"og:image:width\" content=\"1200\" \/>\n\t<meta property=\"og:image:height\" content=\"1200\" \/>\n\t<meta property=\"og:image:type\" content=\"image\/jpeg\" \/>\n<meta name=\"twitter:card\" content=\"summary_large_image\" \/>\n<meta name=\"twitter:label1\" content=\"Dur\u00e9e de lecture estim\u00e9e\" \/>\n\t<meta name=\"twitter:data1\" content=\"1 minute\" \/>\n<script type=\"application\/ld+json\" class=\"yoast-schema-graph\">{\"@context\":\"https:\/\/schema.org\",\"@graph\":[{\"@type\":\"WebPage\",\"@id\":\"https:\/\/hubsch-interior.com\/fr\/produit\/deux-pots-vert-clair-sable-set-de-2\/\",\"url\":\"https:\/\/hubsch-interior.com\/fr\/produit\/deux-pots-vert-clair-sable-set-de-2\/\",\"name\":\"Deux Pots Vert Clair\/Sable (set de 2) - H\u00fcbsch\",\"isPartOf\":{\"@id\":\"https:\/\/hubsch-interior.com\/fr\/#website\"},\"primaryImageOfPage\":{\"@id\":\"https:\/\/hubsch-interior.com\/fr\/produit\/deux-pots-vert-clair-sable-set-de-2\/#primaryimage\"},\"image\":{\"@id\":\"https:\/\/hubsch-interior.com\/fr\/produit\/deux-pots-vert-clair-sable-set-de-2\/#primaryimage\"},\"thumbnailUrl\":\"https:\/\/hubsch-interior.com\/wp-content\/uploads\/2026\/02\/deux-pots-light-greensand-set-of-2-1f4ea0643808d5af0f3df67b036b8b36.jpg\",\"datePublished\":\"2024-01-29T07:31:55+00:00\",\"dateModified\":\"2026-04-29T02:28:53+00:00\",\"description\":\"Les Deux Pots sont disponibles en deux variantes \u00e9poustouflantes, celui-ci en particulier pr\u00e9sente une magnifique couleur vert clair\/sable, ajoutant une\",\"breadcrumb\":{\"@id\":\"https:\/\/hubsch-interior.com\/fr\/produit\/deux-pots-vert-clair-sable-set-de-2\/#breadcrumb\"},\"inLanguage\":\"fr-FR\",\"potentialAction\":[{\"@type\":\"ReadAction\",\"target\":[\"https:\/\/hubsch-interior.com\/fr\/produit\/deux-pots-vert-clair-sable-set-de-2\/\"]}]},{\"@type\":\"ImageObject\",\"inLanguage\":\"fr-FR\",\"@id\":\"https:\/\/hubsch-interior.com\/fr\/produit\/deux-pots-vert-clair-sable-set-de-2\/#primaryimage\",\"url\":\"https:\/\/hubsch-interior.com\/wp-content\/uploads\/2026\/02\/deux-pots-light-greensand-set-of-2-1f4ea0643808d5af0f3df67b036b8b36.jpg\",\"contentUrl\":\"https:\/\/hubsch-interior.com\/wp-content\/uploads\/2026\/02\/deux-pots-light-greensand-set-of-2-1f4ea0643808d5af0f3df67b036b8b36.jpg\",\"width\":1024,\"height\":1024},{\"@type\":\"BreadcrumbList\",\"@id\":\"https:\/\/hubsch-interior.com\/fr\/produit\/deux-pots-vert-clair-sable-set-de-2\/#breadcrumb\",\"itemListElement\":[{\"@type\":\"ListItem\",\"position\":1,\"name\":\"Page d'accueil\",\"item\":\"https:\/\/hubsch-interior.com\/fr\/\"},{\"@type\":\"ListItem\",\"position\":2,\"name\":\"Produits\",\"item\":\"https:\/\/hubsch-interior.com\/fr\/shop-2\/\"},{\"@type\":\"ListItem\",\"position\":3,\"name\":\"Accessoires maison\",\"item\":\"https:\/\/hubsch-interior.com\/fr\/categorie-produit\/accessoires-maison\/\"},{\"@type\":\"ListItem\",\"position\":4,\"name\":\"Pots de fleur et arrosior\",\"item\":\"https:\/\/hubsch-interior.com\/fr\/categorie-produit\/accessoires-maison\/pots-de-fleur-et-arrosior-fr\/\"},{\"@type\":\"ListItem\",\"position\":5,\"name\":\"Cache pots\",\"item\":\"https:\/\/hubsch-interior.com\/fr\/categorie-produit\/accessoires-maison\/pots-de-fleur-et-arrosior-fr\/cache-pots-fr\/\"},{\"@type\":\"ListItem\",\"position\":6,\"name\":\"Deux Pots Vert Clair\/Sable (set de 2)\"}]},{\"@type\":\"WebSite\",\"@id\":\"https:\/\/hubsch-interior.com\/fr\/#website\",\"url\":\"https:\/\/hubsch-interior.com\/fr\/\",\"name\":\"H\u00fcbsch\",\"description\":\"Danish Home Interior and Design\",\"publisher\":{\"@id\":\"https:\/\/hubsch-interior.com\/fr\/#organization\"},\"potentialAction\":[{\"@type\":\"SearchAction\",\"target\":{\"@type\":\"EntryPoint\",\"urlTemplate\":\"https:\/\/hubsch-interior.com\/fr\/?s={search_term_string}\"},\"query-input\":{\"@type\":\"PropertyValueSpecification\",\"valueRequired\":true,\"valueName\":\"search_term_string\"}}],\"inLanguage\":\"fr-FR\"},{\"@type\":\"Organization\",\"@id\":\"https:\/\/hubsch-interior.com\/fr\/#organization\",\"name\":\"H\u00fcbsch\",\"url\":\"https:\/\/hubsch-interior.com\/fr\/\",\"logo\":{\"@type\":\"ImageObject\",\"inLanguage\":\"fr-FR\",\"@id\":\"https:\/\/hubsch-interior.com\/fr\/#\/schema\/logo\/image\/\",\"url\":\"https:\/\/hubsch-interior.com\/wp-content\/uploads\/2022\/12\/Hubsch_logo_black_one_line.svg\",\"contentUrl\":\"https:\/\/hubsch-interior.com\/wp-content\/uploads\/2022\/12\/Hubsch_logo_black_one_line.svg\",\"caption\":\"H\u00fcbsch\"},\"image\":{\"@id\":\"https:\/\/hubsch-interior.com\/fr\/#\/schema\/logo\/image\/\"}}]}<\/script>\n<!-- \/ Yoast SEO plugin. -->","yoast_head_json":{"title":"Deux Pots Vert Clair\/Sable (set de 2) - H\u00fcbsch","description":"Les Deux Pots sont disponibles en deux variantes \u00e9poustouflantes, celui-ci en particulier pr\u00e9sente une magnifique couleur vert clair\/sable, ajoutant une","robots":{"index":"index","follow":"follow","max-snippet":"max-snippet:-1","max-image-preview":"max-image-preview:large","max-video-preview":"max-video-preview:-1"},"canonical":"https:\/\/hubsch-interior.com\/fr\/wp-json\/wp\/v2\/product\/975808","og_locale":"fr_FR","og_type":"article","og_title":"Deux Pots Vert Clair\/Sable (set de 2) - H\u00fcbsch","og_description":"Les Deux Pots sont disponibles en deux variantes \u00e9poustouflantes, celui-ci en particulier pr\u00e9sente une magnifique couleur vert clair\/sable, ajoutant une","og_url":"https:\/\/hubsch-interior.com\/fr\/produit\/deux-pots-vert-clair-sable-set-de-2\/","og_site_name":"H\u00fcbsch","article_modified_time":"2026-04-29T02:28:53+00:00","og_image":[{"width":1200,"height":1200,"url":"https:\/\/hubsch-interior.com\/wp-content\/uploads\/2024\/11\/deux-pots-light-greensand-set-of-2-803ef8d61e239d16d51940ae5e6b629e.jpg","type":"image\/jpeg"}],"twitter_card":"summary_large_image","twitter_misc":{"Dur\u00e9e de lecture estim\u00e9e":"1 minute"},"schema":{"@context":"https:\/\/schema.org","@graph":[{"@type":"WebPage","@id":"https:\/\/hubsch-interior.com\/fr\/produit\/deux-pots-vert-clair-sable-set-de-2\/","url":"https:\/\/hubsch-interior.com\/fr\/produit\/deux-pots-vert-clair-sable-set-de-2\/","name":"Deux Pots Vert Clair\/Sable (set de 2) - H\u00fcbsch","isPartOf":{"@id":"https:\/\/hubsch-interior.com\/fr\/#website"},"primaryImageOfPage":{"@id":"https:\/\/hubsch-interior.com\/fr\/produit\/deux-pots-vert-clair-sable-set-de-2\/#primaryimage"},"image":{"@id":"https:\/\/hubsch-interior.com\/fr\/produit\/deux-pots-vert-clair-sable-set-de-2\/#primaryimage"},"thumbnailUrl":"https:\/\/hubsch-interior.com\/wp-content\/uploads\/2026\/02\/deux-pots-light-greensand-set-of-2-1f4ea0643808d5af0f3df67b036b8b36.jpg","datePublished":"2024-01-29T07:31:55+00:00","dateModified":"2026-04-29T02:28:53+00:00","description":"Les Deux Pots sont disponibles en deux variantes \u00e9poustouflantes, celui-ci en particulier pr\u00e9sente une magnifique couleur vert clair\/sable, ajoutant une","breadcrumb":{"@id":"https:\/\/hubsch-interior.com\/fr\/produit\/deux-pots-vert-clair-sable-set-de-2\/#breadcrumb"},"inLanguage":"fr-FR","potentialAction":[{"@type":"ReadAction","target":["https:\/\/hubsch-interior.com\/fr\/produit\/deux-pots-vert-clair-sable-set-de-2\/"]}]},{"@type":"ImageObject","inLanguage":"fr-FR","@id":"https:\/\/hubsch-interior.com\/fr\/produit\/deux-pots-vert-clair-sable-set-de-2\/#primaryimage","url":"https:\/\/hubsch-interior.com\/wp-content\/uploads\/2026\/02\/deux-pots-light-greensand-set-of-2-1f4ea0643808d5af0f3df67b036b8b36.jpg","contentUrl":"https:\/\/hubsch-interior.com\/wp-content\/uploads\/2026\/02\/deux-pots-light-greensand-set-of-2-1f4ea0643808d5af0f3df67b036b8b36.jpg","width":1024,"height":1024},{"@type":"BreadcrumbList","@id":"https:\/\/hubsch-interior.com\/fr\/produit\/deux-pots-vert-clair-sable-set-de-2\/#breadcrumb","itemListElement":[{"@type":"ListItem","position":1,"name":"Page d'accueil","item":"https:\/\/hubsch-interior.com\/fr\/"},{"@type":"ListItem","position":2,"name":"Produits","item":"https:\/\/hubsch-interior.com\/fr\/shop-2\/"},{"@type":"ListItem","position":3,"name":"Accessoires maison","item":"https:\/\/hubsch-interior.com\/fr\/categorie-produit\/accessoires-maison\/"},{"@type":"ListItem","position":4,"name":"Pots de fleur et arrosior","item":"https:\/\/hubsch-interior.com\/fr\/categorie-produit\/accessoires-maison\/pots-de-fleur-et-arrosior-fr\/"},{"@type":"ListItem","position":5,"name":"Cache pots","item":"https:\/\/hubsch-interior.com\/fr\/categorie-produit\/accessoires-maison\/pots-de-fleur-et-arrosior-fr\/cache-pots-fr\/"},{"@type":"ListItem","position":6,"name":"Deux Pots Vert Clair\/Sable (set de 2)"}]},{"@type":"WebSite","@id":"https:\/\/hubsch-interior.com\/fr\/#website","url":"https:\/\/hubsch-interior.com\/fr\/","name":"H\u00fcbsch","description":"Danish Home Interior and Design","publisher":{"@id":"https:\/\/hubsch-interior.com\/fr\/#organization"},"potentialAction":[{"@type":"SearchAction","target":{"@type":"EntryPoint","urlTemplate":"https:\/\/hubsch-interior.com\/fr\/?s={search_term_string}"},"query-input":{"@type":"PropertyValueSpecification","valueRequired":true,"valueName":"search_term_string"}}],"inLanguage":"fr-FR"},{"@type":"Organization","@id":"https:\/\/hubsch-interior.com\/fr\/#organization","name":"H\u00fcbsch","url":"https:\/\/hubsch-interior.com\/fr\/","logo":{"@type":"ImageObject","inLanguage":"fr-FR","@id":"https:\/\/hubsch-interior.com\/fr\/#\/schema\/logo\/image\/","url":"https:\/\/hubsch-interior.com\/wp-content\/uploads\/2022\/12\/Hubsch_logo_black_one_line.svg","contentUrl":"https:\/\/hubsch-interior.com\/wp-content\/uploads\/2022\/12\/Hubsch_logo_black_one_line.svg","caption":"H\u00fcbsch"},"image":{"@id":"https:\/\/hubsch-interior.com\/fr\/#\/schema\/logo\/image\/"}}]}},"_links":{"self":[{"href":"https:\/\/hubsch-interior.com\/fr\/wp-json\/wp\/v2\/product\/975808","targetHints":{"allow":["GET"]}}],"collection":[{"href":"https:\/\/hubsch-interior.com\/fr\/wp-json\/wp\/v2\/product"}],"about":[{"href":"https:\/\/hubsch-interior.com\/fr\/wp-json\/wp\/v2\/types\/product"}],"wp:featuredmedia":[{"embeddable":true,"href":"https:\/\/hubsch-interior.com\/fr\/wp-json\/wp\/v2\/media\/1096631"}],"wp:attachment":[{"href":"https:\/\/hubsch-interior.com\/fr\/wp-json\/wp\/v2\/media?parent=975808"}],"wp:term":[{"taxonomy":"product_brand","embeddable":true,"href":"https:\/\/hubsch-interior.com\/fr\/wp-json\/wp\/v2\/product_brand?post=975808"},{"taxonomy":"product_cat","embeddable":true,"href":"https:\/\/hubsch-interior.com\/fr\/wp-json\/wp\/v2\/product_cat?post=975808"},{"taxonomy":"product_tag","embeddable":true,"href":"https:\/\/hubsch-interior.com\/fr\/wp-json\/wp\/v2\/product_tag?post=975808"}],"curies":[{"name":"wp","href":"https:\/\/api.w.org\/{rel}","templated":true}]}}