{"id":975824,"date":"2024-01-29T08:32:06","date_gmt":"2024-01-29T07:32:06","guid":{"rendered":"https:\/\/hubsch-interior.com\/product\/product\/"},"modified":"2026-04-09T04:29:06","modified_gmt":"2026-04-09T02:29:06","slug":"deux-pots-maroon-bleu-set-de-2","status":"publish","type":"product","link":"https:\/\/hubsch-interior.com\/fr\/produit\/deux-pots-maroon-bleu-set-de-2\/","title":{"rendered":"Deux Pots Maroon\/Bleu (set de 2)"},"content":{"rendered":"<p>Les Deux Pots sont polyvalents et disponibles en deux variantes diff\u00e9rentes, chacune avec une couleur unique de marron ou de bleu. Fabriqu\u00e9s avec de la poudre de pierre de haute qualit\u00e9, ces pots sont non seulement durables, mais ils ajoutent \u00e9galement une touche d&#8217;\u00e9l\u00e9gance \u00e0 n&#8217;importe quelle pi\u00e8ce. Utilisez-les en tant que deux pots distincts ou ensemble pour cr\u00e9er un m\u00e9lange \u00e9tonnant de couleurs. Que vous choisissiez de les utiliser comme vases, pots ou rangements, ces pots aux couleurs audacieuses ne manqueront pas de faire une d\u00e9claration dans votre espace de vie. Les Deux Pots est un incontournable pour tout passionn\u00e9 de design d&#8217;int\u00e9rieur.<\/p>\n","protected":false},"excerpt":{"rendered":"<p>Les Deux Pots sont polyvalents et disponibles en deux variantes diff\u00e9rentes, chacune avec une couleur unique de marron ou de bleu. Fabriqu\u00e9s avec de la poudre de pierre de haute qualit\u00e9, ces pots sont non seulement durables, mais ils ajoutent \u00e9galement une touche d&#8217;\u00e9l\u00e9gance \u00e0 n&#8217;importe quelle pi\u00e8ce. Utilisez-les en tant que deux pots distincts [&hellip;]<\/p>\n","protected":false},"featured_media":1096651,"template":"","meta":{"_acf_changed":false,"inline_featured_image":false},"product_brand":[],"product_cat":[6882,6971,4914,4924,3154,5026,6535],"product_tag":[],"class_list":{"0":"post-975824","1":"product","2":"type-product","3":"status-publish","4":"has-post-thumbnail","6":"product_cat-elevating-nostalgia-fr","7":"product_cat-paques","8":"product_cat-pots-de-fleur-et-arrosior-fr","9":"product_cat-cache-pots-fr","10":"product_cat-vases-fr","11":"product_cat-bestsellers-fr","12":"product_cat-outlet-fr","13":"product_shipping_class-pk","15":"pa_color-bleu-2","16":"pa_color-maroon-2","17":"pa_material-stone-powder-100-3","19":"first","20":"instock","21":"sale","22":"featured","23":"taxable","24":"shipping-taxable","25":"purchasable","26":"product-type-simple"},"exclude_global_add_ons":[],"addons":[],"acf":[],"yoast_head":"<!-- This site is optimized with the Yoast SEO plugin v26.4 - https:\/\/yoast.com\/wordpress\/plugins\/seo\/ -->\n<title>Deux Pots Maroon\/Bleu (set de 2) - H\u00fcbsch<\/title>\n<meta name=\"description\" content=\"Les Deux Pots sont polyvalents et disponibles en deux variantes diff\u00e9rentes, chacune avec une couleur unique de marron ou de bleu. Fabriqu\u00e9s avec de la\" \/>\n<meta name=\"robots\" content=\"index, follow, max-snippet:-1, max-image-preview:large, max-video-preview:-1\" \/>\n<link rel=\"canonical\" href=\"https:\/\/hubsch-interior.com\/fr\/wp-json\/wp\/v2\/product\/975824\" \/>\n<meta property=\"og:locale\" content=\"fr_FR\" \/>\n<meta property=\"og:type\" content=\"article\" \/>\n<meta property=\"og:title\" content=\"Deux Pots Maroon\/Bleu (set de 2) - H\u00fcbsch\" \/>\n<meta property=\"og:description\" content=\"Les Deux Pots sont polyvalents et disponibles en deux variantes diff\u00e9rentes, chacune avec une couleur unique de marron ou de bleu. Fabriqu\u00e9s avec de la\" \/>\n<meta property=\"og:url\" content=\"https:\/\/hubsch-interior.com\/fr\/produit\/deux-pots-maroon-bleu-set-de-2\/\" \/>\n<meta property=\"og:site_name\" content=\"H\u00fcbsch\" \/>\n<meta property=\"article:modified_time\" content=\"2026-04-09T02:29:06+00:00\" \/>\n<meta property=\"og:image\" content=\"https:\/\/hubsch-interior.com\/wp-content\/uploads\/2024\/11\/deux-pots-maroonblue-set-of-2-ce500e45519ca56fb870b9f04909d666.jpg\" \/>\n\t<meta property=\"og:image:width\" content=\"1200\" \/>\n\t<meta property=\"og:image:height\" content=\"1200\" \/>\n\t<meta property=\"og:image:type\" content=\"image\/jpeg\" \/>\n<meta name=\"twitter:card\" content=\"summary_large_image\" \/>\n<meta name=\"twitter:label1\" content=\"Dur\u00e9e de lecture estim\u00e9e\" \/>\n\t<meta name=\"twitter:data1\" content=\"1 minute\" \/>\n<script type=\"application\/ld+json\" class=\"yoast-schema-graph\">{\"@context\":\"https:\/\/schema.org\",\"@graph\":[{\"@type\":\"WebPage\",\"@id\":\"https:\/\/hubsch-interior.com\/fr\/produit\/deux-pots-maroon-bleu-set-de-2\/\",\"url\":\"https:\/\/hubsch-interior.com\/fr\/produit\/deux-pots-maroon-bleu-set-de-2\/\",\"name\":\"Deux Pots Maroon\/Bleu (set de 2) - H\u00fcbsch\",\"isPartOf\":{\"@id\":\"https:\/\/hubsch-interior.com\/fr\/#website\"},\"primaryImageOfPage\":{\"@id\":\"https:\/\/hubsch-interior.com\/fr\/produit\/deux-pots-maroon-bleu-set-de-2\/#primaryimage\"},\"image\":{\"@id\":\"https:\/\/hubsch-interior.com\/fr\/produit\/deux-pots-maroon-bleu-set-de-2\/#primaryimage\"},\"thumbnailUrl\":\"https:\/\/hubsch-interior.com\/wp-content\/uploads\/2026\/02\/deux-pots-maroonblue-set-of-2-9ab040f30de4fae606743ba67ce0a7d9.jpg\",\"datePublished\":\"2024-01-29T07:32:06+00:00\",\"dateModified\":\"2026-04-09T02:29:06+00:00\",\"description\":\"Les Deux Pots sont polyvalents et disponibles en deux variantes diff\u00e9rentes, chacune avec une couleur unique de marron ou de bleu. Fabriqu\u00e9s avec de la\",\"breadcrumb\":{\"@id\":\"https:\/\/hubsch-interior.com\/fr\/produit\/deux-pots-maroon-bleu-set-de-2\/#breadcrumb\"},\"inLanguage\":\"fr-FR\",\"potentialAction\":[{\"@type\":\"ReadAction\",\"target\":[\"https:\/\/hubsch-interior.com\/fr\/produit\/deux-pots-maroon-bleu-set-de-2\/\"]}]},{\"@type\":\"ImageObject\",\"inLanguage\":\"fr-FR\",\"@id\":\"https:\/\/hubsch-interior.com\/fr\/produit\/deux-pots-maroon-bleu-set-de-2\/#primaryimage\",\"url\":\"https:\/\/hubsch-interior.com\/wp-content\/uploads\/2026\/02\/deux-pots-maroonblue-set-of-2-9ab040f30de4fae606743ba67ce0a7d9.jpg\",\"contentUrl\":\"https:\/\/hubsch-interior.com\/wp-content\/uploads\/2026\/02\/deux-pots-maroonblue-set-of-2-9ab040f30de4fae606743ba67ce0a7d9.jpg\",\"width\":1024,\"height\":1024},{\"@type\":\"BreadcrumbList\",\"@id\":\"https:\/\/hubsch-interior.com\/fr\/produit\/deux-pots-maroon-bleu-set-de-2\/#breadcrumb\",\"itemListElement\":[{\"@type\":\"ListItem\",\"position\":1,\"name\":\"Page d'accueil\",\"item\":\"https:\/\/hubsch-interior.com\/fr\/\"},{\"@type\":\"ListItem\",\"position\":2,\"name\":\"Produits\",\"item\":\"https:\/\/hubsch-interior.com\/fr\/shop-2\/\"},{\"@type\":\"ListItem\",\"position\":3,\"name\":\"Accessoires maison\",\"item\":\"https:\/\/hubsch-interior.com\/fr\/categorie-produit\/accessoires-maison\/\"},{\"@type\":\"ListItem\",\"position\":4,\"name\":\"Pots de fleur et arrosior\",\"item\":\"https:\/\/hubsch-interior.com\/fr\/categorie-produit\/accessoires-maison\/pots-de-fleur-et-arrosior-fr\/\"},{\"@type\":\"ListItem\",\"position\":5,\"name\":\"Cache pots\",\"item\":\"https:\/\/hubsch-interior.com\/fr\/categorie-produit\/accessoires-maison\/pots-de-fleur-et-arrosior-fr\/cache-pots-fr\/\"},{\"@type\":\"ListItem\",\"position\":6,\"name\":\"Deux Pots Maroon\/Bleu (set de 2)\"}]},{\"@type\":\"WebSite\",\"@id\":\"https:\/\/hubsch-interior.com\/fr\/#website\",\"url\":\"https:\/\/hubsch-interior.com\/fr\/\",\"name\":\"H\u00fcbsch\",\"description\":\"Danish Home Interior and Design\",\"publisher\":{\"@id\":\"https:\/\/hubsch-interior.com\/fr\/#organization\"},\"potentialAction\":[{\"@type\":\"SearchAction\",\"target\":{\"@type\":\"EntryPoint\",\"urlTemplate\":\"https:\/\/hubsch-interior.com\/fr\/?s={search_term_string}\"},\"query-input\":{\"@type\":\"PropertyValueSpecification\",\"valueRequired\":true,\"valueName\":\"search_term_string\"}}],\"inLanguage\":\"fr-FR\"},{\"@type\":\"Organization\",\"@id\":\"https:\/\/hubsch-interior.com\/fr\/#organization\",\"name\":\"H\u00fcbsch\",\"url\":\"https:\/\/hubsch-interior.com\/fr\/\",\"logo\":{\"@type\":\"ImageObject\",\"inLanguage\":\"fr-FR\",\"@id\":\"https:\/\/hubsch-interior.com\/fr\/#\/schema\/logo\/image\/\",\"url\":\"https:\/\/hubsch-interior.com\/wp-content\/uploads\/2022\/12\/Hubsch_logo_black_one_line.svg\",\"contentUrl\":\"https:\/\/hubsch-interior.com\/wp-content\/uploads\/2022\/12\/Hubsch_logo_black_one_line.svg\",\"caption\":\"H\u00fcbsch\"},\"image\":{\"@id\":\"https:\/\/hubsch-interior.com\/fr\/#\/schema\/logo\/image\/\"}}]}<\/script>\n<!-- \/ Yoast SEO plugin. -->","yoast_head_json":{"title":"Deux Pots Maroon\/Bleu (set de 2) - H\u00fcbsch","description":"Les Deux Pots sont polyvalents et disponibles en deux variantes diff\u00e9rentes, chacune avec une couleur unique de marron ou de bleu. Fabriqu\u00e9s avec de la","robots":{"index":"index","follow":"follow","max-snippet":"max-snippet:-1","max-image-preview":"max-image-preview:large","max-video-preview":"max-video-preview:-1"},"canonical":"https:\/\/hubsch-interior.com\/fr\/wp-json\/wp\/v2\/product\/975824","og_locale":"fr_FR","og_type":"article","og_title":"Deux Pots Maroon\/Bleu (set de 2) - H\u00fcbsch","og_description":"Les Deux Pots sont polyvalents et disponibles en deux variantes diff\u00e9rentes, chacune avec une couleur unique de marron ou de bleu. Fabriqu\u00e9s avec de la","og_url":"https:\/\/hubsch-interior.com\/fr\/produit\/deux-pots-maroon-bleu-set-de-2\/","og_site_name":"H\u00fcbsch","article_modified_time":"2026-04-09T02:29:06+00:00","og_image":[{"width":1200,"height":1200,"url":"https:\/\/hubsch-interior.com\/wp-content\/uploads\/2024\/11\/deux-pots-maroonblue-set-of-2-ce500e45519ca56fb870b9f04909d666.jpg","type":"image\/jpeg"}],"twitter_card":"summary_large_image","twitter_misc":{"Dur\u00e9e de lecture estim\u00e9e":"1 minute"},"schema":{"@context":"https:\/\/schema.org","@graph":[{"@type":"WebPage","@id":"https:\/\/hubsch-interior.com\/fr\/produit\/deux-pots-maroon-bleu-set-de-2\/","url":"https:\/\/hubsch-interior.com\/fr\/produit\/deux-pots-maroon-bleu-set-de-2\/","name":"Deux Pots Maroon\/Bleu (set de 2) - H\u00fcbsch","isPartOf":{"@id":"https:\/\/hubsch-interior.com\/fr\/#website"},"primaryImageOfPage":{"@id":"https:\/\/hubsch-interior.com\/fr\/produit\/deux-pots-maroon-bleu-set-de-2\/#primaryimage"},"image":{"@id":"https:\/\/hubsch-interior.com\/fr\/produit\/deux-pots-maroon-bleu-set-de-2\/#primaryimage"},"thumbnailUrl":"https:\/\/hubsch-interior.com\/wp-content\/uploads\/2026\/02\/deux-pots-maroonblue-set-of-2-9ab040f30de4fae606743ba67ce0a7d9.jpg","datePublished":"2024-01-29T07:32:06+00:00","dateModified":"2026-04-09T02:29:06+00:00","description":"Les Deux Pots sont polyvalents et disponibles en deux variantes diff\u00e9rentes, chacune avec une couleur unique de marron ou de bleu. Fabriqu\u00e9s avec de la","breadcrumb":{"@id":"https:\/\/hubsch-interior.com\/fr\/produit\/deux-pots-maroon-bleu-set-de-2\/#breadcrumb"},"inLanguage":"fr-FR","potentialAction":[{"@type":"ReadAction","target":["https:\/\/hubsch-interior.com\/fr\/produit\/deux-pots-maroon-bleu-set-de-2\/"]}]},{"@type":"ImageObject","inLanguage":"fr-FR","@id":"https:\/\/hubsch-interior.com\/fr\/produit\/deux-pots-maroon-bleu-set-de-2\/#primaryimage","url":"https:\/\/hubsch-interior.com\/wp-content\/uploads\/2026\/02\/deux-pots-maroonblue-set-of-2-9ab040f30de4fae606743ba67ce0a7d9.jpg","contentUrl":"https:\/\/hubsch-interior.com\/wp-content\/uploads\/2026\/02\/deux-pots-maroonblue-set-of-2-9ab040f30de4fae606743ba67ce0a7d9.jpg","width":1024,"height":1024},{"@type":"BreadcrumbList","@id":"https:\/\/hubsch-interior.com\/fr\/produit\/deux-pots-maroon-bleu-set-de-2\/#breadcrumb","itemListElement":[{"@type":"ListItem","position":1,"name":"Page d'accueil","item":"https:\/\/hubsch-interior.com\/fr\/"},{"@type":"ListItem","position":2,"name":"Produits","item":"https:\/\/hubsch-interior.com\/fr\/shop-2\/"},{"@type":"ListItem","position":3,"name":"Accessoires maison","item":"https:\/\/hubsch-interior.com\/fr\/categorie-produit\/accessoires-maison\/"},{"@type":"ListItem","position":4,"name":"Pots de fleur et arrosior","item":"https:\/\/hubsch-interior.com\/fr\/categorie-produit\/accessoires-maison\/pots-de-fleur-et-arrosior-fr\/"},{"@type":"ListItem","position":5,"name":"Cache pots","item":"https:\/\/hubsch-interior.com\/fr\/categorie-produit\/accessoires-maison\/pots-de-fleur-et-arrosior-fr\/cache-pots-fr\/"},{"@type":"ListItem","position":6,"name":"Deux Pots Maroon\/Bleu (set de 2)"}]},{"@type":"WebSite","@id":"https:\/\/hubsch-interior.com\/fr\/#website","url":"https:\/\/hubsch-interior.com\/fr\/","name":"H\u00fcbsch","description":"Danish Home Interior and Design","publisher":{"@id":"https:\/\/hubsch-interior.com\/fr\/#organization"},"potentialAction":[{"@type":"SearchAction","target":{"@type":"EntryPoint","urlTemplate":"https:\/\/hubsch-interior.com\/fr\/?s={search_term_string}"},"query-input":{"@type":"PropertyValueSpecification","valueRequired":true,"valueName":"search_term_string"}}],"inLanguage":"fr-FR"},{"@type":"Organization","@id":"https:\/\/hubsch-interior.com\/fr\/#organization","name":"H\u00fcbsch","url":"https:\/\/hubsch-interior.com\/fr\/","logo":{"@type":"ImageObject","inLanguage":"fr-FR","@id":"https:\/\/hubsch-interior.com\/fr\/#\/schema\/logo\/image\/","url":"https:\/\/hubsch-interior.com\/wp-content\/uploads\/2022\/12\/Hubsch_logo_black_one_line.svg","contentUrl":"https:\/\/hubsch-interior.com\/wp-content\/uploads\/2022\/12\/Hubsch_logo_black_one_line.svg","caption":"H\u00fcbsch"},"image":{"@id":"https:\/\/hubsch-interior.com\/fr\/#\/schema\/logo\/image\/"}}]}},"_links":{"self":[{"href":"https:\/\/hubsch-interior.com\/fr\/wp-json\/wp\/v2\/product\/975824","targetHints":{"allow":["GET"]}}],"collection":[{"href":"https:\/\/hubsch-interior.com\/fr\/wp-json\/wp\/v2\/product"}],"about":[{"href":"https:\/\/hubsch-interior.com\/fr\/wp-json\/wp\/v2\/types\/product"}],"wp:featuredmedia":[{"embeddable":true,"href":"https:\/\/hubsch-interior.com\/fr\/wp-json\/wp\/v2\/media\/1096651"}],"wp:attachment":[{"href":"https:\/\/hubsch-interior.com\/fr\/wp-json\/wp\/v2\/media?parent=975824"}],"wp:term":[{"taxonomy":"product_brand","embeddable":true,"href":"https:\/\/hubsch-interior.com\/fr\/wp-json\/wp\/v2\/product_brand?post=975824"},{"taxonomy":"product_cat","embeddable":true,"href":"https:\/\/hubsch-interior.com\/fr\/wp-json\/wp\/v2\/product_cat?post=975824"},{"taxonomy":"product_tag","embeddable":true,"href":"https:\/\/hubsch-interior.com\/fr\/wp-json\/wp\/v2\/product_tag?post=975824"}],"curies":[{"name":"wp","href":"https:\/\/api.w.org\/{rel}","templated":true}]}}