{"id":975856,"date":"2024-01-29T08:32:18","date_gmt":"2024-01-29T07:32:18","guid":{"rendered":"https:\/\/hubsch-interior.com\/product\/product\/"},"modified":"2026-04-09T04:29:12","modified_gmt":"2026-04-09T02:29:12","slug":"amare-plateau-plat-a-servir-bleu-claire-orange-set-de-2","status":"publish","type":"product","link":"https:\/\/hubsch-interior.com\/fr\/produit\/amare-plateau-plat-a-servir-bleu-claire-orange-set-de-2\/","title":{"rendered":"Amare Plateau\/Plat \u00e0 servir Bleu claire\/Orange (set de 2)"},"content":{"rendered":"<p>D\u00e9couvrez les Plateaux\/Plats \u00e0 servir Amare \u2014 l&#8217;ajout parfait \u00e0 votre d\u00e9coration int\u00e9rieure ! Disponibles en deux tailles et dans un magnifique m\u00e9lange de bleu clair et d&#8217;orange, ces plateaux ne manqueront pas de faire sensation dans n&#8217;importe quelle pi\u00e8ce. Fabriqu\u00e9s en poudre de pierre durable et \u00e9l\u00e9gante, ils sont non seulement pratiques, mais ajoutent \u00e9galement une touche d&#8217;\u00e9l\u00e9gance \u00e0 votre exp\u00e9rience culinaire. Compl\u00e9tez votre collection Amare avec cet ensemble de plateaux et mettez en valeur vos cr\u00e9ations culinaires lors de votre prochain d\u00eener ou servez un petit d\u00e9jeuner avec style. Ces plateaux ne sont pas seulement destin\u00e9s au service, ils peuvent aussi servir de magnifiques pi\u00e8ces ma\u00eetresses pour mettre en valeur votre d\u00e9coration int\u00e9rieure. Relevez votre jeu de service avec les Plateaux\/Plats \u00e0 servir Amare.<\/p>\n","protected":false},"excerpt":{"rendered":"<p>D\u00e9couvrez les Plateaux\/Plats \u00e0 servir Amare \u2014 l&#8217;ajout parfait \u00e0 votre d\u00e9coration int\u00e9rieure ! Disponibles en deux tailles et dans un magnifique m\u00e9lange de bleu clair et d&#8217;orange, ces plateaux ne manqueront pas de faire sensation dans n&#8217;importe quelle pi\u00e8ce. Fabriqu\u00e9s en poudre de pierre durable et \u00e9l\u00e9gante, ils sont non seulement pratiques, mais ajoutent [&hellip;]<\/p>\n","protected":false},"featured_media":1096671,"template":"","meta":{"_acf_changed":false,"inline_featured_image":false},"product_brand":[],"product_cat":[6882,7028,6971,7027,6673,6348,4053,4095,5026,6535],"product_tag":[],"class_list":{"0":"post-975856","1":"product","2":"type-product","3":"status-publish","4":"has-post-thumbnail","6":"product_cat-elevating-nostalgia-fr","7":"product_cat-plateaux-et-assiettes-de-service-fr","8":"product_cat-paques","9":"product_cat-vaisselle-fr-2","10":"product_cat-amare-vaisselle-fr","11":"product_cat-garden-selection-fr","12":"product_cat-accessoires-de-cuisine-fr","13":"product_cat-vaisselle-fr","14":"product_cat-bestsellers-fr","15":"product_cat-outlet-fr","16":"product_shipping_class-pk","18":"pa_color-orange-fr","19":"pa_color-bleu-claire-2","20":"pa_material-stone-powder-100-3","22":"first","23":"instock","24":"sale","25":"featured","26":"taxable","27":"shipping-taxable","28":"purchasable","29":"product-type-simple"},"exclude_global_add_ons":[],"addons":[],"acf":[],"yoast_head":"<!-- This site is optimized with the Yoast SEO plugin v26.4 - https:\/\/yoast.com\/wordpress\/plugins\/seo\/ -->\n<title>Amare Plateau\/Plat \u00e0 servir Bleu claire\/Orange (set de 2) - H\u00fcbsch<\/title>\n<meta name=\"description\" content=\"D\u00e9couvrez les Plateaux\/Plats \u00e0 servir Amare \u2014 l&#039;ajout parfait \u00e0 votre d\u00e9coration int\u00e9rieure ! Disponibles en deux tailles et dans un magnifique m\u00e9lange de\" \/>\n<meta name=\"robots\" content=\"index, follow, max-snippet:-1, max-image-preview:large, max-video-preview:-1\" \/>\n<link rel=\"canonical\" href=\"https:\/\/hubsch-interior.com\/fr\/wp-json\/wp\/v2\/product\/975856\" \/>\n<meta property=\"og:locale\" content=\"fr_FR\" \/>\n<meta property=\"og:type\" content=\"article\" \/>\n<meta property=\"og:title\" content=\"Amare Plateau\/Plat \u00e0 servir Bleu claire\/Orange (set de 2) - H\u00fcbsch\" \/>\n<meta property=\"og:description\" content=\"D\u00e9couvrez les Plateaux\/Plats \u00e0 servir Amare \u2014 l&#039;ajout parfait \u00e0 votre d\u00e9coration int\u00e9rieure ! Disponibles en deux tailles et dans un magnifique m\u00e9lange de\" \/>\n<meta property=\"og:url\" content=\"https:\/\/hubsch-interior.com\/fr\/produit\/amare-plateau-plat-a-servir-bleu-claire-orange-set-de-2\/\" \/>\n<meta property=\"og:site_name\" content=\"H\u00fcbsch\" \/>\n<meta property=\"article:modified_time\" content=\"2026-04-09T02:29:12+00:00\" \/>\n<meta property=\"og:image\" content=\"https:\/\/hubsch-interior.com\/wp-content\/uploads\/2025\/04\/amare-serving-trays-light-blueorange-set-of-2-8a1baeefb0e70e712cd37b73676c8941.jpg\" \/>\n\t<meta property=\"og:image:width\" content=\"1200\" \/>\n\t<meta property=\"og:image:height\" content=\"1200\" \/>\n\t<meta property=\"og:image:type\" content=\"image\/jpeg\" \/>\n<meta name=\"twitter:card\" content=\"summary_large_image\" \/>\n<meta name=\"twitter:label1\" content=\"Dur\u00e9e de lecture estim\u00e9e\" \/>\n\t<meta name=\"twitter:data1\" content=\"1 minute\" \/>\n<script type=\"application\/ld+json\" class=\"yoast-schema-graph\">{\"@context\":\"https:\/\/schema.org\",\"@graph\":[{\"@type\":\"WebPage\",\"@id\":\"https:\/\/hubsch-interior.com\/fr\/produit\/amare-plateau-plat-a-servir-bleu-claire-orange-set-de-2\/\",\"url\":\"https:\/\/hubsch-interior.com\/fr\/produit\/amare-plateau-plat-a-servir-bleu-claire-orange-set-de-2\/\",\"name\":\"Amare Plateau\/Plat \u00e0 servir Bleu claire\/Orange (set de 2) - H\u00fcbsch\",\"isPartOf\":{\"@id\":\"https:\/\/hubsch-interior.com\/fr\/#website\"},\"primaryImageOfPage\":{\"@id\":\"https:\/\/hubsch-interior.com\/fr\/produit\/amare-plateau-plat-a-servir-bleu-claire-orange-set-de-2\/#primaryimage\"},\"image\":{\"@id\":\"https:\/\/hubsch-interior.com\/fr\/produit\/amare-plateau-plat-a-servir-bleu-claire-orange-set-de-2\/#primaryimage\"},\"thumbnailUrl\":\"https:\/\/hubsch-interior.com\/wp-content\/uploads\/2026\/02\/amare-serving-trays-light-blueorange-set-of-2-6ee50bba580a1b4a0f031272c2ad4a1e.jpg\",\"datePublished\":\"2024-01-29T07:32:18+00:00\",\"dateModified\":\"2026-04-09T02:29:12+00:00\",\"description\":\"D\u00e9couvrez les Plateaux\/Plats \u00e0 servir Amare \u2014 l'ajout parfait \u00e0 votre d\u00e9coration int\u00e9rieure ! Disponibles en deux tailles et dans un magnifique m\u00e9lange de\",\"breadcrumb\":{\"@id\":\"https:\/\/hubsch-interior.com\/fr\/produit\/amare-plateau-plat-a-servir-bleu-claire-orange-set-de-2\/#breadcrumb\"},\"inLanguage\":\"fr-FR\",\"potentialAction\":[{\"@type\":\"ReadAction\",\"target\":[\"https:\/\/hubsch-interior.com\/fr\/produit\/amare-plateau-plat-a-servir-bleu-claire-orange-set-de-2\/\"]}]},{\"@type\":\"ImageObject\",\"inLanguage\":\"fr-FR\",\"@id\":\"https:\/\/hubsch-interior.com\/fr\/produit\/amare-plateau-plat-a-servir-bleu-claire-orange-set-de-2\/#primaryimage\",\"url\":\"https:\/\/hubsch-interior.com\/wp-content\/uploads\/2026\/02\/amare-serving-trays-light-blueorange-set-of-2-6ee50bba580a1b4a0f031272c2ad4a1e.jpg\",\"contentUrl\":\"https:\/\/hubsch-interior.com\/wp-content\/uploads\/2026\/02\/amare-serving-trays-light-blueorange-set-of-2-6ee50bba580a1b4a0f031272c2ad4a1e.jpg\",\"width\":1024,\"height\":1024},{\"@type\":\"BreadcrumbList\",\"@id\":\"https:\/\/hubsch-interior.com\/fr\/produit\/amare-plateau-plat-a-servir-bleu-claire-orange-set-de-2\/#breadcrumb\",\"itemListElement\":[{\"@type\":\"ListItem\",\"position\":1,\"name\":\"Page d'accueil\",\"item\":\"https:\/\/hubsch-interior.com\/fr\/\"},{\"@type\":\"ListItem\",\"position\":2,\"name\":\"Produits\",\"item\":\"https:\/\/hubsch-interior.com\/fr\/shop-2\/\"},{\"@type\":\"ListItem\",\"position\":3,\"name\":\"Cuisine\",\"item\":\"https:\/\/hubsch-interior.com\/fr\/categorie-produit\/cuisine\/\"},{\"@type\":\"ListItem\",\"position\":4,\"name\":\"Vaisselle\",\"item\":\"https:\/\/hubsch-interior.com\/fr\/categorie-produit\/cuisine\/vaisselle-fr-2\/\"},{\"@type\":\"ListItem\",\"position\":5,\"name\":\"Plateaux et Assiettes de service\",\"item\":\"https:\/\/hubsch-interior.com\/fr\/categorie-produit\/cuisine\/vaisselle-fr-2\/plateaux-et-assiettes-de-service-fr\/\"},{\"@type\":\"ListItem\",\"position\":6,\"name\":\"Amare Plateau\/Plat \u00e0 servir Bleu claire\/Orange (set de 2)\"}]},{\"@type\":\"WebSite\",\"@id\":\"https:\/\/hubsch-interior.com\/fr\/#website\",\"url\":\"https:\/\/hubsch-interior.com\/fr\/\",\"name\":\"H\u00fcbsch\",\"description\":\"Danish Home Interior and Design\",\"publisher\":{\"@id\":\"https:\/\/hubsch-interior.com\/fr\/#organization\"},\"potentialAction\":[{\"@type\":\"SearchAction\",\"target\":{\"@type\":\"EntryPoint\",\"urlTemplate\":\"https:\/\/hubsch-interior.com\/fr\/?s={search_term_string}\"},\"query-input\":{\"@type\":\"PropertyValueSpecification\",\"valueRequired\":true,\"valueName\":\"search_term_string\"}}],\"inLanguage\":\"fr-FR\"},{\"@type\":\"Organization\",\"@id\":\"https:\/\/hubsch-interior.com\/fr\/#organization\",\"name\":\"H\u00fcbsch\",\"url\":\"https:\/\/hubsch-interior.com\/fr\/\",\"logo\":{\"@type\":\"ImageObject\",\"inLanguage\":\"fr-FR\",\"@id\":\"https:\/\/hubsch-interior.com\/fr\/#\/schema\/logo\/image\/\",\"url\":\"https:\/\/hubsch-interior.com\/wp-content\/uploads\/2022\/12\/Hubsch_logo_black_one_line.svg\",\"contentUrl\":\"https:\/\/hubsch-interior.com\/wp-content\/uploads\/2022\/12\/Hubsch_logo_black_one_line.svg\",\"caption\":\"H\u00fcbsch\"},\"image\":{\"@id\":\"https:\/\/hubsch-interior.com\/fr\/#\/schema\/logo\/image\/\"}}]}<\/script>\n<!-- \/ Yoast SEO plugin. -->","yoast_head_json":{"title":"Amare Plateau\/Plat \u00e0 servir Bleu claire\/Orange (set de 2) - H\u00fcbsch","description":"D\u00e9couvrez les Plateaux\/Plats \u00e0 servir Amare \u2014 l'ajout parfait \u00e0 votre d\u00e9coration int\u00e9rieure ! Disponibles en deux tailles et dans un magnifique m\u00e9lange de","robots":{"index":"index","follow":"follow","max-snippet":"max-snippet:-1","max-image-preview":"max-image-preview:large","max-video-preview":"max-video-preview:-1"},"canonical":"https:\/\/hubsch-interior.com\/fr\/wp-json\/wp\/v2\/product\/975856","og_locale":"fr_FR","og_type":"article","og_title":"Amare Plateau\/Plat \u00e0 servir Bleu claire\/Orange (set de 2) - H\u00fcbsch","og_description":"D\u00e9couvrez les Plateaux\/Plats \u00e0 servir Amare \u2014 l'ajout parfait \u00e0 votre d\u00e9coration int\u00e9rieure ! Disponibles en deux tailles et dans un magnifique m\u00e9lange de","og_url":"https:\/\/hubsch-interior.com\/fr\/produit\/amare-plateau-plat-a-servir-bleu-claire-orange-set-de-2\/","og_site_name":"H\u00fcbsch","article_modified_time":"2026-04-09T02:29:12+00:00","og_image":[{"width":1200,"height":1200,"url":"https:\/\/hubsch-interior.com\/wp-content\/uploads\/2025\/04\/amare-serving-trays-light-blueorange-set-of-2-8a1baeefb0e70e712cd37b73676c8941.jpg","type":"image\/jpeg"}],"twitter_card":"summary_large_image","twitter_misc":{"Dur\u00e9e de lecture estim\u00e9e":"1 minute"},"schema":{"@context":"https:\/\/schema.org","@graph":[{"@type":"WebPage","@id":"https:\/\/hubsch-interior.com\/fr\/produit\/amare-plateau-plat-a-servir-bleu-claire-orange-set-de-2\/","url":"https:\/\/hubsch-interior.com\/fr\/produit\/amare-plateau-plat-a-servir-bleu-claire-orange-set-de-2\/","name":"Amare Plateau\/Plat \u00e0 servir Bleu claire\/Orange (set de 2) - H\u00fcbsch","isPartOf":{"@id":"https:\/\/hubsch-interior.com\/fr\/#website"},"primaryImageOfPage":{"@id":"https:\/\/hubsch-interior.com\/fr\/produit\/amare-plateau-plat-a-servir-bleu-claire-orange-set-de-2\/#primaryimage"},"image":{"@id":"https:\/\/hubsch-interior.com\/fr\/produit\/amare-plateau-plat-a-servir-bleu-claire-orange-set-de-2\/#primaryimage"},"thumbnailUrl":"https:\/\/hubsch-interior.com\/wp-content\/uploads\/2026\/02\/amare-serving-trays-light-blueorange-set-of-2-6ee50bba580a1b4a0f031272c2ad4a1e.jpg","datePublished":"2024-01-29T07:32:18+00:00","dateModified":"2026-04-09T02:29:12+00:00","description":"D\u00e9couvrez les Plateaux\/Plats \u00e0 servir Amare \u2014 l'ajout parfait \u00e0 votre d\u00e9coration int\u00e9rieure ! Disponibles en deux tailles et dans un magnifique m\u00e9lange de","breadcrumb":{"@id":"https:\/\/hubsch-interior.com\/fr\/produit\/amare-plateau-plat-a-servir-bleu-claire-orange-set-de-2\/#breadcrumb"},"inLanguage":"fr-FR","potentialAction":[{"@type":"ReadAction","target":["https:\/\/hubsch-interior.com\/fr\/produit\/amare-plateau-plat-a-servir-bleu-claire-orange-set-de-2\/"]}]},{"@type":"ImageObject","inLanguage":"fr-FR","@id":"https:\/\/hubsch-interior.com\/fr\/produit\/amare-plateau-plat-a-servir-bleu-claire-orange-set-de-2\/#primaryimage","url":"https:\/\/hubsch-interior.com\/wp-content\/uploads\/2026\/02\/amare-serving-trays-light-blueorange-set-of-2-6ee50bba580a1b4a0f031272c2ad4a1e.jpg","contentUrl":"https:\/\/hubsch-interior.com\/wp-content\/uploads\/2026\/02\/amare-serving-trays-light-blueorange-set-of-2-6ee50bba580a1b4a0f031272c2ad4a1e.jpg","width":1024,"height":1024},{"@type":"BreadcrumbList","@id":"https:\/\/hubsch-interior.com\/fr\/produit\/amare-plateau-plat-a-servir-bleu-claire-orange-set-de-2\/#breadcrumb","itemListElement":[{"@type":"ListItem","position":1,"name":"Page d'accueil","item":"https:\/\/hubsch-interior.com\/fr\/"},{"@type":"ListItem","position":2,"name":"Produits","item":"https:\/\/hubsch-interior.com\/fr\/shop-2\/"},{"@type":"ListItem","position":3,"name":"Cuisine","item":"https:\/\/hubsch-interior.com\/fr\/categorie-produit\/cuisine\/"},{"@type":"ListItem","position":4,"name":"Vaisselle","item":"https:\/\/hubsch-interior.com\/fr\/categorie-produit\/cuisine\/vaisselle-fr-2\/"},{"@type":"ListItem","position":5,"name":"Plateaux et Assiettes de service","item":"https:\/\/hubsch-interior.com\/fr\/categorie-produit\/cuisine\/vaisselle-fr-2\/plateaux-et-assiettes-de-service-fr\/"},{"@type":"ListItem","position":6,"name":"Amare Plateau\/Plat \u00e0 servir Bleu claire\/Orange (set de 2)"}]},{"@type":"WebSite","@id":"https:\/\/hubsch-interior.com\/fr\/#website","url":"https:\/\/hubsch-interior.com\/fr\/","name":"H\u00fcbsch","description":"Danish Home Interior and Design","publisher":{"@id":"https:\/\/hubsch-interior.com\/fr\/#organization"},"potentialAction":[{"@type":"SearchAction","target":{"@type":"EntryPoint","urlTemplate":"https:\/\/hubsch-interior.com\/fr\/?s={search_term_string}"},"query-input":{"@type":"PropertyValueSpecification","valueRequired":true,"valueName":"search_term_string"}}],"inLanguage":"fr-FR"},{"@type":"Organization","@id":"https:\/\/hubsch-interior.com\/fr\/#organization","name":"H\u00fcbsch","url":"https:\/\/hubsch-interior.com\/fr\/","logo":{"@type":"ImageObject","inLanguage":"fr-FR","@id":"https:\/\/hubsch-interior.com\/fr\/#\/schema\/logo\/image\/","url":"https:\/\/hubsch-interior.com\/wp-content\/uploads\/2022\/12\/Hubsch_logo_black_one_line.svg","contentUrl":"https:\/\/hubsch-interior.com\/wp-content\/uploads\/2022\/12\/Hubsch_logo_black_one_line.svg","caption":"H\u00fcbsch"},"image":{"@id":"https:\/\/hubsch-interior.com\/fr\/#\/schema\/logo\/image\/"}}]}},"_links":{"self":[{"href":"https:\/\/hubsch-interior.com\/fr\/wp-json\/wp\/v2\/product\/975856","targetHints":{"allow":["GET"]}}],"collection":[{"href":"https:\/\/hubsch-interior.com\/fr\/wp-json\/wp\/v2\/product"}],"about":[{"href":"https:\/\/hubsch-interior.com\/fr\/wp-json\/wp\/v2\/types\/product"}],"wp:featuredmedia":[{"embeddable":true,"href":"https:\/\/hubsch-interior.com\/fr\/wp-json\/wp\/v2\/media\/1096671"}],"wp:attachment":[{"href":"https:\/\/hubsch-interior.com\/fr\/wp-json\/wp\/v2\/media?parent=975856"}],"wp:term":[{"taxonomy":"product_brand","embeddable":true,"href":"https:\/\/hubsch-interior.com\/fr\/wp-json\/wp\/v2\/product_brand?post=975856"},{"taxonomy":"product_cat","embeddable":true,"href":"https:\/\/hubsch-interior.com\/fr\/wp-json\/wp\/v2\/product_cat?post=975856"},{"taxonomy":"product_tag","embeddable":true,"href":"https:\/\/hubsch-interior.com\/fr\/wp-json\/wp\/v2\/product_tag?post=975856"}],"curies":[{"name":"wp","href":"https:\/\/api.w.org\/{rel}","templated":true}]}}