{"id":975892,"date":"2024-01-29T08:32:47","date_gmt":"2024-01-29T07:32:47","guid":{"rendered":"https:\/\/hubsch-interior.com\/product\/product\/"},"modified":"2026-04-10T04:32:26","modified_gmt":"2026-04-10T02:32:26","slug":"mano-menagere-brushed-set-de-16","status":"publish","type":"product","link":"https:\/\/hubsch-interior.com\/fr\/produit\/mano-menagere-brushed-set-de-16\/","title":{"rendered":"Mano M\u00e9nag\u00e8re Brushed (set de 16)"},"content":{"rendered":"<p>D\u00e9couvrez la Mano M\u00e9nag\u00e8re \u2014 un incontournable pour chaque table \u00e0 manger. Fabriqu\u00e9e en acier 18\/10 chrome-nickel, cette variante se pr\u00e9sente dans une finition bross\u00e9e \u00e9l\u00e9gante, ajoutant une touche de sophistication \u00e0 votre exp\u00e9rience culinaire. Son mat\u00e9riau durable et de haute qualit\u00e9 garantit qu&#8217;elle est r\u00e9sistante \u00e0 la rouille, en faisant un investissement durable. M\u00e9langez et assortissez avec la version textur\u00e9e pour cr\u00e9er un agencement de table intrigant et dynamique. Embellissez votre d\u00e9coration de table avec le design intemporel et \u00e9l\u00e9gant de la Mano M\u00e9nag\u00e8re.<\/p>\n","protected":false},"excerpt":{"rendered":"<p>D\u00e9couvrez la Mano M\u00e9nag\u00e8re \u2014 un incontournable pour chaque table \u00e0 manger. Fabriqu\u00e9e en acier 18\/10 chrome-nickel, cette variante se pr\u00e9sente dans une finition bross\u00e9e \u00e9l\u00e9gante, ajoutant une touche de sophistication \u00e0 votre exp\u00e9rience culinaire. Son mat\u00e9riau durable et de haute qualit\u00e9 garantit qu&#8217;elle est r\u00e9sistante \u00e0 la rouille, en faisant un investissement durable. M\u00e9langez [&hellip;]<\/p>\n","protected":false},"featured_media":1097490,"template":"","meta":{"_acf_changed":false,"inline_featured_image":false},"product_brand":[],"product_cat":[7051,6882,6971,7027,6348,4053,4095,5026,6535],"product_tag":[],"class_list":{"0":"post-975892","1":"product","2":"type-product","3":"status-publish","4":"has-post-thumbnail","6":"product_cat-couverts-fr","7":"product_cat-elevating-nostalgia-fr","8":"product_cat-paques","9":"product_cat-vaisselle-fr-2","10":"product_cat-garden-selection-fr","11":"product_cat-accessoires-de-cuisine-fr","12":"product_cat-vaisselle-fr","13":"product_cat-bestsellers-fr","14":"product_cat-outlet-fr","15":"product_shipping_class-pk","17":"pa_material-acier-inoxydable","19":"first","20":"instock","21":"sale","22":"featured","23":"taxable","24":"shipping-taxable","25":"purchasable","26":"product-type-simple"},"exclude_global_add_ons":[],"addons":[],"acf":[],"yoast_head":"<!-- This site is optimized with the Yoast SEO plugin v26.4 - https:\/\/yoast.com\/wordpress\/plugins\/seo\/ -->\n<title>Mano M\u00e9nag\u00e8re Brushed (set de 16) - H\u00fcbsch<\/title>\n<meta name=\"description\" content=\"D\u00e9couvrez la Mano M\u00e9nag\u00e8re \u2014 un incontournable pour chaque table \u00e0 manger. Fabriqu\u00e9e en acier 18\/10 chrome-nickel, cette variante se pr\u00e9sente dans une\" \/>\n<meta name=\"robots\" content=\"index, follow, max-snippet:-1, max-image-preview:large, max-video-preview:-1\" \/>\n<link rel=\"canonical\" href=\"https:\/\/hubsch-interior.com\/fr\/wp-json\/wp\/v2\/product\/975892\" \/>\n<meta property=\"og:locale\" content=\"fr_FR\" \/>\n<meta property=\"og:type\" content=\"article\" \/>\n<meta property=\"og:title\" content=\"Mano M\u00e9nag\u00e8re Brushed (set de 16) - H\u00fcbsch\" \/>\n<meta property=\"og:description\" content=\"D\u00e9couvrez la Mano M\u00e9nag\u00e8re \u2014 un incontournable pour chaque table \u00e0 manger. Fabriqu\u00e9e en acier 18\/10 chrome-nickel, cette variante se pr\u00e9sente dans une\" \/>\n<meta property=\"og:url\" content=\"https:\/\/hubsch-interior.com\/fr\/produit\/mano-menagere-brushed-set-de-16\/\" \/>\n<meta property=\"og:site_name\" content=\"H\u00fcbsch\" \/>\n<meta property=\"article:modified_time\" content=\"2026-04-10T02:32:26+00:00\" \/>\n<meta property=\"og:image\" content=\"https:\/\/hubsch-interior.com\/wp-content\/uploads\/2024\/01\/mano-cutlery-brushed-set-of-16-9bc869cf20914fb8cc613ac8bbedb34a.jpg\" \/>\n\t<meta property=\"og:image:width\" content=\"1200\" \/>\n\t<meta property=\"og:image:height\" content=\"1200\" \/>\n\t<meta property=\"og:image:type\" content=\"image\/jpeg\" \/>\n<meta name=\"twitter:card\" content=\"summary_large_image\" \/>\n<script type=\"application\/ld+json\" class=\"yoast-schema-graph\">{\"@context\":\"https:\/\/schema.org\",\"@graph\":[{\"@type\":\"WebPage\",\"@id\":\"https:\/\/hubsch-interior.com\/fr\/produit\/mano-menagere-brushed-set-de-16\/\",\"url\":\"https:\/\/hubsch-interior.com\/fr\/produit\/mano-menagere-brushed-set-de-16\/\",\"name\":\"Mano M\u00e9nag\u00e8re Brushed (set de 16) - H\u00fcbsch\",\"isPartOf\":{\"@id\":\"https:\/\/hubsch-interior.com\/fr\/#website\"},\"primaryImageOfPage\":{\"@id\":\"https:\/\/hubsch-interior.com\/fr\/produit\/mano-menagere-brushed-set-de-16\/#primaryimage\"},\"image\":{\"@id\":\"https:\/\/hubsch-interior.com\/fr\/produit\/mano-menagere-brushed-set-de-16\/#primaryimage\"},\"thumbnailUrl\":\"https:\/\/hubsch-interior.com\/wp-content\/uploads\/2026\/02\/mano-cutlery-brushed-set-of-16-a6026e46e9f53a58119b6e822e47153a.jpg\",\"datePublished\":\"2024-01-29T07:32:47+00:00\",\"dateModified\":\"2026-04-10T02:32:26+00:00\",\"description\":\"D\u00e9couvrez la Mano M\u00e9nag\u00e8re \u2014 un incontournable pour chaque table \u00e0 manger. Fabriqu\u00e9e en acier 18\/10 chrome-nickel, cette variante se pr\u00e9sente dans une\",\"breadcrumb\":{\"@id\":\"https:\/\/hubsch-interior.com\/fr\/produit\/mano-menagere-brushed-set-de-16\/#breadcrumb\"},\"inLanguage\":\"fr-FR\",\"potentialAction\":[{\"@type\":\"ReadAction\",\"target\":[\"https:\/\/hubsch-interior.com\/fr\/produit\/mano-menagere-brushed-set-de-16\/\"]}]},{\"@type\":\"ImageObject\",\"inLanguage\":\"fr-FR\",\"@id\":\"https:\/\/hubsch-interior.com\/fr\/produit\/mano-menagere-brushed-set-de-16\/#primaryimage\",\"url\":\"https:\/\/hubsch-interior.com\/wp-content\/uploads\/2026\/02\/mano-cutlery-brushed-set-of-16-a6026e46e9f53a58119b6e822e47153a.jpg\",\"contentUrl\":\"https:\/\/hubsch-interior.com\/wp-content\/uploads\/2026\/02\/mano-cutlery-brushed-set-of-16-a6026e46e9f53a58119b6e822e47153a.jpg\",\"width\":1024,\"height\":1024},{\"@type\":\"BreadcrumbList\",\"@id\":\"https:\/\/hubsch-interior.com\/fr\/produit\/mano-menagere-brushed-set-de-16\/#breadcrumb\",\"itemListElement\":[{\"@type\":\"ListItem\",\"position\":1,\"name\":\"Page d'accueil\",\"item\":\"https:\/\/hubsch-interior.com\/fr\/\"},{\"@type\":\"ListItem\",\"position\":2,\"name\":\"Produits\",\"item\":\"https:\/\/hubsch-interior.com\/fr\/shop-2\/\"},{\"@type\":\"ListItem\",\"position\":3,\"name\":\"Cuisine\",\"item\":\"https:\/\/hubsch-interior.com\/fr\/categorie-produit\/cuisine\/\"},{\"@type\":\"ListItem\",\"position\":4,\"name\":\"Vaisselle\",\"item\":\"https:\/\/hubsch-interior.com\/fr\/categorie-produit\/cuisine\/vaisselle-fr-2\/\"},{\"@type\":\"ListItem\",\"position\":5,\"name\":\"Couverts\",\"item\":\"https:\/\/hubsch-interior.com\/fr\/categorie-produit\/cuisine\/vaisselle-fr-2\/couverts-fr\/\"},{\"@type\":\"ListItem\",\"position\":6,\"name\":\"Mano M\u00e9nag\u00e8re Brushed (set de 16)\"}]},{\"@type\":\"WebSite\",\"@id\":\"https:\/\/hubsch-interior.com\/fr\/#website\",\"url\":\"https:\/\/hubsch-interior.com\/fr\/\",\"name\":\"H\u00fcbsch\",\"description\":\"Danish Home Interior and Design\",\"publisher\":{\"@id\":\"https:\/\/hubsch-interior.com\/fr\/#organization\"},\"potentialAction\":[{\"@type\":\"SearchAction\",\"target\":{\"@type\":\"EntryPoint\",\"urlTemplate\":\"https:\/\/hubsch-interior.com\/fr\/?s={search_term_string}\"},\"query-input\":{\"@type\":\"PropertyValueSpecification\",\"valueRequired\":true,\"valueName\":\"search_term_string\"}}],\"inLanguage\":\"fr-FR\"},{\"@type\":\"Organization\",\"@id\":\"https:\/\/hubsch-interior.com\/fr\/#organization\",\"name\":\"H\u00fcbsch\",\"url\":\"https:\/\/hubsch-interior.com\/fr\/\",\"logo\":{\"@type\":\"ImageObject\",\"inLanguage\":\"fr-FR\",\"@id\":\"https:\/\/hubsch-interior.com\/fr\/#\/schema\/logo\/image\/\",\"url\":\"https:\/\/hubsch-interior.com\/wp-content\/uploads\/2022\/12\/Hubsch_logo_black_one_line.svg\",\"contentUrl\":\"https:\/\/hubsch-interior.com\/wp-content\/uploads\/2022\/12\/Hubsch_logo_black_one_line.svg\",\"caption\":\"H\u00fcbsch\"},\"image\":{\"@id\":\"https:\/\/hubsch-interior.com\/fr\/#\/schema\/logo\/image\/\"}}]}<\/script>\n<!-- \/ Yoast SEO plugin. -->","yoast_head_json":{"title":"Mano M\u00e9nag\u00e8re Brushed (set de 16) - H\u00fcbsch","description":"D\u00e9couvrez la Mano M\u00e9nag\u00e8re \u2014 un incontournable pour chaque table \u00e0 manger. Fabriqu\u00e9e en acier 18\/10 chrome-nickel, cette variante se pr\u00e9sente dans une","robots":{"index":"index","follow":"follow","max-snippet":"max-snippet:-1","max-image-preview":"max-image-preview:large","max-video-preview":"max-video-preview:-1"},"canonical":"https:\/\/hubsch-interior.com\/fr\/wp-json\/wp\/v2\/product\/975892","og_locale":"fr_FR","og_type":"article","og_title":"Mano M\u00e9nag\u00e8re Brushed (set de 16) - H\u00fcbsch","og_description":"D\u00e9couvrez la Mano M\u00e9nag\u00e8re \u2014 un incontournable pour chaque table \u00e0 manger. Fabriqu\u00e9e en acier 18\/10 chrome-nickel, cette variante se pr\u00e9sente dans une","og_url":"https:\/\/hubsch-interior.com\/fr\/produit\/mano-menagere-brushed-set-de-16\/","og_site_name":"H\u00fcbsch","article_modified_time":"2026-04-10T02:32:26+00:00","og_image":[{"width":1200,"height":1200,"url":"https:\/\/hubsch-interior.com\/wp-content\/uploads\/2024\/01\/mano-cutlery-brushed-set-of-16-9bc869cf20914fb8cc613ac8bbedb34a.jpg","type":"image\/jpeg"}],"twitter_card":"summary_large_image","schema":{"@context":"https:\/\/schema.org","@graph":[{"@type":"WebPage","@id":"https:\/\/hubsch-interior.com\/fr\/produit\/mano-menagere-brushed-set-de-16\/","url":"https:\/\/hubsch-interior.com\/fr\/produit\/mano-menagere-brushed-set-de-16\/","name":"Mano M\u00e9nag\u00e8re Brushed (set de 16) - H\u00fcbsch","isPartOf":{"@id":"https:\/\/hubsch-interior.com\/fr\/#website"},"primaryImageOfPage":{"@id":"https:\/\/hubsch-interior.com\/fr\/produit\/mano-menagere-brushed-set-de-16\/#primaryimage"},"image":{"@id":"https:\/\/hubsch-interior.com\/fr\/produit\/mano-menagere-brushed-set-de-16\/#primaryimage"},"thumbnailUrl":"https:\/\/hubsch-interior.com\/wp-content\/uploads\/2026\/02\/mano-cutlery-brushed-set-of-16-a6026e46e9f53a58119b6e822e47153a.jpg","datePublished":"2024-01-29T07:32:47+00:00","dateModified":"2026-04-10T02:32:26+00:00","description":"D\u00e9couvrez la Mano M\u00e9nag\u00e8re \u2014 un incontournable pour chaque table \u00e0 manger. Fabriqu\u00e9e en acier 18\/10 chrome-nickel, cette variante se pr\u00e9sente dans une","breadcrumb":{"@id":"https:\/\/hubsch-interior.com\/fr\/produit\/mano-menagere-brushed-set-de-16\/#breadcrumb"},"inLanguage":"fr-FR","potentialAction":[{"@type":"ReadAction","target":["https:\/\/hubsch-interior.com\/fr\/produit\/mano-menagere-brushed-set-de-16\/"]}]},{"@type":"ImageObject","inLanguage":"fr-FR","@id":"https:\/\/hubsch-interior.com\/fr\/produit\/mano-menagere-brushed-set-de-16\/#primaryimage","url":"https:\/\/hubsch-interior.com\/wp-content\/uploads\/2026\/02\/mano-cutlery-brushed-set-of-16-a6026e46e9f53a58119b6e822e47153a.jpg","contentUrl":"https:\/\/hubsch-interior.com\/wp-content\/uploads\/2026\/02\/mano-cutlery-brushed-set-of-16-a6026e46e9f53a58119b6e822e47153a.jpg","width":1024,"height":1024},{"@type":"BreadcrumbList","@id":"https:\/\/hubsch-interior.com\/fr\/produit\/mano-menagere-brushed-set-de-16\/#breadcrumb","itemListElement":[{"@type":"ListItem","position":1,"name":"Page d'accueil","item":"https:\/\/hubsch-interior.com\/fr\/"},{"@type":"ListItem","position":2,"name":"Produits","item":"https:\/\/hubsch-interior.com\/fr\/shop-2\/"},{"@type":"ListItem","position":3,"name":"Cuisine","item":"https:\/\/hubsch-interior.com\/fr\/categorie-produit\/cuisine\/"},{"@type":"ListItem","position":4,"name":"Vaisselle","item":"https:\/\/hubsch-interior.com\/fr\/categorie-produit\/cuisine\/vaisselle-fr-2\/"},{"@type":"ListItem","position":5,"name":"Couverts","item":"https:\/\/hubsch-interior.com\/fr\/categorie-produit\/cuisine\/vaisselle-fr-2\/couverts-fr\/"},{"@type":"ListItem","position":6,"name":"Mano M\u00e9nag\u00e8re Brushed (set de 16)"}]},{"@type":"WebSite","@id":"https:\/\/hubsch-interior.com\/fr\/#website","url":"https:\/\/hubsch-interior.com\/fr\/","name":"H\u00fcbsch","description":"Danish Home Interior and Design","publisher":{"@id":"https:\/\/hubsch-interior.com\/fr\/#organization"},"potentialAction":[{"@type":"SearchAction","target":{"@type":"EntryPoint","urlTemplate":"https:\/\/hubsch-interior.com\/fr\/?s={search_term_string}"},"query-input":{"@type":"PropertyValueSpecification","valueRequired":true,"valueName":"search_term_string"}}],"inLanguage":"fr-FR"},{"@type":"Organization","@id":"https:\/\/hubsch-interior.com\/fr\/#organization","name":"H\u00fcbsch","url":"https:\/\/hubsch-interior.com\/fr\/","logo":{"@type":"ImageObject","inLanguage":"fr-FR","@id":"https:\/\/hubsch-interior.com\/fr\/#\/schema\/logo\/image\/","url":"https:\/\/hubsch-interior.com\/wp-content\/uploads\/2022\/12\/Hubsch_logo_black_one_line.svg","contentUrl":"https:\/\/hubsch-interior.com\/wp-content\/uploads\/2022\/12\/Hubsch_logo_black_one_line.svg","caption":"H\u00fcbsch"},"image":{"@id":"https:\/\/hubsch-interior.com\/fr\/#\/schema\/logo\/image\/"}}]}},"_links":{"self":[{"href":"https:\/\/hubsch-interior.com\/fr\/wp-json\/wp\/v2\/product\/975892","targetHints":{"allow":["GET"]}}],"collection":[{"href":"https:\/\/hubsch-interior.com\/fr\/wp-json\/wp\/v2\/product"}],"about":[{"href":"https:\/\/hubsch-interior.com\/fr\/wp-json\/wp\/v2\/types\/product"}],"wp:featuredmedia":[{"embeddable":true,"href":"https:\/\/hubsch-interior.com\/fr\/wp-json\/wp\/v2\/media\/1097490"}],"wp:attachment":[{"href":"https:\/\/hubsch-interior.com\/fr\/wp-json\/wp\/v2\/media?parent=975892"}],"wp:term":[{"taxonomy":"product_brand","embeddable":true,"href":"https:\/\/hubsch-interior.com\/fr\/wp-json\/wp\/v2\/product_brand?post=975892"},{"taxonomy":"product_cat","embeddable":true,"href":"https:\/\/hubsch-interior.com\/fr\/wp-json\/wp\/v2\/product_cat?post=975892"},{"taxonomy":"product_tag","embeddable":true,"href":"https:\/\/hubsch-interior.com\/fr\/wp-json\/wp\/v2\/product_tag?post=975892"}],"curies":[{"name":"wp","href":"https:\/\/api.w.org\/{rel}","templated":true}]}}