{"id":975916,"date":"2024-01-29T09:11:17","date_gmt":"2024-01-29T08:11:17","guid":{"rendered":"https:\/\/hubsch-interior.com\/product\/product\/"},"modified":"2026-04-10T04:32:31","modified_gmt":"2026-04-10T02:32:31","slug":"mano-menagere-texture-set-de-16","status":"publish","type":"product","link":"https:\/\/hubsch-interior.com\/fr\/produit\/mano-menagere-texture-set-de-16\/","title":{"rendered":"Mano M\u00e9nag\u00e8re Textur\u00e9 (set de 16)"},"content":{"rendered":"<p>D\u00e9couvrez la Mano M\u00e9nag\u00e8re, la parfaite combinaison d&#8217;\u00e9l\u00e9gance intemporelle et de fonctionnalit\u00e9 moderne. Fabriqu\u00e9e en acier de qualit\u00e9 sup\u00e9rieure 18\/10 Chrome Nickel, cet ensemble est con\u00e7u pour durer et est r\u00e9sistant \u00e0 la rouille pour une utilisation de longue dur\u00e9e. La finition textur\u00e9e ajoute une touche de sophistication \u00e0 toute exp\u00e9rience culinaire. M\u00e9langez et assortissez avec la version bross\u00e9e pour cr\u00e9er une mise en table intrigante et dynamique. Durable et \u00e9l\u00e9gante, la Mano M\u00e9nag\u00e8re est le compl\u00e9ment parfait pour toute maison.<\/p>\n","protected":false},"excerpt":{"rendered":"<p>D\u00e9couvrez la Mano M\u00e9nag\u00e8re, la parfaite combinaison d&#8217;\u00e9l\u00e9gance intemporelle et de fonctionnalit\u00e9 moderne. Fabriqu\u00e9e en acier de qualit\u00e9 sup\u00e9rieure 18\/10 Chrome Nickel, cet ensemble est con\u00e7u pour durer et est r\u00e9sistant \u00e0 la rouille pour une utilisation de longue dur\u00e9e. La finition textur\u00e9e ajoute une touche de sophistication \u00e0 toute exp\u00e9rience culinaire. M\u00e9langez et assortissez [&hellip;]<\/p>\n","protected":false},"featured_media":1097506,"template":"","meta":{"_acf_changed":false,"inline_featured_image":false},"product_brand":[],"product_cat":[7051,6882,6971,7027,6348,4053,4095,5026,6535],"product_tag":[],"class_list":{"0":"post-975916","1":"product","2":"type-product","3":"status-publish","4":"has-post-thumbnail","6":"product_cat-couverts-fr","7":"product_cat-elevating-nostalgia-fr","8":"product_cat-paques","9":"product_cat-vaisselle-fr-2","10":"product_cat-garden-selection-fr","11":"product_cat-accessoires-de-cuisine-fr","12":"product_cat-vaisselle-fr","13":"product_cat-bestsellers-fr","14":"product_cat-outlet-fr","15":"product_shipping_class-pk","17":"pa_color-textur","18":"pa_material-acier-inoxydable","20":"first","21":"instock","22":"sale","23":"featured","24":"taxable","25":"shipping-taxable","26":"purchasable","27":"product-type-simple"},"exclude_global_add_ons":[],"addons":[],"acf":[],"yoast_head":"<!-- This site is optimized with the Yoast SEO plugin v26.4 - https:\/\/yoast.com\/wordpress\/plugins\/seo\/ -->\n<title>Mano M\u00e9nag\u00e8re Textur\u00e9 (set de 16) - H\u00fcbsch<\/title>\n<meta name=\"description\" content=\"D\u00e9couvrez la Mano M\u00e9nag\u00e8re, la parfaite combinaison d&#039;\u00e9l\u00e9gance intemporelle et de fonctionnalit\u00e9 moderne. Fabriqu\u00e9e en acier de qualit\u00e9 sup\u00e9rieure 18\/10\" \/>\n<meta name=\"robots\" content=\"index, follow, max-snippet:-1, max-image-preview:large, max-video-preview:-1\" \/>\n<link rel=\"canonical\" href=\"https:\/\/hubsch-interior.com\/fr\/wp-json\/wp\/v2\/product\/975916\" \/>\n<meta property=\"og:locale\" content=\"fr_FR\" \/>\n<meta property=\"og:type\" content=\"article\" \/>\n<meta property=\"og:title\" content=\"Mano M\u00e9nag\u00e8re Textur\u00e9 (set de 16) - H\u00fcbsch\" \/>\n<meta property=\"og:description\" content=\"D\u00e9couvrez la Mano M\u00e9nag\u00e8re, la parfaite combinaison d&#039;\u00e9l\u00e9gance intemporelle et de fonctionnalit\u00e9 moderne. Fabriqu\u00e9e en acier de qualit\u00e9 sup\u00e9rieure 18\/10\" \/>\n<meta property=\"og:url\" content=\"https:\/\/hubsch-interior.com\/fr\/produit\/mano-menagere-texture-set-de-16\/\" \/>\n<meta property=\"og:site_name\" content=\"H\u00fcbsch\" \/>\n<meta property=\"article:modified_time\" content=\"2026-04-10T02:32:31+00:00\" \/>\n<meta property=\"og:image\" content=\"https:\/\/hubsch-interior.com\/wp-content\/uploads\/2024\/01\/mano-cutlery-textured-set-of-16-3b159291bda886f56b474bf459aeaa96.jpg\" \/>\n\t<meta property=\"og:image:width\" content=\"1200\" \/>\n\t<meta property=\"og:image:height\" content=\"1200\" \/>\n\t<meta property=\"og:image:type\" content=\"image\/jpeg\" \/>\n<meta name=\"twitter:card\" content=\"summary_large_image\" \/>\n<script type=\"application\/ld+json\" class=\"yoast-schema-graph\">{\"@context\":\"https:\/\/schema.org\",\"@graph\":[{\"@type\":\"WebPage\",\"@id\":\"https:\/\/hubsch-interior.com\/fr\/produit\/mano-menagere-texture-set-de-16\/\",\"url\":\"https:\/\/hubsch-interior.com\/fr\/produit\/mano-menagere-texture-set-de-16\/\",\"name\":\"Mano M\u00e9nag\u00e8re Textur\u00e9 (set de 16) - H\u00fcbsch\",\"isPartOf\":{\"@id\":\"https:\/\/hubsch-interior.com\/fr\/#website\"},\"primaryImageOfPage\":{\"@id\":\"https:\/\/hubsch-interior.com\/fr\/produit\/mano-menagere-texture-set-de-16\/#primaryimage\"},\"image\":{\"@id\":\"https:\/\/hubsch-interior.com\/fr\/produit\/mano-menagere-texture-set-de-16\/#primaryimage\"},\"thumbnailUrl\":\"https:\/\/hubsch-interior.com\/wp-content\/uploads\/2026\/02\/mano-cutlery-textured-set-of-16-aff8a216ad709e3ec964d84e83ca1b84.jpg\",\"datePublished\":\"2024-01-29T08:11:17+00:00\",\"dateModified\":\"2026-04-10T02:32:31+00:00\",\"description\":\"D\u00e9couvrez la Mano M\u00e9nag\u00e8re, la parfaite combinaison d'\u00e9l\u00e9gance intemporelle et de fonctionnalit\u00e9 moderne. Fabriqu\u00e9e en acier de qualit\u00e9 sup\u00e9rieure 18\/10\",\"breadcrumb\":{\"@id\":\"https:\/\/hubsch-interior.com\/fr\/produit\/mano-menagere-texture-set-de-16\/#breadcrumb\"},\"inLanguage\":\"fr-FR\",\"potentialAction\":[{\"@type\":\"ReadAction\",\"target\":[\"https:\/\/hubsch-interior.com\/fr\/produit\/mano-menagere-texture-set-de-16\/\"]}]},{\"@type\":\"ImageObject\",\"inLanguage\":\"fr-FR\",\"@id\":\"https:\/\/hubsch-interior.com\/fr\/produit\/mano-menagere-texture-set-de-16\/#primaryimage\",\"url\":\"https:\/\/hubsch-interior.com\/wp-content\/uploads\/2026\/02\/mano-cutlery-textured-set-of-16-aff8a216ad709e3ec964d84e83ca1b84.jpg\",\"contentUrl\":\"https:\/\/hubsch-interior.com\/wp-content\/uploads\/2026\/02\/mano-cutlery-textured-set-of-16-aff8a216ad709e3ec964d84e83ca1b84.jpg\",\"width\":1024,\"height\":1024},{\"@type\":\"BreadcrumbList\",\"@id\":\"https:\/\/hubsch-interior.com\/fr\/produit\/mano-menagere-texture-set-de-16\/#breadcrumb\",\"itemListElement\":[{\"@type\":\"ListItem\",\"position\":1,\"name\":\"Page d'accueil\",\"item\":\"https:\/\/hubsch-interior.com\/fr\/\"},{\"@type\":\"ListItem\",\"position\":2,\"name\":\"Produits\",\"item\":\"https:\/\/hubsch-interior.com\/fr\/shop-2\/\"},{\"@type\":\"ListItem\",\"position\":3,\"name\":\"Cuisine\",\"item\":\"https:\/\/hubsch-interior.com\/fr\/categorie-produit\/cuisine\/\"},{\"@type\":\"ListItem\",\"position\":4,\"name\":\"Vaisselle\",\"item\":\"https:\/\/hubsch-interior.com\/fr\/categorie-produit\/cuisine\/vaisselle-fr-2\/\"},{\"@type\":\"ListItem\",\"position\":5,\"name\":\"Couverts\",\"item\":\"https:\/\/hubsch-interior.com\/fr\/categorie-produit\/cuisine\/vaisselle-fr-2\/couverts-fr\/\"},{\"@type\":\"ListItem\",\"position\":6,\"name\":\"Mano M\u00e9nag\u00e8re Textur\u00e9 (set de 16)\"}]},{\"@type\":\"WebSite\",\"@id\":\"https:\/\/hubsch-interior.com\/fr\/#website\",\"url\":\"https:\/\/hubsch-interior.com\/fr\/\",\"name\":\"H\u00fcbsch\",\"description\":\"Danish Home Interior and Design\",\"publisher\":{\"@id\":\"https:\/\/hubsch-interior.com\/fr\/#organization\"},\"potentialAction\":[{\"@type\":\"SearchAction\",\"target\":{\"@type\":\"EntryPoint\",\"urlTemplate\":\"https:\/\/hubsch-interior.com\/fr\/?s={search_term_string}\"},\"query-input\":{\"@type\":\"PropertyValueSpecification\",\"valueRequired\":true,\"valueName\":\"search_term_string\"}}],\"inLanguage\":\"fr-FR\"},{\"@type\":\"Organization\",\"@id\":\"https:\/\/hubsch-interior.com\/fr\/#organization\",\"name\":\"H\u00fcbsch\",\"url\":\"https:\/\/hubsch-interior.com\/fr\/\",\"logo\":{\"@type\":\"ImageObject\",\"inLanguage\":\"fr-FR\",\"@id\":\"https:\/\/hubsch-interior.com\/fr\/#\/schema\/logo\/image\/\",\"url\":\"https:\/\/hubsch-interior.com\/wp-content\/uploads\/2022\/12\/Hubsch_logo_black_one_line.svg\",\"contentUrl\":\"https:\/\/hubsch-interior.com\/wp-content\/uploads\/2022\/12\/Hubsch_logo_black_one_line.svg\",\"caption\":\"H\u00fcbsch\"},\"image\":{\"@id\":\"https:\/\/hubsch-interior.com\/fr\/#\/schema\/logo\/image\/\"}}]}<\/script>\n<!-- \/ Yoast SEO plugin. -->","yoast_head_json":{"title":"Mano M\u00e9nag\u00e8re Textur\u00e9 (set de 16) - H\u00fcbsch","description":"D\u00e9couvrez la Mano M\u00e9nag\u00e8re, la parfaite combinaison d'\u00e9l\u00e9gance intemporelle et de fonctionnalit\u00e9 moderne. Fabriqu\u00e9e en acier de qualit\u00e9 sup\u00e9rieure 18\/10","robots":{"index":"index","follow":"follow","max-snippet":"max-snippet:-1","max-image-preview":"max-image-preview:large","max-video-preview":"max-video-preview:-1"},"canonical":"https:\/\/hubsch-interior.com\/fr\/wp-json\/wp\/v2\/product\/975916","og_locale":"fr_FR","og_type":"article","og_title":"Mano M\u00e9nag\u00e8re Textur\u00e9 (set de 16) - H\u00fcbsch","og_description":"D\u00e9couvrez la Mano M\u00e9nag\u00e8re, la parfaite combinaison d'\u00e9l\u00e9gance intemporelle et de fonctionnalit\u00e9 moderne. Fabriqu\u00e9e en acier de qualit\u00e9 sup\u00e9rieure 18\/10","og_url":"https:\/\/hubsch-interior.com\/fr\/produit\/mano-menagere-texture-set-de-16\/","og_site_name":"H\u00fcbsch","article_modified_time":"2026-04-10T02:32:31+00:00","og_image":[{"width":1200,"height":1200,"url":"https:\/\/hubsch-interior.com\/wp-content\/uploads\/2024\/01\/mano-cutlery-textured-set-of-16-3b159291bda886f56b474bf459aeaa96.jpg","type":"image\/jpeg"}],"twitter_card":"summary_large_image","schema":{"@context":"https:\/\/schema.org","@graph":[{"@type":"WebPage","@id":"https:\/\/hubsch-interior.com\/fr\/produit\/mano-menagere-texture-set-de-16\/","url":"https:\/\/hubsch-interior.com\/fr\/produit\/mano-menagere-texture-set-de-16\/","name":"Mano M\u00e9nag\u00e8re Textur\u00e9 (set de 16) - H\u00fcbsch","isPartOf":{"@id":"https:\/\/hubsch-interior.com\/fr\/#website"},"primaryImageOfPage":{"@id":"https:\/\/hubsch-interior.com\/fr\/produit\/mano-menagere-texture-set-de-16\/#primaryimage"},"image":{"@id":"https:\/\/hubsch-interior.com\/fr\/produit\/mano-menagere-texture-set-de-16\/#primaryimage"},"thumbnailUrl":"https:\/\/hubsch-interior.com\/wp-content\/uploads\/2026\/02\/mano-cutlery-textured-set-of-16-aff8a216ad709e3ec964d84e83ca1b84.jpg","datePublished":"2024-01-29T08:11:17+00:00","dateModified":"2026-04-10T02:32:31+00:00","description":"D\u00e9couvrez la Mano M\u00e9nag\u00e8re, la parfaite combinaison d'\u00e9l\u00e9gance intemporelle et de fonctionnalit\u00e9 moderne. Fabriqu\u00e9e en acier de qualit\u00e9 sup\u00e9rieure 18\/10","breadcrumb":{"@id":"https:\/\/hubsch-interior.com\/fr\/produit\/mano-menagere-texture-set-de-16\/#breadcrumb"},"inLanguage":"fr-FR","potentialAction":[{"@type":"ReadAction","target":["https:\/\/hubsch-interior.com\/fr\/produit\/mano-menagere-texture-set-de-16\/"]}]},{"@type":"ImageObject","inLanguage":"fr-FR","@id":"https:\/\/hubsch-interior.com\/fr\/produit\/mano-menagere-texture-set-de-16\/#primaryimage","url":"https:\/\/hubsch-interior.com\/wp-content\/uploads\/2026\/02\/mano-cutlery-textured-set-of-16-aff8a216ad709e3ec964d84e83ca1b84.jpg","contentUrl":"https:\/\/hubsch-interior.com\/wp-content\/uploads\/2026\/02\/mano-cutlery-textured-set-of-16-aff8a216ad709e3ec964d84e83ca1b84.jpg","width":1024,"height":1024},{"@type":"BreadcrumbList","@id":"https:\/\/hubsch-interior.com\/fr\/produit\/mano-menagere-texture-set-de-16\/#breadcrumb","itemListElement":[{"@type":"ListItem","position":1,"name":"Page d'accueil","item":"https:\/\/hubsch-interior.com\/fr\/"},{"@type":"ListItem","position":2,"name":"Produits","item":"https:\/\/hubsch-interior.com\/fr\/shop-2\/"},{"@type":"ListItem","position":3,"name":"Cuisine","item":"https:\/\/hubsch-interior.com\/fr\/categorie-produit\/cuisine\/"},{"@type":"ListItem","position":4,"name":"Vaisselle","item":"https:\/\/hubsch-interior.com\/fr\/categorie-produit\/cuisine\/vaisselle-fr-2\/"},{"@type":"ListItem","position":5,"name":"Couverts","item":"https:\/\/hubsch-interior.com\/fr\/categorie-produit\/cuisine\/vaisselle-fr-2\/couverts-fr\/"},{"@type":"ListItem","position":6,"name":"Mano M\u00e9nag\u00e8re Textur\u00e9 (set de 16)"}]},{"@type":"WebSite","@id":"https:\/\/hubsch-interior.com\/fr\/#website","url":"https:\/\/hubsch-interior.com\/fr\/","name":"H\u00fcbsch","description":"Danish Home Interior and Design","publisher":{"@id":"https:\/\/hubsch-interior.com\/fr\/#organization"},"potentialAction":[{"@type":"SearchAction","target":{"@type":"EntryPoint","urlTemplate":"https:\/\/hubsch-interior.com\/fr\/?s={search_term_string}"},"query-input":{"@type":"PropertyValueSpecification","valueRequired":true,"valueName":"search_term_string"}}],"inLanguage":"fr-FR"},{"@type":"Organization","@id":"https:\/\/hubsch-interior.com\/fr\/#organization","name":"H\u00fcbsch","url":"https:\/\/hubsch-interior.com\/fr\/","logo":{"@type":"ImageObject","inLanguage":"fr-FR","@id":"https:\/\/hubsch-interior.com\/fr\/#\/schema\/logo\/image\/","url":"https:\/\/hubsch-interior.com\/wp-content\/uploads\/2022\/12\/Hubsch_logo_black_one_line.svg","contentUrl":"https:\/\/hubsch-interior.com\/wp-content\/uploads\/2022\/12\/Hubsch_logo_black_one_line.svg","caption":"H\u00fcbsch"},"image":{"@id":"https:\/\/hubsch-interior.com\/fr\/#\/schema\/logo\/image\/"}}]}},"_links":{"self":[{"href":"https:\/\/hubsch-interior.com\/fr\/wp-json\/wp\/v2\/product\/975916","targetHints":{"allow":["GET"]}}],"collection":[{"href":"https:\/\/hubsch-interior.com\/fr\/wp-json\/wp\/v2\/product"}],"about":[{"href":"https:\/\/hubsch-interior.com\/fr\/wp-json\/wp\/v2\/types\/product"}],"wp:featuredmedia":[{"embeddable":true,"href":"https:\/\/hubsch-interior.com\/fr\/wp-json\/wp\/v2\/media\/1097506"}],"wp:attachment":[{"href":"https:\/\/hubsch-interior.com\/fr\/wp-json\/wp\/v2\/media?parent=975916"}],"wp:term":[{"taxonomy":"product_brand","embeddable":true,"href":"https:\/\/hubsch-interior.com\/fr\/wp-json\/wp\/v2\/product_brand?post=975916"},{"taxonomy":"product_cat","embeddable":true,"href":"https:\/\/hubsch-interior.com\/fr\/wp-json\/wp\/v2\/product_cat?post=975916"},{"taxonomy":"product_tag","embeddable":true,"href":"https:\/\/hubsch-interior.com\/fr\/wp-json\/wp\/v2\/product_tag?post=975916"}],"curies":[{"name":"wp","href":"https:\/\/api.w.org\/{rel}","templated":true}]}}