{"id":975936,"date":"2024-01-29T09:11:30","date_gmt":"2024-01-29T08:11:30","guid":{"rendered":"https:\/\/hubsch-interior.com\/product\/product\/"},"modified":"2026-04-09T04:32:37","modified_gmt":"2026-04-09T02:32:37","slug":"clink-verre-a-vin-blanc-transparent","status":"publish","type":"product","link":"https:\/\/hubsch-interior.com\/fr\/produit\/clink-verre-a-vin-blanc-transparent\/","title":{"rendered":"Clink Verre \u00e0 vin blanc Transparent"},"content":{"rendered":"<p>Laissez-vous s\u00e9duire par une touche de nostalgie avec le verre \u00e0 vin blanc Clink. Ce verre d\u00e9licat et \u00e9l\u00e9gant est la d\u00e9claration parfaite d&#8217;\u00e9l\u00e9gance, rehaussant toute occasion de repas. Fabriqu\u00e9 en cristal, il d\u00e9gage une apparence claire et polie, ajoutant une touche de sophistication \u00e0 votre table. Disponible en trois variantes, ce verre transparent vous permet de d\u00e9guster vos blancs pr\u00e9f\u00e9r\u00e9s avec style. Rehaussez votre exp\u00e9rience de d\u00e9gustation et ajoutez une touche de luxe \u00e0 votre prochaine soir\u00e9e avec le verre \u00e0 vin blanc Clink.<\/p>\n","protected":false},"excerpt":{"rendered":"<p>Laissez-vous s\u00e9duire par une touche de nostalgie avec le verre \u00e0 vin blanc Clink. Ce verre d\u00e9licat et \u00e9l\u00e9gant est la d\u00e9claration parfaite d&#8217;\u00e9l\u00e9gance, rehaussant toute occasion de repas. Fabriqu\u00e9 en cristal, il d\u00e9gage une apparence claire et polie, ajoutant une touche de sophistication \u00e0 votre table. Disponible en trois variantes, ce verre transparent vous [&hellip;]<\/p>\n","protected":false},"featured_media":1097526,"template":"","meta":{"_acf_changed":false,"inline_featured_image":false},"product_brand":[],"product_cat":[6882,6971,7027,7033,6348,4053,4095,6535],"product_tag":[],"class_list":{"0":"post-975936","1":"product","2":"type-product","3":"status-publish","4":"has-post-thumbnail","6":"product_cat-elevating-nostalgia-fr","7":"product_cat-paques","8":"product_cat-vaisselle-fr-2","9":"product_cat-verres-et-carafes-fr","10":"product_cat-garden-selection-fr","11":"product_cat-accessoires-de-cuisine-fr","12":"product_cat-vaisselle-fr","13":"product_cat-outlet-fr","14":"product_shipping_class-pk","16":"pa_color-transparent","17":"pa_material-cristal-fr","19":"first","20":"instock","21":"sale","22":"taxable","23":"shipping-taxable","24":"purchasable","25":"product-type-simple"},"exclude_global_add_ons":[],"addons":[],"acf":[],"yoast_head":"<!-- This site is optimized with the Yoast SEO plugin v26.4 - https:\/\/yoast.com\/wordpress\/plugins\/seo\/ -->\n<title>Clink Verre \u00e0 vin blanc Transparent - H\u00fcbsch<\/title>\n<meta name=\"description\" content=\"Laissez-vous s\u00e9duire par une touche de nostalgie avec le verre \u00e0 vin blanc Clink. Ce verre d\u00e9licat et \u00e9l\u00e9gant est la d\u00e9claration parfaite d&#039;\u00e9l\u00e9gance,\" \/>\n<meta name=\"robots\" content=\"index, follow, max-snippet:-1, max-image-preview:large, max-video-preview:-1\" \/>\n<link rel=\"canonical\" href=\"https:\/\/hubsch-interior.com\/fr\/wp-json\/wp\/v2\/product\/975936\" \/>\n<meta property=\"og:locale\" content=\"fr_FR\" \/>\n<meta property=\"og:type\" content=\"article\" \/>\n<meta property=\"og:title\" content=\"Clink Verre \u00e0 vin blanc Transparent - H\u00fcbsch\" \/>\n<meta property=\"og:description\" content=\"Laissez-vous s\u00e9duire par une touche de nostalgie avec le verre \u00e0 vin blanc Clink. Ce verre d\u00e9licat et \u00e9l\u00e9gant est la d\u00e9claration parfaite d&#039;\u00e9l\u00e9gance,\" \/>\n<meta property=\"og:url\" content=\"https:\/\/hubsch-interior.com\/fr\/produit\/clink-verre-a-vin-blanc-transparent\/\" \/>\n<meta property=\"og:site_name\" content=\"H\u00fcbsch\" \/>\n<meta property=\"article:modified_time\" content=\"2026-04-09T02:32:37+00:00\" \/>\n<meta property=\"og:image\" content=\"https:\/\/hubsch-interior.com\/wp-content\/uploads\/2024\/01\/clink-white-wine-glass-clear-9302f80c31b4986ee926e0666b487d14.jpg\" \/>\n\t<meta property=\"og:image:width\" content=\"1200\" \/>\n\t<meta property=\"og:image:height\" content=\"1200\" \/>\n\t<meta property=\"og:image:type\" content=\"image\/jpeg\" \/>\n<meta name=\"twitter:card\" content=\"summary_large_image\" \/>\n<script type=\"application\/ld+json\" class=\"yoast-schema-graph\">{\"@context\":\"https:\/\/schema.org\",\"@graph\":[{\"@type\":\"WebPage\",\"@id\":\"https:\/\/hubsch-interior.com\/fr\/produit\/clink-verre-a-vin-blanc-transparent\/\",\"url\":\"https:\/\/hubsch-interior.com\/fr\/produit\/clink-verre-a-vin-blanc-transparent\/\",\"name\":\"Clink Verre \u00e0 vin blanc Transparent - H\u00fcbsch\",\"isPartOf\":{\"@id\":\"https:\/\/hubsch-interior.com\/fr\/#website\"},\"primaryImageOfPage\":{\"@id\":\"https:\/\/hubsch-interior.com\/fr\/produit\/clink-verre-a-vin-blanc-transparent\/#primaryimage\"},\"image\":{\"@id\":\"https:\/\/hubsch-interior.com\/fr\/produit\/clink-verre-a-vin-blanc-transparent\/#primaryimage\"},\"thumbnailUrl\":\"https:\/\/hubsch-interior.com\/wp-content\/uploads\/2026\/02\/clink-white-wine-glass-clear-1792f1a0a7db3dd5db3b10deff37f950.jpg\",\"datePublished\":\"2024-01-29T08:11:30+00:00\",\"dateModified\":\"2026-04-09T02:32:37+00:00\",\"description\":\"Laissez-vous s\u00e9duire par une touche de nostalgie avec le verre \u00e0 vin blanc Clink. Ce verre d\u00e9licat et \u00e9l\u00e9gant est la d\u00e9claration parfaite d'\u00e9l\u00e9gance,\",\"breadcrumb\":{\"@id\":\"https:\/\/hubsch-interior.com\/fr\/produit\/clink-verre-a-vin-blanc-transparent\/#breadcrumb\"},\"inLanguage\":\"fr-FR\",\"potentialAction\":[{\"@type\":\"ReadAction\",\"target\":[\"https:\/\/hubsch-interior.com\/fr\/produit\/clink-verre-a-vin-blanc-transparent\/\"]}]},{\"@type\":\"ImageObject\",\"inLanguage\":\"fr-FR\",\"@id\":\"https:\/\/hubsch-interior.com\/fr\/produit\/clink-verre-a-vin-blanc-transparent\/#primaryimage\",\"url\":\"https:\/\/hubsch-interior.com\/wp-content\/uploads\/2026\/02\/clink-white-wine-glass-clear-1792f1a0a7db3dd5db3b10deff37f950.jpg\",\"contentUrl\":\"https:\/\/hubsch-interior.com\/wp-content\/uploads\/2026\/02\/clink-white-wine-glass-clear-1792f1a0a7db3dd5db3b10deff37f950.jpg\",\"width\":1024,\"height\":1024},{\"@type\":\"BreadcrumbList\",\"@id\":\"https:\/\/hubsch-interior.com\/fr\/produit\/clink-verre-a-vin-blanc-transparent\/#breadcrumb\",\"itemListElement\":[{\"@type\":\"ListItem\",\"position\":1,\"name\":\"Page d'accueil\",\"item\":\"https:\/\/hubsch-interior.com\/fr\/\"},{\"@type\":\"ListItem\",\"position\":2,\"name\":\"Produits\",\"item\":\"https:\/\/hubsch-interior.com\/fr\/shop-2\/\"},{\"@type\":\"ListItem\",\"position\":3,\"name\":\"Cuisine\",\"item\":\"https:\/\/hubsch-interior.com\/fr\/categorie-produit\/cuisine\/\"},{\"@type\":\"ListItem\",\"position\":4,\"name\":\"Vaisselle\",\"item\":\"https:\/\/hubsch-interior.com\/fr\/categorie-produit\/cuisine\/vaisselle-fr-2\/\"},{\"@type\":\"ListItem\",\"position\":5,\"name\":\"Verres et Carafes\",\"item\":\"https:\/\/hubsch-interior.com\/fr\/categorie-produit\/cuisine\/vaisselle-fr-2\/verres-et-carafes-fr\/\"},{\"@type\":\"ListItem\",\"position\":6,\"name\":\"Clink Verre \u00e0 vin blanc Transparent\"}]},{\"@type\":\"WebSite\",\"@id\":\"https:\/\/hubsch-interior.com\/fr\/#website\",\"url\":\"https:\/\/hubsch-interior.com\/fr\/\",\"name\":\"H\u00fcbsch\",\"description\":\"Danish Home Interior and Design\",\"publisher\":{\"@id\":\"https:\/\/hubsch-interior.com\/fr\/#organization\"},\"potentialAction\":[{\"@type\":\"SearchAction\",\"target\":{\"@type\":\"EntryPoint\",\"urlTemplate\":\"https:\/\/hubsch-interior.com\/fr\/?s={search_term_string}\"},\"query-input\":{\"@type\":\"PropertyValueSpecification\",\"valueRequired\":true,\"valueName\":\"search_term_string\"}}],\"inLanguage\":\"fr-FR\"},{\"@type\":\"Organization\",\"@id\":\"https:\/\/hubsch-interior.com\/fr\/#organization\",\"name\":\"H\u00fcbsch\",\"url\":\"https:\/\/hubsch-interior.com\/fr\/\",\"logo\":{\"@type\":\"ImageObject\",\"inLanguage\":\"fr-FR\",\"@id\":\"https:\/\/hubsch-interior.com\/fr\/#\/schema\/logo\/image\/\",\"url\":\"https:\/\/hubsch-interior.com\/wp-content\/uploads\/2022\/12\/Hubsch_logo_black_one_line.svg\",\"contentUrl\":\"https:\/\/hubsch-interior.com\/wp-content\/uploads\/2022\/12\/Hubsch_logo_black_one_line.svg\",\"caption\":\"H\u00fcbsch\"},\"image\":{\"@id\":\"https:\/\/hubsch-interior.com\/fr\/#\/schema\/logo\/image\/\"}}]}<\/script>\n<!-- \/ Yoast SEO plugin. -->","yoast_head_json":{"title":"Clink Verre \u00e0 vin blanc Transparent - H\u00fcbsch","description":"Laissez-vous s\u00e9duire par une touche de nostalgie avec le verre \u00e0 vin blanc Clink. Ce verre d\u00e9licat et \u00e9l\u00e9gant est la d\u00e9claration parfaite d'\u00e9l\u00e9gance,","robots":{"index":"index","follow":"follow","max-snippet":"max-snippet:-1","max-image-preview":"max-image-preview:large","max-video-preview":"max-video-preview:-1"},"canonical":"https:\/\/hubsch-interior.com\/fr\/wp-json\/wp\/v2\/product\/975936","og_locale":"fr_FR","og_type":"article","og_title":"Clink Verre \u00e0 vin blanc Transparent - H\u00fcbsch","og_description":"Laissez-vous s\u00e9duire par une touche de nostalgie avec le verre \u00e0 vin blanc Clink. Ce verre d\u00e9licat et \u00e9l\u00e9gant est la d\u00e9claration parfaite d'\u00e9l\u00e9gance,","og_url":"https:\/\/hubsch-interior.com\/fr\/produit\/clink-verre-a-vin-blanc-transparent\/","og_site_name":"H\u00fcbsch","article_modified_time":"2026-04-09T02:32:37+00:00","og_image":[{"width":1200,"height":1200,"url":"https:\/\/hubsch-interior.com\/wp-content\/uploads\/2024\/01\/clink-white-wine-glass-clear-9302f80c31b4986ee926e0666b487d14.jpg","type":"image\/jpeg"}],"twitter_card":"summary_large_image","schema":{"@context":"https:\/\/schema.org","@graph":[{"@type":"WebPage","@id":"https:\/\/hubsch-interior.com\/fr\/produit\/clink-verre-a-vin-blanc-transparent\/","url":"https:\/\/hubsch-interior.com\/fr\/produit\/clink-verre-a-vin-blanc-transparent\/","name":"Clink Verre \u00e0 vin blanc Transparent - H\u00fcbsch","isPartOf":{"@id":"https:\/\/hubsch-interior.com\/fr\/#website"},"primaryImageOfPage":{"@id":"https:\/\/hubsch-interior.com\/fr\/produit\/clink-verre-a-vin-blanc-transparent\/#primaryimage"},"image":{"@id":"https:\/\/hubsch-interior.com\/fr\/produit\/clink-verre-a-vin-blanc-transparent\/#primaryimage"},"thumbnailUrl":"https:\/\/hubsch-interior.com\/wp-content\/uploads\/2026\/02\/clink-white-wine-glass-clear-1792f1a0a7db3dd5db3b10deff37f950.jpg","datePublished":"2024-01-29T08:11:30+00:00","dateModified":"2026-04-09T02:32:37+00:00","description":"Laissez-vous s\u00e9duire par une touche de nostalgie avec le verre \u00e0 vin blanc Clink. Ce verre d\u00e9licat et \u00e9l\u00e9gant est la d\u00e9claration parfaite d'\u00e9l\u00e9gance,","breadcrumb":{"@id":"https:\/\/hubsch-interior.com\/fr\/produit\/clink-verre-a-vin-blanc-transparent\/#breadcrumb"},"inLanguage":"fr-FR","potentialAction":[{"@type":"ReadAction","target":["https:\/\/hubsch-interior.com\/fr\/produit\/clink-verre-a-vin-blanc-transparent\/"]}]},{"@type":"ImageObject","inLanguage":"fr-FR","@id":"https:\/\/hubsch-interior.com\/fr\/produit\/clink-verre-a-vin-blanc-transparent\/#primaryimage","url":"https:\/\/hubsch-interior.com\/wp-content\/uploads\/2026\/02\/clink-white-wine-glass-clear-1792f1a0a7db3dd5db3b10deff37f950.jpg","contentUrl":"https:\/\/hubsch-interior.com\/wp-content\/uploads\/2026\/02\/clink-white-wine-glass-clear-1792f1a0a7db3dd5db3b10deff37f950.jpg","width":1024,"height":1024},{"@type":"BreadcrumbList","@id":"https:\/\/hubsch-interior.com\/fr\/produit\/clink-verre-a-vin-blanc-transparent\/#breadcrumb","itemListElement":[{"@type":"ListItem","position":1,"name":"Page d'accueil","item":"https:\/\/hubsch-interior.com\/fr\/"},{"@type":"ListItem","position":2,"name":"Produits","item":"https:\/\/hubsch-interior.com\/fr\/shop-2\/"},{"@type":"ListItem","position":3,"name":"Cuisine","item":"https:\/\/hubsch-interior.com\/fr\/categorie-produit\/cuisine\/"},{"@type":"ListItem","position":4,"name":"Vaisselle","item":"https:\/\/hubsch-interior.com\/fr\/categorie-produit\/cuisine\/vaisselle-fr-2\/"},{"@type":"ListItem","position":5,"name":"Verres et Carafes","item":"https:\/\/hubsch-interior.com\/fr\/categorie-produit\/cuisine\/vaisselle-fr-2\/verres-et-carafes-fr\/"},{"@type":"ListItem","position":6,"name":"Clink Verre \u00e0 vin blanc Transparent"}]},{"@type":"WebSite","@id":"https:\/\/hubsch-interior.com\/fr\/#website","url":"https:\/\/hubsch-interior.com\/fr\/","name":"H\u00fcbsch","description":"Danish Home Interior and Design","publisher":{"@id":"https:\/\/hubsch-interior.com\/fr\/#organization"},"potentialAction":[{"@type":"SearchAction","target":{"@type":"EntryPoint","urlTemplate":"https:\/\/hubsch-interior.com\/fr\/?s={search_term_string}"},"query-input":{"@type":"PropertyValueSpecification","valueRequired":true,"valueName":"search_term_string"}}],"inLanguage":"fr-FR"},{"@type":"Organization","@id":"https:\/\/hubsch-interior.com\/fr\/#organization","name":"H\u00fcbsch","url":"https:\/\/hubsch-interior.com\/fr\/","logo":{"@type":"ImageObject","inLanguage":"fr-FR","@id":"https:\/\/hubsch-interior.com\/fr\/#\/schema\/logo\/image\/","url":"https:\/\/hubsch-interior.com\/wp-content\/uploads\/2022\/12\/Hubsch_logo_black_one_line.svg","contentUrl":"https:\/\/hubsch-interior.com\/wp-content\/uploads\/2022\/12\/Hubsch_logo_black_one_line.svg","caption":"H\u00fcbsch"},"image":{"@id":"https:\/\/hubsch-interior.com\/fr\/#\/schema\/logo\/image\/"}}]}},"_links":{"self":[{"href":"https:\/\/hubsch-interior.com\/fr\/wp-json\/wp\/v2\/product\/975936","targetHints":{"allow":["GET"]}}],"collection":[{"href":"https:\/\/hubsch-interior.com\/fr\/wp-json\/wp\/v2\/product"}],"about":[{"href":"https:\/\/hubsch-interior.com\/fr\/wp-json\/wp\/v2\/types\/product"}],"wp:featuredmedia":[{"embeddable":true,"href":"https:\/\/hubsch-interior.com\/fr\/wp-json\/wp\/v2\/media\/1097526"}],"wp:attachment":[{"href":"https:\/\/hubsch-interior.com\/fr\/wp-json\/wp\/v2\/media?parent=975936"}],"wp:term":[{"taxonomy":"product_brand","embeddable":true,"href":"https:\/\/hubsch-interior.com\/fr\/wp-json\/wp\/v2\/product_brand?post=975936"},{"taxonomy":"product_cat","embeddable":true,"href":"https:\/\/hubsch-interior.com\/fr\/wp-json\/wp\/v2\/product_cat?post=975936"},{"taxonomy":"product_tag","embeddable":true,"href":"https:\/\/hubsch-interior.com\/fr\/wp-json\/wp\/v2\/product_tag?post=975936"}],"curies":[{"name":"wp","href":"https:\/\/api.w.org\/{rel}","templated":true}]}}