{"id":975960,"date":"2024-01-29T09:11:43","date_gmt":"2024-01-29T08:11:43","guid":{"rendered":"https:\/\/hubsch-interior.com\/product\/product\/"},"modified":"2026-04-09T04:32:42","modified_gmt":"2026-04-09T02:32:42","slug":"clink-verre-a-vin-rouge-transparent","status":"publish","type":"product","link":"https:\/\/hubsch-interior.com\/fr\/produit\/clink-verre-a-vin-rouge-transparent\/","title":{"rendered":"Clink Verre \u00e0 vin rouge Transparent"},"content":{"rendered":"<p>D\u00e9couvrez le verre \u00e0 vin rouge Clink, con\u00e7u pour apporter une touche de nostalgie et une d\u00e9claration d&#8217;\u00e9l\u00e9gance \u00e0 votre exp\u00e9rience culinaire. Ce verre en cristal est disponible en version transparente, vous permettant d&#8217;appr\u00e9cier pleinement la couleur et la texture riches de vos vins rouges pr\u00e9f\u00e9r\u00e9s. Que ce soit pour une occasion sp\u00e9ciale ou une soir\u00e9e d\u00e9tente \u00e0 la maison, le verre \u00e0 vin rouge Clink est parfait pour savourer vos rouges pr\u00e9f\u00e9r\u00e9s et sublimer toutes les occasions culinaires. Disponible en trois variantes diff\u00e9rentes, ce verre deviendra certainement un incontournable dans votre collection. Sant\u00e9 \u00e0 la d\u00e9gustation des bonnes choses de la vie avec le verre \u00e0 vin rouge Clink.<\/p>\n","protected":false},"excerpt":{"rendered":"<p>D\u00e9couvrez le verre \u00e0 vin rouge Clink, con\u00e7u pour apporter une touche de nostalgie et une d\u00e9claration d&#8217;\u00e9l\u00e9gance \u00e0 votre exp\u00e9rience culinaire. Ce verre en cristal est disponible en version transparente, vous permettant d&#8217;appr\u00e9cier pleinement la couleur et la texture riches de vos vins rouges pr\u00e9f\u00e9r\u00e9s. Que ce soit pour une occasion sp\u00e9ciale ou une [&hellip;]<\/p>\n","protected":false},"featured_media":1097542,"template":"","meta":{"_acf_changed":false,"inline_featured_image":false},"product_brand":[],"product_cat":[6882,6971,7027,7033,6348,4053,4095,6535],"product_tag":[],"class_list":{"0":"post-975960","1":"product","2":"type-product","3":"status-publish","4":"has-post-thumbnail","6":"product_cat-elevating-nostalgia-fr","7":"product_cat-paques","8":"product_cat-vaisselle-fr-2","9":"product_cat-verres-et-carafes-fr","10":"product_cat-garden-selection-fr","11":"product_cat-accessoires-de-cuisine-fr","12":"product_cat-vaisselle-fr","13":"product_cat-outlet-fr","14":"product_shipping_class-pk","16":"pa_color-transparent","17":"pa_material-cristal-fr","19":"first","20":"instock","21":"sale","22":"taxable","23":"shipping-taxable","24":"purchasable","25":"product-type-simple"},"exclude_global_add_ons":[],"addons":[],"acf":[],"yoast_head":"<!-- This site is optimized with the Yoast SEO plugin v26.4 - https:\/\/yoast.com\/wordpress\/plugins\/seo\/ -->\n<title>Clink Verre \u00e0 vin rouge Transparent - H\u00fcbsch<\/title>\n<meta name=\"description\" content=\"D\u00e9couvrez le verre \u00e0 vin rouge Clink, con\u00e7u pour apporter une touche de nostalgie et une d\u00e9claration d&#039;\u00e9l\u00e9gance \u00e0 votre exp\u00e9rience culinaire. Ce verre en\" \/>\n<meta name=\"robots\" content=\"index, follow, max-snippet:-1, max-image-preview:large, max-video-preview:-1\" \/>\n<link rel=\"canonical\" href=\"https:\/\/hubsch-interior.com\/fr\/wp-json\/wp\/v2\/product\/975960\" \/>\n<meta property=\"og:locale\" content=\"fr_FR\" \/>\n<meta property=\"og:type\" content=\"article\" \/>\n<meta property=\"og:title\" content=\"Clink Verre \u00e0 vin rouge Transparent - H\u00fcbsch\" \/>\n<meta property=\"og:description\" content=\"D\u00e9couvrez le verre \u00e0 vin rouge Clink, con\u00e7u pour apporter une touche de nostalgie et une d\u00e9claration d&#039;\u00e9l\u00e9gance \u00e0 votre exp\u00e9rience culinaire. Ce verre en\" \/>\n<meta property=\"og:url\" content=\"https:\/\/hubsch-interior.com\/fr\/produit\/clink-verre-a-vin-rouge-transparent\/\" \/>\n<meta property=\"og:site_name\" content=\"H\u00fcbsch\" \/>\n<meta property=\"article:modified_time\" content=\"2026-04-09T02:32:42+00:00\" \/>\n<meta property=\"og:image\" content=\"https:\/\/hubsch-interior.com\/wp-content\/uploads\/2024\/01\/clink-red-wine-glass-clear-02e074a273d6f59502a159bc983cdb57.jpg\" \/>\n\t<meta property=\"og:image:width\" content=\"1200\" \/>\n\t<meta property=\"og:image:height\" content=\"1200\" \/>\n\t<meta property=\"og:image:type\" content=\"image\/jpeg\" \/>\n<meta name=\"twitter:card\" content=\"summary_large_image\" \/>\n<meta name=\"twitter:label1\" content=\"Dur\u00e9e de lecture estim\u00e9e\" \/>\n\t<meta name=\"twitter:data1\" content=\"1 minute\" \/>\n<script type=\"application\/ld+json\" class=\"yoast-schema-graph\">{\"@context\":\"https:\/\/schema.org\",\"@graph\":[{\"@type\":\"WebPage\",\"@id\":\"https:\/\/hubsch-interior.com\/fr\/produit\/clink-verre-a-vin-rouge-transparent\/\",\"url\":\"https:\/\/hubsch-interior.com\/fr\/produit\/clink-verre-a-vin-rouge-transparent\/\",\"name\":\"Clink Verre \u00e0 vin rouge Transparent - H\u00fcbsch\",\"isPartOf\":{\"@id\":\"https:\/\/hubsch-interior.com\/fr\/#website\"},\"primaryImageOfPage\":{\"@id\":\"https:\/\/hubsch-interior.com\/fr\/produit\/clink-verre-a-vin-rouge-transparent\/#primaryimage\"},\"image\":{\"@id\":\"https:\/\/hubsch-interior.com\/fr\/produit\/clink-verre-a-vin-rouge-transparent\/#primaryimage\"},\"thumbnailUrl\":\"https:\/\/hubsch-interior.com\/wp-content\/uploads\/2026\/02\/clink-red-wine-glass-clear-1c7a455037e8f72df5103853da442ad3.jpg\",\"datePublished\":\"2024-01-29T08:11:43+00:00\",\"dateModified\":\"2026-04-09T02:32:42+00:00\",\"description\":\"D\u00e9couvrez le verre \u00e0 vin rouge Clink, con\u00e7u pour apporter une touche de nostalgie et une d\u00e9claration d'\u00e9l\u00e9gance \u00e0 votre exp\u00e9rience culinaire. Ce verre en\",\"breadcrumb\":{\"@id\":\"https:\/\/hubsch-interior.com\/fr\/produit\/clink-verre-a-vin-rouge-transparent\/#breadcrumb\"},\"inLanguage\":\"fr-FR\",\"potentialAction\":[{\"@type\":\"ReadAction\",\"target\":[\"https:\/\/hubsch-interior.com\/fr\/produit\/clink-verre-a-vin-rouge-transparent\/\"]}]},{\"@type\":\"ImageObject\",\"inLanguage\":\"fr-FR\",\"@id\":\"https:\/\/hubsch-interior.com\/fr\/produit\/clink-verre-a-vin-rouge-transparent\/#primaryimage\",\"url\":\"https:\/\/hubsch-interior.com\/wp-content\/uploads\/2026\/02\/clink-red-wine-glass-clear-1c7a455037e8f72df5103853da442ad3.jpg\",\"contentUrl\":\"https:\/\/hubsch-interior.com\/wp-content\/uploads\/2026\/02\/clink-red-wine-glass-clear-1c7a455037e8f72df5103853da442ad3.jpg\",\"width\":1024,\"height\":1024},{\"@type\":\"BreadcrumbList\",\"@id\":\"https:\/\/hubsch-interior.com\/fr\/produit\/clink-verre-a-vin-rouge-transparent\/#breadcrumb\",\"itemListElement\":[{\"@type\":\"ListItem\",\"position\":1,\"name\":\"Page d'accueil\",\"item\":\"https:\/\/hubsch-interior.com\/fr\/\"},{\"@type\":\"ListItem\",\"position\":2,\"name\":\"Produits\",\"item\":\"https:\/\/hubsch-interior.com\/fr\/shop-2\/\"},{\"@type\":\"ListItem\",\"position\":3,\"name\":\"Cuisine\",\"item\":\"https:\/\/hubsch-interior.com\/fr\/categorie-produit\/cuisine\/\"},{\"@type\":\"ListItem\",\"position\":4,\"name\":\"Vaisselle\",\"item\":\"https:\/\/hubsch-interior.com\/fr\/categorie-produit\/cuisine\/vaisselle-fr-2\/\"},{\"@type\":\"ListItem\",\"position\":5,\"name\":\"Verres et Carafes\",\"item\":\"https:\/\/hubsch-interior.com\/fr\/categorie-produit\/cuisine\/vaisselle-fr-2\/verres-et-carafes-fr\/\"},{\"@type\":\"ListItem\",\"position\":6,\"name\":\"Clink Verre \u00e0 vin rouge Transparent\"}]},{\"@type\":\"WebSite\",\"@id\":\"https:\/\/hubsch-interior.com\/fr\/#website\",\"url\":\"https:\/\/hubsch-interior.com\/fr\/\",\"name\":\"H\u00fcbsch\",\"description\":\"Danish Home Interior and Design\",\"publisher\":{\"@id\":\"https:\/\/hubsch-interior.com\/fr\/#organization\"},\"potentialAction\":[{\"@type\":\"SearchAction\",\"target\":{\"@type\":\"EntryPoint\",\"urlTemplate\":\"https:\/\/hubsch-interior.com\/fr\/?s={search_term_string}\"},\"query-input\":{\"@type\":\"PropertyValueSpecification\",\"valueRequired\":true,\"valueName\":\"search_term_string\"}}],\"inLanguage\":\"fr-FR\"},{\"@type\":\"Organization\",\"@id\":\"https:\/\/hubsch-interior.com\/fr\/#organization\",\"name\":\"H\u00fcbsch\",\"url\":\"https:\/\/hubsch-interior.com\/fr\/\",\"logo\":{\"@type\":\"ImageObject\",\"inLanguage\":\"fr-FR\",\"@id\":\"https:\/\/hubsch-interior.com\/fr\/#\/schema\/logo\/image\/\",\"url\":\"https:\/\/hubsch-interior.com\/wp-content\/uploads\/2022\/12\/Hubsch_logo_black_one_line.svg\",\"contentUrl\":\"https:\/\/hubsch-interior.com\/wp-content\/uploads\/2022\/12\/Hubsch_logo_black_one_line.svg\",\"caption\":\"H\u00fcbsch\"},\"image\":{\"@id\":\"https:\/\/hubsch-interior.com\/fr\/#\/schema\/logo\/image\/\"}}]}<\/script>\n<!-- \/ Yoast SEO plugin. -->","yoast_head_json":{"title":"Clink Verre \u00e0 vin rouge Transparent - H\u00fcbsch","description":"D\u00e9couvrez le verre \u00e0 vin rouge Clink, con\u00e7u pour apporter une touche de nostalgie et une d\u00e9claration d'\u00e9l\u00e9gance \u00e0 votre exp\u00e9rience culinaire. Ce verre en","robots":{"index":"index","follow":"follow","max-snippet":"max-snippet:-1","max-image-preview":"max-image-preview:large","max-video-preview":"max-video-preview:-1"},"canonical":"https:\/\/hubsch-interior.com\/fr\/wp-json\/wp\/v2\/product\/975960","og_locale":"fr_FR","og_type":"article","og_title":"Clink Verre \u00e0 vin rouge Transparent - H\u00fcbsch","og_description":"D\u00e9couvrez le verre \u00e0 vin rouge Clink, con\u00e7u pour apporter une touche de nostalgie et une d\u00e9claration d'\u00e9l\u00e9gance \u00e0 votre exp\u00e9rience culinaire. Ce verre en","og_url":"https:\/\/hubsch-interior.com\/fr\/produit\/clink-verre-a-vin-rouge-transparent\/","og_site_name":"H\u00fcbsch","article_modified_time":"2026-04-09T02:32:42+00:00","og_image":[{"width":1200,"height":1200,"url":"https:\/\/hubsch-interior.com\/wp-content\/uploads\/2024\/01\/clink-red-wine-glass-clear-02e074a273d6f59502a159bc983cdb57.jpg","type":"image\/jpeg"}],"twitter_card":"summary_large_image","twitter_misc":{"Dur\u00e9e de lecture estim\u00e9e":"1 minute"},"schema":{"@context":"https:\/\/schema.org","@graph":[{"@type":"WebPage","@id":"https:\/\/hubsch-interior.com\/fr\/produit\/clink-verre-a-vin-rouge-transparent\/","url":"https:\/\/hubsch-interior.com\/fr\/produit\/clink-verre-a-vin-rouge-transparent\/","name":"Clink Verre \u00e0 vin rouge Transparent - H\u00fcbsch","isPartOf":{"@id":"https:\/\/hubsch-interior.com\/fr\/#website"},"primaryImageOfPage":{"@id":"https:\/\/hubsch-interior.com\/fr\/produit\/clink-verre-a-vin-rouge-transparent\/#primaryimage"},"image":{"@id":"https:\/\/hubsch-interior.com\/fr\/produit\/clink-verre-a-vin-rouge-transparent\/#primaryimage"},"thumbnailUrl":"https:\/\/hubsch-interior.com\/wp-content\/uploads\/2026\/02\/clink-red-wine-glass-clear-1c7a455037e8f72df5103853da442ad3.jpg","datePublished":"2024-01-29T08:11:43+00:00","dateModified":"2026-04-09T02:32:42+00:00","description":"D\u00e9couvrez le verre \u00e0 vin rouge Clink, con\u00e7u pour apporter une touche de nostalgie et une d\u00e9claration d'\u00e9l\u00e9gance \u00e0 votre exp\u00e9rience culinaire. Ce verre en","breadcrumb":{"@id":"https:\/\/hubsch-interior.com\/fr\/produit\/clink-verre-a-vin-rouge-transparent\/#breadcrumb"},"inLanguage":"fr-FR","potentialAction":[{"@type":"ReadAction","target":["https:\/\/hubsch-interior.com\/fr\/produit\/clink-verre-a-vin-rouge-transparent\/"]}]},{"@type":"ImageObject","inLanguage":"fr-FR","@id":"https:\/\/hubsch-interior.com\/fr\/produit\/clink-verre-a-vin-rouge-transparent\/#primaryimage","url":"https:\/\/hubsch-interior.com\/wp-content\/uploads\/2026\/02\/clink-red-wine-glass-clear-1c7a455037e8f72df5103853da442ad3.jpg","contentUrl":"https:\/\/hubsch-interior.com\/wp-content\/uploads\/2026\/02\/clink-red-wine-glass-clear-1c7a455037e8f72df5103853da442ad3.jpg","width":1024,"height":1024},{"@type":"BreadcrumbList","@id":"https:\/\/hubsch-interior.com\/fr\/produit\/clink-verre-a-vin-rouge-transparent\/#breadcrumb","itemListElement":[{"@type":"ListItem","position":1,"name":"Page d'accueil","item":"https:\/\/hubsch-interior.com\/fr\/"},{"@type":"ListItem","position":2,"name":"Produits","item":"https:\/\/hubsch-interior.com\/fr\/shop-2\/"},{"@type":"ListItem","position":3,"name":"Cuisine","item":"https:\/\/hubsch-interior.com\/fr\/categorie-produit\/cuisine\/"},{"@type":"ListItem","position":4,"name":"Vaisselle","item":"https:\/\/hubsch-interior.com\/fr\/categorie-produit\/cuisine\/vaisselle-fr-2\/"},{"@type":"ListItem","position":5,"name":"Verres et Carafes","item":"https:\/\/hubsch-interior.com\/fr\/categorie-produit\/cuisine\/vaisselle-fr-2\/verres-et-carafes-fr\/"},{"@type":"ListItem","position":6,"name":"Clink Verre \u00e0 vin rouge Transparent"}]},{"@type":"WebSite","@id":"https:\/\/hubsch-interior.com\/fr\/#website","url":"https:\/\/hubsch-interior.com\/fr\/","name":"H\u00fcbsch","description":"Danish Home Interior and Design","publisher":{"@id":"https:\/\/hubsch-interior.com\/fr\/#organization"},"potentialAction":[{"@type":"SearchAction","target":{"@type":"EntryPoint","urlTemplate":"https:\/\/hubsch-interior.com\/fr\/?s={search_term_string}"},"query-input":{"@type":"PropertyValueSpecification","valueRequired":true,"valueName":"search_term_string"}}],"inLanguage":"fr-FR"},{"@type":"Organization","@id":"https:\/\/hubsch-interior.com\/fr\/#organization","name":"H\u00fcbsch","url":"https:\/\/hubsch-interior.com\/fr\/","logo":{"@type":"ImageObject","inLanguage":"fr-FR","@id":"https:\/\/hubsch-interior.com\/fr\/#\/schema\/logo\/image\/","url":"https:\/\/hubsch-interior.com\/wp-content\/uploads\/2022\/12\/Hubsch_logo_black_one_line.svg","contentUrl":"https:\/\/hubsch-interior.com\/wp-content\/uploads\/2022\/12\/Hubsch_logo_black_one_line.svg","caption":"H\u00fcbsch"},"image":{"@id":"https:\/\/hubsch-interior.com\/fr\/#\/schema\/logo\/image\/"}}]}},"_links":{"self":[{"href":"https:\/\/hubsch-interior.com\/fr\/wp-json\/wp\/v2\/product\/975960","targetHints":{"allow":["GET"]}}],"collection":[{"href":"https:\/\/hubsch-interior.com\/fr\/wp-json\/wp\/v2\/product"}],"about":[{"href":"https:\/\/hubsch-interior.com\/fr\/wp-json\/wp\/v2\/types\/product"}],"wp:featuredmedia":[{"embeddable":true,"href":"https:\/\/hubsch-interior.com\/fr\/wp-json\/wp\/v2\/media\/1097542"}],"wp:attachment":[{"href":"https:\/\/hubsch-interior.com\/fr\/wp-json\/wp\/v2\/media?parent=975960"}],"wp:term":[{"taxonomy":"product_brand","embeddable":true,"href":"https:\/\/hubsch-interior.com\/fr\/wp-json\/wp\/v2\/product_brand?post=975960"},{"taxonomy":"product_cat","embeddable":true,"href":"https:\/\/hubsch-interior.com\/fr\/wp-json\/wp\/v2\/product_cat?post=975960"},{"taxonomy":"product_tag","embeddable":true,"href":"https:\/\/hubsch-interior.com\/fr\/wp-json\/wp\/v2\/product_tag?post=975960"}],"curies":[{"name":"wp","href":"https:\/\/api.w.org\/{rel}","templated":true}]}}