{"id":976040,"date":"2024-01-29T09:12:18","date_gmt":"2024-01-29T08:12:18","guid":{"rendered":"https:\/\/hubsch-interior.com\/product\/product\/"},"modified":"2026-04-09T04:33:22","modified_gmt":"2026-04-09T02:33:22","slug":"ecto-chaises-de-salle-a-manger-sable","status":"publish","type":"product","link":"https:\/\/hubsch-interior.com\/fr\/produit\/ecto-chaises-de-salle-a-manger-sable\/","title":{"rendered":"Ecto Chaises de salle \u00e0 manger Sable"},"content":{"rendered":"<p>Les chaises de salle \u00e0 manger Ecto sont la combinaison parfaite de confort et de design en un seul produit. Avec une forme distincte et sculpturale, cette chaise ajoutera une touche d&#8217;\u00e9l\u00e9gance moderne \u00e0 n&#8217;importe quel espace repas. Disponible en deux variantes. Le si\u00e8ge et le dossier rembourr\u00e9s offrent un confort maximum pour une exp\u00e9rience de repas relaxante. Rehaussez votre espace repas avec les chaises de salle \u00e0 manger Ecto.<\/p>\n","protected":false},"excerpt":{"rendered":"<p>Les chaises de salle \u00e0 manger Ecto sont la combinaison parfaite de confort et de design en un seul produit. Avec une forme distincte et sculpturale, cette chaise ajoutera une touche d&#8217;\u00e9l\u00e9gance moderne \u00e0 n&#8217;importe quel espace repas. Disponible en deux variantes. Le si\u00e8ge et le dossier rembourr\u00e9s offrent un confort maximum pour une exp\u00e9rience [&hellip;]<\/p>\n","protected":false},"featured_media":1097702,"template":"","meta":{"_acf_changed":false,"inline_featured_image":false},"product_brand":[],"product_cat":[6882,6322,2843,2844,5026],"product_tag":[],"class_list":{"0":"post-976040","1":"product","2":"type-product","3":"status-publish","4":"has-post-thumbnail","6":"product_cat-elevating-nostalgia-fr","7":"product_cat-fsc-fr","8":"product_cat-assises-fr","9":"product_cat-chaises-de-salle-a-manger-fr","10":"product_cat-bestsellers-fr","11":"product_shipping_class-pk","13":"pa_color-sable","14":"pa_material-fer-fr","15":"pa_material-polyester-100-fr","17":"first","18":"instock","19":"featured","20":"taxable","21":"shipping-taxable","22":"purchasable","23":"product-type-simple"},"exclude_global_add_ons":[],"addons":[],"acf":[],"yoast_head":"<!-- This site is optimized with the Yoast SEO plugin v26.4 - https:\/\/yoast.com\/wordpress\/plugins\/seo\/ -->\n<title>Ecto Chaises de salle \u00e0 manger Sable - H\u00fcbsch<\/title>\n<meta name=\"description\" content=\"Les chaises de salle \u00e0 manger Ecto sont la combinaison parfaite de confort et de design en un seul produit. Avec une forme distincte et sculpturale, cette\" \/>\n<meta name=\"robots\" content=\"index, follow, max-snippet:-1, max-image-preview:large, max-video-preview:-1\" \/>\n<link rel=\"canonical\" href=\"https:\/\/hubsch-interior.com\/fr\/wp-json\/wp\/v2\/product\/976040\" \/>\n<meta property=\"og:locale\" content=\"fr_FR\" \/>\n<meta property=\"og:type\" content=\"article\" \/>\n<meta property=\"og:title\" content=\"Ecto Chaises de salle \u00e0 manger Sable - H\u00fcbsch\" \/>\n<meta property=\"og:description\" content=\"Les chaises de salle \u00e0 manger Ecto sont la combinaison parfaite de confort et de design en un seul produit. Avec une forme distincte et sculpturale, cette\" \/>\n<meta property=\"og:url\" content=\"https:\/\/hubsch-interior.com\/fr\/produit\/ecto-chaises-de-salle-a-manger-sable\/\" \/>\n<meta property=\"og:site_name\" content=\"H\u00fcbsch\" \/>\n<meta property=\"article:modified_time\" content=\"2026-04-09T02:33:22+00:00\" \/>\n<meta property=\"og:image\" content=\"https:\/\/hubsch-interior.com\/wp-content\/uploads\/2026\/02\/ecto-dining-chair-sand-f815d7b4cbd77761a1ab5fa7590fe84b.jpg\" \/>\n\t<meta property=\"og:image:width\" content=\"1024\" \/>\n\t<meta property=\"og:image:height\" content=\"1024\" \/>\n\t<meta property=\"og:image:type\" content=\"image\/jpeg\" \/>\n<meta name=\"twitter:card\" content=\"summary_large_image\" \/>\n<script type=\"application\/ld+json\" class=\"yoast-schema-graph\">{\"@context\":\"https:\/\/schema.org\",\"@graph\":[{\"@type\":\"WebPage\",\"@id\":\"https:\/\/hubsch-interior.com\/fr\/produit\/ecto-chaises-de-salle-a-manger-sable\/\",\"url\":\"https:\/\/hubsch-interior.com\/fr\/produit\/ecto-chaises-de-salle-a-manger-sable\/\",\"name\":\"Ecto Chaises de salle \u00e0 manger Sable - H\u00fcbsch\",\"isPartOf\":{\"@id\":\"https:\/\/hubsch-interior.com\/fr\/#website\"},\"primaryImageOfPage\":{\"@id\":\"https:\/\/hubsch-interior.com\/fr\/produit\/ecto-chaises-de-salle-a-manger-sable\/#primaryimage\"},\"image\":{\"@id\":\"https:\/\/hubsch-interior.com\/fr\/produit\/ecto-chaises-de-salle-a-manger-sable\/#primaryimage\"},\"thumbnailUrl\":\"https:\/\/hubsch-interior.com\/wp-content\/uploads\/2026\/02\/ecto-dining-chair-sand-f815d7b4cbd77761a1ab5fa7590fe84b.jpg\",\"datePublished\":\"2024-01-29T08:12:18+00:00\",\"dateModified\":\"2026-04-09T02:33:22+00:00\",\"description\":\"Les chaises de salle \u00e0 manger Ecto sont la combinaison parfaite de confort et de design en un seul produit. Avec une forme distincte et sculpturale, cette\",\"breadcrumb\":{\"@id\":\"https:\/\/hubsch-interior.com\/fr\/produit\/ecto-chaises-de-salle-a-manger-sable\/#breadcrumb\"},\"inLanguage\":\"fr-FR\",\"potentialAction\":[{\"@type\":\"ReadAction\",\"target\":[\"https:\/\/hubsch-interior.com\/fr\/produit\/ecto-chaises-de-salle-a-manger-sable\/\"]}]},{\"@type\":\"ImageObject\",\"inLanguage\":\"fr-FR\",\"@id\":\"https:\/\/hubsch-interior.com\/fr\/produit\/ecto-chaises-de-salle-a-manger-sable\/#primaryimage\",\"url\":\"https:\/\/hubsch-interior.com\/wp-content\/uploads\/2026\/02\/ecto-dining-chair-sand-f815d7b4cbd77761a1ab5fa7590fe84b.jpg\",\"contentUrl\":\"https:\/\/hubsch-interior.com\/wp-content\/uploads\/2026\/02\/ecto-dining-chair-sand-f815d7b4cbd77761a1ab5fa7590fe84b.jpg\",\"width\":1024,\"height\":1024},{\"@type\":\"BreadcrumbList\",\"@id\":\"https:\/\/hubsch-interior.com\/fr\/produit\/ecto-chaises-de-salle-a-manger-sable\/#breadcrumb\",\"itemListElement\":[{\"@type\":\"ListItem\",\"position\":1,\"name\":\"Page d'accueil\",\"item\":\"https:\/\/hubsch-interior.com\/fr\/\"},{\"@type\":\"ListItem\",\"position\":2,\"name\":\"Produits\",\"item\":\"https:\/\/hubsch-interior.com\/fr\/shop-2\/\"},{\"@type\":\"ListItem\",\"position\":3,\"name\":\"Meubles\",\"item\":\"https:\/\/hubsch-interior.com\/fr\/categorie-produit\/meubles\/\"},{\"@type\":\"ListItem\",\"position\":4,\"name\":\"Assises\",\"item\":\"https:\/\/hubsch-interior.com\/fr\/categorie-produit\/meubles\/assises-fr\/\"},{\"@type\":\"ListItem\",\"position\":5,\"name\":\"Chaises de salle &agrave; manger\",\"item\":\"https:\/\/hubsch-interior.com\/fr\/categorie-produit\/meubles\/assises-fr\/chaises-de-salle-a-manger-fr\/\"},{\"@type\":\"ListItem\",\"position\":6,\"name\":\"Ecto Chaises de salle \u00e0 manger Sable\"}]},{\"@type\":\"WebSite\",\"@id\":\"https:\/\/hubsch-interior.com\/fr\/#website\",\"url\":\"https:\/\/hubsch-interior.com\/fr\/\",\"name\":\"H\u00fcbsch\",\"description\":\"Danish Home Interior and Design\",\"publisher\":{\"@id\":\"https:\/\/hubsch-interior.com\/fr\/#organization\"},\"potentialAction\":[{\"@type\":\"SearchAction\",\"target\":{\"@type\":\"EntryPoint\",\"urlTemplate\":\"https:\/\/hubsch-interior.com\/fr\/?s={search_term_string}\"},\"query-input\":{\"@type\":\"PropertyValueSpecification\",\"valueRequired\":true,\"valueName\":\"search_term_string\"}}],\"inLanguage\":\"fr-FR\"},{\"@type\":\"Organization\",\"@id\":\"https:\/\/hubsch-interior.com\/fr\/#organization\",\"name\":\"H\u00fcbsch\",\"url\":\"https:\/\/hubsch-interior.com\/fr\/\",\"logo\":{\"@type\":\"ImageObject\",\"inLanguage\":\"fr-FR\",\"@id\":\"https:\/\/hubsch-interior.com\/fr\/#\/schema\/logo\/image\/\",\"url\":\"https:\/\/hubsch-interior.com\/wp-content\/uploads\/2022\/12\/Hubsch_logo_black_one_line.svg\",\"contentUrl\":\"https:\/\/hubsch-interior.com\/wp-content\/uploads\/2022\/12\/Hubsch_logo_black_one_line.svg\",\"caption\":\"H\u00fcbsch\"},\"image\":{\"@id\":\"https:\/\/hubsch-interior.com\/fr\/#\/schema\/logo\/image\/\"}}]}<\/script>\n<!-- \/ Yoast SEO plugin. -->","yoast_head_json":{"title":"Ecto Chaises de salle \u00e0 manger Sable - H\u00fcbsch","description":"Les chaises de salle \u00e0 manger Ecto sont la combinaison parfaite de confort et de design en un seul produit. Avec une forme distincte et sculpturale, cette","robots":{"index":"index","follow":"follow","max-snippet":"max-snippet:-1","max-image-preview":"max-image-preview:large","max-video-preview":"max-video-preview:-1"},"canonical":"https:\/\/hubsch-interior.com\/fr\/wp-json\/wp\/v2\/product\/976040","og_locale":"fr_FR","og_type":"article","og_title":"Ecto Chaises de salle \u00e0 manger Sable - H\u00fcbsch","og_description":"Les chaises de salle \u00e0 manger Ecto sont la combinaison parfaite de confort et de design en un seul produit. Avec une forme distincte et sculpturale, cette","og_url":"https:\/\/hubsch-interior.com\/fr\/produit\/ecto-chaises-de-salle-a-manger-sable\/","og_site_name":"H\u00fcbsch","article_modified_time":"2026-04-09T02:33:22+00:00","og_image":[{"width":1024,"height":1024,"url":"https:\/\/hubsch-interior.com\/wp-content\/uploads\/2026\/02\/ecto-dining-chair-sand-f815d7b4cbd77761a1ab5fa7590fe84b.jpg","type":"image\/jpeg"}],"twitter_card":"summary_large_image","schema":{"@context":"https:\/\/schema.org","@graph":[{"@type":"WebPage","@id":"https:\/\/hubsch-interior.com\/fr\/produit\/ecto-chaises-de-salle-a-manger-sable\/","url":"https:\/\/hubsch-interior.com\/fr\/produit\/ecto-chaises-de-salle-a-manger-sable\/","name":"Ecto Chaises de salle \u00e0 manger Sable - H\u00fcbsch","isPartOf":{"@id":"https:\/\/hubsch-interior.com\/fr\/#website"},"primaryImageOfPage":{"@id":"https:\/\/hubsch-interior.com\/fr\/produit\/ecto-chaises-de-salle-a-manger-sable\/#primaryimage"},"image":{"@id":"https:\/\/hubsch-interior.com\/fr\/produit\/ecto-chaises-de-salle-a-manger-sable\/#primaryimage"},"thumbnailUrl":"https:\/\/hubsch-interior.com\/wp-content\/uploads\/2026\/02\/ecto-dining-chair-sand-f815d7b4cbd77761a1ab5fa7590fe84b.jpg","datePublished":"2024-01-29T08:12:18+00:00","dateModified":"2026-04-09T02:33:22+00:00","description":"Les chaises de salle \u00e0 manger Ecto sont la combinaison parfaite de confort et de design en un seul produit. Avec une forme distincte et sculpturale, cette","breadcrumb":{"@id":"https:\/\/hubsch-interior.com\/fr\/produit\/ecto-chaises-de-salle-a-manger-sable\/#breadcrumb"},"inLanguage":"fr-FR","potentialAction":[{"@type":"ReadAction","target":["https:\/\/hubsch-interior.com\/fr\/produit\/ecto-chaises-de-salle-a-manger-sable\/"]}]},{"@type":"ImageObject","inLanguage":"fr-FR","@id":"https:\/\/hubsch-interior.com\/fr\/produit\/ecto-chaises-de-salle-a-manger-sable\/#primaryimage","url":"https:\/\/hubsch-interior.com\/wp-content\/uploads\/2026\/02\/ecto-dining-chair-sand-f815d7b4cbd77761a1ab5fa7590fe84b.jpg","contentUrl":"https:\/\/hubsch-interior.com\/wp-content\/uploads\/2026\/02\/ecto-dining-chair-sand-f815d7b4cbd77761a1ab5fa7590fe84b.jpg","width":1024,"height":1024},{"@type":"BreadcrumbList","@id":"https:\/\/hubsch-interior.com\/fr\/produit\/ecto-chaises-de-salle-a-manger-sable\/#breadcrumb","itemListElement":[{"@type":"ListItem","position":1,"name":"Page d'accueil","item":"https:\/\/hubsch-interior.com\/fr\/"},{"@type":"ListItem","position":2,"name":"Produits","item":"https:\/\/hubsch-interior.com\/fr\/shop-2\/"},{"@type":"ListItem","position":3,"name":"Meubles","item":"https:\/\/hubsch-interior.com\/fr\/categorie-produit\/meubles\/"},{"@type":"ListItem","position":4,"name":"Assises","item":"https:\/\/hubsch-interior.com\/fr\/categorie-produit\/meubles\/assises-fr\/"},{"@type":"ListItem","position":5,"name":"Chaises de salle &agrave; manger","item":"https:\/\/hubsch-interior.com\/fr\/categorie-produit\/meubles\/assises-fr\/chaises-de-salle-a-manger-fr\/"},{"@type":"ListItem","position":6,"name":"Ecto Chaises de salle \u00e0 manger Sable"}]},{"@type":"WebSite","@id":"https:\/\/hubsch-interior.com\/fr\/#website","url":"https:\/\/hubsch-interior.com\/fr\/","name":"H\u00fcbsch","description":"Danish Home Interior and Design","publisher":{"@id":"https:\/\/hubsch-interior.com\/fr\/#organization"},"potentialAction":[{"@type":"SearchAction","target":{"@type":"EntryPoint","urlTemplate":"https:\/\/hubsch-interior.com\/fr\/?s={search_term_string}"},"query-input":{"@type":"PropertyValueSpecification","valueRequired":true,"valueName":"search_term_string"}}],"inLanguage":"fr-FR"},{"@type":"Organization","@id":"https:\/\/hubsch-interior.com\/fr\/#organization","name":"H\u00fcbsch","url":"https:\/\/hubsch-interior.com\/fr\/","logo":{"@type":"ImageObject","inLanguage":"fr-FR","@id":"https:\/\/hubsch-interior.com\/fr\/#\/schema\/logo\/image\/","url":"https:\/\/hubsch-interior.com\/wp-content\/uploads\/2022\/12\/Hubsch_logo_black_one_line.svg","contentUrl":"https:\/\/hubsch-interior.com\/wp-content\/uploads\/2022\/12\/Hubsch_logo_black_one_line.svg","caption":"H\u00fcbsch"},"image":{"@id":"https:\/\/hubsch-interior.com\/fr\/#\/schema\/logo\/image\/"}}]}},"_links":{"self":[{"href":"https:\/\/hubsch-interior.com\/fr\/wp-json\/wp\/v2\/product\/976040","targetHints":{"allow":["GET"]}}],"collection":[{"href":"https:\/\/hubsch-interior.com\/fr\/wp-json\/wp\/v2\/product"}],"about":[{"href":"https:\/\/hubsch-interior.com\/fr\/wp-json\/wp\/v2\/types\/product"}],"wp:featuredmedia":[{"embeddable":true,"href":"https:\/\/hubsch-interior.com\/fr\/wp-json\/wp\/v2\/media\/1097702"}],"wp:attachment":[{"href":"https:\/\/hubsch-interior.com\/fr\/wp-json\/wp\/v2\/media?parent=976040"}],"wp:term":[{"taxonomy":"product_brand","embeddable":true,"href":"https:\/\/hubsch-interior.com\/fr\/wp-json\/wp\/v2\/product_brand?post=976040"},{"taxonomy":"product_cat","embeddable":true,"href":"https:\/\/hubsch-interior.com\/fr\/wp-json\/wp\/v2\/product_cat?post=976040"},{"taxonomy":"product_tag","embeddable":true,"href":"https:\/\/hubsch-interior.com\/fr\/wp-json\/wp\/v2\/product_tag?post=976040"}],"curies":[{"name":"wp","href":"https:\/\/api.w.org\/{rel}","templated":true}]}}