{"id":976216,"date":"2024-01-29T09:13:30","date_gmt":"2024-01-29T08:13:30","guid":{"rendered":"https:\/\/hubsch-interior.com\/product\/product\/"},"modified":"2026-04-09T04:38:40","modified_gmt":"2026-04-09T02:38:40","slug":"orbit-verre-a-eau-jaune","status":"publish","type":"product","link":"https:\/\/hubsch-interior.com\/fr\/produit\/orbit-verre-a-eau-jaune\/","title":{"rendered":"Orbit Verre \u00e0 eau Jaune"},"content":{"rendered":"<p>D\u00e9couvrez le verre \u00e0 eau Orbit, un \u00e9l\u00e9ment indispensable pour votre collection de vaisselle de cuisine. Ce verre l\u00e9ger est fabriqu\u00e9 \u00e0 la main avec soin, garantissant un produit de qualit\u00e9 pour votre utilisation quotidienne. Disponible en quatre variantes vibrantes, dont ce mod\u00e8le jaune vif, il apporte une touche de couleur \u00e0 votre table. Son design empilable facilite le rangement. Simple et amusant, le verre \u00e0 eau Orbit deviendra s\u00fbrement votre favori pour tous vos besoins en boissons.<\/p>\n","protected":false},"excerpt":{"rendered":"<p>D\u00e9couvrez le verre \u00e0 eau Orbit, un \u00e9l\u00e9ment indispensable pour votre collection de vaisselle de cuisine. Ce verre l\u00e9ger est fabriqu\u00e9 \u00e0 la main avec soin, garantissant un produit de qualit\u00e9 pour votre utilisation quotidienne. Disponible en quatre variantes vibrantes, dont ce mod\u00e8le jaune vif, il apporte une touche de couleur \u00e0 votre table. Son [&hellip;]<\/p>\n","protected":false},"featured_media":1099299,"template":"","meta":{"_acf_changed":false,"inline_featured_image":false},"product_brand":[],"product_cat":[6882,6971,7027,7033,6348,4053,4095,5026,6535],"product_tag":[],"class_list":{"0":"post-976216","1":"product","2":"type-product","3":"status-publish","4":"has-post-thumbnail","6":"product_cat-elevating-nostalgia-fr","7":"product_cat-paques","8":"product_cat-vaisselle-fr-2","9":"product_cat-verres-et-carafes-fr","10":"product_cat-garden-selection-fr","11":"product_cat-accessoires-de-cuisine-fr","12":"product_cat-vaisselle-fr","13":"product_cat-bestsellers-fr","14":"product_cat-outlet-fr","15":"product_shipping_class-pk","17":"pa_color-jaune","18":"pa_material-verre-fr","20":"first","21":"instock","22":"sale","23":"featured","24":"taxable","25":"shipping-taxable","26":"purchasable","27":"product-type-simple"},"exclude_global_add_ons":[],"addons":[],"acf":[],"yoast_head":"<!-- This site is optimized with the Yoast SEO plugin v26.4 - https:\/\/yoast.com\/wordpress\/plugins\/seo\/ -->\n<title>Orbit Verre \u00e0 eau Jaune - H\u00fcbsch<\/title>\n<meta name=\"description\" content=\"D\u00e9couvrez le verre \u00e0 eau Orbit, un \u00e9l\u00e9ment indispensable pour votre collection de vaisselle de cuisine. Ce verre l\u00e9ger est fabriqu\u00e9 \u00e0 la main avec soin,\" \/>\n<meta name=\"robots\" content=\"index, follow, max-snippet:-1, max-image-preview:large, max-video-preview:-1\" \/>\n<link rel=\"canonical\" href=\"https:\/\/hubsch-interior.com\/fr\/wp-json\/wp\/v2\/product\/976216\" \/>\n<meta property=\"og:locale\" content=\"fr_FR\" \/>\n<meta property=\"og:type\" content=\"article\" \/>\n<meta property=\"og:title\" content=\"Orbit Verre \u00e0 eau Jaune - H\u00fcbsch\" \/>\n<meta property=\"og:description\" content=\"D\u00e9couvrez le verre \u00e0 eau Orbit, un \u00e9l\u00e9ment indispensable pour votre collection de vaisselle de cuisine. Ce verre l\u00e9ger est fabriqu\u00e9 \u00e0 la main avec soin,\" \/>\n<meta property=\"og:url\" content=\"https:\/\/hubsch-interior.com\/fr\/produit\/orbit-verre-a-eau-jaune\/\" \/>\n<meta property=\"og:site_name\" content=\"H\u00fcbsch\" \/>\n<meta property=\"article:modified_time\" content=\"2026-04-09T02:38:40+00:00\" \/>\n<meta property=\"og:image\" content=\"https:\/\/hubsch-interior.com\/wp-content\/uploads\/2024\/01\/orbit-drinking-glass-yellow-2992b2feb3d247059cfb6d7a45a89833.jpg\" \/>\n\t<meta property=\"og:image:width\" content=\"1200\" \/>\n\t<meta property=\"og:image:height\" content=\"1200\" \/>\n\t<meta property=\"og:image:type\" content=\"image\/jpeg\" \/>\n<meta name=\"twitter:card\" content=\"summary_large_image\" \/>\n<script type=\"application\/ld+json\" class=\"yoast-schema-graph\">{\"@context\":\"https:\/\/schema.org\",\"@graph\":[{\"@type\":\"WebPage\",\"@id\":\"https:\/\/hubsch-interior.com\/fr\/produit\/orbit-verre-a-eau-jaune\/\",\"url\":\"https:\/\/hubsch-interior.com\/fr\/produit\/orbit-verre-a-eau-jaune\/\",\"name\":\"Orbit Verre \u00e0 eau Jaune - H\u00fcbsch\",\"isPartOf\":{\"@id\":\"https:\/\/hubsch-interior.com\/fr\/#website\"},\"primaryImageOfPage\":{\"@id\":\"https:\/\/hubsch-interior.com\/fr\/produit\/orbit-verre-a-eau-jaune\/#primaryimage\"},\"image\":{\"@id\":\"https:\/\/hubsch-interior.com\/fr\/produit\/orbit-verre-a-eau-jaune\/#primaryimage\"},\"thumbnailUrl\":\"https:\/\/hubsch-interior.com\/wp-content\/uploads\/2026\/02\/orbit-drinking-glass-yellow-fb08cb228c2c44d12d72c7e232c3e8d8.jpg\",\"datePublished\":\"2024-01-29T08:13:30+00:00\",\"dateModified\":\"2026-04-09T02:38:40+00:00\",\"description\":\"D\u00e9couvrez le verre \u00e0 eau Orbit, un \u00e9l\u00e9ment indispensable pour votre collection de vaisselle de cuisine. Ce verre l\u00e9ger est fabriqu\u00e9 \u00e0 la main avec soin,\",\"breadcrumb\":{\"@id\":\"https:\/\/hubsch-interior.com\/fr\/produit\/orbit-verre-a-eau-jaune\/#breadcrumb\"},\"inLanguage\":\"fr-FR\",\"potentialAction\":[{\"@type\":\"ReadAction\",\"target\":[\"https:\/\/hubsch-interior.com\/fr\/produit\/orbit-verre-a-eau-jaune\/\"]}]},{\"@type\":\"ImageObject\",\"inLanguage\":\"fr-FR\",\"@id\":\"https:\/\/hubsch-interior.com\/fr\/produit\/orbit-verre-a-eau-jaune\/#primaryimage\",\"url\":\"https:\/\/hubsch-interior.com\/wp-content\/uploads\/2026\/02\/orbit-drinking-glass-yellow-fb08cb228c2c44d12d72c7e232c3e8d8.jpg\",\"contentUrl\":\"https:\/\/hubsch-interior.com\/wp-content\/uploads\/2026\/02\/orbit-drinking-glass-yellow-fb08cb228c2c44d12d72c7e232c3e8d8.jpg\",\"width\":1024,\"height\":1024},{\"@type\":\"BreadcrumbList\",\"@id\":\"https:\/\/hubsch-interior.com\/fr\/produit\/orbit-verre-a-eau-jaune\/#breadcrumb\",\"itemListElement\":[{\"@type\":\"ListItem\",\"position\":1,\"name\":\"Page d'accueil\",\"item\":\"https:\/\/hubsch-interior.com\/fr\/\"},{\"@type\":\"ListItem\",\"position\":2,\"name\":\"Produits\",\"item\":\"https:\/\/hubsch-interior.com\/fr\/shop-2\/\"},{\"@type\":\"ListItem\",\"position\":3,\"name\":\"Cuisine\",\"item\":\"https:\/\/hubsch-interior.com\/fr\/categorie-produit\/cuisine\/\"},{\"@type\":\"ListItem\",\"position\":4,\"name\":\"Vaisselle\",\"item\":\"https:\/\/hubsch-interior.com\/fr\/categorie-produit\/cuisine\/vaisselle-fr-2\/\"},{\"@type\":\"ListItem\",\"position\":5,\"name\":\"Verres et Carafes\",\"item\":\"https:\/\/hubsch-interior.com\/fr\/categorie-produit\/cuisine\/vaisselle-fr-2\/verres-et-carafes-fr\/\"},{\"@type\":\"ListItem\",\"position\":6,\"name\":\"Orbit Verre \u00e0 eau Jaune\"}]},{\"@type\":\"WebSite\",\"@id\":\"https:\/\/hubsch-interior.com\/fr\/#website\",\"url\":\"https:\/\/hubsch-interior.com\/fr\/\",\"name\":\"H\u00fcbsch\",\"description\":\"Danish Home Interior and Design\",\"publisher\":{\"@id\":\"https:\/\/hubsch-interior.com\/fr\/#organization\"},\"potentialAction\":[{\"@type\":\"SearchAction\",\"target\":{\"@type\":\"EntryPoint\",\"urlTemplate\":\"https:\/\/hubsch-interior.com\/fr\/?s={search_term_string}\"},\"query-input\":{\"@type\":\"PropertyValueSpecification\",\"valueRequired\":true,\"valueName\":\"search_term_string\"}}],\"inLanguage\":\"fr-FR\"},{\"@type\":\"Organization\",\"@id\":\"https:\/\/hubsch-interior.com\/fr\/#organization\",\"name\":\"H\u00fcbsch\",\"url\":\"https:\/\/hubsch-interior.com\/fr\/\",\"logo\":{\"@type\":\"ImageObject\",\"inLanguage\":\"fr-FR\",\"@id\":\"https:\/\/hubsch-interior.com\/fr\/#\/schema\/logo\/image\/\",\"url\":\"https:\/\/hubsch-interior.com\/wp-content\/uploads\/2022\/12\/Hubsch_logo_black_one_line.svg\",\"contentUrl\":\"https:\/\/hubsch-interior.com\/wp-content\/uploads\/2022\/12\/Hubsch_logo_black_one_line.svg\",\"caption\":\"H\u00fcbsch\"},\"image\":{\"@id\":\"https:\/\/hubsch-interior.com\/fr\/#\/schema\/logo\/image\/\"}}]}<\/script>\n<!-- \/ Yoast SEO plugin. -->","yoast_head_json":{"title":"Orbit Verre \u00e0 eau Jaune - H\u00fcbsch","description":"D\u00e9couvrez le verre \u00e0 eau Orbit, un \u00e9l\u00e9ment indispensable pour votre collection de vaisselle de cuisine. Ce verre l\u00e9ger est fabriqu\u00e9 \u00e0 la main avec soin,","robots":{"index":"index","follow":"follow","max-snippet":"max-snippet:-1","max-image-preview":"max-image-preview:large","max-video-preview":"max-video-preview:-1"},"canonical":"https:\/\/hubsch-interior.com\/fr\/wp-json\/wp\/v2\/product\/976216","og_locale":"fr_FR","og_type":"article","og_title":"Orbit Verre \u00e0 eau Jaune - H\u00fcbsch","og_description":"D\u00e9couvrez le verre \u00e0 eau Orbit, un \u00e9l\u00e9ment indispensable pour votre collection de vaisselle de cuisine. Ce verre l\u00e9ger est fabriqu\u00e9 \u00e0 la main avec soin,","og_url":"https:\/\/hubsch-interior.com\/fr\/produit\/orbit-verre-a-eau-jaune\/","og_site_name":"H\u00fcbsch","article_modified_time":"2026-04-09T02:38:40+00:00","og_image":[{"width":1200,"height":1200,"url":"https:\/\/hubsch-interior.com\/wp-content\/uploads\/2024\/01\/orbit-drinking-glass-yellow-2992b2feb3d247059cfb6d7a45a89833.jpg","type":"image\/jpeg"}],"twitter_card":"summary_large_image","schema":{"@context":"https:\/\/schema.org","@graph":[{"@type":"WebPage","@id":"https:\/\/hubsch-interior.com\/fr\/produit\/orbit-verre-a-eau-jaune\/","url":"https:\/\/hubsch-interior.com\/fr\/produit\/orbit-verre-a-eau-jaune\/","name":"Orbit Verre \u00e0 eau Jaune - H\u00fcbsch","isPartOf":{"@id":"https:\/\/hubsch-interior.com\/fr\/#website"},"primaryImageOfPage":{"@id":"https:\/\/hubsch-interior.com\/fr\/produit\/orbit-verre-a-eau-jaune\/#primaryimage"},"image":{"@id":"https:\/\/hubsch-interior.com\/fr\/produit\/orbit-verre-a-eau-jaune\/#primaryimage"},"thumbnailUrl":"https:\/\/hubsch-interior.com\/wp-content\/uploads\/2026\/02\/orbit-drinking-glass-yellow-fb08cb228c2c44d12d72c7e232c3e8d8.jpg","datePublished":"2024-01-29T08:13:30+00:00","dateModified":"2026-04-09T02:38:40+00:00","description":"D\u00e9couvrez le verre \u00e0 eau Orbit, un \u00e9l\u00e9ment indispensable pour votre collection de vaisselle de cuisine. Ce verre l\u00e9ger est fabriqu\u00e9 \u00e0 la main avec soin,","breadcrumb":{"@id":"https:\/\/hubsch-interior.com\/fr\/produit\/orbit-verre-a-eau-jaune\/#breadcrumb"},"inLanguage":"fr-FR","potentialAction":[{"@type":"ReadAction","target":["https:\/\/hubsch-interior.com\/fr\/produit\/orbit-verre-a-eau-jaune\/"]}]},{"@type":"ImageObject","inLanguage":"fr-FR","@id":"https:\/\/hubsch-interior.com\/fr\/produit\/orbit-verre-a-eau-jaune\/#primaryimage","url":"https:\/\/hubsch-interior.com\/wp-content\/uploads\/2026\/02\/orbit-drinking-glass-yellow-fb08cb228c2c44d12d72c7e232c3e8d8.jpg","contentUrl":"https:\/\/hubsch-interior.com\/wp-content\/uploads\/2026\/02\/orbit-drinking-glass-yellow-fb08cb228c2c44d12d72c7e232c3e8d8.jpg","width":1024,"height":1024},{"@type":"BreadcrumbList","@id":"https:\/\/hubsch-interior.com\/fr\/produit\/orbit-verre-a-eau-jaune\/#breadcrumb","itemListElement":[{"@type":"ListItem","position":1,"name":"Page d'accueil","item":"https:\/\/hubsch-interior.com\/fr\/"},{"@type":"ListItem","position":2,"name":"Produits","item":"https:\/\/hubsch-interior.com\/fr\/shop-2\/"},{"@type":"ListItem","position":3,"name":"Cuisine","item":"https:\/\/hubsch-interior.com\/fr\/categorie-produit\/cuisine\/"},{"@type":"ListItem","position":4,"name":"Vaisselle","item":"https:\/\/hubsch-interior.com\/fr\/categorie-produit\/cuisine\/vaisselle-fr-2\/"},{"@type":"ListItem","position":5,"name":"Verres et Carafes","item":"https:\/\/hubsch-interior.com\/fr\/categorie-produit\/cuisine\/vaisselle-fr-2\/verres-et-carafes-fr\/"},{"@type":"ListItem","position":6,"name":"Orbit Verre \u00e0 eau Jaune"}]},{"@type":"WebSite","@id":"https:\/\/hubsch-interior.com\/fr\/#website","url":"https:\/\/hubsch-interior.com\/fr\/","name":"H\u00fcbsch","description":"Danish Home Interior and Design","publisher":{"@id":"https:\/\/hubsch-interior.com\/fr\/#organization"},"potentialAction":[{"@type":"SearchAction","target":{"@type":"EntryPoint","urlTemplate":"https:\/\/hubsch-interior.com\/fr\/?s={search_term_string}"},"query-input":{"@type":"PropertyValueSpecification","valueRequired":true,"valueName":"search_term_string"}}],"inLanguage":"fr-FR"},{"@type":"Organization","@id":"https:\/\/hubsch-interior.com\/fr\/#organization","name":"H\u00fcbsch","url":"https:\/\/hubsch-interior.com\/fr\/","logo":{"@type":"ImageObject","inLanguage":"fr-FR","@id":"https:\/\/hubsch-interior.com\/fr\/#\/schema\/logo\/image\/","url":"https:\/\/hubsch-interior.com\/wp-content\/uploads\/2022\/12\/Hubsch_logo_black_one_line.svg","contentUrl":"https:\/\/hubsch-interior.com\/wp-content\/uploads\/2022\/12\/Hubsch_logo_black_one_line.svg","caption":"H\u00fcbsch"},"image":{"@id":"https:\/\/hubsch-interior.com\/fr\/#\/schema\/logo\/image\/"}}]}},"_links":{"self":[{"href":"https:\/\/hubsch-interior.com\/fr\/wp-json\/wp\/v2\/product\/976216","targetHints":{"allow":["GET"]}}],"collection":[{"href":"https:\/\/hubsch-interior.com\/fr\/wp-json\/wp\/v2\/product"}],"about":[{"href":"https:\/\/hubsch-interior.com\/fr\/wp-json\/wp\/v2\/types\/product"}],"wp:featuredmedia":[{"embeddable":true,"href":"https:\/\/hubsch-interior.com\/fr\/wp-json\/wp\/v2\/media\/1099299"}],"wp:attachment":[{"href":"https:\/\/hubsch-interior.com\/fr\/wp-json\/wp\/v2\/media?parent=976216"}],"wp:term":[{"taxonomy":"product_brand","embeddable":true,"href":"https:\/\/hubsch-interior.com\/fr\/wp-json\/wp\/v2\/product_brand?post=976216"},{"taxonomy":"product_cat","embeddable":true,"href":"https:\/\/hubsch-interior.com\/fr\/wp-json\/wp\/v2\/product_cat?post=976216"},{"taxonomy":"product_tag","embeddable":true,"href":"https:\/\/hubsch-interior.com\/fr\/wp-json\/wp\/v2\/product_tag?post=976216"}],"curies":[{"name":"wp","href":"https:\/\/api.w.org\/{rel}","templated":true}]}}