{"id":976240,"date":"2024-01-29T09:13:50","date_gmt":"2024-01-29T08:13:50","guid":{"rendered":"https:\/\/hubsch-interior.com\/product\/product\/"},"modified":"2026-04-05T04:38:46","modified_gmt":"2026-04-05T02:38:46","slug":"orbit-verre-a-eau-bleu","status":"publish","type":"product","link":"https:\/\/hubsch-interior.com\/fr\/produit\/orbit-verre-a-eau-bleu\/","title":{"rendered":"Orbit Verre \u00e0 eau Bleu"},"content":{"rendered":"<p>D\u00e9couvrez le verre \u00e0 eau Orbit dans une magnifique teinte bleue. Cette pi\u00e8ce intemporelle est fabriqu\u00e9e \u00e0 la main avec pr\u00e9cision et soin, rendant chaque verre unique et magnifique. Son design l\u00e9ger et empilable en fait l&#8217;accessoire parfait pour toute cuisine ou salle \u00e0 manger. Avec un volume g\u00e9n\u00e9reux de 200 ml, c&#8217;est la taille id\u00e9ale pour vos boissons pr\u00e9f\u00e9r\u00e9es. M\u00e9langez et assortissez entre les quatre couleurs disponibles pour apporter une touche simple et amusante \u00e0 votre table. Alors, pourquoi se contenter d&#8217;un verre ordinaire quand vous pouvez avoir une pi\u00e8ce \u00e9l\u00e9gante et fonctionnelle comme celui-ci??<\/p>\n","protected":false},"excerpt":{"rendered":"<p>D\u00e9couvrez le verre \u00e0 eau Orbit dans une magnifique teinte bleue. Cette pi\u00e8ce intemporelle est fabriqu\u00e9e \u00e0 la main avec pr\u00e9cision et soin, rendant chaque verre unique et magnifique. Son design l\u00e9ger et empilable en fait l&#8217;accessoire parfait pour toute cuisine ou salle \u00e0 manger. Avec un volume g\u00e9n\u00e9reux de 200 ml, c&#8217;est la taille [&hellip;]<\/p>\n","protected":false},"featured_media":1099323,"template":"","meta":{"_acf_changed":false,"inline_featured_image":false},"product_brand":[],"product_cat":[4053,5030,6882,6348,5026,6535,6971,4095,7027,7033],"product_tag":[],"class_list":{"0":"post-976240","1":"product","2":"type-product","3":"status-publish","4":"has-post-thumbnail","6":"product_cat-accessoires-de-cuisine-fr","7":"product_cat-de-nouveau-en-stock-fr","8":"product_cat-elevating-nostalgia-fr","9":"product_cat-garden-selection-fr","10":"product_cat-bestsellers-fr","11":"product_cat-outlet-fr","12":"product_cat-paques","13":"product_cat-vaisselle-fr","14":"product_cat-vaisselle-fr-2","15":"product_cat-verres-et-carafes-fr","16":"product_shipping_class-pk","18":"pa_color-bleu-2","19":"pa_material-verre-fr","21":"first","22":"instock","23":"sale","24":"featured","25":"taxable","26":"shipping-taxable","27":"purchasable","28":"product-type-simple"},"exclude_global_add_ons":[],"addons":[],"acf":[],"yoast_head":"<!-- This site is optimized with the Yoast SEO plugin v26.4 - https:\/\/yoast.com\/wordpress\/plugins\/seo\/ -->\n<title>Orbit Verre \u00e0 eau Bleu - H\u00fcbsch<\/title>\n<meta name=\"description\" content=\"D\u00e9couvrez le verre \u00e0 eau Orbit dans une magnifique teinte bleue. Cette pi\u00e8ce intemporelle est fabriqu\u00e9e \u00e0 la main avec pr\u00e9cision et soin, rendant chaque\" \/>\n<meta name=\"robots\" content=\"index, follow, max-snippet:-1, max-image-preview:large, max-video-preview:-1\" \/>\n<link rel=\"canonical\" href=\"https:\/\/hubsch-interior.com\/fr\/wp-json\/wp\/v2\/product\/976240\" \/>\n<meta property=\"og:locale\" content=\"fr_FR\" \/>\n<meta property=\"og:type\" content=\"article\" \/>\n<meta property=\"og:title\" content=\"Orbit Verre \u00e0 eau Bleu - H\u00fcbsch\" \/>\n<meta property=\"og:description\" content=\"D\u00e9couvrez le verre \u00e0 eau Orbit dans une magnifique teinte bleue. Cette pi\u00e8ce intemporelle est fabriqu\u00e9e \u00e0 la main avec pr\u00e9cision et soin, rendant chaque\" \/>\n<meta property=\"og:url\" content=\"https:\/\/hubsch-interior.com\/fr\/produit\/orbit-verre-a-eau-bleu\/\" \/>\n<meta property=\"og:site_name\" content=\"H\u00fcbsch\" \/>\n<meta property=\"article:modified_time\" content=\"2026-04-05T02:38:46+00:00\" \/>\n<meta property=\"og:image\" content=\"https:\/\/hubsch-interior.com\/wp-content\/uploads\/2024\/01\/orbit-drinking-glass-blue-3f065e11a3cc0e1c99cd73f7d445aab0.jpg\" \/>\n\t<meta property=\"og:image:width\" content=\"1200\" \/>\n\t<meta property=\"og:image:height\" content=\"1200\" \/>\n\t<meta property=\"og:image:type\" content=\"image\/jpeg\" \/>\n<meta name=\"twitter:card\" content=\"summary_large_image\" \/>\n<meta name=\"twitter:label1\" content=\"Dur\u00e9e de lecture estim\u00e9e\" \/>\n\t<meta name=\"twitter:data1\" content=\"1 minute\" \/>\n<script type=\"application\/ld+json\" class=\"yoast-schema-graph\">{\"@context\":\"https:\/\/schema.org\",\"@graph\":[{\"@type\":\"WebPage\",\"@id\":\"https:\/\/hubsch-interior.com\/fr\/produit\/orbit-verre-a-eau-bleu\/\",\"url\":\"https:\/\/hubsch-interior.com\/fr\/produit\/orbit-verre-a-eau-bleu\/\",\"name\":\"Orbit Verre \u00e0 eau Bleu - H\u00fcbsch\",\"isPartOf\":{\"@id\":\"https:\/\/hubsch-interior.com\/fr\/#website\"},\"primaryImageOfPage\":{\"@id\":\"https:\/\/hubsch-interior.com\/fr\/produit\/orbit-verre-a-eau-bleu\/#primaryimage\"},\"image\":{\"@id\":\"https:\/\/hubsch-interior.com\/fr\/produit\/orbit-verre-a-eau-bleu\/#primaryimage\"},\"thumbnailUrl\":\"https:\/\/hubsch-interior.com\/wp-content\/uploads\/2026\/02\/orbit-drinking-glass-blue-4a3a3b49c7eddaee5d14175687892083.jpg\",\"datePublished\":\"2024-01-29T08:13:50+00:00\",\"dateModified\":\"2026-04-05T02:38:46+00:00\",\"description\":\"D\u00e9couvrez le verre \u00e0 eau Orbit dans une magnifique teinte bleue. Cette pi\u00e8ce intemporelle est fabriqu\u00e9e \u00e0 la main avec pr\u00e9cision et soin, rendant chaque\",\"breadcrumb\":{\"@id\":\"https:\/\/hubsch-interior.com\/fr\/produit\/orbit-verre-a-eau-bleu\/#breadcrumb\"},\"inLanguage\":\"fr-FR\",\"potentialAction\":[{\"@type\":\"ReadAction\",\"target\":[\"https:\/\/hubsch-interior.com\/fr\/produit\/orbit-verre-a-eau-bleu\/\"]}]},{\"@type\":\"ImageObject\",\"inLanguage\":\"fr-FR\",\"@id\":\"https:\/\/hubsch-interior.com\/fr\/produit\/orbit-verre-a-eau-bleu\/#primaryimage\",\"url\":\"https:\/\/hubsch-interior.com\/wp-content\/uploads\/2026\/02\/orbit-drinking-glass-blue-4a3a3b49c7eddaee5d14175687892083.jpg\",\"contentUrl\":\"https:\/\/hubsch-interior.com\/wp-content\/uploads\/2026\/02\/orbit-drinking-glass-blue-4a3a3b49c7eddaee5d14175687892083.jpg\",\"width\":1024,\"height\":1024},{\"@type\":\"BreadcrumbList\",\"@id\":\"https:\/\/hubsch-interior.com\/fr\/produit\/orbit-verre-a-eau-bleu\/#breadcrumb\",\"itemListElement\":[{\"@type\":\"ListItem\",\"position\":1,\"name\":\"Page d'accueil\",\"item\":\"https:\/\/hubsch-interior.com\/fr\/\"},{\"@type\":\"ListItem\",\"position\":2,\"name\":\"Produits\",\"item\":\"https:\/\/hubsch-interior.com\/fr\/shop-2\/\"},{\"@type\":\"ListItem\",\"position\":3,\"name\":\"Cuisine\",\"item\":\"https:\/\/hubsch-interior.com\/fr\/categorie-produit\/cuisine\/\"},{\"@type\":\"ListItem\",\"position\":4,\"name\":\"Vaisselle\",\"item\":\"https:\/\/hubsch-interior.com\/fr\/categorie-produit\/cuisine\/vaisselle-fr-2\/\"},{\"@type\":\"ListItem\",\"position\":5,\"name\":\"Verres et Carafes\",\"item\":\"https:\/\/hubsch-interior.com\/fr\/categorie-produit\/cuisine\/vaisselle-fr-2\/verres-et-carafes-fr\/\"},{\"@type\":\"ListItem\",\"position\":6,\"name\":\"Orbit Verre \u00e0 eau Bleu\"}]},{\"@type\":\"WebSite\",\"@id\":\"https:\/\/hubsch-interior.com\/fr\/#website\",\"url\":\"https:\/\/hubsch-interior.com\/fr\/\",\"name\":\"H\u00fcbsch\",\"description\":\"Danish Home Interior and Design\",\"publisher\":{\"@id\":\"https:\/\/hubsch-interior.com\/fr\/#organization\"},\"potentialAction\":[{\"@type\":\"SearchAction\",\"target\":{\"@type\":\"EntryPoint\",\"urlTemplate\":\"https:\/\/hubsch-interior.com\/fr\/?s={search_term_string}\"},\"query-input\":{\"@type\":\"PropertyValueSpecification\",\"valueRequired\":true,\"valueName\":\"search_term_string\"}}],\"inLanguage\":\"fr-FR\"},{\"@type\":\"Organization\",\"@id\":\"https:\/\/hubsch-interior.com\/fr\/#organization\",\"name\":\"H\u00fcbsch\",\"url\":\"https:\/\/hubsch-interior.com\/fr\/\",\"logo\":{\"@type\":\"ImageObject\",\"inLanguage\":\"fr-FR\",\"@id\":\"https:\/\/hubsch-interior.com\/fr\/#\/schema\/logo\/image\/\",\"url\":\"https:\/\/hubsch-interior.com\/wp-content\/uploads\/2022\/12\/Hubsch_logo_black_one_line.svg\",\"contentUrl\":\"https:\/\/hubsch-interior.com\/wp-content\/uploads\/2022\/12\/Hubsch_logo_black_one_line.svg\",\"caption\":\"H\u00fcbsch\"},\"image\":{\"@id\":\"https:\/\/hubsch-interior.com\/fr\/#\/schema\/logo\/image\/\"}}]}<\/script>\n<!-- \/ Yoast SEO plugin. -->","yoast_head_json":{"title":"Orbit Verre \u00e0 eau Bleu - H\u00fcbsch","description":"D\u00e9couvrez le verre \u00e0 eau Orbit dans une magnifique teinte bleue. Cette pi\u00e8ce intemporelle est fabriqu\u00e9e \u00e0 la main avec pr\u00e9cision et soin, rendant chaque","robots":{"index":"index","follow":"follow","max-snippet":"max-snippet:-1","max-image-preview":"max-image-preview:large","max-video-preview":"max-video-preview:-1"},"canonical":"https:\/\/hubsch-interior.com\/fr\/wp-json\/wp\/v2\/product\/976240","og_locale":"fr_FR","og_type":"article","og_title":"Orbit Verre \u00e0 eau Bleu - H\u00fcbsch","og_description":"D\u00e9couvrez le verre \u00e0 eau Orbit dans une magnifique teinte bleue. Cette pi\u00e8ce intemporelle est fabriqu\u00e9e \u00e0 la main avec pr\u00e9cision et soin, rendant chaque","og_url":"https:\/\/hubsch-interior.com\/fr\/produit\/orbit-verre-a-eau-bleu\/","og_site_name":"H\u00fcbsch","article_modified_time":"2026-04-05T02:38:46+00:00","og_image":[{"width":1200,"height":1200,"url":"https:\/\/hubsch-interior.com\/wp-content\/uploads\/2024\/01\/orbit-drinking-glass-blue-3f065e11a3cc0e1c99cd73f7d445aab0.jpg","type":"image\/jpeg"}],"twitter_card":"summary_large_image","twitter_misc":{"Dur\u00e9e de lecture estim\u00e9e":"1 minute"},"schema":{"@context":"https:\/\/schema.org","@graph":[{"@type":"WebPage","@id":"https:\/\/hubsch-interior.com\/fr\/produit\/orbit-verre-a-eau-bleu\/","url":"https:\/\/hubsch-interior.com\/fr\/produit\/orbit-verre-a-eau-bleu\/","name":"Orbit Verre \u00e0 eau Bleu - H\u00fcbsch","isPartOf":{"@id":"https:\/\/hubsch-interior.com\/fr\/#website"},"primaryImageOfPage":{"@id":"https:\/\/hubsch-interior.com\/fr\/produit\/orbit-verre-a-eau-bleu\/#primaryimage"},"image":{"@id":"https:\/\/hubsch-interior.com\/fr\/produit\/orbit-verre-a-eau-bleu\/#primaryimage"},"thumbnailUrl":"https:\/\/hubsch-interior.com\/wp-content\/uploads\/2026\/02\/orbit-drinking-glass-blue-4a3a3b49c7eddaee5d14175687892083.jpg","datePublished":"2024-01-29T08:13:50+00:00","dateModified":"2026-04-05T02:38:46+00:00","description":"D\u00e9couvrez le verre \u00e0 eau Orbit dans une magnifique teinte bleue. Cette pi\u00e8ce intemporelle est fabriqu\u00e9e \u00e0 la main avec pr\u00e9cision et soin, rendant chaque","breadcrumb":{"@id":"https:\/\/hubsch-interior.com\/fr\/produit\/orbit-verre-a-eau-bleu\/#breadcrumb"},"inLanguage":"fr-FR","potentialAction":[{"@type":"ReadAction","target":["https:\/\/hubsch-interior.com\/fr\/produit\/orbit-verre-a-eau-bleu\/"]}]},{"@type":"ImageObject","inLanguage":"fr-FR","@id":"https:\/\/hubsch-interior.com\/fr\/produit\/orbit-verre-a-eau-bleu\/#primaryimage","url":"https:\/\/hubsch-interior.com\/wp-content\/uploads\/2026\/02\/orbit-drinking-glass-blue-4a3a3b49c7eddaee5d14175687892083.jpg","contentUrl":"https:\/\/hubsch-interior.com\/wp-content\/uploads\/2026\/02\/orbit-drinking-glass-blue-4a3a3b49c7eddaee5d14175687892083.jpg","width":1024,"height":1024},{"@type":"BreadcrumbList","@id":"https:\/\/hubsch-interior.com\/fr\/produit\/orbit-verre-a-eau-bleu\/#breadcrumb","itemListElement":[{"@type":"ListItem","position":1,"name":"Page d'accueil","item":"https:\/\/hubsch-interior.com\/fr\/"},{"@type":"ListItem","position":2,"name":"Produits","item":"https:\/\/hubsch-interior.com\/fr\/shop-2\/"},{"@type":"ListItem","position":3,"name":"Cuisine","item":"https:\/\/hubsch-interior.com\/fr\/categorie-produit\/cuisine\/"},{"@type":"ListItem","position":4,"name":"Vaisselle","item":"https:\/\/hubsch-interior.com\/fr\/categorie-produit\/cuisine\/vaisselle-fr-2\/"},{"@type":"ListItem","position":5,"name":"Verres et Carafes","item":"https:\/\/hubsch-interior.com\/fr\/categorie-produit\/cuisine\/vaisselle-fr-2\/verres-et-carafes-fr\/"},{"@type":"ListItem","position":6,"name":"Orbit Verre \u00e0 eau Bleu"}]},{"@type":"WebSite","@id":"https:\/\/hubsch-interior.com\/fr\/#website","url":"https:\/\/hubsch-interior.com\/fr\/","name":"H\u00fcbsch","description":"Danish Home Interior and Design","publisher":{"@id":"https:\/\/hubsch-interior.com\/fr\/#organization"},"potentialAction":[{"@type":"SearchAction","target":{"@type":"EntryPoint","urlTemplate":"https:\/\/hubsch-interior.com\/fr\/?s={search_term_string}"},"query-input":{"@type":"PropertyValueSpecification","valueRequired":true,"valueName":"search_term_string"}}],"inLanguage":"fr-FR"},{"@type":"Organization","@id":"https:\/\/hubsch-interior.com\/fr\/#organization","name":"H\u00fcbsch","url":"https:\/\/hubsch-interior.com\/fr\/","logo":{"@type":"ImageObject","inLanguage":"fr-FR","@id":"https:\/\/hubsch-interior.com\/fr\/#\/schema\/logo\/image\/","url":"https:\/\/hubsch-interior.com\/wp-content\/uploads\/2022\/12\/Hubsch_logo_black_one_line.svg","contentUrl":"https:\/\/hubsch-interior.com\/wp-content\/uploads\/2022\/12\/Hubsch_logo_black_one_line.svg","caption":"H\u00fcbsch"},"image":{"@id":"https:\/\/hubsch-interior.com\/fr\/#\/schema\/logo\/image\/"}}]}},"_links":{"self":[{"href":"https:\/\/hubsch-interior.com\/fr\/wp-json\/wp\/v2\/product\/976240","targetHints":{"allow":["GET"]}}],"collection":[{"href":"https:\/\/hubsch-interior.com\/fr\/wp-json\/wp\/v2\/product"}],"about":[{"href":"https:\/\/hubsch-interior.com\/fr\/wp-json\/wp\/v2\/types\/product"}],"wp:featuredmedia":[{"embeddable":true,"href":"https:\/\/hubsch-interior.com\/fr\/wp-json\/wp\/v2\/media\/1099323"}],"wp:attachment":[{"href":"https:\/\/hubsch-interior.com\/fr\/wp-json\/wp\/v2\/media?parent=976240"}],"wp:term":[{"taxonomy":"product_brand","embeddable":true,"href":"https:\/\/hubsch-interior.com\/fr\/wp-json\/wp\/v2\/product_brand?post=976240"},{"taxonomy":"product_cat","embeddable":true,"href":"https:\/\/hubsch-interior.com\/fr\/wp-json\/wp\/v2\/product_cat?post=976240"},{"taxonomy":"product_tag","embeddable":true,"href":"https:\/\/hubsch-interior.com\/fr\/wp-json\/wp\/v2\/product_tag?post=976240"}],"curies":[{"name":"wp","href":"https:\/\/api.w.org\/{rel}","templated":true}]}}