{"id":976304,"date":"2024-01-29T09:15:16","date_gmt":"2024-01-29T08:15:16","guid":{"rendered":"https:\/\/hubsch-interior.com\/product\/product\/"},"modified":"2026-04-09T04:38:58","modified_gmt":"2026-04-09T02:38:58","slug":"orbit-verre-a-eau-rouge-pale","status":"publish","type":"product","link":"https:\/\/hubsch-interior.com\/fr\/produit\/orbit-verre-a-eau-rouge-pale\/","title":{"rendered":"Orbit Verre \u00e0 eau Rouge P\u00e2le"},"content":{"rendered":"<p>D\u00e9couvrez le Verre \u00e0 eau Orbit dans une ravissante teinte rose, parfait pour ajouter une touche d&#8217;\u00e9l\u00e9gance \u00e0 votre routine quotidienne. Fabriqu\u00e9 en verre de haute qualit\u00e9, chaque verre est soigneusement fait \u00e0 la main pour garantir sa durabilit\u00e9 et sa long\u00e9vit\u00e9. Avec un design empilable, il est \u00e0 la fois pratique et \u00e9conomiseur d&#8217;espace. Ce verre l\u00e9ger a une contenance de 200 ml, id\u00e9al pour d\u00e9guster vos boissons pr\u00e9f\u00e9r\u00e9es. M\u00e9langez et assortissez avec les trois autres couleurs pour cr\u00e9er un ensemble amusant et dynamique.<\/p>\n","protected":false},"excerpt":{"rendered":"<p>D\u00e9couvrez le Verre \u00e0 eau Orbit dans une ravissante teinte rose, parfait pour ajouter une touche d&#8217;\u00e9l\u00e9gance \u00e0 votre routine quotidienne. Fabriqu\u00e9 en verre de haute qualit\u00e9, chaque verre est soigneusement fait \u00e0 la main pour garantir sa durabilit\u00e9 et sa long\u00e9vit\u00e9. Avec un design empilable, il est \u00e0 la fois pratique et \u00e9conomiseur d&#8217;espace. [&hellip;]<\/p>\n","protected":false},"featured_media":1099375,"template":"","meta":{"_acf_changed":false,"inline_featured_image":false},"product_brand":[],"product_cat":[6943,6882,6971,7027,7033,6348,4053,4095,5026,5030,6535],"product_tag":[],"class_list":{"0":"post-976304","1":"product","2":"type-product","3":"status-publish","4":"has-post-thumbnail","6":"product_cat-bestseller-2025-fr","7":"product_cat-elevating-nostalgia-fr","8":"product_cat-paques","9":"product_cat-vaisselle-fr-2","10":"product_cat-verres-et-carafes-fr","11":"product_cat-garden-selection-fr","12":"product_cat-accessoires-de-cuisine-fr","13":"product_cat-vaisselle-fr","14":"product_cat-bestsellers-fr","15":"product_cat-de-nouveau-en-stock-fr","16":"product_cat-outlet-fr","17":"product_shipping_class-pk","19":"pa_color-rouge-ple-2","20":"pa_material-verre-fr","22":"first","23":"instock","24":"sale","25":"featured","26":"taxable","27":"shipping-taxable","28":"purchasable","29":"product-type-simple"},"exclude_global_add_ons":[],"addons":[],"acf":[],"yoast_head":"<!-- This site is optimized with the Yoast SEO plugin v26.4 - https:\/\/yoast.com\/wordpress\/plugins\/seo\/ -->\n<title>Orbit Verre \u00e0 eau Rouge P\u00e2le - H\u00fcbsch<\/title>\n<meta name=\"description\" content=\"D\u00e9couvrez le Verre \u00e0 eau Orbit dans une ravissante teinte rose, parfait pour ajouter une touche d&#039;\u00e9l\u00e9gance \u00e0 votre routine quotidienne. Fabriqu\u00e9 en verre\" \/>\n<meta name=\"robots\" content=\"index, follow, max-snippet:-1, max-image-preview:large, max-video-preview:-1\" \/>\n<link rel=\"canonical\" href=\"https:\/\/hubsch-interior.com\/fr\/wp-json\/wp\/v2\/product\/976304\" \/>\n<meta property=\"og:locale\" content=\"fr_FR\" \/>\n<meta property=\"og:type\" content=\"article\" \/>\n<meta property=\"og:title\" content=\"Orbit Verre \u00e0 eau Rouge P\u00e2le - H\u00fcbsch\" \/>\n<meta property=\"og:description\" content=\"D\u00e9couvrez le Verre \u00e0 eau Orbit dans une ravissante teinte rose, parfait pour ajouter une touche d&#039;\u00e9l\u00e9gance \u00e0 votre routine quotidienne. Fabriqu\u00e9 en verre\" \/>\n<meta property=\"og:url\" content=\"https:\/\/hubsch-interior.com\/fr\/produit\/orbit-verre-a-eau-rouge-pale\/\" \/>\n<meta property=\"og:site_name\" content=\"H\u00fcbsch\" \/>\n<meta property=\"article:modified_time\" content=\"2026-04-09T02:38:58+00:00\" \/>\n<meta property=\"og:image\" content=\"https:\/\/hubsch-interior.com\/wp-content\/uploads\/2024\/01\/orbit-drinking-glass-pink-5dce25179368807300a7c954a3c1dd02.jpg\" \/>\n\t<meta property=\"og:image:width\" content=\"1200\" \/>\n\t<meta property=\"og:image:height\" content=\"1200\" \/>\n\t<meta property=\"og:image:type\" content=\"image\/jpeg\" \/>\n<meta name=\"twitter:card\" content=\"summary_large_image\" \/>\n<script type=\"application\/ld+json\" class=\"yoast-schema-graph\">{\"@context\":\"https:\/\/schema.org\",\"@graph\":[{\"@type\":\"WebPage\",\"@id\":\"https:\/\/hubsch-interior.com\/fr\/produit\/orbit-verre-a-eau-rouge-pale\/\",\"url\":\"https:\/\/hubsch-interior.com\/fr\/produit\/orbit-verre-a-eau-rouge-pale\/\",\"name\":\"Orbit Verre \u00e0 eau Rouge P\u00e2le - H\u00fcbsch\",\"isPartOf\":{\"@id\":\"https:\/\/hubsch-interior.com\/fr\/#website\"},\"primaryImageOfPage\":{\"@id\":\"https:\/\/hubsch-interior.com\/fr\/produit\/orbit-verre-a-eau-rouge-pale\/#primaryimage\"},\"image\":{\"@id\":\"https:\/\/hubsch-interior.com\/fr\/produit\/orbit-verre-a-eau-rouge-pale\/#primaryimage\"},\"thumbnailUrl\":\"https:\/\/hubsch-interior.com\/wp-content\/uploads\/2026\/02\/orbit-drinking-glass-pink-da09a675df0f7eee35c021541c100dfd.jpg\",\"datePublished\":\"2024-01-29T08:15:16+00:00\",\"dateModified\":\"2026-04-09T02:38:58+00:00\",\"description\":\"D\u00e9couvrez le Verre \u00e0 eau Orbit dans une ravissante teinte rose, parfait pour ajouter une touche d'\u00e9l\u00e9gance \u00e0 votre routine quotidienne. Fabriqu\u00e9 en verre\",\"breadcrumb\":{\"@id\":\"https:\/\/hubsch-interior.com\/fr\/produit\/orbit-verre-a-eau-rouge-pale\/#breadcrumb\"},\"inLanguage\":\"fr-FR\",\"potentialAction\":[{\"@type\":\"ReadAction\",\"target\":[\"https:\/\/hubsch-interior.com\/fr\/produit\/orbit-verre-a-eau-rouge-pale\/\"]}]},{\"@type\":\"ImageObject\",\"inLanguage\":\"fr-FR\",\"@id\":\"https:\/\/hubsch-interior.com\/fr\/produit\/orbit-verre-a-eau-rouge-pale\/#primaryimage\",\"url\":\"https:\/\/hubsch-interior.com\/wp-content\/uploads\/2026\/02\/orbit-drinking-glass-pink-da09a675df0f7eee35c021541c100dfd.jpg\",\"contentUrl\":\"https:\/\/hubsch-interior.com\/wp-content\/uploads\/2026\/02\/orbit-drinking-glass-pink-da09a675df0f7eee35c021541c100dfd.jpg\",\"width\":1024,\"height\":1024},{\"@type\":\"BreadcrumbList\",\"@id\":\"https:\/\/hubsch-interior.com\/fr\/produit\/orbit-verre-a-eau-rouge-pale\/#breadcrumb\",\"itemListElement\":[{\"@type\":\"ListItem\",\"position\":1,\"name\":\"Page d'accueil\",\"item\":\"https:\/\/hubsch-interior.com\/fr\/\"},{\"@type\":\"ListItem\",\"position\":2,\"name\":\"Produits\",\"item\":\"https:\/\/hubsch-interior.com\/fr\/shop-2\/\"},{\"@type\":\"ListItem\",\"position\":3,\"name\":\"Cuisine\",\"item\":\"https:\/\/hubsch-interior.com\/fr\/categorie-produit\/cuisine\/\"},{\"@type\":\"ListItem\",\"position\":4,\"name\":\"Vaisselle\",\"item\":\"https:\/\/hubsch-interior.com\/fr\/categorie-produit\/cuisine\/vaisselle-fr-2\/\"},{\"@type\":\"ListItem\",\"position\":5,\"name\":\"Verres et Carafes\",\"item\":\"https:\/\/hubsch-interior.com\/fr\/categorie-produit\/cuisine\/vaisselle-fr-2\/verres-et-carafes-fr\/\"},{\"@type\":\"ListItem\",\"position\":6,\"name\":\"Orbit Verre \u00e0 eau Rouge P\u00e2le\"}]},{\"@type\":\"WebSite\",\"@id\":\"https:\/\/hubsch-interior.com\/fr\/#website\",\"url\":\"https:\/\/hubsch-interior.com\/fr\/\",\"name\":\"H\u00fcbsch\",\"description\":\"Danish Home Interior and Design\",\"publisher\":{\"@id\":\"https:\/\/hubsch-interior.com\/fr\/#organization\"},\"potentialAction\":[{\"@type\":\"SearchAction\",\"target\":{\"@type\":\"EntryPoint\",\"urlTemplate\":\"https:\/\/hubsch-interior.com\/fr\/?s={search_term_string}\"},\"query-input\":{\"@type\":\"PropertyValueSpecification\",\"valueRequired\":true,\"valueName\":\"search_term_string\"}}],\"inLanguage\":\"fr-FR\"},{\"@type\":\"Organization\",\"@id\":\"https:\/\/hubsch-interior.com\/fr\/#organization\",\"name\":\"H\u00fcbsch\",\"url\":\"https:\/\/hubsch-interior.com\/fr\/\",\"logo\":{\"@type\":\"ImageObject\",\"inLanguage\":\"fr-FR\",\"@id\":\"https:\/\/hubsch-interior.com\/fr\/#\/schema\/logo\/image\/\",\"url\":\"https:\/\/hubsch-interior.com\/wp-content\/uploads\/2022\/12\/Hubsch_logo_black_one_line.svg\",\"contentUrl\":\"https:\/\/hubsch-interior.com\/wp-content\/uploads\/2022\/12\/Hubsch_logo_black_one_line.svg\",\"caption\":\"H\u00fcbsch\"},\"image\":{\"@id\":\"https:\/\/hubsch-interior.com\/fr\/#\/schema\/logo\/image\/\"}}]}<\/script>\n<!-- \/ Yoast SEO plugin. -->","yoast_head_json":{"title":"Orbit Verre \u00e0 eau Rouge P\u00e2le - H\u00fcbsch","description":"D\u00e9couvrez le Verre \u00e0 eau Orbit dans une ravissante teinte rose, parfait pour ajouter une touche d'\u00e9l\u00e9gance \u00e0 votre routine quotidienne. Fabriqu\u00e9 en verre","robots":{"index":"index","follow":"follow","max-snippet":"max-snippet:-1","max-image-preview":"max-image-preview:large","max-video-preview":"max-video-preview:-1"},"canonical":"https:\/\/hubsch-interior.com\/fr\/wp-json\/wp\/v2\/product\/976304","og_locale":"fr_FR","og_type":"article","og_title":"Orbit Verre \u00e0 eau Rouge P\u00e2le - H\u00fcbsch","og_description":"D\u00e9couvrez le Verre \u00e0 eau Orbit dans une ravissante teinte rose, parfait pour ajouter une touche d'\u00e9l\u00e9gance \u00e0 votre routine quotidienne. Fabriqu\u00e9 en verre","og_url":"https:\/\/hubsch-interior.com\/fr\/produit\/orbit-verre-a-eau-rouge-pale\/","og_site_name":"H\u00fcbsch","article_modified_time":"2026-04-09T02:38:58+00:00","og_image":[{"width":1200,"height":1200,"url":"https:\/\/hubsch-interior.com\/wp-content\/uploads\/2024\/01\/orbit-drinking-glass-pink-5dce25179368807300a7c954a3c1dd02.jpg","type":"image\/jpeg"}],"twitter_card":"summary_large_image","schema":{"@context":"https:\/\/schema.org","@graph":[{"@type":"WebPage","@id":"https:\/\/hubsch-interior.com\/fr\/produit\/orbit-verre-a-eau-rouge-pale\/","url":"https:\/\/hubsch-interior.com\/fr\/produit\/orbit-verre-a-eau-rouge-pale\/","name":"Orbit Verre \u00e0 eau Rouge P\u00e2le - H\u00fcbsch","isPartOf":{"@id":"https:\/\/hubsch-interior.com\/fr\/#website"},"primaryImageOfPage":{"@id":"https:\/\/hubsch-interior.com\/fr\/produit\/orbit-verre-a-eau-rouge-pale\/#primaryimage"},"image":{"@id":"https:\/\/hubsch-interior.com\/fr\/produit\/orbit-verre-a-eau-rouge-pale\/#primaryimage"},"thumbnailUrl":"https:\/\/hubsch-interior.com\/wp-content\/uploads\/2026\/02\/orbit-drinking-glass-pink-da09a675df0f7eee35c021541c100dfd.jpg","datePublished":"2024-01-29T08:15:16+00:00","dateModified":"2026-04-09T02:38:58+00:00","description":"D\u00e9couvrez le Verre \u00e0 eau Orbit dans une ravissante teinte rose, parfait pour ajouter une touche d'\u00e9l\u00e9gance \u00e0 votre routine quotidienne. Fabriqu\u00e9 en verre","breadcrumb":{"@id":"https:\/\/hubsch-interior.com\/fr\/produit\/orbit-verre-a-eau-rouge-pale\/#breadcrumb"},"inLanguage":"fr-FR","potentialAction":[{"@type":"ReadAction","target":["https:\/\/hubsch-interior.com\/fr\/produit\/orbit-verre-a-eau-rouge-pale\/"]}]},{"@type":"ImageObject","inLanguage":"fr-FR","@id":"https:\/\/hubsch-interior.com\/fr\/produit\/orbit-verre-a-eau-rouge-pale\/#primaryimage","url":"https:\/\/hubsch-interior.com\/wp-content\/uploads\/2026\/02\/orbit-drinking-glass-pink-da09a675df0f7eee35c021541c100dfd.jpg","contentUrl":"https:\/\/hubsch-interior.com\/wp-content\/uploads\/2026\/02\/orbit-drinking-glass-pink-da09a675df0f7eee35c021541c100dfd.jpg","width":1024,"height":1024},{"@type":"BreadcrumbList","@id":"https:\/\/hubsch-interior.com\/fr\/produit\/orbit-verre-a-eau-rouge-pale\/#breadcrumb","itemListElement":[{"@type":"ListItem","position":1,"name":"Page d'accueil","item":"https:\/\/hubsch-interior.com\/fr\/"},{"@type":"ListItem","position":2,"name":"Produits","item":"https:\/\/hubsch-interior.com\/fr\/shop-2\/"},{"@type":"ListItem","position":3,"name":"Cuisine","item":"https:\/\/hubsch-interior.com\/fr\/categorie-produit\/cuisine\/"},{"@type":"ListItem","position":4,"name":"Vaisselle","item":"https:\/\/hubsch-interior.com\/fr\/categorie-produit\/cuisine\/vaisselle-fr-2\/"},{"@type":"ListItem","position":5,"name":"Verres et Carafes","item":"https:\/\/hubsch-interior.com\/fr\/categorie-produit\/cuisine\/vaisselle-fr-2\/verres-et-carafes-fr\/"},{"@type":"ListItem","position":6,"name":"Orbit Verre \u00e0 eau Rouge P\u00e2le"}]},{"@type":"WebSite","@id":"https:\/\/hubsch-interior.com\/fr\/#website","url":"https:\/\/hubsch-interior.com\/fr\/","name":"H\u00fcbsch","description":"Danish Home Interior and Design","publisher":{"@id":"https:\/\/hubsch-interior.com\/fr\/#organization"},"potentialAction":[{"@type":"SearchAction","target":{"@type":"EntryPoint","urlTemplate":"https:\/\/hubsch-interior.com\/fr\/?s={search_term_string}"},"query-input":{"@type":"PropertyValueSpecification","valueRequired":true,"valueName":"search_term_string"}}],"inLanguage":"fr-FR"},{"@type":"Organization","@id":"https:\/\/hubsch-interior.com\/fr\/#organization","name":"H\u00fcbsch","url":"https:\/\/hubsch-interior.com\/fr\/","logo":{"@type":"ImageObject","inLanguage":"fr-FR","@id":"https:\/\/hubsch-interior.com\/fr\/#\/schema\/logo\/image\/","url":"https:\/\/hubsch-interior.com\/wp-content\/uploads\/2022\/12\/Hubsch_logo_black_one_line.svg","contentUrl":"https:\/\/hubsch-interior.com\/wp-content\/uploads\/2022\/12\/Hubsch_logo_black_one_line.svg","caption":"H\u00fcbsch"},"image":{"@id":"https:\/\/hubsch-interior.com\/fr\/#\/schema\/logo\/image\/"}}]}},"_links":{"self":[{"href":"https:\/\/hubsch-interior.com\/fr\/wp-json\/wp\/v2\/product\/976304","targetHints":{"allow":["GET"]}}],"collection":[{"href":"https:\/\/hubsch-interior.com\/fr\/wp-json\/wp\/v2\/product"}],"about":[{"href":"https:\/\/hubsch-interior.com\/fr\/wp-json\/wp\/v2\/types\/product"}],"wp:featuredmedia":[{"embeddable":true,"href":"https:\/\/hubsch-interior.com\/fr\/wp-json\/wp\/v2\/media\/1099375"}],"wp:attachment":[{"href":"https:\/\/hubsch-interior.com\/fr\/wp-json\/wp\/v2\/media?parent=976304"}],"wp:term":[{"taxonomy":"product_brand","embeddable":true,"href":"https:\/\/hubsch-interior.com\/fr\/wp-json\/wp\/v2\/product_brand?post=976304"},{"taxonomy":"product_cat","embeddable":true,"href":"https:\/\/hubsch-interior.com\/fr\/wp-json\/wp\/v2\/product_cat?post=976304"},{"taxonomy":"product_tag","embeddable":true,"href":"https:\/\/hubsch-interior.com\/fr\/wp-json\/wp\/v2\/product_tag?post=976304"}],"curies":[{"name":"wp","href":"https:\/\/api.w.org\/{rel}","templated":true}]}}