{"id":976356,"date":"2024-01-29T09:15:45","date_gmt":"2024-01-29T08:15:45","guid":{"rendered":"https:\/\/hubsch-interior.com\/product\/product\/"},"modified":"2026-04-05T04:39:07","modified_gmt":"2026-04-05T02:39:07","slug":"heir-bougeoir-bleu-claire","status":"publish","type":"product","link":"https:\/\/hubsch-interior.com\/fr\/produit\/heir-bougeoir-bleu-claire\/","title":{"rendered":"Heir Bougeoir Bleu claire"},"content":{"rendered":"<p>Le magnifique Heir Bougeoir est un accessoire indispensable pour toute maison moderne. Fabriqu\u00e9 \u00e0 la main avec soin, ce morceau exquis arbore un superbe motif tourbillonnant dans des couleurs pastel, d\u00e9gageant un sentiment de sophistication et de charme. Disponible en deux variantes, celui-ci arbore une magnifique teinte bleu clair, ajoutant une touche de tranquillit\u00e9 \u00e0 n&#8217;importe quel espace. Fabriqu\u00e9 en verre de haute qualit\u00e9, il est \u00e0 la fois compact et l\u00e9ger, ce qui le rend facile \u00e0 d\u00e9placer et parfait pour cr\u00e9er une ambiance chaleureuse dans n&#8217;importe quelle pi\u00e8ce. Profitez de la lueur chaude et vacillante d&#8217;une bougie dans le Heir Bougeoir.<\/p>\n","protected":false},"excerpt":{"rendered":"<p>Le magnifique Heir Bougeoir est un accessoire indispensable pour toute maison moderne. Fabriqu\u00e9 \u00e0 la main avec soin, ce morceau exquis arbore un superbe motif tourbillonnant dans des couleurs pastel, d\u00e9gageant un sentiment de sophistication et de charme. Disponible en deux variantes, celui-ci arbore une magnifique teinte bleu clair, ajoutant une touche de tranquillit\u00e9 \u00e0 [&hellip;]<\/p>\n","protected":false},"featured_media":1099415,"template":"","meta":{"_acf_changed":false,"inline_featured_image":false},"product_brand":[],"product_cat":[6882,6971,4065,4066,6535],"product_tag":[],"class_list":{"0":"post-976356","1":"product","2":"type-product","3":"status-publish","4":"has-post-thumbnail","6":"product_cat-elevating-nostalgia-fr","7":"product_cat-paques","8":"product_cat-bougeoirs-lanternes-fr","9":"product_cat-bougeoirs-et-photophores-fr","10":"product_cat-outlet-fr","11":"product_shipping_class-pk","13":"pa_color-bleu-claire-2","14":"pa_material-verre-fr","16":"first","17":"instock","18":"sale","19":"taxable","20":"shipping-taxable","21":"purchasable","22":"product-type-simple"},"exclude_global_add_ons":[],"addons":[],"acf":[],"yoast_head":"<!-- This site is optimized with the Yoast SEO plugin v26.4 - https:\/\/yoast.com\/wordpress\/plugins\/seo\/ -->\n<title>Heir Bougeoir Bleu claire - H\u00fcbsch<\/title>\n<meta name=\"description\" content=\"Le magnifique Heir Bougeoir est un accessoire indispensable pour toute maison moderne. Fabriqu\u00e9 \u00e0 la main avec soin, ce morceau exquis arbore un superbe\" \/>\n<meta name=\"robots\" content=\"index, follow, max-snippet:-1, max-image-preview:large, max-video-preview:-1\" \/>\n<link rel=\"canonical\" href=\"https:\/\/hubsch-interior.com\/fr\/wp-json\/wp\/v2\/product\/976356\" \/>\n<meta property=\"og:locale\" content=\"fr_FR\" \/>\n<meta property=\"og:type\" content=\"article\" \/>\n<meta property=\"og:title\" content=\"Heir Bougeoir Bleu claire - H\u00fcbsch\" \/>\n<meta property=\"og:description\" content=\"Le magnifique Heir Bougeoir est un accessoire indispensable pour toute maison moderne. Fabriqu\u00e9 \u00e0 la main avec soin, ce morceau exquis arbore un superbe\" \/>\n<meta property=\"og:url\" content=\"https:\/\/hubsch-interior.com\/fr\/produit\/heir-bougeoir-bleu-claire\/\" \/>\n<meta property=\"og:site_name\" content=\"H\u00fcbsch\" \/>\n<meta property=\"article:modified_time\" content=\"2026-04-05T02:39:07+00:00\" \/>\n<meta property=\"og:image\" content=\"https:\/\/hubsch-interior.com\/wp-content\/uploads\/2024\/01\/heir-candleholder-light-blue-ad03d2ea2b2e209ba313b30a67c2ec80.jpg\" \/>\n\t<meta property=\"og:image:width\" content=\"1200\" \/>\n\t<meta property=\"og:image:height\" content=\"1200\" \/>\n\t<meta property=\"og:image:type\" content=\"image\/jpeg\" \/>\n<meta name=\"twitter:card\" content=\"summary_large_image\" \/>\n<meta name=\"twitter:label1\" content=\"Dur\u00e9e de lecture estim\u00e9e\" \/>\n\t<meta name=\"twitter:data1\" content=\"1 minute\" \/>\n<script type=\"application\/ld+json\" class=\"yoast-schema-graph\">{\"@context\":\"https:\/\/schema.org\",\"@graph\":[{\"@type\":\"WebPage\",\"@id\":\"https:\/\/hubsch-interior.com\/fr\/produit\/heir-bougeoir-bleu-claire\/\",\"url\":\"https:\/\/hubsch-interior.com\/fr\/produit\/heir-bougeoir-bleu-claire\/\",\"name\":\"Heir Bougeoir Bleu claire - H\u00fcbsch\",\"isPartOf\":{\"@id\":\"https:\/\/hubsch-interior.com\/fr\/#website\"},\"primaryImageOfPage\":{\"@id\":\"https:\/\/hubsch-interior.com\/fr\/produit\/heir-bougeoir-bleu-claire\/#primaryimage\"},\"image\":{\"@id\":\"https:\/\/hubsch-interior.com\/fr\/produit\/heir-bougeoir-bleu-claire\/#primaryimage\"},\"thumbnailUrl\":\"https:\/\/hubsch-interior.com\/wp-content\/uploads\/2026\/02\/heir-candleholder-light-blue-e894cd4efb115258f8bbf2dae154b2d6.jpg\",\"datePublished\":\"2024-01-29T08:15:45+00:00\",\"dateModified\":\"2026-04-05T02:39:07+00:00\",\"description\":\"Le magnifique Heir Bougeoir est un accessoire indispensable pour toute maison moderne. Fabriqu\u00e9 \u00e0 la main avec soin, ce morceau exquis arbore un superbe\",\"breadcrumb\":{\"@id\":\"https:\/\/hubsch-interior.com\/fr\/produit\/heir-bougeoir-bleu-claire\/#breadcrumb\"},\"inLanguage\":\"fr-FR\",\"potentialAction\":[{\"@type\":\"ReadAction\",\"target\":[\"https:\/\/hubsch-interior.com\/fr\/produit\/heir-bougeoir-bleu-claire\/\"]}]},{\"@type\":\"ImageObject\",\"inLanguage\":\"fr-FR\",\"@id\":\"https:\/\/hubsch-interior.com\/fr\/produit\/heir-bougeoir-bleu-claire\/#primaryimage\",\"url\":\"https:\/\/hubsch-interior.com\/wp-content\/uploads\/2026\/02\/heir-candleholder-light-blue-e894cd4efb115258f8bbf2dae154b2d6.jpg\",\"contentUrl\":\"https:\/\/hubsch-interior.com\/wp-content\/uploads\/2026\/02\/heir-candleholder-light-blue-e894cd4efb115258f8bbf2dae154b2d6.jpg\",\"width\":1024,\"height\":1024},{\"@type\":\"BreadcrumbList\",\"@id\":\"https:\/\/hubsch-interior.com\/fr\/produit\/heir-bougeoir-bleu-claire\/#breadcrumb\",\"itemListElement\":[{\"@type\":\"ListItem\",\"position\":1,\"name\":\"Page d'accueil\",\"item\":\"https:\/\/hubsch-interior.com\/fr\/\"},{\"@type\":\"ListItem\",\"position\":2,\"name\":\"Produits\",\"item\":\"https:\/\/hubsch-interior.com\/fr\/shop-2\/\"},{\"@type\":\"ListItem\",\"position\":3,\"name\":\"Accessoires maison\",\"item\":\"https:\/\/hubsch-interior.com\/fr\/categorie-produit\/accessoires-maison\/\"},{\"@type\":\"ListItem\",\"position\":4,\"name\":\"Bougeoirs &amp; lanternes\",\"item\":\"https:\/\/hubsch-interior.com\/fr\/categorie-produit\/accessoires-maison\/bougeoirs-lanternes-fr\/\"},{\"@type\":\"ListItem\",\"position\":5,\"name\":\"Bougeoirs et photophores\",\"item\":\"https:\/\/hubsch-interior.com\/fr\/categorie-produit\/accessoires-maison\/bougeoirs-lanternes-fr\/bougeoirs-et-photophores-fr\/\"},{\"@type\":\"ListItem\",\"position\":6,\"name\":\"Heir Bougeoir Bleu claire\"}]},{\"@type\":\"WebSite\",\"@id\":\"https:\/\/hubsch-interior.com\/fr\/#website\",\"url\":\"https:\/\/hubsch-interior.com\/fr\/\",\"name\":\"H\u00fcbsch\",\"description\":\"Danish Home Interior and Design\",\"publisher\":{\"@id\":\"https:\/\/hubsch-interior.com\/fr\/#organization\"},\"potentialAction\":[{\"@type\":\"SearchAction\",\"target\":{\"@type\":\"EntryPoint\",\"urlTemplate\":\"https:\/\/hubsch-interior.com\/fr\/?s={search_term_string}\"},\"query-input\":{\"@type\":\"PropertyValueSpecification\",\"valueRequired\":true,\"valueName\":\"search_term_string\"}}],\"inLanguage\":\"fr-FR\"},{\"@type\":\"Organization\",\"@id\":\"https:\/\/hubsch-interior.com\/fr\/#organization\",\"name\":\"H\u00fcbsch\",\"url\":\"https:\/\/hubsch-interior.com\/fr\/\",\"logo\":{\"@type\":\"ImageObject\",\"inLanguage\":\"fr-FR\",\"@id\":\"https:\/\/hubsch-interior.com\/fr\/#\/schema\/logo\/image\/\",\"url\":\"https:\/\/hubsch-interior.com\/wp-content\/uploads\/2022\/12\/Hubsch_logo_black_one_line.svg\",\"contentUrl\":\"https:\/\/hubsch-interior.com\/wp-content\/uploads\/2022\/12\/Hubsch_logo_black_one_line.svg\",\"caption\":\"H\u00fcbsch\"},\"image\":{\"@id\":\"https:\/\/hubsch-interior.com\/fr\/#\/schema\/logo\/image\/\"}}]}<\/script>\n<!-- \/ Yoast SEO plugin. -->","yoast_head_json":{"title":"Heir Bougeoir Bleu claire - H\u00fcbsch","description":"Le magnifique Heir Bougeoir est un accessoire indispensable pour toute maison moderne. Fabriqu\u00e9 \u00e0 la main avec soin, ce morceau exquis arbore un superbe","robots":{"index":"index","follow":"follow","max-snippet":"max-snippet:-1","max-image-preview":"max-image-preview:large","max-video-preview":"max-video-preview:-1"},"canonical":"https:\/\/hubsch-interior.com\/fr\/wp-json\/wp\/v2\/product\/976356","og_locale":"fr_FR","og_type":"article","og_title":"Heir Bougeoir Bleu claire - H\u00fcbsch","og_description":"Le magnifique Heir Bougeoir est un accessoire indispensable pour toute maison moderne. Fabriqu\u00e9 \u00e0 la main avec soin, ce morceau exquis arbore un superbe","og_url":"https:\/\/hubsch-interior.com\/fr\/produit\/heir-bougeoir-bleu-claire\/","og_site_name":"H\u00fcbsch","article_modified_time":"2026-04-05T02:39:07+00:00","og_image":[{"width":1200,"height":1200,"url":"https:\/\/hubsch-interior.com\/wp-content\/uploads\/2024\/01\/heir-candleholder-light-blue-ad03d2ea2b2e209ba313b30a67c2ec80.jpg","type":"image\/jpeg"}],"twitter_card":"summary_large_image","twitter_misc":{"Dur\u00e9e de lecture estim\u00e9e":"1 minute"},"schema":{"@context":"https:\/\/schema.org","@graph":[{"@type":"WebPage","@id":"https:\/\/hubsch-interior.com\/fr\/produit\/heir-bougeoir-bleu-claire\/","url":"https:\/\/hubsch-interior.com\/fr\/produit\/heir-bougeoir-bleu-claire\/","name":"Heir Bougeoir Bleu claire - H\u00fcbsch","isPartOf":{"@id":"https:\/\/hubsch-interior.com\/fr\/#website"},"primaryImageOfPage":{"@id":"https:\/\/hubsch-interior.com\/fr\/produit\/heir-bougeoir-bleu-claire\/#primaryimage"},"image":{"@id":"https:\/\/hubsch-interior.com\/fr\/produit\/heir-bougeoir-bleu-claire\/#primaryimage"},"thumbnailUrl":"https:\/\/hubsch-interior.com\/wp-content\/uploads\/2026\/02\/heir-candleholder-light-blue-e894cd4efb115258f8bbf2dae154b2d6.jpg","datePublished":"2024-01-29T08:15:45+00:00","dateModified":"2026-04-05T02:39:07+00:00","description":"Le magnifique Heir Bougeoir est un accessoire indispensable pour toute maison moderne. Fabriqu\u00e9 \u00e0 la main avec soin, ce morceau exquis arbore un superbe","breadcrumb":{"@id":"https:\/\/hubsch-interior.com\/fr\/produit\/heir-bougeoir-bleu-claire\/#breadcrumb"},"inLanguage":"fr-FR","potentialAction":[{"@type":"ReadAction","target":["https:\/\/hubsch-interior.com\/fr\/produit\/heir-bougeoir-bleu-claire\/"]}]},{"@type":"ImageObject","inLanguage":"fr-FR","@id":"https:\/\/hubsch-interior.com\/fr\/produit\/heir-bougeoir-bleu-claire\/#primaryimage","url":"https:\/\/hubsch-interior.com\/wp-content\/uploads\/2026\/02\/heir-candleholder-light-blue-e894cd4efb115258f8bbf2dae154b2d6.jpg","contentUrl":"https:\/\/hubsch-interior.com\/wp-content\/uploads\/2026\/02\/heir-candleholder-light-blue-e894cd4efb115258f8bbf2dae154b2d6.jpg","width":1024,"height":1024},{"@type":"BreadcrumbList","@id":"https:\/\/hubsch-interior.com\/fr\/produit\/heir-bougeoir-bleu-claire\/#breadcrumb","itemListElement":[{"@type":"ListItem","position":1,"name":"Page d'accueil","item":"https:\/\/hubsch-interior.com\/fr\/"},{"@type":"ListItem","position":2,"name":"Produits","item":"https:\/\/hubsch-interior.com\/fr\/shop-2\/"},{"@type":"ListItem","position":3,"name":"Accessoires maison","item":"https:\/\/hubsch-interior.com\/fr\/categorie-produit\/accessoires-maison\/"},{"@type":"ListItem","position":4,"name":"Bougeoirs &amp; lanternes","item":"https:\/\/hubsch-interior.com\/fr\/categorie-produit\/accessoires-maison\/bougeoirs-lanternes-fr\/"},{"@type":"ListItem","position":5,"name":"Bougeoirs et photophores","item":"https:\/\/hubsch-interior.com\/fr\/categorie-produit\/accessoires-maison\/bougeoirs-lanternes-fr\/bougeoirs-et-photophores-fr\/"},{"@type":"ListItem","position":6,"name":"Heir Bougeoir Bleu claire"}]},{"@type":"WebSite","@id":"https:\/\/hubsch-interior.com\/fr\/#website","url":"https:\/\/hubsch-interior.com\/fr\/","name":"H\u00fcbsch","description":"Danish Home Interior and Design","publisher":{"@id":"https:\/\/hubsch-interior.com\/fr\/#organization"},"potentialAction":[{"@type":"SearchAction","target":{"@type":"EntryPoint","urlTemplate":"https:\/\/hubsch-interior.com\/fr\/?s={search_term_string}"},"query-input":{"@type":"PropertyValueSpecification","valueRequired":true,"valueName":"search_term_string"}}],"inLanguage":"fr-FR"},{"@type":"Organization","@id":"https:\/\/hubsch-interior.com\/fr\/#organization","name":"H\u00fcbsch","url":"https:\/\/hubsch-interior.com\/fr\/","logo":{"@type":"ImageObject","inLanguage":"fr-FR","@id":"https:\/\/hubsch-interior.com\/fr\/#\/schema\/logo\/image\/","url":"https:\/\/hubsch-interior.com\/wp-content\/uploads\/2022\/12\/Hubsch_logo_black_one_line.svg","contentUrl":"https:\/\/hubsch-interior.com\/wp-content\/uploads\/2022\/12\/Hubsch_logo_black_one_line.svg","caption":"H\u00fcbsch"},"image":{"@id":"https:\/\/hubsch-interior.com\/fr\/#\/schema\/logo\/image\/"}}]}},"_links":{"self":[{"href":"https:\/\/hubsch-interior.com\/fr\/wp-json\/wp\/v2\/product\/976356","targetHints":{"allow":["GET"]}}],"collection":[{"href":"https:\/\/hubsch-interior.com\/fr\/wp-json\/wp\/v2\/product"}],"about":[{"href":"https:\/\/hubsch-interior.com\/fr\/wp-json\/wp\/v2\/types\/product"}],"wp:featuredmedia":[{"embeddable":true,"href":"https:\/\/hubsch-interior.com\/fr\/wp-json\/wp\/v2\/media\/1099415"}],"wp:attachment":[{"href":"https:\/\/hubsch-interior.com\/fr\/wp-json\/wp\/v2\/media?parent=976356"}],"wp:term":[{"taxonomy":"product_brand","embeddable":true,"href":"https:\/\/hubsch-interior.com\/fr\/wp-json\/wp\/v2\/product_brand?post=976356"},{"taxonomy":"product_cat","embeddable":true,"href":"https:\/\/hubsch-interior.com\/fr\/wp-json\/wp\/v2\/product_cat?post=976356"},{"taxonomy":"product_tag","embeddable":true,"href":"https:\/\/hubsch-interior.com\/fr\/wp-json\/wp\/v2\/product_tag?post=976356"}],"curies":[{"name":"wp","href":"https:\/\/api.w.org\/{rel}","templated":true}]}}