{"id":976376,"date":"2024-01-29T09:15:50","date_gmt":"2024-01-29T08:15:50","guid":{"rendered":"https:\/\/hubsch-interior.com\/product\/product\/"},"modified":"2026-04-09T04:39:12","modified_gmt":"2026-04-09T02:39:12","slug":"heir-bocaux-de-cuisine-haut-vert","status":"publish","type":"product","link":"https:\/\/hubsch-interior.com\/fr\/produit\/heir-bocaux-de-cuisine-haut-vert\/","title":{"rendered":"Heir Bocaux de cuisine Haut Vert"},"content":{"rendered":"<p>D\u00e9couvrez le bocal de cuisine Heir \u2014 le parfait ajout \u00e0 toute maison ! Disponible en trois tailles et couleurs diff\u00e9rentes, dont un vert hypnotisant avec un d\u00e9licat motif tourbillon dans des tons pastel. Fabriqu\u00e9 en verre l\u00e9ger et approuv\u00e9 pour les aliments, ce bocal est non seulement \u00e9l\u00e9gant, mais aussi fonctionnel. Utilisez-le pour ranger tous vos petits objets, que ce soit pour conserver vos aliments essentiels ou vos bibelots de maison. Avec le bocal de cuisine Heir, l&#8217;organisation n&#8217;a jamais \u00e9t\u00e9 aussi belle.<\/p>\n","protected":false},"excerpt":{"rendered":"<p>D\u00e9couvrez le bocal de cuisine Heir \u2014 le parfait ajout \u00e0 toute maison ! Disponible en trois tailles et couleurs diff\u00e9rentes, dont un vert hypnotisant avec un d\u00e9licat motif tourbillon dans des tons pastel. Fabriqu\u00e9 en verre l\u00e9ger et approuv\u00e9 pour les aliments, ce bocal est non seulement \u00e9l\u00e9gant, mais aussi fonctionnel. Utilisez-le pour ranger [&hellip;]<\/p>\n","protected":false},"featured_media":1099431,"template":"","meta":{"_acf_changed":false,"inline_featured_image":false},"product_brand":[],"product_cat":[6882,7047,6971,4053,4932,3110,3428,6535],"product_tag":[],"class_list":{"0":"post-976376","1":"product","2":"type-product","3":"status-publish","4":"has-post-thumbnail","6":"product_cat-elevating-nostalgia-fr","7":"product_cat-rangement-de-cuisine-fr","8":"product_cat-paques","9":"product_cat-accessoires-de-cuisine-fr","10":"product_cat-bocaux-de-cuisine-fr","11":"product_cat-espace-de-rangement-fr","12":"product_cat-bocaux-fr","13":"product_cat-outlet-fr","14":"product_shipping_class-pk","16":"pa_color-vert-2","17":"pa_material-verre-fr","19":"first","20":"instock","21":"sale","22":"taxable","23":"shipping-taxable","24":"purchasable","25":"product-type-simple"},"exclude_global_add_ons":[],"addons":[],"acf":[],"yoast_head":"<!-- This site is optimized with the Yoast SEO plugin v26.4 - https:\/\/yoast.com\/wordpress\/plugins\/seo\/ -->\n<title>Heir Bocaux de cuisine Haut Vert - H\u00fcbsch<\/title>\n<meta name=\"description\" content=\"D\u00e9couvrez le bocal de cuisine Heir \u2014 le parfait ajout \u00e0 toute maison ! Disponible en trois tailles et couleurs diff\u00e9rentes, dont un vert hypnotisant avec\" \/>\n<meta name=\"robots\" content=\"index, follow, max-snippet:-1, max-image-preview:large, max-video-preview:-1\" \/>\n<link rel=\"canonical\" href=\"https:\/\/hubsch-interior.com\/fr\/wp-json\/wp\/v2\/product\/976376\" \/>\n<meta property=\"og:locale\" content=\"fr_FR\" \/>\n<meta property=\"og:type\" content=\"article\" \/>\n<meta property=\"og:title\" content=\"Heir Bocaux de cuisine Haut Vert - H\u00fcbsch\" \/>\n<meta property=\"og:description\" content=\"D\u00e9couvrez le bocal de cuisine Heir \u2014 le parfait ajout \u00e0 toute maison ! Disponible en trois tailles et couleurs diff\u00e9rentes, dont un vert hypnotisant avec\" \/>\n<meta property=\"og:url\" content=\"https:\/\/hubsch-interior.com\/fr\/produit\/heir-bocaux-de-cuisine-haut-vert\/\" \/>\n<meta property=\"og:site_name\" content=\"H\u00fcbsch\" \/>\n<meta property=\"article:modified_time\" content=\"2026-04-09T02:39:12+00:00\" \/>\n<meta property=\"og:image\" content=\"https:\/\/hubsch-interior.com\/wp-content\/uploads\/2024\/01\/heir-storage-jar-tall-green-5101c214ed5977016f6dc99c35f5c12b.jpg\" \/>\n\t<meta property=\"og:image:width\" content=\"1200\" \/>\n\t<meta property=\"og:image:height\" content=\"1200\" \/>\n\t<meta property=\"og:image:type\" content=\"image\/jpeg\" \/>\n<meta name=\"twitter:card\" content=\"summary_large_image\" \/>\n<script type=\"application\/ld+json\" class=\"yoast-schema-graph\">{\"@context\":\"https:\/\/schema.org\",\"@graph\":[{\"@type\":\"WebPage\",\"@id\":\"https:\/\/hubsch-interior.com\/fr\/produit\/heir-bocaux-de-cuisine-haut-vert\/\",\"url\":\"https:\/\/hubsch-interior.com\/fr\/produit\/heir-bocaux-de-cuisine-haut-vert\/\",\"name\":\"Heir Bocaux de cuisine Haut Vert - H\u00fcbsch\",\"isPartOf\":{\"@id\":\"https:\/\/hubsch-interior.com\/fr\/#website\"},\"primaryImageOfPage\":{\"@id\":\"https:\/\/hubsch-interior.com\/fr\/produit\/heir-bocaux-de-cuisine-haut-vert\/#primaryimage\"},\"image\":{\"@id\":\"https:\/\/hubsch-interior.com\/fr\/produit\/heir-bocaux-de-cuisine-haut-vert\/#primaryimage\"},\"thumbnailUrl\":\"https:\/\/hubsch-interior.com\/wp-content\/uploads\/2026\/02\/heir-storage-jar-tall-green-857ca049eb7395cc3472ce43dde6ddff.jpg\",\"datePublished\":\"2024-01-29T08:15:50+00:00\",\"dateModified\":\"2026-04-09T02:39:12+00:00\",\"description\":\"D\u00e9couvrez le bocal de cuisine Heir \u2014 le parfait ajout \u00e0 toute maison ! Disponible en trois tailles et couleurs diff\u00e9rentes, dont un vert hypnotisant avec\",\"breadcrumb\":{\"@id\":\"https:\/\/hubsch-interior.com\/fr\/produit\/heir-bocaux-de-cuisine-haut-vert\/#breadcrumb\"},\"inLanguage\":\"fr-FR\",\"potentialAction\":[{\"@type\":\"ReadAction\",\"target\":[\"https:\/\/hubsch-interior.com\/fr\/produit\/heir-bocaux-de-cuisine-haut-vert\/\"]}]},{\"@type\":\"ImageObject\",\"inLanguage\":\"fr-FR\",\"@id\":\"https:\/\/hubsch-interior.com\/fr\/produit\/heir-bocaux-de-cuisine-haut-vert\/#primaryimage\",\"url\":\"https:\/\/hubsch-interior.com\/wp-content\/uploads\/2026\/02\/heir-storage-jar-tall-green-857ca049eb7395cc3472ce43dde6ddff.jpg\",\"contentUrl\":\"https:\/\/hubsch-interior.com\/wp-content\/uploads\/2026\/02\/heir-storage-jar-tall-green-857ca049eb7395cc3472ce43dde6ddff.jpg\",\"width\":1024,\"height\":1024},{\"@type\":\"BreadcrumbList\",\"@id\":\"https:\/\/hubsch-interior.com\/fr\/produit\/heir-bocaux-de-cuisine-haut-vert\/#breadcrumb\",\"itemListElement\":[{\"@type\":\"ListItem\",\"position\":1,\"name\":\"Page d'accueil\",\"item\":\"https:\/\/hubsch-interior.com\/fr\/\"},{\"@type\":\"ListItem\",\"position\":2,\"name\":\"Produits\",\"item\":\"https:\/\/hubsch-interior.com\/fr\/shop-2\/\"},{\"@type\":\"ListItem\",\"position\":3,\"name\":\"Accessoires maison\",\"item\":\"https:\/\/hubsch-interior.com\/fr\/categorie-produit\/accessoires-maison\/\"},{\"@type\":\"ListItem\",\"position\":4,\"name\":\"Accessoires de cuisine\",\"item\":\"https:\/\/hubsch-interior.com\/fr\/categorie-produit\/accessoires-maison\/accessoires-de-cuisine-fr\/\"},{\"@type\":\"ListItem\",\"position\":5,\"name\":\"Bocaux de cuisine\",\"item\":\"https:\/\/hubsch-interior.com\/fr\/categorie-produit\/accessoires-maison\/accessoires-de-cuisine-fr\/bocaux-de-cuisine-fr\/\"},{\"@type\":\"ListItem\",\"position\":6,\"name\":\"Heir Bocaux de cuisine Haut Vert\"}]},{\"@type\":\"WebSite\",\"@id\":\"https:\/\/hubsch-interior.com\/fr\/#website\",\"url\":\"https:\/\/hubsch-interior.com\/fr\/\",\"name\":\"H\u00fcbsch\",\"description\":\"Danish Home Interior and Design\",\"publisher\":{\"@id\":\"https:\/\/hubsch-interior.com\/fr\/#organization\"},\"potentialAction\":[{\"@type\":\"SearchAction\",\"target\":{\"@type\":\"EntryPoint\",\"urlTemplate\":\"https:\/\/hubsch-interior.com\/fr\/?s={search_term_string}\"},\"query-input\":{\"@type\":\"PropertyValueSpecification\",\"valueRequired\":true,\"valueName\":\"search_term_string\"}}],\"inLanguage\":\"fr-FR\"},{\"@type\":\"Organization\",\"@id\":\"https:\/\/hubsch-interior.com\/fr\/#organization\",\"name\":\"H\u00fcbsch\",\"url\":\"https:\/\/hubsch-interior.com\/fr\/\",\"logo\":{\"@type\":\"ImageObject\",\"inLanguage\":\"fr-FR\",\"@id\":\"https:\/\/hubsch-interior.com\/fr\/#\/schema\/logo\/image\/\",\"url\":\"https:\/\/hubsch-interior.com\/wp-content\/uploads\/2022\/12\/Hubsch_logo_black_one_line.svg\",\"contentUrl\":\"https:\/\/hubsch-interior.com\/wp-content\/uploads\/2022\/12\/Hubsch_logo_black_one_line.svg\",\"caption\":\"H\u00fcbsch\"},\"image\":{\"@id\":\"https:\/\/hubsch-interior.com\/fr\/#\/schema\/logo\/image\/\"}}]}<\/script>\n<!-- \/ Yoast SEO plugin. -->","yoast_head_json":{"title":"Heir Bocaux de cuisine Haut Vert - H\u00fcbsch","description":"D\u00e9couvrez le bocal de cuisine Heir \u2014 le parfait ajout \u00e0 toute maison ! Disponible en trois tailles et couleurs diff\u00e9rentes, dont un vert hypnotisant avec","robots":{"index":"index","follow":"follow","max-snippet":"max-snippet:-1","max-image-preview":"max-image-preview:large","max-video-preview":"max-video-preview:-1"},"canonical":"https:\/\/hubsch-interior.com\/fr\/wp-json\/wp\/v2\/product\/976376","og_locale":"fr_FR","og_type":"article","og_title":"Heir Bocaux de cuisine Haut Vert - H\u00fcbsch","og_description":"D\u00e9couvrez le bocal de cuisine Heir \u2014 le parfait ajout \u00e0 toute maison ! Disponible en trois tailles et couleurs diff\u00e9rentes, dont un vert hypnotisant avec","og_url":"https:\/\/hubsch-interior.com\/fr\/produit\/heir-bocaux-de-cuisine-haut-vert\/","og_site_name":"H\u00fcbsch","article_modified_time":"2026-04-09T02:39:12+00:00","og_image":[{"width":1200,"height":1200,"url":"https:\/\/hubsch-interior.com\/wp-content\/uploads\/2024\/01\/heir-storage-jar-tall-green-5101c214ed5977016f6dc99c35f5c12b.jpg","type":"image\/jpeg"}],"twitter_card":"summary_large_image","schema":{"@context":"https:\/\/schema.org","@graph":[{"@type":"WebPage","@id":"https:\/\/hubsch-interior.com\/fr\/produit\/heir-bocaux-de-cuisine-haut-vert\/","url":"https:\/\/hubsch-interior.com\/fr\/produit\/heir-bocaux-de-cuisine-haut-vert\/","name":"Heir Bocaux de cuisine Haut Vert - H\u00fcbsch","isPartOf":{"@id":"https:\/\/hubsch-interior.com\/fr\/#website"},"primaryImageOfPage":{"@id":"https:\/\/hubsch-interior.com\/fr\/produit\/heir-bocaux-de-cuisine-haut-vert\/#primaryimage"},"image":{"@id":"https:\/\/hubsch-interior.com\/fr\/produit\/heir-bocaux-de-cuisine-haut-vert\/#primaryimage"},"thumbnailUrl":"https:\/\/hubsch-interior.com\/wp-content\/uploads\/2026\/02\/heir-storage-jar-tall-green-857ca049eb7395cc3472ce43dde6ddff.jpg","datePublished":"2024-01-29T08:15:50+00:00","dateModified":"2026-04-09T02:39:12+00:00","description":"D\u00e9couvrez le bocal de cuisine Heir \u2014 le parfait ajout \u00e0 toute maison ! Disponible en trois tailles et couleurs diff\u00e9rentes, dont un vert hypnotisant avec","breadcrumb":{"@id":"https:\/\/hubsch-interior.com\/fr\/produit\/heir-bocaux-de-cuisine-haut-vert\/#breadcrumb"},"inLanguage":"fr-FR","potentialAction":[{"@type":"ReadAction","target":["https:\/\/hubsch-interior.com\/fr\/produit\/heir-bocaux-de-cuisine-haut-vert\/"]}]},{"@type":"ImageObject","inLanguage":"fr-FR","@id":"https:\/\/hubsch-interior.com\/fr\/produit\/heir-bocaux-de-cuisine-haut-vert\/#primaryimage","url":"https:\/\/hubsch-interior.com\/wp-content\/uploads\/2026\/02\/heir-storage-jar-tall-green-857ca049eb7395cc3472ce43dde6ddff.jpg","contentUrl":"https:\/\/hubsch-interior.com\/wp-content\/uploads\/2026\/02\/heir-storage-jar-tall-green-857ca049eb7395cc3472ce43dde6ddff.jpg","width":1024,"height":1024},{"@type":"BreadcrumbList","@id":"https:\/\/hubsch-interior.com\/fr\/produit\/heir-bocaux-de-cuisine-haut-vert\/#breadcrumb","itemListElement":[{"@type":"ListItem","position":1,"name":"Page d'accueil","item":"https:\/\/hubsch-interior.com\/fr\/"},{"@type":"ListItem","position":2,"name":"Produits","item":"https:\/\/hubsch-interior.com\/fr\/shop-2\/"},{"@type":"ListItem","position":3,"name":"Accessoires maison","item":"https:\/\/hubsch-interior.com\/fr\/categorie-produit\/accessoires-maison\/"},{"@type":"ListItem","position":4,"name":"Accessoires de cuisine","item":"https:\/\/hubsch-interior.com\/fr\/categorie-produit\/accessoires-maison\/accessoires-de-cuisine-fr\/"},{"@type":"ListItem","position":5,"name":"Bocaux de cuisine","item":"https:\/\/hubsch-interior.com\/fr\/categorie-produit\/accessoires-maison\/accessoires-de-cuisine-fr\/bocaux-de-cuisine-fr\/"},{"@type":"ListItem","position":6,"name":"Heir Bocaux de cuisine Haut Vert"}]},{"@type":"WebSite","@id":"https:\/\/hubsch-interior.com\/fr\/#website","url":"https:\/\/hubsch-interior.com\/fr\/","name":"H\u00fcbsch","description":"Danish Home Interior and Design","publisher":{"@id":"https:\/\/hubsch-interior.com\/fr\/#organization"},"potentialAction":[{"@type":"SearchAction","target":{"@type":"EntryPoint","urlTemplate":"https:\/\/hubsch-interior.com\/fr\/?s={search_term_string}"},"query-input":{"@type":"PropertyValueSpecification","valueRequired":true,"valueName":"search_term_string"}}],"inLanguage":"fr-FR"},{"@type":"Organization","@id":"https:\/\/hubsch-interior.com\/fr\/#organization","name":"H\u00fcbsch","url":"https:\/\/hubsch-interior.com\/fr\/","logo":{"@type":"ImageObject","inLanguage":"fr-FR","@id":"https:\/\/hubsch-interior.com\/fr\/#\/schema\/logo\/image\/","url":"https:\/\/hubsch-interior.com\/wp-content\/uploads\/2022\/12\/Hubsch_logo_black_one_line.svg","contentUrl":"https:\/\/hubsch-interior.com\/wp-content\/uploads\/2022\/12\/Hubsch_logo_black_one_line.svg","caption":"H\u00fcbsch"},"image":{"@id":"https:\/\/hubsch-interior.com\/fr\/#\/schema\/logo\/image\/"}}]}},"_links":{"self":[{"href":"https:\/\/hubsch-interior.com\/fr\/wp-json\/wp\/v2\/product\/976376","targetHints":{"allow":["GET"]}}],"collection":[{"href":"https:\/\/hubsch-interior.com\/fr\/wp-json\/wp\/v2\/product"}],"about":[{"href":"https:\/\/hubsch-interior.com\/fr\/wp-json\/wp\/v2\/types\/product"}],"wp:featuredmedia":[{"embeddable":true,"href":"https:\/\/hubsch-interior.com\/fr\/wp-json\/wp\/v2\/media\/1099431"}],"wp:attachment":[{"href":"https:\/\/hubsch-interior.com\/fr\/wp-json\/wp\/v2\/media?parent=976376"}],"wp:term":[{"taxonomy":"product_brand","embeddable":true,"href":"https:\/\/hubsch-interior.com\/fr\/wp-json\/wp\/v2\/product_brand?post=976376"},{"taxonomy":"product_cat","embeddable":true,"href":"https:\/\/hubsch-interior.com\/fr\/wp-json\/wp\/v2\/product_cat?post=976376"},{"taxonomy":"product_tag","embeddable":true,"href":"https:\/\/hubsch-interior.com\/fr\/wp-json\/wp\/v2\/product_tag?post=976376"}],"curies":[{"name":"wp","href":"https:\/\/api.w.org\/{rel}","templated":true}]}}