{"id":976424,"date":"2024-01-29T09:16:11","date_gmt":"2024-01-29T08:16:11","guid":{"rendered":"https:\/\/hubsch-interior.com\/product\/product\/"},"modified":"2026-04-09T04:39:21","modified_gmt":"2026-04-09T02:39:21","slug":"heir-bocaux-de-cuisine-bas-jaune","status":"publish","type":"product","link":"https:\/\/hubsch-interior.com\/fr\/produit\/heir-bocaux-de-cuisine-bas-jaune\/","title":{"rendered":"Heir Bocaux de cuisine Bas Jaune"},"content":{"rendered":"<p>D\u00e9couvrez les bocaux de cuisine Heir, le parfait ajout \u00e0 tout foyer. Avec son magnifique motif tourbillon aux couleurs pastel, cette variante en jaune vif ne manquera pas de faire sensation. Fabriqu\u00e9 en verre de haute qualit\u00e9, ce bocal l\u00e9ger est non seulement \u00e9l\u00e9gant, mais aussi approuv\u00e9 pour les aliments, en faisant le choix id\u00e9al pour stocker vos indispensables alimentaires ou vos bibelots maison. Disponible en trois tailles et couleurs, vous pouvez choisir le parfait pour garder tous vos petits objets en ordre. Am\u00e9liorez votre syst\u00e8me de stockage avec les bocaux de cuisine Heir.<\/p>\n","protected":false},"excerpt":{"rendered":"<p>D\u00e9couvrez les bocaux de cuisine Heir, le parfait ajout \u00e0 tout foyer. Avec son magnifique motif tourbillon aux couleurs pastel, cette variante en jaune vif ne manquera pas de faire sensation. Fabriqu\u00e9 en verre de haute qualit\u00e9, ce bocal l\u00e9ger est non seulement \u00e9l\u00e9gant, mais aussi approuv\u00e9 pour les aliments, en faisant le choix id\u00e9al [&hellip;]<\/p>\n","protected":false},"featured_media":1099471,"template":"","meta":{"_acf_changed":false,"inline_featured_image":false},"product_brand":[],"product_cat":[6882,7047,6971,4053,4932,3110,3428,6535],"product_tag":[],"class_list":{"0":"post-976424","1":"product","2":"type-product","3":"status-publish","4":"has-post-thumbnail","6":"product_cat-elevating-nostalgia-fr","7":"product_cat-rangement-de-cuisine-fr","8":"product_cat-paques","9":"product_cat-accessoires-de-cuisine-fr","10":"product_cat-bocaux-de-cuisine-fr","11":"product_cat-espace-de-rangement-fr","12":"product_cat-bocaux-fr","13":"product_cat-outlet-fr","14":"product_shipping_class-pk","16":"pa_color-jaune","17":"pa_material-verre-fr","19":"first","20":"instock","21":"sale","22":"taxable","23":"shipping-taxable","24":"purchasable","25":"product-type-simple"},"exclude_global_add_ons":[],"addons":[],"acf":[],"yoast_head":"<!-- This site is optimized with the Yoast SEO plugin v26.4 - https:\/\/yoast.com\/wordpress\/plugins\/seo\/ -->\n<title>Heir Bocaux de cuisine Bas Jaune - H\u00fcbsch<\/title>\n<meta name=\"description\" content=\"D\u00e9couvrez les bocaux de cuisine Heir, le parfait ajout \u00e0 tout foyer. Avec son magnifique motif tourbillon aux couleurs pastel, cette variante en jaune vif\" \/>\n<meta name=\"robots\" content=\"index, follow, max-snippet:-1, max-image-preview:large, max-video-preview:-1\" \/>\n<link rel=\"canonical\" href=\"https:\/\/hubsch-interior.com\/fr\/wp-json\/wp\/v2\/product\/976424\" \/>\n<meta property=\"og:locale\" content=\"fr_FR\" \/>\n<meta property=\"og:type\" content=\"article\" \/>\n<meta property=\"og:title\" content=\"Heir Bocaux de cuisine Bas Jaune - H\u00fcbsch\" \/>\n<meta property=\"og:description\" content=\"D\u00e9couvrez les bocaux de cuisine Heir, le parfait ajout \u00e0 tout foyer. Avec son magnifique motif tourbillon aux couleurs pastel, cette variante en jaune vif\" \/>\n<meta property=\"og:url\" content=\"https:\/\/hubsch-interior.com\/fr\/produit\/heir-bocaux-de-cuisine-bas-jaune\/\" \/>\n<meta property=\"og:site_name\" content=\"H\u00fcbsch\" \/>\n<meta property=\"article:modified_time\" content=\"2026-04-09T02:39:21+00:00\" \/>\n<meta property=\"og:image\" content=\"https:\/\/hubsch-interior.com\/wp-content\/uploads\/2024\/01\/heir-storage-jar-low-yellow-8916deea7c903cef9914369930de2c20.jpg\" \/>\n\t<meta property=\"og:image:width\" content=\"1200\" \/>\n\t<meta property=\"og:image:height\" content=\"1200\" \/>\n\t<meta property=\"og:image:type\" content=\"image\/jpeg\" \/>\n<meta name=\"twitter:card\" content=\"summary_large_image\" \/>\n<script type=\"application\/ld+json\" class=\"yoast-schema-graph\">{\"@context\":\"https:\/\/schema.org\",\"@graph\":[{\"@type\":\"WebPage\",\"@id\":\"https:\/\/hubsch-interior.com\/fr\/produit\/heir-bocaux-de-cuisine-bas-jaune\/\",\"url\":\"https:\/\/hubsch-interior.com\/fr\/produit\/heir-bocaux-de-cuisine-bas-jaune\/\",\"name\":\"Heir Bocaux de cuisine Bas Jaune - H\u00fcbsch\",\"isPartOf\":{\"@id\":\"https:\/\/hubsch-interior.com\/fr\/#website\"},\"primaryImageOfPage\":{\"@id\":\"https:\/\/hubsch-interior.com\/fr\/produit\/heir-bocaux-de-cuisine-bas-jaune\/#primaryimage\"},\"image\":{\"@id\":\"https:\/\/hubsch-interior.com\/fr\/produit\/heir-bocaux-de-cuisine-bas-jaune\/#primaryimage\"},\"thumbnailUrl\":\"https:\/\/hubsch-interior.com\/wp-content\/uploads\/2026\/02\/heir-storage-jar-low-yellow-2f964e92509a69fa16e68a33e3a2b912.jpg\",\"datePublished\":\"2024-01-29T08:16:11+00:00\",\"dateModified\":\"2026-04-09T02:39:21+00:00\",\"description\":\"D\u00e9couvrez les bocaux de cuisine Heir, le parfait ajout \u00e0 tout foyer. Avec son magnifique motif tourbillon aux couleurs pastel, cette variante en jaune vif\",\"breadcrumb\":{\"@id\":\"https:\/\/hubsch-interior.com\/fr\/produit\/heir-bocaux-de-cuisine-bas-jaune\/#breadcrumb\"},\"inLanguage\":\"fr-FR\",\"potentialAction\":[{\"@type\":\"ReadAction\",\"target\":[\"https:\/\/hubsch-interior.com\/fr\/produit\/heir-bocaux-de-cuisine-bas-jaune\/\"]}]},{\"@type\":\"ImageObject\",\"inLanguage\":\"fr-FR\",\"@id\":\"https:\/\/hubsch-interior.com\/fr\/produit\/heir-bocaux-de-cuisine-bas-jaune\/#primaryimage\",\"url\":\"https:\/\/hubsch-interior.com\/wp-content\/uploads\/2026\/02\/heir-storage-jar-low-yellow-2f964e92509a69fa16e68a33e3a2b912.jpg\",\"contentUrl\":\"https:\/\/hubsch-interior.com\/wp-content\/uploads\/2026\/02\/heir-storage-jar-low-yellow-2f964e92509a69fa16e68a33e3a2b912.jpg\",\"width\":1024,\"height\":1024},{\"@type\":\"BreadcrumbList\",\"@id\":\"https:\/\/hubsch-interior.com\/fr\/produit\/heir-bocaux-de-cuisine-bas-jaune\/#breadcrumb\",\"itemListElement\":[{\"@type\":\"ListItem\",\"position\":1,\"name\":\"Page d'accueil\",\"item\":\"https:\/\/hubsch-interior.com\/fr\/\"},{\"@type\":\"ListItem\",\"position\":2,\"name\":\"Produits\",\"item\":\"https:\/\/hubsch-interior.com\/fr\/shop-2\/\"},{\"@type\":\"ListItem\",\"position\":3,\"name\":\"Accessoires maison\",\"item\":\"https:\/\/hubsch-interior.com\/fr\/categorie-produit\/accessoires-maison\/\"},{\"@type\":\"ListItem\",\"position\":4,\"name\":\"Accessoires de cuisine\",\"item\":\"https:\/\/hubsch-interior.com\/fr\/categorie-produit\/accessoires-maison\/accessoires-de-cuisine-fr\/\"},{\"@type\":\"ListItem\",\"position\":5,\"name\":\"Bocaux de cuisine\",\"item\":\"https:\/\/hubsch-interior.com\/fr\/categorie-produit\/accessoires-maison\/accessoires-de-cuisine-fr\/bocaux-de-cuisine-fr\/\"},{\"@type\":\"ListItem\",\"position\":6,\"name\":\"Heir Bocaux de cuisine Bas Jaune\"}]},{\"@type\":\"WebSite\",\"@id\":\"https:\/\/hubsch-interior.com\/fr\/#website\",\"url\":\"https:\/\/hubsch-interior.com\/fr\/\",\"name\":\"H\u00fcbsch\",\"description\":\"Danish Home Interior and Design\",\"publisher\":{\"@id\":\"https:\/\/hubsch-interior.com\/fr\/#organization\"},\"potentialAction\":[{\"@type\":\"SearchAction\",\"target\":{\"@type\":\"EntryPoint\",\"urlTemplate\":\"https:\/\/hubsch-interior.com\/fr\/?s={search_term_string}\"},\"query-input\":{\"@type\":\"PropertyValueSpecification\",\"valueRequired\":true,\"valueName\":\"search_term_string\"}}],\"inLanguage\":\"fr-FR\"},{\"@type\":\"Organization\",\"@id\":\"https:\/\/hubsch-interior.com\/fr\/#organization\",\"name\":\"H\u00fcbsch\",\"url\":\"https:\/\/hubsch-interior.com\/fr\/\",\"logo\":{\"@type\":\"ImageObject\",\"inLanguage\":\"fr-FR\",\"@id\":\"https:\/\/hubsch-interior.com\/fr\/#\/schema\/logo\/image\/\",\"url\":\"https:\/\/hubsch-interior.com\/wp-content\/uploads\/2022\/12\/Hubsch_logo_black_one_line.svg\",\"contentUrl\":\"https:\/\/hubsch-interior.com\/wp-content\/uploads\/2022\/12\/Hubsch_logo_black_one_line.svg\",\"caption\":\"H\u00fcbsch\"},\"image\":{\"@id\":\"https:\/\/hubsch-interior.com\/fr\/#\/schema\/logo\/image\/\"}}]}<\/script>\n<!-- \/ Yoast SEO plugin. -->","yoast_head_json":{"title":"Heir Bocaux de cuisine Bas Jaune - H\u00fcbsch","description":"D\u00e9couvrez les bocaux de cuisine Heir, le parfait ajout \u00e0 tout foyer. Avec son magnifique motif tourbillon aux couleurs pastel, cette variante en jaune vif","robots":{"index":"index","follow":"follow","max-snippet":"max-snippet:-1","max-image-preview":"max-image-preview:large","max-video-preview":"max-video-preview:-1"},"canonical":"https:\/\/hubsch-interior.com\/fr\/wp-json\/wp\/v2\/product\/976424","og_locale":"fr_FR","og_type":"article","og_title":"Heir Bocaux de cuisine Bas Jaune - H\u00fcbsch","og_description":"D\u00e9couvrez les bocaux de cuisine Heir, le parfait ajout \u00e0 tout foyer. Avec son magnifique motif tourbillon aux couleurs pastel, cette variante en jaune vif","og_url":"https:\/\/hubsch-interior.com\/fr\/produit\/heir-bocaux-de-cuisine-bas-jaune\/","og_site_name":"H\u00fcbsch","article_modified_time":"2026-04-09T02:39:21+00:00","og_image":[{"width":1200,"height":1200,"url":"https:\/\/hubsch-interior.com\/wp-content\/uploads\/2024\/01\/heir-storage-jar-low-yellow-8916deea7c903cef9914369930de2c20.jpg","type":"image\/jpeg"}],"twitter_card":"summary_large_image","schema":{"@context":"https:\/\/schema.org","@graph":[{"@type":"WebPage","@id":"https:\/\/hubsch-interior.com\/fr\/produit\/heir-bocaux-de-cuisine-bas-jaune\/","url":"https:\/\/hubsch-interior.com\/fr\/produit\/heir-bocaux-de-cuisine-bas-jaune\/","name":"Heir Bocaux de cuisine Bas Jaune - H\u00fcbsch","isPartOf":{"@id":"https:\/\/hubsch-interior.com\/fr\/#website"},"primaryImageOfPage":{"@id":"https:\/\/hubsch-interior.com\/fr\/produit\/heir-bocaux-de-cuisine-bas-jaune\/#primaryimage"},"image":{"@id":"https:\/\/hubsch-interior.com\/fr\/produit\/heir-bocaux-de-cuisine-bas-jaune\/#primaryimage"},"thumbnailUrl":"https:\/\/hubsch-interior.com\/wp-content\/uploads\/2026\/02\/heir-storage-jar-low-yellow-2f964e92509a69fa16e68a33e3a2b912.jpg","datePublished":"2024-01-29T08:16:11+00:00","dateModified":"2026-04-09T02:39:21+00:00","description":"D\u00e9couvrez les bocaux de cuisine Heir, le parfait ajout \u00e0 tout foyer. Avec son magnifique motif tourbillon aux couleurs pastel, cette variante en jaune vif","breadcrumb":{"@id":"https:\/\/hubsch-interior.com\/fr\/produit\/heir-bocaux-de-cuisine-bas-jaune\/#breadcrumb"},"inLanguage":"fr-FR","potentialAction":[{"@type":"ReadAction","target":["https:\/\/hubsch-interior.com\/fr\/produit\/heir-bocaux-de-cuisine-bas-jaune\/"]}]},{"@type":"ImageObject","inLanguage":"fr-FR","@id":"https:\/\/hubsch-interior.com\/fr\/produit\/heir-bocaux-de-cuisine-bas-jaune\/#primaryimage","url":"https:\/\/hubsch-interior.com\/wp-content\/uploads\/2026\/02\/heir-storage-jar-low-yellow-2f964e92509a69fa16e68a33e3a2b912.jpg","contentUrl":"https:\/\/hubsch-interior.com\/wp-content\/uploads\/2026\/02\/heir-storage-jar-low-yellow-2f964e92509a69fa16e68a33e3a2b912.jpg","width":1024,"height":1024},{"@type":"BreadcrumbList","@id":"https:\/\/hubsch-interior.com\/fr\/produit\/heir-bocaux-de-cuisine-bas-jaune\/#breadcrumb","itemListElement":[{"@type":"ListItem","position":1,"name":"Page d'accueil","item":"https:\/\/hubsch-interior.com\/fr\/"},{"@type":"ListItem","position":2,"name":"Produits","item":"https:\/\/hubsch-interior.com\/fr\/shop-2\/"},{"@type":"ListItem","position":3,"name":"Accessoires maison","item":"https:\/\/hubsch-interior.com\/fr\/categorie-produit\/accessoires-maison\/"},{"@type":"ListItem","position":4,"name":"Accessoires de cuisine","item":"https:\/\/hubsch-interior.com\/fr\/categorie-produit\/accessoires-maison\/accessoires-de-cuisine-fr\/"},{"@type":"ListItem","position":5,"name":"Bocaux de cuisine","item":"https:\/\/hubsch-interior.com\/fr\/categorie-produit\/accessoires-maison\/accessoires-de-cuisine-fr\/bocaux-de-cuisine-fr\/"},{"@type":"ListItem","position":6,"name":"Heir Bocaux de cuisine Bas Jaune"}]},{"@type":"WebSite","@id":"https:\/\/hubsch-interior.com\/fr\/#website","url":"https:\/\/hubsch-interior.com\/fr\/","name":"H\u00fcbsch","description":"Danish Home Interior and Design","publisher":{"@id":"https:\/\/hubsch-interior.com\/fr\/#organization"},"potentialAction":[{"@type":"SearchAction","target":{"@type":"EntryPoint","urlTemplate":"https:\/\/hubsch-interior.com\/fr\/?s={search_term_string}"},"query-input":{"@type":"PropertyValueSpecification","valueRequired":true,"valueName":"search_term_string"}}],"inLanguage":"fr-FR"},{"@type":"Organization","@id":"https:\/\/hubsch-interior.com\/fr\/#organization","name":"H\u00fcbsch","url":"https:\/\/hubsch-interior.com\/fr\/","logo":{"@type":"ImageObject","inLanguage":"fr-FR","@id":"https:\/\/hubsch-interior.com\/fr\/#\/schema\/logo\/image\/","url":"https:\/\/hubsch-interior.com\/wp-content\/uploads\/2022\/12\/Hubsch_logo_black_one_line.svg","contentUrl":"https:\/\/hubsch-interior.com\/wp-content\/uploads\/2022\/12\/Hubsch_logo_black_one_line.svg","caption":"H\u00fcbsch"},"image":{"@id":"https:\/\/hubsch-interior.com\/fr\/#\/schema\/logo\/image\/"}}]}},"_links":{"self":[{"href":"https:\/\/hubsch-interior.com\/fr\/wp-json\/wp\/v2\/product\/976424","targetHints":{"allow":["GET"]}}],"collection":[{"href":"https:\/\/hubsch-interior.com\/fr\/wp-json\/wp\/v2\/product"}],"about":[{"href":"https:\/\/hubsch-interior.com\/fr\/wp-json\/wp\/v2\/types\/product"}],"wp:featuredmedia":[{"embeddable":true,"href":"https:\/\/hubsch-interior.com\/fr\/wp-json\/wp\/v2\/media\/1099471"}],"wp:attachment":[{"href":"https:\/\/hubsch-interior.com\/fr\/wp-json\/wp\/v2\/media?parent=976424"}],"wp:term":[{"taxonomy":"product_brand","embeddable":true,"href":"https:\/\/hubsch-interior.com\/fr\/wp-json\/wp\/v2\/product_brand?post=976424"},{"taxonomy":"product_cat","embeddable":true,"href":"https:\/\/hubsch-interior.com\/fr\/wp-json\/wp\/v2\/product_cat?post=976424"},{"taxonomy":"product_tag","embeddable":true,"href":"https:\/\/hubsch-interior.com\/fr\/wp-json\/wp\/v2\/product_tag?post=976424"}],"curies":[{"name":"wp","href":"https:\/\/api.w.org\/{rel}","templated":true}]}}