{"id":976460,"date":"2024-01-29T09:16:20","date_gmt":"2024-01-29T08:16:20","guid":{"rendered":"https:\/\/hubsch-interior.com\/product\/product\/"},"modified":"2026-04-05T04:39:27","modified_gmt":"2026-04-05T02:39:27","slug":"aino-vase-transparent","status":"publish","type":"product","link":"https:\/\/hubsch-interior.com\/fr\/produit\/aino-vase-transparent\/","title":{"rendered":"Aino Vase Transparent"},"content":{"rendered":"<p>Le Vase Aino est un ajout \u00e9poustouflant \u00e0 votre collection de d\u00e9coration int\u00e9rieure. Cette pi\u00e8ce exquise est fabriqu\u00e9e en verre transparent textur\u00e9, la pla\u00e7ant ainsi dans une ligue \u00e0 part. Son design simple et \u00e9l\u00e9gant en fait une pi\u00e8ce ma\u00eetresse, parfaite pour mettre en valeur vos fleurs pr\u00e9f\u00e9r\u00e9es ou comme bol sculptural pour le rangement. Le Vase Aino est polyvalent, vous permettant de cr\u00e9er une vari\u00e9t\u00e9 d&#8217;arrangements floraux pour toutes les occasions. Faites-nous confiance, ce vase est non seulement magnifique en utilisation, mais aussi en tant que pi\u00e8ce sculpturale \u00e0 part enti\u00e8re. Rehaussez votre espace avec le Vase Aino, un must-have pour toute maison \u00e9l\u00e9gante.<\/p>\n","protected":false},"excerpt":{"rendered":"<p>Le Vase Aino est un ajout \u00e9poustouflant \u00e0 votre collection de d\u00e9coration int\u00e9rieure. Cette pi\u00e8ce exquise est fabriqu\u00e9e en verre transparent textur\u00e9, la pla\u00e7ant ainsi dans une ligue \u00e0 part. Son design simple et \u00e9l\u00e9gant en fait une pi\u00e8ce ma\u00eetresse, parfaite pour mettre en valeur vos fleurs pr\u00e9f\u00e9r\u00e9es ou comme bol sculptural pour le rangement. [&hellip;]<\/p>\n","protected":false},"featured_media":1099488,"template":"","meta":{"_acf_changed":false,"inline_featured_image":false},"product_brand":[],"product_cat":[6882,3154,5026],"product_tag":[],"class_list":{"0":"post-976460","1":"product","2":"type-product","3":"status-publish","4":"has-post-thumbnail","6":"product_cat-elevating-nostalgia-fr","7":"product_cat-vases-fr","8":"product_cat-bestsellers-fr","9":"product_shipping_class-pk","10":"pa_color-transparent","11":"pa_material-verre-fr","13":"first","14":"outofstock","15":"featured","16":"taxable","17":"shipping-taxable","18":"purchasable","19":"product-type-simple"},"exclude_global_add_ons":[],"addons":[],"acf":[],"yoast_head":"<!-- This site is optimized with the Yoast SEO plugin v26.4 - https:\/\/yoast.com\/wordpress\/plugins\/seo\/ -->\n<title>Aino Vase Transparent - H\u00fcbsch<\/title>\n<meta name=\"description\" content=\"Le Vase Aino est un ajout \u00e9poustouflant \u00e0 votre collection de d\u00e9coration int\u00e9rieure. Cette pi\u00e8ce exquise est fabriqu\u00e9e en verre transparent textur\u00e9, la\" \/>\n<meta name=\"robots\" content=\"index, follow, max-snippet:-1, max-image-preview:large, max-video-preview:-1\" \/>\n<link rel=\"canonical\" href=\"https:\/\/hubsch-interior.com\/fr\/wp-json\/wp\/v2\/product\/976460\" \/>\n<meta property=\"og:locale\" content=\"fr_FR\" \/>\n<meta property=\"og:type\" content=\"article\" \/>\n<meta property=\"og:title\" content=\"Aino Vase Transparent - H\u00fcbsch\" \/>\n<meta property=\"og:description\" content=\"Le Vase Aino est un ajout \u00e9poustouflant \u00e0 votre collection de d\u00e9coration int\u00e9rieure. Cette pi\u00e8ce exquise est fabriqu\u00e9e en verre transparent textur\u00e9, la\" \/>\n<meta property=\"og:url\" content=\"https:\/\/hubsch-interior.com\/fr\/produit\/aino-vase-transparent\/\" \/>\n<meta property=\"og:site_name\" content=\"H\u00fcbsch\" \/>\n<meta property=\"article:modified_time\" content=\"2026-04-05T02:39:27+00:00\" \/>\n<meta property=\"og:image\" content=\"https:\/\/hubsch-interior.com\/wp-content\/uploads\/2024\/02\/aino-vase-clear-fa02b4738caf7dc03a0e5340dc24709d.jpg\" \/>\n\t<meta property=\"og:image:width\" content=\"1200\" \/>\n\t<meta property=\"og:image:height\" content=\"1200\" \/>\n\t<meta property=\"og:image:type\" content=\"image\/jpeg\" \/>\n<meta name=\"twitter:card\" content=\"summary_large_image\" \/>\n<meta name=\"twitter:label1\" content=\"Dur\u00e9e de lecture estim\u00e9e\" \/>\n\t<meta name=\"twitter:data1\" content=\"1 minute\" \/>\n<script type=\"application\/ld+json\" class=\"yoast-schema-graph\">{\"@context\":\"https:\/\/schema.org\",\"@graph\":[{\"@type\":\"WebPage\",\"@id\":\"https:\/\/hubsch-interior.com\/fr\/produit\/aino-vase-transparent\/\",\"url\":\"https:\/\/hubsch-interior.com\/fr\/produit\/aino-vase-transparent\/\",\"name\":\"Aino Vase Transparent - H\u00fcbsch\",\"isPartOf\":{\"@id\":\"https:\/\/hubsch-interior.com\/fr\/#website\"},\"primaryImageOfPage\":{\"@id\":\"https:\/\/hubsch-interior.com\/fr\/produit\/aino-vase-transparent\/#primaryimage\"},\"image\":{\"@id\":\"https:\/\/hubsch-interior.com\/fr\/produit\/aino-vase-transparent\/#primaryimage\"},\"thumbnailUrl\":\"https:\/\/hubsch-interior.com\/wp-content\/uploads\/2026\/02\/aino-vase-clear-83d3c792919c9e8c699d80e0af7b44ea.jpg\",\"datePublished\":\"2024-01-29T08:16:20+00:00\",\"dateModified\":\"2026-04-05T02:39:27+00:00\",\"description\":\"Le Vase Aino est un ajout \u00e9poustouflant \u00e0 votre collection de d\u00e9coration int\u00e9rieure. Cette pi\u00e8ce exquise est fabriqu\u00e9e en verre transparent textur\u00e9, la\",\"breadcrumb\":{\"@id\":\"https:\/\/hubsch-interior.com\/fr\/produit\/aino-vase-transparent\/#breadcrumb\"},\"inLanguage\":\"fr-FR\",\"potentialAction\":[{\"@type\":\"ReadAction\",\"target\":[\"https:\/\/hubsch-interior.com\/fr\/produit\/aino-vase-transparent\/\"]}]},{\"@type\":\"ImageObject\",\"inLanguage\":\"fr-FR\",\"@id\":\"https:\/\/hubsch-interior.com\/fr\/produit\/aino-vase-transparent\/#primaryimage\",\"url\":\"https:\/\/hubsch-interior.com\/wp-content\/uploads\/2026\/02\/aino-vase-clear-83d3c792919c9e8c699d80e0af7b44ea.jpg\",\"contentUrl\":\"https:\/\/hubsch-interior.com\/wp-content\/uploads\/2026\/02\/aino-vase-clear-83d3c792919c9e8c699d80e0af7b44ea.jpg\",\"width\":1024,\"height\":1024},{\"@type\":\"BreadcrumbList\",\"@id\":\"https:\/\/hubsch-interior.com\/fr\/produit\/aino-vase-transparent\/#breadcrumb\",\"itemListElement\":[{\"@type\":\"ListItem\",\"position\":1,\"name\":\"Page d'accueil\",\"item\":\"https:\/\/hubsch-interior.com\/fr\/\"},{\"@type\":\"ListItem\",\"position\":2,\"name\":\"Produits\",\"item\":\"https:\/\/hubsch-interior.com\/fr\/shop-2\/\"},{\"@type\":\"ListItem\",\"position\":3,\"name\":\"Accessoires maison\",\"item\":\"https:\/\/hubsch-interior.com\/fr\/categorie-produit\/accessoires-maison\/\"},{\"@type\":\"ListItem\",\"position\":4,\"name\":\"Vases\",\"item\":\"https:\/\/hubsch-interior.com\/fr\/categorie-produit\/accessoires-maison\/vases-fr\/\"},{\"@type\":\"ListItem\",\"position\":5,\"name\":\"Aino Vase Transparent\"}]},{\"@type\":\"WebSite\",\"@id\":\"https:\/\/hubsch-interior.com\/fr\/#website\",\"url\":\"https:\/\/hubsch-interior.com\/fr\/\",\"name\":\"H\u00fcbsch\",\"description\":\"Danish Home Interior and Design\",\"publisher\":{\"@id\":\"https:\/\/hubsch-interior.com\/fr\/#organization\"},\"potentialAction\":[{\"@type\":\"SearchAction\",\"target\":{\"@type\":\"EntryPoint\",\"urlTemplate\":\"https:\/\/hubsch-interior.com\/fr\/?s={search_term_string}\"},\"query-input\":{\"@type\":\"PropertyValueSpecification\",\"valueRequired\":true,\"valueName\":\"search_term_string\"}}],\"inLanguage\":\"fr-FR\"},{\"@type\":\"Organization\",\"@id\":\"https:\/\/hubsch-interior.com\/fr\/#organization\",\"name\":\"H\u00fcbsch\",\"url\":\"https:\/\/hubsch-interior.com\/fr\/\",\"logo\":{\"@type\":\"ImageObject\",\"inLanguage\":\"fr-FR\",\"@id\":\"https:\/\/hubsch-interior.com\/fr\/#\/schema\/logo\/image\/\",\"url\":\"https:\/\/hubsch-interior.com\/wp-content\/uploads\/2022\/12\/Hubsch_logo_black_one_line.svg\",\"contentUrl\":\"https:\/\/hubsch-interior.com\/wp-content\/uploads\/2022\/12\/Hubsch_logo_black_one_line.svg\",\"caption\":\"H\u00fcbsch\"},\"image\":{\"@id\":\"https:\/\/hubsch-interior.com\/fr\/#\/schema\/logo\/image\/\"}}]}<\/script>\n<!-- \/ Yoast SEO plugin. -->","yoast_head_json":{"title":"Aino Vase Transparent - H\u00fcbsch","description":"Le Vase Aino est un ajout \u00e9poustouflant \u00e0 votre collection de d\u00e9coration int\u00e9rieure. Cette pi\u00e8ce exquise est fabriqu\u00e9e en verre transparent textur\u00e9, la","robots":{"index":"index","follow":"follow","max-snippet":"max-snippet:-1","max-image-preview":"max-image-preview:large","max-video-preview":"max-video-preview:-1"},"canonical":"https:\/\/hubsch-interior.com\/fr\/wp-json\/wp\/v2\/product\/976460","og_locale":"fr_FR","og_type":"article","og_title":"Aino Vase Transparent - H\u00fcbsch","og_description":"Le Vase Aino est un ajout \u00e9poustouflant \u00e0 votre collection de d\u00e9coration int\u00e9rieure. Cette pi\u00e8ce exquise est fabriqu\u00e9e en verre transparent textur\u00e9, la","og_url":"https:\/\/hubsch-interior.com\/fr\/produit\/aino-vase-transparent\/","og_site_name":"H\u00fcbsch","article_modified_time":"2026-04-05T02:39:27+00:00","og_image":[{"width":1200,"height":1200,"url":"https:\/\/hubsch-interior.com\/wp-content\/uploads\/2024\/02\/aino-vase-clear-fa02b4738caf7dc03a0e5340dc24709d.jpg","type":"image\/jpeg"}],"twitter_card":"summary_large_image","twitter_misc":{"Dur\u00e9e de lecture estim\u00e9e":"1 minute"},"schema":{"@context":"https:\/\/schema.org","@graph":[{"@type":"WebPage","@id":"https:\/\/hubsch-interior.com\/fr\/produit\/aino-vase-transparent\/","url":"https:\/\/hubsch-interior.com\/fr\/produit\/aino-vase-transparent\/","name":"Aino Vase Transparent - H\u00fcbsch","isPartOf":{"@id":"https:\/\/hubsch-interior.com\/fr\/#website"},"primaryImageOfPage":{"@id":"https:\/\/hubsch-interior.com\/fr\/produit\/aino-vase-transparent\/#primaryimage"},"image":{"@id":"https:\/\/hubsch-interior.com\/fr\/produit\/aino-vase-transparent\/#primaryimage"},"thumbnailUrl":"https:\/\/hubsch-interior.com\/wp-content\/uploads\/2026\/02\/aino-vase-clear-83d3c792919c9e8c699d80e0af7b44ea.jpg","datePublished":"2024-01-29T08:16:20+00:00","dateModified":"2026-04-05T02:39:27+00:00","description":"Le Vase Aino est un ajout \u00e9poustouflant \u00e0 votre collection de d\u00e9coration int\u00e9rieure. Cette pi\u00e8ce exquise est fabriqu\u00e9e en verre transparent textur\u00e9, la","breadcrumb":{"@id":"https:\/\/hubsch-interior.com\/fr\/produit\/aino-vase-transparent\/#breadcrumb"},"inLanguage":"fr-FR","potentialAction":[{"@type":"ReadAction","target":["https:\/\/hubsch-interior.com\/fr\/produit\/aino-vase-transparent\/"]}]},{"@type":"ImageObject","inLanguage":"fr-FR","@id":"https:\/\/hubsch-interior.com\/fr\/produit\/aino-vase-transparent\/#primaryimage","url":"https:\/\/hubsch-interior.com\/wp-content\/uploads\/2026\/02\/aino-vase-clear-83d3c792919c9e8c699d80e0af7b44ea.jpg","contentUrl":"https:\/\/hubsch-interior.com\/wp-content\/uploads\/2026\/02\/aino-vase-clear-83d3c792919c9e8c699d80e0af7b44ea.jpg","width":1024,"height":1024},{"@type":"BreadcrumbList","@id":"https:\/\/hubsch-interior.com\/fr\/produit\/aino-vase-transparent\/#breadcrumb","itemListElement":[{"@type":"ListItem","position":1,"name":"Page d'accueil","item":"https:\/\/hubsch-interior.com\/fr\/"},{"@type":"ListItem","position":2,"name":"Produits","item":"https:\/\/hubsch-interior.com\/fr\/shop-2\/"},{"@type":"ListItem","position":3,"name":"Accessoires maison","item":"https:\/\/hubsch-interior.com\/fr\/categorie-produit\/accessoires-maison\/"},{"@type":"ListItem","position":4,"name":"Vases","item":"https:\/\/hubsch-interior.com\/fr\/categorie-produit\/accessoires-maison\/vases-fr\/"},{"@type":"ListItem","position":5,"name":"Aino Vase Transparent"}]},{"@type":"WebSite","@id":"https:\/\/hubsch-interior.com\/fr\/#website","url":"https:\/\/hubsch-interior.com\/fr\/","name":"H\u00fcbsch","description":"Danish Home Interior and Design","publisher":{"@id":"https:\/\/hubsch-interior.com\/fr\/#organization"},"potentialAction":[{"@type":"SearchAction","target":{"@type":"EntryPoint","urlTemplate":"https:\/\/hubsch-interior.com\/fr\/?s={search_term_string}"},"query-input":{"@type":"PropertyValueSpecification","valueRequired":true,"valueName":"search_term_string"}}],"inLanguage":"fr-FR"},{"@type":"Organization","@id":"https:\/\/hubsch-interior.com\/fr\/#organization","name":"H\u00fcbsch","url":"https:\/\/hubsch-interior.com\/fr\/","logo":{"@type":"ImageObject","inLanguage":"fr-FR","@id":"https:\/\/hubsch-interior.com\/fr\/#\/schema\/logo\/image\/","url":"https:\/\/hubsch-interior.com\/wp-content\/uploads\/2022\/12\/Hubsch_logo_black_one_line.svg","contentUrl":"https:\/\/hubsch-interior.com\/wp-content\/uploads\/2022\/12\/Hubsch_logo_black_one_line.svg","caption":"H\u00fcbsch"},"image":{"@id":"https:\/\/hubsch-interior.com\/fr\/#\/schema\/logo\/image\/"}}]}},"_links":{"self":[{"href":"https:\/\/hubsch-interior.com\/fr\/wp-json\/wp\/v2\/product\/976460","targetHints":{"allow":["GET"]}}],"collection":[{"href":"https:\/\/hubsch-interior.com\/fr\/wp-json\/wp\/v2\/product"}],"about":[{"href":"https:\/\/hubsch-interior.com\/fr\/wp-json\/wp\/v2\/types\/product"}],"wp:featuredmedia":[{"embeddable":true,"href":"https:\/\/hubsch-interior.com\/fr\/wp-json\/wp\/v2\/media\/1099488"}],"wp:attachment":[{"href":"https:\/\/hubsch-interior.com\/fr\/wp-json\/wp\/v2\/media?parent=976460"}],"wp:term":[{"taxonomy":"product_brand","embeddable":true,"href":"https:\/\/hubsch-interior.com\/fr\/wp-json\/wp\/v2\/product_brand?post=976460"},{"taxonomy":"product_cat","embeddable":true,"href":"https:\/\/hubsch-interior.com\/fr\/wp-json\/wp\/v2\/product_cat?post=976460"},{"taxonomy":"product_tag","embeddable":true,"href":"https:\/\/hubsch-interior.com\/fr\/wp-json\/wp\/v2\/product_tag?post=976460"}],"curies":[{"name":"wp","href":"https:\/\/api.w.org\/{rel}","templated":true}]}}