{"id":976484,"date":"2024-01-29T09:16:34","date_gmt":"2024-01-29T08:16:34","guid":{"rendered":"https:\/\/hubsch-interior.com\/product\/product\/"},"modified":"2026-04-13T04:39:08","modified_gmt":"2026-04-13T02:39:08","slug":"ruffle-vase-transparent","status":"publish","type":"product","link":"https:\/\/hubsch-interior.com\/fr\/produit\/ruffle-vase-transparent\/","title":{"rendered":"Ruffle  Vase Transparent"},"content":{"rendered":"<p>Le Vase Ruffle est un ajout \u00e9poustouflant \u00e0 tout d\u00e9cor de maison. Fabriqu\u00e9 en verre clair textur\u00e9, ce vase d\u00e9gage \u00e9l\u00e9gance et charme. Ses bords ondul\u00e9s uniques ajoutent une touche de fantaisie, en faisant une belle pi\u00e8ce \u00e0 la fois en utilisation et en tant que pr\u00e9sentation sculpturale. Le design transparent permet une utilisation polyvalente, parfait pour mettre en valeur des bouquets ou des arrangements floraux \u00e9lev\u00e9s. Fabriqu\u00e9 avec une attention m\u00e9ticuleuse aux d\u00e9tails, ce vase est un must-have pour ceux qui appr\u00e9cient la beaut\u00e9 de la simplicit\u00e9. Rehaussez votre espace de vie avec le Vase Ruffle, une v\u00e9ritable pi\u00e8ce ma\u00eetresse.<\/p>\n","protected":false},"excerpt":{"rendered":"<p>Le Vase Ruffle est un ajout \u00e9poustouflant \u00e0 tout d\u00e9cor de maison. Fabriqu\u00e9 en verre clair textur\u00e9, ce vase d\u00e9gage \u00e9l\u00e9gance et charme. Ses bords ondul\u00e9s uniques ajoutent une touche de fantaisie, en faisant une belle pi\u00e8ce \u00e0 la fois en utilisation et en tant que pr\u00e9sentation sculpturale. Le design transparent permet une utilisation polyvalente, [&hellip;]<\/p>\n","protected":false},"featured_media":1099508,"template":"","meta":{"_acf_changed":false,"inline_featured_image":false},"product_brand":[],"product_cat":[6882,6971,3154,6535],"product_tag":[],"class_list":{"0":"post-976484","1":"product","2":"type-product","3":"status-publish","4":"has-post-thumbnail","6":"product_cat-elevating-nostalgia-fr","7":"product_cat-paques","8":"product_cat-vases-fr","9":"product_cat-outlet-fr","10":"product_shipping_class-pk","12":"pa_color-transparent","13":"pa_material-verre-fr","15":"first","16":"instock","17":"taxable","18":"shipping-taxable","19":"purchasable","20":"product-type-simple"},"exclude_global_add_ons":[],"addons":[],"acf":[],"yoast_head":"<!-- This site is optimized with the Yoast SEO plugin v26.4 - https:\/\/yoast.com\/wordpress\/plugins\/seo\/ -->\n<title>Ruffle Vase Transparent - H\u00fcbsch<\/title>\n<meta name=\"description\" content=\"Le Vase Ruffle est un ajout \u00e9poustouflant \u00e0 tout d\u00e9cor de maison. Fabriqu\u00e9 en verre clair textur\u00e9, ce vase d\u00e9gage \u00e9l\u00e9gance et charme. Ses bords ondul\u00e9s\" \/>\n<meta name=\"robots\" content=\"index, follow, max-snippet:-1, max-image-preview:large, max-video-preview:-1\" \/>\n<link rel=\"canonical\" href=\"https:\/\/hubsch-interior.com\/fr\/wp-json\/wp\/v2\/product\/976484\" \/>\n<meta property=\"og:locale\" content=\"fr_FR\" \/>\n<meta property=\"og:type\" content=\"article\" \/>\n<meta property=\"og:title\" content=\"Ruffle Vase Transparent - H\u00fcbsch\" \/>\n<meta property=\"og:description\" content=\"Le Vase Ruffle est un ajout \u00e9poustouflant \u00e0 tout d\u00e9cor de maison. Fabriqu\u00e9 en verre clair textur\u00e9, ce vase d\u00e9gage \u00e9l\u00e9gance et charme. Ses bords ondul\u00e9s\" \/>\n<meta property=\"og:url\" content=\"https:\/\/hubsch-interior.com\/fr\/produit\/ruffle-vase-transparent\/\" \/>\n<meta property=\"og:site_name\" content=\"H\u00fcbsch\" \/>\n<meta property=\"article:modified_time\" content=\"2026-04-13T02:39:08+00:00\" \/>\n<meta property=\"og:image\" content=\"https:\/\/hubsch-interior.com\/wp-content\/uploads\/2024\/01\/ruffle-vase-clear-488e3801a7e74b5e25f334e2cb8561a8.jpg\" \/>\n\t<meta property=\"og:image:width\" content=\"1200\" \/>\n\t<meta property=\"og:image:height\" content=\"1200\" \/>\n\t<meta property=\"og:image:type\" content=\"image\/jpeg\" \/>\n<meta name=\"twitter:card\" content=\"summary_large_image\" \/>\n<meta name=\"twitter:label1\" content=\"Dur\u00e9e de lecture estim\u00e9e\" \/>\n\t<meta name=\"twitter:data1\" content=\"1 minute\" \/>\n<script type=\"application\/ld+json\" class=\"yoast-schema-graph\">{\"@context\":\"https:\/\/schema.org\",\"@graph\":[{\"@type\":\"WebPage\",\"@id\":\"https:\/\/hubsch-interior.com\/fr\/produit\/ruffle-vase-transparent\/\",\"url\":\"https:\/\/hubsch-interior.com\/fr\/produit\/ruffle-vase-transparent\/\",\"name\":\"Ruffle Vase Transparent - H\u00fcbsch\",\"isPartOf\":{\"@id\":\"https:\/\/hubsch-interior.com\/fr\/#website\"},\"primaryImageOfPage\":{\"@id\":\"https:\/\/hubsch-interior.com\/fr\/produit\/ruffle-vase-transparent\/#primaryimage\"},\"image\":{\"@id\":\"https:\/\/hubsch-interior.com\/fr\/produit\/ruffle-vase-transparent\/#primaryimage\"},\"thumbnailUrl\":\"https:\/\/hubsch-interior.com\/wp-content\/uploads\/2026\/02\/ruffle-vase-clear-3da4b66ff82d122d920992482612c85e.jpg\",\"datePublished\":\"2024-01-29T08:16:34+00:00\",\"dateModified\":\"2026-04-13T02:39:08+00:00\",\"description\":\"Le Vase Ruffle est un ajout \u00e9poustouflant \u00e0 tout d\u00e9cor de maison. Fabriqu\u00e9 en verre clair textur\u00e9, ce vase d\u00e9gage \u00e9l\u00e9gance et charme. Ses bords ondul\u00e9s\",\"breadcrumb\":{\"@id\":\"https:\/\/hubsch-interior.com\/fr\/produit\/ruffle-vase-transparent\/#breadcrumb\"},\"inLanguage\":\"fr-FR\",\"potentialAction\":[{\"@type\":\"ReadAction\",\"target\":[\"https:\/\/hubsch-interior.com\/fr\/produit\/ruffle-vase-transparent\/\"]}]},{\"@type\":\"ImageObject\",\"inLanguage\":\"fr-FR\",\"@id\":\"https:\/\/hubsch-interior.com\/fr\/produit\/ruffle-vase-transparent\/#primaryimage\",\"url\":\"https:\/\/hubsch-interior.com\/wp-content\/uploads\/2026\/02\/ruffle-vase-clear-3da4b66ff82d122d920992482612c85e.jpg\",\"contentUrl\":\"https:\/\/hubsch-interior.com\/wp-content\/uploads\/2026\/02\/ruffle-vase-clear-3da4b66ff82d122d920992482612c85e.jpg\",\"width\":1024,\"height\":1024},{\"@type\":\"BreadcrumbList\",\"@id\":\"https:\/\/hubsch-interior.com\/fr\/produit\/ruffle-vase-transparent\/#breadcrumb\",\"itemListElement\":[{\"@type\":\"ListItem\",\"position\":1,\"name\":\"Page d'accueil\",\"item\":\"https:\/\/hubsch-interior.com\/fr\/\"},{\"@type\":\"ListItem\",\"position\":2,\"name\":\"Produits\",\"item\":\"https:\/\/hubsch-interior.com\/fr\/shop-2\/\"},{\"@type\":\"ListItem\",\"position\":3,\"name\":\"Accessoires maison\",\"item\":\"https:\/\/hubsch-interior.com\/fr\/categorie-produit\/accessoires-maison\/\"},{\"@type\":\"ListItem\",\"position\":4,\"name\":\"Vases\",\"item\":\"https:\/\/hubsch-interior.com\/fr\/categorie-produit\/accessoires-maison\/vases-fr\/\"},{\"@type\":\"ListItem\",\"position\":5,\"name\":\"Ruffle Vase Transparent\"}]},{\"@type\":\"WebSite\",\"@id\":\"https:\/\/hubsch-interior.com\/fr\/#website\",\"url\":\"https:\/\/hubsch-interior.com\/fr\/\",\"name\":\"H\u00fcbsch\",\"description\":\"Danish Home Interior and Design\",\"publisher\":{\"@id\":\"https:\/\/hubsch-interior.com\/fr\/#organization\"},\"potentialAction\":[{\"@type\":\"SearchAction\",\"target\":{\"@type\":\"EntryPoint\",\"urlTemplate\":\"https:\/\/hubsch-interior.com\/fr\/?s={search_term_string}\"},\"query-input\":{\"@type\":\"PropertyValueSpecification\",\"valueRequired\":true,\"valueName\":\"search_term_string\"}}],\"inLanguage\":\"fr-FR\"},{\"@type\":\"Organization\",\"@id\":\"https:\/\/hubsch-interior.com\/fr\/#organization\",\"name\":\"H\u00fcbsch\",\"url\":\"https:\/\/hubsch-interior.com\/fr\/\",\"logo\":{\"@type\":\"ImageObject\",\"inLanguage\":\"fr-FR\",\"@id\":\"https:\/\/hubsch-interior.com\/fr\/#\/schema\/logo\/image\/\",\"url\":\"https:\/\/hubsch-interior.com\/wp-content\/uploads\/2022\/12\/Hubsch_logo_black_one_line.svg\",\"contentUrl\":\"https:\/\/hubsch-interior.com\/wp-content\/uploads\/2022\/12\/Hubsch_logo_black_one_line.svg\",\"caption\":\"H\u00fcbsch\"},\"image\":{\"@id\":\"https:\/\/hubsch-interior.com\/fr\/#\/schema\/logo\/image\/\"}}]}<\/script>\n<!-- \/ Yoast SEO plugin. -->","yoast_head_json":{"title":"Ruffle Vase Transparent - H\u00fcbsch","description":"Le Vase Ruffle est un ajout \u00e9poustouflant \u00e0 tout d\u00e9cor de maison. Fabriqu\u00e9 en verre clair textur\u00e9, ce vase d\u00e9gage \u00e9l\u00e9gance et charme. Ses bords ondul\u00e9s","robots":{"index":"index","follow":"follow","max-snippet":"max-snippet:-1","max-image-preview":"max-image-preview:large","max-video-preview":"max-video-preview:-1"},"canonical":"https:\/\/hubsch-interior.com\/fr\/wp-json\/wp\/v2\/product\/976484","og_locale":"fr_FR","og_type":"article","og_title":"Ruffle Vase Transparent - H\u00fcbsch","og_description":"Le Vase Ruffle est un ajout \u00e9poustouflant \u00e0 tout d\u00e9cor de maison. Fabriqu\u00e9 en verre clair textur\u00e9, ce vase d\u00e9gage \u00e9l\u00e9gance et charme. Ses bords ondul\u00e9s","og_url":"https:\/\/hubsch-interior.com\/fr\/produit\/ruffle-vase-transparent\/","og_site_name":"H\u00fcbsch","article_modified_time":"2026-04-13T02:39:08+00:00","og_image":[{"width":1200,"height":1200,"url":"https:\/\/hubsch-interior.com\/wp-content\/uploads\/2024\/01\/ruffle-vase-clear-488e3801a7e74b5e25f334e2cb8561a8.jpg","type":"image\/jpeg"}],"twitter_card":"summary_large_image","twitter_misc":{"Dur\u00e9e de lecture estim\u00e9e":"1 minute"},"schema":{"@context":"https:\/\/schema.org","@graph":[{"@type":"WebPage","@id":"https:\/\/hubsch-interior.com\/fr\/produit\/ruffle-vase-transparent\/","url":"https:\/\/hubsch-interior.com\/fr\/produit\/ruffle-vase-transparent\/","name":"Ruffle Vase Transparent - H\u00fcbsch","isPartOf":{"@id":"https:\/\/hubsch-interior.com\/fr\/#website"},"primaryImageOfPage":{"@id":"https:\/\/hubsch-interior.com\/fr\/produit\/ruffle-vase-transparent\/#primaryimage"},"image":{"@id":"https:\/\/hubsch-interior.com\/fr\/produit\/ruffle-vase-transparent\/#primaryimage"},"thumbnailUrl":"https:\/\/hubsch-interior.com\/wp-content\/uploads\/2026\/02\/ruffle-vase-clear-3da4b66ff82d122d920992482612c85e.jpg","datePublished":"2024-01-29T08:16:34+00:00","dateModified":"2026-04-13T02:39:08+00:00","description":"Le Vase Ruffle est un ajout \u00e9poustouflant \u00e0 tout d\u00e9cor de maison. Fabriqu\u00e9 en verre clair textur\u00e9, ce vase d\u00e9gage \u00e9l\u00e9gance et charme. Ses bords ondul\u00e9s","breadcrumb":{"@id":"https:\/\/hubsch-interior.com\/fr\/produit\/ruffle-vase-transparent\/#breadcrumb"},"inLanguage":"fr-FR","potentialAction":[{"@type":"ReadAction","target":["https:\/\/hubsch-interior.com\/fr\/produit\/ruffle-vase-transparent\/"]}]},{"@type":"ImageObject","inLanguage":"fr-FR","@id":"https:\/\/hubsch-interior.com\/fr\/produit\/ruffle-vase-transparent\/#primaryimage","url":"https:\/\/hubsch-interior.com\/wp-content\/uploads\/2026\/02\/ruffle-vase-clear-3da4b66ff82d122d920992482612c85e.jpg","contentUrl":"https:\/\/hubsch-interior.com\/wp-content\/uploads\/2026\/02\/ruffle-vase-clear-3da4b66ff82d122d920992482612c85e.jpg","width":1024,"height":1024},{"@type":"BreadcrumbList","@id":"https:\/\/hubsch-interior.com\/fr\/produit\/ruffle-vase-transparent\/#breadcrumb","itemListElement":[{"@type":"ListItem","position":1,"name":"Page d'accueil","item":"https:\/\/hubsch-interior.com\/fr\/"},{"@type":"ListItem","position":2,"name":"Produits","item":"https:\/\/hubsch-interior.com\/fr\/shop-2\/"},{"@type":"ListItem","position":3,"name":"Accessoires maison","item":"https:\/\/hubsch-interior.com\/fr\/categorie-produit\/accessoires-maison\/"},{"@type":"ListItem","position":4,"name":"Vases","item":"https:\/\/hubsch-interior.com\/fr\/categorie-produit\/accessoires-maison\/vases-fr\/"},{"@type":"ListItem","position":5,"name":"Ruffle Vase Transparent"}]},{"@type":"WebSite","@id":"https:\/\/hubsch-interior.com\/fr\/#website","url":"https:\/\/hubsch-interior.com\/fr\/","name":"H\u00fcbsch","description":"Danish Home Interior and Design","publisher":{"@id":"https:\/\/hubsch-interior.com\/fr\/#organization"},"potentialAction":[{"@type":"SearchAction","target":{"@type":"EntryPoint","urlTemplate":"https:\/\/hubsch-interior.com\/fr\/?s={search_term_string}"},"query-input":{"@type":"PropertyValueSpecification","valueRequired":true,"valueName":"search_term_string"}}],"inLanguage":"fr-FR"},{"@type":"Organization","@id":"https:\/\/hubsch-interior.com\/fr\/#organization","name":"H\u00fcbsch","url":"https:\/\/hubsch-interior.com\/fr\/","logo":{"@type":"ImageObject","inLanguage":"fr-FR","@id":"https:\/\/hubsch-interior.com\/fr\/#\/schema\/logo\/image\/","url":"https:\/\/hubsch-interior.com\/wp-content\/uploads\/2022\/12\/Hubsch_logo_black_one_line.svg","contentUrl":"https:\/\/hubsch-interior.com\/wp-content\/uploads\/2022\/12\/Hubsch_logo_black_one_line.svg","caption":"H\u00fcbsch"},"image":{"@id":"https:\/\/hubsch-interior.com\/fr\/#\/schema\/logo\/image\/"}}]}},"_links":{"self":[{"href":"https:\/\/hubsch-interior.com\/fr\/wp-json\/wp\/v2\/product\/976484","targetHints":{"allow":["GET"]}}],"collection":[{"href":"https:\/\/hubsch-interior.com\/fr\/wp-json\/wp\/v2\/product"}],"about":[{"href":"https:\/\/hubsch-interior.com\/fr\/wp-json\/wp\/v2\/types\/product"}],"wp:featuredmedia":[{"embeddable":true,"href":"https:\/\/hubsch-interior.com\/fr\/wp-json\/wp\/v2\/media\/1099508"}],"wp:attachment":[{"href":"https:\/\/hubsch-interior.com\/fr\/wp-json\/wp\/v2\/media?parent=976484"}],"wp:term":[{"taxonomy":"product_brand","embeddable":true,"href":"https:\/\/hubsch-interior.com\/fr\/wp-json\/wp\/v2\/product_brand?post=976484"},{"taxonomy":"product_cat","embeddable":true,"href":"https:\/\/hubsch-interior.com\/fr\/wp-json\/wp\/v2\/product_cat?post=976484"},{"taxonomy":"product_tag","embeddable":true,"href":"https:\/\/hubsch-interior.com\/fr\/wp-json\/wp\/v2\/product_tag?post=976484"}],"curies":[{"name":"wp","href":"https:\/\/api.w.org\/{rel}","templated":true}]}}