{"id":976532,"date":"2024-01-29T09:18:42","date_gmt":"2024-01-29T08:18:42","guid":{"rendered":"https:\/\/hubsch-interior.com\/product\/product\/"},"modified":"2026-04-11T04:39:58","modified_gmt":"2026-04-11T02:39:58","slug":"mochi-pouf-bleu-multicolore","status":"publish","type":"product","link":"https:\/\/hubsch-interior.com\/fr\/produit\/mochi-pouf-bleu-multicolore\/","title":{"rendered":"Mochi Pouf Bleu\/\u00a0Multicolor\u00e9"},"content":{"rendered":"<p>D\u00e9couvrez le Mochi Pouf en bleu\/multicolore, le tout dernier ajout \u00e0 notre bien-aim\u00e9e s\u00e9rie Mochi. Fabriqu\u00e9 \u00e0 partir de mat\u00e9riau doux en coton, ce pouf est la parfaite combinaison de confort et de style. Disponible en cinq diff\u00e9rentes variantes, celui-ci pr\u00e9sente un magnifique textile tiss\u00e9 en bleu et multicolore, cr\u00e9ant un motif accrocheur. Utilisez-le comme si\u00e8ge suppl\u00e9mentaire ou comme repose-pieds confortable, ce pouf est grand et confortable, en faisant un ajout douillet \u00e0 n&#8217;importe quel foyer. Ajoutez une touche de couleur \u00e0 votre espace de vie avec le Mochi Pouf.<\/p>\n","protected":false},"excerpt":{"rendered":"<p>D\u00e9couvrez le Mochi Pouf en bleu\/multicolore, le tout dernier ajout \u00e0 notre bien-aim\u00e9e s\u00e9rie Mochi. Fabriqu\u00e9 \u00e0 partir de mat\u00e9riau doux en coton, ce pouf est la parfaite combinaison de confort et de style. Disponible en cinq diff\u00e9rentes variantes, celui-ci pr\u00e9sente un magnifique textile tiss\u00e9 en bleu et multicolore, cr\u00e9ant un motif accrocheur. Utilisez-le comme [&hellip;]<\/p>\n","protected":false},"featured_media":1100284,"template":"","meta":{"_acf_changed":false,"inline_featured_image":false},"product_brand":[],"product_cat":[2843,5030,6882,5026,5457],"product_tag":[],"class_list":{"0":"post-976532","1":"product","2":"type-product","3":"status-publish","4":"has-post-thumbnail","6":"product_cat-assises-fr","7":"product_cat-de-nouveau-en-stock-fr","8":"product_cat-elevating-nostalgia-fr","9":"product_cat-bestsellers-fr","10":"product_cat-poufs-fr","11":"product_shipping_class-p05","13":"pa_color-multicolor-2","14":"pa_color-bleu-2","15":"pa_material-cotton-100-fr","17":"first","18":"instock","19":"featured","20":"taxable","21":"shipping-taxable","22":"purchasable","23":"product-type-simple"},"exclude_global_add_ons":[],"addons":[],"acf":[],"yoast_head":"<!-- This site is optimized with the Yoast SEO plugin v26.4 - https:\/\/yoast.com\/wordpress\/plugins\/seo\/ -->\n<title>Mochi Pouf Bleu\/\u00a0Multicolor\u00e9 - H\u00fcbsch<\/title>\n<meta name=\"description\" content=\"D\u00e9couvrez le Mochi Pouf en bleu\/multicolore, le tout dernier ajout \u00e0 notre bien-aim\u00e9e s\u00e9rie Mochi. Fabriqu\u00e9 \u00e0 partir de mat\u00e9riau doux en coton, ce pouf\" \/>\n<meta name=\"robots\" content=\"index, follow, max-snippet:-1, max-image-preview:large, max-video-preview:-1\" \/>\n<link rel=\"canonical\" href=\"https:\/\/hubsch-interior.com\/fr\/wp-json\/wp\/v2\/product\/976532\" \/>\n<meta property=\"og:locale\" content=\"fr_FR\" \/>\n<meta property=\"og:type\" content=\"article\" \/>\n<meta property=\"og:title\" content=\"Mochi Pouf Bleu\/\u00a0Multicolor\u00e9 - H\u00fcbsch\" \/>\n<meta property=\"og:description\" content=\"D\u00e9couvrez le Mochi Pouf en bleu\/multicolore, le tout dernier ajout \u00e0 notre bien-aim\u00e9e s\u00e9rie Mochi. Fabriqu\u00e9 \u00e0 partir de mat\u00e9riau doux en coton, ce pouf\" \/>\n<meta property=\"og:url\" content=\"https:\/\/hubsch-interior.com\/fr\/produit\/mochi-pouf-bleu-multicolore\/\" \/>\n<meta property=\"og:site_name\" content=\"H\u00fcbsch\" \/>\n<meta property=\"article:modified_time\" content=\"2026-04-11T02:39:58+00:00\" \/>\n<meta property=\"og:image\" content=\"https:\/\/hubsch-interior.com\/wp-content\/uploads\/2024\/01\/mochi-pouffe-bluemulticolour-49b6dc609bab4923efe820d4bc67140f.jpg\" \/>\n\t<meta property=\"og:image:width\" content=\"1200\" \/>\n\t<meta property=\"og:image:height\" content=\"1200\" \/>\n\t<meta property=\"og:image:type\" content=\"image\/jpeg\" \/>\n<meta name=\"twitter:card\" content=\"summary_large_image\" \/>\n<script type=\"application\/ld+json\" class=\"yoast-schema-graph\">{\"@context\":\"https:\/\/schema.org\",\"@graph\":[{\"@type\":\"WebPage\",\"@id\":\"https:\/\/hubsch-interior.com\/fr\/produit\/mochi-pouf-bleu-multicolore\/\",\"url\":\"https:\/\/hubsch-interior.com\/fr\/produit\/mochi-pouf-bleu-multicolore\/\",\"name\":\"Mochi Pouf Bleu\/\u00a0Multicolor\u00e9 - H\u00fcbsch\",\"isPartOf\":{\"@id\":\"https:\/\/hubsch-interior.com\/fr\/#website\"},\"primaryImageOfPage\":{\"@id\":\"https:\/\/hubsch-interior.com\/fr\/produit\/mochi-pouf-bleu-multicolore\/#primaryimage\"},\"image\":{\"@id\":\"https:\/\/hubsch-interior.com\/fr\/produit\/mochi-pouf-bleu-multicolore\/#primaryimage\"},\"thumbnailUrl\":\"https:\/\/hubsch-interior.com\/wp-content\/uploads\/2026\/02\/mochi-pouffe-bluemulticolour-329a0ba77a1aa96ab573766d27bfc83f.jpg\",\"datePublished\":\"2024-01-29T08:18:42+00:00\",\"dateModified\":\"2026-04-11T02:39:58+00:00\",\"description\":\"D\u00e9couvrez le Mochi Pouf en bleu\/multicolore, le tout dernier ajout \u00e0 notre bien-aim\u00e9e s\u00e9rie Mochi. Fabriqu\u00e9 \u00e0 partir de mat\u00e9riau doux en coton, ce pouf\",\"breadcrumb\":{\"@id\":\"https:\/\/hubsch-interior.com\/fr\/produit\/mochi-pouf-bleu-multicolore\/#breadcrumb\"},\"inLanguage\":\"fr-FR\",\"potentialAction\":[{\"@type\":\"ReadAction\",\"target\":[\"https:\/\/hubsch-interior.com\/fr\/produit\/mochi-pouf-bleu-multicolore\/\"]}]},{\"@type\":\"ImageObject\",\"inLanguage\":\"fr-FR\",\"@id\":\"https:\/\/hubsch-interior.com\/fr\/produit\/mochi-pouf-bleu-multicolore\/#primaryimage\",\"url\":\"https:\/\/hubsch-interior.com\/wp-content\/uploads\/2026\/02\/mochi-pouffe-bluemulticolour-329a0ba77a1aa96ab573766d27bfc83f.jpg\",\"contentUrl\":\"https:\/\/hubsch-interior.com\/wp-content\/uploads\/2026\/02\/mochi-pouffe-bluemulticolour-329a0ba77a1aa96ab573766d27bfc83f.jpg\",\"width\":1024,\"height\":1024},{\"@type\":\"BreadcrumbList\",\"@id\":\"https:\/\/hubsch-interior.com\/fr\/produit\/mochi-pouf-bleu-multicolore\/#breadcrumb\",\"itemListElement\":[{\"@type\":\"ListItem\",\"position\":1,\"name\":\"Page d'accueil\",\"item\":\"https:\/\/hubsch-interior.com\/fr\/\"},{\"@type\":\"ListItem\",\"position\":2,\"name\":\"Produits\",\"item\":\"https:\/\/hubsch-interior.com\/fr\/shop-2\/\"},{\"@type\":\"ListItem\",\"position\":3,\"name\":\"Meubles\",\"item\":\"https:\/\/hubsch-interior.com\/fr\/categorie-produit\/meubles\/\"},{\"@type\":\"ListItem\",\"position\":4,\"name\":\"Assises\",\"item\":\"https:\/\/hubsch-interior.com\/fr\/categorie-produit\/meubles\/assises-fr\/\"},{\"@type\":\"ListItem\",\"position\":5,\"name\":\"Poufs\",\"item\":\"https:\/\/hubsch-interior.com\/fr\/categorie-produit\/meubles\/assises-fr\/poufs-fr\/\"},{\"@type\":\"ListItem\",\"position\":6,\"name\":\"Mochi Pouf Bleu\/\u00a0Multicolor\u00e9\"}]},{\"@type\":\"WebSite\",\"@id\":\"https:\/\/hubsch-interior.com\/fr\/#website\",\"url\":\"https:\/\/hubsch-interior.com\/fr\/\",\"name\":\"H\u00fcbsch\",\"description\":\"Danish Home Interior and Design\",\"publisher\":{\"@id\":\"https:\/\/hubsch-interior.com\/fr\/#organization\"},\"potentialAction\":[{\"@type\":\"SearchAction\",\"target\":{\"@type\":\"EntryPoint\",\"urlTemplate\":\"https:\/\/hubsch-interior.com\/fr\/?s={search_term_string}\"},\"query-input\":{\"@type\":\"PropertyValueSpecification\",\"valueRequired\":true,\"valueName\":\"search_term_string\"}}],\"inLanguage\":\"fr-FR\"},{\"@type\":\"Organization\",\"@id\":\"https:\/\/hubsch-interior.com\/fr\/#organization\",\"name\":\"H\u00fcbsch\",\"url\":\"https:\/\/hubsch-interior.com\/fr\/\",\"logo\":{\"@type\":\"ImageObject\",\"inLanguage\":\"fr-FR\",\"@id\":\"https:\/\/hubsch-interior.com\/fr\/#\/schema\/logo\/image\/\",\"url\":\"https:\/\/hubsch-interior.com\/wp-content\/uploads\/2022\/12\/Hubsch_logo_black_one_line.svg\",\"contentUrl\":\"https:\/\/hubsch-interior.com\/wp-content\/uploads\/2022\/12\/Hubsch_logo_black_one_line.svg\",\"caption\":\"H\u00fcbsch\"},\"image\":{\"@id\":\"https:\/\/hubsch-interior.com\/fr\/#\/schema\/logo\/image\/\"}}]}<\/script>\n<!-- \/ Yoast SEO plugin. -->","yoast_head_json":{"title":"Mochi Pouf Bleu\/\u00a0Multicolor\u00e9 - H\u00fcbsch","description":"D\u00e9couvrez le Mochi Pouf en bleu\/multicolore, le tout dernier ajout \u00e0 notre bien-aim\u00e9e s\u00e9rie Mochi. Fabriqu\u00e9 \u00e0 partir de mat\u00e9riau doux en coton, ce pouf","robots":{"index":"index","follow":"follow","max-snippet":"max-snippet:-1","max-image-preview":"max-image-preview:large","max-video-preview":"max-video-preview:-1"},"canonical":"https:\/\/hubsch-interior.com\/fr\/wp-json\/wp\/v2\/product\/976532","og_locale":"fr_FR","og_type":"article","og_title":"Mochi Pouf Bleu\/\u00a0Multicolor\u00e9 - H\u00fcbsch","og_description":"D\u00e9couvrez le Mochi Pouf en bleu\/multicolore, le tout dernier ajout \u00e0 notre bien-aim\u00e9e s\u00e9rie Mochi. Fabriqu\u00e9 \u00e0 partir de mat\u00e9riau doux en coton, ce pouf","og_url":"https:\/\/hubsch-interior.com\/fr\/produit\/mochi-pouf-bleu-multicolore\/","og_site_name":"H\u00fcbsch","article_modified_time":"2026-04-11T02:39:58+00:00","og_image":[{"width":1200,"height":1200,"url":"https:\/\/hubsch-interior.com\/wp-content\/uploads\/2024\/01\/mochi-pouffe-bluemulticolour-49b6dc609bab4923efe820d4bc67140f.jpg","type":"image\/jpeg"}],"twitter_card":"summary_large_image","schema":{"@context":"https:\/\/schema.org","@graph":[{"@type":"WebPage","@id":"https:\/\/hubsch-interior.com\/fr\/produit\/mochi-pouf-bleu-multicolore\/","url":"https:\/\/hubsch-interior.com\/fr\/produit\/mochi-pouf-bleu-multicolore\/","name":"Mochi Pouf Bleu\/\u00a0Multicolor\u00e9 - H\u00fcbsch","isPartOf":{"@id":"https:\/\/hubsch-interior.com\/fr\/#website"},"primaryImageOfPage":{"@id":"https:\/\/hubsch-interior.com\/fr\/produit\/mochi-pouf-bleu-multicolore\/#primaryimage"},"image":{"@id":"https:\/\/hubsch-interior.com\/fr\/produit\/mochi-pouf-bleu-multicolore\/#primaryimage"},"thumbnailUrl":"https:\/\/hubsch-interior.com\/wp-content\/uploads\/2026\/02\/mochi-pouffe-bluemulticolour-329a0ba77a1aa96ab573766d27bfc83f.jpg","datePublished":"2024-01-29T08:18:42+00:00","dateModified":"2026-04-11T02:39:58+00:00","description":"D\u00e9couvrez le Mochi Pouf en bleu\/multicolore, le tout dernier ajout \u00e0 notre bien-aim\u00e9e s\u00e9rie Mochi. Fabriqu\u00e9 \u00e0 partir de mat\u00e9riau doux en coton, ce pouf","breadcrumb":{"@id":"https:\/\/hubsch-interior.com\/fr\/produit\/mochi-pouf-bleu-multicolore\/#breadcrumb"},"inLanguage":"fr-FR","potentialAction":[{"@type":"ReadAction","target":["https:\/\/hubsch-interior.com\/fr\/produit\/mochi-pouf-bleu-multicolore\/"]}]},{"@type":"ImageObject","inLanguage":"fr-FR","@id":"https:\/\/hubsch-interior.com\/fr\/produit\/mochi-pouf-bleu-multicolore\/#primaryimage","url":"https:\/\/hubsch-interior.com\/wp-content\/uploads\/2026\/02\/mochi-pouffe-bluemulticolour-329a0ba77a1aa96ab573766d27bfc83f.jpg","contentUrl":"https:\/\/hubsch-interior.com\/wp-content\/uploads\/2026\/02\/mochi-pouffe-bluemulticolour-329a0ba77a1aa96ab573766d27bfc83f.jpg","width":1024,"height":1024},{"@type":"BreadcrumbList","@id":"https:\/\/hubsch-interior.com\/fr\/produit\/mochi-pouf-bleu-multicolore\/#breadcrumb","itemListElement":[{"@type":"ListItem","position":1,"name":"Page d'accueil","item":"https:\/\/hubsch-interior.com\/fr\/"},{"@type":"ListItem","position":2,"name":"Produits","item":"https:\/\/hubsch-interior.com\/fr\/shop-2\/"},{"@type":"ListItem","position":3,"name":"Meubles","item":"https:\/\/hubsch-interior.com\/fr\/categorie-produit\/meubles\/"},{"@type":"ListItem","position":4,"name":"Assises","item":"https:\/\/hubsch-interior.com\/fr\/categorie-produit\/meubles\/assises-fr\/"},{"@type":"ListItem","position":5,"name":"Poufs","item":"https:\/\/hubsch-interior.com\/fr\/categorie-produit\/meubles\/assises-fr\/poufs-fr\/"},{"@type":"ListItem","position":6,"name":"Mochi Pouf Bleu\/\u00a0Multicolor\u00e9"}]},{"@type":"WebSite","@id":"https:\/\/hubsch-interior.com\/fr\/#website","url":"https:\/\/hubsch-interior.com\/fr\/","name":"H\u00fcbsch","description":"Danish Home Interior and Design","publisher":{"@id":"https:\/\/hubsch-interior.com\/fr\/#organization"},"potentialAction":[{"@type":"SearchAction","target":{"@type":"EntryPoint","urlTemplate":"https:\/\/hubsch-interior.com\/fr\/?s={search_term_string}"},"query-input":{"@type":"PropertyValueSpecification","valueRequired":true,"valueName":"search_term_string"}}],"inLanguage":"fr-FR"},{"@type":"Organization","@id":"https:\/\/hubsch-interior.com\/fr\/#organization","name":"H\u00fcbsch","url":"https:\/\/hubsch-interior.com\/fr\/","logo":{"@type":"ImageObject","inLanguage":"fr-FR","@id":"https:\/\/hubsch-interior.com\/fr\/#\/schema\/logo\/image\/","url":"https:\/\/hubsch-interior.com\/wp-content\/uploads\/2022\/12\/Hubsch_logo_black_one_line.svg","contentUrl":"https:\/\/hubsch-interior.com\/wp-content\/uploads\/2022\/12\/Hubsch_logo_black_one_line.svg","caption":"H\u00fcbsch"},"image":{"@id":"https:\/\/hubsch-interior.com\/fr\/#\/schema\/logo\/image\/"}}]}},"_links":{"self":[{"href":"https:\/\/hubsch-interior.com\/fr\/wp-json\/wp\/v2\/product\/976532","targetHints":{"allow":["GET"]}}],"collection":[{"href":"https:\/\/hubsch-interior.com\/fr\/wp-json\/wp\/v2\/product"}],"about":[{"href":"https:\/\/hubsch-interior.com\/fr\/wp-json\/wp\/v2\/types\/product"}],"wp:featuredmedia":[{"embeddable":true,"href":"https:\/\/hubsch-interior.com\/fr\/wp-json\/wp\/v2\/media\/1100284"}],"wp:attachment":[{"href":"https:\/\/hubsch-interior.com\/fr\/wp-json\/wp\/v2\/media?parent=976532"}],"wp:term":[{"taxonomy":"product_brand","embeddable":true,"href":"https:\/\/hubsch-interior.com\/fr\/wp-json\/wp\/v2\/product_brand?post=976532"},{"taxonomy":"product_cat","embeddable":true,"href":"https:\/\/hubsch-interior.com\/fr\/wp-json\/wp\/v2\/product_cat?post=976532"},{"taxonomy":"product_tag","embeddable":true,"href":"https:\/\/hubsch-interior.com\/fr\/wp-json\/wp\/v2\/product_tag?post=976532"}],"curies":[{"name":"wp","href":"https:\/\/api.w.org\/{rel}","templated":true}]}}