{"id":976576,"date":"2024-01-29T09:19:08","date_gmt":"2024-01-29T08:19:08","guid":{"rendered":"https:\/\/hubsch-interior.com\/product\/product\/"},"modified":"2026-04-26T04:43:48","modified_gmt":"2026-04-26T02:43:48","slug":"atyourfeet-tapis-de-riviere-multicolore","status":"publish","type":"product","link":"https:\/\/hubsch-interior.com\/fr\/produit\/atyourfeet-tapis-de-riviere-multicolore\/","title":{"rendered":"AtYourFeet Tapis de rivi\u00e8re \u00a0Multicolor\u00e9"},"content":{"rendered":"<p>Fabriqu\u00e9 en coton doux certifi\u00e9 OEKO-TEX\u00ae STANDARD 100 et con\u00e7u avec soin, le Tapis de rivi\u00e8re AtYourFeet ajoutera une touche de chaleur et de style \u00e0 n&#8217;importe quelle entr\u00e9e ou cuisine. \u00c0 distance, la couleur unie du tapis peut sembler accueillante, mais en y regardant de plus pr\u00e8s, vous remarquerez le tissage complexe de diff\u00e9rentes couleurs attrayantes. Non seulement ce tapis est esth\u00e9tiquement splendide, mais il est \u00e9galement doux et r\u00e9sistant, en faisant le choix id\u00e9al pour vos besoins quotidiens. Faites sentir \u00e0 vos invit\u00e9s comme chez eux avec le Tapis de rivi\u00e8re AtYourFeet.<\/p>\n","protected":false},"excerpt":{"rendered":"<p>Fabriqu\u00e9 en coton doux certifi\u00e9 OEKO-TEX\u00ae STANDARD 100 et con\u00e7u avec soin, le Tapis de rivi\u00e8re AtYourFeet ajoutera une touche de chaleur et de style \u00e0 n&#8217;importe quelle entr\u00e9e ou cuisine. \u00c0 distance, la couleur unie du tapis peut sembler accueillante, mais en y regardant de plus pr\u00e8s, vous remarquerez le tissage complexe de diff\u00e9rentes [&hellip;]<\/p>\n","protected":false},"featured_media":1100328,"template":"","meta":{"_acf_changed":false,"inline_featured_image":false},"product_brand":[],"product_cat":[6882,3002,3324,5026,5030],"product_tag":[],"class_list":{"0":"post-976576","1":"product","2":"type-product","3":"status-publish","4":"has-post-thumbnail","6":"product_cat-elevating-nostalgia-fr","7":"product_cat-textile","8":"product_cat-tapis-fr","9":"product_cat-bestsellers-fr","10":"product_cat-de-nouveau-en-stock-fr","11":"product_shipping_class-pk","13":"pa_color-multicolor-2","14":"pa_material-cotton-100-fr","16":"first","17":"instock","18":"featured","19":"taxable","20":"shipping-taxable","21":"purchasable","22":"product-type-simple"},"exclude_global_add_ons":[],"addons":[],"acf":[],"yoast_head":"<!-- This site is optimized with the Yoast SEO plugin v26.4 - https:\/\/yoast.com\/wordpress\/plugins\/seo\/ -->\n<title>AtYourFeet Tapis de rivi\u00e8re \u00a0Multicolor\u00e9 - H\u00fcbsch<\/title>\n<meta name=\"description\" content=\"Fabriqu\u00e9 en coton doux certifi\u00e9 OEKO-TEX\u00ae STANDARD 100 et con\u00e7u avec soin, le Tapis de rivi\u00e8re AtYourFeet ajoutera une touche de chaleur et de style \u00e0\" \/>\n<meta name=\"robots\" content=\"index, follow, max-snippet:-1, max-image-preview:large, max-video-preview:-1\" \/>\n<link rel=\"canonical\" href=\"https:\/\/hubsch-interior.com\/fr\/wp-json\/wp\/v2\/product\/976576\" \/>\n<meta property=\"og:locale\" content=\"fr_FR\" \/>\n<meta property=\"og:type\" content=\"article\" \/>\n<meta property=\"og:title\" content=\"AtYourFeet Tapis de rivi\u00e8re \u00a0Multicolor\u00e9 - H\u00fcbsch\" \/>\n<meta property=\"og:description\" content=\"Fabriqu\u00e9 en coton doux certifi\u00e9 OEKO-TEX\u00ae STANDARD 100 et con\u00e7u avec soin, le Tapis de rivi\u00e8re AtYourFeet ajoutera une touche de chaleur et de style \u00e0\" \/>\n<meta property=\"og:url\" content=\"https:\/\/hubsch-interior.com\/fr\/produit\/atyourfeet-tapis-de-riviere-multicolore\/\" \/>\n<meta property=\"og:site_name\" content=\"H\u00fcbsch\" \/>\n<meta property=\"article:modified_time\" content=\"2026-04-26T02:43:48+00:00\" \/>\n<meta property=\"og:image\" content=\"https:\/\/hubsch-interior.com\/wp-content\/uploads\/2024\/04\/atyourfeet-runner-multicolour-bab0665aea32fda440b0c738c7c09d93.jpg\" \/>\n\t<meta property=\"og:image:width\" content=\"1200\" \/>\n\t<meta property=\"og:image:height\" content=\"1200\" \/>\n\t<meta property=\"og:image:type\" content=\"image\/jpeg\" \/>\n<meta name=\"twitter:card\" content=\"summary_large_image\" \/>\n<meta name=\"twitter:label1\" content=\"Dur\u00e9e de lecture estim\u00e9e\" \/>\n\t<meta name=\"twitter:data1\" content=\"1 minute\" \/>\n<script type=\"application\/ld+json\" class=\"yoast-schema-graph\">{\"@context\":\"https:\/\/schema.org\",\"@graph\":[{\"@type\":\"WebPage\",\"@id\":\"https:\/\/hubsch-interior.com\/fr\/produit\/atyourfeet-tapis-de-riviere-multicolore\/\",\"url\":\"https:\/\/hubsch-interior.com\/fr\/produit\/atyourfeet-tapis-de-riviere-multicolore\/\",\"name\":\"AtYourFeet Tapis de rivi\u00e8re \u00a0Multicolor\u00e9 - H\u00fcbsch\",\"isPartOf\":{\"@id\":\"https:\/\/hubsch-interior.com\/fr\/#website\"},\"primaryImageOfPage\":{\"@id\":\"https:\/\/hubsch-interior.com\/fr\/produit\/atyourfeet-tapis-de-riviere-multicolore\/#primaryimage\"},\"image\":{\"@id\":\"https:\/\/hubsch-interior.com\/fr\/produit\/atyourfeet-tapis-de-riviere-multicolore\/#primaryimage\"},\"thumbnailUrl\":\"https:\/\/hubsch-interior.com\/wp-content\/uploads\/2026\/02\/atyourfeet-runner-multicolour-c169937a07847985e8d8aa484f2d404e.jpg\",\"datePublished\":\"2024-01-29T08:19:08+00:00\",\"dateModified\":\"2026-04-26T02:43:48+00:00\",\"description\":\"Fabriqu\u00e9 en coton doux certifi\u00e9 OEKO-TEX\u00ae STANDARD 100 et con\u00e7u avec soin, le Tapis de rivi\u00e8re AtYourFeet ajoutera une touche de chaleur et de style \u00e0\",\"breadcrumb\":{\"@id\":\"https:\/\/hubsch-interior.com\/fr\/produit\/atyourfeet-tapis-de-riviere-multicolore\/#breadcrumb\"},\"inLanguage\":\"fr-FR\",\"potentialAction\":[{\"@type\":\"ReadAction\",\"target\":[\"https:\/\/hubsch-interior.com\/fr\/produit\/atyourfeet-tapis-de-riviere-multicolore\/\"]}]},{\"@type\":\"ImageObject\",\"inLanguage\":\"fr-FR\",\"@id\":\"https:\/\/hubsch-interior.com\/fr\/produit\/atyourfeet-tapis-de-riviere-multicolore\/#primaryimage\",\"url\":\"https:\/\/hubsch-interior.com\/wp-content\/uploads\/2026\/02\/atyourfeet-runner-multicolour-c169937a07847985e8d8aa484f2d404e.jpg\",\"contentUrl\":\"https:\/\/hubsch-interior.com\/wp-content\/uploads\/2026\/02\/atyourfeet-runner-multicolour-c169937a07847985e8d8aa484f2d404e.jpg\",\"width\":1024,\"height\":1024},{\"@type\":\"BreadcrumbList\",\"@id\":\"https:\/\/hubsch-interior.com\/fr\/produit\/atyourfeet-tapis-de-riviere-multicolore\/#breadcrumb\",\"itemListElement\":[{\"@type\":\"ListItem\",\"position\":1,\"name\":\"Page d'accueil\",\"item\":\"https:\/\/hubsch-interior.com\/fr\/\"},{\"@type\":\"ListItem\",\"position\":2,\"name\":\"Produits\",\"item\":\"https:\/\/hubsch-interior.com\/fr\/shop-2\/\"},{\"@type\":\"ListItem\",\"position\":3,\"name\":\"Textiles\",\"item\":\"https:\/\/hubsch-interior.com\/fr\/categorie-produit\/textile\/\"},{\"@type\":\"ListItem\",\"position\":4,\"name\":\"Tapis\",\"item\":\"https:\/\/hubsch-interior.com\/fr\/categorie-produit\/textile\/tapis-fr\/\"},{\"@type\":\"ListItem\",\"position\":5,\"name\":\"AtYourFeet Tapis de rivi\u00e8re \u00a0Multicolor\u00e9\"}]},{\"@type\":\"WebSite\",\"@id\":\"https:\/\/hubsch-interior.com\/fr\/#website\",\"url\":\"https:\/\/hubsch-interior.com\/fr\/\",\"name\":\"H\u00fcbsch\",\"description\":\"Danish Home Interior and Design\",\"publisher\":{\"@id\":\"https:\/\/hubsch-interior.com\/fr\/#organization\"},\"potentialAction\":[{\"@type\":\"SearchAction\",\"target\":{\"@type\":\"EntryPoint\",\"urlTemplate\":\"https:\/\/hubsch-interior.com\/fr\/?s={search_term_string}\"},\"query-input\":{\"@type\":\"PropertyValueSpecification\",\"valueRequired\":true,\"valueName\":\"search_term_string\"}}],\"inLanguage\":\"fr-FR\"},{\"@type\":\"Organization\",\"@id\":\"https:\/\/hubsch-interior.com\/fr\/#organization\",\"name\":\"H\u00fcbsch\",\"url\":\"https:\/\/hubsch-interior.com\/fr\/\",\"logo\":{\"@type\":\"ImageObject\",\"inLanguage\":\"fr-FR\",\"@id\":\"https:\/\/hubsch-interior.com\/fr\/#\/schema\/logo\/image\/\",\"url\":\"https:\/\/hubsch-interior.com\/wp-content\/uploads\/2022\/12\/Hubsch_logo_black_one_line.svg\",\"contentUrl\":\"https:\/\/hubsch-interior.com\/wp-content\/uploads\/2022\/12\/Hubsch_logo_black_one_line.svg\",\"caption\":\"H\u00fcbsch\"},\"image\":{\"@id\":\"https:\/\/hubsch-interior.com\/fr\/#\/schema\/logo\/image\/\"}}]}<\/script>\n<!-- \/ Yoast SEO plugin. -->","yoast_head_json":{"title":"AtYourFeet Tapis de rivi\u00e8re \u00a0Multicolor\u00e9 - H\u00fcbsch","description":"Fabriqu\u00e9 en coton doux certifi\u00e9 OEKO-TEX\u00ae STANDARD 100 et con\u00e7u avec soin, le Tapis de rivi\u00e8re AtYourFeet ajoutera une touche de chaleur et de style \u00e0","robots":{"index":"index","follow":"follow","max-snippet":"max-snippet:-1","max-image-preview":"max-image-preview:large","max-video-preview":"max-video-preview:-1"},"canonical":"https:\/\/hubsch-interior.com\/fr\/wp-json\/wp\/v2\/product\/976576","og_locale":"fr_FR","og_type":"article","og_title":"AtYourFeet Tapis de rivi\u00e8re \u00a0Multicolor\u00e9 - H\u00fcbsch","og_description":"Fabriqu\u00e9 en coton doux certifi\u00e9 OEKO-TEX\u00ae STANDARD 100 et con\u00e7u avec soin, le Tapis de rivi\u00e8re AtYourFeet ajoutera une touche de chaleur et de style \u00e0","og_url":"https:\/\/hubsch-interior.com\/fr\/produit\/atyourfeet-tapis-de-riviere-multicolore\/","og_site_name":"H\u00fcbsch","article_modified_time":"2026-04-26T02:43:48+00:00","og_image":[{"width":1200,"height":1200,"url":"https:\/\/hubsch-interior.com\/wp-content\/uploads\/2024\/04\/atyourfeet-runner-multicolour-bab0665aea32fda440b0c738c7c09d93.jpg","type":"image\/jpeg"}],"twitter_card":"summary_large_image","twitter_misc":{"Dur\u00e9e de lecture estim\u00e9e":"1 minute"},"schema":{"@context":"https:\/\/schema.org","@graph":[{"@type":"WebPage","@id":"https:\/\/hubsch-interior.com\/fr\/produit\/atyourfeet-tapis-de-riviere-multicolore\/","url":"https:\/\/hubsch-interior.com\/fr\/produit\/atyourfeet-tapis-de-riviere-multicolore\/","name":"AtYourFeet Tapis de rivi\u00e8re \u00a0Multicolor\u00e9 - H\u00fcbsch","isPartOf":{"@id":"https:\/\/hubsch-interior.com\/fr\/#website"},"primaryImageOfPage":{"@id":"https:\/\/hubsch-interior.com\/fr\/produit\/atyourfeet-tapis-de-riviere-multicolore\/#primaryimage"},"image":{"@id":"https:\/\/hubsch-interior.com\/fr\/produit\/atyourfeet-tapis-de-riviere-multicolore\/#primaryimage"},"thumbnailUrl":"https:\/\/hubsch-interior.com\/wp-content\/uploads\/2026\/02\/atyourfeet-runner-multicolour-c169937a07847985e8d8aa484f2d404e.jpg","datePublished":"2024-01-29T08:19:08+00:00","dateModified":"2026-04-26T02:43:48+00:00","description":"Fabriqu\u00e9 en coton doux certifi\u00e9 OEKO-TEX\u00ae STANDARD 100 et con\u00e7u avec soin, le Tapis de rivi\u00e8re AtYourFeet ajoutera une touche de chaleur et de style \u00e0","breadcrumb":{"@id":"https:\/\/hubsch-interior.com\/fr\/produit\/atyourfeet-tapis-de-riviere-multicolore\/#breadcrumb"},"inLanguage":"fr-FR","potentialAction":[{"@type":"ReadAction","target":["https:\/\/hubsch-interior.com\/fr\/produit\/atyourfeet-tapis-de-riviere-multicolore\/"]}]},{"@type":"ImageObject","inLanguage":"fr-FR","@id":"https:\/\/hubsch-interior.com\/fr\/produit\/atyourfeet-tapis-de-riviere-multicolore\/#primaryimage","url":"https:\/\/hubsch-interior.com\/wp-content\/uploads\/2026\/02\/atyourfeet-runner-multicolour-c169937a07847985e8d8aa484f2d404e.jpg","contentUrl":"https:\/\/hubsch-interior.com\/wp-content\/uploads\/2026\/02\/atyourfeet-runner-multicolour-c169937a07847985e8d8aa484f2d404e.jpg","width":1024,"height":1024},{"@type":"BreadcrumbList","@id":"https:\/\/hubsch-interior.com\/fr\/produit\/atyourfeet-tapis-de-riviere-multicolore\/#breadcrumb","itemListElement":[{"@type":"ListItem","position":1,"name":"Page d'accueil","item":"https:\/\/hubsch-interior.com\/fr\/"},{"@type":"ListItem","position":2,"name":"Produits","item":"https:\/\/hubsch-interior.com\/fr\/shop-2\/"},{"@type":"ListItem","position":3,"name":"Textiles","item":"https:\/\/hubsch-interior.com\/fr\/categorie-produit\/textile\/"},{"@type":"ListItem","position":4,"name":"Tapis","item":"https:\/\/hubsch-interior.com\/fr\/categorie-produit\/textile\/tapis-fr\/"},{"@type":"ListItem","position":5,"name":"AtYourFeet Tapis de rivi\u00e8re \u00a0Multicolor\u00e9"}]},{"@type":"WebSite","@id":"https:\/\/hubsch-interior.com\/fr\/#website","url":"https:\/\/hubsch-interior.com\/fr\/","name":"H\u00fcbsch","description":"Danish Home Interior and Design","publisher":{"@id":"https:\/\/hubsch-interior.com\/fr\/#organization"},"potentialAction":[{"@type":"SearchAction","target":{"@type":"EntryPoint","urlTemplate":"https:\/\/hubsch-interior.com\/fr\/?s={search_term_string}"},"query-input":{"@type":"PropertyValueSpecification","valueRequired":true,"valueName":"search_term_string"}}],"inLanguage":"fr-FR"},{"@type":"Organization","@id":"https:\/\/hubsch-interior.com\/fr\/#organization","name":"H\u00fcbsch","url":"https:\/\/hubsch-interior.com\/fr\/","logo":{"@type":"ImageObject","inLanguage":"fr-FR","@id":"https:\/\/hubsch-interior.com\/fr\/#\/schema\/logo\/image\/","url":"https:\/\/hubsch-interior.com\/wp-content\/uploads\/2022\/12\/Hubsch_logo_black_one_line.svg","contentUrl":"https:\/\/hubsch-interior.com\/wp-content\/uploads\/2022\/12\/Hubsch_logo_black_one_line.svg","caption":"H\u00fcbsch"},"image":{"@id":"https:\/\/hubsch-interior.com\/fr\/#\/schema\/logo\/image\/"}}]}},"_links":{"self":[{"href":"https:\/\/hubsch-interior.com\/fr\/wp-json\/wp\/v2\/product\/976576","targetHints":{"allow":["GET"]}}],"collection":[{"href":"https:\/\/hubsch-interior.com\/fr\/wp-json\/wp\/v2\/product"}],"about":[{"href":"https:\/\/hubsch-interior.com\/fr\/wp-json\/wp\/v2\/types\/product"}],"wp:featuredmedia":[{"embeddable":true,"href":"https:\/\/hubsch-interior.com\/fr\/wp-json\/wp\/v2\/media\/1100328"}],"wp:attachment":[{"href":"https:\/\/hubsch-interior.com\/fr\/wp-json\/wp\/v2\/media?parent=976576"}],"wp:term":[{"taxonomy":"product_brand","embeddable":true,"href":"https:\/\/hubsch-interior.com\/fr\/wp-json\/wp\/v2\/product_brand?post=976576"},{"taxonomy":"product_cat","embeddable":true,"href":"https:\/\/hubsch-interior.com\/fr\/wp-json\/wp\/v2\/product_cat?post=976576"},{"taxonomy":"product_tag","embeddable":true,"href":"https:\/\/hubsch-interior.com\/fr\/wp-json\/wp\/v2\/product_tag?post=976576"}],"curies":[{"name":"wp","href":"https:\/\/api.w.org\/{rel}","templated":true}]}}