{"id":976600,"date":"2024-01-29T09:19:28","date_gmt":"2024-01-29T08:19:28","guid":{"rendered":"https:\/\/hubsch-interior.com\/product\/product\/"},"modified":"2026-04-05T04:42:32","modified_gmt":"2026-04-05T02:42:32","slug":"alba-tapis-de-riviere-sable","status":"publish","type":"product","link":"https:\/\/hubsch-interior.com\/fr\/produit\/alba-tapis-de-riviere-sable\/","title":{"rendered":"Alba Tapis de rivi\u00e8re Sable"},"content":{"rendered":"<p>Le Tapis de rivi\u00e8re Alba est l&#8217;ajout parfait pour votre entr\u00e9e ou votre cuisine. Fabriqu\u00e9e en coton certifi\u00e9 OEKO-TEX\u00ae STANDARD 100, cette pi\u00e8ce polyvalente est \u00e0 la fois l\u00e9g\u00e8re et sophistiqu\u00e9e. La magnifique couleur sable clair, combin\u00e9e \u00e0 de petites touches de couleurs multiples, apporte une touche de chaleur \u00e0 n&#8217;importe quel espace. Sa teinte neutre en fait un \u00e9l\u00e9ment facile \u00e0 assortir avec n&#8217;importe quel d\u00e9cor, tandis que sa texture confortable et accueillante en fait un indispensable pour cr\u00e9er une atmosph\u00e8re chaleureuse. Mettez \u00e0 jour votre maison avec le Tapis de rivi\u00e8re Alba aujourd&#8217;hui.<\/p>\n","protected":false},"excerpt":{"rendered":"<p>Le Tapis de rivi\u00e8re Alba est l&#8217;ajout parfait pour votre entr\u00e9e ou votre cuisine. Fabriqu\u00e9e en coton certifi\u00e9 OEKO-TEX\u00ae STANDARD 100, cette pi\u00e8ce polyvalente est \u00e0 la fois l\u00e9g\u00e8re et sophistiqu\u00e9e. La magnifique couleur sable clair, combin\u00e9e \u00e0 de petites touches de couleurs multiples, apporte une touche de chaleur \u00e0 n&#8217;importe quel espace. Sa teinte [&hellip;]<\/p>\n","protected":false},"featured_media":1100352,"template":"","meta":{"_acf_changed":false,"inline_featured_image":false},"product_brand":[],"product_cat":[6882,3324,3002],"product_tag":[],"class_list":{"0":"post-976600","1":"product","2":"type-product","3":"status-publish","4":"has-post-thumbnail","6":"product_cat-elevating-nostalgia-fr","7":"product_cat-tapis-fr","8":"product_cat-textile","9":"product_shipping_class-pk","11":"pa_color-sable","12":"pa_material-cotton-100-fr","14":"first","15":"instock","16":"taxable","17":"shipping-taxable","18":"purchasable","19":"product-type-simple"},"exclude_global_add_ons":[],"addons":[],"acf":[],"yoast_head":"<!-- This site is optimized with the Yoast SEO plugin v26.4 - https:\/\/yoast.com\/wordpress\/plugins\/seo\/ -->\n<title>Alba Tapis de rivi\u00e8re Sable - H\u00fcbsch<\/title>\n<meta name=\"description\" content=\"Le Tapis de rivi\u00e8re Alba est l&#039;ajout parfait pour votre entr\u00e9e ou votre cuisine. Fabriqu\u00e9e en coton certifi\u00e9 OEKO-TEX\u00ae STANDARD 100, cette pi\u00e8ce\" \/>\n<meta name=\"robots\" content=\"index, follow, max-snippet:-1, max-image-preview:large, max-video-preview:-1\" \/>\n<link rel=\"canonical\" href=\"https:\/\/hubsch-interior.com\/fr\/wp-json\/wp\/v2\/product\/976600\" \/>\n<meta property=\"og:locale\" content=\"fr_FR\" \/>\n<meta property=\"og:type\" content=\"article\" \/>\n<meta property=\"og:title\" content=\"Alba Tapis de rivi\u00e8re Sable - H\u00fcbsch\" \/>\n<meta property=\"og:description\" content=\"Le Tapis de rivi\u00e8re Alba est l&#039;ajout parfait pour votre entr\u00e9e ou votre cuisine. Fabriqu\u00e9e en coton certifi\u00e9 OEKO-TEX\u00ae STANDARD 100, cette pi\u00e8ce\" \/>\n<meta property=\"og:url\" content=\"https:\/\/hubsch-interior.com\/fr\/produit\/alba-tapis-de-riviere-sable\/\" \/>\n<meta property=\"og:site_name\" content=\"H\u00fcbsch\" \/>\n<meta property=\"article:modified_time\" content=\"2026-04-05T02:42:32+00:00\" \/>\n<meta property=\"og:image\" content=\"https:\/\/hubsch-interior.com\/wp-content\/uploads\/2024\/01\/alba-runner-sand-5507e835fd5fb767ef1ba2996768dda9.jpg\" \/>\n\t<meta property=\"og:image:width\" content=\"1200\" \/>\n\t<meta property=\"og:image:height\" content=\"1200\" \/>\n\t<meta property=\"og:image:type\" content=\"image\/jpeg\" \/>\n<meta name=\"twitter:card\" content=\"summary_large_image\" \/>\n<meta name=\"twitter:label1\" content=\"Dur\u00e9e de lecture estim\u00e9e\" \/>\n\t<meta name=\"twitter:data1\" content=\"1 minute\" \/>\n<script type=\"application\/ld+json\" class=\"yoast-schema-graph\">{\"@context\":\"https:\/\/schema.org\",\"@graph\":[{\"@type\":\"WebPage\",\"@id\":\"https:\/\/hubsch-interior.com\/fr\/produit\/alba-tapis-de-riviere-sable\/\",\"url\":\"https:\/\/hubsch-interior.com\/fr\/produit\/alba-tapis-de-riviere-sable\/\",\"name\":\"Alba Tapis de rivi\u00e8re Sable - H\u00fcbsch\",\"isPartOf\":{\"@id\":\"https:\/\/hubsch-interior.com\/fr\/#website\"},\"primaryImageOfPage\":{\"@id\":\"https:\/\/hubsch-interior.com\/fr\/produit\/alba-tapis-de-riviere-sable\/#primaryimage\"},\"image\":{\"@id\":\"https:\/\/hubsch-interior.com\/fr\/produit\/alba-tapis-de-riviere-sable\/#primaryimage\"},\"thumbnailUrl\":\"https:\/\/hubsch-interior.com\/wp-content\/uploads\/2026\/02\/alba-runner-sand-e93edb385bfa3c6d553d88ea1b57e061.jpg\",\"datePublished\":\"2024-01-29T08:19:28+00:00\",\"dateModified\":\"2026-04-05T02:42:32+00:00\",\"description\":\"Le Tapis de rivi\u00e8re Alba est l'ajout parfait pour votre entr\u00e9e ou votre cuisine. Fabriqu\u00e9e en coton certifi\u00e9 OEKO-TEX\u00ae STANDARD 100, cette pi\u00e8ce\",\"breadcrumb\":{\"@id\":\"https:\/\/hubsch-interior.com\/fr\/produit\/alba-tapis-de-riviere-sable\/#breadcrumb\"},\"inLanguage\":\"fr-FR\",\"potentialAction\":[{\"@type\":\"ReadAction\",\"target\":[\"https:\/\/hubsch-interior.com\/fr\/produit\/alba-tapis-de-riviere-sable\/\"]}]},{\"@type\":\"ImageObject\",\"inLanguage\":\"fr-FR\",\"@id\":\"https:\/\/hubsch-interior.com\/fr\/produit\/alba-tapis-de-riviere-sable\/#primaryimage\",\"url\":\"https:\/\/hubsch-interior.com\/wp-content\/uploads\/2026\/02\/alba-runner-sand-e93edb385bfa3c6d553d88ea1b57e061.jpg\",\"contentUrl\":\"https:\/\/hubsch-interior.com\/wp-content\/uploads\/2026\/02\/alba-runner-sand-e93edb385bfa3c6d553d88ea1b57e061.jpg\",\"width\":1024,\"height\":1024},{\"@type\":\"BreadcrumbList\",\"@id\":\"https:\/\/hubsch-interior.com\/fr\/produit\/alba-tapis-de-riviere-sable\/#breadcrumb\",\"itemListElement\":[{\"@type\":\"ListItem\",\"position\":1,\"name\":\"Page d'accueil\",\"item\":\"https:\/\/hubsch-interior.com\/fr\/\"},{\"@type\":\"ListItem\",\"position\":2,\"name\":\"Produits\",\"item\":\"https:\/\/hubsch-interior.com\/fr\/shop-2\/\"},{\"@type\":\"ListItem\",\"position\":3,\"name\":\"Textiles\",\"item\":\"https:\/\/hubsch-interior.com\/fr\/categorie-produit\/textile\/\"},{\"@type\":\"ListItem\",\"position\":4,\"name\":\"Tapis\",\"item\":\"https:\/\/hubsch-interior.com\/fr\/categorie-produit\/textile\/tapis-fr\/\"},{\"@type\":\"ListItem\",\"position\":5,\"name\":\"Alba Tapis de rivi\u00e8re Sable\"}]},{\"@type\":\"WebSite\",\"@id\":\"https:\/\/hubsch-interior.com\/fr\/#website\",\"url\":\"https:\/\/hubsch-interior.com\/fr\/\",\"name\":\"H\u00fcbsch\",\"description\":\"Danish Home Interior and Design\",\"publisher\":{\"@id\":\"https:\/\/hubsch-interior.com\/fr\/#organization\"},\"potentialAction\":[{\"@type\":\"SearchAction\",\"target\":{\"@type\":\"EntryPoint\",\"urlTemplate\":\"https:\/\/hubsch-interior.com\/fr\/?s={search_term_string}\"},\"query-input\":{\"@type\":\"PropertyValueSpecification\",\"valueRequired\":true,\"valueName\":\"search_term_string\"}}],\"inLanguage\":\"fr-FR\"},{\"@type\":\"Organization\",\"@id\":\"https:\/\/hubsch-interior.com\/fr\/#organization\",\"name\":\"H\u00fcbsch\",\"url\":\"https:\/\/hubsch-interior.com\/fr\/\",\"logo\":{\"@type\":\"ImageObject\",\"inLanguage\":\"fr-FR\",\"@id\":\"https:\/\/hubsch-interior.com\/fr\/#\/schema\/logo\/image\/\",\"url\":\"https:\/\/hubsch-interior.com\/wp-content\/uploads\/2022\/12\/Hubsch_logo_black_one_line.svg\",\"contentUrl\":\"https:\/\/hubsch-interior.com\/wp-content\/uploads\/2022\/12\/Hubsch_logo_black_one_line.svg\",\"caption\":\"H\u00fcbsch\"},\"image\":{\"@id\":\"https:\/\/hubsch-interior.com\/fr\/#\/schema\/logo\/image\/\"}}]}<\/script>\n<!-- \/ Yoast SEO plugin. -->","yoast_head_json":{"title":"Alba Tapis de rivi\u00e8re Sable - H\u00fcbsch","description":"Le Tapis de rivi\u00e8re Alba est l'ajout parfait pour votre entr\u00e9e ou votre cuisine. Fabriqu\u00e9e en coton certifi\u00e9 OEKO-TEX\u00ae STANDARD 100, cette pi\u00e8ce","robots":{"index":"index","follow":"follow","max-snippet":"max-snippet:-1","max-image-preview":"max-image-preview:large","max-video-preview":"max-video-preview:-1"},"canonical":"https:\/\/hubsch-interior.com\/fr\/wp-json\/wp\/v2\/product\/976600","og_locale":"fr_FR","og_type":"article","og_title":"Alba Tapis de rivi\u00e8re Sable - H\u00fcbsch","og_description":"Le Tapis de rivi\u00e8re Alba est l'ajout parfait pour votre entr\u00e9e ou votre cuisine. Fabriqu\u00e9e en coton certifi\u00e9 OEKO-TEX\u00ae STANDARD 100, cette pi\u00e8ce","og_url":"https:\/\/hubsch-interior.com\/fr\/produit\/alba-tapis-de-riviere-sable\/","og_site_name":"H\u00fcbsch","article_modified_time":"2026-04-05T02:42:32+00:00","og_image":[{"width":1200,"height":1200,"url":"https:\/\/hubsch-interior.com\/wp-content\/uploads\/2024\/01\/alba-runner-sand-5507e835fd5fb767ef1ba2996768dda9.jpg","type":"image\/jpeg"}],"twitter_card":"summary_large_image","twitter_misc":{"Dur\u00e9e de lecture estim\u00e9e":"1 minute"},"schema":{"@context":"https:\/\/schema.org","@graph":[{"@type":"WebPage","@id":"https:\/\/hubsch-interior.com\/fr\/produit\/alba-tapis-de-riviere-sable\/","url":"https:\/\/hubsch-interior.com\/fr\/produit\/alba-tapis-de-riviere-sable\/","name":"Alba Tapis de rivi\u00e8re Sable - H\u00fcbsch","isPartOf":{"@id":"https:\/\/hubsch-interior.com\/fr\/#website"},"primaryImageOfPage":{"@id":"https:\/\/hubsch-interior.com\/fr\/produit\/alba-tapis-de-riviere-sable\/#primaryimage"},"image":{"@id":"https:\/\/hubsch-interior.com\/fr\/produit\/alba-tapis-de-riviere-sable\/#primaryimage"},"thumbnailUrl":"https:\/\/hubsch-interior.com\/wp-content\/uploads\/2026\/02\/alba-runner-sand-e93edb385bfa3c6d553d88ea1b57e061.jpg","datePublished":"2024-01-29T08:19:28+00:00","dateModified":"2026-04-05T02:42:32+00:00","description":"Le Tapis de rivi\u00e8re Alba est l'ajout parfait pour votre entr\u00e9e ou votre cuisine. Fabriqu\u00e9e en coton certifi\u00e9 OEKO-TEX\u00ae STANDARD 100, cette pi\u00e8ce","breadcrumb":{"@id":"https:\/\/hubsch-interior.com\/fr\/produit\/alba-tapis-de-riviere-sable\/#breadcrumb"},"inLanguage":"fr-FR","potentialAction":[{"@type":"ReadAction","target":["https:\/\/hubsch-interior.com\/fr\/produit\/alba-tapis-de-riviere-sable\/"]}]},{"@type":"ImageObject","inLanguage":"fr-FR","@id":"https:\/\/hubsch-interior.com\/fr\/produit\/alba-tapis-de-riviere-sable\/#primaryimage","url":"https:\/\/hubsch-interior.com\/wp-content\/uploads\/2026\/02\/alba-runner-sand-e93edb385bfa3c6d553d88ea1b57e061.jpg","contentUrl":"https:\/\/hubsch-interior.com\/wp-content\/uploads\/2026\/02\/alba-runner-sand-e93edb385bfa3c6d553d88ea1b57e061.jpg","width":1024,"height":1024},{"@type":"BreadcrumbList","@id":"https:\/\/hubsch-interior.com\/fr\/produit\/alba-tapis-de-riviere-sable\/#breadcrumb","itemListElement":[{"@type":"ListItem","position":1,"name":"Page d'accueil","item":"https:\/\/hubsch-interior.com\/fr\/"},{"@type":"ListItem","position":2,"name":"Produits","item":"https:\/\/hubsch-interior.com\/fr\/shop-2\/"},{"@type":"ListItem","position":3,"name":"Textiles","item":"https:\/\/hubsch-interior.com\/fr\/categorie-produit\/textile\/"},{"@type":"ListItem","position":4,"name":"Tapis","item":"https:\/\/hubsch-interior.com\/fr\/categorie-produit\/textile\/tapis-fr\/"},{"@type":"ListItem","position":5,"name":"Alba Tapis de rivi\u00e8re Sable"}]},{"@type":"WebSite","@id":"https:\/\/hubsch-interior.com\/fr\/#website","url":"https:\/\/hubsch-interior.com\/fr\/","name":"H\u00fcbsch","description":"Danish Home Interior and Design","publisher":{"@id":"https:\/\/hubsch-interior.com\/fr\/#organization"},"potentialAction":[{"@type":"SearchAction","target":{"@type":"EntryPoint","urlTemplate":"https:\/\/hubsch-interior.com\/fr\/?s={search_term_string}"},"query-input":{"@type":"PropertyValueSpecification","valueRequired":true,"valueName":"search_term_string"}}],"inLanguage":"fr-FR"},{"@type":"Organization","@id":"https:\/\/hubsch-interior.com\/fr\/#organization","name":"H\u00fcbsch","url":"https:\/\/hubsch-interior.com\/fr\/","logo":{"@type":"ImageObject","inLanguage":"fr-FR","@id":"https:\/\/hubsch-interior.com\/fr\/#\/schema\/logo\/image\/","url":"https:\/\/hubsch-interior.com\/wp-content\/uploads\/2022\/12\/Hubsch_logo_black_one_line.svg","contentUrl":"https:\/\/hubsch-interior.com\/wp-content\/uploads\/2022\/12\/Hubsch_logo_black_one_line.svg","caption":"H\u00fcbsch"},"image":{"@id":"https:\/\/hubsch-interior.com\/fr\/#\/schema\/logo\/image\/"}}]}},"_links":{"self":[{"href":"https:\/\/hubsch-interior.com\/fr\/wp-json\/wp\/v2\/product\/976600","targetHints":{"allow":["GET"]}}],"collection":[{"href":"https:\/\/hubsch-interior.com\/fr\/wp-json\/wp\/v2\/product"}],"about":[{"href":"https:\/\/hubsch-interior.com\/fr\/wp-json\/wp\/v2\/types\/product"}],"wp:featuredmedia":[{"embeddable":true,"href":"https:\/\/hubsch-interior.com\/fr\/wp-json\/wp\/v2\/media\/1100352"}],"wp:attachment":[{"href":"https:\/\/hubsch-interior.com\/fr\/wp-json\/wp\/v2\/media?parent=976600"}],"wp:term":[{"taxonomy":"product_brand","embeddable":true,"href":"https:\/\/hubsch-interior.com\/fr\/wp-json\/wp\/v2\/product_brand?post=976600"},{"taxonomy":"product_cat","embeddable":true,"href":"https:\/\/hubsch-interior.com\/fr\/wp-json\/wp\/v2\/product_cat?post=976600"},{"taxonomy":"product_tag","embeddable":true,"href":"https:\/\/hubsch-interior.com\/fr\/wp-json\/wp\/v2\/product_tag?post=976600"}],"curies":[{"name":"wp","href":"https:\/\/api.w.org\/{rel}","templated":true}]}}