{"id":976700,"date":"2024-01-29T09:20:00","date_gmt":"2024-01-29T08:20:00","guid":{"rendered":"https:\/\/hubsch-interior.com\/product\/product\/"},"modified":"2026-04-14T04:42:26","modified_gmt":"2026-04-14T02:42:26","slug":"floy-coussin-sable-jaune","status":"publish","type":"product","link":"https:\/\/hubsch-interior.com\/fr\/produit\/floy-coussin-sable-jaune\/","title":{"rendered":"Floy Coussin Sable\/Jaune"},"content":{"rendered":"<p>Le coussin Floy est un \u00e9l\u00e9gant coussin de base subtile de couleur gris clair, parfaitement compl\u00e9t\u00e9 par une touche de jaune vif. Il est disponible en deux variantes, et celui-ci en particulier pr\u00e9sente un magnifique tissu couleur sable. Non seulement il est esth\u00e9tiquement agr\u00e9able, mais il est \u00e9galement certifi\u00e9 OEKO-TEX\u00ae STANDARD 100 et fabriqu\u00e9 avec des mat\u00e9riaux de haute qualit\u00e9 tels que le coton et le polyester. Son design l\u00e9ger et durable, ainsi que les d\u00e9tails matelass\u00e9s cr\u00e9ant un motif int\u00e9gral, en font un ajout minimaliste et polyvalent \u00e0 n&#8217;importe quelle pi\u00e8ce.<\/p>\n","protected":false},"excerpt":{"rendered":"<p>Le coussin Floy est un \u00e9l\u00e9gant coussin de base subtile de couleur gris clair, parfaitement compl\u00e9t\u00e9 par une touche de jaune vif. Il est disponible en deux variantes, et celui-ci en particulier pr\u00e9sente un magnifique tissu couleur sable. Non seulement il est esth\u00e9tiquement agr\u00e9able, mais il est \u00e9galement certifi\u00e9 OEKO-TEX\u00ae STANDARD 100 et fabriqu\u00e9 avec [&hellip;]<\/p>\n","protected":false},"featured_media":1100392,"template":"","meta":{"_acf_changed":false,"inline_featured_image":false},"product_brand":[],"product_cat":[6882,6348,3002,3003],"product_tag":[],"class_list":{"0":"post-976700","1":"product","2":"type-product","3":"status-publish","4":"has-post-thumbnail","6":"product_cat-elevating-nostalgia-fr","7":"product_cat-garden-selection-fr","8":"product_cat-textile","9":"product_cat-coussins-fr","10":"product_shipping_class-pk","12":"pa_color-jaune","13":"pa_color-sable","14":"pa_material-cotton-90-fr","15":"pa_material-polyester-10-fr","17":"first","18":"instock","19":"taxable","20":"shipping-taxable","21":"purchasable","22":"product-type-simple"},"exclude_global_add_ons":[],"addons":[],"acf":[],"yoast_head":"<!-- This site is optimized with the Yoast SEO plugin v26.4 - https:\/\/yoast.com\/wordpress\/plugins\/seo\/ -->\n<title>Floy Coussin Sable\/Jaune - H\u00fcbsch<\/title>\n<meta name=\"description\" content=\"Le coussin Floy est un \u00e9l\u00e9gant coussin de base subtile de couleur gris clair, parfaitement compl\u00e9t\u00e9 par une touche de jaune vif. Il est disponible en deux\" \/>\n<meta name=\"robots\" content=\"index, follow, max-snippet:-1, max-image-preview:large, max-video-preview:-1\" \/>\n<link rel=\"canonical\" href=\"https:\/\/hubsch-interior.com\/fr\/wp-json\/wp\/v2\/product\/976700\" \/>\n<meta property=\"og:locale\" content=\"fr_FR\" \/>\n<meta property=\"og:type\" content=\"article\" \/>\n<meta property=\"og:title\" content=\"Floy Coussin Sable\/Jaune - H\u00fcbsch\" \/>\n<meta property=\"og:description\" content=\"Le coussin Floy est un \u00e9l\u00e9gant coussin de base subtile de couleur gris clair, parfaitement compl\u00e9t\u00e9 par une touche de jaune vif. Il est disponible en deux\" \/>\n<meta property=\"og:url\" content=\"https:\/\/hubsch-interior.com\/fr\/produit\/floy-coussin-sable-jaune\/\" \/>\n<meta property=\"og:site_name\" content=\"H\u00fcbsch\" \/>\n<meta property=\"article:modified_time\" content=\"2026-04-14T02:42:26+00:00\" \/>\n<meta property=\"og:image\" content=\"https:\/\/hubsch-interior.com\/wp-content\/uploads\/2024\/02\/floy-cushion-sandyellow-f8c215d1713a7c329f3c51bc5829e887.jpg\" \/>\n\t<meta property=\"og:image:width\" content=\"1200\" \/>\n\t<meta property=\"og:image:height\" content=\"1200\" \/>\n\t<meta property=\"og:image:type\" content=\"image\/jpeg\" \/>\n<meta name=\"twitter:card\" content=\"summary_large_image\" \/>\n<meta name=\"twitter:label1\" content=\"Dur\u00e9e de lecture estim\u00e9e\" \/>\n\t<meta name=\"twitter:data1\" content=\"1 minute\" \/>\n<script type=\"application\/ld+json\" class=\"yoast-schema-graph\">{\"@context\":\"https:\/\/schema.org\",\"@graph\":[{\"@type\":\"WebPage\",\"@id\":\"https:\/\/hubsch-interior.com\/fr\/produit\/floy-coussin-sable-jaune\/\",\"url\":\"https:\/\/hubsch-interior.com\/fr\/produit\/floy-coussin-sable-jaune\/\",\"name\":\"Floy Coussin Sable\/Jaune - H\u00fcbsch\",\"isPartOf\":{\"@id\":\"https:\/\/hubsch-interior.com\/fr\/#website\"},\"primaryImageOfPage\":{\"@id\":\"https:\/\/hubsch-interior.com\/fr\/produit\/floy-coussin-sable-jaune\/#primaryimage\"},\"image\":{\"@id\":\"https:\/\/hubsch-interior.com\/fr\/produit\/floy-coussin-sable-jaune\/#primaryimage\"},\"thumbnailUrl\":\"https:\/\/hubsch-interior.com\/wp-content\/uploads\/2026\/02\/floy-cushion-sandyellow-dd1b62d36315a061370815c2b0f1166a.jpg\",\"datePublished\":\"2024-01-29T08:20:00+00:00\",\"dateModified\":\"2026-04-14T02:42:26+00:00\",\"description\":\"Le coussin Floy est un \u00e9l\u00e9gant coussin de base subtile de couleur gris clair, parfaitement compl\u00e9t\u00e9 par une touche de jaune vif. Il est disponible en deux\",\"breadcrumb\":{\"@id\":\"https:\/\/hubsch-interior.com\/fr\/produit\/floy-coussin-sable-jaune\/#breadcrumb\"},\"inLanguage\":\"fr-FR\",\"potentialAction\":[{\"@type\":\"ReadAction\",\"target\":[\"https:\/\/hubsch-interior.com\/fr\/produit\/floy-coussin-sable-jaune\/\"]}]},{\"@type\":\"ImageObject\",\"inLanguage\":\"fr-FR\",\"@id\":\"https:\/\/hubsch-interior.com\/fr\/produit\/floy-coussin-sable-jaune\/#primaryimage\",\"url\":\"https:\/\/hubsch-interior.com\/wp-content\/uploads\/2026\/02\/floy-cushion-sandyellow-dd1b62d36315a061370815c2b0f1166a.jpg\",\"contentUrl\":\"https:\/\/hubsch-interior.com\/wp-content\/uploads\/2026\/02\/floy-cushion-sandyellow-dd1b62d36315a061370815c2b0f1166a.jpg\",\"width\":1024,\"height\":1024},{\"@type\":\"BreadcrumbList\",\"@id\":\"https:\/\/hubsch-interior.com\/fr\/produit\/floy-coussin-sable-jaune\/#breadcrumb\",\"itemListElement\":[{\"@type\":\"ListItem\",\"position\":1,\"name\":\"Page d'accueil\",\"item\":\"https:\/\/hubsch-interior.com\/fr\/\"},{\"@type\":\"ListItem\",\"position\":2,\"name\":\"Produits\",\"item\":\"https:\/\/hubsch-interior.com\/fr\/shop-2\/\"},{\"@type\":\"ListItem\",\"position\":3,\"name\":\"Textiles\",\"item\":\"https:\/\/hubsch-interior.com\/fr\/categorie-produit\/textile\/\"},{\"@type\":\"ListItem\",\"position\":4,\"name\":\"Coussins\",\"item\":\"https:\/\/hubsch-interior.com\/fr\/categorie-produit\/textile\/coussins-fr\/\"},{\"@type\":\"ListItem\",\"position\":5,\"name\":\"Floy Coussin Sable\/Jaune\"}]},{\"@type\":\"WebSite\",\"@id\":\"https:\/\/hubsch-interior.com\/fr\/#website\",\"url\":\"https:\/\/hubsch-interior.com\/fr\/\",\"name\":\"H\u00fcbsch\",\"description\":\"Danish Home Interior and Design\",\"publisher\":{\"@id\":\"https:\/\/hubsch-interior.com\/fr\/#organization\"},\"potentialAction\":[{\"@type\":\"SearchAction\",\"target\":{\"@type\":\"EntryPoint\",\"urlTemplate\":\"https:\/\/hubsch-interior.com\/fr\/?s={search_term_string}\"},\"query-input\":{\"@type\":\"PropertyValueSpecification\",\"valueRequired\":true,\"valueName\":\"search_term_string\"}}],\"inLanguage\":\"fr-FR\"},{\"@type\":\"Organization\",\"@id\":\"https:\/\/hubsch-interior.com\/fr\/#organization\",\"name\":\"H\u00fcbsch\",\"url\":\"https:\/\/hubsch-interior.com\/fr\/\",\"logo\":{\"@type\":\"ImageObject\",\"inLanguage\":\"fr-FR\",\"@id\":\"https:\/\/hubsch-interior.com\/fr\/#\/schema\/logo\/image\/\",\"url\":\"https:\/\/hubsch-interior.com\/wp-content\/uploads\/2022\/12\/Hubsch_logo_black_one_line.svg\",\"contentUrl\":\"https:\/\/hubsch-interior.com\/wp-content\/uploads\/2022\/12\/Hubsch_logo_black_one_line.svg\",\"caption\":\"H\u00fcbsch\"},\"image\":{\"@id\":\"https:\/\/hubsch-interior.com\/fr\/#\/schema\/logo\/image\/\"}}]}<\/script>\n<!-- \/ Yoast SEO plugin. -->","yoast_head_json":{"title":"Floy Coussin Sable\/Jaune - H\u00fcbsch","description":"Le coussin Floy est un \u00e9l\u00e9gant coussin de base subtile de couleur gris clair, parfaitement compl\u00e9t\u00e9 par une touche de jaune vif. Il est disponible en deux","robots":{"index":"index","follow":"follow","max-snippet":"max-snippet:-1","max-image-preview":"max-image-preview:large","max-video-preview":"max-video-preview:-1"},"canonical":"https:\/\/hubsch-interior.com\/fr\/wp-json\/wp\/v2\/product\/976700","og_locale":"fr_FR","og_type":"article","og_title":"Floy Coussin Sable\/Jaune - H\u00fcbsch","og_description":"Le coussin Floy est un \u00e9l\u00e9gant coussin de base subtile de couleur gris clair, parfaitement compl\u00e9t\u00e9 par une touche de jaune vif. Il est disponible en deux","og_url":"https:\/\/hubsch-interior.com\/fr\/produit\/floy-coussin-sable-jaune\/","og_site_name":"H\u00fcbsch","article_modified_time":"2026-04-14T02:42:26+00:00","og_image":[{"width":1200,"height":1200,"url":"https:\/\/hubsch-interior.com\/wp-content\/uploads\/2024\/02\/floy-cushion-sandyellow-f8c215d1713a7c329f3c51bc5829e887.jpg","type":"image\/jpeg"}],"twitter_card":"summary_large_image","twitter_misc":{"Dur\u00e9e de lecture estim\u00e9e":"1 minute"},"schema":{"@context":"https:\/\/schema.org","@graph":[{"@type":"WebPage","@id":"https:\/\/hubsch-interior.com\/fr\/produit\/floy-coussin-sable-jaune\/","url":"https:\/\/hubsch-interior.com\/fr\/produit\/floy-coussin-sable-jaune\/","name":"Floy Coussin Sable\/Jaune - H\u00fcbsch","isPartOf":{"@id":"https:\/\/hubsch-interior.com\/fr\/#website"},"primaryImageOfPage":{"@id":"https:\/\/hubsch-interior.com\/fr\/produit\/floy-coussin-sable-jaune\/#primaryimage"},"image":{"@id":"https:\/\/hubsch-interior.com\/fr\/produit\/floy-coussin-sable-jaune\/#primaryimage"},"thumbnailUrl":"https:\/\/hubsch-interior.com\/wp-content\/uploads\/2026\/02\/floy-cushion-sandyellow-dd1b62d36315a061370815c2b0f1166a.jpg","datePublished":"2024-01-29T08:20:00+00:00","dateModified":"2026-04-14T02:42:26+00:00","description":"Le coussin Floy est un \u00e9l\u00e9gant coussin de base subtile de couleur gris clair, parfaitement compl\u00e9t\u00e9 par une touche de jaune vif. Il est disponible en deux","breadcrumb":{"@id":"https:\/\/hubsch-interior.com\/fr\/produit\/floy-coussin-sable-jaune\/#breadcrumb"},"inLanguage":"fr-FR","potentialAction":[{"@type":"ReadAction","target":["https:\/\/hubsch-interior.com\/fr\/produit\/floy-coussin-sable-jaune\/"]}]},{"@type":"ImageObject","inLanguage":"fr-FR","@id":"https:\/\/hubsch-interior.com\/fr\/produit\/floy-coussin-sable-jaune\/#primaryimage","url":"https:\/\/hubsch-interior.com\/wp-content\/uploads\/2026\/02\/floy-cushion-sandyellow-dd1b62d36315a061370815c2b0f1166a.jpg","contentUrl":"https:\/\/hubsch-interior.com\/wp-content\/uploads\/2026\/02\/floy-cushion-sandyellow-dd1b62d36315a061370815c2b0f1166a.jpg","width":1024,"height":1024},{"@type":"BreadcrumbList","@id":"https:\/\/hubsch-interior.com\/fr\/produit\/floy-coussin-sable-jaune\/#breadcrumb","itemListElement":[{"@type":"ListItem","position":1,"name":"Page d'accueil","item":"https:\/\/hubsch-interior.com\/fr\/"},{"@type":"ListItem","position":2,"name":"Produits","item":"https:\/\/hubsch-interior.com\/fr\/shop-2\/"},{"@type":"ListItem","position":3,"name":"Textiles","item":"https:\/\/hubsch-interior.com\/fr\/categorie-produit\/textile\/"},{"@type":"ListItem","position":4,"name":"Coussins","item":"https:\/\/hubsch-interior.com\/fr\/categorie-produit\/textile\/coussins-fr\/"},{"@type":"ListItem","position":5,"name":"Floy Coussin Sable\/Jaune"}]},{"@type":"WebSite","@id":"https:\/\/hubsch-interior.com\/fr\/#website","url":"https:\/\/hubsch-interior.com\/fr\/","name":"H\u00fcbsch","description":"Danish Home Interior and Design","publisher":{"@id":"https:\/\/hubsch-interior.com\/fr\/#organization"},"potentialAction":[{"@type":"SearchAction","target":{"@type":"EntryPoint","urlTemplate":"https:\/\/hubsch-interior.com\/fr\/?s={search_term_string}"},"query-input":{"@type":"PropertyValueSpecification","valueRequired":true,"valueName":"search_term_string"}}],"inLanguage":"fr-FR"},{"@type":"Organization","@id":"https:\/\/hubsch-interior.com\/fr\/#organization","name":"H\u00fcbsch","url":"https:\/\/hubsch-interior.com\/fr\/","logo":{"@type":"ImageObject","inLanguage":"fr-FR","@id":"https:\/\/hubsch-interior.com\/fr\/#\/schema\/logo\/image\/","url":"https:\/\/hubsch-interior.com\/wp-content\/uploads\/2022\/12\/Hubsch_logo_black_one_line.svg","contentUrl":"https:\/\/hubsch-interior.com\/wp-content\/uploads\/2022\/12\/Hubsch_logo_black_one_line.svg","caption":"H\u00fcbsch"},"image":{"@id":"https:\/\/hubsch-interior.com\/fr\/#\/schema\/logo\/image\/"}}]}},"_links":{"self":[{"href":"https:\/\/hubsch-interior.com\/fr\/wp-json\/wp\/v2\/product\/976700","targetHints":{"allow":["GET"]}}],"collection":[{"href":"https:\/\/hubsch-interior.com\/fr\/wp-json\/wp\/v2\/product"}],"about":[{"href":"https:\/\/hubsch-interior.com\/fr\/wp-json\/wp\/v2\/types\/product"}],"wp:featuredmedia":[{"embeddable":true,"href":"https:\/\/hubsch-interior.com\/fr\/wp-json\/wp\/v2\/media\/1100392"}],"wp:attachment":[{"href":"https:\/\/hubsch-interior.com\/fr\/wp-json\/wp\/v2\/media?parent=976700"}],"wp:term":[{"taxonomy":"product_brand","embeddable":true,"href":"https:\/\/hubsch-interior.com\/fr\/wp-json\/wp\/v2\/product_brand?post=976700"},{"taxonomy":"product_cat","embeddable":true,"href":"https:\/\/hubsch-interior.com\/fr\/wp-json\/wp\/v2\/product_cat?post=976700"},{"taxonomy":"product_tag","embeddable":true,"href":"https:\/\/hubsch-interior.com\/fr\/wp-json\/wp\/v2\/product_tag?post=976700"}],"curies":[{"name":"wp","href":"https:\/\/api.w.org\/{rel}","templated":true}]}}