{"id":976788,"date":"2024-01-29T09:21:04","date_gmt":"2024-01-29T08:21:04","guid":{"rendered":"https:\/\/hubsch-interior.com\/product\/product\/"},"modified":"2026-04-11T04:40:24","modified_gmt":"2026-04-11T02:40:24","slug":"easypeasy-torchon-marron-violet","status":"publish","type":"product","link":"https:\/\/hubsch-interior.com\/fr\/produit\/easypeasy-torchon-marron-violet\/","title":{"rendered":"Easypeasy Torchon Marron\/Violet"},"content":{"rendered":"<p>D\u00e9couvrez le Easypeasy Torchon, votre nouveau compagnon de cuisine qui rendra la cuisine et le nettoyage un jeu d&#8217;enfant ! Fabriqu\u00e9 \u00e0 partir de coton doux et r\u00e9sistant, ce torchon est certifi\u00e9 OEKO-TEX\u00ae STANDARD 100. Disponible en trois magnifiques variantes, celui-ci arbore une superbe combinaison de couleurs marron et violet, avec de d\u00e9licats d\u00e9tails brod\u00e9s dans une couleur contrastante. Plus grand que votre torchon habituel, il offre une fonctionnalit\u00e9 maximale et constitue un choix \u00e9l\u00e9gant et pratique. Que vous essuyiez la vaisselle ou que vous nettoyiez des d\u00e9versements, le Easypeasy Torchon est l&#8217;essentiel absorbant et fait main dont vous avez besoin dans votre cuisine.<\/p>\n","protected":false},"excerpt":{"rendered":"<p>D\u00e9couvrez le Easypeasy Torchon, votre nouveau compagnon de cuisine qui rendra la cuisine et le nettoyage un jeu d&#8217;enfant ! Fabriqu\u00e9 \u00e0 partir de coton doux et r\u00e9sistant, ce torchon est certifi\u00e9 OEKO-TEX\u00ae STANDARD 100. Disponible en trois magnifiques variantes, celui-ci arbore une superbe combinaison de couleurs marron et violet, avec de d\u00e9licats d\u00e9tails brod\u00e9s [&hellip;]<\/p>\n","protected":false},"featured_media":1100440,"template":"","meta":{"_acf_changed":false,"inline_featured_image":false},"product_brand":[],"product_cat":[6882,6971,3002,4091,5026,6535],"product_tag":[],"class_list":{"0":"post-976788","1":"product","2":"type-product","3":"status-publish","4":"has-post-thumbnail","6":"product_cat-elevating-nostalgia-fr","7":"product_cat-paques","8":"product_cat-textile","9":"product_cat-textiles-de-cuisine-fr","10":"product_cat-bestsellers-fr","11":"product_cat-outlet-fr","12":"product_shipping_class-pk","14":"pa_color-marron","15":"pa_color-violet","16":"pa_material-cotton-100-fr","18":"first","19":"instock","20":"sale","21":"featured","22":"taxable","23":"shipping-taxable","24":"purchasable","25":"product-type-simple"},"exclude_global_add_ons":[],"addons":[],"acf":[],"yoast_head":"<!-- This site is optimized with the Yoast SEO plugin v26.4 - https:\/\/yoast.com\/wordpress\/plugins\/seo\/ -->\n<title>Easypeasy Torchon Marron\/Violet - H\u00fcbsch<\/title>\n<meta name=\"description\" content=\"D\u00e9couvrez le Easypeasy Torchon, votre nouveau compagnon de cuisine qui rendra la cuisine et le nettoyage un jeu d&#039;enfant ! Fabriqu\u00e9 \u00e0 partir de coton doux\" \/>\n<meta name=\"robots\" content=\"index, follow, max-snippet:-1, max-image-preview:large, max-video-preview:-1\" \/>\n<link rel=\"canonical\" href=\"https:\/\/hubsch-interior.com\/fr\/wp-json\/wp\/v2\/product\/976788\" \/>\n<meta property=\"og:locale\" content=\"fr_FR\" \/>\n<meta property=\"og:type\" content=\"article\" \/>\n<meta property=\"og:title\" content=\"Easypeasy Torchon Marron\/Violet - H\u00fcbsch\" \/>\n<meta property=\"og:description\" content=\"D\u00e9couvrez le Easypeasy Torchon, votre nouveau compagnon de cuisine qui rendra la cuisine et le nettoyage un jeu d&#039;enfant ! Fabriqu\u00e9 \u00e0 partir de coton doux\" \/>\n<meta property=\"og:url\" content=\"https:\/\/hubsch-interior.com\/fr\/produit\/easypeasy-torchon-marron-violet\/\" \/>\n<meta property=\"og:site_name\" content=\"H\u00fcbsch\" \/>\n<meta property=\"article:modified_time\" content=\"2026-04-11T02:40:24+00:00\" \/>\n<meta property=\"og:image\" content=\"https:\/\/hubsch-interior.com\/wp-content\/uploads\/2024\/05\/easypeasy-tea-towel-brownpurple-915e65a1fe7a14fcfbb486a23e6296c1.jpg\" \/>\n\t<meta property=\"og:image:width\" content=\"1200\" \/>\n\t<meta property=\"og:image:height\" content=\"1200\" \/>\n\t<meta property=\"og:image:type\" content=\"image\/jpeg\" \/>\n<meta name=\"twitter:card\" content=\"summary_large_image\" \/>\n<meta name=\"twitter:label1\" content=\"Dur\u00e9e de lecture estim\u00e9e\" \/>\n\t<meta name=\"twitter:data1\" content=\"1 minute\" \/>\n<script type=\"application\/ld+json\" class=\"yoast-schema-graph\">{\"@context\":\"https:\/\/schema.org\",\"@graph\":[{\"@type\":\"WebPage\",\"@id\":\"https:\/\/hubsch-interior.com\/fr\/produit\/easypeasy-torchon-marron-violet\/\",\"url\":\"https:\/\/hubsch-interior.com\/fr\/produit\/easypeasy-torchon-marron-violet\/\",\"name\":\"Easypeasy Torchon Marron\/Violet - H\u00fcbsch\",\"isPartOf\":{\"@id\":\"https:\/\/hubsch-interior.com\/fr\/#website\"},\"primaryImageOfPage\":{\"@id\":\"https:\/\/hubsch-interior.com\/fr\/produit\/easypeasy-torchon-marron-violet\/#primaryimage\"},\"image\":{\"@id\":\"https:\/\/hubsch-interior.com\/fr\/produit\/easypeasy-torchon-marron-violet\/#primaryimage\"},\"thumbnailUrl\":\"https:\/\/hubsch-interior.com\/wp-content\/uploads\/2026\/02\/easypeasy-tea-towel-brownpurple-254a4a36bcc90b1686245f19ef1abfb6.jpg\",\"datePublished\":\"2024-01-29T08:21:04+00:00\",\"dateModified\":\"2026-04-11T02:40:24+00:00\",\"description\":\"D\u00e9couvrez le Easypeasy Torchon, votre nouveau compagnon de cuisine qui rendra la cuisine et le nettoyage un jeu d'enfant ! Fabriqu\u00e9 \u00e0 partir de coton doux\",\"breadcrumb\":{\"@id\":\"https:\/\/hubsch-interior.com\/fr\/produit\/easypeasy-torchon-marron-violet\/#breadcrumb\"},\"inLanguage\":\"fr-FR\",\"potentialAction\":[{\"@type\":\"ReadAction\",\"target\":[\"https:\/\/hubsch-interior.com\/fr\/produit\/easypeasy-torchon-marron-violet\/\"]}]},{\"@type\":\"ImageObject\",\"inLanguage\":\"fr-FR\",\"@id\":\"https:\/\/hubsch-interior.com\/fr\/produit\/easypeasy-torchon-marron-violet\/#primaryimage\",\"url\":\"https:\/\/hubsch-interior.com\/wp-content\/uploads\/2026\/02\/easypeasy-tea-towel-brownpurple-254a4a36bcc90b1686245f19ef1abfb6.jpg\",\"contentUrl\":\"https:\/\/hubsch-interior.com\/wp-content\/uploads\/2026\/02\/easypeasy-tea-towel-brownpurple-254a4a36bcc90b1686245f19ef1abfb6.jpg\",\"width\":1024,\"height\":1024},{\"@type\":\"BreadcrumbList\",\"@id\":\"https:\/\/hubsch-interior.com\/fr\/produit\/easypeasy-torchon-marron-violet\/#breadcrumb\",\"itemListElement\":[{\"@type\":\"ListItem\",\"position\":1,\"name\":\"Page d'accueil\",\"item\":\"https:\/\/hubsch-interior.com\/fr\/\"},{\"@type\":\"ListItem\",\"position\":2,\"name\":\"Produits\",\"item\":\"https:\/\/hubsch-interior.com\/fr\/shop-2\/\"},{\"@type\":\"ListItem\",\"position\":3,\"name\":\"Textiles\",\"item\":\"https:\/\/hubsch-interior.com\/fr\/categorie-produit\/textile\/\"},{\"@type\":\"ListItem\",\"position\":4,\"name\":\"Textiles de cuisine\",\"item\":\"https:\/\/hubsch-interior.com\/fr\/categorie-produit\/textile\/textiles-de-cuisine-fr\/\"},{\"@type\":\"ListItem\",\"position\":5,\"name\":\"Easypeasy Torchon Marron\/Violet\"}]},{\"@type\":\"WebSite\",\"@id\":\"https:\/\/hubsch-interior.com\/fr\/#website\",\"url\":\"https:\/\/hubsch-interior.com\/fr\/\",\"name\":\"H\u00fcbsch\",\"description\":\"Danish Home Interior and Design\",\"publisher\":{\"@id\":\"https:\/\/hubsch-interior.com\/fr\/#organization\"},\"potentialAction\":[{\"@type\":\"SearchAction\",\"target\":{\"@type\":\"EntryPoint\",\"urlTemplate\":\"https:\/\/hubsch-interior.com\/fr\/?s={search_term_string}\"},\"query-input\":{\"@type\":\"PropertyValueSpecification\",\"valueRequired\":true,\"valueName\":\"search_term_string\"}}],\"inLanguage\":\"fr-FR\"},{\"@type\":\"Organization\",\"@id\":\"https:\/\/hubsch-interior.com\/fr\/#organization\",\"name\":\"H\u00fcbsch\",\"url\":\"https:\/\/hubsch-interior.com\/fr\/\",\"logo\":{\"@type\":\"ImageObject\",\"inLanguage\":\"fr-FR\",\"@id\":\"https:\/\/hubsch-interior.com\/fr\/#\/schema\/logo\/image\/\",\"url\":\"https:\/\/hubsch-interior.com\/wp-content\/uploads\/2022\/12\/Hubsch_logo_black_one_line.svg\",\"contentUrl\":\"https:\/\/hubsch-interior.com\/wp-content\/uploads\/2022\/12\/Hubsch_logo_black_one_line.svg\",\"caption\":\"H\u00fcbsch\"},\"image\":{\"@id\":\"https:\/\/hubsch-interior.com\/fr\/#\/schema\/logo\/image\/\"}}]}<\/script>\n<!-- \/ Yoast SEO plugin. -->","yoast_head_json":{"title":"Easypeasy Torchon Marron\/Violet - H\u00fcbsch","description":"D\u00e9couvrez le Easypeasy Torchon, votre nouveau compagnon de cuisine qui rendra la cuisine et le nettoyage un jeu d'enfant ! Fabriqu\u00e9 \u00e0 partir de coton doux","robots":{"index":"index","follow":"follow","max-snippet":"max-snippet:-1","max-image-preview":"max-image-preview:large","max-video-preview":"max-video-preview:-1"},"canonical":"https:\/\/hubsch-interior.com\/fr\/wp-json\/wp\/v2\/product\/976788","og_locale":"fr_FR","og_type":"article","og_title":"Easypeasy Torchon Marron\/Violet - H\u00fcbsch","og_description":"D\u00e9couvrez le Easypeasy Torchon, votre nouveau compagnon de cuisine qui rendra la cuisine et le nettoyage un jeu d'enfant ! Fabriqu\u00e9 \u00e0 partir de coton doux","og_url":"https:\/\/hubsch-interior.com\/fr\/produit\/easypeasy-torchon-marron-violet\/","og_site_name":"H\u00fcbsch","article_modified_time":"2026-04-11T02:40:24+00:00","og_image":[{"width":1200,"height":1200,"url":"https:\/\/hubsch-interior.com\/wp-content\/uploads\/2024\/05\/easypeasy-tea-towel-brownpurple-915e65a1fe7a14fcfbb486a23e6296c1.jpg","type":"image\/jpeg"}],"twitter_card":"summary_large_image","twitter_misc":{"Dur\u00e9e de lecture estim\u00e9e":"1 minute"},"schema":{"@context":"https:\/\/schema.org","@graph":[{"@type":"WebPage","@id":"https:\/\/hubsch-interior.com\/fr\/produit\/easypeasy-torchon-marron-violet\/","url":"https:\/\/hubsch-interior.com\/fr\/produit\/easypeasy-torchon-marron-violet\/","name":"Easypeasy Torchon Marron\/Violet - H\u00fcbsch","isPartOf":{"@id":"https:\/\/hubsch-interior.com\/fr\/#website"},"primaryImageOfPage":{"@id":"https:\/\/hubsch-interior.com\/fr\/produit\/easypeasy-torchon-marron-violet\/#primaryimage"},"image":{"@id":"https:\/\/hubsch-interior.com\/fr\/produit\/easypeasy-torchon-marron-violet\/#primaryimage"},"thumbnailUrl":"https:\/\/hubsch-interior.com\/wp-content\/uploads\/2026\/02\/easypeasy-tea-towel-brownpurple-254a4a36bcc90b1686245f19ef1abfb6.jpg","datePublished":"2024-01-29T08:21:04+00:00","dateModified":"2026-04-11T02:40:24+00:00","description":"D\u00e9couvrez le Easypeasy Torchon, votre nouveau compagnon de cuisine qui rendra la cuisine et le nettoyage un jeu d'enfant ! Fabriqu\u00e9 \u00e0 partir de coton doux","breadcrumb":{"@id":"https:\/\/hubsch-interior.com\/fr\/produit\/easypeasy-torchon-marron-violet\/#breadcrumb"},"inLanguage":"fr-FR","potentialAction":[{"@type":"ReadAction","target":["https:\/\/hubsch-interior.com\/fr\/produit\/easypeasy-torchon-marron-violet\/"]}]},{"@type":"ImageObject","inLanguage":"fr-FR","@id":"https:\/\/hubsch-interior.com\/fr\/produit\/easypeasy-torchon-marron-violet\/#primaryimage","url":"https:\/\/hubsch-interior.com\/wp-content\/uploads\/2026\/02\/easypeasy-tea-towel-brownpurple-254a4a36bcc90b1686245f19ef1abfb6.jpg","contentUrl":"https:\/\/hubsch-interior.com\/wp-content\/uploads\/2026\/02\/easypeasy-tea-towel-brownpurple-254a4a36bcc90b1686245f19ef1abfb6.jpg","width":1024,"height":1024},{"@type":"BreadcrumbList","@id":"https:\/\/hubsch-interior.com\/fr\/produit\/easypeasy-torchon-marron-violet\/#breadcrumb","itemListElement":[{"@type":"ListItem","position":1,"name":"Page d'accueil","item":"https:\/\/hubsch-interior.com\/fr\/"},{"@type":"ListItem","position":2,"name":"Produits","item":"https:\/\/hubsch-interior.com\/fr\/shop-2\/"},{"@type":"ListItem","position":3,"name":"Textiles","item":"https:\/\/hubsch-interior.com\/fr\/categorie-produit\/textile\/"},{"@type":"ListItem","position":4,"name":"Textiles de cuisine","item":"https:\/\/hubsch-interior.com\/fr\/categorie-produit\/textile\/textiles-de-cuisine-fr\/"},{"@type":"ListItem","position":5,"name":"Easypeasy Torchon Marron\/Violet"}]},{"@type":"WebSite","@id":"https:\/\/hubsch-interior.com\/fr\/#website","url":"https:\/\/hubsch-interior.com\/fr\/","name":"H\u00fcbsch","description":"Danish Home Interior and Design","publisher":{"@id":"https:\/\/hubsch-interior.com\/fr\/#organization"},"potentialAction":[{"@type":"SearchAction","target":{"@type":"EntryPoint","urlTemplate":"https:\/\/hubsch-interior.com\/fr\/?s={search_term_string}"},"query-input":{"@type":"PropertyValueSpecification","valueRequired":true,"valueName":"search_term_string"}}],"inLanguage":"fr-FR"},{"@type":"Organization","@id":"https:\/\/hubsch-interior.com\/fr\/#organization","name":"H\u00fcbsch","url":"https:\/\/hubsch-interior.com\/fr\/","logo":{"@type":"ImageObject","inLanguage":"fr-FR","@id":"https:\/\/hubsch-interior.com\/fr\/#\/schema\/logo\/image\/","url":"https:\/\/hubsch-interior.com\/wp-content\/uploads\/2022\/12\/Hubsch_logo_black_one_line.svg","contentUrl":"https:\/\/hubsch-interior.com\/wp-content\/uploads\/2022\/12\/Hubsch_logo_black_one_line.svg","caption":"H\u00fcbsch"},"image":{"@id":"https:\/\/hubsch-interior.com\/fr\/#\/schema\/logo\/image\/"}}]}},"_links":{"self":[{"href":"https:\/\/hubsch-interior.com\/fr\/wp-json\/wp\/v2\/product\/976788","targetHints":{"allow":["GET"]}}],"collection":[{"href":"https:\/\/hubsch-interior.com\/fr\/wp-json\/wp\/v2\/product"}],"about":[{"href":"https:\/\/hubsch-interior.com\/fr\/wp-json\/wp\/v2\/types\/product"}],"wp:featuredmedia":[{"embeddable":true,"href":"https:\/\/hubsch-interior.com\/fr\/wp-json\/wp\/v2\/media\/1100440"}],"wp:attachment":[{"href":"https:\/\/hubsch-interior.com\/fr\/wp-json\/wp\/v2\/media?parent=976788"}],"wp:term":[{"taxonomy":"product_brand","embeddable":true,"href":"https:\/\/hubsch-interior.com\/fr\/wp-json\/wp\/v2\/product_brand?post=976788"},{"taxonomy":"product_cat","embeddable":true,"href":"https:\/\/hubsch-interior.com\/fr\/wp-json\/wp\/v2\/product_cat?post=976788"},{"taxonomy":"product_tag","embeddable":true,"href":"https:\/\/hubsch-interior.com\/fr\/wp-json\/wp\/v2\/product_tag?post=976788"}],"curies":[{"name":"wp","href":"https:\/\/api.w.org\/{rel}","templated":true}]}}