{"id":976800,"date":"2024-01-29T09:21:15","date_gmt":"2024-01-29T08:21:15","guid":{"rendered":"https:\/\/hubsch-interior.com\/product\/product\/"},"modified":"2026-04-11T04:40:28","modified_gmt":"2026-04-11T02:40:28","slug":"easypeasy-torchon-beige-rouge","status":"publish","type":"product","link":"https:\/\/hubsch-interior.com\/fr\/produit\/easypeasy-torchon-beige-rouge\/","title":{"rendered":"Easypeasy Torchon Beige\/Rouge"},"content":{"rendered":"<p>D\u00e9couvrez le Easypeasy Torchon \u2014 votre nouveau compagnon de cuisine ! Fabriqu\u00e9 en coton doux et durable, ce choix \u00e9l\u00e9gant et pratique se d\u00e9cline en trois variantes diff\u00e9rentes, dont une belle combinaison beige et rouge. Avec sa certification OEKO-TEX\u00ae STANDARD 100, vous pouvez faire confiance \u00e0 ce torchon pour la s\u00e9curit\u00e9 de votre famille. Sa taille plus grande offre une fonctionnalit\u00e9 maximale, tandis que les d\u00e9tails brod\u00e9s dans une couleur contrastante ajoutent une touche d&#8217;\u00e9l\u00e9gance \u00e0 votre cuisine. Fait \u00e0 la main et absorbant, le Easypeasy Torchon est un indispensable pour toute maison.<\/p>\n","protected":false},"excerpt":{"rendered":"<p>D\u00e9couvrez le Easypeasy Torchon \u2014 votre nouveau compagnon de cuisine ! Fabriqu\u00e9 en coton doux et durable, ce choix \u00e9l\u00e9gant et pratique se d\u00e9cline en trois variantes diff\u00e9rentes, dont une belle combinaison beige et rouge. Avec sa certification OEKO-TEX\u00ae STANDARD 100, vous pouvez faire confiance \u00e0 ce torchon pour la s\u00e9curit\u00e9 de votre famille. Sa [&hellip;]<\/p>\n","protected":false},"featured_media":1100464,"template":"","meta":{"_acf_changed":false,"inline_featured_image":false},"product_brand":[],"product_cat":[6882,6971,3002,4091,5026,6535],"product_tag":[],"class_list":{"0":"post-976800","1":"product","2":"type-product","3":"status-publish","4":"has-post-thumbnail","6":"product_cat-elevating-nostalgia-fr","7":"product_cat-paques","8":"product_cat-textile","9":"product_cat-textiles-de-cuisine-fr","10":"product_cat-bestsellers-fr","11":"product_cat-outlet-fr","12":"product_shipping_class-pk","14":"pa_color-beige-3","15":"pa_color-rouge-2","16":"pa_material-cotton-100-fr","18":"first","19":"instock","20":"sale","21":"featured","22":"taxable","23":"shipping-taxable","24":"purchasable","25":"product-type-simple"},"exclude_global_add_ons":[],"addons":[],"acf":[],"yoast_head":"<!-- This site is optimized with the Yoast SEO plugin v26.4 - https:\/\/yoast.com\/wordpress\/plugins\/seo\/ -->\n<title>Easypeasy Torchon Beige\/Rouge - H\u00fcbsch<\/title>\n<meta name=\"description\" content=\"D\u00e9couvrez le Easypeasy Torchon \u2014 votre nouveau compagnon de cuisine ! Fabriqu\u00e9 en coton doux et durable, ce choix \u00e9l\u00e9gant et pratique se d\u00e9cline en trois\" \/>\n<meta name=\"robots\" content=\"index, follow, max-snippet:-1, max-image-preview:large, max-video-preview:-1\" \/>\n<link rel=\"canonical\" href=\"https:\/\/hubsch-interior.com\/fr\/wp-json\/wp\/v2\/product\/976800\" \/>\n<meta property=\"og:locale\" content=\"fr_FR\" \/>\n<meta property=\"og:type\" content=\"article\" \/>\n<meta property=\"og:title\" content=\"Easypeasy Torchon Beige\/Rouge - H\u00fcbsch\" \/>\n<meta property=\"og:description\" content=\"D\u00e9couvrez le Easypeasy Torchon \u2014 votre nouveau compagnon de cuisine ! Fabriqu\u00e9 en coton doux et durable, ce choix \u00e9l\u00e9gant et pratique se d\u00e9cline en trois\" \/>\n<meta property=\"og:url\" content=\"https:\/\/hubsch-interior.com\/fr\/produit\/easypeasy-torchon-beige-rouge\/\" \/>\n<meta property=\"og:site_name\" content=\"H\u00fcbsch\" \/>\n<meta property=\"article:modified_time\" content=\"2026-04-11T02:40:28+00:00\" \/>\n<meta property=\"og:image\" content=\"https:\/\/hubsch-interior.com\/wp-content\/uploads\/2024\/12\/easypeasy-tea-towel-beigered-b3b747ab381c7a5126207d54bd6b0ff5.jpg\" \/>\n\t<meta property=\"og:image:width\" content=\"1200\" \/>\n\t<meta property=\"og:image:height\" content=\"1200\" \/>\n\t<meta property=\"og:image:type\" content=\"image\/jpeg\" \/>\n<meta name=\"twitter:card\" content=\"summary_large_image\" \/>\n<script type=\"application\/ld+json\" class=\"yoast-schema-graph\">{\"@context\":\"https:\/\/schema.org\",\"@graph\":[{\"@type\":\"WebPage\",\"@id\":\"https:\/\/hubsch-interior.com\/fr\/produit\/easypeasy-torchon-beige-rouge\/\",\"url\":\"https:\/\/hubsch-interior.com\/fr\/produit\/easypeasy-torchon-beige-rouge\/\",\"name\":\"Easypeasy Torchon Beige\/Rouge - H\u00fcbsch\",\"isPartOf\":{\"@id\":\"https:\/\/hubsch-interior.com\/fr\/#website\"},\"primaryImageOfPage\":{\"@id\":\"https:\/\/hubsch-interior.com\/fr\/produit\/easypeasy-torchon-beige-rouge\/#primaryimage\"},\"image\":{\"@id\":\"https:\/\/hubsch-interior.com\/fr\/produit\/easypeasy-torchon-beige-rouge\/#primaryimage\"},\"thumbnailUrl\":\"https:\/\/hubsch-interior.com\/wp-content\/uploads\/2026\/02\/easypeasy-tea-towel-beigered-350c4a10ba80394af681cbc206e14b8f.jpg\",\"datePublished\":\"2024-01-29T08:21:15+00:00\",\"dateModified\":\"2026-04-11T02:40:28+00:00\",\"description\":\"D\u00e9couvrez le Easypeasy Torchon \u2014 votre nouveau compagnon de cuisine ! Fabriqu\u00e9 en coton doux et durable, ce choix \u00e9l\u00e9gant et pratique se d\u00e9cline en trois\",\"breadcrumb\":{\"@id\":\"https:\/\/hubsch-interior.com\/fr\/produit\/easypeasy-torchon-beige-rouge\/#breadcrumb\"},\"inLanguage\":\"fr-FR\",\"potentialAction\":[{\"@type\":\"ReadAction\",\"target\":[\"https:\/\/hubsch-interior.com\/fr\/produit\/easypeasy-torchon-beige-rouge\/\"]}]},{\"@type\":\"ImageObject\",\"inLanguage\":\"fr-FR\",\"@id\":\"https:\/\/hubsch-interior.com\/fr\/produit\/easypeasy-torchon-beige-rouge\/#primaryimage\",\"url\":\"https:\/\/hubsch-interior.com\/wp-content\/uploads\/2026\/02\/easypeasy-tea-towel-beigered-350c4a10ba80394af681cbc206e14b8f.jpg\",\"contentUrl\":\"https:\/\/hubsch-interior.com\/wp-content\/uploads\/2026\/02\/easypeasy-tea-towel-beigered-350c4a10ba80394af681cbc206e14b8f.jpg\",\"width\":1024,\"height\":1024},{\"@type\":\"BreadcrumbList\",\"@id\":\"https:\/\/hubsch-interior.com\/fr\/produit\/easypeasy-torchon-beige-rouge\/#breadcrumb\",\"itemListElement\":[{\"@type\":\"ListItem\",\"position\":1,\"name\":\"Page d'accueil\",\"item\":\"https:\/\/hubsch-interior.com\/fr\/\"},{\"@type\":\"ListItem\",\"position\":2,\"name\":\"Produits\",\"item\":\"https:\/\/hubsch-interior.com\/fr\/shop-2\/\"},{\"@type\":\"ListItem\",\"position\":3,\"name\":\"Textiles\",\"item\":\"https:\/\/hubsch-interior.com\/fr\/categorie-produit\/textile\/\"},{\"@type\":\"ListItem\",\"position\":4,\"name\":\"Textiles de cuisine\",\"item\":\"https:\/\/hubsch-interior.com\/fr\/categorie-produit\/textile\/textiles-de-cuisine-fr\/\"},{\"@type\":\"ListItem\",\"position\":5,\"name\":\"Easypeasy Torchon Beige\/Rouge\"}]},{\"@type\":\"WebSite\",\"@id\":\"https:\/\/hubsch-interior.com\/fr\/#website\",\"url\":\"https:\/\/hubsch-interior.com\/fr\/\",\"name\":\"H\u00fcbsch\",\"description\":\"Danish Home Interior and Design\",\"publisher\":{\"@id\":\"https:\/\/hubsch-interior.com\/fr\/#organization\"},\"potentialAction\":[{\"@type\":\"SearchAction\",\"target\":{\"@type\":\"EntryPoint\",\"urlTemplate\":\"https:\/\/hubsch-interior.com\/fr\/?s={search_term_string}\"},\"query-input\":{\"@type\":\"PropertyValueSpecification\",\"valueRequired\":true,\"valueName\":\"search_term_string\"}}],\"inLanguage\":\"fr-FR\"},{\"@type\":\"Organization\",\"@id\":\"https:\/\/hubsch-interior.com\/fr\/#organization\",\"name\":\"H\u00fcbsch\",\"url\":\"https:\/\/hubsch-interior.com\/fr\/\",\"logo\":{\"@type\":\"ImageObject\",\"inLanguage\":\"fr-FR\",\"@id\":\"https:\/\/hubsch-interior.com\/fr\/#\/schema\/logo\/image\/\",\"url\":\"https:\/\/hubsch-interior.com\/wp-content\/uploads\/2022\/12\/Hubsch_logo_black_one_line.svg\",\"contentUrl\":\"https:\/\/hubsch-interior.com\/wp-content\/uploads\/2022\/12\/Hubsch_logo_black_one_line.svg\",\"caption\":\"H\u00fcbsch\"},\"image\":{\"@id\":\"https:\/\/hubsch-interior.com\/fr\/#\/schema\/logo\/image\/\"}}]}<\/script>\n<!-- \/ Yoast SEO plugin. -->","yoast_head_json":{"title":"Easypeasy Torchon Beige\/Rouge - H\u00fcbsch","description":"D\u00e9couvrez le Easypeasy Torchon \u2014 votre nouveau compagnon de cuisine ! Fabriqu\u00e9 en coton doux et durable, ce choix \u00e9l\u00e9gant et pratique se d\u00e9cline en trois","robots":{"index":"index","follow":"follow","max-snippet":"max-snippet:-1","max-image-preview":"max-image-preview:large","max-video-preview":"max-video-preview:-1"},"canonical":"https:\/\/hubsch-interior.com\/fr\/wp-json\/wp\/v2\/product\/976800","og_locale":"fr_FR","og_type":"article","og_title":"Easypeasy Torchon Beige\/Rouge - H\u00fcbsch","og_description":"D\u00e9couvrez le Easypeasy Torchon \u2014 votre nouveau compagnon de cuisine ! Fabriqu\u00e9 en coton doux et durable, ce choix \u00e9l\u00e9gant et pratique se d\u00e9cline en trois","og_url":"https:\/\/hubsch-interior.com\/fr\/produit\/easypeasy-torchon-beige-rouge\/","og_site_name":"H\u00fcbsch","article_modified_time":"2026-04-11T02:40:28+00:00","og_image":[{"width":1200,"height":1200,"url":"https:\/\/hubsch-interior.com\/wp-content\/uploads\/2024\/12\/easypeasy-tea-towel-beigered-b3b747ab381c7a5126207d54bd6b0ff5.jpg","type":"image\/jpeg"}],"twitter_card":"summary_large_image","schema":{"@context":"https:\/\/schema.org","@graph":[{"@type":"WebPage","@id":"https:\/\/hubsch-interior.com\/fr\/produit\/easypeasy-torchon-beige-rouge\/","url":"https:\/\/hubsch-interior.com\/fr\/produit\/easypeasy-torchon-beige-rouge\/","name":"Easypeasy Torchon Beige\/Rouge - H\u00fcbsch","isPartOf":{"@id":"https:\/\/hubsch-interior.com\/fr\/#website"},"primaryImageOfPage":{"@id":"https:\/\/hubsch-interior.com\/fr\/produit\/easypeasy-torchon-beige-rouge\/#primaryimage"},"image":{"@id":"https:\/\/hubsch-interior.com\/fr\/produit\/easypeasy-torchon-beige-rouge\/#primaryimage"},"thumbnailUrl":"https:\/\/hubsch-interior.com\/wp-content\/uploads\/2026\/02\/easypeasy-tea-towel-beigered-350c4a10ba80394af681cbc206e14b8f.jpg","datePublished":"2024-01-29T08:21:15+00:00","dateModified":"2026-04-11T02:40:28+00:00","description":"D\u00e9couvrez le Easypeasy Torchon \u2014 votre nouveau compagnon de cuisine ! Fabriqu\u00e9 en coton doux et durable, ce choix \u00e9l\u00e9gant et pratique se d\u00e9cline en trois","breadcrumb":{"@id":"https:\/\/hubsch-interior.com\/fr\/produit\/easypeasy-torchon-beige-rouge\/#breadcrumb"},"inLanguage":"fr-FR","potentialAction":[{"@type":"ReadAction","target":["https:\/\/hubsch-interior.com\/fr\/produit\/easypeasy-torchon-beige-rouge\/"]}]},{"@type":"ImageObject","inLanguage":"fr-FR","@id":"https:\/\/hubsch-interior.com\/fr\/produit\/easypeasy-torchon-beige-rouge\/#primaryimage","url":"https:\/\/hubsch-interior.com\/wp-content\/uploads\/2026\/02\/easypeasy-tea-towel-beigered-350c4a10ba80394af681cbc206e14b8f.jpg","contentUrl":"https:\/\/hubsch-interior.com\/wp-content\/uploads\/2026\/02\/easypeasy-tea-towel-beigered-350c4a10ba80394af681cbc206e14b8f.jpg","width":1024,"height":1024},{"@type":"BreadcrumbList","@id":"https:\/\/hubsch-interior.com\/fr\/produit\/easypeasy-torchon-beige-rouge\/#breadcrumb","itemListElement":[{"@type":"ListItem","position":1,"name":"Page d'accueil","item":"https:\/\/hubsch-interior.com\/fr\/"},{"@type":"ListItem","position":2,"name":"Produits","item":"https:\/\/hubsch-interior.com\/fr\/shop-2\/"},{"@type":"ListItem","position":3,"name":"Textiles","item":"https:\/\/hubsch-interior.com\/fr\/categorie-produit\/textile\/"},{"@type":"ListItem","position":4,"name":"Textiles de cuisine","item":"https:\/\/hubsch-interior.com\/fr\/categorie-produit\/textile\/textiles-de-cuisine-fr\/"},{"@type":"ListItem","position":5,"name":"Easypeasy Torchon Beige\/Rouge"}]},{"@type":"WebSite","@id":"https:\/\/hubsch-interior.com\/fr\/#website","url":"https:\/\/hubsch-interior.com\/fr\/","name":"H\u00fcbsch","description":"Danish Home Interior and Design","publisher":{"@id":"https:\/\/hubsch-interior.com\/fr\/#organization"},"potentialAction":[{"@type":"SearchAction","target":{"@type":"EntryPoint","urlTemplate":"https:\/\/hubsch-interior.com\/fr\/?s={search_term_string}"},"query-input":{"@type":"PropertyValueSpecification","valueRequired":true,"valueName":"search_term_string"}}],"inLanguage":"fr-FR"},{"@type":"Organization","@id":"https:\/\/hubsch-interior.com\/fr\/#organization","name":"H\u00fcbsch","url":"https:\/\/hubsch-interior.com\/fr\/","logo":{"@type":"ImageObject","inLanguage":"fr-FR","@id":"https:\/\/hubsch-interior.com\/fr\/#\/schema\/logo\/image\/","url":"https:\/\/hubsch-interior.com\/wp-content\/uploads\/2022\/12\/Hubsch_logo_black_one_line.svg","contentUrl":"https:\/\/hubsch-interior.com\/wp-content\/uploads\/2022\/12\/Hubsch_logo_black_one_line.svg","caption":"H\u00fcbsch"},"image":{"@id":"https:\/\/hubsch-interior.com\/fr\/#\/schema\/logo\/image\/"}}]}},"_links":{"self":[{"href":"https:\/\/hubsch-interior.com\/fr\/wp-json\/wp\/v2\/product\/976800","targetHints":{"allow":["GET"]}}],"collection":[{"href":"https:\/\/hubsch-interior.com\/fr\/wp-json\/wp\/v2\/product"}],"about":[{"href":"https:\/\/hubsch-interior.com\/fr\/wp-json\/wp\/v2\/types\/product"}],"wp:featuredmedia":[{"embeddable":true,"href":"https:\/\/hubsch-interior.com\/fr\/wp-json\/wp\/v2\/media\/1100464"}],"wp:attachment":[{"href":"https:\/\/hubsch-interior.com\/fr\/wp-json\/wp\/v2\/media?parent=976800"}],"wp:term":[{"taxonomy":"product_brand","embeddable":true,"href":"https:\/\/hubsch-interior.com\/fr\/wp-json\/wp\/v2\/product_brand?post=976800"},{"taxonomy":"product_cat","embeddable":true,"href":"https:\/\/hubsch-interior.com\/fr\/wp-json\/wp\/v2\/product_cat?post=976800"},{"taxonomy":"product_tag","embeddable":true,"href":"https:\/\/hubsch-interior.com\/fr\/wp-json\/wp\/v2\/product_tag?post=976800"}],"curies":[{"name":"wp","href":"https:\/\/api.w.org\/{rel}","templated":true}]}}